{"id":3556,"date":"2020-01-16T12:32:11","date_gmt":"2020-01-16T12:32:11","guid":{"rendered":"https:\/\/csl.org\/global\/acerca-de\/centros-para-la-vida-espiritual\/"},"modified":"2020-01-23T13:42:02","modified_gmt":"2020-01-23T13:42:02","slug":"centros-para-la-vida-espiritual","status":"publish","type":"page","link":"https:\/\/csl.org\/global\/acerca-de\/centros-para-la-vida-espiritual\/","title":{"rendered":"Centros para la Vida Espiritual"},"content":{"rendered":"<p><div class=\"fusion-fullwidth fullwidth-box fusion-builder-row-1 gradient-container-1 nonhundred-percent-fullwidth non-hundred-percent-height-scrolling\" style=\"--awb-border-radius-top-left:0px;--awb-border-radius-top-right:0px;--awb-border-radius-bottom-right:0px;--awb-border-radius-bottom-left:0px;--awb-background-color:#ffffff;--awb-flex-wrap:wrap;\" ><div class=\"fusion-builder-row fusion-row\"><div class=\"fusion-layout-column fusion_builder_column fusion-builder-column-0 fusion_builder_column_1_1 1_1 fusion-one-full fusion-column-first fusion-column-last fusion-animated\" style=\"--awb-padding-top:50px;--awb-padding-right:3%;--awb-padding-bottom:50px;--awb-padding-left:3%;--awb-bg-color:#ffffff;--awb-bg-color-hover:#ffffff;--awb-bg-size:cover;\" data-animationType=\"zoomIn\" data-animationDuration=\"0.3\" data-animationOffset=\"top-into-view\"><div class=\"fusion-column-wrapper fusion-column-has-shadow fusion-flex-column-wrapper-legacy\"><div class=\"fusion-text fusion-text-1\"><h1>\u00bfQui\u00e9nes son los Centros para la Vida Espiritual?<\/h1>\n<p><img fetchpriority=\"high\" decoding=\"async\" class=\"size-full wp-image-2104 alignleft\" src=\"http:\/\/csl.org\/wp-content\/uploads\/sites\/8\/2019\/05\/home-office-300x259.jpg\" alt=\"CSL Home Office\" width=\"300\" height=\"259\" srcset=\"https:\/\/csl.org\/global\/wp-content\/uploads\/sites\/8\/2019\/05\/home-office-300x259-200x173.jpg 200w, https:\/\/csl.org\/global\/wp-content\/uploads\/sites\/8\/2019\/05\/home-office-300x259.jpg 300w\" sizes=\"(max-width: 300px) 100vw, 300px\" \/>Con base en Golden, Colorado, Centers for Spiritual Living\u2122 es una comunidad global compuesta por m\u00e1s de 400 comunidades espirituales, cap\u00edtulos de ense\u00f1anza, grupos de estudio y otros ministerios en 30 pa\u00edses. Estas comunidades ense\u00f1an una filosof\u00eda de Nuevo Pensamiento que une la religi\u00f3n y la ciencia y ofrece herramientas espirituales para transformar las vidas personales y ayudar a hacer del mundo un lugar mejor. Esto se hace a trav\u00e9s del estudio y la pr\u00e1ctica de la Ciencia de la Mente y el Esp\u00edritu, tambi\u00e9n conocida como Ciencia Religiosa, que sostiene que toda la vida es sagrada, que cada ser humano es una expresi\u00f3n de Dios. Creemos en la Causa y el Efecto y ense\u00f1amos que &#8220;se hace para ti lo que crees&#8221;. En esencia, nuestro pensamiento y expectativas crean nuestra realidad. Nuestras ense\u00f1anzas incorporan la antigua sabidur\u00eda de las tradiciones espirituales a trav\u00e9s de los tiempos. Gente de todos los caminos espirituales son bienvenidos en nuestras comunidades. Ayudamos a las personas a experimentar una relaci\u00f3n personal con el creador; promovemos una comunidad de tolerancia, comprensi\u00f3n y respeto; proporcionamos clases, programas, oraci\u00f3n y meditaci\u00f3n; y abogamos por una comunidad espiritual segura de personas con ideas afines interesadas en vivir una vida espiritual.<\/p>\n<p>La Ciencia de la Mente (tambi\u00e9n conocida como Ciencia Religiosa) es la ense\u00f1anza central de los Centros para la Vida Espiritual. La Ciencia de la Mente es una filosof\u00eda que integra las verdades espirituales con la ciencia y la f\u00edsica. En pocas palabras, la Ciencia de la Mente ense\u00f1a la unidad de toda la vida. Las intenciones e ideas fluyen a trav\u00e9s de un campo de conciencia, que en realidad afecta y crea el mundo que nos rodea. Esta idea es com\u00fan a la mayor\u00eda de las grandes religiones y est\u00e1 apoyada por las ense\u00f1anzas de la psicolog\u00eda y la f\u00edsica cu\u00e1ntica. En la Ciencia de la Mente, creemos que el secreto para vivir una vida exitosa es elegir conscientemente pensamientos positivos y productivos. Dicho de otra manera, &#8220;Como piensas, as\u00ed te conviertes&#8221;.<\/p>\n<\/div><div class=\"fusion-clearfix\"><\/div><\/div><\/div><\/div><\/div><div class=\"fusion-bg-parallax\" data-bg-align=\"center center\" data-direction=\"right\" data-mute=\"false\" data-opacity=\"100\" data-velocity=\"-0.7\" data-mobile-enabled=\"true\" data-break_parents=\"0\" data-bg-image=\"http:\/\/csl.org\/wp-content\/uploads\/sites\/8\/2019\/05\/u-leg-bridge-1024x576.jpg\" data-bg-repeat=\"false\" ><\/div><div class=\"fusion-fullwidth fullwidth-box fusion-builder-row-2 fusion-parallax-right gradient-container-2 nonhundred-percent-fullwidth non-hundred-percent-height-scrolling\" style=\"--awb-border-radius-top-left:0px;--awb-border-radius-top-right:0px;--awb-border-radius-bottom-right:0px;--awb-border-radius-bottom-left:0px;--awb-background-image:url(&quot;http:\/\/csl.org\/wp-content\/uploads\/sites\/8\/2019\/05\/u-leg-bridge-1024x576.jpg&quot;);--awb-background-size:cover;--awb-flex-wrap:wrap;\" ><div class=\"fusion-builder-row fusion-row\"><div class=\"fusion-layout-column fusion_builder_column fusion-builder-column-1 fusion_builder_column_1_1 1_1 fusion-one-full fusion-column-first fusion-column-last\" style=\"--awb-padding-top:250px;--awb-padding-right:200px;--awb-padding-bottom:250px;--awb-padding-left:200px;--awb-bg-size:cover;\"><div class=\"fusion-column-wrapper fusion-column-has-shadow fusion-flex-column-wrapper-legacy\"><div class=\"fusion-clearfix\"><\/div><\/div><\/div><\/div><\/div><\/p>\n","protected":false},"excerpt":{"rendered":"","protected":false},"author":1,"featured_media":0,"parent":3554,"menu_order":33,"comment_status":"closed","ping_status":"closed","template":"100-width.php","meta":{"_exactmetrics_skip_tracking":false,"_exactmetrics_sitenote_active":false,"_exactmetrics_sitenote_note":"","_exactmetrics_sitenote_category":0,"footnotes":""},"categories":[61],"tags":[],"class_list":["post-3556","page","type-page","status-publish","hentry","category-acerca-de"],"yoast_head":"<!-- This site is optimized with the Yoast SEO plugin v23.1 - https:\/\/yoast.com\/wordpress\/plugins\/seo\/ -->\n<title>Centros para la Vida Espiritual - Global Services - Centers for Spiritual Living<\/title>\n<meta name=\"robots\" content=\"index, follow, max-snippet:-1, max-image-preview:large, max-video-preview:-1\" \/>\n<link rel=\"canonical\" href=\"https:\/\/csl.org\/global\/es\/acerca-de\/centros-para-la-vida-espiritual\/\" \/>\n<meta property=\"og:locale\" content=\"en_US\" \/>\n<meta property=\"og:type\" content=\"article\" \/>\n<meta property=\"og:title\" content=\"Centros para la Vida Espiritual - Global Services - Centers for Spiritual Living\" \/>\n<meta property=\"og:url\" content=\"https:\/\/csl.org\/global\/es\/acerca-de\/centros-para-la-vida-espiritual\/\" \/>\n<meta property=\"og:site_name\" content=\"Global Services - Centers for Spiritual Living\" \/>\n<meta property=\"article:modified_time\" content=\"2020-01-23T13:42:02+00:00\" \/>\n<meta property=\"og:image\" content=\"http:\/\/csl.org\/wp-content\/uploads\/sites\/8\/2019\/05\/home-office-300x259.jpg\" \/>\n<meta name=\"twitter:card\" content=\"summary_large_image\" \/>\n<meta name=\"twitter:label1\" content=\"Est. reading time\" \/>\n\t<meta name=\"twitter:data1\" content=\"4 minutes\" \/>\n<script type=\"application\/ld+json\" class=\"yoast-schema-graph\">{\"@context\":\"https:\/\/schema.org\",\"@graph\":[{\"@type\":\"WebPage\",\"@id\":\"https:\/\/csl.org\/global\/es\/acerca-de\/centros-para-la-vida-espiritual\/\",\"url\":\"https:\/\/csl.org\/global\/es\/acerca-de\/centros-para-la-vida-espiritual\/\",\"name\":\"Centros para la Vida Espiritual - Global Services - Centers for Spiritual Living\",\"isPartOf\":{\"@id\":\"https:\/\/csl.org\/global\/de\/#website\"},\"primaryImageOfPage\":{\"@id\":\"https:\/\/csl.org\/global\/es\/acerca-de\/centros-para-la-vida-espiritual\/#primaryimage\"},\"image\":{\"@id\":\"https:\/\/csl.org\/global\/es\/acerca-de\/centros-para-la-vida-espiritual\/#primaryimage\"},\"thumbnailUrl\":\"http:\/\/csl.org\/wp-content\/uploads\/sites\/8\/2019\/05\/home-office-300x259.jpg\",\"datePublished\":\"2020-01-16T12:32:11+00:00\",\"dateModified\":\"2020-01-23T13:42:02+00:00\",\"breadcrumb\":{\"@id\":\"https:\/\/csl.org\/global\/es\/acerca-de\/centros-para-la-vida-espiritual\/#breadcrumb\"},\"inLanguage\":\"en-US\",\"potentialAction\":[{\"@type\":\"ReadAction\",\"target\":[\"https:\/\/csl.org\/global\/es\/acerca-de\/centros-para-la-vida-espiritual\/\"]}]},{\"@type\":\"ImageObject\",\"inLanguage\":\"en-US\",\"@id\":\"https:\/\/csl.org\/global\/es\/acerca-de\/centros-para-la-vida-espiritual\/#primaryimage\",\"url\":\"http:\/\/csl.org\/wp-content\/uploads\/sites\/8\/2019\/05\/home-office-300x259.jpg\",\"contentUrl\":\"http:\/\/csl.org\/wp-content\/uploads\/sites\/8\/2019\/05\/home-office-300x259.jpg\"},{\"@type\":\"BreadcrumbList\",\"@id\":\"https:\/\/csl.org\/global\/es\/acerca-de\/centros-para-la-vida-espiritual\/#breadcrumb\",\"itemListElement\":[{\"@type\":\"ListItem\",\"position\":1,\"name\":\"ACERCA DE\",\"item\":\"https:\/\/csl.org\/global\/es\/acerca-de\/\"},{\"@type\":\"ListItem\",\"position\":2,\"name\":\"Centros para la Vida Espiritual\"}]},{\"@type\":\"WebSite\",\"@id\":\"https:\/\/csl.org\/global\/de\/#website\",\"url\":\"https:\/\/csl.org\/global\/de\/\",\"name\":\"Global Services - Centers for Spiritual Living\",\"description\":\"\",\"potentialAction\":[{\"@type\":\"SearchAction\",\"target\":{\"@type\":\"EntryPoint\",\"urlTemplate\":\"https:\/\/csl.org\/global\/de\/?s={search_term_string}\"},\"query-input\":\"required name=search_term_string\"}],\"inLanguage\":\"en-US\"}]}<\/script>\n<!-- \/ Yoast SEO plugin. -->","yoast_head_json":{"title":"Centros para la Vida Espiritual - Global Services - Centers for Spiritual Living","robots":{"index":"index","follow":"follow","max-snippet":"max-snippet:-1","max-image-preview":"max-image-preview:large","max-video-preview":"max-video-preview:-1"},"canonical":"https:\/\/csl.org\/global\/es\/acerca-de\/centros-para-la-vida-espiritual\/","og_locale":"en_US","og_type":"article","og_title":"Centros para la Vida Espiritual - Global Services - Centers for Spiritual Living","og_url":"https:\/\/csl.org\/global\/es\/acerca-de\/centros-para-la-vida-espiritual\/","og_site_name":"Global Services - Centers for Spiritual Living","article_modified_time":"2020-01-23T13:42:02+00:00","og_image":[{"url":"http:\/\/csl.org\/wp-content\/uploads\/sites\/8\/2019\/05\/home-office-300x259.jpg"}],"twitter_card":"summary_large_image","twitter_misc":{"Est. reading time":"4 minutes"},"schema":{"@context":"https:\/\/schema.org","@graph":[{"@type":"WebPage","@id":"https:\/\/csl.org\/global\/es\/acerca-de\/centros-para-la-vida-espiritual\/","url":"https:\/\/csl.org\/global\/es\/acerca-de\/centros-para-la-vida-espiritual\/","name":"Centros para la Vida Espiritual - Global Services - Centers for Spiritual Living","isPartOf":{"@id":"https:\/\/csl.org\/global\/de\/#website"},"primaryImageOfPage":{"@id":"https:\/\/csl.org\/global\/es\/acerca-de\/centros-para-la-vida-espiritual\/#primaryimage"},"image":{"@id":"https:\/\/csl.org\/global\/es\/acerca-de\/centros-para-la-vida-espiritual\/#primaryimage"},"thumbnailUrl":"http:\/\/csl.org\/wp-content\/uploads\/sites\/8\/2019\/05\/home-office-300x259.jpg","datePublished":"2020-01-16T12:32:11+00:00","dateModified":"2020-01-23T13:42:02+00:00","breadcrumb":{"@id":"https:\/\/csl.org\/global\/es\/acerca-de\/centros-para-la-vida-espiritual\/#breadcrumb"},"inLanguage":"en-US","potentialAction":[{"@type":"ReadAction","target":["https:\/\/csl.org\/global\/es\/acerca-de\/centros-para-la-vida-espiritual\/"]}]},{"@type":"ImageObject","inLanguage":"en-US","@id":"https:\/\/csl.org\/global\/es\/acerca-de\/centros-para-la-vida-espiritual\/#primaryimage","url":"http:\/\/csl.org\/wp-content\/uploads\/sites\/8\/2019\/05\/home-office-300x259.jpg","contentUrl":"http:\/\/csl.org\/wp-content\/uploads\/sites\/8\/2019\/05\/home-office-300x259.jpg"},{"@type":"BreadcrumbList","@id":"https:\/\/csl.org\/global\/es\/acerca-de\/centros-para-la-vida-espiritual\/#breadcrumb","itemListElement":[{"@type":"ListItem","position":1,"name":"ACERCA DE","item":"https:\/\/csl.org\/global\/es\/acerca-de\/"},{"@type":"ListItem","position":2,"name":"Centros para la Vida Espiritual"}]},{"@type":"WebSite","@id":"https:\/\/csl.org\/global\/de\/#website","url":"https:\/\/csl.org\/global\/de\/","name":"Global Services - Centers for Spiritual Living","description":"","potentialAction":[{"@type":"SearchAction","target":{"@type":"EntryPoint","urlTemplate":"https:\/\/csl.org\/global\/de\/?s={search_term_string}"},"query-input":"required name=search_term_string"}],"inLanguage":"en-US"}]}},"_links":{"self":[{"href":"https:\/\/csl.org\/global\/wp-json\/wp\/v2\/pages\/3556"}],"collection":[{"href":"https:\/\/csl.org\/global\/wp-json\/wp\/v2\/pages"}],"about":[{"href":"https:\/\/csl.org\/global\/wp-json\/wp\/v2\/types\/page"}],"author":[{"embeddable":true,"href":"https:\/\/csl.org\/global\/wp-json\/wp\/v2\/users\/1"}],"replies":[{"embeddable":true,"href":"https:\/\/csl.org\/global\/wp-json\/wp\/v2\/comments?post=3556"}],"version-history":[{"count":3,"href":"https:\/\/csl.org\/global\/wp-json\/wp\/v2\/pages\/3556\/revisions"}],"predecessor-version":[{"id":3564,"href":"https:\/\/csl.org\/global\/wp-json\/wp\/v2\/pages\/3556\/revisions\/3564"}],"up":[{"embeddable":true,"href":"https:\/\/csl.org\/global\/wp-json\/wp\/v2\/pages\/3554"}],"wp:attachment":[{"href":"https:\/\/csl.org\/global\/wp-json\/wp\/v2\/media?parent=3556"}],"wp:term":[{"taxonomy":"category","embeddable":true,"href":"https:\/\/csl.org\/global\/wp-json\/wp\/v2\/categories?post=3556"},{"taxonomy":"post_tag","embeddable":true,"href":"https:\/\/csl.org\/global\/wp-json\/wp\/v2\/tags?post=3556"}],"curies":[{"name":"wp","href":"https:\/\/api.w.org\/{rel}","templated":true}]}}