{"id":3680,"date":"2020-01-20T12:28:12","date_gmt":"2020-01-20T12:28:12","guid":{"rendered":"https:\/\/csl.org\/global\/acerca-de\/servicios-globales\/equipo-de-apoyo-informacion-adicional\/"},"modified":"2020-09-09T08:34:15","modified_gmt":"2020-09-09T08:34:15","slug":"equipo-de-apoyo-informacion-adicional","status":"publish","type":"page","link":"https:\/\/csl.org\/global\/acerca-de\/servicios-globales\/equipo-de-apoyo-informacion-adicional\/","title":{"rendered":"Equipo de apoyo &#8211; Informaci\u00f3n adicional"},"content":{"rendered":"<p><div class=\"fusion-fullwidth fullwidth-box fusion-builder-row-1 gradient-container-1 nonhundred-percent-fullwidth non-hundred-percent-height-scrolling\" style=\"--awb-border-radius-top-left:0px;--awb-border-radius-top-right:0px;--awb-border-radius-bottom-right:0px;--awb-border-radius-bottom-left:0px;--awb-flex-wrap:wrap;\" ><div class=\"fusion-builder-row fusion-row\"><div class=\"fusion-layout-column fusion_builder_column fusion-builder-column-0 fusion_builder_column_1_1 1_1 fusion-one-full fusion-column-first fusion-column-last fusion-animated\" style=\"--awb-padding-top:50px;--awb-padding-right:3%;--awb-padding-bottom:50px;--awb-padding-left:3%;--awb-bg-size:cover;\" data-animationType=\"zoomIn\" data-animationDuration=\"0.3\" data-animationOffset=\"top-into-view\"><div class=\"fusion-column-wrapper fusion-column-has-shadow fusion-flex-column-wrapper-legacy\"><div class=\"fusion-text fusion-text-1\"><h1>Equipo de apoyo &#8211; Informaci\u00f3n adicional<\/h1>\n<h2>Rev. Martha Quintana, Coordinadora de Servicios Globales de CSL<\/h2>\n<p>Bio Coming soon<strong><img decoding=\"async\" class=\"wp-image-8980 alignleft\" src=\"http:\/\/csl.org\/wp-content\/uploads\/sites\/8\/2020\/09\/Rev-Martha-Quintana-sm.jpg\" alt=\"\" width=\"100\" height=\"117\" \/><\/strong><strong>\u2026<\/strong><\/p>\n<p>&nbsp;<\/p>\n<p>&nbsp;<\/p>\n<p>&nbsp;<\/p>\n<h2>Rev Pattie Mercado, Presidente<\/h2>\n<p><img decoding=\"async\" class=\"alignleft wp-image-2154\" src=\"http:\/\/csl.org\/wp-content\/uploads\/sites\/8\/2019\/05\/Rev-Pattie-Mercado.jpg\" alt=\"Rev Pattie Mercado\" width=\"100\" height=\"128\" \/>La reverenda Pattie se llama a s\u00ed misma &#8220;estudiante de la vida&#8221; y ha pasado casi 30 a\u00f1os transmitiendo esta vivacidad, inter\u00e9s y participaci\u00f3n a los &#8220;ni\u00f1os&#8221;. El Director de la Juventud y Asistente del Ministro en CSL Capistrano Valley, San Clemente, EE.UU., Rev. Pattie ha estado inculcando esta chispa en la Juventud. Ella, su esposo, y sus hijos ya adultos han estado involucrados en las ense\u00f1anzas (y vidas) de CSL desde 1986. La Rvda. Pattie complet\u00f3 su licencia en 2011 y recibi\u00f3 la Ordenaci\u00f3n en 2014. La vitalidad y el compromiso con la juventud del planeta aportan un enfoque muy apreciado al Equipo Central de los Servicios Globales, y un profundo deseo de guiar a las generaciones futuras a abrazar la verdadera universalidad de Somos Uno.<\/p>\n<p>&nbsp;<\/p>\n<h2>Rev., RScP, MS, MCS &#8211; Vice-Presidente del Comit\u00e9 de Servicios Globales de la CSL, Educaci\u00f3n, Meditaci\u00f3n Colectiva del Coraz\u00f3n de la Paz de la CSL<\/h2>\n<h2><img decoding=\"async\" class=\"wp-image-3268 alignleft\" src=\"http:\/\/csl.org\/wp-content\/uploads\/sites\/8\/2019\/07\/Rev.-Guenter-Maier-200x289.jpg\" alt=\"\" width=\"100\" height=\"144\" srcset=\"https:\/\/csl.org\/global\/wp-content\/uploads\/sites\/8\/2019\/07\/Rev.-Guenter-Maier-200x289.jpg 200w, https:\/\/csl.org\/global\/wp-content\/uploads\/sites\/8\/2019\/07\/Rev.-Guenter-Maier-208x300.jpg 208w, https:\/\/csl.org\/global\/wp-content\/uploads\/sites\/8\/2019\/07\/Rev.-Guenter-Maier.jpg 340w\" sizes=\"(max-width: 100px) 100vw, 100px\" \/><\/h2>\n<p>El Rvdo. Guenter vive en Bucarest, Rumania. Creci\u00f3 en el sur de Alemania y ha adquirido mucha experiencia internacional a trav\u00e9s de m\u00e1s de tres d\u00e9cadas de trabajo como economista, consultor, asesor comercial, corresponsal de negocios y escritor en cuatro continentes &#8211; en Europa, \u00c1frica del Norte, Sudeste Asi\u00e1tico y Am\u00e9rica del Norte. Guenter es un ministro licenciado de la CSL y ministro asociado afiliado al Centro para la Vida Espiritual en Washington DC. Guenter se gradu\u00f3 del Instituto Holmes, Regi\u00f3n de Denver, en 2018. Le encanta la ense\u00f1anza de la Ciencia de la Mente y la espiritualidad y filosof\u00eda del Nuevo Pensamiento, tiene un fuerte inter\u00e9s en la filosof\u00eda, la psicolog\u00eda espiritual, la consejer\u00eda, el entrenamiento, los idiomas, la fotograf\u00eda y el arte. Correo Electr\u00f3nico: <a href=\"&#109;&#x61;&#105;&#x6c;&#116;&#x6f;:&#x72;e&#118;&#x67;&#117;&#x65;&#110;&#x74;e&#x72;&#64;&#103;&#x6d;&#97;&#x69;&#108;&#x2e;&#99;&#x6f;m\">&#114;e&#x76;g&#x75;e&#x6e;t&#x65;&#114;&#x40;&#103;&#x6d;&#97;&#x69;&#108;&#46;&#99;o&#x6d;<\/a><\/p>\n<p>&nbsp;<\/p>\n<h2>Rev Alex Escudero\u00a0<\/h2>\n<p><img loading=\"lazy\" decoding=\"async\" class=\"alignleft wp-image-2177\" src=\"http:\/\/csl.org\/wp-content\/uploads\/sites\/8\/2019\/05\/Rev.-Alex-Escudero.jpg\" alt=\"Rev. Alex Escudero\" width=\"100\" height=\"97\" \/>De madre colombiana y padre estadounidense, el reverendo Alex Escudero creci\u00f3 en ambos pa\u00edses. Con esta diversidad como parte de su n\u00facleo, Rev. Alex naturalmente gravit\u00f3 a trabajar para las Naciones Unidas y sirvi\u00f3 en \u00c1frica, Am\u00e9rica Central y Am\u00e9rica del Sur. Residente de larga data del \u00e1rea de Washington D.C., practicante desde 1999 antes de recibir la licencia ministerial, el Rvdo. Alex fund\u00f3 el Centro de Vida Espiritual DC, EE.UU., es oficial de la Comisi\u00f3n de Diversidad del Centro de Vida Espiritual, y trabaja con el Comit\u00e9 de Planificaci\u00f3n de la Conferencia Anual de Nuevo Pensamiento en M\u00e9xico. Ella es un miembro bien viajado y bienvenido de nuestro Equipo Central de Servicios Globales.<\/p>\n<p>&nbsp;<\/p>\n<h2>Rev Beth Linguri<\/h2>\n<p><img loading=\"lazy\" decoding=\"async\" class=\"alignleft wp-image-2147\" src=\"http:\/\/csl.org\/wp-content\/uploads\/sites\/8\/2019\/05\/bethlinguri.jpg\" alt=\"beth linguri\" width=\"100\" height=\"106\" srcset=\"https:\/\/csl.org\/global\/wp-content\/uploads\/sites\/8\/2019\/05\/bethlinguri-200x212.jpg 200w, https:\/\/csl.org\/global\/wp-content\/uploads\/sites\/8\/2019\/05\/bethlinguri-282x300.jpg 282w, https:\/\/csl.org\/global\/wp-content\/uploads\/sites\/8\/2019\/05\/bethlinguri.jpg 370w\" sizes=\"(max-width: 100px) 100vw, 100px\" \/>La Rev. Beth Linguri es la Directora Espiritual del Centro Internacional para la Vida Espiritual, una asociaci\u00f3n ubicada en Ginebra, Suiza. Ella fund\u00f3 el Centro para la Paz de Ginebra, un Cap\u00edtulo de Ense\u00f1anza de CSL, en el 2011 y este se ha convertido en el Centro actual. Ella fund\u00f3 la Conferencia Internacional Nuevo Pensamiento, Despertar de la Conciencia de la Vida Espiritual que tuvo lugar en el Chateau de Bossey, en las afueras de Ginebra en el 2011, y ha estado apoyando este evento anualmente hasta agosto del 2015, cuando celebr\u00f3 el 5\u00ba aniversario. La siguiente declaraci\u00f3n de la Visi\u00f3n Global del Coraz\u00f3n me inspir\u00f3 a buscar una carrera en el ministerio. Vemos un mundo en el que la comuni\u00f3n con toda la vida prospera y se conecta a trav\u00e9s de la gu\u00eda de la sabidur\u00eda y la experiencia espiritual. Es mi intenci\u00f3n desarrollar y hacer crecer una comunidad espiritual para la comunidad internacional en Ginebra que est\u00e1 comprometida con el trabajo humanitario en todo el mundo. S\u00e9 que esta ense\u00f1anza transforma los corazones y las mentes de las personas y puede hacer crecer el coraz\u00f3n global para equilibrar el cerebro global. Hay un nuevo mundo que est\u00e1 emergiendo en la conciencia de la gente de todo el mundo y tengo la intenci\u00f3n de dedicar mi vida a vivir y ense\u00f1ar esta verdad. Actualmente Beth est\u00e1 apoyando a los Servicios Globales, &#8220;Iniciativa Olas de Paz&#8221; que trabaja a trav\u00e9s del poder de la oraci\u00f3n, para elevar la conciencia de la humanidad a los principios de amor, belleza, verdad, alegr\u00eda y libertad, nuestro derecho divino de nacimiento, con la intenci\u00f3n de que todos los seres en todas partes tengan acceso a esa Verdad y vivan en libertad y paz.<\/p>\n<p>&nbsp;<\/p>\n<h2>Beverly Jacobson-Schler, RScP<\/h2>\n<p><img loading=\"lazy\" decoding=\"async\" class=\"alignleft wp-image-2148\" src=\"http:\/\/csl.org\/wp-content\/uploads\/sites\/8\/2019\/05\/Beverly_Jacobson-Schler.jpg\" alt=\"Beverly Jacobson Schler\" width=\"100\" height=\"124\" srcset=\"https:\/\/csl.org\/global\/wp-content\/uploads\/sites\/8\/2019\/05\/Beverly_Jacobson-Schler-200x248.jpg 200w, https:\/\/csl.org\/global\/wp-content\/uploads\/sites\/8\/2019\/05\/Beverly_Jacobson-Schler.jpg 213w\" sizes=\"(max-width: 100px) 100vw, 100px\" \/><\/p>\n<p>Es un productor multimedia que viaja por todo el mundo y que ha vivido tanto a nivel internacional como en los Estados Unidos.<br \/>\nFue introducida por primera vez a la Ciencia Religiosa en 1986 estudiando con Raymond Charles Barker en la ciudad de Nueva York, y actualmente sirve como practicante en la Iglesia de Ciencia Religiosa Mile Hi en Denver Colorado.<\/p>\n<p>Beverly tiene en su haber muchos y diversos proyectos globales en los \u00faltimos a\u00f1os, incluyendo la coproducci\u00f3n de un programa de radio para j\u00f3venes con base en Australia &#8211; &#8220;Nuestra Tierra &#8211; Nuestro Futuro&#8221;.<\/p>\n<p>Desarroll\u00f3 una serie de transmisiones internacionales por Internet titulada &#8220;Una Revoluci\u00f3n de la Conciencia&#8221;, que se transmiti\u00f3 en vivo desde el Centro de Vida Espiritual de Santa Fe. Beverly fue co-anfitriona de la serie con el Rev. Bernardo Monserrat. Entre los invitados se encontraban el autor m\u00e1s vendido del New York Times, Gregg Braden, Wayne Mueller y el Centro Metta para la No-Violencia de San Francisco.<\/p>\n<p>Sus cortometrajes documentales la han llevado a La Habana, Cuba, y a Villcabamba, Ecuador.<\/p>\n<p>Ha servido como &#8220;Media Maven&#8221; para la Iniciativa de la Alianza Pachamama de Lynn Twist &#8220;Four Years&#8217; Go&#8221;, y es una actual colaboradora de los medios de comunicaci\u00f3n para la revista Science of Mind.<\/p>\n<p>La visi\u00f3n de Beverly es contribuir con sus talentos y su amor por otras culturas a Global Outreach y al Comit\u00e9.<\/p>\n<p>&nbsp;<\/p>\n<h2>Rev Gerd Pontow<\/h2>\n<p><img loading=\"lazy\" decoding=\"async\" class=\"alignleft wp-image-3237\" src=\"http:\/\/csl.org\/wp-content\/uploads\/sites\/8\/2019\/06\/Rev.-Gerd-Pontow-200x257.jpg\" alt=\"\" width=\"100\" height=\"129\" srcset=\"https:\/\/csl.org\/global\/wp-content\/uploads\/sites\/8\/2019\/06\/Rev.-Gerd-Pontow-200x257.jpg 200w, https:\/\/csl.org\/global\/wp-content\/uploads\/sites\/8\/2019\/06\/Rev.-Gerd-Pontow-233x300.jpg 233w, https:\/\/csl.org\/global\/wp-content\/uploads\/sites\/8\/2019\/06\/Rev.-Gerd-Pontow.jpg 307w\" sizes=\"(max-width: 100px) 100vw, 100px\" \/><\/p>\n<p>El Rvdo. Gerd naci\u00f3 y se cri\u00f3 en Alemania; obtuvo el t\u00edtulo de BCom (Econom\u00eda y Pedagog\u00eda) en la Universidad Libre de Berl\u00edn en 1969; emigr\u00f3 a Sud\u00e1frica en 1970.<\/p>\n<p>Creciendo en la Alemania de la posguerra, se encontr\u00f3 con la idea de la &#8220;Ciudadan\u00eda Global&#8221;, una idea de conexi\u00f3n con todos los seres en todas partes que le intrig\u00f3 inmensamente y le influy\u00f3 fuertemente para comenzar su viaje hacia la espiritualidad. El viaje espiritual fue un largo y sinuoso camino a trav\u00e9s de muchas ense\u00f1anzas, hasta que finalmente se encontr\u00f3 con las Ense\u00f1anzas de la Ciencia de la Mente de Ernest Holmes en 2001. Se sinti\u00f3 inmediatamente &#8220;en casa&#8221; con esta ense\u00f1anza y comenz\u00f3 a estudiar con entusiasmo bajo la tutela de la Rvda. Stephanie Clarke en Johannesburgo\/Sud\u00e1frica. Se gradu\u00f3 como practicante de Ciencias Religiosas en 2005 y, poco despu\u00e9s, se convirti\u00f3 en el Director Espiritual del &#8220;Soul Home Teaching Centre for Spiritual Living&#8221; en Johannesburgo. En el 2016 el Rev. Gerd calific\u00f3 como Ministro de Nuevos Pensamientos despu\u00e9s de completar exitosamente su curso en Estudios de Conciencia con la Escuela de Liderazgo Espiritual de Centros para la Vida Espiritual\/EEUU.<\/p>\n<p>El Rvdo. Gerd es un apasionado de la ense\u00f1anza de clases de SOM y ha ense\u00f1ado muchas clases acreditadas, incluyendo el Entrenamiento de Profesionales. Recientemente comenz\u00f3 a ense\u00f1ar clases en l\u00ednea.<\/p>\n<p>Le gusta dar charlas en las Reuniones Sagradas de los Domingos en Soul Home y en otras organizaciones espirituales. Tambi\u00e9n sirve como consejero espiritual profesional.<\/p>\n<p>Gerd se considera un eterno estudiante y siempre encuentra nuevas ense\u00f1anzas espirituales &#8211; principalmente en la tradici\u00f3n del Nuevo Pensamiento\/Sabidur\u00eda Antigua que vale la pena explorar y aplicar.<\/p>\n<p>&nbsp;<\/p>\n<h2>Geoffrey Smith; Practicante de Ciencia Religiosa, Estudiante Ministerial.<\/h2>\n<p><img loading=\"lazy\" decoding=\"async\" class=\"alignleft wp-image-3272\" src=\"http:\/\/csl.org\/wp-content\/uploads\/sites\/8\/2019\/07\/Geoffrey-Smith-200x247.jpg\" alt=\"\" width=\"100\" height=\"124\" srcset=\"https:\/\/csl.org\/global\/wp-content\/uploads\/sites\/8\/2019\/07\/Geoffrey-Smith-200x247.jpg 200w, https:\/\/csl.org\/global\/wp-content\/uploads\/sites\/8\/2019\/07\/Geoffrey-Smith-243x300.jpg 243w, https:\/\/csl.org\/global\/wp-content\/uploads\/sites\/8\/2019\/07\/Geoffrey-Smith-400x494.jpg 400w, https:\/\/csl.org\/global\/wp-content\/uploads\/sites\/8\/2019\/07\/Geoffrey-Smith.jpg 446w\" sizes=\"(max-width: 100px) 100vw, 100px\" \/>He estado estudiando metaf\u00edsica por m\u00e1s de 30 a\u00f1os, comenzando en la Iglesia Espiritualista de Brisbane, bajo el Rev. Frank Bruce. Luego segu\u00ed la inspiraci\u00f3n del Esp\u00edritu que me llev\u00f3 a la filosof\u00eda de la Ciencia de la Mente. Tuve el privilegio de estudiar con el Rev. Richard Imprescia, en Austin, Texas, donde obtuve mi licencia de practicante. Actualmente estoy matriculada en el Campus de Florida del Instituto Holmes en el Grado de Estudios de la Conciencia, y se espera que me grad\u00fae en 2019. Soy un Profesional de Alcance, con residencia en Sydney, Australia.<\/p>\n<p>Mi vida me ha servido bien, el acceso al conocimiento, me ha ayudado a despertar a percepciones m\u00e1s profundas de los principios universales, y la verdad eterna. Mi intenci\u00f3n es ofrecer el mismo acceso a otros, a trav\u00e9s de la educaci\u00f3n. Los Centros para la Vida Espiritual se han convertido en una extensi\u00f3n de mi familia, una comunidad espiritual de individuos sobresalientes que han estado dispuestos a compartir su tiempo, talentos y sabidur\u00eda. Sirvo en el Comit\u00e9 de Servicios Globales de los Centros para la Vida Espiritual, con la intenci\u00f3n de ayudar a crecer el Nuevo Pensamiento Globalmente.<\/p>\n<p>Participo en sesiones de meditaci\u00f3n regulares, teniendo experiencia en la facilitaci\u00f3n de c\u00edrculos de meditaci\u00f3n tanto f\u00edsica como virtualmente, llevando a cabo una meditaci\u00f3n de Coraz\u00f3n de Paz cada semana en vivo en el Zoom. Tambi\u00e9n me apasiona la enfermer\u00eda, principalmente proporcionando un ambiente de amor y cari\u00f1o para aquellos que requieren asistencia. Tengo varios certificados de enfermer\u00eda, en enfermer\u00eda de cuidados agudos y cuidados para ancianos, as\u00ed como un certificado de primeros auxilios para la salud mental. Tengo una Medalla de Bronce en Salvamento de Vida en el Surf y disfruto del ejercicio, correr y el entrenamiento en el gimnasio.<\/p>\n<p>Me encanta abrirme a la inspiraci\u00f3n de la creatividad, permitiendo que la energ\u00eda art\u00edstica fluya a trav\u00e9s de m\u00ed, tengo intereses en el dise\u00f1o de interiores, el arte gr\u00e1fico y la reutilizaci\u00f3n de recursos \u00fatiles. Veo el impulso hacia adelante como la clave para un viaje exitoso.<\/p>\n<\/div><div class=\"fusion-clearfix\"><\/div><\/div><\/div><\/div><\/div><div class=\"fusion-fullwidth fullwidth-box fusion-builder-row-2 fusion-parallax-fixed gradient-container-2 nonhundred-percent-fullwidth non-hundred-percent-height-scrolling\" style=\"--awb-border-sizes-top:0px;--awb-border-sizes-bottom:0px;--awb-border-sizes-left:0px;--awb-border-sizes-right:0px;--awb-border-color:#ff9800;--awb-border-style:dashed;--awb-border-radius-top-left:0px;--awb-border-radius-top-right:0px;--awb-border-radius-bottom-right:0px;--awb-border-radius-bottom-left:0px;--awb-background-image:url(&quot;http:\/\/csl.org\/wp-content\/uploads\/sites\/8\/2019\/05\/team-spirit-support-1024x829.jpg&quot;);--awb-background-size:cover;--awb-flex-wrap:wrap;background-attachment:fixed;\" ><div class=\"fusion-builder-row fusion-row\"><div class=\"fusion-layout-column fusion_builder_column fusion-builder-column-1 fusion_builder_column_1_1 1_1 fusion-one-full fusion-column-first fusion-column-last fusion-column-inner-bg-wrapper\" style=\"--awb-padding-top:250px;--awb-padding-right:100px;--awb-padding-bottom:250px;--awb-padding-left:100px;--awb-inner-bg-size:cover;--awb-border-color:#ff9800;--awb-border-top:0;--awb-border-right:0;--awb-border-bottom:0;--awb-border-left:0;--awb-border-style:solid;\"><span class=\"fusion-column-inner-bg hover-type-zoomin\"><span class=\"fusion-column-anchor\"><span class=\"fusion-column-inner-bg-image\"><\/span><\/span><\/span><div class=\"fusion-column-wrapper fusion-column-has-shadow fusion-flex-column-wrapper-legacy\"><div class=\"fusion-clearfix\"><\/div><\/div><\/div><\/div><\/div><\/p>\n","protected":false},"excerpt":{"rendered":"","protected":false},"author":1,"featured_media":0,"parent":3568,"menu_order":284,"comment_status":"closed","ping_status":"closed","template":"100-width.php","meta":{"_exactmetrics_skip_tracking":false,"_exactmetrics_sitenote_active":false,"_exactmetrics_sitenote_note":"","_exactmetrics_sitenote_category":0,"footnotes":""},"categories":[61],"tags":[],"class_list":["post-3680","page","type-page","status-publish","hentry","category-acerca-de"],"yoast_head":"<!-- This site is optimized with the Yoast SEO plugin v23.1 - https:\/\/yoast.com\/wordpress\/plugins\/seo\/ -->\n<title>Equipo de apoyo - Informaci\u00f3n adicional - Global Services - Centers for Spiritual Living<\/title>\n<meta name=\"robots\" content=\"index, follow, max-snippet:-1, max-image-preview:large, max-video-preview:-1\" \/>\n<link rel=\"canonical\" href=\"https:\/\/csl.org\/global\/es\/acerca-de\/servicios-globales\/equipo-de-apoyo-informacion-adicional\/\" \/>\n<meta property=\"og:locale\" content=\"en_US\" \/>\n<meta property=\"og:type\" content=\"article\" \/>\n<meta property=\"og:title\" content=\"Equipo de apoyo - Informaci\u00f3n adicional - Global Services - Centers for Spiritual Living\" \/>\n<meta property=\"og:url\" content=\"https:\/\/csl.org\/global\/es\/acerca-de\/servicios-globales\/equipo-de-apoyo-informacion-adicional\/\" \/>\n<meta property=\"og:site_name\" content=\"Global Services - Centers for Spiritual Living\" \/>\n<meta property=\"article:modified_time\" content=\"2020-09-09T08:34:15+00:00\" \/>\n<meta property=\"og:image\" content=\"http:\/\/csl.org\/wp-content\/uploads\/sites\/8\/2020\/09\/Rev-Martha-Quintana-sm.jpg\" \/>\n<meta name=\"twitter:card\" content=\"summary_large_image\" \/>\n<meta name=\"twitter:label1\" content=\"Est. reading time\" \/>\n\t<meta name=\"twitter:data1\" content=\"11 minutes\" \/>\n<script type=\"application\/ld+json\" class=\"yoast-schema-graph\">{\"@context\":\"https:\/\/schema.org\",\"@graph\":[{\"@type\":\"WebPage\",\"@id\":\"https:\/\/csl.org\/global\/es\/acerca-de\/servicios-globales\/equipo-de-apoyo-informacion-adicional\/\",\"url\":\"https:\/\/csl.org\/global\/es\/acerca-de\/servicios-globales\/equipo-de-apoyo-informacion-adicional\/\",\"name\":\"Equipo de apoyo - Informaci\u00f3n adicional - Global Services - Centers for Spiritual Living\",\"isPartOf\":{\"@id\":\"https:\/\/csl.org\/global\/de\/#website\"},\"primaryImageOfPage\":{\"@id\":\"https:\/\/csl.org\/global\/es\/acerca-de\/servicios-globales\/equipo-de-apoyo-informacion-adicional\/#primaryimage\"},\"image\":{\"@id\":\"https:\/\/csl.org\/global\/es\/acerca-de\/servicios-globales\/equipo-de-apoyo-informacion-adicional\/#primaryimage\"},\"thumbnailUrl\":\"http:\/\/csl.org\/wp-content\/uploads\/sites\/8\/2020\/09\/Rev-Martha-Quintana-sm.jpg\",\"datePublished\":\"2020-01-20T12:28:12+00:00\",\"dateModified\":\"2020-09-09T08:34:15+00:00\",\"breadcrumb\":{\"@id\":\"https:\/\/csl.org\/global\/es\/acerca-de\/servicios-globales\/equipo-de-apoyo-informacion-adicional\/#breadcrumb\"},\"inLanguage\":\"en-US\",\"potentialAction\":[{\"@type\":\"ReadAction\",\"target\":[\"https:\/\/csl.org\/global\/es\/acerca-de\/servicios-globales\/equipo-de-apoyo-informacion-adicional\/\"]}]},{\"@type\":\"ImageObject\",\"inLanguage\":\"en-US\",\"@id\":\"https:\/\/csl.org\/global\/es\/acerca-de\/servicios-globales\/equipo-de-apoyo-informacion-adicional\/#primaryimage\",\"url\":\"http:\/\/csl.org\/wp-content\/uploads\/sites\/8\/2020\/09\/Rev-Martha-Quintana-sm.jpg\",\"contentUrl\":\"http:\/\/csl.org\/wp-content\/uploads\/sites\/8\/2020\/09\/Rev-Martha-Quintana-sm.jpg\"},{\"@type\":\"BreadcrumbList\",\"@id\":\"https:\/\/csl.org\/global\/es\/acerca-de\/servicios-globales\/equipo-de-apoyo-informacion-adicional\/#breadcrumb\",\"itemListElement\":[{\"@type\":\"ListItem\",\"position\":1,\"name\":\"ACERCA DE\",\"item\":\"https:\/\/csl.org\/global\/es\/acerca-de\/\"},{\"@type\":\"ListItem\",\"position\":2,\"name\":\"Servicios Globales\",\"item\":\"https:\/\/csl.org\/global\/es\/acerca-de\/servicios-globales\/\"},{\"@type\":\"ListItem\",\"position\":3,\"name\":\"Equipo de apoyo &#8211; Informaci\u00f3n adicional\"}]},{\"@type\":\"WebSite\",\"@id\":\"https:\/\/csl.org\/global\/de\/#website\",\"url\":\"https:\/\/csl.org\/global\/de\/\",\"name\":\"Global Services - Centers for Spiritual Living\",\"description\":\"\",\"potentialAction\":[{\"@type\":\"SearchAction\",\"target\":{\"@type\":\"EntryPoint\",\"urlTemplate\":\"https:\/\/csl.org\/global\/de\/?s={search_term_string}\"},\"query-input\":\"required name=search_term_string\"}],\"inLanguage\":\"en-US\"}]}<\/script>\n<!-- \/ Yoast SEO plugin. -->","yoast_head_json":{"title":"Equipo de apoyo - Informaci\u00f3n adicional - Global Services - Centers for Spiritual Living","robots":{"index":"index","follow":"follow","max-snippet":"max-snippet:-1","max-image-preview":"max-image-preview:large","max-video-preview":"max-video-preview:-1"},"canonical":"https:\/\/csl.org\/global\/es\/acerca-de\/servicios-globales\/equipo-de-apoyo-informacion-adicional\/","og_locale":"en_US","og_type":"article","og_title":"Equipo de apoyo - Informaci\u00f3n adicional - Global Services - Centers for Spiritual Living","og_url":"https:\/\/csl.org\/global\/es\/acerca-de\/servicios-globales\/equipo-de-apoyo-informacion-adicional\/","og_site_name":"Global Services - Centers for Spiritual Living","article_modified_time":"2020-09-09T08:34:15+00:00","og_image":[{"url":"http:\/\/csl.org\/wp-content\/uploads\/sites\/8\/2020\/09\/Rev-Martha-Quintana-sm.jpg"}],"twitter_card":"summary_large_image","twitter_misc":{"Est. reading time":"11 minutes"},"schema":{"@context":"https:\/\/schema.org","@graph":[{"@type":"WebPage","@id":"https:\/\/csl.org\/global\/es\/acerca-de\/servicios-globales\/equipo-de-apoyo-informacion-adicional\/","url":"https:\/\/csl.org\/global\/es\/acerca-de\/servicios-globales\/equipo-de-apoyo-informacion-adicional\/","name":"Equipo de apoyo - Informaci\u00f3n adicional - Global Services - Centers for Spiritual Living","isPartOf":{"@id":"https:\/\/csl.org\/global\/de\/#website"},"primaryImageOfPage":{"@id":"https:\/\/csl.org\/global\/es\/acerca-de\/servicios-globales\/equipo-de-apoyo-informacion-adicional\/#primaryimage"},"image":{"@id":"https:\/\/csl.org\/global\/es\/acerca-de\/servicios-globales\/equipo-de-apoyo-informacion-adicional\/#primaryimage"},"thumbnailUrl":"http:\/\/csl.org\/wp-content\/uploads\/sites\/8\/2020\/09\/Rev-Martha-Quintana-sm.jpg","datePublished":"2020-01-20T12:28:12+00:00","dateModified":"2020-09-09T08:34:15+00:00","breadcrumb":{"@id":"https:\/\/csl.org\/global\/es\/acerca-de\/servicios-globales\/equipo-de-apoyo-informacion-adicional\/#breadcrumb"},"inLanguage":"en-US","potentialAction":[{"@type":"ReadAction","target":["https:\/\/csl.org\/global\/es\/acerca-de\/servicios-globales\/equipo-de-apoyo-informacion-adicional\/"]}]},{"@type":"ImageObject","inLanguage":"en-US","@id":"https:\/\/csl.org\/global\/es\/acerca-de\/servicios-globales\/equipo-de-apoyo-informacion-adicional\/#primaryimage","url":"http:\/\/csl.org\/wp-content\/uploads\/sites\/8\/2020\/09\/Rev-Martha-Quintana-sm.jpg","contentUrl":"http:\/\/csl.org\/wp-content\/uploads\/sites\/8\/2020\/09\/Rev-Martha-Quintana-sm.jpg"},{"@type":"BreadcrumbList","@id":"https:\/\/csl.org\/global\/es\/acerca-de\/servicios-globales\/equipo-de-apoyo-informacion-adicional\/#breadcrumb","itemListElement":[{"@type":"ListItem","position":1,"name":"ACERCA DE","item":"https:\/\/csl.org\/global\/es\/acerca-de\/"},{"@type":"ListItem","position":2,"name":"Servicios Globales","item":"https:\/\/csl.org\/global\/es\/acerca-de\/servicios-globales\/"},{"@type":"ListItem","position":3,"name":"Equipo de apoyo &#8211; Informaci\u00f3n adicional"}]},{"@type":"WebSite","@id":"https:\/\/csl.org\/global\/de\/#website","url":"https:\/\/csl.org\/global\/de\/","name":"Global Services - Centers for Spiritual Living","description":"","potentialAction":[{"@type":"SearchAction","target":{"@type":"EntryPoint","urlTemplate":"https:\/\/csl.org\/global\/de\/?s={search_term_string}"},"query-input":"required name=search_term_string"}],"inLanguage":"en-US"}]}},"_links":{"self":[{"href":"https:\/\/csl.org\/global\/wp-json\/wp\/v2\/pages\/3680"}],"collection":[{"href":"https:\/\/csl.org\/global\/wp-json\/wp\/v2\/pages"}],"about":[{"href":"https:\/\/csl.org\/global\/wp-json\/wp\/v2\/types\/page"}],"author":[{"embeddable":true,"href":"https:\/\/csl.org\/global\/wp-json\/wp\/v2\/users\/1"}],"replies":[{"embeddable":true,"href":"https:\/\/csl.org\/global\/wp-json\/wp\/v2\/comments?post=3680"}],"version-history":[{"count":5,"href":"https:\/\/csl.org\/global\/wp-json\/wp\/v2\/pages\/3680\/revisions"}],"predecessor-version":[{"id":8998,"href":"https:\/\/csl.org\/global\/wp-json\/wp\/v2\/pages\/3680\/revisions\/8998"}],"up":[{"embeddable":true,"href":"https:\/\/csl.org\/global\/wp-json\/wp\/v2\/pages\/3568"}],"wp:attachment":[{"href":"https:\/\/csl.org\/global\/wp-json\/wp\/v2\/media?parent=3680"}],"wp:term":[{"taxonomy":"category","embeddable":true,"href":"https:\/\/csl.org\/global\/wp-json\/wp\/v2\/categories?post=3680"},{"taxonomy":"post_tag","embeddable":true,"href":"https:\/\/csl.org\/global\/wp-json\/wp\/v2\/tags?post=3680"}],"curies":[{"name":"wp","href":"https:\/\/api.w.org\/{rel}","templated":true}]}}