{"id":3787,"date":"2020-01-20T14:25:17","date_gmt":"2020-01-20T14:25:17","guid":{"rendered":"https:\/\/csl.org\/global\/recursos\/creacion-de-un-grupo-de-ciencia-de-la-mente\/"},"modified":"2020-09-04T13:58:32","modified_gmt":"2020-09-04T13:58:32","slug":"creacion-de-un-grupo-de-ciencia-de-la-mente","status":"publish","type":"page","link":"https:\/\/csl.org\/global\/recursos\/creacion-de-un-grupo-de-ciencia-de-la-mente\/","title":{"rendered":"Creaci\u00f3n de un grupo de Ciencia de la Mente"},"content":{"rendered":"<p><div class=\"fusion-fullwidth fullwidth-box fusion-builder-row-1 gradient-container-1 nonhundred-percent-fullwidth non-hundred-percent-height-scrolling\" style=\"--awb-border-radius-top-left:0px;--awb-border-radius-top-right:0px;--awb-border-radius-bottom-right:0px;--awb-border-radius-bottom-left:0px;--awb-background-color:#ffffff;--awb-flex-wrap:wrap;\" ><div class=\"fusion-builder-row fusion-row\"><div class=\"fusion-layout-column fusion_builder_column fusion-builder-column-0 fusion_builder_column_1_1 1_1 fusion-one-full fusion-column-first fusion-column-last fusion-animated\" style=\"--awb-padding-top:50px;--awb-padding-right:3%;--awb-padding-bottom:50px;--awb-padding-left:3%;--awb-bg-color:#ffffff;--awb-bg-color-hover:#ffffff;--awb-bg-size:cover;\" data-animationType=\"fadeInLeft\" data-animationDuration=\"0.3\" data-animationOffset=\"top-into-view\"><div class=\"fusion-column-wrapper fusion-column-has-shadow fusion-flex-column-wrapper-legacy\"><div class=\"fusion-text fusion-text-1\"><h1>Inicia un grupo de Ciencia de la Mente<\/h1>\n<p><img fetchpriority=\"high\" decoding=\"async\" class=\"size-400 wp-image-2362 alignleft\" src=\"http:\/\/csl.org\/wp-content\/uploads\/sites\/8\/2019\/05\/achievement-3-400x286.jpg\" alt=\"\" width=\"400\" height=\"286\" srcset=\"https:\/\/csl.org\/global\/wp-content\/uploads\/sites\/8\/2019\/05\/achievement-3-200x143.jpg 200w, https:\/\/csl.org\/global\/wp-content\/uploads\/sites\/8\/2019\/05\/achievement-3-300x214.jpg 300w, https:\/\/csl.org\/global\/wp-content\/uploads\/sites\/8\/2019\/05\/achievement-3-400x286.jpg 400w, https:\/\/csl.org\/global\/wp-content\/uploads\/sites\/8\/2019\/05\/achievement-3-600x428.jpg 600w, https:\/\/csl.org\/global\/wp-content\/uploads\/sites\/8\/2019\/05\/achievement-3-768x548.jpg 768w, https:\/\/csl.org\/global\/wp-content\/uploads\/sites\/8\/2019\/05\/achievement-3-800x571.jpg 800w, https:\/\/csl.org\/global\/wp-content\/uploads\/sites\/8\/2019\/05\/achievement-3-1024x731.jpg 1024w, https:\/\/csl.org\/global\/wp-content\/uploads\/sites\/8\/2019\/05\/achievement-3-1200x857.jpg 1200w, https:\/\/csl.org\/global\/wp-content\/uploads\/sites\/8\/2019\/05\/achievement-3.jpg 1920w\" sizes=\"(max-width: 400px) 100vw, 400px\" \/>Gracias por su inter\u00e9s en iniciar un Grupo de Ciencia de la Mente! Nos gustar\u00eda ayudarle a empezar y saber lo que est\u00e1 haciendo para que podamos conectar a las personas interesadas con usted. La informaci\u00f3n en esta p\u00e1gina es para ayudarle a establecerse y aparecer en nuestra lista. Sin embargo, tambi\u00e9n tenemos recursos disponibles en este sitio web para ayudarle a establecer <a href=\"http:\/\/csl.org\/global\/es\/recursos\/creacion-de-un-grupo-de-ciencia-de-la-mente\/clases-y-material-de-discusion\/\" rel=\"noopener noreferrer\">discusiones en grupo y en clase<\/a>, <a href=\"http:\/\/csl.org\/global\/es\/recursos\/creacion-de-un-grupo-de-ciencia-de-la-mente\/ideas-para-el-crecimiento-de-su-grupo\/\" rel=\"noopener noreferrer\">el crecimiento de tu grupo<\/a> y<a href=\"http:\/\/csl.org\/global\/es\/recursos\/creacion-de-un-grupo-de-ciencia-de-la-mente\/conectese-con-otros-lideres-de-grupo\/\" rel=\"noopener noreferrer\"> conectando con otros l\u00edderes de grupo<\/a>. Tambi\u00e9n hay buenos recursos disponibles para ayudarle en su comprensi\u00f3n de la <a href=\"http:\/\/csl.org\/global\/es\/recursos\/recursos-para-la-ciencia-de-la-mente\/\">Ciencia de la Mente<\/a>.<\/p>\n<p>Hay diferentes tipos de grupos o comunidades que se describen aqu\u00ed:<\/p>\n<h2>C\u00edrculos de Vida Espiritual<\/h2>\n<p>Cualquiera puede comenzar un C\u00edrculo de Vida Espiritual! Este programa est\u00e1 construido alrededor de la Revista <a href=\"https:\/\/scienceofmind.com\/\" target=\"_blank\" rel=\"noopener noreferrer\">Ciencia de la Mente<\/a>, que est\u00e1 disponible en ediciones impresas o en l\u00ednea. Los l\u00edderes que registran su C\u00edrculo de Vida Espiritual reciben semanalmente gu\u00edas de discusi\u00f3n construidas alrededor de un art\u00edculo de la edici\u00f3n de ese mes. Adem\u00e1s, se ponen a disposici\u00f3n otros recursos para apoyarte a ti y a tu grupo y tienes la opci\u00f3n de que tu C\u00edrculo de Vida Espiritual aparezca en nuestra p\u00e1gina web.<\/p>\n<p>Actualmente, la revista y las gu\u00edas de estudio est\u00e1n disponibles s\u00f3lo en ingl\u00e9s.<\/p>\n<p>Tenga en cuenta que para las suscripciones a la revista fuera de los Estados Unidos, la edici\u00f3n en l\u00ednea es oportuna y asequible!<\/p>\n<p>Para obtener m\u00e1s detalles sobre el programa de C\u00edrculos de Vida Espiritual y para inscribirse, <a href=\"https:\/\/csl.org\/es\/comunidad-espiritual\/circulos-de-vida-espiritual\" target=\"_blank\" rel=\"noopener noreferrer\">haga clic aqu\u00ed<\/a>.<\/p>\n<h2>Grupos de Estudio<\/h2>\n<p>Los grupos de estudio se re\u00fanen con el prop\u00f3sito de estudiar los principios de la Ciencia de la Mente. Con frecuencia, tambi\u00e9n dan clases cortas no acreditadas, talleres, hacen meditaci\u00f3n en grupo y cosas por el estilo. Muchos grupos de estudio tambi\u00e9n se inscriben en el material de los C\u00edrculos de Vida Espiritual y lo utilizan para la discusi\u00f3n en grupo. Los grupos de estudio est\u00e1n listados en nuestro sitio web.<\/p>\n<p>Se requiere que los l\u00edderes de los grupos de estudio hayan completado al menos una clase fundacional de Ciencia de la Mente (que puede haber sido en l\u00ednea o en persona en una de nuestras comunidades), que tengan un patrocinador ministerial que los apoye y que completen una solicitud.<\/p>\n<p>NOTA: Los Centros para Ministros y Profesionales de la Vida Espiritual tambi\u00e9n pueden ense\u00f1ar clases acreditadas (&#8220;certificadas&#8221;) en grupos de estudio fuera de los Estados Unidos y Canad\u00e1.<\/p>\n<p>Si est\u00e1 interesado en iniciar un grupo de estudio, por favor descargue estos 2 documentos:<\/p>\n<p><a href=\"http:\/\/csl.org\/wp-content\/uploads\/sites\/8\/2019\/10\/Study-Group-Information-Sheet-October-2019.doc\" target=\"_blank\" rel=\"noopener noreferrer\">Carta explicando c\u00f3mo solicitar un grupo de estudio (ingl\u00e9s)<\/a>\u00a0 |\u00a0 <a href=\"http:\/\/csl.org\/wp-content\/uploads\/sites\/8\/2019\/10\/Hoja-de-informaci\u00f3n-grupo-de-estudio-octubre-de-2019.docx\" target=\"_blank\" rel=\"noopener noreferrer\">Espa\u00f1ol<\/a><\/p>\n<p><a href=\"http:\/\/csl.org\/wp-content\/uploads\/sites\/8\/2019\/05\/2017StudyGroupApp.docx\" target=\"_blank\" rel=\"noopener noreferrer\">Solicitud para un grupo de estudio (ingl\u00e9s)<\/a><\/p>\n<p>Si tiene alguna pregunta, por favor env\u00ede un correo electr\u00f3nico a <a href=\"&#x6d;&#97;i&#x6c;&#116;o&#x3a;&#x6d;&#113;&#x75;&#x69;&#110;t&#x61;&#110;a&#x40;&#x63;&#115;&#x6c;&#x2e;&#111;r&#x67;\">&#x6d;&#x71;&#x75;&#x69;&#110;&#116;&#97;na&#x40;&#x63;&#x73;&#x6c;&#x2e;&#111;&#114;&#103;<\/a>.<\/p>\n<h2>Cap\u00edtulos de Ense\u00f1anza, Centros y Ministerios de Enfoque<\/h2>\n<p>Estos tres tipos de ministerios son comunidades miembros afiliadas a los Centros para la Vida Espiritual y pasan por un proceso de solicitud m\u00e1s extenso.<\/p>\n<p>Un Cap\u00edtulo de Ense\u00f1anza es un grupo que es dirigido por un ministro o practicante de los Centros para la Vida Espiritual. Los Cap\u00edtulos de Ense\u00f1anza pueden ense\u00f1ar clases acreditadas as\u00ed como realizar una amplia gama de otras actividades espirituales.<\/p>\n<p>Un Centro es un ministerio que es dirigido por un Ministro de los Centros para la Vida Espiritual. Los Centros celebran servicios, ense\u00f1an clases acreditadas y realizan una gama completa de otras actividades espirituales.<\/p>\n<p>Un Ministerio de Enfoque es dirigido por un Ministro de los Centros para la Vida Espiritual y realiza actividades espirituales que son t\u00edpicamente m\u00e1s all\u00e1 de las que normalmente son conducidas por los Cap\u00edtulos y Centros de Ense\u00f1anza.<\/p>\n<p>Para m\u00e1s informaci\u00f3n sobre estos tipos de ministerios, por favor env\u00eda un correo electr\u00f3nico a <a href=\"&#x6d;&#x61;&#x69;&#x6c;&#116;&#111;&#58;mq&#x75;&#x69;&#x6e;&#x74;&#x61;&#110;&#97;&#64;cs&#x6c;&#x2e;&#x6f;&#x72;&#x67;\">&#109;&#x71;u&#x69;&#x6e;&#116;&#x61;n&#x61;&#x40;&#99;&#x73;l&#x2e;&#x6f;&#114;&#x67;<\/a>.<\/p>\n<\/div><div class=\"fusion-clearfix\"><\/div><\/div><\/div><\/div><\/div><div class=\"fusion-bg-parallax\" data-bg-align=\"center center\" data-direction=\"left\" data-mute=\"false\" data-opacity=\"100\" data-velocity=\"-0.7\" data-mobile-enabled=\"true\" data-break_parents=\"0\" data-bg-image=\"http:\/\/csl.org\/wp-content\/uploads\/sites\/8\/2019\/05\/snails-1024x678.jpg\" data-bg-repeat=\"false\" ><\/div><div class=\"fusion-fullwidth fullwidth-box fusion-builder-row-2 fusion-parallax-left gradient-container-2 nonhundred-percent-fullwidth non-hundred-percent-height-scrolling\" style=\"--awb-border-radius-top-left:0px;--awb-border-radius-top-right:0px;--awb-border-radius-bottom-right:0px;--awb-border-radius-bottom-left:0px;--awb-background-image:url(&quot;http:\/\/csl.org\/wp-content\/uploads\/sites\/8\/2019\/05\/snails-1024x678.jpg&quot;);--awb-background-size:cover;--awb-flex-wrap:wrap;\" ><div class=\"fusion-builder-row fusion-row\"><div class=\"fusion-layout-column fusion_builder_column fusion-builder-column-1 fusion_builder_column_1_1 1_1 fusion-one-full fusion-column-first fusion-column-last\" style=\"--awb-padding-top:250px;--awb-padding-right:200px;--awb-padding-bottom:250px;--awb-padding-left:200px;--awb-bg-size:cover;\"><div class=\"fusion-column-wrapper fusion-column-has-shadow fusion-flex-column-wrapper-legacy\"><div class=\"fusion-clearfix\"><\/div><\/div><\/div><\/div><\/div><\/p>\n","protected":false},"excerpt":{"rendered":"","protected":false},"author":1,"featured_media":0,"parent":3785,"menu_order":69,"comment_status":"closed","ping_status":"closed","template":"100-width.php","meta":{"_exactmetrics_skip_tracking":false,"_exactmetrics_sitenote_active":false,"_exactmetrics_sitenote_note":"","_exactmetrics_sitenote_category":0,"footnotes":""},"categories":[64],"tags":[],"class_list":["post-3787","page","type-page","status-publish","hentry","category-recursos"],"yoast_head":"<!-- This site is optimized with the Yoast SEO plugin v23.1 - https:\/\/yoast.com\/wordpress\/plugins\/seo\/ -->\n<title>Creaci\u00f3n de un grupo de Ciencia de la Mente - Global Services - Centers for Spiritual Living<\/title>\n<meta name=\"robots\" content=\"index, follow, max-snippet:-1, max-image-preview:large, max-video-preview:-1\" \/>\n<link rel=\"canonical\" href=\"https:\/\/csl.org\/global\/es\/recursos\/creacion-de-un-grupo-de-ciencia-de-la-mente\/\" \/>\n<meta property=\"og:locale\" content=\"en_US\" \/>\n<meta property=\"og:type\" content=\"article\" \/>\n<meta property=\"og:title\" content=\"Creaci\u00f3n de un grupo de Ciencia de la Mente - Global Services - Centers for Spiritual Living\" \/>\n<meta property=\"og:url\" content=\"https:\/\/csl.org\/global\/es\/recursos\/creacion-de-un-grupo-de-ciencia-de-la-mente\/\" \/>\n<meta property=\"og:site_name\" content=\"Global Services - Centers for Spiritual Living\" \/>\n<meta property=\"article:modified_time\" content=\"2020-09-04T13:58:32+00:00\" \/>\n<meta property=\"og:image\" content=\"http:\/\/csl.org\/wp-content\/uploads\/sites\/8\/2019\/05\/achievement-3-400x286.jpg\" \/>\n<meta name=\"twitter:card\" content=\"summary_large_image\" \/>\n<meta name=\"twitter:label1\" content=\"Est. reading time\" \/>\n\t<meta name=\"twitter:data1\" content=\"6 minutes\" \/>\n<script type=\"application\/ld+json\" class=\"yoast-schema-graph\">{\"@context\":\"https:\/\/schema.org\",\"@graph\":[{\"@type\":\"WebPage\",\"@id\":\"https:\/\/csl.org\/global\/es\/recursos\/creacion-de-un-grupo-de-ciencia-de-la-mente\/\",\"url\":\"https:\/\/csl.org\/global\/es\/recursos\/creacion-de-un-grupo-de-ciencia-de-la-mente\/\",\"name\":\"Creaci\u00f3n de un grupo de Ciencia de la Mente - Global Services - Centers for Spiritual Living\",\"isPartOf\":{\"@id\":\"https:\/\/csl.org\/global\/de\/#website\"},\"primaryImageOfPage\":{\"@id\":\"https:\/\/csl.org\/global\/es\/recursos\/creacion-de-un-grupo-de-ciencia-de-la-mente\/#primaryimage\"},\"image\":{\"@id\":\"https:\/\/csl.org\/global\/es\/recursos\/creacion-de-un-grupo-de-ciencia-de-la-mente\/#primaryimage\"},\"thumbnailUrl\":\"http:\/\/csl.org\/wp-content\/uploads\/sites\/8\/2019\/05\/achievement-3-400x286.jpg\",\"datePublished\":\"2020-01-20T14:25:17+00:00\",\"dateModified\":\"2020-09-04T13:58:32+00:00\",\"breadcrumb\":{\"@id\":\"https:\/\/csl.org\/global\/es\/recursos\/creacion-de-un-grupo-de-ciencia-de-la-mente\/#breadcrumb\"},\"inLanguage\":\"en-US\",\"potentialAction\":[{\"@type\":\"ReadAction\",\"target\":[\"https:\/\/csl.org\/global\/es\/recursos\/creacion-de-un-grupo-de-ciencia-de-la-mente\/\"]}]},{\"@type\":\"ImageObject\",\"inLanguage\":\"en-US\",\"@id\":\"https:\/\/csl.org\/global\/es\/recursos\/creacion-de-un-grupo-de-ciencia-de-la-mente\/#primaryimage\",\"url\":\"http:\/\/csl.org\/wp-content\/uploads\/sites\/8\/2019\/05\/achievement-3-400x286.jpg\",\"contentUrl\":\"http:\/\/csl.org\/wp-content\/uploads\/sites\/8\/2019\/05\/achievement-3-400x286.jpg\"},{\"@type\":\"BreadcrumbList\",\"@id\":\"https:\/\/csl.org\/global\/es\/recursos\/creacion-de-un-grupo-de-ciencia-de-la-mente\/#breadcrumb\",\"itemListElement\":[{\"@type\":\"ListItem\",\"position\":1,\"name\":\"RECURSOS\",\"item\":\"https:\/\/csl.org\/global\/es\/recursos\/\"},{\"@type\":\"ListItem\",\"position\":2,\"name\":\"Creaci\u00f3n de un grupo de Ciencia de la Mente\"}]},{\"@type\":\"WebSite\",\"@id\":\"https:\/\/csl.org\/global\/de\/#website\",\"url\":\"https:\/\/csl.org\/global\/de\/\",\"name\":\"Global Services - Centers for Spiritual Living\",\"description\":\"\",\"potentialAction\":[{\"@type\":\"SearchAction\",\"target\":{\"@type\":\"EntryPoint\",\"urlTemplate\":\"https:\/\/csl.org\/global\/de\/?s={search_term_string}\"},\"query-input\":\"required name=search_term_string\"}],\"inLanguage\":\"en-US\"}]}<\/script>\n<!-- \/ Yoast SEO plugin. -->","yoast_head_json":{"title":"Creaci\u00f3n de un grupo de Ciencia de la Mente - Global Services - Centers for Spiritual Living","robots":{"index":"index","follow":"follow","max-snippet":"max-snippet:-1","max-image-preview":"max-image-preview:large","max-video-preview":"max-video-preview:-1"},"canonical":"https:\/\/csl.org\/global\/es\/recursos\/creacion-de-un-grupo-de-ciencia-de-la-mente\/","og_locale":"en_US","og_type":"article","og_title":"Creaci\u00f3n de un grupo de Ciencia de la Mente - Global Services - Centers for Spiritual Living","og_url":"https:\/\/csl.org\/global\/es\/recursos\/creacion-de-un-grupo-de-ciencia-de-la-mente\/","og_site_name":"Global Services - Centers for Spiritual Living","article_modified_time":"2020-09-04T13:58:32+00:00","og_image":[{"url":"http:\/\/csl.org\/wp-content\/uploads\/sites\/8\/2019\/05\/achievement-3-400x286.jpg"}],"twitter_card":"summary_large_image","twitter_misc":{"Est. reading time":"6 minutes"},"schema":{"@context":"https:\/\/schema.org","@graph":[{"@type":"WebPage","@id":"https:\/\/csl.org\/global\/es\/recursos\/creacion-de-un-grupo-de-ciencia-de-la-mente\/","url":"https:\/\/csl.org\/global\/es\/recursos\/creacion-de-un-grupo-de-ciencia-de-la-mente\/","name":"Creaci\u00f3n de un grupo de Ciencia de la Mente - Global Services - Centers for Spiritual Living","isPartOf":{"@id":"https:\/\/csl.org\/global\/de\/#website"},"primaryImageOfPage":{"@id":"https:\/\/csl.org\/global\/es\/recursos\/creacion-de-un-grupo-de-ciencia-de-la-mente\/#primaryimage"},"image":{"@id":"https:\/\/csl.org\/global\/es\/recursos\/creacion-de-un-grupo-de-ciencia-de-la-mente\/#primaryimage"},"thumbnailUrl":"http:\/\/csl.org\/wp-content\/uploads\/sites\/8\/2019\/05\/achievement-3-400x286.jpg","datePublished":"2020-01-20T14:25:17+00:00","dateModified":"2020-09-04T13:58:32+00:00","breadcrumb":{"@id":"https:\/\/csl.org\/global\/es\/recursos\/creacion-de-un-grupo-de-ciencia-de-la-mente\/#breadcrumb"},"inLanguage":"en-US","potentialAction":[{"@type":"ReadAction","target":["https:\/\/csl.org\/global\/es\/recursos\/creacion-de-un-grupo-de-ciencia-de-la-mente\/"]}]},{"@type":"ImageObject","inLanguage":"en-US","@id":"https:\/\/csl.org\/global\/es\/recursos\/creacion-de-un-grupo-de-ciencia-de-la-mente\/#primaryimage","url":"http:\/\/csl.org\/wp-content\/uploads\/sites\/8\/2019\/05\/achievement-3-400x286.jpg","contentUrl":"http:\/\/csl.org\/wp-content\/uploads\/sites\/8\/2019\/05\/achievement-3-400x286.jpg"},{"@type":"BreadcrumbList","@id":"https:\/\/csl.org\/global\/es\/recursos\/creacion-de-un-grupo-de-ciencia-de-la-mente\/#breadcrumb","itemListElement":[{"@type":"ListItem","position":1,"name":"RECURSOS","item":"https:\/\/csl.org\/global\/es\/recursos\/"},{"@type":"ListItem","position":2,"name":"Creaci\u00f3n de un grupo de Ciencia de la Mente"}]},{"@type":"WebSite","@id":"https:\/\/csl.org\/global\/de\/#website","url":"https:\/\/csl.org\/global\/de\/","name":"Global Services - Centers for Spiritual Living","description":"","potentialAction":[{"@type":"SearchAction","target":{"@type":"EntryPoint","urlTemplate":"https:\/\/csl.org\/global\/de\/?s={search_term_string}"},"query-input":"required name=search_term_string"}],"inLanguage":"en-US"}]}},"_links":{"self":[{"href":"https:\/\/csl.org\/global\/wp-json\/wp\/v2\/pages\/3787"}],"collection":[{"href":"https:\/\/csl.org\/global\/wp-json\/wp\/v2\/pages"}],"about":[{"href":"https:\/\/csl.org\/global\/wp-json\/wp\/v2\/types\/page"}],"author":[{"embeddable":true,"href":"https:\/\/csl.org\/global\/wp-json\/wp\/v2\/users\/1"}],"replies":[{"embeddable":true,"href":"https:\/\/csl.org\/global\/wp-json\/wp\/v2\/comments?post=3787"}],"version-history":[{"count":6,"href":"https:\/\/csl.org\/global\/wp-json\/wp\/v2\/pages\/3787\/revisions"}],"predecessor-version":[{"id":8907,"href":"https:\/\/csl.org\/global\/wp-json\/wp\/v2\/pages\/3787\/revisions\/8907"}],"up":[{"embeddable":true,"href":"https:\/\/csl.org\/global\/wp-json\/wp\/v2\/pages\/3785"}],"wp:attachment":[{"href":"https:\/\/csl.org\/global\/wp-json\/wp\/v2\/media?parent=3787"}],"wp:term":[{"taxonomy":"category","embeddable":true,"href":"https:\/\/csl.org\/global\/wp-json\/wp\/v2\/categories?post=3787"},{"taxonomy":"post_tag","embeddable":true,"href":"https:\/\/csl.org\/global\/wp-json\/wp\/v2\/tags?post=3787"}],"curies":[{"name":"wp","href":"https:\/\/api.w.org\/{rel}","templated":true}]}}