{"id":3923,"date":"2020-01-20T16:39:22","date_gmt":"2020-01-20T16:39:22","guid":{"rendered":"https:\/\/csl.org\/global\/recursos\/creacion-de-un-grupo-de-ciencia-de-la-mente\/ideas-para-el-crecimiento-de-su-grupo\/"},"modified":"2020-09-04T14:07:08","modified_gmt":"2020-09-04T14:07:08","slug":"ideas-para-el-crecimiento-de-su-grupo","status":"publish","type":"page","link":"https:\/\/csl.org\/global\/recursos\/creacion-de-un-grupo-de-ciencia-de-la-mente\/ideas-para-el-crecimiento-de-su-grupo\/","title":{"rendered":"Ideas para el crecimiento de su grupo"},"content":{"rendered":"<p><div class=\"fusion-fullwidth fullwidth-box fusion-builder-row-1 gradient-container-1 nonhundred-percent-fullwidth non-hundred-percent-height-scrolling\" style=\"--awb-border-radius-top-left:0px;--awb-border-radius-top-right:0px;--awb-border-radius-bottom-right:0px;--awb-border-radius-bottom-left:0px;--awb-background-color:#ffffff;--awb-flex-wrap:wrap;\" ><div class=\"fusion-builder-row fusion-row\"><div class=\"fusion-layout-column fusion_builder_column fusion-builder-column-0 fusion_builder_column_1_1 1_1 fusion-one-full fusion-column-first fusion-column-last fusion-animated\" style=\"--awb-padding-top:50px;--awb-padding-right:3%;--awb-padding-bottom:50px;--awb-padding-left:3%;--awb-bg-color:#ffffff;--awb-bg-color-hover:#ffffff;--awb-bg-size:cover;\" data-animationType=\"fadeInLeft\" data-animationDuration=\"0.3\" data-animationOffset=\"top-into-view\"><div class=\"fusion-column-wrapper fusion-column-has-shadow fusion-flex-column-wrapper-legacy\"><div class=\"fusion-text fusion-text-1\"><h1>Ideas para el crecimiento de su grupo<img fetchpriority=\"high\" decoding=\"async\" class=\"size-400 wp-image-2739 alignright\" src=\"http:\/\/csl.org\/wp-content\/uploads\/sites\/8\/2019\/05\/idea-world-400x240.jpg\" alt=\"\" width=\"400\" height=\"240\" srcset=\"https:\/\/csl.org\/global\/wp-content\/uploads\/sites\/8\/2019\/05\/idea-world-200x120.jpg 200w, https:\/\/csl.org\/global\/wp-content\/uploads\/sites\/8\/2019\/05\/idea-world-300x180.jpg 300w, https:\/\/csl.org\/global\/wp-content\/uploads\/sites\/8\/2019\/05\/idea-world-400x240.jpg 400w, https:\/\/csl.org\/global\/wp-content\/uploads\/sites\/8\/2019\/05\/idea-world-600x360.jpg 600w, https:\/\/csl.org\/global\/wp-content\/uploads\/sites\/8\/2019\/05\/idea-world-768x461.jpg 768w, https:\/\/csl.org\/global\/wp-content\/uploads\/sites\/8\/2019\/05\/idea-world-800x480.jpg 800w, https:\/\/csl.org\/global\/wp-content\/uploads\/sites\/8\/2019\/05\/idea-world-1024x614.jpg 1024w, https:\/\/csl.org\/global\/wp-content\/uploads\/sites\/8\/2019\/05\/idea-world-1200x720.jpg 1200w, https:\/\/csl.org\/global\/wp-content\/uploads\/sites\/8\/2019\/05\/idea-world.jpg 1920w\" sizes=\"(max-width: 400px) 100vw, 400px\" \/><\/h1>\n<p>Esencial para un grupo exitoso es asegurarse de que los buscadores espirituales interesados sepan de ti. Aqu\u00ed hay 5 cosas esenciales que te recomendamos hacer para que se corra la voz sobre tus actividades:<\/p>\n<h2>Uno: Usar el boca a boca<\/h2>\n<p>Empiece invitando a aquellos amigos y conocidos suyos que crea que estar\u00edan interesados en iniciar un grupo. Identifica a quienes conoces que tengan intereses espirituales similares a los tuyos y p\u00eddeles personalmente que se unan a ti. Luego p\u00eddeles que le pregunten a sus amigos! Aseg\u00farate de que tengan una forma de contactarte, como una direcci\u00f3n de correo electr\u00f3nico o un n\u00famero de tel\u00e9fono.<\/p>\n<h2>Dos: Use los medios sociales<\/h2>\n<p>Establezca una p\u00e1gina de FaceBook de grupo (o lo que sea m\u00e1s apropiado en su pa\u00eds) para crear una forma de comunicar lo que se trata y lo que est\u00e1 haciendo. Publica informaci\u00f3n regularmente. Haz que tus miembros compartan las publicaciones con sus contactos. Considera la posibilidad de utilizar otros recursos apropiados de medios sociales que den publicidad a tu grupo (Twitter, MeetUp.com, etc.). Aseg\u00farate de mantener una lista de la direcci\u00f3n de correo electr\u00f3nico de tus miembros y de tener una manera de contactarlos!<\/p>\n<h2>Tres: Encontrar grupos de ideas afines<\/h2>\n<p>\u00bfHay grupos en su \u00e1rea que exploran conceptos metaf\u00edsicos? B\u00fasquelos y asista a sus grupos y h\u00e1gales saber sobre los suyos! Encuentre maneras de trabajar juntos y de apoyarse mutuamente. No olvides revisar los recursos en las librer\u00edas espirituales o metaf\u00edsicas.<\/p>\n<h2>Cuatro: Llegar a los medios de comunicaci\u00f3n tradicionales<\/h2>\n<p>Contacte con los recursos de los medios de comunicaci\u00f3n locales de su \u00e1rea, especialmente si escriben sobre recursos espirituales. Escribe un comunicado de prensa o un breve art\u00edculo sobre tu grupo y p\u00eddeles que impriman algo. Busca boletines gratuitos especializados que escriban sobre temas espirituales y p\u00eddeles que te incluyan. Busca anuncios clasificados gratuitos o de bajo costo que puedas publicar.<\/p>\n<h2>Cinco: Tengan un grupo interesante!<\/h2>\n<p>El mejor \u00e9xito viene de tener un grupo convincente al que la gente quiera seguir regresando! Aseg\u00farese de que su grupo sea animado e interesante. \u00bfQu\u00e9 ideas ha probado que le gustar\u00eda compartir? Publ\u00edcalo en nuestro grupo de FaceBook o env\u00edalo por correo electr\u00f3nico a nuestra Coordinadora de Servicios Globales, Rev Martha Quintana a <a href=\"m&#97;&#x69;&#x6c;&#x74;o&#58;&#x6d;&#x71;&#x75;i&#110;&#x74;&#x61;&#x6e;a&#64;&#x63;&#x73;&#x6c;&#46;&#111;&#x72;&#x67;\">m&#113;&#x75;&#x69;n&#116;&#97;&#x6e;&#x61;&#64;&#99;&#x73;&#x6c;&#46;&#111;&#114;&#x67;<\/a><\/p>\n<\/div><div class=\"fusion-clearfix\"><\/div><\/div><\/div><\/div><\/div><div class=\"fusion-bg-parallax\" data-bg-align=\"center center\" data-direction=\"left\" data-mute=\"false\" data-opacity=\"100\" data-velocity=\"-0.7\" data-mobile-enabled=\"true\" data-break_parents=\"0\" data-bg-image=\"http:\/\/csl.org\/wp-content\/uploads\/sites\/8\/2019\/05\/snails-1024x678.jpg\" data-bg-repeat=\"false\" ><\/div><div class=\"fusion-fullwidth fullwidth-box fusion-builder-row-2 fusion-parallax-left gradient-container-2 nonhundred-percent-fullwidth non-hundred-percent-height-scrolling\" style=\"--awb-border-radius-top-left:0px;--awb-border-radius-top-right:0px;--awb-border-radius-bottom-right:0px;--awb-border-radius-bottom-left:0px;--awb-background-image:url(&quot;http:\/\/csl.org\/wp-content\/uploads\/sites\/8\/2019\/05\/snails-1024x678.jpg&quot;);--awb-background-size:cover;--awb-flex-wrap:wrap;\" ><div class=\"fusion-builder-row fusion-row\"><div class=\"fusion-layout-column fusion_builder_column fusion-builder-column-1 fusion_builder_column_1_1 1_1 fusion-one-full fusion-column-first fusion-column-last\" style=\"--awb-padding-top:250px;--awb-padding-right:200px;--awb-padding-bottom:250px;--awb-padding-left:200px;--awb-bg-size:cover;\"><div class=\"fusion-column-wrapper fusion-column-has-shadow fusion-flex-column-wrapper-legacy\"><div class=\"fusion-clearfix\"><\/div><\/div><\/div><\/div><\/div><\/p>\n","protected":false},"excerpt":{"rendered":"","protected":false},"author":1,"featured_media":0,"parent":3787,"menu_order":191,"comment_status":"closed","ping_status":"closed","template":"100-width.php","meta":{"_exactmetrics_skip_tracking":false,"_exactmetrics_sitenote_active":false,"_exactmetrics_sitenote_note":"","_exactmetrics_sitenote_category":0,"footnotes":""},"categories":[64],"tags":[],"class_list":["post-3923","page","type-page","status-publish","hentry","category-recursos"],"yoast_head":"<!-- This site is optimized with the Yoast SEO plugin v23.1 - https:\/\/yoast.com\/wordpress\/plugins\/seo\/ -->\n<title>Ideas para el crecimiento de su grupo - Global Services - Centers for Spiritual Living<\/title>\n<meta name=\"robots\" content=\"index, follow, max-snippet:-1, max-image-preview:large, max-video-preview:-1\" \/>\n<link rel=\"canonical\" href=\"https:\/\/csl.org\/global\/es\/recursos\/creacion-de-un-grupo-de-ciencia-de-la-mente\/ideas-para-el-crecimiento-de-su-grupo\/\" \/>\n<meta property=\"og:locale\" content=\"en_US\" \/>\n<meta property=\"og:type\" content=\"article\" \/>\n<meta property=\"og:title\" content=\"Ideas para el crecimiento de su grupo - Global Services - Centers for Spiritual Living\" \/>\n<meta property=\"og:url\" content=\"https:\/\/csl.org\/global\/es\/recursos\/creacion-de-un-grupo-de-ciencia-de-la-mente\/ideas-para-el-crecimiento-de-su-grupo\/\" \/>\n<meta property=\"og:site_name\" content=\"Global Services - Centers for Spiritual Living\" \/>\n<meta property=\"article:modified_time\" content=\"2020-09-04T14:07:08+00:00\" \/>\n<meta property=\"og:image\" content=\"http:\/\/csl.org\/wp-content\/uploads\/sites\/8\/2019\/05\/idea-world-400x240.jpg\" \/>\n<meta name=\"twitter:card\" content=\"summary_large_image\" \/>\n<meta name=\"twitter:label1\" content=\"Est. reading time\" \/>\n\t<meta name=\"twitter:data1\" content=\"5 minutes\" \/>\n<script type=\"application\/ld+json\" class=\"yoast-schema-graph\">{\"@context\":\"https:\/\/schema.org\",\"@graph\":[{\"@type\":\"WebPage\",\"@id\":\"https:\/\/csl.org\/global\/es\/recursos\/creacion-de-un-grupo-de-ciencia-de-la-mente\/ideas-para-el-crecimiento-de-su-grupo\/\",\"url\":\"https:\/\/csl.org\/global\/es\/recursos\/creacion-de-un-grupo-de-ciencia-de-la-mente\/ideas-para-el-crecimiento-de-su-grupo\/\",\"name\":\"Ideas para el crecimiento de su grupo - Global Services - Centers for Spiritual Living\",\"isPartOf\":{\"@id\":\"https:\/\/csl.org\/global\/de\/#website\"},\"primaryImageOfPage\":{\"@id\":\"https:\/\/csl.org\/global\/es\/recursos\/creacion-de-un-grupo-de-ciencia-de-la-mente\/ideas-para-el-crecimiento-de-su-grupo\/#primaryimage\"},\"image\":{\"@id\":\"https:\/\/csl.org\/global\/es\/recursos\/creacion-de-un-grupo-de-ciencia-de-la-mente\/ideas-para-el-crecimiento-de-su-grupo\/#primaryimage\"},\"thumbnailUrl\":\"http:\/\/csl.org\/wp-content\/uploads\/sites\/8\/2019\/05\/idea-world-400x240.jpg\",\"datePublished\":\"2020-01-20T16:39:22+00:00\",\"dateModified\":\"2020-09-04T14:07:08+00:00\",\"breadcrumb\":{\"@id\":\"https:\/\/csl.org\/global\/es\/recursos\/creacion-de-un-grupo-de-ciencia-de-la-mente\/ideas-para-el-crecimiento-de-su-grupo\/#breadcrumb\"},\"inLanguage\":\"en-US\",\"potentialAction\":[{\"@type\":\"ReadAction\",\"target\":[\"https:\/\/csl.org\/global\/es\/recursos\/creacion-de-un-grupo-de-ciencia-de-la-mente\/ideas-para-el-crecimiento-de-su-grupo\/\"]}]},{\"@type\":\"ImageObject\",\"inLanguage\":\"en-US\",\"@id\":\"https:\/\/csl.org\/global\/es\/recursos\/creacion-de-un-grupo-de-ciencia-de-la-mente\/ideas-para-el-crecimiento-de-su-grupo\/#primaryimage\",\"url\":\"http:\/\/csl.org\/wp-content\/uploads\/sites\/8\/2019\/05\/idea-world-400x240.jpg\",\"contentUrl\":\"http:\/\/csl.org\/wp-content\/uploads\/sites\/8\/2019\/05\/idea-world-400x240.jpg\"},{\"@type\":\"BreadcrumbList\",\"@id\":\"https:\/\/csl.org\/global\/es\/recursos\/creacion-de-un-grupo-de-ciencia-de-la-mente\/ideas-para-el-crecimiento-de-su-grupo\/#breadcrumb\",\"itemListElement\":[{\"@type\":\"ListItem\",\"position\":1,\"name\":\"RECURSOS\",\"item\":\"https:\/\/csl.org\/global\/es\/recursos\/\"},{\"@type\":\"ListItem\",\"position\":2,\"name\":\"Creaci\u00f3n de un grupo de Ciencia de la Mente\",\"item\":\"https:\/\/csl.org\/global\/es\/recursos\/creacion-de-un-grupo-de-ciencia-de-la-mente\/\"},{\"@type\":\"ListItem\",\"position\":3,\"name\":\"Ideas para el crecimiento de su grupo\"}]},{\"@type\":\"WebSite\",\"@id\":\"https:\/\/csl.org\/global\/de\/#website\",\"url\":\"https:\/\/csl.org\/global\/de\/\",\"name\":\"Global Services - Centers for Spiritual Living\",\"description\":\"\",\"potentialAction\":[{\"@type\":\"SearchAction\",\"target\":{\"@type\":\"EntryPoint\",\"urlTemplate\":\"https:\/\/csl.org\/global\/de\/?s={search_term_string}\"},\"query-input\":\"required name=search_term_string\"}],\"inLanguage\":\"en-US\"}]}<\/script>\n<!-- \/ Yoast SEO plugin. -->","yoast_head_json":{"title":"Ideas para el crecimiento de su grupo - Global Services - Centers for Spiritual Living","robots":{"index":"index","follow":"follow","max-snippet":"max-snippet:-1","max-image-preview":"max-image-preview:large","max-video-preview":"max-video-preview:-1"},"canonical":"https:\/\/csl.org\/global\/es\/recursos\/creacion-de-un-grupo-de-ciencia-de-la-mente\/ideas-para-el-crecimiento-de-su-grupo\/","og_locale":"en_US","og_type":"article","og_title":"Ideas para el crecimiento de su grupo - Global Services - Centers for Spiritual Living","og_url":"https:\/\/csl.org\/global\/es\/recursos\/creacion-de-un-grupo-de-ciencia-de-la-mente\/ideas-para-el-crecimiento-de-su-grupo\/","og_site_name":"Global Services - Centers for Spiritual Living","article_modified_time":"2020-09-04T14:07:08+00:00","og_image":[{"url":"http:\/\/csl.org\/wp-content\/uploads\/sites\/8\/2019\/05\/idea-world-400x240.jpg"}],"twitter_card":"summary_large_image","twitter_misc":{"Est. reading time":"5 minutes"},"schema":{"@context":"https:\/\/schema.org","@graph":[{"@type":"WebPage","@id":"https:\/\/csl.org\/global\/es\/recursos\/creacion-de-un-grupo-de-ciencia-de-la-mente\/ideas-para-el-crecimiento-de-su-grupo\/","url":"https:\/\/csl.org\/global\/es\/recursos\/creacion-de-un-grupo-de-ciencia-de-la-mente\/ideas-para-el-crecimiento-de-su-grupo\/","name":"Ideas para el crecimiento de su grupo - Global Services - Centers for Spiritual Living","isPartOf":{"@id":"https:\/\/csl.org\/global\/de\/#website"},"primaryImageOfPage":{"@id":"https:\/\/csl.org\/global\/es\/recursos\/creacion-de-un-grupo-de-ciencia-de-la-mente\/ideas-para-el-crecimiento-de-su-grupo\/#primaryimage"},"image":{"@id":"https:\/\/csl.org\/global\/es\/recursos\/creacion-de-un-grupo-de-ciencia-de-la-mente\/ideas-para-el-crecimiento-de-su-grupo\/#primaryimage"},"thumbnailUrl":"http:\/\/csl.org\/wp-content\/uploads\/sites\/8\/2019\/05\/idea-world-400x240.jpg","datePublished":"2020-01-20T16:39:22+00:00","dateModified":"2020-09-04T14:07:08+00:00","breadcrumb":{"@id":"https:\/\/csl.org\/global\/es\/recursos\/creacion-de-un-grupo-de-ciencia-de-la-mente\/ideas-para-el-crecimiento-de-su-grupo\/#breadcrumb"},"inLanguage":"en-US","potentialAction":[{"@type":"ReadAction","target":["https:\/\/csl.org\/global\/es\/recursos\/creacion-de-un-grupo-de-ciencia-de-la-mente\/ideas-para-el-crecimiento-de-su-grupo\/"]}]},{"@type":"ImageObject","inLanguage":"en-US","@id":"https:\/\/csl.org\/global\/es\/recursos\/creacion-de-un-grupo-de-ciencia-de-la-mente\/ideas-para-el-crecimiento-de-su-grupo\/#primaryimage","url":"http:\/\/csl.org\/wp-content\/uploads\/sites\/8\/2019\/05\/idea-world-400x240.jpg","contentUrl":"http:\/\/csl.org\/wp-content\/uploads\/sites\/8\/2019\/05\/idea-world-400x240.jpg"},{"@type":"BreadcrumbList","@id":"https:\/\/csl.org\/global\/es\/recursos\/creacion-de-un-grupo-de-ciencia-de-la-mente\/ideas-para-el-crecimiento-de-su-grupo\/#breadcrumb","itemListElement":[{"@type":"ListItem","position":1,"name":"RECURSOS","item":"https:\/\/csl.org\/global\/es\/recursos\/"},{"@type":"ListItem","position":2,"name":"Creaci\u00f3n de un grupo de Ciencia de la Mente","item":"https:\/\/csl.org\/global\/es\/recursos\/creacion-de-un-grupo-de-ciencia-de-la-mente\/"},{"@type":"ListItem","position":3,"name":"Ideas para el crecimiento de su grupo"}]},{"@type":"WebSite","@id":"https:\/\/csl.org\/global\/de\/#website","url":"https:\/\/csl.org\/global\/de\/","name":"Global Services - Centers for Spiritual Living","description":"","potentialAction":[{"@type":"SearchAction","target":{"@type":"EntryPoint","urlTemplate":"https:\/\/csl.org\/global\/de\/?s={search_term_string}"},"query-input":"required name=search_term_string"}],"inLanguage":"en-US"}]}},"_links":{"self":[{"href":"https:\/\/csl.org\/global\/wp-json\/wp\/v2\/pages\/3923"}],"collection":[{"href":"https:\/\/csl.org\/global\/wp-json\/wp\/v2\/pages"}],"about":[{"href":"https:\/\/csl.org\/global\/wp-json\/wp\/v2\/types\/page"}],"author":[{"embeddable":true,"href":"https:\/\/csl.org\/global\/wp-json\/wp\/v2\/users\/1"}],"replies":[{"embeddable":true,"href":"https:\/\/csl.org\/global\/wp-json\/wp\/v2\/comments?post=3923"}],"version-history":[{"count":4,"href":"https:\/\/csl.org\/global\/wp-json\/wp\/v2\/pages\/3923\/revisions"}],"predecessor-version":[{"id":8913,"href":"https:\/\/csl.org\/global\/wp-json\/wp\/v2\/pages\/3923\/revisions\/8913"}],"up":[{"embeddable":true,"href":"https:\/\/csl.org\/global\/wp-json\/wp\/v2\/pages\/3787"}],"wp:attachment":[{"href":"https:\/\/csl.org\/global\/wp-json\/wp\/v2\/media?parent=3923"}],"wp:term":[{"taxonomy":"category","embeddable":true,"href":"https:\/\/csl.org\/global\/wp-json\/wp\/v2\/categories?post=3923"},{"taxonomy":"post_tag","embeddable":true,"href":"https:\/\/csl.org\/global\/wp-json\/wp\/v2\/tags?post=3923"}],"curies":[{"name":"wp","href":"https:\/\/api.w.org\/{rel}","templated":true}]}}