{"id":4454,"date":"2020-01-21T14:22:44","date_gmt":"2020-01-21T14:22:44","guid":{"rendered":"https:\/\/csl.org\/global\/descripciones-de-las-comunidades-y-grupos\/"},"modified":"2020-04-24T08:19:17","modified_gmt":"2020-04-24T08:19:17","slug":"descripciones-de-las-comunidades-y-grupos","status":"publish","type":"page","link":"https:\/\/csl.org\/global\/comunidad\/eventos-globales\/descripciones-de-las-comunidades-y-grupos\/","title":{"rendered":"Descripciones de las Comunidades y Grupos"},"content":{"rendered":"<p><div class=\"fusion-fullwidth fullwidth-box fusion-builder-row-1 gradient-container-1 nonhundred-percent-fullwidth non-hundred-percent-height-scrolling\" style=\"--awb-border-radius-top-left:0px;--awb-border-radius-top-right:0px;--awb-border-radius-bottom-right:0px;--awb-border-radius-bottom-left:0px;--awb-background-color:#ffffff;--awb-flex-wrap:wrap;\" ><div class=\"fusion-builder-row fusion-row\"><div class=\"fusion-layout-column fusion_builder_column fusion-builder-column-0 fusion_builder_column_1_1 1_1 fusion-one-full fusion-column-first fusion-column-last fusion-animated\" style=\"--awb-padding-top:50px;--awb-padding-right:3%;--awb-padding-bottom:50px;--awb-padding-left:3%;--awb-bg-color:#ffffff;--awb-bg-color-hover:#ffffff;--awb-bg-size:cover;\" data-animationType=\"zoomIn\" data-animationDuration=\"0.3\" data-animationOffset=\"top-into-view\"><div class=\"fusion-column-wrapper fusion-column-has-shadow fusion-flex-column-wrapper-legacy\"><div class=\"fusion-text fusion-text-1\"><h1>Descripciones de las Comunidades y Grupos<\/h1>\n<h2 style=\"text-align: center;\"><img fetchpriority=\"high\" decoding=\"async\" class=\"alignnone size-400 wp-image-2297\" src=\"http:\/\/csl.org\/wp-content\/uploads\/sites\/8\/2019\/05\/earth-people-400x201.png\" alt=\"\" width=\"400\" height=\"201\" srcset=\"https:\/\/csl.org\/global\/wp-content\/uploads\/sites\/8\/2019\/05\/earth-people-200x101.png 200w, https:\/\/csl.org\/global\/wp-content\/uploads\/sites\/8\/2019\/05\/earth-people-300x151.png 300w, https:\/\/csl.org\/global\/wp-content\/uploads\/sites\/8\/2019\/05\/earth-people-400x201.png 400w, https:\/\/csl.org\/global\/wp-content\/uploads\/sites\/8\/2019\/05\/earth-people-540x272.png 540w, https:\/\/csl.org\/global\/wp-content\/uploads\/sites\/8\/2019\/05\/earth-people-600x302.png 600w, https:\/\/csl.org\/global\/wp-content\/uploads\/sites\/8\/2019\/05\/earth-people-768x386.png 768w, https:\/\/csl.org\/global\/wp-content\/uploads\/sites\/8\/2019\/05\/earth-people-800x403.png 800w, https:\/\/csl.org\/global\/wp-content\/uploads\/sites\/8\/2019\/05\/earth-people-1024x515.png 1024w, https:\/\/csl.org\/global\/wp-content\/uploads\/sites\/8\/2019\/05\/earth-people-1200x604.png 1200w, https:\/\/csl.org\/global\/wp-content\/uploads\/sites\/8\/2019\/05\/earth-people.png 1920w\" sizes=\"(max-width: 400px) 100vw, 400px\" \/><\/h2>\n<h2 style=\"text-align: center;\">Comunidades de Miembros<\/h2>\n<h2>Centros<\/h2>\n<p>\u2026.son Comunidades de Miembros dirigidas por Ministros licenciados y pueden ofrecer una gama completa de servicios espirituales que incluyen reuniones dominicales, clases de ense\u00f1anza y talleres.<\/p>\n<h2>Cap\u00edtulos de Ense\u00f1anza<\/h2>\n<p>\u2026.. son dirigidos por un Ministro o un Profesional Espiritual con licencia y tienen reuniones semanales durante la semana, a menos que est\u00e9n fuera de los EE.UU.\/Canad\u00e1 y tambi\u00e9n pueden tener reuniones los domingos. El enfoque es la ense\u00f1anza de la Ciencia de la Mente. Se ofrecen clases y talleres; se construye una comunidad, y a medida que el cap\u00edtulo crece en n\u00famero, pueden cambiar su estatus a un Centro.<\/p>\n<h2>Ministerios de Enfoque<\/h2>\n<p>\u2026..son entidades miembros, dirigidas por un Ministro autorizado, con un enfoque espec\u00edfico dise\u00f1ado para llevar la ense\u00f1anza de la Ciencia de la Mente al mundo de una manera que va m\u00e1s all\u00e1 de las comunidades tradicionales.<\/p>\n<h2 style=\"text-align: center;\">Entidades no afiliadas<\/h2>\n<p style=\"text-align: center;\">(nota: los grupos no miembros pueden solicitar ser Entidades Miembros)<\/p>\n<h2>Grupos de Estudio<\/h2>\n<p>\u2026..son establecidos por individuos que han sido aprobados por los Centros para la Vida Espiritual y tienen alg\u00fan entrenamiento, conocimiento de la Ciencia de la Mente y est\u00e1n ansiosos de compartir su conocimiento con otros. Los grupos de estudio se re\u00fanen para leer, discutir y aprender en un ambiente de grupo. Los grupos de estudio fuera de los EE.UU.\/Canad\u00e1 pueden ser aprobados para celebrar servicios y ense\u00f1ar clases certificadas.<\/p>\n<p><img decoding=\"async\" class=\"alignnone size-full wp-image-2719\" src=\"http:\/\/csl.org\/wp-content\/uploads\/sites\/8\/2019\/05\/CSL-group2.jpg\" alt=\"\" width=\"417\" height=\"253\" srcset=\"https:\/\/csl.org\/global\/wp-content\/uploads\/sites\/8\/2019\/05\/CSL-group2-200x121.jpg 200w, https:\/\/csl.org\/global\/wp-content\/uploads\/sites\/8\/2019\/05\/CSL-group2-300x182.jpg 300w, https:\/\/csl.org\/global\/wp-content\/uploads\/sites\/8\/2019\/05\/CSL-group2-400x243.jpg 400w, https:\/\/csl.org\/global\/wp-content\/uploads\/sites\/8\/2019\/05\/CSL-group2.jpg 417w\" sizes=\"(max-width: 417px) 100vw, 417px\" \/><\/p>\n<h2>C\u00edrculos de Vida Espiritual<\/h2>\n<p>&#8230;un concepto simple! Usted invita a un peque\u00f1o c\u00edrculo de amigos a reunirse para discutir las ideas sobre c\u00f3mo vivir una vida espiritual tal como se describe en las p\u00e1ginas de la revista Science of Mind. Le proporcionamos materiales gratuitos continuos por correo electr\u00f3nico para apoyar sus conversaciones! Para m\u00e1s informaci\u00f3n, por favor visite <a href=\"https:\/\/csl.org\/es\/comunidad-espiritual\/circulos-de-vida-espiritual\" target=\"_blank\" rel=\"noopener noreferrer\">aqu\u00ed<\/a>.<\/p>\n<p><img decoding=\"async\" class=\"alignnone wp-image-2718\" src=\"http:\/\/csl.org\/wp-content\/uploads\/sites\/8\/2019\/05\/CSL-group1.jpg\" alt=\"\" width=\"413\" height=\"299\" srcset=\"https:\/\/csl.org\/global\/wp-content\/uploads\/sites\/8\/2019\/05\/CSL-group1-200x145.jpg 200w, https:\/\/csl.org\/global\/wp-content\/uploads\/sites\/8\/2019\/05\/CSL-group1-300x217.jpg 300w, https:\/\/csl.org\/global\/wp-content\/uploads\/sites\/8\/2019\/05\/CSL-group1-400x289.jpg 400w, https:\/\/csl.org\/global\/wp-content\/uploads\/sites\/8\/2019\/05\/CSL-group1.jpg 401w\" sizes=\"(max-width: 413px) 100vw, 413px\" \/><\/p>\n<p>Por favor, tenga en cuenta! A medida que los Centros para la Vida Espiritual contin\u00faan trayendo la Ciencia de la Mente al mundo, puede haber nuevos tipos de comunidades que surjan en el futuro para expandir las ense\u00f1anzas en todo el mundo.<\/p>\n<p>&nbsp;<\/p>\n<\/div><div class=\"fusion-clearfix\"><\/div><\/div><\/div><\/div><\/div><div class=\"fusion-bg-parallax\" data-bg-align=\"center center\" data-direction=\"left\" data-mute=\"false\" data-opacity=\"100\" data-velocity=\"-0.7\" data-mobile-enabled=\"true\" data-break_parents=\"0\" data-bg-image=\"http:\/\/csl.org\/wp-content\/uploads\/sites\/8\/2019\/05\/celebration-.jpg\" data-bg-repeat=\"false\" ><\/div><div class=\"fusion-fullwidth fullwidth-box fusion-builder-row-2 fusion-parallax-left gradient-container-2 nonhundred-percent-fullwidth non-hundred-percent-height-scrolling\" style=\"--awb-border-radius-top-left:0px;--awb-border-radius-top-right:0px;--awb-border-radius-bottom-right:0px;--awb-border-radius-bottom-left:0px;--awb-background-image:url(&quot;http:\/\/csl.org\/wp-content\/uploads\/sites\/8\/2019\/05\/celebration-.jpg&quot;);--awb-background-size:cover;--awb-flex-wrap:wrap;\" ><div class=\"fusion-builder-row fusion-row\"><div class=\"fusion-layout-column fusion_builder_column fusion-builder-column-1 fusion_builder_column_1_1 1_1 fusion-one-full fusion-column-first fusion-column-last\" style=\"--awb-padding-top:250px;--awb-padding-right:200px;--awb-padding-bottom:250px;--awb-padding-left:200px;--awb-bg-size:cover;\"><div class=\"fusion-column-wrapper fusion-column-has-shadow fusion-flex-column-wrapper-legacy\"><div class=\"fusion-clearfix\"><\/div><\/div><\/div><\/div><\/div><\/p>\n","protected":false},"excerpt":{"rendered":"","protected":false},"author":1,"featured_media":0,"parent":4745,"menu_order":76,"comment_status":"closed","ping_status":"closed","template":"100-width.php","meta":{"_exactmetrics_skip_tracking":false,"_exactmetrics_sitenote_active":false,"_exactmetrics_sitenote_note":"","_exactmetrics_sitenote_category":0,"footnotes":""},"categories":[62],"tags":[],"class_list":["post-4454","page","type-page","status-publish","hentry","category-comunidad"],"yoast_head":"<!-- This site is optimized with the Yoast SEO plugin v23.1 - https:\/\/yoast.com\/wordpress\/plugins\/seo\/ -->\n<title>Descripciones de las Comunidades y Grupos - Global Services - Centers for Spiritual Living<\/title>\n<meta name=\"robots\" content=\"index, follow, max-snippet:-1, max-image-preview:large, max-video-preview:-1\" \/>\n<link rel=\"canonical\" href=\"https:\/\/csl.org\/global\/es\/comunidad\/eventos-globales\/descripciones-de-las-comunidades-y-grupos\/\" \/>\n<meta property=\"og:locale\" content=\"en_US\" \/>\n<meta property=\"og:type\" content=\"article\" \/>\n<meta property=\"og:title\" content=\"Descripciones de las Comunidades y Grupos - Global Services - Centers for Spiritual Living\" \/>\n<meta property=\"og:url\" content=\"https:\/\/csl.org\/global\/es\/comunidad\/eventos-globales\/descripciones-de-las-comunidades-y-grupos\/\" \/>\n<meta property=\"og:site_name\" content=\"Global Services - Centers for Spiritual Living\" \/>\n<meta property=\"article:modified_time\" content=\"2020-04-24T08:19:17+00:00\" \/>\n<meta property=\"og:image\" content=\"http:\/\/csl.org\/wp-content\/uploads\/sites\/8\/2019\/05\/earth-people-400x201.png\" \/>\n<meta name=\"twitter:card\" content=\"summary_large_image\" \/>\n<meta name=\"twitter:label1\" content=\"Est. reading time\" \/>\n\t<meta name=\"twitter:data1\" content=\"4 minutes\" \/>\n<script type=\"application\/ld+json\" class=\"yoast-schema-graph\">{\"@context\":\"https:\/\/schema.org\",\"@graph\":[{\"@type\":\"WebPage\",\"@id\":\"https:\/\/csl.org\/global\/es\/comunidad\/eventos-globales\/descripciones-de-las-comunidades-y-grupos\/\",\"url\":\"https:\/\/csl.org\/global\/es\/comunidad\/eventos-globales\/descripciones-de-las-comunidades-y-grupos\/\",\"name\":\"Descripciones de las Comunidades y Grupos - Global Services - Centers for Spiritual Living\",\"isPartOf\":{\"@id\":\"https:\/\/csl.org\/global\/de\/#website\"},\"primaryImageOfPage\":{\"@id\":\"https:\/\/csl.org\/global\/es\/comunidad\/eventos-globales\/descripciones-de-las-comunidades-y-grupos\/#primaryimage\"},\"image\":{\"@id\":\"https:\/\/csl.org\/global\/es\/comunidad\/eventos-globales\/descripciones-de-las-comunidades-y-grupos\/#primaryimage\"},\"thumbnailUrl\":\"http:\/\/csl.org\/wp-content\/uploads\/sites\/8\/2019\/05\/earth-people-400x201.png\",\"datePublished\":\"2020-01-21T14:22:44+00:00\",\"dateModified\":\"2020-04-24T08:19:17+00:00\",\"breadcrumb\":{\"@id\":\"https:\/\/csl.org\/global\/es\/comunidad\/eventos-globales\/descripciones-de-las-comunidades-y-grupos\/#breadcrumb\"},\"inLanguage\":\"en-US\",\"potentialAction\":[{\"@type\":\"ReadAction\",\"target\":[\"https:\/\/csl.org\/global\/es\/comunidad\/eventos-globales\/descripciones-de-las-comunidades-y-grupos\/\"]}]},{\"@type\":\"ImageObject\",\"inLanguage\":\"en-US\",\"@id\":\"https:\/\/csl.org\/global\/es\/comunidad\/eventos-globales\/descripciones-de-las-comunidades-y-grupos\/#primaryimage\",\"url\":\"http:\/\/csl.org\/wp-content\/uploads\/sites\/8\/2019\/05\/earth-people-400x201.png\",\"contentUrl\":\"http:\/\/csl.org\/wp-content\/uploads\/sites\/8\/2019\/05\/earth-people-400x201.png\"},{\"@type\":\"BreadcrumbList\",\"@id\":\"https:\/\/csl.org\/global\/es\/comunidad\/eventos-globales\/descripciones-de-las-comunidades-y-grupos\/#breadcrumb\",\"itemListElement\":[{\"@type\":\"ListItem\",\"position\":1,\"name\":\"COMUNIDAD\",\"item\":\"https:\/\/csl.org\/global\/es\/comunidad\/\"},{\"@type\":\"ListItem\",\"position\":2,\"name\":\"Eventos Globales\",\"item\":\"https:\/\/csl.org\/global\/es\/comunidad\/eventos-globales\/\"},{\"@type\":\"ListItem\",\"position\":3,\"name\":\"Descripciones de las Comunidades y Grupos\"}]},{\"@type\":\"WebSite\",\"@id\":\"https:\/\/csl.org\/global\/de\/#website\",\"url\":\"https:\/\/csl.org\/global\/de\/\",\"name\":\"Global Services - Centers for Spiritual Living\",\"description\":\"\",\"potentialAction\":[{\"@type\":\"SearchAction\",\"target\":{\"@type\":\"EntryPoint\",\"urlTemplate\":\"https:\/\/csl.org\/global\/de\/?s={search_term_string}\"},\"query-input\":\"required name=search_term_string\"}],\"inLanguage\":\"en-US\"}]}<\/script>\n<!-- \/ Yoast SEO plugin. -->","yoast_head_json":{"title":"Descripciones de las Comunidades y Grupos - Global Services - Centers for Spiritual Living","robots":{"index":"index","follow":"follow","max-snippet":"max-snippet:-1","max-image-preview":"max-image-preview:large","max-video-preview":"max-video-preview:-1"},"canonical":"https:\/\/csl.org\/global\/es\/comunidad\/eventos-globales\/descripciones-de-las-comunidades-y-grupos\/","og_locale":"en_US","og_type":"article","og_title":"Descripciones de las Comunidades y Grupos - Global Services - Centers for Spiritual Living","og_url":"https:\/\/csl.org\/global\/es\/comunidad\/eventos-globales\/descripciones-de-las-comunidades-y-grupos\/","og_site_name":"Global Services - Centers for Spiritual Living","article_modified_time":"2020-04-24T08:19:17+00:00","og_image":[{"url":"http:\/\/csl.org\/wp-content\/uploads\/sites\/8\/2019\/05\/earth-people-400x201.png"}],"twitter_card":"summary_large_image","twitter_misc":{"Est. reading time":"4 minutes"},"schema":{"@context":"https:\/\/schema.org","@graph":[{"@type":"WebPage","@id":"https:\/\/csl.org\/global\/es\/comunidad\/eventos-globales\/descripciones-de-las-comunidades-y-grupos\/","url":"https:\/\/csl.org\/global\/es\/comunidad\/eventos-globales\/descripciones-de-las-comunidades-y-grupos\/","name":"Descripciones de las Comunidades y Grupos - Global Services - Centers for Spiritual Living","isPartOf":{"@id":"https:\/\/csl.org\/global\/de\/#website"},"primaryImageOfPage":{"@id":"https:\/\/csl.org\/global\/es\/comunidad\/eventos-globales\/descripciones-de-las-comunidades-y-grupos\/#primaryimage"},"image":{"@id":"https:\/\/csl.org\/global\/es\/comunidad\/eventos-globales\/descripciones-de-las-comunidades-y-grupos\/#primaryimage"},"thumbnailUrl":"http:\/\/csl.org\/wp-content\/uploads\/sites\/8\/2019\/05\/earth-people-400x201.png","datePublished":"2020-01-21T14:22:44+00:00","dateModified":"2020-04-24T08:19:17+00:00","breadcrumb":{"@id":"https:\/\/csl.org\/global\/es\/comunidad\/eventos-globales\/descripciones-de-las-comunidades-y-grupos\/#breadcrumb"},"inLanguage":"en-US","potentialAction":[{"@type":"ReadAction","target":["https:\/\/csl.org\/global\/es\/comunidad\/eventos-globales\/descripciones-de-las-comunidades-y-grupos\/"]}]},{"@type":"ImageObject","inLanguage":"en-US","@id":"https:\/\/csl.org\/global\/es\/comunidad\/eventos-globales\/descripciones-de-las-comunidades-y-grupos\/#primaryimage","url":"http:\/\/csl.org\/wp-content\/uploads\/sites\/8\/2019\/05\/earth-people-400x201.png","contentUrl":"http:\/\/csl.org\/wp-content\/uploads\/sites\/8\/2019\/05\/earth-people-400x201.png"},{"@type":"BreadcrumbList","@id":"https:\/\/csl.org\/global\/es\/comunidad\/eventos-globales\/descripciones-de-las-comunidades-y-grupos\/#breadcrumb","itemListElement":[{"@type":"ListItem","position":1,"name":"COMUNIDAD","item":"https:\/\/csl.org\/global\/es\/comunidad\/"},{"@type":"ListItem","position":2,"name":"Eventos Globales","item":"https:\/\/csl.org\/global\/es\/comunidad\/eventos-globales\/"},{"@type":"ListItem","position":3,"name":"Descripciones de las Comunidades y Grupos"}]},{"@type":"WebSite","@id":"https:\/\/csl.org\/global\/de\/#website","url":"https:\/\/csl.org\/global\/de\/","name":"Global Services - Centers for Spiritual Living","description":"","potentialAction":[{"@type":"SearchAction","target":{"@type":"EntryPoint","urlTemplate":"https:\/\/csl.org\/global\/de\/?s={search_term_string}"},"query-input":"required name=search_term_string"}],"inLanguage":"en-US"}]}},"_links":{"self":[{"href":"https:\/\/csl.org\/global\/wp-json\/wp\/v2\/pages\/4454"}],"collection":[{"href":"https:\/\/csl.org\/global\/wp-json\/wp\/v2\/pages"}],"about":[{"href":"https:\/\/csl.org\/global\/wp-json\/wp\/v2\/types\/page"}],"author":[{"embeddable":true,"href":"https:\/\/csl.org\/global\/wp-json\/wp\/v2\/users\/1"}],"replies":[{"embeddable":true,"href":"https:\/\/csl.org\/global\/wp-json\/wp\/v2\/comments?post=4454"}],"version-history":[{"count":2,"href":"https:\/\/csl.org\/global\/wp-json\/wp\/v2\/pages\/4454\/revisions"}],"predecessor-version":[{"id":5666,"href":"https:\/\/csl.org\/global\/wp-json\/wp\/v2\/pages\/4454\/revisions\/5666"}],"up":[{"embeddable":true,"href":"https:\/\/csl.org\/global\/wp-json\/wp\/v2\/pages\/4745"}],"wp:attachment":[{"href":"https:\/\/csl.org\/global\/wp-json\/wp\/v2\/media?parent=4454"}],"wp:term":[{"taxonomy":"category","embeddable":true,"href":"https:\/\/csl.org\/global\/wp-json\/wp\/v2\/categories?post=4454"},{"taxonomy":"post_tag","embeddable":true,"href":"https:\/\/csl.org\/global\/wp-json\/wp\/v2\/tags?post=4454"}],"curies":[{"name":"wp","href":"https:\/\/api.w.org\/{rel}","templated":true}]}}