{"id":4607,"date":"2020-01-22T13:13:43","date_gmt":"2020-01-22T13:13:43","guid":{"rendered":"https:\/\/csl.org\/global\/programa-de-partenariado\/"},"modified":"2020-07-06T09:44:04","modified_gmt":"2020-07-06T09:44:04","slug":"programa-de-partenariado","status":"publish","type":"page","link":"https:\/\/csl.org\/global\/servicio\/apoyando-a-las-comunidades-globales\/programa-de-partenariado\/","title":{"rendered":"Programa de partenariado"},"content":{"rendered":"<p><div class=\"fusion-fullwidth fullwidth-box fusion-builder-row-1 gradient-container-1 nonhundred-percent-fullwidth non-hundred-percent-height-scrolling\" style=\"--awb-border-radius-top-left:0px;--awb-border-radius-top-right:0px;--awb-border-radius-bottom-right:0px;--awb-border-radius-bottom-left:0px;--awb-background-color:#ffffff;--awb-flex-wrap:wrap;\" ><div class=\"fusion-builder-row fusion-row\"><div class=\"fusion-layout-column fusion_builder_column fusion-builder-column-0 fusion_builder_column_1_1 1_1 fusion-one-full fusion-column-first fusion-column-last fusion-animated\" style=\"--awb-padding-top:50px;--awb-padding-right:3%;--awb-padding-bottom:50px;--awb-padding-left:3%;--awb-bg-color:#ffffff;--awb-bg-color-hover:#ffffff;--awb-bg-size:cover;\" data-animationType=\"zoomInLeft\" data-animationDuration=\"0.3\" data-animationOffset=\"top-into-view\"><div class=\"fusion-column-wrapper fusion-column-has-shadow fusion-flex-column-wrapper-legacy\"><div class=\"fusion-text fusion-text-1\"><h1>Programa de Asociaci\u00f3n de Servicios Globales<\/h1>\n<p>&nbsp;<\/p>\n<p>Escuche a algunos de nuestros l\u00edderes de grupo de todo el mundo describir c\u00f3mo este programa podr\u00eda apoyarlos!<\/p>\n<h2>La Misi\u00f3n<\/h2>\n<p>Global Services impulsa y apoya el alcance global de los Centros para la Vida Espiritual.<\/p>\n<p>Proporcionamos herramientas espirituales para la transformaci\u00f3n personal y global a comunidades alrededor del mundo.<\/p>\n<p>\u00bfLa ense\u00f1anza de SOM ha hecho una diferencia en su vida?<\/p>\n<p>\u00bfLe gustar\u00eda asociarse con una comunidad global para dar este regalo?<\/p>\n<h2>Asociarse es f\u00e1cil!<\/h2>\n<p>Convertirse en socio es f\u00e1cil.<\/p>\n<p>USTED puede desempe\u00f1ar un papel importante en la creaci\u00f3n de un mundo que funcione para todos.<\/p>\n<div id=\"attachment_4609\" style=\"width: 410px\" class=\"wp-caption alignnone\"><img fetchpriority=\"high\" decoding=\"async\" aria-describedby=\"caption-attachment-4609\" class=\"wp-image-2690 size-full\" src=\"http:\/\/csl.org\/wp-content\/uploads\/sites\/8\/2019\/05\/CSL_Group_1.jpg\" alt=\"\" width=\"400\" height=\"296\" srcset=\"https:\/\/csl.org\/global\/wp-content\/uploads\/sites\/8\/2019\/05\/CSL_Group_1-200x148.jpg 200w, https:\/\/csl.org\/global\/wp-content\/uploads\/sites\/8\/2019\/05\/CSL_Group_1-300x222.jpg 300w, https:\/\/csl.org\/global\/wp-content\/uploads\/sites\/8\/2019\/05\/CSL_Group_1.jpg 400w\" sizes=\"(max-width: 400px) 100vw, 400px\" \/><p id=\"caption-attachment-4609\" class=\"wp-caption-text\">CSL Las Vegas &amp; TEMENOS Ucrania J\u00f3venes Adultos<\/p><\/div>\n<h2>Aqu\u00ed est\u00e1 el porqu\u00e9<\/h2>\n<ul>\n<li>Aprendemos, crecemos, evolucionamos y nos expandimos cuando nos asociamos y colaboramos con varias culturas, or\u00edgenes y pueblos.<\/li>\n<li>Aumentamos nuestra capacidad y comprensi\u00f3n de la diversidad, el servicio y la abundancia tanto en nuestras comunidades como en el mundo.<\/li>\n<li>Nos conectamos con otras personas de ideas afines en nuestras comunidades globales, apoyando el crecimiento de esta poderosa ense\u00f1anza de la Ciencia de la Mente en el mundo.<\/li>\n<\/ul>\n<div id=\"attachment_4614\" style=\"width: 410px\" class=\"wp-caption alignnone\"><img decoding=\"async\" aria-describedby=\"caption-attachment-4614\" class=\"wp-image-2691 size-full\" src=\"http:\/\/csl.org\/wp-content\/uploads\/sites\/8\/2019\/05\/CSL_Group_2.jpg\" alt=\"\" width=\"400\" height=\"256\" srcset=\"https:\/\/csl.org\/global\/wp-content\/uploads\/sites\/8\/2019\/05\/CSL_Group_2-200x128.jpg 200w, https:\/\/csl.org\/global\/wp-content\/uploads\/sites\/8\/2019\/05\/CSL_Group_2-300x192.jpg 300w, https:\/\/csl.org\/global\/wp-content\/uploads\/sites\/8\/2019\/05\/CSL_Group_2.jpg 400w\" sizes=\"(max-width: 400px) 100vw, 400px\" \/><p id=\"caption-attachment-4614\" class=\"wp-caption-text\">Temenos Ucrania con la Rev. Barbara Leger y el Dr. Kenn Gordon<\/p><\/div>\n<h2>Ejemplos de actividades de partenariado<\/h2>\n<ul>\n<li>Organice un Domingo Mundial &#8211; una actividad de construcci\u00f3n de la comunidad para su centro que aumente la conciencia sobre su partenariado.<\/li>\n<li>Organice un evento cultural en su centro: (Almuerzo de Borscht, servicio tem\u00e1tico de comidas r\u00e1pidas o interreligioso, artes y movimientos culturales).<\/li>\n<li>Comparta informaci\u00f3n sobre sus comunidades y la Ciencia de la Mente en l\u00ednea (capacitaci\u00f3n, apoyo en la oraci\u00f3n, m\u00fasica y m\u00e1s).<\/li>\n<li>Conecta tu programa juvenil con los j\u00f3venes de tu pareja (considera compartir el Concurso de Ensayos sobre las Leyes de la Vida de Ucrania).<\/li>\n<li>Apoyo financiero directo para un centro en el extranjero.<\/li>\n<li>Apoyar las conferencias internacionales mediante la participaci\u00f3n y asistencia de su comunidad a los pa\u00edses del programa de partenariado.<\/li>\n<\/ul>\n<h2>Pa\u00edses que participan en el programa de partenariado<\/h2>\n<p>Per\u00fa, Ucrania, M\u00e9xico, Inglaterra, Suiza, Kenia, Sud\u00e1frica, Rusia, Jamaica, Australia, Costa Rica y muchos m\u00e1s por venir!<\/p>\n<div id=\"attachment_4619\" style=\"width: 410px\" class=\"wp-caption alignnone\"><img decoding=\"async\" aria-describedby=\"caption-attachment-4619\" class=\"wp-image-2692 size-full\" src=\"http:\/\/csl.org\/wp-content\/uploads\/sites\/8\/2019\/05\/CSL_group_3.jpg\" alt=\"\" width=\"400\" height=\"265\" srcset=\"https:\/\/csl.org\/global\/wp-content\/uploads\/sites\/8\/2019\/05\/CSL_group_3-200x133.jpg 200w, https:\/\/csl.org\/global\/wp-content\/uploads\/sites\/8\/2019\/05\/CSL_group_3-300x199.jpg 300w, https:\/\/csl.org\/global\/wp-content\/uploads\/sites\/8\/2019\/05\/CSL_group_3.jpg 400w\" sizes=\"(max-width: 400px) 100vw, 400px\" \/><p id=\"caption-attachment-4619\" class=\"wp-caption-text\">CSL Shanghai, China, con el Rev. Bob Applegate<\/p><\/div>\n<h2>Niveles de partenariado<\/h2>\n<p>Hay muchos niveles de asociaci\u00f3n. Contacta con cualquiera de los miembros del Equipo de Servicios Globales y averigua c\u00f3mo puedes convertirte en un socio!<\/p>\n<h2>Cont\u00e1ctese con nosotros<\/h2>\n<p><strong>Para participar, por favor <a href=\"http:\/\/csl.org\/global\/es\/contactenos\/\">cont\u00e1ctenos<\/a><\/strong><\/p>\n<p><div id=\"attachment_4624\" style=\"width: 415px\" class=\"wp-caption alignnone\"><img loading=\"lazy\" decoding=\"async\" aria-describedby=\"caption-attachment-4624\" class=\"wp-image-2693 size-full\" src=\"http:\/\/csl.org\/wp-content\/uploads\/sites\/8\/2019\/05\/CSL_Group_4.jpg\" alt=\"\" width=\"405\" height=\"242\" srcset=\"https:\/\/csl.org\/global\/wp-content\/uploads\/sites\/8\/2019\/05\/CSL_Group_4-200x120.jpg 200w, https:\/\/csl.org\/global\/wp-content\/uploads\/sites\/8\/2019\/05\/CSL_Group_4-300x179.jpg 300w, https:\/\/csl.org\/global\/wp-content\/uploads\/sites\/8\/2019\/05\/CSL_Group_4-400x239.jpg 400w, https:\/\/csl.org\/global\/wp-content\/uploads\/sites\/8\/2019\/05\/CSL_Group_4.jpg 405w\" sizes=\"(max-width: 405px) 100vw, 405px\" \/><p id=\"caption-attachment-4624\" class=\"wp-caption-text\">Rev. Connie Phelps, Nairobi, Kenia<\/p><\/div> <div id=\"attachment_5699\" style=\"width: 415px\" class=\"wp-caption alignnone\"><img loading=\"lazy\" decoding=\"async\" aria-describedby=\"caption-attachment-5699\" class=\"wp-image-5699 \" src=\"http:\/\/csl.org\/wp-content\/uploads\/sites\/8\/2020\/04\/CSL_Group-5.jpg\" alt=\"\" width=\"405\" height=\"258\" srcset=\"https:\/\/csl.org\/global\/wp-content\/uploads\/sites\/8\/2020\/04\/CSL_Group-5-200x127.jpg 200w, https:\/\/csl.org\/global\/wp-content\/uploads\/sites\/8\/2020\/04\/CSL_Group-5-300x191.jpg 300w, https:\/\/csl.org\/global\/wp-content\/uploads\/sites\/8\/2020\/04\/CSL_Group-5.jpg 380w\" sizes=\"(max-width: 405px) 100vw, 405px\" \/><p id=\"caption-attachment-5699\" class=\"wp-caption-text\">Entheos en Peru, Dr. Rebeka Pi\u00f1a<\/p><\/div><\/p>\n<p>&nbsp;<\/p>\n<\/div><div class=\"fusion-clearfix\"><\/div><\/div><\/div><\/div><\/div><div class=\"fusion-bg-parallax\" data-bg-align=\"center center\" data-direction=\"up\" data-mute=\"false\" data-opacity=\"100\" data-velocity=\"-0.7\" data-mobile-enabled=\"true\" data-break_parents=\"0\" data-bg-image=\"http:\/\/csl.org\/wp-content\/uploads\/sites\/8\/2019\/05\/people-sand-heart-1024x657.jpg\" data-bg-repeat=\"false\" ><\/div><div class=\"fusion-fullwidth fullwidth-box fusion-builder-row-2 fusion-parallax-up gradient-container-2 nonhundred-percent-fullwidth non-hundred-percent-height-scrolling\" style=\"--awb-border-radius-top-left:0px;--awb-border-radius-top-right:0px;--awb-border-radius-bottom-right:0px;--awb-border-radius-bottom-left:0px;--awb-background-image:url(&quot;http:\/\/csl.org\/wp-content\/uploads\/sites\/8\/2019\/05\/people-sand-heart-1024x657.jpg&quot;);--awb-background-size:cover;--awb-flex-wrap:wrap;\" ><div class=\"fusion-builder-row fusion-row\"><div class=\"fusion-layout-column fusion_builder_column fusion-builder-column-1 fusion_builder_column_1_1 1_1 fusion-one-full fusion-column-first fusion-column-last\" style=\"--awb-padding-top:250px;--awb-padding-right:200px;--awb-padding-bottom:250px;--awb-padding-left:200px;--awb-bg-size:cover;\"><div class=\"fusion-column-wrapper fusion-column-has-shadow fusion-flex-column-wrapper-legacy\"><div class=\"fusion-clearfix\"><\/div><\/div><\/div><\/div><\/div><\/p>\n","protected":false},"excerpt":{"rendered":"","protected":false},"author":1,"featured_media":0,"parent":4641,"menu_order":228,"comment_status":"closed","ping_status":"closed","template":"100-width.php","meta":{"_exactmetrics_skip_tracking":false,"_exactmetrics_sitenote_active":false,"_exactmetrics_sitenote_note":"","_exactmetrics_sitenote_category":0,"footnotes":""},"categories":[65],"tags":[],"class_list":["post-4607","page","type-page","status-publish","hentry","category-servicio"],"yoast_head":"<!-- This site is optimized with the Yoast SEO plugin v23.1 - https:\/\/yoast.com\/wordpress\/plugins\/seo\/ -->\n<title>Programa de partenariado - Global Services - Centers for Spiritual Living<\/title>\n<meta name=\"robots\" content=\"index, follow, max-snippet:-1, max-image-preview:large, max-video-preview:-1\" \/>\n<link rel=\"canonical\" href=\"https:\/\/csl.org\/global\/es\/servicio\/apoyando-a-las-comunidades-globales\/programa-de-partenariado\/\" \/>\n<meta property=\"og:locale\" content=\"en_US\" \/>\n<meta property=\"og:type\" content=\"article\" \/>\n<meta property=\"og:title\" content=\"Programa de partenariado - Global Services - Centers for Spiritual Living\" \/>\n<meta property=\"og:url\" content=\"https:\/\/csl.org\/global\/es\/servicio\/apoyando-a-las-comunidades-globales\/programa-de-partenariado\/\" \/>\n<meta property=\"og:site_name\" content=\"Global Services - Centers for Spiritual Living\" \/>\n<meta property=\"article:modified_time\" content=\"2020-07-06T09:44:04+00:00\" \/>\n<meta property=\"og:image\" content=\"http:\/\/csl.org\/wp-content\/uploads\/sites\/8\/2019\/05\/CSL_Group_1.jpg\" \/>\n<meta name=\"twitter:card\" content=\"summary_large_image\" \/>\n<meta name=\"twitter:label1\" content=\"Est. reading time\" \/>\n\t<meta name=\"twitter:data1\" content=\"5 minutes\" \/>\n<script type=\"application\/ld+json\" class=\"yoast-schema-graph\">{\"@context\":\"https:\/\/schema.org\",\"@graph\":[{\"@type\":\"WebPage\",\"@id\":\"https:\/\/csl.org\/global\/es\/servicio\/apoyando-a-las-comunidades-globales\/programa-de-partenariado\/\",\"url\":\"https:\/\/csl.org\/global\/es\/servicio\/apoyando-a-las-comunidades-globales\/programa-de-partenariado\/\",\"name\":\"Programa de partenariado - Global Services - Centers for Spiritual Living\",\"isPartOf\":{\"@id\":\"https:\/\/csl.org\/global\/de\/#website\"},\"primaryImageOfPage\":{\"@id\":\"https:\/\/csl.org\/global\/es\/servicio\/apoyando-a-las-comunidades-globales\/programa-de-partenariado\/#primaryimage\"},\"image\":{\"@id\":\"https:\/\/csl.org\/global\/es\/servicio\/apoyando-a-las-comunidades-globales\/programa-de-partenariado\/#primaryimage\"},\"thumbnailUrl\":\"http:\/\/csl.org\/wp-content\/uploads\/sites\/8\/2019\/05\/CSL_Group_1.jpg\",\"datePublished\":\"2020-01-22T13:13:43+00:00\",\"dateModified\":\"2020-07-06T09:44:04+00:00\",\"breadcrumb\":{\"@id\":\"https:\/\/csl.org\/global\/es\/servicio\/apoyando-a-las-comunidades-globales\/programa-de-partenariado\/#breadcrumb\"},\"inLanguage\":\"en-US\",\"potentialAction\":[{\"@type\":\"ReadAction\",\"target\":[\"https:\/\/csl.org\/global\/es\/servicio\/apoyando-a-las-comunidades-globales\/programa-de-partenariado\/\"]}]},{\"@type\":\"ImageObject\",\"inLanguage\":\"en-US\",\"@id\":\"https:\/\/csl.org\/global\/es\/servicio\/apoyando-a-las-comunidades-globales\/programa-de-partenariado\/#primaryimage\",\"url\":\"http:\/\/csl.org\/wp-content\/uploads\/sites\/8\/2019\/05\/CSL_Group_1.jpg\",\"contentUrl\":\"http:\/\/csl.org\/wp-content\/uploads\/sites\/8\/2019\/05\/CSL_Group_1.jpg\"},{\"@type\":\"BreadcrumbList\",\"@id\":\"https:\/\/csl.org\/global\/es\/servicio\/apoyando-a-las-comunidades-globales\/programa-de-partenariado\/#breadcrumb\",\"itemListElement\":[{\"@type\":\"ListItem\",\"position\":1,\"name\":\"SERVICIOS\",\"item\":\"https:\/\/csl.org\/global\/es\/servicio\/\"},{\"@type\":\"ListItem\",\"position\":2,\"name\":\"Apoyando a las comunidades globales\",\"item\":\"https:\/\/csl.org\/global\/es\/servicio\/apoyando-a-las-comunidades-globales\/\"},{\"@type\":\"ListItem\",\"position\":3,\"name\":\"Programa de partenariado\"}]},{\"@type\":\"WebSite\",\"@id\":\"https:\/\/csl.org\/global\/de\/#website\",\"url\":\"https:\/\/csl.org\/global\/de\/\",\"name\":\"Global Services - Centers for Spiritual Living\",\"description\":\"\",\"potentialAction\":[{\"@type\":\"SearchAction\",\"target\":{\"@type\":\"EntryPoint\",\"urlTemplate\":\"https:\/\/csl.org\/global\/de\/?s={search_term_string}\"},\"query-input\":\"required name=search_term_string\"}],\"inLanguage\":\"en-US\"}]}<\/script>\n<!-- \/ Yoast SEO plugin. -->","yoast_head_json":{"title":"Programa de partenariado - Global Services - Centers for Spiritual Living","robots":{"index":"index","follow":"follow","max-snippet":"max-snippet:-1","max-image-preview":"max-image-preview:large","max-video-preview":"max-video-preview:-1"},"canonical":"https:\/\/csl.org\/global\/es\/servicio\/apoyando-a-las-comunidades-globales\/programa-de-partenariado\/","og_locale":"en_US","og_type":"article","og_title":"Programa de partenariado - Global Services - Centers for Spiritual Living","og_url":"https:\/\/csl.org\/global\/es\/servicio\/apoyando-a-las-comunidades-globales\/programa-de-partenariado\/","og_site_name":"Global Services - Centers for Spiritual Living","article_modified_time":"2020-07-06T09:44:04+00:00","og_image":[{"url":"http:\/\/csl.org\/wp-content\/uploads\/sites\/8\/2019\/05\/CSL_Group_1.jpg"}],"twitter_card":"summary_large_image","twitter_misc":{"Est. reading time":"5 minutes"},"schema":{"@context":"https:\/\/schema.org","@graph":[{"@type":"WebPage","@id":"https:\/\/csl.org\/global\/es\/servicio\/apoyando-a-las-comunidades-globales\/programa-de-partenariado\/","url":"https:\/\/csl.org\/global\/es\/servicio\/apoyando-a-las-comunidades-globales\/programa-de-partenariado\/","name":"Programa de partenariado - Global Services - Centers for Spiritual Living","isPartOf":{"@id":"https:\/\/csl.org\/global\/de\/#website"},"primaryImageOfPage":{"@id":"https:\/\/csl.org\/global\/es\/servicio\/apoyando-a-las-comunidades-globales\/programa-de-partenariado\/#primaryimage"},"image":{"@id":"https:\/\/csl.org\/global\/es\/servicio\/apoyando-a-las-comunidades-globales\/programa-de-partenariado\/#primaryimage"},"thumbnailUrl":"http:\/\/csl.org\/wp-content\/uploads\/sites\/8\/2019\/05\/CSL_Group_1.jpg","datePublished":"2020-01-22T13:13:43+00:00","dateModified":"2020-07-06T09:44:04+00:00","breadcrumb":{"@id":"https:\/\/csl.org\/global\/es\/servicio\/apoyando-a-las-comunidades-globales\/programa-de-partenariado\/#breadcrumb"},"inLanguage":"en-US","potentialAction":[{"@type":"ReadAction","target":["https:\/\/csl.org\/global\/es\/servicio\/apoyando-a-las-comunidades-globales\/programa-de-partenariado\/"]}]},{"@type":"ImageObject","inLanguage":"en-US","@id":"https:\/\/csl.org\/global\/es\/servicio\/apoyando-a-las-comunidades-globales\/programa-de-partenariado\/#primaryimage","url":"http:\/\/csl.org\/wp-content\/uploads\/sites\/8\/2019\/05\/CSL_Group_1.jpg","contentUrl":"http:\/\/csl.org\/wp-content\/uploads\/sites\/8\/2019\/05\/CSL_Group_1.jpg"},{"@type":"BreadcrumbList","@id":"https:\/\/csl.org\/global\/es\/servicio\/apoyando-a-las-comunidades-globales\/programa-de-partenariado\/#breadcrumb","itemListElement":[{"@type":"ListItem","position":1,"name":"SERVICIOS","item":"https:\/\/csl.org\/global\/es\/servicio\/"},{"@type":"ListItem","position":2,"name":"Apoyando a las comunidades globales","item":"https:\/\/csl.org\/global\/es\/servicio\/apoyando-a-las-comunidades-globales\/"},{"@type":"ListItem","position":3,"name":"Programa de partenariado"}]},{"@type":"WebSite","@id":"https:\/\/csl.org\/global\/de\/#website","url":"https:\/\/csl.org\/global\/de\/","name":"Global Services - Centers for Spiritual Living","description":"","potentialAction":[{"@type":"SearchAction","target":{"@type":"EntryPoint","urlTemplate":"https:\/\/csl.org\/global\/de\/?s={search_term_string}"},"query-input":"required name=search_term_string"}],"inLanguage":"en-US"}]}},"_links":{"self":[{"href":"https:\/\/csl.org\/global\/wp-json\/wp\/v2\/pages\/4607"}],"collection":[{"href":"https:\/\/csl.org\/global\/wp-json\/wp\/v2\/pages"}],"about":[{"href":"https:\/\/csl.org\/global\/wp-json\/wp\/v2\/types\/page"}],"author":[{"embeddable":true,"href":"https:\/\/csl.org\/global\/wp-json\/wp\/v2\/users\/1"}],"replies":[{"embeddable":true,"href":"https:\/\/csl.org\/global\/wp-json\/wp\/v2\/comments?post=4607"}],"version-history":[{"count":5,"href":"https:\/\/csl.org\/global\/wp-json\/wp\/v2\/pages\/4607\/revisions"}],"predecessor-version":[{"id":7192,"href":"https:\/\/csl.org\/global\/wp-json\/wp\/v2\/pages\/4607\/revisions\/7192"}],"up":[{"embeddable":true,"href":"https:\/\/csl.org\/global\/wp-json\/wp\/v2\/pages\/4641"}],"wp:attachment":[{"href":"https:\/\/csl.org\/global\/wp-json\/wp\/v2\/media?parent=4607"}],"wp:term":[{"taxonomy":"category","embeddable":true,"href":"https:\/\/csl.org\/global\/wp-json\/wp\/v2\/categories?post=4607"},{"taxonomy":"post_tag","embeddable":true,"href":"https:\/\/csl.org\/global\/wp-json\/wp\/v2\/tags?post=4607"}],"curies":[{"name":"wp","href":"https:\/\/api.w.org\/{rel}","templated":true}]}}