{"id":4634,"date":"2020-01-22T13:34:23","date_gmt":"2020-01-22T13:34:23","guid":{"rendered":"https:\/\/csl.org\/global\/donaciones\/"},"modified":"2020-09-04T14:31:03","modified_gmt":"2020-09-04T14:31:03","slug":"donaciones","status":"publish","type":"page","link":"https:\/\/csl.org\/global\/servicio\/apoyando-a-las-comunidades-globales\/donaciones\/","title":{"rendered":"Donaciones"},"content":{"rendered":"<p><div class=\"fusion-fullwidth fullwidth-box fusion-builder-row-1 gradient-container-1 nonhundred-percent-fullwidth non-hundred-percent-height-scrolling\" style=\"--awb-border-radius-top-left:0px;--awb-border-radius-top-right:0px;--awb-border-radius-bottom-right:0px;--awb-border-radius-bottom-left:0px;--awb-background-color:#ffffff;--awb-flex-wrap:wrap;\" ><div class=\"fusion-builder-row fusion-row\"><div class=\"fusion-layout-column fusion_builder_column fusion-builder-column-0 fusion_builder_column_1_1 1_1 fusion-one-full fusion-column-first fusion-column-last fusion-animated\" style=\"--awb-padding-top:50px;--awb-padding-right:3%;--awb-padding-bottom:50px;--awb-padding-left:3%;--awb-bg-color:#ffffff;--awb-bg-color-hover:#ffffff;--awb-bg-size:cover;\" data-animationType=\"zoomInLeft\" data-animationDuration=\"0.3\" data-animationOffset=\"top-into-view\"><div class=\"fusion-column-wrapper fusion-column-has-shadow fusion-flex-column-wrapper-legacy\"><div class=\"fusion-text fusion-text-1\"><h1>Donaciones<\/h1>\n<h3 style=\"text-align: center;\">Usted hace la diferencia<\/h3>\n<h2>Dar<\/h2>\n<p style=\"text-align: center;\"><strong><span style=\"color: #666699;\">Gratificaci\u00f3n. Complacencia. Satisfacci\u00f3n. Alegr\u00eda. Conexi\u00f3n.<\/span><\/strong><\/p>\n<p><img fetchpriority=\"high\" decoding=\"async\" class=\"size-full wp-image-2562 alignright\" src=\"http:\/\/csl.org\/wp-content\/uploads\/sites\/8\/2019\/05\/You_make_a_difference.jpg\" alt=\"Donate\" width=\"400\" height=\"417\" srcset=\"https:\/\/csl.org\/global\/wp-content\/uploads\/sites\/8\/2019\/05\/You_make_a_difference-200x209.jpg 200w, https:\/\/csl.org\/global\/wp-content\/uploads\/sites\/8\/2019\/05\/You_make_a_difference-288x300.jpg 288w, https:\/\/csl.org\/global\/wp-content\/uploads\/sites\/8\/2019\/05\/You_make_a_difference.jpg 400w\" sizes=\"(max-width: 400px) 100vw, 400px\" \/>Estas son s\u00f3lo algunas de las palabras que describen los sentimientos que las personas tienen cuando hacen un regalo. Todos ellos testificar\u00e1n que no se trata de dinero &#8211; se trata del Sue\u00f1o &#8211; la Visi\u00f3n &#8211; el Prop\u00f3sito.<\/p>\n<p>El acto de Dar y Regalar lleva inmediatamente al acto de Recibir &#8211; ya que uno no puede existir sin el otro. En una bella simetr\u00eda, el Recibir lleva de nuevo al Dar &#8211; a la gente.<\/p>\n<p>Ya sea a trav\u00e9s del flujo del regalo recibido en forma de educaci\u00f3n, distribuci\u00f3n y empaquetado de alimentos, ayudando a una comunidad reci\u00e9n formada de Ciencia de la Mente a comenzar, ayudando a sufragar los gastos de un personal casi totalmente voluntario, hay una gran sinergia que se produce con las ofrendas de amor y las donaciones. M\u00e1s que nada, es la gente que llega a compartir estos sentimientos con otras personas. Nosotros creemos esto; tal vez usted tambi\u00e9n.<\/p>\n<h2>Donaci\u00f3n<\/h2>\n<p>Si desea compartir los Sentimientos que vienen de dar, por favor use el enlace de abajo para donar a &#8220;un mundo que funciona para todos&#8221;. Con el fin de apoyar espec\u00edficamente la obra de Servicios Internacionales, despu\u00e9s de hacer su donaci\u00f3n, por favor SELECCIONE &#8220;Servicios Internacionales&#8221; en el cuadro desplegable &#8220;Designaci\u00f3n&#8221;. Haz la diferencia &#8211; Dona ahora a Servicios Internacionales.<\/p>\n<div class=\"fusion-aligncenter\"><a class=\"fusion-button button-flat fusion-button-default-size button-default fusion-button-default button-1 fusion-button-default-span fusion-button-default-type\" style=\"--button-border-radius-top-left:0px;--button-border-radius-top-right:0px;--button-border-radius-bottom-right:0px;--button-border-radius-bottom-left:0px;\" target=\"_blank\" rel=\"noopener noreferrer\" href=\"https:\/\/csl-org.secure.force.com\/aakpay__checkout?key=a251N000007zyDN&amp;Token=VombG0YweVQzARv_2Fh7_2FgSFnbTCuZphg6WC5v72E9HxQ_3D\"><span class=\"fusion-button-text\">Done ahora<\/span><\/a><\/div>\n<h2>Patrocinador\/Donaci\u00f3n de legado<\/h2>\n<p>Y, si desea participar en un nivel m\u00e1s profundo, nos honrar\u00eda darle la bienvenida como Patrocinador de Global Services o participar en un Regalo de Legado a Global Services. Por favor contacte a Rev Martha Quintana en <a href=\"&#x6d;&#x61;&#105;l&#x74;&#x6f;&#58;mq&#x75;&#x69;&#110;t&#x61;&#x6e;&#97;&#64;c&#x73;&#x6c;&#46;o&#x72;&#x67;\">&#109;&#x71;&#117;&#x69;n&#x74;a&#110;&#x61;&#64;&#x63;s&#x6c;&#46;&#111;&#x72;&#103;<\/a><\/p>\n<p><em>&#8220;El regalo de dar&#8230; es lo que te hace crecer. Cuanto m\u00e1s dices &#8216;s\u00ed&#8217; a dar, m\u00e1s te nutres al darlo&#8221;<\/em>. Barbara Marx Hubbard<\/p>\n<\/div><div class=\"fusion-clearfix\"><\/div><\/div><\/div><\/div><\/div><div class=\"fusion-bg-parallax\" data-bg-align=\"center center\" data-direction=\"up\" data-mute=\"false\" data-opacity=\"100\" data-velocity=\"-0.7\" data-mobile-enabled=\"true\" data-break_parents=\"0\" data-bg-image=\"http:\/\/csl.org\/wp-content\/uploads\/sites\/8\/2019\/05\/people-sand-heart-1024x657.jpg\" data-bg-repeat=\"false\" ><\/div><div class=\"fusion-fullwidth fullwidth-box fusion-builder-row-2 fusion-parallax-up gradient-container-2 nonhundred-percent-fullwidth non-hundred-percent-height-scrolling\" style=\"--awb-border-radius-top-left:0px;--awb-border-radius-top-right:0px;--awb-border-radius-bottom-right:0px;--awb-border-radius-bottom-left:0px;--awb-background-image:url(&quot;http:\/\/csl.org\/wp-content\/uploads\/sites\/8\/2019\/05\/people-sand-heart-1024x657.jpg&quot;);--awb-background-size:cover;--awb-flex-wrap:wrap;\" ><div class=\"fusion-builder-row fusion-row\"><div class=\"fusion-layout-column fusion_builder_column fusion-builder-column-1 fusion_builder_column_1_1 1_1 fusion-one-full fusion-column-first fusion-column-last\" style=\"--awb-padding-top:250px;--awb-padding-right:200px;--awb-padding-bottom:250px;--awb-padding-left:200px;--awb-bg-size:cover;\"><div class=\"fusion-column-wrapper fusion-column-has-shadow fusion-flex-column-wrapper-legacy\"><div class=\"fusion-clearfix\"><\/div><\/div><\/div><\/div><\/div><\/p>\n","protected":false},"excerpt":{"rendered":"","protected":false},"author":1,"featured_media":0,"parent":4641,"menu_order":83,"comment_status":"closed","ping_status":"closed","template":"100-width.php","meta":{"_exactmetrics_skip_tracking":false,"_exactmetrics_sitenote_active":false,"_exactmetrics_sitenote_note":"","_exactmetrics_sitenote_category":0,"footnotes":""},"categories":[65],"tags":[],"class_list":["post-4634","page","type-page","status-publish","hentry","category-servicio"],"yoast_head":"<!-- This site is optimized with the Yoast SEO plugin v23.1 - https:\/\/yoast.com\/wordpress\/plugins\/seo\/ -->\n<title>Donaciones - Global Services - Centers for Spiritual Living<\/title>\n<meta name=\"robots\" content=\"index, follow, max-snippet:-1, max-image-preview:large, max-video-preview:-1\" \/>\n<link rel=\"canonical\" href=\"https:\/\/csl.org\/global\/es\/servicio\/apoyando-a-las-comunidades-globales\/donaciones\/\" \/>\n<meta property=\"og:locale\" content=\"en_US\" \/>\n<meta property=\"og:type\" content=\"article\" \/>\n<meta property=\"og:title\" content=\"Donaciones - Global Services - Centers for Spiritual Living\" \/>\n<meta property=\"og:url\" content=\"https:\/\/csl.org\/global\/es\/servicio\/apoyando-a-las-comunidades-globales\/donaciones\/\" \/>\n<meta property=\"og:site_name\" content=\"Global Services - Centers for Spiritual Living\" \/>\n<meta property=\"article:modified_time\" content=\"2020-09-04T14:31:03+00:00\" \/>\n<meta property=\"og:image\" content=\"http:\/\/csl.org\/wp-content\/uploads\/sites\/8\/2019\/05\/You_make_a_difference.jpg\" \/>\n<meta name=\"twitter:card\" content=\"summary_large_image\" \/>\n<meta name=\"twitter:label1\" content=\"Est. reading time\" \/>\n\t<meta name=\"twitter:data1\" content=\"5 minutes\" \/>\n<script type=\"application\/ld+json\" class=\"yoast-schema-graph\">{\"@context\":\"https:\/\/schema.org\",\"@graph\":[{\"@type\":\"WebPage\",\"@id\":\"https:\/\/csl.org\/global\/es\/servicio\/apoyando-a-las-comunidades-globales\/donaciones\/\",\"url\":\"https:\/\/csl.org\/global\/es\/servicio\/apoyando-a-las-comunidades-globales\/donaciones\/\",\"name\":\"Donaciones - Global Services - Centers for Spiritual Living\",\"isPartOf\":{\"@id\":\"https:\/\/csl.org\/global\/de\/#website\"},\"primaryImageOfPage\":{\"@id\":\"https:\/\/csl.org\/global\/es\/servicio\/apoyando-a-las-comunidades-globales\/donaciones\/#primaryimage\"},\"image\":{\"@id\":\"https:\/\/csl.org\/global\/es\/servicio\/apoyando-a-las-comunidades-globales\/donaciones\/#primaryimage\"},\"thumbnailUrl\":\"http:\/\/csl.org\/wp-content\/uploads\/sites\/8\/2019\/05\/You_make_a_difference.jpg\",\"datePublished\":\"2020-01-22T13:34:23+00:00\",\"dateModified\":\"2020-09-04T14:31:03+00:00\",\"breadcrumb\":{\"@id\":\"https:\/\/csl.org\/global\/es\/servicio\/apoyando-a-las-comunidades-globales\/donaciones\/#breadcrumb\"},\"inLanguage\":\"en-US\",\"potentialAction\":[{\"@type\":\"ReadAction\",\"target\":[\"https:\/\/csl.org\/global\/es\/servicio\/apoyando-a-las-comunidades-globales\/donaciones\/\"]}]},{\"@type\":\"ImageObject\",\"inLanguage\":\"en-US\",\"@id\":\"https:\/\/csl.org\/global\/es\/servicio\/apoyando-a-las-comunidades-globales\/donaciones\/#primaryimage\",\"url\":\"http:\/\/csl.org\/wp-content\/uploads\/sites\/8\/2019\/05\/You_make_a_difference.jpg\",\"contentUrl\":\"http:\/\/csl.org\/wp-content\/uploads\/sites\/8\/2019\/05\/You_make_a_difference.jpg\"},{\"@type\":\"BreadcrumbList\",\"@id\":\"https:\/\/csl.org\/global\/es\/servicio\/apoyando-a-las-comunidades-globales\/donaciones\/#breadcrumb\",\"itemListElement\":[{\"@type\":\"ListItem\",\"position\":1,\"name\":\"SERVICIOS\",\"item\":\"https:\/\/csl.org\/global\/es\/servicio\/\"},{\"@type\":\"ListItem\",\"position\":2,\"name\":\"Apoyando a las comunidades globales\",\"item\":\"https:\/\/csl.org\/global\/es\/servicio\/apoyando-a-las-comunidades-globales\/\"},{\"@type\":\"ListItem\",\"position\":3,\"name\":\"Donaciones\"}]},{\"@type\":\"WebSite\",\"@id\":\"https:\/\/csl.org\/global\/de\/#website\",\"url\":\"https:\/\/csl.org\/global\/de\/\",\"name\":\"Global Services - Centers for Spiritual Living\",\"description\":\"\",\"potentialAction\":[{\"@type\":\"SearchAction\",\"target\":{\"@type\":\"EntryPoint\",\"urlTemplate\":\"https:\/\/csl.org\/global\/de\/?s={search_term_string}\"},\"query-input\":\"required name=search_term_string\"}],\"inLanguage\":\"en-US\"}]}<\/script>\n<!-- \/ Yoast SEO plugin. -->","yoast_head_json":{"title":"Donaciones - Global Services - Centers for Spiritual Living","robots":{"index":"index","follow":"follow","max-snippet":"max-snippet:-1","max-image-preview":"max-image-preview:large","max-video-preview":"max-video-preview:-1"},"canonical":"https:\/\/csl.org\/global\/es\/servicio\/apoyando-a-las-comunidades-globales\/donaciones\/","og_locale":"en_US","og_type":"article","og_title":"Donaciones - Global Services - Centers for Spiritual Living","og_url":"https:\/\/csl.org\/global\/es\/servicio\/apoyando-a-las-comunidades-globales\/donaciones\/","og_site_name":"Global Services - Centers for Spiritual Living","article_modified_time":"2020-09-04T14:31:03+00:00","og_image":[{"url":"http:\/\/csl.org\/wp-content\/uploads\/sites\/8\/2019\/05\/You_make_a_difference.jpg"}],"twitter_card":"summary_large_image","twitter_misc":{"Est. reading time":"5 minutes"},"schema":{"@context":"https:\/\/schema.org","@graph":[{"@type":"WebPage","@id":"https:\/\/csl.org\/global\/es\/servicio\/apoyando-a-las-comunidades-globales\/donaciones\/","url":"https:\/\/csl.org\/global\/es\/servicio\/apoyando-a-las-comunidades-globales\/donaciones\/","name":"Donaciones - Global Services - Centers for Spiritual Living","isPartOf":{"@id":"https:\/\/csl.org\/global\/de\/#website"},"primaryImageOfPage":{"@id":"https:\/\/csl.org\/global\/es\/servicio\/apoyando-a-las-comunidades-globales\/donaciones\/#primaryimage"},"image":{"@id":"https:\/\/csl.org\/global\/es\/servicio\/apoyando-a-las-comunidades-globales\/donaciones\/#primaryimage"},"thumbnailUrl":"http:\/\/csl.org\/wp-content\/uploads\/sites\/8\/2019\/05\/You_make_a_difference.jpg","datePublished":"2020-01-22T13:34:23+00:00","dateModified":"2020-09-04T14:31:03+00:00","breadcrumb":{"@id":"https:\/\/csl.org\/global\/es\/servicio\/apoyando-a-las-comunidades-globales\/donaciones\/#breadcrumb"},"inLanguage":"en-US","potentialAction":[{"@type":"ReadAction","target":["https:\/\/csl.org\/global\/es\/servicio\/apoyando-a-las-comunidades-globales\/donaciones\/"]}]},{"@type":"ImageObject","inLanguage":"en-US","@id":"https:\/\/csl.org\/global\/es\/servicio\/apoyando-a-las-comunidades-globales\/donaciones\/#primaryimage","url":"http:\/\/csl.org\/wp-content\/uploads\/sites\/8\/2019\/05\/You_make_a_difference.jpg","contentUrl":"http:\/\/csl.org\/wp-content\/uploads\/sites\/8\/2019\/05\/You_make_a_difference.jpg"},{"@type":"BreadcrumbList","@id":"https:\/\/csl.org\/global\/es\/servicio\/apoyando-a-las-comunidades-globales\/donaciones\/#breadcrumb","itemListElement":[{"@type":"ListItem","position":1,"name":"SERVICIOS","item":"https:\/\/csl.org\/global\/es\/servicio\/"},{"@type":"ListItem","position":2,"name":"Apoyando a las comunidades globales","item":"https:\/\/csl.org\/global\/es\/servicio\/apoyando-a-las-comunidades-globales\/"},{"@type":"ListItem","position":3,"name":"Donaciones"}]},{"@type":"WebSite","@id":"https:\/\/csl.org\/global\/de\/#website","url":"https:\/\/csl.org\/global\/de\/","name":"Global Services - Centers for Spiritual Living","description":"","potentialAction":[{"@type":"SearchAction","target":{"@type":"EntryPoint","urlTemplate":"https:\/\/csl.org\/global\/de\/?s={search_term_string}"},"query-input":"required name=search_term_string"}],"inLanguage":"en-US"}]}},"_links":{"self":[{"href":"https:\/\/csl.org\/global\/wp-json\/wp\/v2\/pages\/4634"}],"collection":[{"href":"https:\/\/csl.org\/global\/wp-json\/wp\/v2\/pages"}],"about":[{"href":"https:\/\/csl.org\/global\/wp-json\/wp\/v2\/types\/page"}],"author":[{"embeddable":true,"href":"https:\/\/csl.org\/global\/wp-json\/wp\/v2\/users\/1"}],"replies":[{"embeddable":true,"href":"https:\/\/csl.org\/global\/wp-json\/wp\/v2\/comments?post=4634"}],"version-history":[{"count":5,"href":"https:\/\/csl.org\/global\/wp-json\/wp\/v2\/pages\/4634\/revisions"}],"predecessor-version":[{"id":8921,"href":"https:\/\/csl.org\/global\/wp-json\/wp\/v2\/pages\/4634\/revisions\/8921"}],"up":[{"embeddable":true,"href":"https:\/\/csl.org\/global\/wp-json\/wp\/v2\/pages\/4641"}],"wp:attachment":[{"href":"https:\/\/csl.org\/global\/wp-json\/wp\/v2\/media?parent=4634"}],"wp:term":[{"taxonomy":"category","embeddable":true,"href":"https:\/\/csl.org\/global\/wp-json\/wp\/v2\/categories?post=4634"},{"taxonomy":"post_tag","embeddable":true,"href":"https:\/\/csl.org\/global\/wp-json\/wp\/v2\/tags?post=4634"}],"curies":[{"name":"wp","href":"https:\/\/api.w.org\/{rel}","templated":true}]}}