{"id":4641,"date":"2020-01-22T13:52:48","date_gmt":"2020-01-22T13:52:48","guid":{"rendered":"https:\/\/csl.org\/global\/servicio\/apoyando-a-las-comunidades-globales\/"},"modified":"2020-09-04T14:27:21","modified_gmt":"2020-09-04T14:27:21","slug":"apoyando-a-las-comunidades-globales","status":"publish","type":"page","link":"https:\/\/csl.org\/global\/servicio\/apoyando-a-las-comunidades-globales\/","title":{"rendered":"Apoyando a las comunidades globales"},"content":{"rendered":"<p><div class=\"fusion-fullwidth fullwidth-box fusion-builder-row-1 gradient-container-1 nonhundred-percent-fullwidth non-hundred-percent-height-scrolling\" style=\"--awb-border-radius-top-left:0px;--awb-border-radius-top-right:0px;--awb-border-radius-bottom-right:0px;--awb-border-radius-bottom-left:0px;--awb-background-color:#ffffff;--awb-flex-wrap:wrap;\" ><div class=\"fusion-builder-row fusion-row\"><div class=\"fusion-layout-column fusion_builder_column fusion-builder-column-0 fusion_builder_column_1_1 1_1 fusion-one-full fusion-column-first fusion-column-last fusion-animated\" style=\"--awb-padding-top:50px;--awb-padding-right:3%;--awb-padding-bottom:50px;--awb-padding-left:3%;--awb-bg-color:#ffffff;--awb-bg-color-hover:#ffffff;--awb-bg-size:cover;\" data-animationType=\"zoomInLeft\" data-animationDuration=\"0.3\" data-animationOffset=\"top-into-view\"><div class=\"fusion-column-wrapper fusion-column-has-shadow fusion-flex-column-wrapper-legacy\"><div class=\"fusion-text fusion-text-1\"><h1>Apoyando a las comunidades globales<\/h1>\n<p><img fetchpriority=\"high\" decoding=\"async\" class=\"wp-image-2558 size-400 alignright\" src=\"http:\/\/csl.org\/wp-content\/uploads\/sites\/8\/2019\/05\/plant-growing-400x267.jpg\" alt=\"Supporting Growth\" width=\"400\" height=\"267\" srcset=\"https:\/\/csl.org\/global\/wp-content\/uploads\/sites\/8\/2019\/05\/plant-growing-200x133.jpg 200w, https:\/\/csl.org\/global\/wp-content\/uploads\/sites\/8\/2019\/05\/plant-growing-300x200.jpg 300w, https:\/\/csl.org\/global\/wp-content\/uploads\/sites\/8\/2019\/05\/plant-growing-400x267.jpg 400w, https:\/\/csl.org\/global\/wp-content\/uploads\/sites\/8\/2019\/05\/plant-growing-600x400.jpg 600w, https:\/\/csl.org\/global\/wp-content\/uploads\/sites\/8\/2019\/05\/plant-growing-768x512.jpg 768w, https:\/\/csl.org\/global\/wp-content\/uploads\/sites\/8\/2019\/05\/plant-growing-800x533.jpg 800w, https:\/\/csl.org\/global\/wp-content\/uploads\/sites\/8\/2019\/05\/plant-growing-1024x683.jpg 1024w, https:\/\/csl.org\/global\/wp-content\/uploads\/sites\/8\/2019\/05\/plant-growing-1200x800.jpg 1200w, https:\/\/csl.org\/global\/wp-content\/uploads\/sites\/8\/2019\/05\/plant-growing.jpg 1920w\" sizes=\"(max-width: 400px) 100vw, 400px\" \/><\/p>\n<p>\u00bfEst\u00e1 interesado en apoyar nuestra creciente presencia de la Ciencia de la Mente y el Esp\u00edritu en todo el mundo?<\/p>\n<p>Si es as\u00ed, \u00a1gracias! Y&#8230; aqu\u00ed hay algunas formas en las que puede hacerlo:<\/p>\n<p><a href=\"http:\/\/csl.org\/global\/es\/servicio\/apoyando-a-las-comunidades-globales\/donaciones\/\" rel=\"noopener noreferrer\">Donaciones a Servicios Globales<\/a> &#8211; Sus donaciones a Global Services se utilizan exclusivamente para apoyar el crecimiento de las ense\u00f1anzas de la Ciencia de la Mente en todo el mundo. Esto incluye un programa de &#8220;mini-donaciones&#8221; administrado por el Comit\u00e9 de Servicios Globales que financia la puesta en marcha y el crecimiento de comunidades globales.<\/p>\n<p><a href=\"http:\/\/csl.org\/global\/es\/servicio\/apoyando-a-las-comunidades-globales\/programa-de-partenariado\/\" rel=\"noopener noreferrer\">Programa de Partenariado<\/a> &#8211; Si usted es una de nuestras comunidades en los Estados Unidos o Canad\u00e1, tiene la oportunidad de crear un partenariado con una de nuestras comunidades globales para su apoyo mutuo.<\/p>\n<p><a href=\"https:\/\/csl.org\/map\/\" target=\"_blank\" rel=\"noopener noreferrer\">Con\u00e9ctese directamente con un grupo global<\/a> &#8211; Encuentre una de nuestras comunidades globales (centros, cap\u00edtulos de ense\u00f1anza, ministerios de enfoque o grupos de estudio) en los listados en l\u00ednea y con\u00e9ctese directamente con ellos.<\/p>\n<p><a href=\"http:\/\/csl.org\/global\/es\/servicio\/proyectos-globales\/\">Proyectos de Servicio Global<\/a> &#8211; M\u00e1s all\u00e1 de nuestras comunidades de Ciencia de la Mente hay una lista creciente de proyectos de servicio global ya apoyados por los miembros de los Centros para la Vida Espiritual. Considere la posibilidad de prestar su apoyo a cualquiera de ellos!<\/p>\n<p>\u00bfOtras ideas? Si tiene una idea sobre otras formas de apoyar el crecimiento de nuestras ense\u00f1anzas en todo el mundo y est\u00e1 interesado en ser voluntario, por favor contacte a nuestra Coordinadora de Servicios Globales, la Rev Martha Quintana en <a href=\"ma&#105;&#108;&#x74;&#x6f;&#x3a;&#x6d;qu&#105;&#110;&#x74;&#x61;&#x6e;&#x61;&#64;c&#115;&#108;&#46;&#x6f;&#x72;&#x67;\">mq&#117;&#105;&#110;&#x74;&#x61;&#x6e;&#x61;&#64;c&#115;&#108;&#46;&#x6f;&#x72;&#x67;<\/a>.<\/p>\n<\/div><div class=\"fusion-clearfix\"><\/div><\/div><\/div><\/div><\/div><div class=\"fusion-bg-parallax\" data-bg-align=\"center center\" data-direction=\"up\" data-mute=\"false\" data-opacity=\"100\" data-velocity=\"-0.7\" data-mobile-enabled=\"true\" data-break_parents=\"0\" data-bg-image=\"http:\/\/csl.org\/wp-content\/uploads\/sites\/8\/2019\/05\/mentor-help.jpg\" data-bg-repeat=\"false\" ><\/div><div class=\"fusion-fullwidth fullwidth-box fusion-builder-row-2 fusion-parallax-up gradient-container-2 nonhundred-percent-fullwidth non-hundred-percent-height-scrolling\" style=\"--awb-border-radius-top-left:0px;--awb-border-radius-top-right:0px;--awb-border-radius-bottom-right:0px;--awb-border-radius-bottom-left:0px;--awb-background-image:url(&quot;http:\/\/csl.org\/wp-content\/uploads\/sites\/8\/2019\/05\/mentor-help.jpg&quot;);--awb-background-size:cover;--awb-flex-wrap:wrap;\" ><div class=\"fusion-builder-row fusion-row\"><div class=\"fusion-layout-column fusion_builder_column fusion-builder-column-1 fusion_builder_column_1_1 1_1 fusion-one-full fusion-column-first fusion-column-last\" style=\"--awb-padding-top:250px;--awb-padding-right:200px;--awb-padding-bottom:250px;--awb-padding-left:200px;--awb-bg-size:cover;\"><div class=\"fusion-column-wrapper fusion-column-has-shadow fusion-flex-column-wrapper-legacy\"><div class=\"fusion-clearfix\"><\/div><\/div><\/div><\/div><\/div><\/p>\n","protected":false},"excerpt":{"rendered":"","protected":false},"author":1,"featured_media":0,"parent":4604,"menu_order":291,"comment_status":"closed","ping_status":"closed","template":"100-width.php","meta":{"_exactmetrics_skip_tracking":false,"_exactmetrics_sitenote_active":false,"_exactmetrics_sitenote_note":"","_exactmetrics_sitenote_category":0,"footnotes":""},"categories":[65],"tags":[],"class_list":["post-4641","page","type-page","status-publish","hentry","category-servicio"],"yoast_head":"<!-- This site is optimized with the Yoast SEO plugin v23.1 - https:\/\/yoast.com\/wordpress\/plugins\/seo\/ -->\n<title>Apoyando a las comunidades globales - Global Services - Centers for Spiritual Living<\/title>\n<meta name=\"robots\" content=\"index, follow, max-snippet:-1, max-image-preview:large, max-video-preview:-1\" \/>\n<link rel=\"canonical\" href=\"https:\/\/csl.org\/global\/es\/servicio\/apoyando-a-las-comunidades-globales\/\" \/>\n<meta property=\"og:locale\" content=\"en_US\" \/>\n<meta property=\"og:type\" content=\"article\" \/>\n<meta property=\"og:title\" content=\"Apoyando a las comunidades globales - Global Services - Centers for Spiritual Living\" \/>\n<meta property=\"og:url\" content=\"https:\/\/csl.org\/global\/es\/servicio\/apoyando-a-las-comunidades-globales\/\" \/>\n<meta property=\"og:site_name\" content=\"Global Services - Centers for Spiritual Living\" \/>\n<meta property=\"article:modified_time\" content=\"2020-09-04T14:27:21+00:00\" \/>\n<meta property=\"og:image\" content=\"http:\/\/csl.org\/wp-content\/uploads\/sites\/8\/2019\/05\/plant-growing-400x267.jpg\" \/>\n<meta name=\"twitter:card\" content=\"summary_large_image\" \/>\n<meta name=\"twitter:label1\" content=\"Est. reading time\" \/>\n\t<meta name=\"twitter:data1\" content=\"4 minutes\" \/>\n<script type=\"application\/ld+json\" class=\"yoast-schema-graph\">{\"@context\":\"https:\/\/schema.org\",\"@graph\":[{\"@type\":\"WebPage\",\"@id\":\"https:\/\/csl.org\/global\/es\/servicio\/apoyando-a-las-comunidades-globales\/\",\"url\":\"https:\/\/csl.org\/global\/es\/servicio\/apoyando-a-las-comunidades-globales\/\",\"name\":\"Apoyando a las comunidades globales - Global Services - Centers for Spiritual Living\",\"isPartOf\":{\"@id\":\"https:\/\/csl.org\/global\/de\/#website\"},\"primaryImageOfPage\":{\"@id\":\"https:\/\/csl.org\/global\/es\/servicio\/apoyando-a-las-comunidades-globales\/#primaryimage\"},\"image\":{\"@id\":\"https:\/\/csl.org\/global\/es\/servicio\/apoyando-a-las-comunidades-globales\/#primaryimage\"},\"thumbnailUrl\":\"http:\/\/csl.org\/wp-content\/uploads\/sites\/8\/2019\/05\/plant-growing-400x267.jpg\",\"datePublished\":\"2020-01-22T13:52:48+00:00\",\"dateModified\":\"2020-09-04T14:27:21+00:00\",\"breadcrumb\":{\"@id\":\"https:\/\/csl.org\/global\/es\/servicio\/apoyando-a-las-comunidades-globales\/#breadcrumb\"},\"inLanguage\":\"en-US\",\"potentialAction\":[{\"@type\":\"ReadAction\",\"target\":[\"https:\/\/csl.org\/global\/es\/servicio\/apoyando-a-las-comunidades-globales\/\"]}]},{\"@type\":\"ImageObject\",\"inLanguage\":\"en-US\",\"@id\":\"https:\/\/csl.org\/global\/es\/servicio\/apoyando-a-las-comunidades-globales\/#primaryimage\",\"url\":\"http:\/\/csl.org\/wp-content\/uploads\/sites\/8\/2019\/05\/plant-growing-400x267.jpg\",\"contentUrl\":\"http:\/\/csl.org\/wp-content\/uploads\/sites\/8\/2019\/05\/plant-growing-400x267.jpg\"},{\"@type\":\"BreadcrumbList\",\"@id\":\"https:\/\/csl.org\/global\/es\/servicio\/apoyando-a-las-comunidades-globales\/#breadcrumb\",\"itemListElement\":[{\"@type\":\"ListItem\",\"position\":1,\"name\":\"SERVICIOS\",\"item\":\"https:\/\/csl.org\/global\/es\/servicio\/\"},{\"@type\":\"ListItem\",\"position\":2,\"name\":\"Apoyando a las comunidades globales\"}]},{\"@type\":\"WebSite\",\"@id\":\"https:\/\/csl.org\/global\/de\/#website\",\"url\":\"https:\/\/csl.org\/global\/de\/\",\"name\":\"Global Services - Centers for Spiritual Living\",\"description\":\"\",\"potentialAction\":[{\"@type\":\"SearchAction\",\"target\":{\"@type\":\"EntryPoint\",\"urlTemplate\":\"https:\/\/csl.org\/global\/de\/?s={search_term_string}\"},\"query-input\":\"required name=search_term_string\"}],\"inLanguage\":\"en-US\"}]}<\/script>\n<!-- \/ Yoast SEO plugin. -->","yoast_head_json":{"title":"Apoyando a las comunidades globales - Global Services - Centers for Spiritual Living","robots":{"index":"index","follow":"follow","max-snippet":"max-snippet:-1","max-image-preview":"max-image-preview:large","max-video-preview":"max-video-preview:-1"},"canonical":"https:\/\/csl.org\/global\/es\/servicio\/apoyando-a-las-comunidades-globales\/","og_locale":"en_US","og_type":"article","og_title":"Apoyando a las comunidades globales - Global Services - Centers for Spiritual Living","og_url":"https:\/\/csl.org\/global\/es\/servicio\/apoyando-a-las-comunidades-globales\/","og_site_name":"Global Services - Centers for Spiritual Living","article_modified_time":"2020-09-04T14:27:21+00:00","og_image":[{"url":"http:\/\/csl.org\/wp-content\/uploads\/sites\/8\/2019\/05\/plant-growing-400x267.jpg"}],"twitter_card":"summary_large_image","twitter_misc":{"Est. reading time":"4 minutes"},"schema":{"@context":"https:\/\/schema.org","@graph":[{"@type":"WebPage","@id":"https:\/\/csl.org\/global\/es\/servicio\/apoyando-a-las-comunidades-globales\/","url":"https:\/\/csl.org\/global\/es\/servicio\/apoyando-a-las-comunidades-globales\/","name":"Apoyando a las comunidades globales - Global Services - Centers for Spiritual Living","isPartOf":{"@id":"https:\/\/csl.org\/global\/de\/#website"},"primaryImageOfPage":{"@id":"https:\/\/csl.org\/global\/es\/servicio\/apoyando-a-las-comunidades-globales\/#primaryimage"},"image":{"@id":"https:\/\/csl.org\/global\/es\/servicio\/apoyando-a-las-comunidades-globales\/#primaryimage"},"thumbnailUrl":"http:\/\/csl.org\/wp-content\/uploads\/sites\/8\/2019\/05\/plant-growing-400x267.jpg","datePublished":"2020-01-22T13:52:48+00:00","dateModified":"2020-09-04T14:27:21+00:00","breadcrumb":{"@id":"https:\/\/csl.org\/global\/es\/servicio\/apoyando-a-las-comunidades-globales\/#breadcrumb"},"inLanguage":"en-US","potentialAction":[{"@type":"ReadAction","target":["https:\/\/csl.org\/global\/es\/servicio\/apoyando-a-las-comunidades-globales\/"]}]},{"@type":"ImageObject","inLanguage":"en-US","@id":"https:\/\/csl.org\/global\/es\/servicio\/apoyando-a-las-comunidades-globales\/#primaryimage","url":"http:\/\/csl.org\/wp-content\/uploads\/sites\/8\/2019\/05\/plant-growing-400x267.jpg","contentUrl":"http:\/\/csl.org\/wp-content\/uploads\/sites\/8\/2019\/05\/plant-growing-400x267.jpg"},{"@type":"BreadcrumbList","@id":"https:\/\/csl.org\/global\/es\/servicio\/apoyando-a-las-comunidades-globales\/#breadcrumb","itemListElement":[{"@type":"ListItem","position":1,"name":"SERVICIOS","item":"https:\/\/csl.org\/global\/es\/servicio\/"},{"@type":"ListItem","position":2,"name":"Apoyando a las comunidades globales"}]},{"@type":"WebSite","@id":"https:\/\/csl.org\/global\/de\/#website","url":"https:\/\/csl.org\/global\/de\/","name":"Global Services - Centers for Spiritual Living","description":"","potentialAction":[{"@type":"SearchAction","target":{"@type":"EntryPoint","urlTemplate":"https:\/\/csl.org\/global\/de\/?s={search_term_string}"},"query-input":"required name=search_term_string"}],"inLanguage":"en-US"}]}},"_links":{"self":[{"href":"https:\/\/csl.org\/global\/wp-json\/wp\/v2\/pages\/4641"}],"collection":[{"href":"https:\/\/csl.org\/global\/wp-json\/wp\/v2\/pages"}],"about":[{"href":"https:\/\/csl.org\/global\/wp-json\/wp\/v2\/types\/page"}],"author":[{"embeddable":true,"href":"https:\/\/csl.org\/global\/wp-json\/wp\/v2\/users\/1"}],"replies":[{"embeddable":true,"href":"https:\/\/csl.org\/global\/wp-json\/wp\/v2\/comments?post=4641"}],"version-history":[{"count":3,"href":"https:\/\/csl.org\/global\/wp-json\/wp\/v2\/pages\/4641\/revisions"}],"predecessor-version":[{"id":8919,"href":"https:\/\/csl.org\/global\/wp-json\/wp\/v2\/pages\/4641\/revisions\/8919"}],"up":[{"embeddable":true,"href":"https:\/\/csl.org\/global\/wp-json\/wp\/v2\/pages\/4604"}],"wp:attachment":[{"href":"https:\/\/csl.org\/global\/wp-json\/wp\/v2\/media?parent=4641"}],"wp:term":[{"taxonomy":"category","embeddable":true,"href":"https:\/\/csl.org\/global\/wp-json\/wp\/v2\/categories?post=4641"},{"taxonomy":"post_tag","embeddable":true,"href":"https:\/\/csl.org\/global\/wp-json\/wp\/v2\/tags?post=4641"}],"curies":[{"name":"wp","href":"https:\/\/api.w.org\/{rel}","templated":true}]}}