{"id":4645,"date":"2020-01-30T11:58:01","date_gmt":"2020-01-30T11:58:01","guid":{"rendered":"https:\/\/csl.org\/global\/?page_id=4645"},"modified":"2020-02-04T11:01:16","modified_gmt":"2020-02-04T11:01:16","slug":"proyectos-globales","status":"publish","type":"page","link":"https:\/\/csl.org\/global\/servicio\/proyectos-globales\/","title":{"rendered":"Proyectos Globales"},"content":{"rendered":"<p><div class=\"fusion-fullwidth fullwidth-box fusion-builder-row-1 gradient-container-1 nonhundred-percent-fullwidth non-hundred-percent-height-scrolling\" style=\"--awb-border-radius-top-left:0px;--awb-border-radius-top-right:0px;--awb-border-radius-bottom-right:0px;--awb-border-radius-bottom-left:0px;--awb-flex-wrap:wrap;\" ><div class=\"fusion-builder-row fusion-row\"><div class=\"fusion-layout-column fusion_builder_column fusion-builder-column-0 fusion_builder_column_1_1 1_1 fusion-one-full fusion-column-first fusion-column-last fusion-animated\" style=\"--awb-padding-top:50px;--awb-padding-right:3%;--awb-padding-bottom:50px;--awb-padding-left:3%;--awb-bg-color:#ffffff;--awb-bg-color-hover:#ffffff;--awb-bg-size:cover;\" data-animationType=\"zoomIn\" data-animationDuration=\"0.3\" data-animationOffset=\"top-into-view\"><div class=\"fusion-column-wrapper fusion-column-has-shadow fusion-flex-column-wrapper-legacy\"><div class=\"fusion-text fusion-text-1\"><h1>Proyectos de Servicio Global<\/h1>\n<p><img fetchpriority=\"high\" decoding=\"async\" class=\"size-400 wp-image-2836 aligncenter\" src=\"http:\/\/csl.org\/wp-content\/uploads\/sites\/8\/2019\/05\/global-projects-400x283.jpg\" alt=\"\" width=\"400\" height=\"283\" srcset=\"https:\/\/csl.org\/global\/wp-content\/uploads\/sites\/8\/2019\/05\/global-projects-200x141.jpg 200w, https:\/\/csl.org\/global\/wp-content\/uploads\/sites\/8\/2019\/05\/global-projects-300x212.jpg 300w, https:\/\/csl.org\/global\/wp-content\/uploads\/sites\/8\/2019\/05\/global-projects-400x283.jpg 400w, https:\/\/csl.org\/global\/wp-content\/uploads\/sites\/8\/2019\/05\/global-projects-600x424.jpg 600w, https:\/\/csl.org\/global\/wp-content\/uploads\/sites\/8\/2019\/05\/global-projects-768x542.jpg 768w, https:\/\/csl.org\/global\/wp-content\/uploads\/sites\/8\/2019\/05\/global-projects-800x565.jpg 800w, https:\/\/csl.org\/global\/wp-content\/uploads\/sites\/8\/2019\/05\/global-projects-1024x723.jpg 1024w, https:\/\/csl.org\/global\/wp-content\/uploads\/sites\/8\/2019\/05\/global-projects-1200x848.jpg 1200w, https:\/\/csl.org\/global\/wp-content\/uploads\/sites\/8\/2019\/05\/global-projects.jpg 1280w\" sizes=\"(max-width: 400px) 100vw, 400px\" \/><\/p>\n<p>En <strong>Servicios Globales<\/strong> somos \u00edntimamente conscientes de la interconexi\u00f3n y la gran alegr\u00eda que se deriva del reconocimiento y el apoyo a los proyectos de otras personas involucradas en la comunidad de la Ciencia de la Mente y el Esp\u00edritu. Apoyamos a los siguientes grupos y proyectos que se enumeran a continuaci\u00f3n!<\/p>\n<p><span style=\"color: #666699\"><strong>En apoyo de<br \/>\n<\/strong><\/span><\/p>\n<p style=\"padding-left: 80px\"><span style=\"color: #339966\">El Proyecto Escolar de CSL Teens Malawi, \u00c1frica<\/span><\/p>\n<p style=\"padding-left: 120px\"><strong><span style=\"color: #666699\"><em>Convirtiendo las posibilidades en realidades a trav\u00e9s del despertar espiritual<\/em><\/span><\/strong><\/p>\n<p>Dirigido por el Rev. Keith Cox, cientos de adolescentes han participado en un proyecto de construcci\u00f3n de escuelas en el pa\u00eds de Malawi, en el continente africano. En los \u00faltimos 6 a\u00f1os, 19 escuelas han sido construidas en el distrito de Kasungu de Malawi.<\/p>\n<p style=\"text-align: center\"><img decoding=\"async\" class=\"alignnone wp-image-2458\" src=\"http:\/\/csl.org\/wp-content\/uploads\/sites\/8\/2019\/05\/africa-1.jpg\" alt=\"\" width=\"336\" height=\"232\" srcset=\"https:\/\/csl.org\/global\/wp-content\/uploads\/sites\/8\/2019\/05\/africa-1-200x138.jpg 200w, https:\/\/csl.org\/global\/wp-content\/uploads\/sites\/8\/2019\/05\/africa-1-300x207.jpg 300w, https:\/\/csl.org\/global\/wp-content\/uploads\/sites\/8\/2019\/05\/africa-1.jpg 336w\" sizes=\"(max-width: 336px) 100vw, 336px\" \/><img decoding=\"async\" class=\"alignnone wp-image-2459\" src=\"http:\/\/csl.org\/wp-content\/uploads\/sites\/8\/2019\/05\/africa-2.jpg\" alt=\"\" width=\"310\" height=\"232\" srcset=\"https:\/\/csl.org\/global\/wp-content\/uploads\/sites\/8\/2019\/05\/africa-2-200x150.jpg 200w, https:\/\/csl.org\/global\/wp-content\/uploads\/sites\/8\/2019\/05\/africa-2-300x225.jpg 300w, https:\/\/csl.org\/global\/wp-content\/uploads\/sites\/8\/2019\/05\/africa-2.jpg 311w\" sizes=\"(max-width: 310px) 100vw, 310px\" \/><\/p>\n<h2>Adolescentes de CSL<\/h2>\n<p><a href=\"http:\/\/www.cslteens.net\/\" target=\"_blank\" rel=\"noopener noreferrer\"><img loading=\"lazy\" decoding=\"async\" class=\"size-full wp-image-2471 aligncenter\" src=\"http:\/\/csl.org\/wp-content\/uploads\/sites\/8\/2019\/05\/csl-teens-logo.jpg\" alt=\"CSL Teens\" width=\"328\" height=\"121\" srcset=\"https:\/\/csl.org\/global\/wp-content\/uploads\/sites\/8\/2019\/05\/csl-teens-logo-200x74.jpg 200w, https:\/\/csl.org\/global\/wp-content\/uploads\/sites\/8\/2019\/05\/csl-teens-logo-300x111.jpg 300w, https:\/\/csl.org\/global\/wp-content\/uploads\/sites\/8\/2019\/05\/csl-teens-logo.jpg 328w\" sizes=\"(max-width: 328px) 100vw, 328px\" \/><\/a><\/p>\n<p style=\"text-align: center\"><img loading=\"lazy\" decoding=\"async\" class=\"alignnone wp-image-2462\" src=\"http:\/\/csl.org\/wp-content\/uploads\/sites\/8\/2019\/05\/teens-1.jpg\" alt=\"teens\" width=\"249\" height=\"165\" srcset=\"https:\/\/csl.org\/global\/wp-content\/uploads\/sites\/8\/2019\/05\/teens-1-200x133.jpg 200w, https:\/\/csl.org\/global\/wp-content\/uploads\/sites\/8\/2019\/05\/teens-1.jpg 249w\" sizes=\"(max-width: 249px) 100vw, 249px\" \/> <img loading=\"lazy\" decoding=\"async\" class=\"alignnone wp-image-2463\" src=\"http:\/\/csl.org\/wp-content\/uploads\/sites\/8\/2019\/05\/teens-2.jpg\" alt=\"\" width=\"219\" height=\"165\" \/><\/p>\n<p>Los adolescentes, de 13 a 18 a\u00f1os, organizan eventos, pernoctaciones, campamentos y charlas en varios centros. Los Adolescentes de CSL est\u00e1n ubicados <strong>en todo el mundo<\/strong>; sin embargo, una gran concentraci\u00f3n est\u00e1 en Norteam\u00e9rica. Los grupos de Adolescentes proveen a los adolescentes un ambiente seguro para explorar su espiritualidad y obtener una base de pr\u00e1ctica con principios espirituales universales sintetizados de las religiones del mundo.<\/p>\n<p>Los adolescentes se dedican a enriquecerse espiritualmente y a construir una comunidad juvenil global. <a href=\"m&#97;&#105;&#108;&#x74;&#x6f;&#x3a;in&#102;&#111;&#x40;&#x63;&#x73;&#x6c;te&#101;&#110;&#x73;&#x2e;&#x6e;&#x65;t\">Cont\u00e1ctalos!<\/a><\/p>\n<h2>La Fundaci\u00f3n Caleidoscopio para el Ni\u00f1o<\/h2>\n<p><a href=\"http:\/\/www.khmerchildfoundation.org\/\" target=\"_blank\" rel=\"noopener noreferrer\"><img loading=\"lazy\" decoding=\"async\" class=\"wp-image-2460 size-400 aligncenter\" src=\"http:\/\/csl.org\/wp-content\/uploads\/sites\/8\/2019\/05\/KaleidoscopeChildFoundation-colorlogo-vert-400x394.jpg\" alt=\"\" width=\"400\" height=\"394\" srcset=\"https:\/\/csl.org\/global\/wp-content\/uploads\/sites\/8\/2019\/05\/KaleidoscopeChildFoundation-colorlogo-vert-66x66.jpg 66w, https:\/\/csl.org\/global\/wp-content\/uploads\/sites\/8\/2019\/05\/KaleidoscopeChildFoundation-colorlogo-vert-200x197.jpg 200w, https:\/\/csl.org\/global\/wp-content\/uploads\/sites\/8\/2019\/05\/KaleidoscopeChildFoundation-colorlogo-vert-300x295.jpg 300w, https:\/\/csl.org\/global\/wp-content\/uploads\/sites\/8\/2019\/05\/KaleidoscopeChildFoundation-colorlogo-vert-400x394.jpg 400w, https:\/\/csl.org\/global\/wp-content\/uploads\/sites\/8\/2019\/05\/KaleidoscopeChildFoundation-colorlogo-vert-600x591.jpg 600w, https:\/\/csl.org\/global\/wp-content\/uploads\/sites\/8\/2019\/05\/KaleidoscopeChildFoundation-colorlogo-vert-768x756.jpg 768w, https:\/\/csl.org\/global\/wp-content\/uploads\/sites\/8\/2019\/05\/KaleidoscopeChildFoundation-colorlogo-vert-800x788.jpg 800w, https:\/\/csl.org\/global\/wp-content\/uploads\/sites\/8\/2019\/05\/KaleidoscopeChildFoundation-colorlogo-vert-1024x1009.jpg 1024w, https:\/\/csl.org\/global\/wp-content\/uploads\/sites\/8\/2019\/05\/KaleidoscopeChildFoundation-colorlogo-vert.jpg 1131w\" sizes=\"(max-width: 400px) 100vw, 400px\" \/><\/a><em>&#8220;Nuestro objetivo es ayudar a cada ni\u00f1o que podamos a experimentar un mejor ahora y un ma\u00f1ana m\u00e1s brillante.&#8221;<\/em><\/p>\n<p>El Dr. David Ault fund\u00f3 esta organizaci\u00f3n sin fines de lucro (originalmente titulada Khmer Child Foundation) para potenciar las vidas de los ni\u00f1os hu\u00e9rfanos y pobres de las zonas rurales de Camboya, as\u00ed como para establecer soluciones sostenibles para una vida de alta calidad. Estas iniciativas incluyen: educaci\u00f3n gratuita, proyectos de facilitaci\u00f3n de pozos de agua dulce, asistencia m\u00e9dica e higi\u00e9nica, capacitaci\u00f3n agr\u00edcola y de habilidades para la vida. Despu\u00e9s de un largo proceso de aprobaci\u00f3n por parte de las ONG y el \u00e9xito en Camboya, el Dr. David y su equipo han comenzado iniciativas similares de educaci\u00f3n gratuita en la regi\u00f3n de Bishar en la India y en el \u00e1rea de Panajachel en Guatemala. <a href=\"http:\/\/www.kaleidoscopechildfoundation.org\" target=\"_blank\" rel=\"noopener noreferrer\">http:\/\/www.kaleidoscopechildfoundation.org<\/a><\/p>\n<p style=\"text-align: center\"><img loading=\"lazy\" decoding=\"async\" class=\"size-full wp-image-2461 aligncenter\" src=\"http:\/\/csl.org\/wp-content\/uploads\/sites\/8\/2019\/05\/Khmer-child.jpg\" alt=\"\" width=\"552\" height=\"137\" srcset=\"https:\/\/csl.org\/global\/wp-content\/uploads\/sites\/8\/2019\/05\/Khmer-child-200x50.jpg 200w, https:\/\/csl.org\/global\/wp-content\/uploads\/sites\/8\/2019\/05\/Khmer-child-300x74.jpg 300w, https:\/\/csl.org\/global\/wp-content\/uploads\/sites\/8\/2019\/05\/Khmer-child-400x99.jpg 400w, https:\/\/csl.org\/global\/wp-content\/uploads\/sites\/8\/2019\/05\/Khmer-child.jpg 552w\" sizes=\"(max-width: 552px) 100vw, 552px\" \/><\/p>\n<p style=\"text-align: center\"><em>Potenciar la vida de los ni\u00f1os camboyanos mediante la educaci\u00f3n y la asistencia a la calidad de vida.<\/em><\/p>\n<h2>El Puente-The Bridge<\/h2>\n<p style=\"text-align: center\">Apoyo a la comunidad ind\u00edgena de Costa Rica<\/p>\n<p style=\"text-align: center\"><img loading=\"lazy\" decoding=\"async\" class=\"alignnone wp-image-2465\" src=\"http:\/\/csl.org\/wp-content\/uploads\/sites\/8\/2019\/05\/el-puente-1.png\" alt=\"\" width=\"334\" height=\"293\" srcset=\"https:\/\/csl.org\/global\/wp-content\/uploads\/sites\/8\/2019\/05\/el-puente-1-200x176.png 200w, https:\/\/csl.org\/global\/wp-content\/uploads\/sites\/8\/2019\/05\/el-puente-1-300x264.png 300w, https:\/\/csl.org\/global\/wp-content\/uploads\/sites\/8\/2019\/05\/el-puente-1.png 321w\" sizes=\"(max-width: 334px) 100vw, 334px\" \/> <img loading=\"lazy\" decoding=\"async\" class=\"alignnone wp-image-2466\" src=\"http:\/\/csl.org\/wp-content\/uploads\/sites\/8\/2019\/05\/el-puente-2.png\" alt=\"\" width=\"333\" height=\"285\" srcset=\"https:\/\/csl.org\/global\/wp-content\/uploads\/sites\/8\/2019\/05\/el-puente-2-200x171.png 200w, https:\/\/csl.org\/global\/wp-content\/uploads\/sites\/8\/2019\/05\/el-puente-2.png 282w\" sizes=\"(max-width: 333px) 100vw, 333px\" \/><\/p>\n<p>El Puente&#8211;El Puente est\u00e1 ubicado en Puerto Viejo de Talamanca, Costa Rica. Los fundadores Barry y Nanci Stevens dieron a luz a este esfuerzo sin fines de lucro en 1987. El Puente ofrece asistencia educativa, alimentos y microcr\u00e9ditos principalmente a los ind\u00edgenas de Costa Rica. El Puente es parte de Global Heart Outreach, Centros para la Vida Espiritual.<\/p>\n<p style=\"text-align: center\"><em>Ayudando a la gente a ayudarse a s\u00ed misma a ser autosuficiente<\/em><\/p>\n<p>&#8220;Para aprender m\u00e1s sobre el trabajo de El Puente&#8211;El Puente, por favor haga clic en el siguiente enlace para descargar un libro gratis de Barry y Nanci Stevens &#8220;The BriBri and the Bridge &#8211; A Look at Life in the Jungle of Costa Rica&#8221; (El BriBri y el Puente &#8211; Una mirada a la vida en la selva de Costa Rica)<\/p>\n<p style=\"text-align: center\">&#8211; <strong><a href=\"http:\/\/csl.org\/wp-content\/uploads\/sites\/8\/2019\/05\/The_BriBri_and_The_Bridge.pdf\" target=\"_blank\" rel=\"noopener noreferrer\">Descargar E-book<\/a><\/strong> &#8211;<\/p>\n<h2 style=\"text-align: center\">~ ~ ~ ~ ~ ~ ~<br \/>\nServicios Globales\u2026\u2026<\/h2>\n<h2 style=\"text-align: center\">\u2026.en apoyo de la creciente bondad en el mundo!<\/h2>\n<p><img loading=\"lazy\" decoding=\"async\" class=\"size-full wp-image-2464 aligncenter\" src=\"http:\/\/csl.org\/wp-content\/uploads\/sites\/8\/2019\/05\/world-hands.jpg\" alt=\"\" width=\"394\" height=\"262\" srcset=\"https:\/\/csl.org\/global\/wp-content\/uploads\/sites\/8\/2019\/05\/world-hands-200x133.jpg 200w, https:\/\/csl.org\/global\/wp-content\/uploads\/sites\/8\/2019\/05\/world-hands-300x199.jpg 300w, https:\/\/csl.org\/global\/wp-content\/uploads\/sites\/8\/2019\/05\/world-hands.jpg 394w\" sizes=\"(max-width: 394px) 100vw, 394px\" \/><\/p>\n<p>&nbsp;<\/p>\n<\/div><div class=\"fusion-clearfix\"><\/div><\/div><\/div><\/div><\/div><div class=\"fusion-bg-parallax\" data-bg-align=\"center center\" data-direction=\"down\" data-mute=\"false\" data-opacity=\"100\" data-velocity=\"-0.7\" data-mobile-enabled=\"true\" data-break_parents=\"0\" data-bg-image=\"http:\/\/csl.org\/wp-content\/uploads\/sites\/8\/2019\/05\/action-team-spirit-800x546.jpg\" data-bg-repeat=\"false\" ><\/div><div class=\"fusion-fullwidth fullwidth-box fusion-builder-row-2 fusion-parallax-down gradient-container-2 nonhundred-percent-fullwidth non-hundred-percent-height-scrolling\" style=\"--awb-border-radius-top-left:0px;--awb-border-radius-top-right:0px;--awb-border-radius-bottom-right:0px;--awb-border-radius-bottom-left:0px;--awb-background-image:url(&quot;http:\/\/csl.org\/wp-content\/uploads\/sites\/8\/2019\/05\/action-team-spirit-800x546.jpg&quot;);--awb-background-size:cover;--awb-flex-wrap:wrap;\" ><div class=\"fusion-builder-row fusion-row\"><div class=\"fusion-layout-column fusion_builder_column fusion-builder-column-1 fusion_builder_column_1_1 1_1 fusion-one-full fusion-column-first fusion-column-last\" style=\"--awb-padding-top:250px;--awb-padding-right:200px;--awb-padding-bottom:250px;--awb-padding-left:200px;--awb-bg-size:cover;\"><div class=\"fusion-column-wrapper fusion-column-has-shadow fusion-flex-column-wrapper-legacy\"><div class=\"fusion-clearfix\"><\/div><\/div><\/div><\/div><\/div><\/p>\n","protected":false},"excerpt":{"rendered":"","protected":false},"author":1,"featured_media":0,"parent":4604,"menu_order":151,"comment_status":"closed","ping_status":"closed","template":"100-width.php","meta":{"_exactmetrics_skip_tracking":false,"_exactmetrics_sitenote_active":false,"_exactmetrics_sitenote_note":"","_exactmetrics_sitenote_category":0,"footnotes":""},"categories":[65],"tags":[],"class_list":["post-4645","page","type-page","status-publish","hentry","category-servicio"],"yoast_head":"<!-- This site is optimized with the Yoast SEO plugin v23.1 - https:\/\/yoast.com\/wordpress\/plugins\/seo\/ -->\n<title>Proyectos Globales - Global Services - Centers for Spiritual Living<\/title>\n<meta name=\"robots\" content=\"index, follow, max-snippet:-1, max-image-preview:large, max-video-preview:-1\" \/>\n<link rel=\"canonical\" href=\"https:\/\/csl.org\/global\/es\/servicio\/proyectos-globales\/\" \/>\n<meta property=\"og:locale\" content=\"en_US\" \/>\n<meta property=\"og:type\" content=\"article\" \/>\n<meta property=\"og:title\" content=\"Proyectos Globales - Global Services - Centers for Spiritual Living\" \/>\n<meta property=\"og:url\" content=\"https:\/\/csl.org\/global\/es\/servicio\/proyectos-globales\/\" \/>\n<meta property=\"og:site_name\" content=\"Global Services - Centers for Spiritual Living\" \/>\n<meta property=\"article:modified_time\" content=\"2020-02-04T11:01:16+00:00\" \/>\n<meta property=\"og:image\" content=\"http:\/\/csl.org\/wp-content\/uploads\/sites\/8\/2019\/05\/global-projects-400x283.jpg\" \/>\n<meta name=\"twitter:card\" content=\"summary_large_image\" \/>\n<meta name=\"twitter:label1\" content=\"Est. reading time\" \/>\n\t<meta name=\"twitter:data1\" content=\"5 minutes\" \/>\n<script type=\"application\/ld+json\" class=\"yoast-schema-graph\">{\"@context\":\"https:\/\/schema.org\",\"@graph\":[{\"@type\":\"WebPage\",\"@id\":\"https:\/\/csl.org\/global\/es\/servicio\/proyectos-globales\/\",\"url\":\"https:\/\/csl.org\/global\/es\/servicio\/proyectos-globales\/\",\"name\":\"Proyectos Globales - Global Services - Centers for Spiritual Living\",\"isPartOf\":{\"@id\":\"https:\/\/csl.org\/global\/de\/#website\"},\"primaryImageOfPage\":{\"@id\":\"https:\/\/csl.org\/global\/es\/servicio\/proyectos-globales\/#primaryimage\"},\"image\":{\"@id\":\"https:\/\/csl.org\/global\/es\/servicio\/proyectos-globales\/#primaryimage\"},\"thumbnailUrl\":\"http:\/\/csl.org\/wp-content\/uploads\/sites\/8\/2019\/05\/global-projects-400x283.jpg\",\"datePublished\":\"2020-01-30T11:58:01+00:00\",\"dateModified\":\"2020-02-04T11:01:16+00:00\",\"breadcrumb\":{\"@id\":\"https:\/\/csl.org\/global\/es\/servicio\/proyectos-globales\/#breadcrumb\"},\"inLanguage\":\"en-US\",\"potentialAction\":[{\"@type\":\"ReadAction\",\"target\":[\"https:\/\/csl.org\/global\/es\/servicio\/proyectos-globales\/\"]}]},{\"@type\":\"ImageObject\",\"inLanguage\":\"en-US\",\"@id\":\"https:\/\/csl.org\/global\/es\/servicio\/proyectos-globales\/#primaryimage\",\"url\":\"http:\/\/csl.org\/wp-content\/uploads\/sites\/8\/2019\/05\/global-projects-400x283.jpg\",\"contentUrl\":\"http:\/\/csl.org\/wp-content\/uploads\/sites\/8\/2019\/05\/global-projects-400x283.jpg\"},{\"@type\":\"BreadcrumbList\",\"@id\":\"https:\/\/csl.org\/global\/es\/servicio\/proyectos-globales\/#breadcrumb\",\"itemListElement\":[{\"@type\":\"ListItem\",\"position\":1,\"name\":\"SERVICIOS\",\"item\":\"https:\/\/csl.org\/global\/es\/servicio\/\"},{\"@type\":\"ListItem\",\"position\":2,\"name\":\"Proyectos Globales\"}]},{\"@type\":\"WebSite\",\"@id\":\"https:\/\/csl.org\/global\/de\/#website\",\"url\":\"https:\/\/csl.org\/global\/de\/\",\"name\":\"Global Services - Centers for Spiritual Living\",\"description\":\"\",\"potentialAction\":[{\"@type\":\"SearchAction\",\"target\":{\"@type\":\"EntryPoint\",\"urlTemplate\":\"https:\/\/csl.org\/global\/de\/?s={search_term_string}\"},\"query-input\":\"required name=search_term_string\"}],\"inLanguage\":\"en-US\"}]}<\/script>\n<!-- \/ Yoast SEO plugin. -->","yoast_head_json":{"title":"Proyectos Globales - Global Services - Centers for Spiritual Living","robots":{"index":"index","follow":"follow","max-snippet":"max-snippet:-1","max-image-preview":"max-image-preview:large","max-video-preview":"max-video-preview:-1"},"canonical":"https:\/\/csl.org\/global\/es\/servicio\/proyectos-globales\/","og_locale":"en_US","og_type":"article","og_title":"Proyectos Globales - Global Services - Centers for Spiritual Living","og_url":"https:\/\/csl.org\/global\/es\/servicio\/proyectos-globales\/","og_site_name":"Global Services - Centers for Spiritual Living","article_modified_time":"2020-02-04T11:01:16+00:00","og_image":[{"url":"http:\/\/csl.org\/wp-content\/uploads\/sites\/8\/2019\/05\/global-projects-400x283.jpg"}],"twitter_card":"summary_large_image","twitter_misc":{"Est. reading time":"5 minutes"},"schema":{"@context":"https:\/\/schema.org","@graph":[{"@type":"WebPage","@id":"https:\/\/csl.org\/global\/es\/servicio\/proyectos-globales\/","url":"https:\/\/csl.org\/global\/es\/servicio\/proyectos-globales\/","name":"Proyectos Globales - Global Services - Centers for Spiritual Living","isPartOf":{"@id":"https:\/\/csl.org\/global\/de\/#website"},"primaryImageOfPage":{"@id":"https:\/\/csl.org\/global\/es\/servicio\/proyectos-globales\/#primaryimage"},"image":{"@id":"https:\/\/csl.org\/global\/es\/servicio\/proyectos-globales\/#primaryimage"},"thumbnailUrl":"http:\/\/csl.org\/wp-content\/uploads\/sites\/8\/2019\/05\/global-projects-400x283.jpg","datePublished":"2020-01-30T11:58:01+00:00","dateModified":"2020-02-04T11:01:16+00:00","breadcrumb":{"@id":"https:\/\/csl.org\/global\/es\/servicio\/proyectos-globales\/#breadcrumb"},"inLanguage":"en-US","potentialAction":[{"@type":"ReadAction","target":["https:\/\/csl.org\/global\/es\/servicio\/proyectos-globales\/"]}]},{"@type":"ImageObject","inLanguage":"en-US","@id":"https:\/\/csl.org\/global\/es\/servicio\/proyectos-globales\/#primaryimage","url":"http:\/\/csl.org\/wp-content\/uploads\/sites\/8\/2019\/05\/global-projects-400x283.jpg","contentUrl":"http:\/\/csl.org\/wp-content\/uploads\/sites\/8\/2019\/05\/global-projects-400x283.jpg"},{"@type":"BreadcrumbList","@id":"https:\/\/csl.org\/global\/es\/servicio\/proyectos-globales\/#breadcrumb","itemListElement":[{"@type":"ListItem","position":1,"name":"SERVICIOS","item":"https:\/\/csl.org\/global\/es\/servicio\/"},{"@type":"ListItem","position":2,"name":"Proyectos Globales"}]},{"@type":"WebSite","@id":"https:\/\/csl.org\/global\/de\/#website","url":"https:\/\/csl.org\/global\/de\/","name":"Global Services - Centers for Spiritual Living","description":"","potentialAction":[{"@type":"SearchAction","target":{"@type":"EntryPoint","urlTemplate":"https:\/\/csl.org\/global\/de\/?s={search_term_string}"},"query-input":"required name=search_term_string"}],"inLanguage":"en-US"}]}},"_links":{"self":[{"href":"https:\/\/csl.org\/global\/wp-json\/wp\/v2\/pages\/4645"}],"collection":[{"href":"https:\/\/csl.org\/global\/wp-json\/wp\/v2\/pages"}],"about":[{"href":"https:\/\/csl.org\/global\/wp-json\/wp\/v2\/types\/page"}],"author":[{"embeddable":true,"href":"https:\/\/csl.org\/global\/wp-json\/wp\/v2\/users\/1"}],"replies":[{"embeddable":true,"href":"https:\/\/csl.org\/global\/wp-json\/wp\/v2\/comments?post=4645"}],"version-history":[{"count":1,"href":"https:\/\/csl.org\/global\/wp-json\/wp\/v2\/pages\/4645\/revisions"}],"predecessor-version":[{"id":4977,"href":"https:\/\/csl.org\/global\/wp-json\/wp\/v2\/pages\/4645\/revisions\/4977"}],"up":[{"embeddable":true,"href":"https:\/\/csl.org\/global\/wp-json\/wp\/v2\/pages\/4604"}],"wp:attachment":[{"href":"https:\/\/csl.org\/global\/wp-json\/wp\/v2\/media?parent=4645"}],"wp:term":[{"taxonomy":"category","embeddable":true,"href":"https:\/\/csl.org\/global\/wp-json\/wp\/v2\/categories?post=4645"},{"taxonomy":"post_tag","embeddable":true,"href":"https:\/\/csl.org\/global\/wp-json\/wp\/v2\/tags?post=4645"}],"curies":[{"name":"wp","href":"https:\/\/api.w.org\/{rel}","templated":true}]}}