{"id":4745,"date":"2020-01-22T14:55:11","date_gmt":"2020-01-22T14:55:11","guid":{"rendered":"https:\/\/csl.org\/global\/comunidad\/eventos-globales\/"},"modified":"2020-08-19T08:34:43","modified_gmt":"2020-08-19T08:34:43","slug":"eventos-globales","status":"publish","type":"page","link":"https:\/\/csl.org\/global\/comunidad\/eventos-globales\/","title":{"rendered":"Eventos Globales"},"content":{"rendered":"<p><div class=\"fusion-fullwidth fullwidth-box fusion-builder-row-1 gradient-container-1 nonhundred-percent-fullwidth non-hundred-percent-height-scrolling\" style=\"--awb-border-radius-top-left:0px;--awb-border-radius-top-right:0px;--awb-border-radius-bottom-right:0px;--awb-border-radius-bottom-left:0px;--awb-background-color:#ffffff;--awb-flex-wrap:wrap;\" ><div class=\"fusion-builder-row fusion-row\"><div class=\"fusion-layout-column fusion_builder_column fusion-builder-column-0 fusion_builder_column_1_1 1_1 fusion-one-full fusion-column-first fusion-column-last fusion-animated\" style=\"--awb-padding-top:50px;--awb-padding-right:3%;--awb-padding-bottom:50px;--awb-padding-left:3%;--awb-bg-color:#ffffff;--awb-bg-color-hover:#ffffff;--awb-bg-size:cover;\" data-animationType=\"zoomIn\" data-animationDuration=\"0.3\" data-animationOffset=\"top-into-view\"><div class=\"fusion-column-wrapper fusion-column-has-shadow fusion-flex-column-wrapper-legacy\"><div class=\"fusion-text fusion-text-1\"><h1 style=\"font-size: 39.203px; line-height: 41.163px;\" data-fontsize=\"40\" data-lineheight=\"42\">Eventos Mundiales<\/h1>\n<p><img fetchpriority=\"high\" decoding=\"async\" class=\"size-400 wp-image-2345 alignleft\" src=\"http:\/\/csl.org\/wp-content\/uploads\/sites\/8\/2019\/05\/stage-people-400x225.jpg\" alt=\"\" width=\"400\" height=\"225\" srcset=\"https:\/\/csl.org\/global\/wp-content\/uploads\/sites\/8\/2019\/05\/stage-people-200x113.jpg 200w, https:\/\/csl.org\/global\/wp-content\/uploads\/sites\/8\/2019\/05\/stage-people-300x169.jpg 300w, https:\/\/csl.org\/global\/wp-content\/uploads\/sites\/8\/2019\/05\/stage-people-400x225.jpg 400w, https:\/\/csl.org\/global\/wp-content\/uploads\/sites\/8\/2019\/05\/stage-people-600x338.jpg 600w, https:\/\/csl.org\/global\/wp-content\/uploads\/sites\/8\/2019\/05\/stage-people-768x432.jpg 768w, https:\/\/csl.org\/global\/wp-content\/uploads\/sites\/8\/2019\/05\/stage-people-800x450.jpg 800w, https:\/\/csl.org\/global\/wp-content\/uploads\/sites\/8\/2019\/05\/stage-people-1024x576.jpg 1024w, https:\/\/csl.org\/global\/wp-content\/uploads\/sites\/8\/2019\/05\/stage-people-1200x675.jpg 1200w, https:\/\/csl.org\/global\/wp-content\/uploads\/sites\/8\/2019\/05\/stage-people.jpg 1920w\" sizes=\"(max-width: 400px) 100vw, 400px\" \/><\/p>\n<p>Servicios Internacionales realmente se toma su nombre muy en serio. Con el fin de proporcionar servicios a nivel mundial, hay una colecci\u00f3n continua de informaci\u00f3n sobre Eventos y Conferencias para que usted pueda asistir. Con\u00e9ctese con personas de ideas afines en todo el mundo, comparta su sabidur\u00eda, descubra ideas y reciba inspiraci\u00f3n m\u00e1s all\u00e1 de sus grandes expectativas en las Conferencias de todo el mundo.<\/p>\n<p>Encuentre eventos que celebren el Amor, el Esp\u00edritu y la Belleza que nos rodea a todos &#8211; si nos tomamos el tiempo para mirar, explorar y apreciar.<\/p>\n<p>Descubra lo que puede haber en su \u00e1rea o en lugares fascinantes en nuestro planeta.<\/p>\n<h2 style=\"font-size: 34.303px; line-height: 35.283px;\" data-fontsize=\"35\" data-lineheight=\"36\">Pr\u00f3ximas conferencias<\/h2>\n<h3 style=\"font-size: 29.402px; line-height: 33.323px;\" data-fontsize=\"30\" data-lineheight=\"34\">CSL Geneva, Switzerland Summer Retreat<\/h3>\n<p>Ch\u00e2teau de Bossey &#8211; Geneva, Switzerland<br \/>\nOctober 2-4, 2020<br \/>\n<a href=\"http:\/\/www.csl-geneva.com\/\" target=\"_blank\" rel=\"noopener noreferrer\">Haga clic aqu\u00ed para m\u00e1s detalles!<\/a><\/p>\n<h3 style=\"font-size: 29.402px; line-height: 33.323px;\" data-fontsize=\"30\" data-lineheight=\"34\">TEMENOS, Kiev, Ukraine Retreats<\/h3>\n<p>2020 Events to be announced&#8230;.<br \/>\n<a href=\"http:\/\/www.temenoscsl.org\/\" target=\"_blank\" rel=\"noopener noreferrer\">Enlace a la p\u00e1gina web de TEMENOS para m\u00e1s informaci\u00f3n<\/a>.<\/p>\n<p><a href=\"http:\/\/csl.org\/wp-content\/uploads\/sites\/8\/2019\/08\/TEMENOS-Brochure.pdf\" target=\"_blank\" rel=\"noopener noreferrer\">Folleto de TEMENOS<\/a><\/p>\n<h2 style=\"font-size: 34.303px; line-height: 35.283px;\" data-fontsize=\"35\" data-lineheight=\"36\">Listar un evento internacional<\/h2>\n<p>En Servicios Globales hacemos todo lo posible para apoyar a las Comunidades Internacionales de Centros para la Vida Espiritual. La inclusi\u00f3n de Eventos y\/o Conferencias Internacionales en estas p\u00e1ginas web es siempre una alegr\u00eda, ya que es una forma m\u00e1s de mostrar la universalidad de los mensajes de la Ciencia de la Mente y el Esp\u00edritu y la conectividad de un mundo que funciona para todos!<\/p>\n<p>Teniendo esto en cuenta, todav\u00eda hay ciertos requisitos que deben cumplirse para que un evento o conferencia internacional pueda ser listado. Todos los grupos internacionales de los Centros para la Vida Espiritual* est\u00e1n invitados a listar su evento\/conferencia. Por favor, rellene el Formulario de Solicitud para que su evento\/conferencia sea considerado. <span style=\"color: #ffffff;\">List aevent form<\/span><\/p>\n<p>&nbsp;<\/p>\n<div class=\"fusion-button-wrapper\"><a class=\"fusion-button button-flat fusion-button-default-size button-default fusion-button-default button-1 fusion-button-default-span fusion-button-default-type\" target=\"_self\" href=\"http:\/\/csl.org\/global\/es\/comunidad\/eventos-globales\/listar-un-evento-internacional\/\"><span class=\"fusion-button-text\">Listar un Evento<\/span><\/a><\/div>\n<p>&nbsp;<\/p>\n<p style=\"text-align: center;\">*Los grupos internacionales incluyen: Centros, Cap\u00edtulos de Ense\u00f1anza, Ministerios de Enfoque, Grupos de Estudio, C\u00edrculos de Vida Espiritual. <a href=\"http:\/\/csl.org\/global\/es\/comunidad\/eventos-globales\/descripciones-de-las-comunidades-y-grupos\/\">Haga clic aqu\u00ed<\/a> para descripciones de grupos internacionales.<\/p>\n<p style=\"text-align: center;\">Gracias Merci Danke Obrigado Asante \u3042\u308a\u304c\u3068\u3046 \u0441\u043f\u0430\u0441\u0438\u0431\u043e salamat \u0634\u0643\u0631\u0627 Thank you<\/p>\n<p style=\"text-align: center;\">&#8220;&#8230;imagina que mi vida se llena de bien&#8230; mi mente se despierta.&#8221; Rev. Ang\u00e9lica<\/p>\n<\/div><div class=\"fusion-clearfix\"><\/div><\/div><\/div><\/div><\/div><div class=\"fusion-bg-parallax\" data-bg-align=\"center center\" data-direction=\"left\" data-mute=\"false\" data-opacity=\"100\" data-velocity=\"-0.7\" data-mobile-enabled=\"true\" data-break_parents=\"0\" data-bg-image=\"http:\/\/csl.org\/wp-content\/uploads\/sites\/8\/2019\/05\/celebration-.jpg\" data-bg-repeat=\"false\" ><\/div><div class=\"fusion-fullwidth fullwidth-box fusion-builder-row-2 fusion-parallax-left gradient-container-2 nonhundred-percent-fullwidth non-hundred-percent-height-scrolling\" style=\"--awb-border-radius-top-left:0px;--awb-border-radius-top-right:0px;--awb-border-radius-bottom-right:0px;--awb-border-radius-bottom-left:0px;--awb-background-image:url(&quot;http:\/\/csl.org\/wp-content\/uploads\/sites\/8\/2019\/05\/celebration-.jpg&quot;);--awb-background-size:cover;--awb-flex-wrap:wrap;\" ><div class=\"fusion-builder-row fusion-row\"><div class=\"fusion-layout-column fusion_builder_column fusion-builder-column-1 fusion_builder_column_1_1 1_1 fusion-one-full fusion-column-first fusion-column-last\" style=\"--awb-padding-top:250px;--awb-padding-right:200px;--awb-padding-bottom:250px;--awb-padding-left:200px;--awb-bg-size:cover;\"><div class=\"fusion-column-wrapper fusion-column-has-shadow fusion-flex-column-wrapper-legacy\"><div class=\"fusion-clearfix\"><\/div><\/div><\/div><\/div><\/div><\/p>\n","protected":false},"excerpt":{"rendered":"","protected":false},"author":1,"featured_media":0,"parent":4450,"menu_order":137,"comment_status":"closed","ping_status":"closed","template":"100-width.php","meta":{"_exactmetrics_skip_tracking":false,"_exactmetrics_sitenote_active":false,"_exactmetrics_sitenote_note":"","_exactmetrics_sitenote_category":0,"footnotes":""},"categories":[62],"tags":[],"class_list":["post-4745","page","type-page","status-publish","hentry","category-comunidad"],"yoast_head":"<!-- This site is optimized with the Yoast SEO plugin v23.1 - https:\/\/yoast.com\/wordpress\/plugins\/seo\/ -->\n<title>Eventos Globales - Global Services - Centers for Spiritual Living<\/title>\n<meta name=\"robots\" content=\"index, follow, max-snippet:-1, max-image-preview:large, max-video-preview:-1\" \/>\n<link rel=\"canonical\" href=\"https:\/\/csl.org\/global\/es\/comunidad\/eventos-globales\/\" \/>\n<meta property=\"og:locale\" content=\"en_US\" \/>\n<meta property=\"og:type\" content=\"article\" \/>\n<meta property=\"og:title\" content=\"Eventos Globales - Global Services - Centers for Spiritual Living\" \/>\n<meta property=\"og:url\" content=\"https:\/\/csl.org\/global\/es\/comunidad\/eventos-globales\/\" \/>\n<meta property=\"og:site_name\" content=\"Global Services - Centers for Spiritual Living\" \/>\n<meta property=\"article:modified_time\" content=\"2020-08-19T08:34:43+00:00\" \/>\n<meta property=\"og:image\" content=\"http:\/\/csl.org\/wp-content\/uploads\/sites\/8\/2019\/05\/stage-people-400x225.jpg\" \/>\n<meta name=\"twitter:card\" content=\"summary_large_image\" \/>\n<meta name=\"twitter:label1\" content=\"Est. reading time\" \/>\n\t<meta name=\"twitter:data1\" content=\"5 minutes\" \/>\n<script type=\"application\/ld+json\" class=\"yoast-schema-graph\">{\"@context\":\"https:\/\/schema.org\",\"@graph\":[{\"@type\":\"WebPage\",\"@id\":\"https:\/\/csl.org\/global\/es\/comunidad\/eventos-globales\/\",\"url\":\"https:\/\/csl.org\/global\/es\/comunidad\/eventos-globales\/\",\"name\":\"Eventos Globales - Global Services - Centers for Spiritual Living\",\"isPartOf\":{\"@id\":\"https:\/\/csl.org\/global\/de\/#website\"},\"primaryImageOfPage\":{\"@id\":\"https:\/\/csl.org\/global\/es\/comunidad\/eventos-globales\/#primaryimage\"},\"image\":{\"@id\":\"https:\/\/csl.org\/global\/es\/comunidad\/eventos-globales\/#primaryimage\"},\"thumbnailUrl\":\"http:\/\/csl.org\/wp-content\/uploads\/sites\/8\/2019\/05\/stage-people-400x225.jpg\",\"datePublished\":\"2020-01-22T14:55:11+00:00\",\"dateModified\":\"2020-08-19T08:34:43+00:00\",\"breadcrumb\":{\"@id\":\"https:\/\/csl.org\/global\/es\/comunidad\/eventos-globales\/#breadcrumb\"},\"inLanguage\":\"en-US\",\"potentialAction\":[{\"@type\":\"ReadAction\",\"target\":[\"https:\/\/csl.org\/global\/es\/comunidad\/eventos-globales\/\"]}]},{\"@type\":\"ImageObject\",\"inLanguage\":\"en-US\",\"@id\":\"https:\/\/csl.org\/global\/es\/comunidad\/eventos-globales\/#primaryimage\",\"url\":\"http:\/\/csl.org\/wp-content\/uploads\/sites\/8\/2019\/05\/stage-people-400x225.jpg\",\"contentUrl\":\"http:\/\/csl.org\/wp-content\/uploads\/sites\/8\/2019\/05\/stage-people-400x225.jpg\"},{\"@type\":\"BreadcrumbList\",\"@id\":\"https:\/\/csl.org\/global\/es\/comunidad\/eventos-globales\/#breadcrumb\",\"itemListElement\":[{\"@type\":\"ListItem\",\"position\":1,\"name\":\"COMUNIDAD\",\"item\":\"https:\/\/csl.org\/global\/es\/comunidad\/\"},{\"@type\":\"ListItem\",\"position\":2,\"name\":\"Eventos Globales\"}]},{\"@type\":\"WebSite\",\"@id\":\"https:\/\/csl.org\/global\/de\/#website\",\"url\":\"https:\/\/csl.org\/global\/de\/\",\"name\":\"Global Services - Centers for Spiritual Living\",\"description\":\"\",\"potentialAction\":[{\"@type\":\"SearchAction\",\"target\":{\"@type\":\"EntryPoint\",\"urlTemplate\":\"https:\/\/csl.org\/global\/de\/?s={search_term_string}\"},\"query-input\":\"required name=search_term_string\"}],\"inLanguage\":\"en-US\"}]}<\/script>\n<!-- \/ Yoast SEO plugin. -->","yoast_head_json":{"title":"Eventos Globales - Global Services - Centers for Spiritual Living","robots":{"index":"index","follow":"follow","max-snippet":"max-snippet:-1","max-image-preview":"max-image-preview:large","max-video-preview":"max-video-preview:-1"},"canonical":"https:\/\/csl.org\/global\/es\/comunidad\/eventos-globales\/","og_locale":"en_US","og_type":"article","og_title":"Eventos Globales - Global Services - Centers for Spiritual Living","og_url":"https:\/\/csl.org\/global\/es\/comunidad\/eventos-globales\/","og_site_name":"Global Services - Centers for Spiritual Living","article_modified_time":"2020-08-19T08:34:43+00:00","og_image":[{"url":"http:\/\/csl.org\/wp-content\/uploads\/sites\/8\/2019\/05\/stage-people-400x225.jpg"}],"twitter_card":"summary_large_image","twitter_misc":{"Est. reading time":"5 minutes"},"schema":{"@context":"https:\/\/schema.org","@graph":[{"@type":"WebPage","@id":"https:\/\/csl.org\/global\/es\/comunidad\/eventos-globales\/","url":"https:\/\/csl.org\/global\/es\/comunidad\/eventos-globales\/","name":"Eventos Globales - Global Services - Centers for Spiritual Living","isPartOf":{"@id":"https:\/\/csl.org\/global\/de\/#website"},"primaryImageOfPage":{"@id":"https:\/\/csl.org\/global\/es\/comunidad\/eventos-globales\/#primaryimage"},"image":{"@id":"https:\/\/csl.org\/global\/es\/comunidad\/eventos-globales\/#primaryimage"},"thumbnailUrl":"http:\/\/csl.org\/wp-content\/uploads\/sites\/8\/2019\/05\/stage-people-400x225.jpg","datePublished":"2020-01-22T14:55:11+00:00","dateModified":"2020-08-19T08:34:43+00:00","breadcrumb":{"@id":"https:\/\/csl.org\/global\/es\/comunidad\/eventos-globales\/#breadcrumb"},"inLanguage":"en-US","potentialAction":[{"@type":"ReadAction","target":["https:\/\/csl.org\/global\/es\/comunidad\/eventos-globales\/"]}]},{"@type":"ImageObject","inLanguage":"en-US","@id":"https:\/\/csl.org\/global\/es\/comunidad\/eventos-globales\/#primaryimage","url":"http:\/\/csl.org\/wp-content\/uploads\/sites\/8\/2019\/05\/stage-people-400x225.jpg","contentUrl":"http:\/\/csl.org\/wp-content\/uploads\/sites\/8\/2019\/05\/stage-people-400x225.jpg"},{"@type":"BreadcrumbList","@id":"https:\/\/csl.org\/global\/es\/comunidad\/eventos-globales\/#breadcrumb","itemListElement":[{"@type":"ListItem","position":1,"name":"COMUNIDAD","item":"https:\/\/csl.org\/global\/es\/comunidad\/"},{"@type":"ListItem","position":2,"name":"Eventos Globales"}]},{"@type":"WebSite","@id":"https:\/\/csl.org\/global\/de\/#website","url":"https:\/\/csl.org\/global\/de\/","name":"Global Services - Centers for Spiritual Living","description":"","potentialAction":[{"@type":"SearchAction","target":{"@type":"EntryPoint","urlTemplate":"https:\/\/csl.org\/global\/de\/?s={search_term_string}"},"query-input":"required name=search_term_string"}],"inLanguage":"en-US"}]}},"_links":{"self":[{"href":"https:\/\/csl.org\/global\/wp-json\/wp\/v2\/pages\/4745"}],"collection":[{"href":"https:\/\/csl.org\/global\/wp-json\/wp\/v2\/pages"}],"about":[{"href":"https:\/\/csl.org\/global\/wp-json\/wp\/v2\/types\/page"}],"author":[{"embeddable":true,"href":"https:\/\/csl.org\/global\/wp-json\/wp\/v2\/users\/1"}],"replies":[{"embeddable":true,"href":"https:\/\/csl.org\/global\/wp-json\/wp\/v2\/comments?post=4745"}],"version-history":[{"count":9,"href":"https:\/\/csl.org\/global\/wp-json\/wp\/v2\/pages\/4745\/revisions"}],"predecessor-version":[{"id":7739,"href":"https:\/\/csl.org\/global\/wp-json\/wp\/v2\/pages\/4745\/revisions\/7739"}],"up":[{"embeddable":true,"href":"https:\/\/csl.org\/global\/wp-json\/wp\/v2\/pages\/4450"}],"wp:attachment":[{"href":"https:\/\/csl.org\/global\/wp-json\/wp\/v2\/media?parent=4745"}],"wp:term":[{"taxonomy":"category","embeddable":true,"href":"https:\/\/csl.org\/global\/wp-json\/wp\/v2\/categories?post=4745"},{"taxonomy":"post_tag","embeddable":true,"href":"https:\/\/csl.org\/global\/wp-json\/wp\/v2\/tags?post=4745"}],"curies":[{"name":"wp","href":"https:\/\/api.w.org\/{rel}","templated":true}]}}