{"id":4801,"date":"2020-01-23T12:20:42","date_gmt":"2020-01-23T12:20:42","guid":{"rendered":"https:\/\/csl.org\/global\/servicio\/corazon-de-paz\/"},"modified":"2020-06-01T17:04:37","modified_gmt":"2020-06-01T17:04:37","slug":"corazon-de-paz","status":"publish","type":"page","link":"https:\/\/csl.org\/global\/servicio\/corazon-de-paz\/","title":{"rendered":"Coraz\u00f3n de Paz"},"content":{"rendered":"<p><div class=\"fusion-fullwidth fullwidth-box fusion-builder-row-1 gradient-container-1 nonhundred-percent-fullwidth non-hundred-percent-height-scrolling\" style=\"--awb-border-radius-top-left:0px;--awb-border-radius-top-right:0px;--awb-border-radius-bottom-right:0px;--awb-border-radius-bottom-left:0px;--awb-background-color:#ffffff;--awb-flex-wrap:wrap;\" ><div class=\"fusion-builder-row fusion-row\"><div class=\"fusion-layout-column fusion_builder_column fusion-builder-column-0 fusion_builder_column_1_1 1_1 fusion-one-full fusion-column-first fusion-column-last fusion-animated\" style=\"--awb-padding-top:50px;--awb-padding-right:3%;--awb-padding-bottom:50px;--awb-padding-left:3%;--awb-bg-color:#ffffff;--awb-bg-color-hover:#ffffff;--awb-bg-size:cover;\" data-animationType=\"zoomIn\" data-animationDuration=\"0.3\" data-animationOffset=\"top-into-view\"><div class=\"fusion-column-wrapper fusion-column-has-shadow fusion-flex-column-wrapper-legacy\"><div class=\"fusion-text fusion-text-1\"><h1>INICIATIVA DE PAZ DE CENTROS PARA VIDA ESPIRITUAL<\/h1>\n<p>\u00bfEst\u00e1 buscando maneras de traer m\u00e1s paz al mundo? Los Centros para la Vida Espiritual ense\u00f1an que la paz comienza en el interior y nos animan a todos a traer m\u00e1s paz a nuestra conciencia.<\/p>\n<p><em>&#8220;Debemos pensar en la paz si deseamos expresar la paz. La mente que siempre est\u00e1 confundida y angustiada no est\u00e1 en paz; la mente que est\u00e1 continuamente trastornada y agitada por las peque\u00f1as cosas de la vida no est\u00e1 en paz; est\u00e1 en guerra consigo misma. S\u00f3lo cuando la mente individual deje de combatirse a s\u00ed misma dejar\u00e1 de combatir a los dem\u00e1s&#8221;.<\/em> ~Ernest Holmes<\/p>\n<p>Adem\u00e1s de cambiar nuestra conciencia, nosotros en Centros para la Vida Espiritual tambi\u00e9n animamos a todos a considerar la participaci\u00f3n en ciertas acciones de paz en el mundo. Aqu\u00ed hay algunas que apoyamos:<\/p>\n<h2>Grupos de Meditaci\u00f3n Colectiva Coraz\u00f3n de Paz<\/h2>\n<p><img fetchpriority=\"high\" decoding=\"async\" class=\"size-full wp-image-2440 aligncenter\" src=\"http:\/\/csl.org\/wp-content\/uploads\/sites\/8\/2019\/05\/Heart_of_Peace_logo.jpg\" alt=\"Heart of Peace\" width=\"250\" height=\"250\" srcset=\"https:\/\/csl.org\/global\/wp-content\/uploads\/sites\/8\/2019\/05\/Heart_of_Peace_logo-66x66.jpg 66w, https:\/\/csl.org\/global\/wp-content\/uploads\/sites\/8\/2019\/05\/Heart_of_Peace_logo-150x150.jpg 150w, https:\/\/csl.org\/global\/wp-content\/uploads\/sites\/8\/2019\/05\/Heart_of_Peace_logo-200x200.jpg 200w, https:\/\/csl.org\/global\/wp-content\/uploads\/sites\/8\/2019\/05\/Heart_of_Peace_logo.jpg 250w\" sizes=\"(max-width: 250px) 100vw, 250px\" \/> \u00bfTe gustar\u00eda iniciar un grupo para la meditaci\u00f3n de paz? Si es as\u00ed, <a href=\"https:\/\/ourcsl.org\/csl-peace-initiatives\/start-meditation-group\" target=\"_blank\" rel=\"noopener noreferrer\">[haga clic aqu\u00ed]<\/a>.<\/p>\n<p>\u00bfTe gustar\u00eda encontrar un grupo (ya sea en persona o en l\u00ednea\/tel\u00e9fono) que se re\u00fana para una meditaci\u00f3n de grupo por la paz? Si es as\u00ed, [<a href=\"https:\/\/ourcsl.org\/csl-peace-initiatives\/find-meditation-group\" target=\"_blank\" rel=\"noopener noreferrer\">haga clic aqu\u00ed<\/a>].<\/p>\n<h2>Asociaci\u00f3n para las Temporadas de Paz del Nuevo Pensamiento Mundial<\/h2>\n<p><img decoding=\"async\" class=\"size-full wp-image-2441 aligncenter\" src=\"http:\/\/csl.org\/wp-content\/uploads\/sites\/8\/2019\/05\/peace_nonviolence_logo.jpg\" alt=\"\" width=\"250\" height=\"177\" srcset=\"https:\/\/csl.org\/global\/wp-content\/uploads\/sites\/8\/2019\/05\/peace_nonviolence_logo-200x142.jpg 200w, https:\/\/csl.org\/global\/wp-content\/uploads\/sites\/8\/2019\/05\/peace_nonviolence_logo.jpg 250w\" sizes=\"(max-width: 250px) 100vw, 250px\" \/> A trav\u00e9s de su asociaci\u00f3n con la Asociaci\u00f3n para el Nuevo Pensamiento Mundial, los Centros para la Vida Espiritual animan a todas sus comunidades miembro y amigos a participar durante todo el a\u00f1o en las temporadas para la Paz y la No-Violencia. Estas temporadas y sus marcos de tiempo se describen aqu\u00ed: <a href=\"http:\/\/www.agnt.org\/seasons\" target=\"_blank\" rel=\"noopener noreferrer\">www.agnt.org\/seasons<\/a><\/p>\n<p>Este a\u00f1o se celebra el 20\u00ba aniversario de la Temporada de No Violencia de Gandhi King, que va del 30 de enero al 4 de abril de 2017. Los eventos especiales en l\u00ednea con invitados especiales reservar\u00e1n tanto el inicio como la conclusi\u00f3n de la temporada. Los centros e individuos pueden acceder a una gran cantidad de informaci\u00f3n y recursos para ayudar en sus propios eventos de paz de la temporada en <a href=\"http:\/\/www.agnt.org\/season-for-nonviolence\" target=\"_blank\" rel=\"noopener noreferrer\">www.agnt.org\/season-for-nonviolence<\/a><\/p>\n<h2>D\u00eda Internacional de la Paz de las Naciones Unidas<\/h2>\n<p>Cada a\u00f1o, el 21 de septiembre, las Naciones Unidas dedica un d\u00eda a fortalecer los ideales de paz, tanto dentro como entre todas las naciones y pueblos. Para obtener informaci\u00f3n sobre los programas [<a href=\"https:\/\/internationaldayofpeace.org\/\" target=\"_blank\" rel=\"noopener noreferrer\">haga clic aqu\u00ed<\/a>].<\/p>\n<p>En 2016, Centros para la Vida Espiritual organiz\u00f3 una celebraci\u00f3n oficial del D\u00eda de la Paz en el Ministerio del Interior en Golden, CO. Un video de lo m\u00e1s destacado del evento est\u00e1 disponible en l\u00ednea en <a href=\"https:\/\/youtu.be\/hCvf0631Dcs\" target=\"_blank\" rel=\"noopener noreferrer\">https:\/\/youtu.be\/hCvf0631Dcs<\/a><\/p>\n<p>Para m\u00e1s informaci\u00f3n sobre nuestro Comit\u00e9 del Coraz\u00f3n de Paz y sus acciones, [<a href=\"https:\/\/ourcsl.org\/csl-peace-initiatives\/peace-committee\" target=\"_blank\" rel=\"noopener noreferrer\">chaga clic aqu\u00ed<\/a>].<\/p>\n<\/div><div class=\"fusion-clearfix\"><\/div><\/div><\/div><\/div><\/div><div class=\"fusion-bg-parallax\" data-bg-align=\"center center\" data-direction=\"up\" data-mute=\"false\" data-opacity=\"100\" data-velocity=\"-0.7\" data-mobile-enabled=\"true\" data-break_parents=\"0\" data-bg-image=\"http:\/\/csl.org\/wp-content\/uploads\/sites\/8\/2019\/05\/dove-peace-1-800x523.jpg\" data-bg-repeat=\"false\" ><\/div><div class=\"fusion-fullwidth fullwidth-box fusion-builder-row-2 fusion-parallax-up gradient-container-2 nonhundred-percent-fullwidth non-hundred-percent-height-scrolling\" style=\"--awb-border-radius-top-left:0px;--awb-border-radius-top-right:0px;--awb-border-radius-bottom-right:0px;--awb-border-radius-bottom-left:0px;--awb-background-image:url(&quot;http:\/\/csl.org\/wp-content\/uploads\/sites\/8\/2019\/05\/dove-peace-1-800x523.jpg&quot;);--awb-background-size:cover;--awb-flex-wrap:wrap;\" ><div class=\"fusion-builder-row fusion-row\"><div class=\"fusion-layout-column fusion_builder_column fusion-builder-column-1 fusion_builder_column_1_1 1_1 fusion-one-full fusion-column-first fusion-column-last\" style=\"--awb-padding-top:250px;--awb-padding-right:200px;--awb-padding-bottom:250px;--awb-padding-left:200px;--awb-bg-size:cover;\"><div class=\"fusion-column-wrapper fusion-column-has-shadow fusion-flex-column-wrapper-legacy\"><div class=\"fusion-clearfix\"><\/div><\/div><\/div><\/div><\/div><\/p>\n","protected":false},"excerpt":{"rendered":"","protected":false},"author":1,"featured_media":0,"parent":4604,"menu_order":170,"comment_status":"closed","ping_status":"closed","template":"100-width.php","meta":{"_exactmetrics_skip_tracking":false,"_exactmetrics_sitenote_active":false,"_exactmetrics_sitenote_note":"","_exactmetrics_sitenote_category":0,"footnotes":""},"categories":[65],"tags":[],"class_list":["post-4801","page","type-page","status-publish","hentry","category-servicio"],"yoast_head":"<!-- This site is optimized with the Yoast SEO plugin v23.1 - https:\/\/yoast.com\/wordpress\/plugins\/seo\/ -->\n<title>Coraz\u00f3n de Paz - Global Services - Centers for Spiritual Living<\/title>\n<meta name=\"robots\" content=\"index, follow, max-snippet:-1, max-image-preview:large, max-video-preview:-1\" \/>\n<link rel=\"canonical\" href=\"https:\/\/csl.org\/global\/es\/servicio\/corazon-de-paz\/\" \/>\n<meta property=\"og:locale\" content=\"en_US\" \/>\n<meta property=\"og:type\" content=\"article\" \/>\n<meta property=\"og:title\" content=\"Coraz\u00f3n de Paz - Global Services - Centers for Spiritual Living\" \/>\n<meta property=\"og:url\" content=\"https:\/\/csl.org\/global\/es\/servicio\/corazon-de-paz\/\" \/>\n<meta property=\"og:site_name\" content=\"Global Services - Centers for Spiritual Living\" \/>\n<meta property=\"article:modified_time\" content=\"2020-06-01T17:04:37+00:00\" \/>\n<meta property=\"og:image\" content=\"http:\/\/csl.org\/wp-content\/uploads\/sites\/8\/2019\/05\/Heart_of_Peace_logo.jpg\" \/>\n<meta name=\"twitter:card\" content=\"summary_large_image\" \/>\n<meta name=\"twitter:label1\" content=\"Est. reading time\" \/>\n\t<meta name=\"twitter:data1\" content=\"5 minutes\" \/>\n<script type=\"application\/ld+json\" class=\"yoast-schema-graph\">{\"@context\":\"https:\/\/schema.org\",\"@graph\":[{\"@type\":\"WebPage\",\"@id\":\"https:\/\/csl.org\/global\/es\/servicio\/corazon-de-paz\/\",\"url\":\"https:\/\/csl.org\/global\/es\/servicio\/corazon-de-paz\/\",\"name\":\"Coraz\u00f3n de Paz - Global Services - Centers for Spiritual Living\",\"isPartOf\":{\"@id\":\"https:\/\/csl.org\/global\/de\/#website\"},\"primaryImageOfPage\":{\"@id\":\"https:\/\/csl.org\/global\/es\/servicio\/corazon-de-paz\/#primaryimage\"},\"image\":{\"@id\":\"https:\/\/csl.org\/global\/es\/servicio\/corazon-de-paz\/#primaryimage\"},\"thumbnailUrl\":\"http:\/\/csl.org\/wp-content\/uploads\/sites\/8\/2019\/05\/Heart_of_Peace_logo.jpg\",\"datePublished\":\"2020-01-23T12:20:42+00:00\",\"dateModified\":\"2020-06-01T17:04:37+00:00\",\"breadcrumb\":{\"@id\":\"https:\/\/csl.org\/global\/es\/servicio\/corazon-de-paz\/#breadcrumb\"},\"inLanguage\":\"en-US\",\"potentialAction\":[{\"@type\":\"ReadAction\",\"target\":[\"https:\/\/csl.org\/global\/es\/servicio\/corazon-de-paz\/\"]}]},{\"@type\":\"ImageObject\",\"inLanguage\":\"en-US\",\"@id\":\"https:\/\/csl.org\/global\/es\/servicio\/corazon-de-paz\/#primaryimage\",\"url\":\"http:\/\/csl.org\/wp-content\/uploads\/sites\/8\/2019\/05\/Heart_of_Peace_logo.jpg\",\"contentUrl\":\"http:\/\/csl.org\/wp-content\/uploads\/sites\/8\/2019\/05\/Heart_of_Peace_logo.jpg\"},{\"@type\":\"BreadcrumbList\",\"@id\":\"https:\/\/csl.org\/global\/es\/servicio\/corazon-de-paz\/#breadcrumb\",\"itemListElement\":[{\"@type\":\"ListItem\",\"position\":1,\"name\":\"SERVICIOS\",\"item\":\"https:\/\/csl.org\/global\/es\/servicio\/\"},{\"@type\":\"ListItem\",\"position\":2,\"name\":\"Coraz\u00f3n de Paz\"}]},{\"@type\":\"WebSite\",\"@id\":\"https:\/\/csl.org\/global\/de\/#website\",\"url\":\"https:\/\/csl.org\/global\/de\/\",\"name\":\"Global Services - Centers for Spiritual Living\",\"description\":\"\",\"potentialAction\":[{\"@type\":\"SearchAction\",\"target\":{\"@type\":\"EntryPoint\",\"urlTemplate\":\"https:\/\/csl.org\/global\/de\/?s={search_term_string}\"},\"query-input\":\"required name=search_term_string\"}],\"inLanguage\":\"en-US\"}]}<\/script>\n<!-- \/ Yoast SEO plugin. -->","yoast_head_json":{"title":"Coraz\u00f3n de Paz - Global Services - Centers for Spiritual Living","robots":{"index":"index","follow":"follow","max-snippet":"max-snippet:-1","max-image-preview":"max-image-preview:large","max-video-preview":"max-video-preview:-1"},"canonical":"https:\/\/csl.org\/global\/es\/servicio\/corazon-de-paz\/","og_locale":"en_US","og_type":"article","og_title":"Coraz\u00f3n de Paz - Global Services - Centers for Spiritual Living","og_url":"https:\/\/csl.org\/global\/es\/servicio\/corazon-de-paz\/","og_site_name":"Global Services - Centers for Spiritual Living","article_modified_time":"2020-06-01T17:04:37+00:00","og_image":[{"url":"http:\/\/csl.org\/wp-content\/uploads\/sites\/8\/2019\/05\/Heart_of_Peace_logo.jpg"}],"twitter_card":"summary_large_image","twitter_misc":{"Est. reading time":"5 minutes"},"schema":{"@context":"https:\/\/schema.org","@graph":[{"@type":"WebPage","@id":"https:\/\/csl.org\/global\/es\/servicio\/corazon-de-paz\/","url":"https:\/\/csl.org\/global\/es\/servicio\/corazon-de-paz\/","name":"Coraz\u00f3n de Paz - Global Services - Centers for Spiritual Living","isPartOf":{"@id":"https:\/\/csl.org\/global\/de\/#website"},"primaryImageOfPage":{"@id":"https:\/\/csl.org\/global\/es\/servicio\/corazon-de-paz\/#primaryimage"},"image":{"@id":"https:\/\/csl.org\/global\/es\/servicio\/corazon-de-paz\/#primaryimage"},"thumbnailUrl":"http:\/\/csl.org\/wp-content\/uploads\/sites\/8\/2019\/05\/Heart_of_Peace_logo.jpg","datePublished":"2020-01-23T12:20:42+00:00","dateModified":"2020-06-01T17:04:37+00:00","breadcrumb":{"@id":"https:\/\/csl.org\/global\/es\/servicio\/corazon-de-paz\/#breadcrumb"},"inLanguage":"en-US","potentialAction":[{"@type":"ReadAction","target":["https:\/\/csl.org\/global\/es\/servicio\/corazon-de-paz\/"]}]},{"@type":"ImageObject","inLanguage":"en-US","@id":"https:\/\/csl.org\/global\/es\/servicio\/corazon-de-paz\/#primaryimage","url":"http:\/\/csl.org\/wp-content\/uploads\/sites\/8\/2019\/05\/Heart_of_Peace_logo.jpg","contentUrl":"http:\/\/csl.org\/wp-content\/uploads\/sites\/8\/2019\/05\/Heart_of_Peace_logo.jpg"},{"@type":"BreadcrumbList","@id":"https:\/\/csl.org\/global\/es\/servicio\/corazon-de-paz\/#breadcrumb","itemListElement":[{"@type":"ListItem","position":1,"name":"SERVICIOS","item":"https:\/\/csl.org\/global\/es\/servicio\/"},{"@type":"ListItem","position":2,"name":"Coraz\u00f3n de Paz"}]},{"@type":"WebSite","@id":"https:\/\/csl.org\/global\/de\/#website","url":"https:\/\/csl.org\/global\/de\/","name":"Global Services - Centers for Spiritual Living","description":"","potentialAction":[{"@type":"SearchAction","target":{"@type":"EntryPoint","urlTemplate":"https:\/\/csl.org\/global\/de\/?s={search_term_string}"},"query-input":"required name=search_term_string"}],"inLanguage":"en-US"}]}},"_links":{"self":[{"href":"https:\/\/csl.org\/global\/wp-json\/wp\/v2\/pages\/4801"}],"collection":[{"href":"https:\/\/csl.org\/global\/wp-json\/wp\/v2\/pages"}],"about":[{"href":"https:\/\/csl.org\/global\/wp-json\/wp\/v2\/types\/page"}],"author":[{"embeddable":true,"href":"https:\/\/csl.org\/global\/wp-json\/wp\/v2\/users\/1"}],"replies":[{"embeddable":true,"href":"https:\/\/csl.org\/global\/wp-json\/wp\/v2\/comments?post=4801"}],"version-history":[{"count":6,"href":"https:\/\/csl.org\/global\/wp-json\/wp\/v2\/pages\/4801\/revisions"}],"predecessor-version":[{"id":6999,"href":"https:\/\/csl.org\/global\/wp-json\/wp\/v2\/pages\/4801\/revisions\/6999"}],"up":[{"embeddable":true,"href":"https:\/\/csl.org\/global\/wp-json\/wp\/v2\/pages\/4604"}],"wp:attachment":[{"href":"https:\/\/csl.org\/global\/wp-json\/wp\/v2\/media?parent=4801"}],"wp:term":[{"taxonomy":"category","embeddable":true,"href":"https:\/\/csl.org\/global\/wp-json\/wp\/v2\/categories?post=4801"},{"taxonomy":"post_tag","embeddable":true,"href":"https:\/\/csl.org\/global\/wp-json\/wp\/v2\/tags?post=4801"}],"curies":[{"name":"wp","href":"https:\/\/api.w.org\/{rel}","templated":true}]}}