{"id":4831,"date":"2020-01-23T13:11:27","date_gmt":"2020-01-23T13:11:27","guid":{"rendered":"https:\/\/csl.org\/global\/comunidad\/reuniones-y-clases-globales\/"},"modified":"2020-07-24T08:27:04","modified_gmt":"2020-07-24T08:27:04","slug":"reuniones-y-clases-globales","status":"publish","type":"page","link":"https:\/\/csl.org\/global\/comunidad\/reuniones-y-clases-globales\/","title":{"rendered":"Reuniones y Clases Globales"},"content":{"rendered":"<p><div class=\"fusion-fullwidth fullwidth-box fusion-builder-row-1 gradient-container-1 nonhundred-percent-fullwidth non-hundred-percent-height-scrolling\" style=\"--awb-border-radius-top-left:0px;--awb-border-radius-top-right:0px;--awb-border-radius-bottom-right:0px;--awb-border-radius-bottom-left:0px;--awb-background-color:#ffffff;--awb-flex-wrap:wrap;\" ><div class=\"fusion-builder-row fusion-row\"><div class=\"fusion-layout-column fusion_builder_column fusion-builder-column-0 fusion_builder_column_1_1 1_1 fusion-one-full fusion-column-first fusion-column-last fusion-animated\" style=\"--awb-padding-top:50px;--awb-padding-right:3%;--awb-padding-bottom:50px;--awb-padding-left:3%;--awb-bg-color:#ffffff;--awb-bg-color-hover:#ffffff;--awb-bg-size:cover;--awb-margin-bottom:5px;\" data-animationType=\"zoomIn\" data-animationDuration=\"0.7\" data-animationOffset=\"top-into-view\"><div class=\"fusion-column-wrapper fusion-column-has-shadow fusion-flex-column-wrapper-legacy\"><div class=\"fusion-text fusion-text-1\"><h1 style=\"text-align: left;\">Reuniones y Clases en el mundo<\/h1>\n<p style=\"text-align: left;\"><img fetchpriority=\"high\" decoding=\"async\" class=\" wp-image-1950 aligncenter\" src=\"http:\/\/csl.org\/wp-content\/uploads\/sites\/8\/2019\/05\/feet-1-600x450.jpg\" alt=\"\" width=\"418\" height=\"313\" srcset=\"https:\/\/csl.org\/global\/wp-content\/uploads\/sites\/8\/2019\/05\/feet-1-200x150.jpg 200w, https:\/\/csl.org\/global\/wp-content\/uploads\/sites\/8\/2019\/05\/feet-1-300x225.jpg 300w, https:\/\/csl.org\/global\/wp-content\/uploads\/sites\/8\/2019\/05\/feet-1-400x300.jpg 400w, https:\/\/csl.org\/global\/wp-content\/uploads\/sites\/8\/2019\/05\/feet-1-600x450.jpg 600w, https:\/\/csl.org\/global\/wp-content\/uploads\/sites\/8\/2019\/05\/feet-1-768x576.jpg 768w, https:\/\/csl.org\/global\/wp-content\/uploads\/sites\/8\/2019\/05\/feet-1-800x600.jpg 800w, https:\/\/csl.org\/global\/wp-content\/uploads\/sites\/8\/2019\/05\/feet-1-1024x768.jpg 1024w, https:\/\/csl.org\/global\/wp-content\/uploads\/sites\/8\/2019\/05\/feet-1-1200x900.jpg 1200w, https:\/\/csl.org\/global\/wp-content\/uploads\/sites\/8\/2019\/05\/feet-1.jpg 1920w\" sizes=\"(max-width: 418px) 100vw, 418px\" \/><\/p>\n<p style=\"text-align: left;\">Aqu\u00ed encontrar\u00e1s una lista de las reuniones y clases de Ciencia de la Mente que est\u00e1n disponibles en todo el mundo (fuera de Am\u00e9rica del Norte). Estas incluyen las que est\u00e1n disponibles en todo el mundo en l\u00ednea y las locales (por continente). Aqu\u00ed se proporcionan los enlaces para obtener m\u00e1s informaci\u00f3n.<\/p>\n<\/div><div class=\"fusion-clearfix\"><\/div><\/div><\/div><div class=\"fusion-layout-column fusion_builder_column fusion-builder-column-1 fusion_builder_column_1_3 1_3 fusion-one-third fusion-column-first fusion-animated\" style=\"--awb-bg-size:cover;width:33.333333333333%;width:calc(33.333333333333% - ( ( 4% + 4% ) * 0.33333333333333 ) );margin-right: 4%;\" data-animationType=\"zoomIn\" data-animationDuration=\"0.7\" data-animationOffset=\"top-into-view\"><div class=\"fusion-column-wrapper fusion-column-has-shadow fusion-flex-column-wrapper-legacy\"><div class=\"fusion-clearfix\"><\/div><\/div><\/div><div class=\"fusion-layout-column fusion_builder_column fusion-builder-column-2 fusion_builder_column_1_3 1_3 fusion-one-third fusion-animated\" style=\"--awb-bg-size:cover;--awb-margin-top:-20px;--awb-margin-bottom:20px;width:33.333333333333%;width:calc(33.333333333333% - ( ( 4% + 4% ) * 0.33333333333333 ) );margin-right: 4%;\" data-animationType=\"zoomIn\" data-animationDuration=\"0.7\" data-animationOffset=\"top-into-view\"><div class=\"fusion-column-wrapper fusion-column-has-shadow fusion-flex-column-wrapper-legacy\"><div class=\"fusion-aligncenter\"><a class=\"fusion-button button-flat button-large button-default fusion-button-default button-1 fusion-button-default-span fusion-button-default-type fusion-animated\" data-animationType=\"zoomIn\" data-animationDuration=\"0.3\" data-animationOffset=\"top-into-view\" target=\"_self\" href=\"http:\/\/csl.org\/global\/es\/comunidad\/reuniones-y-clases-globales\/lista-tus-clases-y-reuniones\/\"><span class=\"fusion-button-text\">Lista una reuni\u00f3n o clase<\/span><\/a><\/div><div class=\"fusion-clearfix\"><\/div><\/div><\/div><div class=\"fusion-layout-column fusion_builder_column fusion-builder-column-3 fusion_builder_column_1_3 1_3 fusion-one-third fusion-column-last fusion-animated\" style=\"--awb-bg-size:cover;width:33.333333333333%;width:calc(33.333333333333% - ( ( 4% + 4% ) * 0.33333333333333 ) );\" data-animationType=\"zoomIn\" data-animationDuration=\"0.7\" data-animationOffset=\"top-into-view\"><div class=\"fusion-column-wrapper fusion-column-has-shadow fusion-flex-column-wrapper-legacy\"><div class=\"fusion-clearfix\"><\/div><\/div><\/div><div class=\"fusion-layout-column fusion_builder_column fusion-builder-column-4 fusion_builder_column_1_1 1_1 fusion-one-full fusion-column-first fusion-column-last fusion-animated\" style=\"--awb-bg-size:cover;\" data-animationType=\"zoomIn\" data-animationDuration=\"0.7\" data-animationOffset=\"top-into-view\"><div class=\"fusion-column-wrapper fusion-column-has-shadow fusion-flex-column-wrapper-legacy\"><div class=\"fusion-text fusion-text-2\"><h3 style=\"text-align: center;\">EN L\u00cdNEA (EN TODO EL MUNDO)<\/h3>\n<p style=\"text-align: center;\">*****<\/p>\n<p style=\"text-align: center;\"><strong>Grupos de Meditaci\u00f3n del Coraz\u00f3n de la Paz<\/strong><\/p>\n<p style=\"text-align: center;\"><a href=\"https:\/\/ourcsl.org\/csl-peace-initiatives\/find-meditation-group\" target=\"_blank\" rel=\"noopener noreferrer\">Haga clic aqu\u00ed para ver la lista de grupos actuales<\/a><\/p>\n<hr \/>\n<h4 style=\"text-align: center;\">\u00a0<\/h4>\n<h4 style=\"text-align: center;\">Grupo de estudio\/Discusi\u00f3n de Ciencia de la Mente\/Pensamiento Afirmativo en Australia<\/h4>\n<p style=\"text-align: center;\">El jueves 14 de noviembre, y despu\u00e9s cada dos semanas.<br \/>\nEl 28 de noviembre<br \/>\n12 de diciembre<br \/>\n2 de enero de 2020<br \/>\nNos reuniremos en el Zoom; <a href=\"https:\/\/zoom.us\/j\/8303607071\" target=\"_blank\" rel=\"noopener noreferrer\">https:\/\/zoom.us\/j\/8303607071<\/a><br \/>\nHora de inicio 7pm hasta 8.30pm AEST (Hora de la Costa Este de Australia) Todas las regiones de Australasia son bienvenidas.<br \/>\nEspero poder participar en el debate, si tiene alguna pregunta adicional no dude en enviar un correo electr\u00f3nico a <a href=\"ma&#105;&#108;&#116;&#111;&#x3a;&#x67;&#x65;&#x6f;&#x66;fr&#101;&#121;&#115;&#109;&#x69;&#x74;&#x68;&#x37;&#x40;ma&#99;&#46;&#99;&#111;&#x6d;\">&#103;&#x65;&#x6f;&#102;&#x66;&#x72;&#101;&#x79;&#x73;&#109;&#x69;&#x74;&#104;&#x37;&#x40;&#109;&#x61;&#x63;&#46;&#x63;&#x6f;&#109;<\/a> &#8211; Mi n\u00famero de contacto +61( 0) 478037307, deje el 0 en caso de que se trate de una operaci\u00f3n internacional.<br \/>\nCon intenci\u00f3n amorosa<br \/>\n<em>Geoffrey Smith RScP<\/em><\/p>\n<hr \/>\n<h4 style=\"text-align: center;\">\u00a0<\/h4>\n<h3 style=\"text-align: center;\">Meditaci\u00f3n global del amor sanador<\/h3>\n<p style=\"text-align: center;\">Guiado por Laura Topper<br \/>\nLibre para unirse<br \/>\nTodos los mi\u00e9rcoles 30 minutos en el Enlace de Zoom 228-978-7124<br \/>\n8 PM &#8211; GMT &#8211; 12 PM US PACIFICO + 3 PM US FLORIDA<\/p>\n<hr \/>\n<p>&nbsp;<\/p>\n<h3 style=\"text-align: center;\">Programa de radio en l\u00ednea para Nuevos Pensamiento del Reino Unido<\/h3>\n<p style=\"text-align: center;\"><em>Presentado por Laura Topper<\/em><br \/>\nAires Live todos los lunes por la noche de 7 a 9 p.m. (hora del Reino Unido) desde la radio comunitaria de Burgess Hill en Sussex, Reino Unido.<\/p>\n<p style=\"text-align: center;\">Aqu\u00ed est\u00e1 el enlace <a href=\"https:\/\/www.burgesshillradio.co.uk\" target=\"_blank\" rel=\"noopener noreferrer\">https:\/\/www.burgesshillradio.co.uk<\/a> a la p\u00e1gina web donde puedes escuchar desde donde est\u00e9s!<\/p>\n<p style=\"text-align: center;\"><a href=\"http:\/\/csl.org\/global\/es\/programa-de-radio-en-linea-para-nuevo-pensamiento-del-reino-unido\/\">Leer m\u00e1s&#8230;<\/a><\/p>\n<hr \/>\n<h4 style=\"text-align: center;\">\u00a0<\/h4>\n<h4 style=\"text-align: center;\">\u00c1MATE Y SANA TUS FINANZAS<\/h4>\n<p><img decoding=\"async\" class=\"size-full wp-image-3364 aligncenter\" src=\"http:\/\/csl.org\/wp-content\/uploads\/sites\/8\/2019\/09\/CSL-Argentina.jpg\" alt=\"\" width=\"312\" height=\"121\" srcset=\"https:\/\/csl.org\/global\/wp-content\/uploads\/sites\/8\/2019\/09\/CSL-Argentina-200x78.jpg 200w, https:\/\/csl.org\/global\/wp-content\/uploads\/sites\/8\/2019\/09\/CSL-Argentina-300x116.jpg 300w, https:\/\/csl.org\/global\/wp-content\/uploads\/sites\/8\/2019\/09\/CSL-Argentina.jpg 312w\" sizes=\"(max-width: 312px) 100vw, 312px\" \/><\/p>\n<p style=\"text-align: center;\">DIPLOMADO DE 8 SEMANAS BASADO EN EL TRABAJO DE L. HAY Y ENRIQUECIDO CON LOS PRINCIPIOS DE LA CIENCIA DE LA MENTE<br \/>\nCLASES ONLINE S\u00c1BADOS DE OCTUBRE\/NOVIEMBRE<br \/>\nREGISTRACI\u00d3N E INFORMES <a href=\"&#109;&#x61;&#105;&#x6c;&#116;&#x6f;&#58;&#x69;n&#x66;o&#x40;c&#x69;e&#110;&#x63;&#105;&#x61;&#100;&#x65;&#108;&#x61;&#109;&#x65;n&#x74;e&#x2e;c&#x6f;m&#46;&#x61;&#114;\">&#x69;&#110;f&#x6f;&#64;&#99;&#x69;&#x65;&#110;c&#x69;&#97;d&#x65;&#x6c;&#97;m&#x65;&#110;t&#x65;&#x2e;&#99;o&#x6d;&#46;a&#x72;<\/a><\/p>\n<p style=\"text-align: center;\"><a href=\"http:\/\/csl.org\/wp-content\/uploads\/sites\/8\/2019\/09\/AMATE-Y-SANA-TUS-FINANZAS.jpg\" target=\"_blank\" rel=\"noopener noreferrer\">VER<\/a><\/p>\n<hr \/>\n<p>&nbsp;<\/p>\n<p>&nbsp;<\/p>\n<\/div><div class=\"fusion-text fusion-text-3\"><h3 style=\"text-align: center;\">\u00c1FRICA<\/h3>\n<p style=\"text-align: center;\">Pr\u00f3ximamente&#8230;<\/p>\n<\/div><div class=\"fusion-text fusion-text-4\"><h3 style=\"text-align: center;\">AUSTRALIA<\/h3>\n<p style=\"text-align: center;\">Pr\u00f3ximamente&#8230;<\/p>\n<p>&nbsp;<\/p>\n<\/div><div class=\"fusion-text fusion-text-5\"><h3 style=\"text-align: center;\">ASIA<\/h3>\n<p style=\"text-align: center;\">Pr\u00f3ximamente&#8230;<\/p>\n<p>&nbsp;<\/p>\n<\/div><div class=\"fusion-text fusion-text-6\"><h3 style=\"text-align: center;\">CARIBE<\/h3>\n<p style=\"text-align: center;\">Pr\u00f3ximamente&#8230;<\/p>\n<p>&nbsp;<\/p>\n<\/div><div class=\"fusion-text fusion-text-7\"><h3 style=\"text-align: center;\">EUROPA<\/h3>\n<p style=\"text-align: center;\">*****<\/p>\n<h3 style=\"text-align: center;\">Reino Unido<\/h3>\n<h4 style=\"text-align: center;\">Discusiones, Clases y Talleres sobre la Ciencia de la Mente Liderados por David &amp; Lin Serlin RScP.<\/h4>\n<p style=\"text-align: center;\">Grupo de Nuevos Pensamientos\/Vida Espiritual de Kings Langley Kings Langley, Inglaterra (a media hora del aeropuerto de Londres Heathrow) Reuniones de los domingos por la tarde.<\/p>\n<p style=\"text-align: center;\"><strong>Para informaci\u00f3n:<\/strong> <a href=\"http:\/\/www.newthoughtnewyou.co.uk\" target=\"_blank\" rel=\"noopener noreferrer\">www.newthoughtnewyou.co.uk<\/a><\/p>\n<hr \/>\n<p style=\"text-align: center;\">\u00a0<\/p>\n<p>&nbsp;<\/p>\n<p>&nbsp;<\/p>\n<\/div><div class=\"fusion-text fusion-text-8\"><h3 style=\"text-align: center; font-size: 29.402px; line-height: 33.323px;\" data-fontsize=\"30\" data-lineheight=\"34\">AM\u00c9RICA LATINA<\/h3>\n<p style=\"text-align: center;\">Pr\u00f3ximamente&#8230;<\/p>\n<\/div><div class=\"fusion-clearfix\"><\/div><\/div><\/div><div class=\"fusion-layout-column fusion_builder_column fusion-builder-column-5 fusion_builder_column_1_3 1_3 fusion-one-third fusion-column-first fusion-animated\" style=\"--awb-bg-size:cover;width:33.333333333333%;width:calc(33.333333333333% - ( ( 4% + 4% ) * 0.33333333333333 ) );margin-right: 4%;\" data-animationType=\"zoomIn\" data-animationDuration=\"0.7\" data-animationOffset=\"top-into-view\"><div class=\"fusion-column-wrapper fusion-column-has-shadow fusion-flex-column-wrapper-legacy\"><div class=\"fusion-clearfix\"><\/div><\/div><\/div><div class=\"fusion-layout-column fusion_builder_column fusion-builder-column-6 fusion_builder_column_1_3 1_3 fusion-one-third fusion-animated\" style=\"--awb-bg-size:cover;width:33.333333333333%;width:calc(33.333333333333% - ( ( 4% + 4% ) * 0.33333333333333 ) );margin-right: 4%;\" data-animationType=\"zoomIn\" data-animationDuration=\"0.7\" data-animationOffset=\"top-into-view\"><div class=\"fusion-column-wrapper fusion-column-has-shadow fusion-flex-column-wrapper-legacy\"><div class=\"fusion-clearfix\"><\/div><\/div><\/div><div class=\"fusion-layout-column fusion_builder_column fusion-builder-column-7 fusion_builder_column_1_3 1_3 fusion-one-third fusion-column-last fusion-animated\" style=\"--awb-bg-size:cover;width:33.333333333333%;width:calc(33.333333333333% - ( ( 4% + 4% ) * 0.33333333333333 ) );\" data-animationType=\"zoomIn\" data-animationDuration=\"0.7\" data-animationOffset=\"top-into-view\"><div class=\"fusion-column-wrapper fusion-column-has-shadow fusion-flex-column-wrapper-legacy\"><div class=\"fusion-clearfix\"><\/div><\/div><\/div><div class=\"fusion-layout-column fusion_builder_column fusion-builder-column-8 fusion_builder_column_1_3 1_3 fusion-one-third fusion-column-first fusion-animated\" style=\"--awb-bg-size:cover;width:33.333333333333%;width:calc(33.333333333333% - ( ( 4% + 4% ) * 0.33333333333333 ) );margin-right: 4%;\" data-animationType=\"zoomIn\" data-animationDuration=\"0.7\" data-animationOffset=\"top-into-view\"><div class=\"fusion-column-wrapper fusion-column-has-shadow fusion-flex-column-wrapper-legacy\"><div class=\"fusion-clearfix\"><\/div><\/div><\/div><div class=\"fusion-layout-column fusion_builder_column fusion-builder-column-9 fusion_builder_column_1_3 1_3 fusion-one-third fusion-animated\" style=\"--awb-bg-size:cover;width:33.333333333333%;width:calc(33.333333333333% - ( ( 4% + 4% ) * 0.33333333333333 ) );margin-right: 4%;\" data-animationType=\"zoomIn\" data-animationDuration=\"0.7\" data-animationOffset=\"top-into-view\"><div class=\"fusion-column-wrapper fusion-column-has-shadow fusion-flex-column-wrapper-legacy\"><div class=\"fusion-clearfix\"><\/div><\/div><\/div><div class=\"fusion-layout-column fusion_builder_column fusion-builder-column-10 fusion_builder_column_1_3 1_3 fusion-one-third fusion-column-last fusion-animated\" style=\"--awb-bg-size:cover;width:33.333333333333%;width:calc(33.333333333333% - ( ( 4% + 4% ) * 0.33333333333333 ) );\" data-animationType=\"zoomIn\" data-animationDuration=\"0.7\" data-animationOffset=\"top-into-view\"><div class=\"fusion-column-wrapper fusion-column-has-shadow fusion-flex-column-wrapper-legacy\"><div class=\"fusion-clearfix\"><\/div><\/div><\/div><div class=\"fusion-layout-column fusion_builder_column fusion-builder-column-11 fusion_builder_column_1_3 1_3 fusion-one-third fusion-column-first fusion-animated\" style=\"--awb-bg-size:cover;width:33.333333333333%;width:calc(33.333333333333% - ( ( 4% + 4% ) * 0.33333333333333 ) );margin-right: 4%;\" data-animationType=\"zoomIn\" data-animationDuration=\"0.7\" data-animationOffset=\"top-into-view\"><div class=\"fusion-column-wrapper fusion-column-has-shadow fusion-flex-column-wrapper-legacy\"><div class=\"fusion-clearfix\"><\/div><\/div><\/div><div class=\"fusion-layout-column fusion_builder_column fusion-builder-column-12 fusion_builder_column_1_3 1_3 fusion-one-third fusion-animated\" style=\"--awb-bg-size:cover;width:33.333333333333%;width:calc(33.333333333333% - ( ( 4% + 4% ) * 0.33333333333333 ) );margin-right: 4%;\" data-animationType=\"zoomIn\" data-animationDuration=\"0.7\" data-animationOffset=\"top-into-view\"><div class=\"fusion-column-wrapper fusion-column-has-shadow fusion-flex-column-wrapper-legacy\"><div class=\"fusion-clearfix\"><\/div><\/div><\/div><div class=\"fusion-layout-column fusion_builder_column fusion-builder-column-13 fusion_builder_column_1_3 1_3 fusion-one-third fusion-column-last fusion-animated\" style=\"--awb-bg-size:cover;width:33.333333333333%;width:calc(33.333333333333% - ( ( 4% + 4% ) * 0.33333333333333 ) );\" data-animationType=\"zoomIn\" data-animationDuration=\"0.7\" data-animationOffset=\"top-into-view\"><div class=\"fusion-column-wrapper fusion-column-has-shadow fusion-flex-column-wrapper-legacy\"><div class=\"fusion-clearfix\"><\/div><\/div><\/div><\/div><\/div><div class=\"fusion-bg-parallax\" data-bg-align=\"center center\" data-direction=\"left\" data-mute=\"false\" data-opacity=\"100\" data-velocity=\"-0.8\" data-mobile-enabled=\"true\" data-break_parents=\"0\" data-bg-image=\"http:\/\/csl.org\/wp-content\/uploads\/sites\/8\/2019\/05\/people-reading.jpg\" data-bg-repeat=\"false\" ><\/div><div class=\"fusion-fullwidth fullwidth-box fusion-builder-row-2 fusion-parallax-left gradient-container-2 nonhundred-percent-fullwidth non-hundred-percent-height-scrolling\" style=\"--awb-border-radius-top-left:0px;--awb-border-radius-top-right:0px;--awb-border-radius-bottom-right:0px;--awb-border-radius-bottom-left:0px;--awb-background-image:url(&quot;http:\/\/csl.org\/wp-content\/uploads\/sites\/8\/2019\/05\/people-reading.jpg&quot;);--awb-background-size:cover;--awb-flex-wrap:wrap;\" ><div class=\"fusion-builder-row fusion-row\"><div class=\"fusion-layout-column fusion_builder_column fusion-builder-column-14 fusion_builder_column_1_1 1_1 fusion-one-full fusion-column-first fusion-column-last\" style=\"--awb-padding-top:250px;--awb-padding-right:200px;--awb-padding-bottom:250px;--awb-padding-left:200px;--awb-bg-size:cover;\"><div class=\"fusion-column-wrapper fusion-column-has-shadow fusion-flex-column-wrapper-legacy\"><div class=\"fusion-clearfix\"><\/div><\/div><\/div><\/div><\/div><\/p>\n","protected":false},"excerpt":{"rendered":"","protected":false},"author":1,"featured_media":0,"parent":4450,"menu_order":144,"comment_status":"closed","ping_status":"closed","template":"","meta":{"_exactmetrics_skip_tracking":false,"_exactmetrics_sitenote_active":false,"_exactmetrics_sitenote_note":"","_exactmetrics_sitenote_category":0,"footnotes":""},"categories":[62],"tags":[],"class_list":["post-4831","page","type-page","status-publish","hentry","category-comunidad"],"yoast_head":"<!-- This site is optimized with the Yoast SEO plugin v23.1 - https:\/\/yoast.com\/wordpress\/plugins\/seo\/ -->\n<title>Reuniones y Clases Globales - Global Services - Centers for Spiritual Living<\/title>\n<meta name=\"robots\" content=\"index, follow, max-snippet:-1, max-image-preview:large, max-video-preview:-1\" \/>\n<link rel=\"canonical\" href=\"https:\/\/csl.org\/global\/es\/comunidad\/reuniones-y-clases-globales\/\" \/>\n<meta property=\"og:locale\" content=\"en_US\" \/>\n<meta property=\"og:type\" content=\"article\" \/>\n<meta property=\"og:title\" content=\"Reuniones y Clases Globales - Global Services - Centers for Spiritual Living\" \/>\n<meta property=\"og:url\" content=\"https:\/\/csl.org\/global\/es\/comunidad\/reuniones-y-clases-globales\/\" \/>\n<meta property=\"og:site_name\" content=\"Global Services - Centers for Spiritual Living\" \/>\n<meta property=\"article:modified_time\" content=\"2020-07-24T08:27:04+00:00\" \/>\n<meta property=\"og:image\" content=\"http:\/\/csl.org\/wp-content\/uploads\/sites\/8\/2019\/05\/feet-1-600x450.jpg\" \/>\n<meta name=\"twitter:card\" content=\"summary_large_image\" \/>\n<meta name=\"twitter:label1\" content=\"Est. reading time\" \/>\n\t<meta name=\"twitter:data1\" content=\"15 minutes\" \/>\n<script type=\"application\/ld+json\" class=\"yoast-schema-graph\">{\"@context\":\"https:\/\/schema.org\",\"@graph\":[{\"@type\":\"WebPage\",\"@id\":\"https:\/\/csl.org\/global\/es\/comunidad\/reuniones-y-clases-globales\/\",\"url\":\"https:\/\/csl.org\/global\/es\/comunidad\/reuniones-y-clases-globales\/\",\"name\":\"Reuniones y Clases Globales - Global Services - Centers for Spiritual Living\",\"isPartOf\":{\"@id\":\"https:\/\/csl.org\/global\/de\/#website\"},\"primaryImageOfPage\":{\"@id\":\"https:\/\/csl.org\/global\/es\/comunidad\/reuniones-y-clases-globales\/#primaryimage\"},\"image\":{\"@id\":\"https:\/\/csl.org\/global\/es\/comunidad\/reuniones-y-clases-globales\/#primaryimage\"},\"thumbnailUrl\":\"http:\/\/csl.org\/wp-content\/uploads\/sites\/8\/2019\/05\/feet-1-600x450.jpg\",\"datePublished\":\"2020-01-23T13:11:27+00:00\",\"dateModified\":\"2020-07-24T08:27:04+00:00\",\"breadcrumb\":{\"@id\":\"https:\/\/csl.org\/global\/es\/comunidad\/reuniones-y-clases-globales\/#breadcrumb\"},\"inLanguage\":\"en-US\",\"potentialAction\":[{\"@type\":\"ReadAction\",\"target\":[\"https:\/\/csl.org\/global\/es\/comunidad\/reuniones-y-clases-globales\/\"]}]},{\"@type\":\"ImageObject\",\"inLanguage\":\"en-US\",\"@id\":\"https:\/\/csl.org\/global\/es\/comunidad\/reuniones-y-clases-globales\/#primaryimage\",\"url\":\"http:\/\/csl.org\/wp-content\/uploads\/sites\/8\/2019\/05\/feet-1-600x450.jpg\",\"contentUrl\":\"http:\/\/csl.org\/wp-content\/uploads\/sites\/8\/2019\/05\/feet-1-600x450.jpg\"},{\"@type\":\"BreadcrumbList\",\"@id\":\"https:\/\/csl.org\/global\/es\/comunidad\/reuniones-y-clases-globales\/#breadcrumb\",\"itemListElement\":[{\"@type\":\"ListItem\",\"position\":1,\"name\":\"COMUNIDAD\",\"item\":\"https:\/\/csl.org\/global\/es\/comunidad\/\"},{\"@type\":\"ListItem\",\"position\":2,\"name\":\"Reuniones y Clases Globales\"}]},{\"@type\":\"WebSite\",\"@id\":\"https:\/\/csl.org\/global\/de\/#website\",\"url\":\"https:\/\/csl.org\/global\/de\/\",\"name\":\"Global Services - Centers for Spiritual Living\",\"description\":\"\",\"potentialAction\":[{\"@type\":\"SearchAction\",\"target\":{\"@type\":\"EntryPoint\",\"urlTemplate\":\"https:\/\/csl.org\/global\/de\/?s={search_term_string}\"},\"query-input\":\"required name=search_term_string\"}],\"inLanguage\":\"en-US\"}]}<\/script>\n<!-- \/ Yoast SEO plugin. -->","yoast_head_json":{"title":"Reuniones y Clases Globales - Global Services - Centers for Spiritual Living","robots":{"index":"index","follow":"follow","max-snippet":"max-snippet:-1","max-image-preview":"max-image-preview:large","max-video-preview":"max-video-preview:-1"},"canonical":"https:\/\/csl.org\/global\/es\/comunidad\/reuniones-y-clases-globales\/","og_locale":"en_US","og_type":"article","og_title":"Reuniones y Clases Globales - Global Services - Centers for Spiritual Living","og_url":"https:\/\/csl.org\/global\/es\/comunidad\/reuniones-y-clases-globales\/","og_site_name":"Global Services - Centers for Spiritual Living","article_modified_time":"2020-07-24T08:27:04+00:00","og_image":[{"url":"http:\/\/csl.org\/wp-content\/uploads\/sites\/8\/2019\/05\/feet-1-600x450.jpg"}],"twitter_card":"summary_large_image","twitter_misc":{"Est. reading time":"15 minutes"},"schema":{"@context":"https:\/\/schema.org","@graph":[{"@type":"WebPage","@id":"https:\/\/csl.org\/global\/es\/comunidad\/reuniones-y-clases-globales\/","url":"https:\/\/csl.org\/global\/es\/comunidad\/reuniones-y-clases-globales\/","name":"Reuniones y Clases Globales - Global Services - Centers for Spiritual Living","isPartOf":{"@id":"https:\/\/csl.org\/global\/de\/#website"},"primaryImageOfPage":{"@id":"https:\/\/csl.org\/global\/es\/comunidad\/reuniones-y-clases-globales\/#primaryimage"},"image":{"@id":"https:\/\/csl.org\/global\/es\/comunidad\/reuniones-y-clases-globales\/#primaryimage"},"thumbnailUrl":"http:\/\/csl.org\/wp-content\/uploads\/sites\/8\/2019\/05\/feet-1-600x450.jpg","datePublished":"2020-01-23T13:11:27+00:00","dateModified":"2020-07-24T08:27:04+00:00","breadcrumb":{"@id":"https:\/\/csl.org\/global\/es\/comunidad\/reuniones-y-clases-globales\/#breadcrumb"},"inLanguage":"en-US","potentialAction":[{"@type":"ReadAction","target":["https:\/\/csl.org\/global\/es\/comunidad\/reuniones-y-clases-globales\/"]}]},{"@type":"ImageObject","inLanguage":"en-US","@id":"https:\/\/csl.org\/global\/es\/comunidad\/reuniones-y-clases-globales\/#primaryimage","url":"http:\/\/csl.org\/wp-content\/uploads\/sites\/8\/2019\/05\/feet-1-600x450.jpg","contentUrl":"http:\/\/csl.org\/wp-content\/uploads\/sites\/8\/2019\/05\/feet-1-600x450.jpg"},{"@type":"BreadcrumbList","@id":"https:\/\/csl.org\/global\/es\/comunidad\/reuniones-y-clases-globales\/#breadcrumb","itemListElement":[{"@type":"ListItem","position":1,"name":"COMUNIDAD","item":"https:\/\/csl.org\/global\/es\/comunidad\/"},{"@type":"ListItem","position":2,"name":"Reuniones y Clases Globales"}]},{"@type":"WebSite","@id":"https:\/\/csl.org\/global\/de\/#website","url":"https:\/\/csl.org\/global\/de\/","name":"Global Services - Centers for Spiritual Living","description":"","potentialAction":[{"@type":"SearchAction","target":{"@type":"EntryPoint","urlTemplate":"https:\/\/csl.org\/global\/de\/?s={search_term_string}"},"query-input":"required name=search_term_string"}],"inLanguage":"en-US"}]}},"_links":{"self":[{"href":"https:\/\/csl.org\/global\/wp-json\/wp\/v2\/pages\/4831"}],"collection":[{"href":"https:\/\/csl.org\/global\/wp-json\/wp\/v2\/pages"}],"about":[{"href":"https:\/\/csl.org\/global\/wp-json\/wp\/v2\/types\/page"}],"author":[{"embeddable":true,"href":"https:\/\/csl.org\/global\/wp-json\/wp\/v2\/users\/1"}],"replies":[{"embeddable":true,"href":"https:\/\/csl.org\/global\/wp-json\/wp\/v2\/comments?post=4831"}],"version-history":[{"count":18,"href":"https:\/\/csl.org\/global\/wp-json\/wp\/v2\/pages\/4831\/revisions"}],"predecessor-version":[{"id":7249,"href":"https:\/\/csl.org\/global\/wp-json\/wp\/v2\/pages\/4831\/revisions\/7249"}],"up":[{"embeddable":true,"href":"https:\/\/csl.org\/global\/wp-json\/wp\/v2\/pages\/4450"}],"wp:attachment":[{"href":"https:\/\/csl.org\/global\/wp-json\/wp\/v2\/media?parent=4831"}],"wp:term":[{"taxonomy":"category","embeddable":true,"href":"https:\/\/csl.org\/global\/wp-json\/wp\/v2\/categories?post=4831"},{"taxonomy":"post_tag","embeddable":true,"href":"https:\/\/csl.org\/global\/wp-json\/wp\/v2\/tags?post=4831"}],"curies":[{"name":"wp","href":"https:\/\/api.w.org\/{rel}","templated":true}]}}