{"id":5050,"date":"2020-02-05T14:30:53","date_gmt":"2020-02-05T14:30:53","guid":{"rendered":"https:\/\/csl.org\/global\/ueber-uns\/zentren-fuer-spirituelle-leben\/"},"modified":"2020-05-06T10:39:51","modified_gmt":"2020-05-06T10:39:51","slug":"zentren-fur-spirituelle-leben","status":"publish","type":"page","link":"https:\/\/csl.org\/global\/uber-uns\/zentren-fur-spirituelle-leben\/","title":{"rendered":"Zentren f\u00fcr Spirituelle Leben"},"content":{"rendered":"<p><div class=\"fusion-fullwidth fullwidth-box fusion-builder-row-1 gradient-container-1 nonhundred-percent-fullwidth non-hundred-percent-height-scrolling\" style=\"--awb-border-radius-top-left:0px;--awb-border-radius-top-right:0px;--awb-border-radius-bottom-right:0px;--awb-border-radius-bottom-left:0px;--awb-background-color:#ffffff;--awb-flex-wrap:wrap;\" ><div class=\"fusion-builder-row fusion-row\"><div class=\"fusion-layout-column fusion_builder_column fusion-builder-column-0 fusion_builder_column_1_1 1_1 fusion-one-full fusion-column-first fusion-column-last fusion-animated\" style=\"--awb-padding-top:50px;--awb-padding-right:3%;--awb-padding-bottom:50px;--awb-padding-left:3%;--awb-bg-color:#ffffff;--awb-bg-color-hover:#ffffff;--awb-bg-size:cover;\" data-animationType=\"zoomIn\" data-animationDuration=\"0.3\" data-animationOffset=\"top-into-view\"><div class=\"fusion-column-wrapper fusion-column-has-shadow fusion-flex-column-wrapper-legacy\"><div class=\"fusion-text fusion-text-1\"><h1>Wer sind die Centers for Spiritual Living?\u00a0<\/h1>\n<p><img fetchpriority=\"high\" decoding=\"async\" class=\"size-full wp-image-2104 alignleft\" src=\"http:\/\/csl.org\/wp-content\/uploads\/sites\/8\/2019\/05\/home-office-300x259.jpg\" alt=\"CSL Home Office\" width=\"300\" height=\"259\" srcset=\"https:\/\/csl.org\/global\/wp-content\/uploads\/sites\/8\/2019\/05\/home-office-300x259-200x173.jpg 200w, https:\/\/csl.org\/global\/wp-content\/uploads\/sites\/8\/2019\/05\/home-office-300x259.jpg 300w\" sizes=\"(max-width: 300px) 100vw, 300px\" \/>Mit Hauptsitz in Golden, Colorado (USA)\u00a0 sind die Centers for Spiritual Living \u2122 eine weltweite Gemeinschaft, die mehr als 400 spirituelle Gemeinschaften, Teaching Chapters, Study Groups und andere Fokus Gemeinschaften in 30 L\u00e4ndern umfasst. Diese Gemeinschaften lehren eine Philosophie des Neuen Denkens, die Religion und Wissenschaft zusammenbringt und spirituelle Methoden und Tools anbietet, um das pers\u00f6nliche Leben wesentlich zu ver\u00e4ndern und um zu helfen, die Welt zu einem besseren Ort zu machen. Dies geschieht durch das Studium und die Praxis von Science of Mind. Seele, auch bekannt als Religious Science. Diese spirituelle Bewegung erachtet alles Leben f\u00fcr heilig &#8211; jeder Mensch ist individueller Ausdruck g\u00f6ttlichen Lebens. Wir glauben an an Ursache und Wirkung und lehren, dass &#8220;jedem nach seinem Glauben geschieht.&#8221; Im Wesentlichen schaffen unser Denken und unsere Erwartungen unsere Realit\u00e4t. Unsere Lehren enthalten auch die alte Weisheit der spirituellen Traditionen aller Zeiten. Menschen guten Willes von allen spirituellen Wegen sind in unseren Gemeinschaften herzlich willkommen. Wir helfen den Menschen eine pers\u00f6nliche Beziehung mit dem Sch\u00f6pfer zu erfahren, f\u00f6rdern eine Gemeinschaft der Toleranz, des Verstehens, und des Respekts. Wir\u00a0 bieten Unterricht und Kurse an, Gebet und Meditationen. Wir setzen uns f\u00fcr eine sichere spirituelle Gemeinschaft von Gleichgesinnten ein, die an einem spirituellen Leben interessiert sind.<\/p>\n<p>Science of Mind (auch als Religious Science bezeichnet) ist die Kernlehre der Centers for Spiritual Living. Science of Mind ist eine Philosophie, die geistige Wahrheiten und Wissenschaft und Physik integriert. Einfach gesagt, Science of Mind lehrt die Einheit allen Lebens. Absichten und Ideen flie\u00dfen durch ein Bewusstseinsfeld, das die Welt um uns herum tats\u00e4chlich beeinflusst und erschafft. Diese Idee ist den meisten gro\u00dfen Religionen gemeinsam und wird durch die Lehren der Psychologie und der Quantenphilosophie unterst\u00fctzt. In der Science of Mind Lehre glauben wir, dass das Geheimnis f\u00fcr ein erfolgreiches Leben darin besteht, bewusst positive und produktive Gedanken zu w\u00e4hlen. Anders ausgedr\u00fcckt: &#8220;Wie du denkst, so wirst du.&#8221;<\/p>\n<\/div><div class=\"fusion-clearfix\"><\/div><\/div><\/div><\/div><\/div><div class=\"fusion-bg-parallax\" data-bg-align=\"center center\" data-direction=\"right\" data-mute=\"false\" data-opacity=\"100\" data-velocity=\"-0.7\" data-mobile-enabled=\"true\" data-break_parents=\"0\" data-bg-image=\"http:\/\/csl.org\/wp-content\/uploads\/sites\/8\/2019\/05\/u-leg-bridge-1024x576.jpg\" data-bg-repeat=\"false\" ><\/div><div class=\"fusion-fullwidth fullwidth-box fusion-builder-row-2 fusion-parallax-right gradient-container-2 nonhundred-percent-fullwidth non-hundred-percent-height-scrolling\" style=\"--awb-border-radius-top-left:0px;--awb-border-radius-top-right:0px;--awb-border-radius-bottom-right:0px;--awb-border-radius-bottom-left:0px;--awb-background-image:url(&quot;http:\/\/csl.org\/wp-content\/uploads\/sites\/8\/2019\/05\/u-leg-bridge-1024x576.jpg&quot;);--awb-background-size:cover;--awb-flex-wrap:wrap;\" ><div class=\"fusion-builder-row fusion-row\"><div class=\"fusion-layout-column fusion_builder_column fusion-builder-column-1 fusion_builder_column_1_1 1_1 fusion-one-full fusion-column-first fusion-column-last\" style=\"--awb-padding-top:250px;--awb-padding-right:200px;--awb-padding-bottom:250px;--awb-padding-left:200px;--awb-bg-size:cover;\"><div class=\"fusion-column-wrapper fusion-column-has-shadow fusion-flex-column-wrapper-legacy\"><div class=\"fusion-clearfix\"><\/div><\/div><\/div><\/div><\/div><\/p>\n","protected":false},"excerpt":{"rendered":"","protected":false},"author":1,"featured_media":0,"parent":5013,"menu_order":35,"comment_status":"closed","ping_status":"closed","template":"100-width.php","meta":{"_exactmetrics_skip_tracking":false,"_exactmetrics_sitenote_active":false,"_exactmetrics_sitenote_note":"","_exactmetrics_sitenote_category":0,"footnotes":""},"categories":[83],"tags":[],"class_list":["post-5050","page","type-page","status-publish","hentry","category-ueber-de"],"yoast_head":"<!-- This site is optimized with the Yoast SEO plugin v23.1 - https:\/\/yoast.com\/wordpress\/plugins\/seo\/ -->\n<title>Zentren f\u00fcr Spirituelle Leben - Global Services - Centers for Spiritual Living<\/title>\n<meta name=\"robots\" content=\"index, follow, max-snippet:-1, max-image-preview:large, max-video-preview:-1\" \/>\n<link rel=\"canonical\" href=\"https:\/\/csl.org\/global\/de\/uber-uns\/zentren-fur-spirituelle-leben\/\" \/>\n<meta property=\"og:locale\" content=\"en_US\" \/>\n<meta property=\"og:type\" content=\"article\" \/>\n<meta property=\"og:title\" content=\"Zentren f\u00fcr Spirituelle Leben - Global Services - Centers for Spiritual Living\" \/>\n<meta property=\"og:url\" content=\"https:\/\/csl.org\/global\/de\/uber-uns\/zentren-fur-spirituelle-leben\/\" \/>\n<meta property=\"og:site_name\" content=\"Global Services - Centers for Spiritual Living\" \/>\n<meta property=\"article:modified_time\" content=\"2020-05-06T10:39:51+00:00\" \/>\n<meta property=\"og:image\" content=\"http:\/\/csl.org\/wp-content\/uploads\/sites\/8\/2019\/05\/home-office-300x259.jpg\" \/>\n<meta name=\"twitter:card\" content=\"summary_large_image\" \/>\n<meta name=\"twitter:label1\" content=\"Est. reading time\" \/>\n\t<meta name=\"twitter:data1\" content=\"4 minutes\" \/>\n<script type=\"application\/ld+json\" class=\"yoast-schema-graph\">{\"@context\":\"https:\/\/schema.org\",\"@graph\":[{\"@type\":\"WebPage\",\"@id\":\"https:\/\/csl.org\/global\/de\/uber-uns\/zentren-fur-spirituelle-leben\/\",\"url\":\"https:\/\/csl.org\/global\/de\/uber-uns\/zentren-fur-spirituelle-leben\/\",\"name\":\"Zentren f\u00fcr Spirituelle Leben - Global Services - Centers for Spiritual Living\",\"isPartOf\":{\"@id\":\"https:\/\/csl.org\/global\/de\/#website\"},\"primaryImageOfPage\":{\"@id\":\"https:\/\/csl.org\/global\/de\/uber-uns\/zentren-fur-spirituelle-leben\/#primaryimage\"},\"image\":{\"@id\":\"https:\/\/csl.org\/global\/de\/uber-uns\/zentren-fur-spirituelle-leben\/#primaryimage\"},\"thumbnailUrl\":\"http:\/\/csl.org\/wp-content\/uploads\/sites\/8\/2019\/05\/home-office-300x259.jpg\",\"datePublished\":\"2020-02-05T14:30:53+00:00\",\"dateModified\":\"2020-05-06T10:39:51+00:00\",\"breadcrumb\":{\"@id\":\"https:\/\/csl.org\/global\/de\/uber-uns\/zentren-fur-spirituelle-leben\/#breadcrumb\"},\"inLanguage\":\"en-US\",\"potentialAction\":[{\"@type\":\"ReadAction\",\"target\":[\"https:\/\/csl.org\/global\/de\/uber-uns\/zentren-fur-spirituelle-leben\/\"]}]},{\"@type\":\"ImageObject\",\"inLanguage\":\"en-US\",\"@id\":\"https:\/\/csl.org\/global\/de\/uber-uns\/zentren-fur-spirituelle-leben\/#primaryimage\",\"url\":\"http:\/\/csl.org\/wp-content\/uploads\/sites\/8\/2019\/05\/home-office-300x259.jpg\",\"contentUrl\":\"http:\/\/csl.org\/wp-content\/uploads\/sites\/8\/2019\/05\/home-office-300x259.jpg\"},{\"@type\":\"BreadcrumbList\",\"@id\":\"https:\/\/csl.org\/global\/de\/uber-uns\/zentren-fur-spirituelle-leben\/#breadcrumb\",\"itemListElement\":[{\"@type\":\"ListItem\",\"position\":1,\"name\":\"\u00dcBER UNS\",\"item\":\"https:\/\/csl.org\/global\/de\/uber-uns\/\"},{\"@type\":\"ListItem\",\"position\":2,\"name\":\"Zentren f\u00fcr Spirituelle Leben\"}]},{\"@type\":\"WebSite\",\"@id\":\"https:\/\/csl.org\/global\/de\/#website\",\"url\":\"https:\/\/csl.org\/global\/de\/\",\"name\":\"Global Services - Centers for Spiritual Living\",\"description\":\"\",\"potentialAction\":[{\"@type\":\"SearchAction\",\"target\":{\"@type\":\"EntryPoint\",\"urlTemplate\":\"https:\/\/csl.org\/global\/de\/?s={search_term_string}\"},\"query-input\":\"required name=search_term_string\"}],\"inLanguage\":\"en-US\"}]}<\/script>\n<!-- \/ Yoast SEO plugin. -->","yoast_head_json":{"title":"Zentren f\u00fcr Spirituelle Leben - Global Services - Centers for Spiritual Living","robots":{"index":"index","follow":"follow","max-snippet":"max-snippet:-1","max-image-preview":"max-image-preview:large","max-video-preview":"max-video-preview:-1"},"canonical":"https:\/\/csl.org\/global\/de\/uber-uns\/zentren-fur-spirituelle-leben\/","og_locale":"en_US","og_type":"article","og_title":"Zentren f\u00fcr Spirituelle Leben - Global Services - Centers for Spiritual Living","og_url":"https:\/\/csl.org\/global\/de\/uber-uns\/zentren-fur-spirituelle-leben\/","og_site_name":"Global Services - Centers for Spiritual Living","article_modified_time":"2020-05-06T10:39:51+00:00","og_image":[{"url":"http:\/\/csl.org\/wp-content\/uploads\/sites\/8\/2019\/05\/home-office-300x259.jpg"}],"twitter_card":"summary_large_image","twitter_misc":{"Est. reading time":"4 minutes"},"schema":{"@context":"https:\/\/schema.org","@graph":[{"@type":"WebPage","@id":"https:\/\/csl.org\/global\/de\/uber-uns\/zentren-fur-spirituelle-leben\/","url":"https:\/\/csl.org\/global\/de\/uber-uns\/zentren-fur-spirituelle-leben\/","name":"Zentren f\u00fcr Spirituelle Leben - Global Services - Centers for Spiritual Living","isPartOf":{"@id":"https:\/\/csl.org\/global\/de\/#website"},"primaryImageOfPage":{"@id":"https:\/\/csl.org\/global\/de\/uber-uns\/zentren-fur-spirituelle-leben\/#primaryimage"},"image":{"@id":"https:\/\/csl.org\/global\/de\/uber-uns\/zentren-fur-spirituelle-leben\/#primaryimage"},"thumbnailUrl":"http:\/\/csl.org\/wp-content\/uploads\/sites\/8\/2019\/05\/home-office-300x259.jpg","datePublished":"2020-02-05T14:30:53+00:00","dateModified":"2020-05-06T10:39:51+00:00","breadcrumb":{"@id":"https:\/\/csl.org\/global\/de\/uber-uns\/zentren-fur-spirituelle-leben\/#breadcrumb"},"inLanguage":"en-US","potentialAction":[{"@type":"ReadAction","target":["https:\/\/csl.org\/global\/de\/uber-uns\/zentren-fur-spirituelle-leben\/"]}]},{"@type":"ImageObject","inLanguage":"en-US","@id":"https:\/\/csl.org\/global\/de\/uber-uns\/zentren-fur-spirituelle-leben\/#primaryimage","url":"http:\/\/csl.org\/wp-content\/uploads\/sites\/8\/2019\/05\/home-office-300x259.jpg","contentUrl":"http:\/\/csl.org\/wp-content\/uploads\/sites\/8\/2019\/05\/home-office-300x259.jpg"},{"@type":"BreadcrumbList","@id":"https:\/\/csl.org\/global\/de\/uber-uns\/zentren-fur-spirituelle-leben\/#breadcrumb","itemListElement":[{"@type":"ListItem","position":1,"name":"\u00dcBER UNS","item":"https:\/\/csl.org\/global\/de\/uber-uns\/"},{"@type":"ListItem","position":2,"name":"Zentren f\u00fcr Spirituelle Leben"}]},{"@type":"WebSite","@id":"https:\/\/csl.org\/global\/de\/#website","url":"https:\/\/csl.org\/global\/de\/","name":"Global Services - Centers for Spiritual Living","description":"","potentialAction":[{"@type":"SearchAction","target":{"@type":"EntryPoint","urlTemplate":"https:\/\/csl.org\/global\/de\/?s={search_term_string}"},"query-input":"required name=search_term_string"}],"inLanguage":"en-US"}]}},"_links":{"self":[{"href":"https:\/\/csl.org\/global\/wp-json\/wp\/v2\/pages\/5050"}],"collection":[{"href":"https:\/\/csl.org\/global\/wp-json\/wp\/v2\/pages"}],"about":[{"href":"https:\/\/csl.org\/global\/wp-json\/wp\/v2\/types\/page"}],"author":[{"embeddable":true,"href":"https:\/\/csl.org\/global\/wp-json\/wp\/v2\/users\/1"}],"replies":[{"embeddable":true,"href":"https:\/\/csl.org\/global\/wp-json\/wp\/v2\/comments?post=5050"}],"version-history":[{"count":11,"href":"https:\/\/csl.org\/global\/wp-json\/wp\/v2\/pages\/5050\/revisions"}],"predecessor-version":[{"id":5952,"href":"https:\/\/csl.org\/global\/wp-json\/wp\/v2\/pages\/5050\/revisions\/5952"}],"up":[{"embeddable":true,"href":"https:\/\/csl.org\/global\/wp-json\/wp\/v2\/pages\/5013"}],"wp:attachment":[{"href":"https:\/\/csl.org\/global\/wp-json\/wp\/v2\/media?parent=5050"}],"wp:term":[{"taxonomy":"category","embeddable":true,"href":"https:\/\/csl.org\/global\/wp-json\/wp\/v2\/categories?post=5050"},{"taxonomy":"post_tag","embeddable":true,"href":"https:\/\/csl.org\/global\/wp-json\/wp\/v2\/tags?post=5050"}],"curies":[{"name":"wp","href":"https:\/\/api.w.org\/{rel}","templated":true}]}}