{"id":5057,"date":"2020-02-06T13:48:36","date_gmt":"2020-02-06T13:48:36","guid":{"rendered":"https:\/\/csl.org\/global\/politique-de-privacite\/"},"modified":"2020-02-26T15:03:17","modified_gmt":"2020-02-26T15:03:17","slug":"politique-de-privacite","status":"publish","type":"page","link":"https:\/\/csl.org\/global\/politique-de-privacite\/","title":{"rendered":"Politique de Privacit\u00e9"},"content":{"rendered":"<div class=\"page-header\">\n<h1>Politique de Privacit\u00e9<\/h1>\n<\/div>\n<h3>Qui nous sommes<\/h3>\n<p>Nous sommes des Centres de Vie Spirituelle.<br \/>\nL&#8217;adresse de notre site web est la suivante <a href=\"http:\/\/csl.org\/global\">www.multisite.csl.org\/global<\/a><\/p>\n<h3>Quelles donn\u00e9es personnelles nous collectons et pourquoi nous les collectons<\/h3>\n<p>Nous recueillons les noms, adresses \u00e9lectroniques, num\u00e9ros de t\u00e9l\u00e9phone, adresses personnelles, adresses IP, que vous nous soumettez volontairement via nos formulaires de contact, d&#8217;inscription et de demande de pri\u00e8re. Nous utilisons ces donn\u00e9es personnelles afin de pouvoir r\u00e9pondre \u00e0 vos demandes de contact ou de pri\u00e8re.<\/p>\n<h3>Cookies<\/h3>\n<p><strong>Contenu int\u00e9gr\u00e9 provenant d&#8217;autres sites web<\/strong><\/p>\n<p>Les articles de ce site peuvent comporter du contenu int\u00e9gr\u00e9 (par exemple, des vid\u00e9os, des images, des articles, etc.). Le contenu int\u00e9gr\u00e9 provenant d&#8217;autres sites web se comporte exactement de la m\u00eame mani\u00e8re que si le visiteur avait visit\u00e9 l&#8217;autre site web. Ces sites web peuvent collecter des donn\u00e9es vous concernant, utiliser des cookies, int\u00e9grer un suivi tiers suppl\u00e9mentaire et surveiller votre interaction avec ce contenu int\u00e9gr\u00e9, y compris le suivi de votre interaction avec le contenu int\u00e9gr\u00e9 si vous avez un compte et \u00eates connect\u00e9 \u00e0 ce site web. Nous utilisons une version sans cookie du script vid\u00e9o int\u00e9gr\u00e9 de YouTube sur notre site. Veuillez \u00e9galement noter que nous choisissons des plugins et travaillons avec des entreprises qui ont une politique de confidentialit\u00e9 non intrusive.<\/p>\n<h3>Analyse<\/h3>\n<p>Pour nous aider \u00e0 am\u00e9liorer notre site web, nous suivons l&#8217;utilisation de notre site. Nombre de visites, pages visit\u00e9es, pays de visite, sources de visite des canaux sociaux et autres informations. Les donn\u00e9es que nous recueillons ont \u00e9t\u00e9 rendues anonymes.<\/p>\n<h3>Avec qui nous partageons vos donn\u00e9es<\/h3>\n<p>Nous ne partageons pas vos donn\u00e9es avec des soci\u00e9t\u00e9s tierces.<\/p>\n<h3>Combien de temps nous conservons vos donn\u00e9es<\/h3>\n<p>Vos donn\u00e9es sont conserv\u00e9es ind\u00e9finiment. Vous pouvez cependant nous demander de les supprimer, en contactant notre DPD ci-dessous.<\/p>\n<h3>Quels droits vous avez sur vos donn\u00e9es<\/h3>\n<p>Si vous avez un compte sur ce site ou si vous avez laiss\u00e9 des commentaires, vous pouvez demander \u00e0 recevoir un fichier export\u00e9 des donn\u00e9es personnelles que nous d\u00e9tenons \u00e0 votre sujet, y compris les donn\u00e9es que vous nous avez fournies. Vous pouvez \u00e9galement nous demander d&#8217;effacer toutes les donn\u00e9es personnelles que nous d\u00e9tenons \u00e0 votre sujet. Cela n&#8217;inclut pas les donn\u00e9es que nous sommes oblig\u00e9s de conserver \u00e0 des fins administratives, juridiques ou de s\u00e9curit\u00e9.<\/p>\n<h3>O\u00f9 nous envoyons vos donn\u00e9es<\/h3>\n<p>Vos donn\u00e9es sont conserv\u00e9es par nos services administratifs.<\/p>\n<h3>Vos coordonn\u00e9es<\/h3>\n<p>Nous utilisons vos coordonn\u00e9es pour pouvoir r\u00e9pondre \u00e0 vos demandes concernant nos services ou produits. Nous n&#8217;envoyons aucun courrier \u00e9lectronique non sollicit\u00e9. Vous pouvez nous demander d&#8217;effacer ces informations de contact vous concernant.<\/p>\n<h3>Information compl\u00e9mentaire<\/h3>\n<h3>Comment nous prot\u00e9geons vos donn\u00e9es<\/h3>\n<p>Nous prot\u00e9geons vos donn\u00e9es en ligne gr\u00e2ce au cryptage SSL et aux services d&#8217;une soci\u00e9t\u00e9 de s\u00e9curit\u00e9 appel\u00e9e BitNinja (<a href=\"https:\/\/bitninja.io\" target=\"_blank\" rel=\"noopener noreferrer\">https:\/\/bitninja.io<\/a>) qui offre une protection du serveur par pare-feu.<\/p>\n<h3>Contactez-nous<\/h3>\n<p>Pour toute question ou demande concernant la protection de vos donn\u00e9es, contactez notre d\u00e9l\u00e9gu\u00e9 \u00e0 la protection des donn\u00e9es \u00e0 l&#8217;adresse suivante : <span id=\"cloak610a92618d2e5c432bf8599708cbfcfb\"><\/span><a href=\"&#109;&#x61;&#105;&#x6c;&#116;&#x6f;:&#x49;T&#x40;C&#83;&#x4c;&#46;&#x6f;&#114;&#x67;\">&#x49;&#84;&#64;&#x43;&#x53;&#76;&#46;&#x6f;&#x72;&#103;<\/a>.<\/p>\n<p>Lisez notre <a title=\"Politique en mati\u00e8re de cookies\" href=\"http:\/\/csl.org\/global\/fr\/politique-sur-les-cookies\/\">Politique de cookies<\/a> pour plus d&#8217;informations.<\/p>\n","protected":false},"excerpt":{"rendered":"<p>Politique de Privacit\u00e9 Qui nous sommes Nous sommes des Centres de Vie Spirituelle. L&#8217;adresse de notre site web est la suivante www.multisite.csl.org\/global Quelles donn\u00e9es personnelles nous collectons et pourquoi nous les collectons Nous recueillons les noms, adresses \u00e9lectroniques, num\u00e9ros de t\u00e9l\u00e9phone, adresses personnelles, adresses IP, que vous nous soumettez volontairement via nos formulaires de contact, d&#8217;inscription et de demande de pri\u00e8re. Nous utilisons ces donn\u00e9es personnelles afin de pouvoir r\u00e9pondre \u00e0 vos demandes de contact ou de pri\u00e8re. Cookies Contenu [&hellip;]<\/p>\n","protected":false},"author":1,"featured_media":0,"parent":0,"menu_order":238,"comment_status":"closed","ping_status":"closed","template":"","meta":{"_exactmetrics_skip_tracking":false,"_exactmetrics_sitenote_active":false,"_exactmetrics_sitenote_note":"","_exactmetrics_sitenote_category":0,"footnotes":""},"categories":[],"tags":[],"class_list":["post-5057","page","type-page","status-publish","hentry"],"yoast_head":"<!-- This site is optimized with the Yoast SEO plugin v23.1 - https:\/\/yoast.com\/wordpress\/plugins\/seo\/ -->\n<title>Politique de Privacit\u00e9 - Global Services - Centers for Spiritual Living<\/title>\n<meta name=\"robots\" content=\"index, follow, max-snippet:-1, max-image-preview:large, max-video-preview:-1\" \/>\n<link rel=\"canonical\" href=\"https:\/\/csl.org\/global\/fr\/politique-de-privacite\/\" \/>\n<meta property=\"og:locale\" content=\"en_US\" \/>\n<meta property=\"og:type\" content=\"article\" \/>\n<meta property=\"og:title\" content=\"Politique de Privacit\u00e9 - Global Services - Centers for Spiritual Living\" \/>\n<meta property=\"og:description\" content=\"Politique de Privacit\u00e9 Qui nous sommes Nous sommes des Centres de Vie Spirituelle. L&#8217;adresse de notre site web est la suivante www.multisite.csl.org\/global Quelles donn\u00e9es personnelles nous collectons et pourquoi nous les collectons Nous recueillons les noms, adresses \u00e9lectroniques, num\u00e9ros de t\u00e9l\u00e9phone, adresses personnelles, adresses IP, que vous nous soumettez volontairement via nos formulaires de contact, d&#8217;inscription et de demande de pri\u00e8re. Nous utilisons ces donn\u00e9es personnelles afin de pouvoir r\u00e9pondre \u00e0 vos demandes de contact ou de pri\u00e8re. Cookies Contenu [&hellip;]\" \/>\n<meta property=\"og:url\" content=\"https:\/\/csl.org\/global\/fr\/politique-de-privacite\/\" \/>\n<meta property=\"og:site_name\" content=\"Global Services - Centers for Spiritual Living\" \/>\n<meta property=\"article:modified_time\" content=\"2020-02-26T15:03:17+00:00\" \/>\n<meta name=\"twitter:card\" content=\"summary_large_image\" \/>\n<meta name=\"twitter:label1\" content=\"Est. reading time\" \/>\n\t<meta name=\"twitter:data1\" content=\"3 minutes\" \/>\n<script type=\"application\/ld+json\" class=\"yoast-schema-graph\">{\"@context\":\"https:\/\/schema.org\",\"@graph\":[{\"@type\":\"WebPage\",\"@id\":\"https:\/\/csl.org\/global\/fr\/politique-de-privacite\/\",\"url\":\"https:\/\/csl.org\/global\/fr\/politique-de-privacite\/\",\"name\":\"Politique de Privacit\u00e9 - Global Services - Centers for Spiritual Living\",\"isPartOf\":{\"@id\":\"https:\/\/csl.org\/global\/de\/#website\"},\"datePublished\":\"2020-02-06T13:48:36+00:00\",\"dateModified\":\"2020-02-26T15:03:17+00:00\",\"inLanguage\":\"en-US\",\"potentialAction\":[{\"@type\":\"ReadAction\",\"target\":[\"https:\/\/csl.org\/global\/fr\/politique-de-privacite\/\"]}]},{\"@type\":\"WebSite\",\"@id\":\"https:\/\/csl.org\/global\/de\/#website\",\"url\":\"https:\/\/csl.org\/global\/de\/\",\"name\":\"Global Services - Centers for Spiritual Living\",\"description\":\"\",\"potentialAction\":[{\"@type\":\"SearchAction\",\"target\":{\"@type\":\"EntryPoint\",\"urlTemplate\":\"https:\/\/csl.org\/global\/de\/?s={search_term_string}\"},\"query-input\":\"required name=search_term_string\"}],\"inLanguage\":\"en-US\"}]}<\/script>\n<!-- \/ Yoast SEO plugin. -->","yoast_head_json":{"title":"Politique de Privacit\u00e9 - Global Services - Centers for Spiritual Living","robots":{"index":"index","follow":"follow","max-snippet":"max-snippet:-1","max-image-preview":"max-image-preview:large","max-video-preview":"max-video-preview:-1"},"canonical":"https:\/\/csl.org\/global\/fr\/politique-de-privacite\/","og_locale":"en_US","og_type":"article","og_title":"Politique de Privacit\u00e9 - Global Services - Centers for Spiritual Living","og_description":"Politique de Privacit\u00e9 Qui nous sommes Nous sommes des Centres de Vie Spirituelle. L&#8217;adresse de notre site web est la suivante www.multisite.csl.org\/global Quelles donn\u00e9es personnelles nous collectons et pourquoi nous les collectons Nous recueillons les noms, adresses \u00e9lectroniques, num\u00e9ros de t\u00e9l\u00e9phone, adresses personnelles, adresses IP, que vous nous soumettez volontairement via nos formulaires de contact, d&#8217;inscription et de demande de pri\u00e8re. Nous utilisons ces donn\u00e9es personnelles afin de pouvoir r\u00e9pondre \u00e0 vos demandes de contact ou de pri\u00e8re. Cookies Contenu [&hellip;]","og_url":"https:\/\/csl.org\/global\/fr\/politique-de-privacite\/","og_site_name":"Global Services - Centers for Spiritual Living","article_modified_time":"2020-02-26T15:03:17+00:00","twitter_card":"summary_large_image","twitter_misc":{"Est. reading time":"3 minutes"},"schema":{"@context":"https:\/\/schema.org","@graph":[{"@type":"WebPage","@id":"https:\/\/csl.org\/global\/fr\/politique-de-privacite\/","url":"https:\/\/csl.org\/global\/fr\/politique-de-privacite\/","name":"Politique de Privacit\u00e9 - Global Services - Centers for Spiritual Living","isPartOf":{"@id":"https:\/\/csl.org\/global\/de\/#website"},"datePublished":"2020-02-06T13:48:36+00:00","dateModified":"2020-02-26T15:03:17+00:00","inLanguage":"en-US","potentialAction":[{"@type":"ReadAction","target":["https:\/\/csl.org\/global\/fr\/politique-de-privacite\/"]}]},{"@type":"WebSite","@id":"https:\/\/csl.org\/global\/de\/#website","url":"https:\/\/csl.org\/global\/de\/","name":"Global Services - Centers for Spiritual Living","description":"","potentialAction":[{"@type":"SearchAction","target":{"@type":"EntryPoint","urlTemplate":"https:\/\/csl.org\/global\/de\/?s={search_term_string}"},"query-input":"required name=search_term_string"}],"inLanguage":"en-US"}]}},"_links":{"self":[{"href":"https:\/\/csl.org\/global\/wp-json\/wp\/v2\/pages\/5057"}],"collection":[{"href":"https:\/\/csl.org\/global\/wp-json\/wp\/v2\/pages"}],"about":[{"href":"https:\/\/csl.org\/global\/wp-json\/wp\/v2\/types\/page"}],"author":[{"embeddable":true,"href":"https:\/\/csl.org\/global\/wp-json\/wp\/v2\/users\/1"}],"replies":[{"embeddable":true,"href":"https:\/\/csl.org\/global\/wp-json\/wp\/v2\/comments?post=5057"}],"version-history":[{"count":1,"href":"https:\/\/csl.org\/global\/wp-json\/wp\/v2\/pages\/5057\/revisions"}],"predecessor-version":[{"id":5406,"href":"https:\/\/csl.org\/global\/wp-json\/wp\/v2\/pages\/5057\/revisions\/5406"}],"wp:attachment":[{"href":"https:\/\/csl.org\/global\/wp-json\/wp\/v2\/media?parent=5057"}],"wp:term":[{"taxonomy":"category","embeddable":true,"href":"https:\/\/csl.org\/global\/wp-json\/wp\/v2\/categories?post=5057"},{"taxonomy":"post_tag","embeddable":true,"href":"https:\/\/csl.org\/global\/wp-json\/wp\/v2\/tags?post=5057"}],"curies":[{"name":"wp","href":"https:\/\/api.w.org\/{rel}","templated":true}]}}