{"id":5058,"date":"2020-02-06T14:00:10","date_gmt":"2020-02-06T14:00:10","guid":{"rendered":"https:\/\/csl.org\/global\/datenschutzpolitik\/"},"modified":"2020-02-26T15:10:54","modified_gmt":"2020-02-26T15:10:54","slug":"datenschutzpolitik","status":"publish","type":"page","link":"https:\/\/csl.org\/global\/datenschutzpolitik\/","title":{"rendered":"Datenschutzpolitik"},"content":{"rendered":"<div class=\"page-header\">\n<h1>Datenschutzpolitik<\/h1>\n<\/div>\n<h3>Wer wir sind<\/h3>\n<p>Wir sind Zentren f\u00fcr spirituelles Leben.<br \/>\nDie Adresse unserer Website lautet: <a href=\"http:\/\/csl.org\/global\">www.multisite.csl.org\/global<\/a><\/p>\n<h3>Welche pers\u00f6nlichen Daten wir sammeln und warum wir sie sammeln<\/h3>\n<p>Wir sammeln Namen, E-Mail-Adressen, Telefonnummern, Wohnadressen, IP-Adressen, die Sie uns freiwillig \u00fcber unsere Kontakt-, Anmelde- und Gebetsanfrageformulare mitteilen. Wir verwenden diese pers\u00f6nlichen Daten, um auf Ihre Kontakt- oder Gebetsanfragen antworten zu k\u00f6nnen.<\/p>\n<h3>Cookies<\/h3>\n<p><strong>Eingebettete Inhalte von anderen Websites<\/strong><\/p>\n<p>Artikel auf dieser Website k\u00f6nnen eingebettete Inhalte (z.B. Videos, Bilder, Artikel usw.) enthalten. Eingebettete Inhalte von anderen Websites verhalten sich genau so, als ob der Besucher die andere Website besucht h\u00e4tte. Diese Websites k\u00f6nnen Daten \u00fcber Sie sammeln, Cookies verwenden, zus\u00e4tzliche Nachverfolgung durch Dritte einbetten und Ihre Interaktion mit diesem eingebetteten Inhalt \u00fcberwachen, einschlie\u00dflich der Nachverfolgung Ihrer Interaktion mit dem eingebetteten Inhalt, wenn Sie ein Konto haben und auf dieser Website angemeldet sind. Wir verwenden eine Nicht-Cookie-Version des eingebetteten Videoskripts von YouTube auf unserer Website. Bitte beachten Sie auch, dass wir Plugins ausw\u00e4hlen und mit Unternehmen zusammenarbeiten, die eine nicht verletzende Datenschutzrichtlinie haben.<\/p>\n<h3>Analytik<\/h3>\n<p>Um unsere Website zu verbessern, verfolgen wir die Nutzung unserer Website. Anzahl der Besuche, besuchte Seiten, Besuchsl\u00e4nder, Quellen der sozialen Kan\u00e4le und andere Informationen. Die von uns gesammelten Daten wurden anonymisiert.<\/p>\n<h3>Wem wir Ihre Daten mit teilen<\/h3>\n<p>Wir geben Ihre Daten nicht an Drittfirmen weiter.<\/p>\n<h3>Wie lange wir Ihre Daten aufbewahren<\/h3>\n<p>Ihre Daten werden auf unbestimmte Zeit aufbewahrt. Sie k\u00f6nnen uns jedoch auffordern, sie zu l\u00f6schen, indem Sie sich an unseren DSB unten wenden.<\/p>\n<h3>Welche Rechte haben Sie an Ihren Daten<\/h3>\n<p>Wenn Sie ein Konto auf dieser Website haben oder Kommentare hinterlassen haben, k\u00f6nnen Sie eine exportierte Datei mit den pers\u00f6nlichen Daten, die wir \u00fcber Sie besitzen, einschlie\u00dflich der Daten, die Sie uns zur Verf\u00fcgung gestellt haben, anfordern. Sie k\u00f6nnen auch verlangen, dass wir alle pers\u00f6nlichen Daten, die wir \u00fcber Sie gespeichert haben, l\u00f6schen. Dies schlie\u00dft keine Daten ein, die wir aus administrativen, rechtlichen oder sicherheitstechnischen Gr\u00fcnden aufbewahren m\u00fcssen.<\/p>\n<h3>Wo wir Ihre Daten senden<\/h3>\n<p>Ihre Daten werden von unseren Verwaltungsdiensten aufbewahrt.<\/p>\n<h3>Ihre Kontaktinformationen<\/h3>\n<p>Wir verwenden Ihre Kontaktinformationen, um Ihre Anfragen zu unseren Dienstleistungen oder Produkten beantworten zu k\u00f6nnen. Wir senden keine unaufgeforderten E-Mails. Sie k\u00f6nnen verlangen, dass wir diese Kontaktinformationen \u00fcber Sie l\u00f6schen.<\/p>\n<h3>Zus\u00e4tzliche Informationen<\/h3>\n<h3>Wie wir Ihre Daten sch\u00fctzen<\/h3>\n<p>Wir sch\u00fctzen Ihre Online-Daten mit SSL-Verschl\u00fcsselung und durch die Dienste einer Sicherheitsfirma namens BitNinja (<a href=\"https:\/\/bitninja.io\" target=\"_blank\" rel=\"noopener noreferrer\">https:\/\/bitninja.io<\/a>), die einen Firewall-Server-Schutz bietet.<\/p>\n<h3>Kontaktieren Sie uns<\/h3>\n<p>Bei Fragen oder W\u00fcnschen bez\u00fcglich Ihres Datenschutzes wenden Sie sich bitte an unseren Datenschutzbeauftragten unter <span id=\"cloak610a92618d2e5c432bf8599708cbfcfb\"><\/span><a href=\"m&#97;&#x69;&#x6c;t&#111;&#58;&#x49;&#x54;&#64;&#67;&#83;&#x4c;&#x2e;o&#114;&#x67;\">&#x49;&#x54;&#x40;&#67;&#83;L&#46;&#x6f;&#x72;&#x67;<\/a>.<\/p>\n<p>Lesen Sie unsere <a title=\"Cookie-Richtlinie\" href=\"http:\/\/csl.org\/global\/de\/cookie-politik\/\">Cookie-Politik<\/a>\u00a0f\u00fcr weitere Informationen.<\/p>\n","protected":false},"excerpt":{"rendered":"<p>Datenschutzpolitik Wer wir sind Wir sind Zentren f\u00fcr spirituelles Leben. Die Adresse unserer Website lautet: www.multisite.csl.org\/global Welche pers\u00f6nlichen Daten wir sammeln und warum wir sie sammeln Wir sammeln Namen, E-Mail-Adressen, Telefonnummern, Wohnadressen, IP-Adressen, die Sie uns freiwillig \u00fcber unsere Kontakt-, Anmelde- und Gebetsanfrageformulare mitteilen. Wir verwenden diese pers\u00f6nlichen Daten, um auf Ihre Kontakt- oder Gebetsanfragen antworten zu k\u00f6nnen. Cookies Eingebettete Inhalte von anderen Websites Artikel auf dieser Website k\u00f6nnen eingebettete Inhalte (z.B. Videos, Bilder, Artikel usw.) enthalten. Eingebettete Inhalte von [&hellip;]<\/p>\n","protected":false},"author":1,"featured_media":0,"parent":0,"menu_order":74,"comment_status":"closed","ping_status":"closed","template":"","meta":{"_exactmetrics_skip_tracking":false,"_exactmetrics_sitenote_active":false,"_exactmetrics_sitenote_note":"","_exactmetrics_sitenote_category":0,"footnotes":""},"categories":[],"tags":[],"class_list":["post-5058","page","type-page","status-publish","hentry"],"yoast_head":"<!-- This site is optimized with the Yoast SEO plugin v23.1 - https:\/\/yoast.com\/wordpress\/plugins\/seo\/ -->\n<title>Datenschutzpolitik - Global Services - Centers for Spiritual Living<\/title>\n<meta name=\"robots\" content=\"index, follow, max-snippet:-1, max-image-preview:large, max-video-preview:-1\" \/>\n<link rel=\"canonical\" href=\"https:\/\/csl.org\/global\/de\/datenschutzpolitik\/\" \/>\n<meta property=\"og:locale\" content=\"en_US\" \/>\n<meta property=\"og:type\" content=\"article\" \/>\n<meta property=\"og:title\" content=\"Datenschutzpolitik - Global Services - Centers for Spiritual Living\" \/>\n<meta property=\"og:description\" content=\"Datenschutzpolitik Wer wir sind Wir sind Zentren f\u00fcr spirituelles Leben. Die Adresse unserer Website lautet: www.multisite.csl.org\/global Welche pers\u00f6nlichen Daten wir sammeln und warum wir sie sammeln Wir sammeln Namen, E-Mail-Adressen, Telefonnummern, Wohnadressen, IP-Adressen, die Sie uns freiwillig \u00fcber unsere Kontakt-, Anmelde- und Gebetsanfrageformulare mitteilen. Wir verwenden diese pers\u00f6nlichen Daten, um auf Ihre Kontakt- oder Gebetsanfragen antworten zu k\u00f6nnen. Cookies Eingebettete Inhalte von anderen Websites Artikel auf dieser Website k\u00f6nnen eingebettete Inhalte (z.B. Videos, Bilder, Artikel usw.) enthalten. Eingebettete Inhalte von [&hellip;]\" \/>\n<meta property=\"og:url\" content=\"https:\/\/csl.org\/global\/de\/datenschutzpolitik\/\" \/>\n<meta property=\"og:site_name\" content=\"Global Services - Centers for Spiritual Living\" \/>\n<meta property=\"article:modified_time\" content=\"2020-02-26T15:10:54+00:00\" \/>\n<meta name=\"twitter:card\" content=\"summary_large_image\" \/>\n<meta name=\"twitter:label1\" content=\"Est. reading time\" \/>\n\t<meta name=\"twitter:data1\" content=\"2 minutes\" \/>\n<script type=\"application\/ld+json\" class=\"yoast-schema-graph\">{\"@context\":\"https:\/\/schema.org\",\"@graph\":[{\"@type\":\"WebPage\",\"@id\":\"https:\/\/csl.org\/global\/de\/datenschutzpolitik\/\",\"url\":\"https:\/\/csl.org\/global\/de\/datenschutzpolitik\/\",\"name\":\"Datenschutzpolitik - Global Services - Centers for Spiritual Living\",\"isPartOf\":{\"@id\":\"https:\/\/csl.org\/global\/de\/#website\"},\"datePublished\":\"2020-02-06T14:00:10+00:00\",\"dateModified\":\"2020-02-26T15:10:54+00:00\",\"inLanguage\":\"en-US\",\"potentialAction\":[{\"@type\":\"ReadAction\",\"target\":[\"https:\/\/csl.org\/global\/de\/datenschutzpolitik\/\"]}]},{\"@type\":\"WebSite\",\"@id\":\"https:\/\/csl.org\/global\/de\/#website\",\"url\":\"https:\/\/csl.org\/global\/de\/\",\"name\":\"Global Services - Centers for Spiritual Living\",\"description\":\"\",\"potentialAction\":[{\"@type\":\"SearchAction\",\"target\":{\"@type\":\"EntryPoint\",\"urlTemplate\":\"https:\/\/csl.org\/global\/de\/?s={search_term_string}\"},\"query-input\":\"required name=search_term_string\"}],\"inLanguage\":\"en-US\"}]}<\/script>\n<!-- \/ Yoast SEO plugin. -->","yoast_head_json":{"title":"Datenschutzpolitik - Global Services - Centers for Spiritual Living","robots":{"index":"index","follow":"follow","max-snippet":"max-snippet:-1","max-image-preview":"max-image-preview:large","max-video-preview":"max-video-preview:-1"},"canonical":"https:\/\/csl.org\/global\/de\/datenschutzpolitik\/","og_locale":"en_US","og_type":"article","og_title":"Datenschutzpolitik - Global Services - Centers for Spiritual Living","og_description":"Datenschutzpolitik Wer wir sind Wir sind Zentren f\u00fcr spirituelles Leben. Die Adresse unserer Website lautet: www.multisite.csl.org\/global Welche pers\u00f6nlichen Daten wir sammeln und warum wir sie sammeln Wir sammeln Namen, E-Mail-Adressen, Telefonnummern, Wohnadressen, IP-Adressen, die Sie uns freiwillig \u00fcber unsere Kontakt-, Anmelde- und Gebetsanfrageformulare mitteilen. Wir verwenden diese pers\u00f6nlichen Daten, um auf Ihre Kontakt- oder Gebetsanfragen antworten zu k\u00f6nnen. Cookies Eingebettete Inhalte von anderen Websites Artikel auf dieser Website k\u00f6nnen eingebettete Inhalte (z.B. Videos, Bilder, Artikel usw.) enthalten. Eingebettete Inhalte von [&hellip;]","og_url":"https:\/\/csl.org\/global\/de\/datenschutzpolitik\/","og_site_name":"Global Services - Centers for Spiritual Living","article_modified_time":"2020-02-26T15:10:54+00:00","twitter_card":"summary_large_image","twitter_misc":{"Est. reading time":"2 minutes"},"schema":{"@context":"https:\/\/schema.org","@graph":[{"@type":"WebPage","@id":"https:\/\/csl.org\/global\/de\/datenschutzpolitik\/","url":"https:\/\/csl.org\/global\/de\/datenschutzpolitik\/","name":"Datenschutzpolitik - Global Services - Centers for Spiritual Living","isPartOf":{"@id":"https:\/\/csl.org\/global\/de\/#website"},"datePublished":"2020-02-06T14:00:10+00:00","dateModified":"2020-02-26T15:10:54+00:00","inLanguage":"en-US","potentialAction":[{"@type":"ReadAction","target":["https:\/\/csl.org\/global\/de\/datenschutzpolitik\/"]}]},{"@type":"WebSite","@id":"https:\/\/csl.org\/global\/de\/#website","url":"https:\/\/csl.org\/global\/de\/","name":"Global Services - Centers for Spiritual Living","description":"","potentialAction":[{"@type":"SearchAction","target":{"@type":"EntryPoint","urlTemplate":"https:\/\/csl.org\/global\/de\/?s={search_term_string}"},"query-input":"required name=search_term_string"}],"inLanguage":"en-US"}]}},"_links":{"self":[{"href":"https:\/\/csl.org\/global\/wp-json\/wp\/v2\/pages\/5058"}],"collection":[{"href":"https:\/\/csl.org\/global\/wp-json\/wp\/v2\/pages"}],"about":[{"href":"https:\/\/csl.org\/global\/wp-json\/wp\/v2\/types\/page"}],"author":[{"embeddable":true,"href":"https:\/\/csl.org\/global\/wp-json\/wp\/v2\/users\/1"}],"replies":[{"embeddable":true,"href":"https:\/\/csl.org\/global\/wp-json\/wp\/v2\/comments?post=5058"}],"version-history":[{"count":1,"href":"https:\/\/csl.org\/global\/wp-json\/wp\/v2\/pages\/5058\/revisions"}],"predecessor-version":[{"id":5408,"href":"https:\/\/csl.org\/global\/wp-json\/wp\/v2\/pages\/5058\/revisions\/5408"}],"wp:attachment":[{"href":"https:\/\/csl.org\/global\/wp-json\/wp\/v2\/media?parent=5058"}],"wp:term":[{"taxonomy":"category","embeddable":true,"href":"https:\/\/csl.org\/global\/wp-json\/wp\/v2\/categories?post=5058"},{"taxonomy":"post_tag","embeddable":true,"href":"https:\/\/csl.org\/global\/wp-json\/wp\/v2\/tags?post=5058"}],"curies":[{"name":"wp","href":"https:\/\/api.w.org\/{rel}","templated":true}]}}