{"id":5062,"date":"2020-02-06T14:19:50","date_gmt":"2020-02-06T14:19:50","guid":{"rendered":"https:\/\/csl.org\/global\/ueber-uns\/gelegenheiten-fuer-freiwillige\/"},"modified":"2020-08-18T14:12:00","modified_gmt":"2020-08-18T14:12:00","slug":"gelegenheiten-fuer-freiwillige","status":"publish","type":"page","link":"https:\/\/csl.org\/global\/uber-uns\/gelegenheiten-fuer-freiwillige\/","title":{"rendered":"Gelegenheiten f\u00fcr Freiwillige"},"content":{"rendered":"<p><div class=\"fusion-fullwidth fullwidth-box fusion-builder-row-1 gradient-container-1 nonhundred-percent-fullwidth non-hundred-percent-height-scrolling\" style=\"--awb-border-radius-top-left:0px;--awb-border-radius-top-right:0px;--awb-border-radius-bottom-right:0px;--awb-border-radius-bottom-left:0px;--awb-background-color:#ffffff;--awb-flex-wrap:wrap;\" ><div class=\"fusion-builder-row fusion-row\"><div class=\"fusion-layout-column fusion_builder_column fusion-builder-column-0 fusion_builder_column_1_1 1_1 fusion-one-full fusion-column-first fusion-column-last\" style=\"--awb-padding-top:50px;--awb-padding-right:3%;--awb-padding-bottom:50px;--awb-padding-left:3%;--awb-bg-color:#ffffff;--awb-bg-color-hover:#ffffff;--awb-bg-size:cover;\"><div class=\"fusion-column-wrapper fusion-column-has-shadow fusion-flex-column-wrapper-legacy\"><div class=\"fusion-text fusion-text-1\"><h1>Gelegenheiten f\u00fcr Volontariate\u00a0<\/h1>\n<p><img fetchpriority=\"high\" decoding=\"async\" class=\" wp-image-2185 alignleft\" src=\"http:\/\/csl.org\/wp-content\/uploads\/sites\/8\/2019\/05\/Volunteer-624x416.jpg\" alt=\"\" width=\"499\" height=\"332\" srcset=\"https:\/\/csl.org\/global\/wp-content\/uploads\/sites\/8\/2019\/05\/Volunteer-624x416-200x133.jpg 200w, https:\/\/csl.org\/global\/wp-content\/uploads\/sites\/8\/2019\/05\/Volunteer-624x416-300x200.jpg 300w, https:\/\/csl.org\/global\/wp-content\/uploads\/sites\/8\/2019\/05\/Volunteer-624x416-400x267.jpg 400w, https:\/\/csl.org\/global\/wp-content\/uploads\/sites\/8\/2019\/05\/Volunteer-624x416-600x400.jpg 600w, https:\/\/csl.org\/global\/wp-content\/uploads\/sites\/8\/2019\/05\/Volunteer-624x416.jpg 624w\" sizes=\"(max-width: 499px) 100vw, 499px\" \/>Sind Sie daran interssiert, die internationale Weiterverbreitung von Science of Mind zu unterst\u00fctzen? Wenn ja, dann ist es gut zu wissen, dass es viele M\u00f6glichkeiten gibt, wie Sie dabei helfen k\u00f6nnen.<\/p>\n<p>Unser Global Services Committee arbeitet kontinuierlich daran, unsere weltweite Verbreitung mit langfristigen wie auch kurzfristigen Projekten zu unterst\u00fctzen.\u00a0 Wenn Sie sich an einer dieser Aktivit\u00e4ten beteiligen m\u00f6chten&#8230;.oder wenn Sie eine Idee haben, die Sie gerne in Betracht ziehen w\u00fcrden&#8230;.dann kontaktieren Sie bitte unseren Koordinator f\u00fcr Global Services, Reverend Mark Gilbert \u00fcber den oben angegebenen Men\u00fcpunkt &#8220;Kontakt.&#8221;\u00a0<\/p>\n<\/div><div class=\"fusion-clearfix\"><\/div><\/div><\/div><\/div><\/div><div class=\"fusion-bg-parallax\" data-bg-align=\"center center\" data-direction=\"left\" data-mute=\"false\" data-opacity=\"100\" data-velocity=\"-0.7\" data-mobile-enabled=\"true\" data-break_parents=\"0\" data-bg-image=\"http:\/\/csl.org\/wp-content\/uploads\/sites\/8\/2019\/05\/Volunteer-1024x683.jpg\" data-bg-repeat=\"false\" ><\/div><div class=\"fusion-fullwidth fullwidth-box fusion-builder-row-2 fusion-parallax-left gradient-container-2 nonhundred-percent-fullwidth non-hundred-percent-height-scrolling\" style=\"--awb-border-radius-top-left:0px;--awb-border-radius-top-right:0px;--awb-border-radius-bottom-right:0px;--awb-border-radius-bottom-left:0px;--awb-background-image:url(&quot;http:\/\/csl.org\/wp-content\/uploads\/sites\/8\/2019\/05\/Volunteer-1024x683.jpg&quot;);--awb-background-size:cover;--awb-flex-wrap:wrap;\" ><div class=\"fusion-builder-row fusion-row\"><div class=\"fusion-layout-column fusion_builder_column fusion-builder-column-1 fusion_builder_column_1_1 1_1 fusion-one-full fusion-column-first fusion-column-last\" style=\"--awb-padding-top:250px;--awb-padding-right:200px;--awb-padding-bottom:250px;--awb-padding-left:200px;--awb-bg-size:cover;\"><div class=\"fusion-column-wrapper fusion-column-has-shadow fusion-flex-column-wrapper-legacy\"><div class=\"fusion-clearfix\"><\/div><\/div><\/div><\/div><\/div><\/p>\n","protected":false},"excerpt":{"rendered":"","protected":false},"author":1,"featured_media":0,"parent":5013,"menu_order":320,"comment_status":"closed","ping_status":"closed","template":"100-width.php","meta":{"_exactmetrics_skip_tracking":false,"_exactmetrics_sitenote_active":false,"_exactmetrics_sitenote_note":"","_exactmetrics_sitenote_category":0,"footnotes":""},"categories":[83],"tags":[],"class_list":["post-5062","page","type-page","status-publish","hentry","category-ueber-de"],"yoast_head":"<!-- This site is optimized with the Yoast SEO plugin v23.1 - https:\/\/yoast.com\/wordpress\/plugins\/seo\/ -->\n<title>Gelegenheiten f\u00fcr Freiwillige - Global Services - Centers for Spiritual Living<\/title>\n<meta name=\"robots\" content=\"index, follow, max-snippet:-1, max-image-preview:large, max-video-preview:-1\" \/>\n<link rel=\"canonical\" href=\"https:\/\/csl.org\/global\/de\/uber-uns\/gelegenheiten-fuer-freiwillige\/\" \/>\n<meta property=\"og:locale\" content=\"en_US\" \/>\n<meta property=\"og:type\" content=\"article\" \/>\n<meta property=\"og:title\" content=\"Gelegenheiten f\u00fcr Freiwillige - Global Services - Centers for Spiritual Living\" \/>\n<meta property=\"og:url\" content=\"https:\/\/csl.org\/global\/de\/uber-uns\/gelegenheiten-fuer-freiwillige\/\" \/>\n<meta property=\"og:site_name\" content=\"Global Services - Centers for Spiritual Living\" \/>\n<meta property=\"article:modified_time\" content=\"2020-08-18T14:12:00+00:00\" \/>\n<meta property=\"og:image\" content=\"http:\/\/csl.org\/wp-content\/uploads\/sites\/8\/2019\/05\/Volunteer-624x416.jpg\" \/>\n<meta name=\"twitter:card\" content=\"summary_large_image\" \/>\n<meta name=\"twitter:label1\" content=\"Est. reading time\" \/>\n\t<meta name=\"twitter:data1\" content=\"3 minutes\" \/>\n<script type=\"application\/ld+json\" class=\"yoast-schema-graph\">{\"@context\":\"https:\/\/schema.org\",\"@graph\":[{\"@type\":\"WebPage\",\"@id\":\"https:\/\/csl.org\/global\/de\/uber-uns\/gelegenheiten-fuer-freiwillige\/\",\"url\":\"https:\/\/csl.org\/global\/de\/uber-uns\/gelegenheiten-fuer-freiwillige\/\",\"name\":\"Gelegenheiten f\u00fcr Freiwillige - Global Services - Centers for Spiritual Living\",\"isPartOf\":{\"@id\":\"https:\/\/csl.org\/global\/de\/#website\"},\"primaryImageOfPage\":{\"@id\":\"https:\/\/csl.org\/global\/de\/uber-uns\/gelegenheiten-fuer-freiwillige\/#primaryimage\"},\"image\":{\"@id\":\"https:\/\/csl.org\/global\/de\/uber-uns\/gelegenheiten-fuer-freiwillige\/#primaryimage\"},\"thumbnailUrl\":\"http:\/\/csl.org\/wp-content\/uploads\/sites\/8\/2019\/05\/Volunteer-624x416.jpg\",\"datePublished\":\"2020-02-06T14:19:50+00:00\",\"dateModified\":\"2020-08-18T14:12:00+00:00\",\"breadcrumb\":{\"@id\":\"https:\/\/csl.org\/global\/de\/uber-uns\/gelegenheiten-fuer-freiwillige\/#breadcrumb\"},\"inLanguage\":\"en-US\",\"potentialAction\":[{\"@type\":\"ReadAction\",\"target\":[\"https:\/\/csl.org\/global\/de\/uber-uns\/gelegenheiten-fuer-freiwillige\/\"]}]},{\"@type\":\"ImageObject\",\"inLanguage\":\"en-US\",\"@id\":\"https:\/\/csl.org\/global\/de\/uber-uns\/gelegenheiten-fuer-freiwillige\/#primaryimage\",\"url\":\"http:\/\/csl.org\/wp-content\/uploads\/sites\/8\/2019\/05\/Volunteer-624x416.jpg\",\"contentUrl\":\"http:\/\/csl.org\/wp-content\/uploads\/sites\/8\/2019\/05\/Volunteer-624x416.jpg\"},{\"@type\":\"BreadcrumbList\",\"@id\":\"https:\/\/csl.org\/global\/de\/uber-uns\/gelegenheiten-fuer-freiwillige\/#breadcrumb\",\"itemListElement\":[{\"@type\":\"ListItem\",\"position\":1,\"name\":\"\u00dcBER UNS\",\"item\":\"https:\/\/csl.org\/global\/de\/uber-uns\/\"},{\"@type\":\"ListItem\",\"position\":2,\"name\":\"Gelegenheiten f\u00fcr Freiwillige\"}]},{\"@type\":\"WebSite\",\"@id\":\"https:\/\/csl.org\/global\/de\/#website\",\"url\":\"https:\/\/csl.org\/global\/de\/\",\"name\":\"Global Services - Centers for Spiritual Living\",\"description\":\"\",\"potentialAction\":[{\"@type\":\"SearchAction\",\"target\":{\"@type\":\"EntryPoint\",\"urlTemplate\":\"https:\/\/csl.org\/global\/de\/?s={search_term_string}\"},\"query-input\":\"required name=search_term_string\"}],\"inLanguage\":\"en-US\"}]}<\/script>\n<!-- \/ Yoast SEO plugin. -->","yoast_head_json":{"title":"Gelegenheiten f\u00fcr Freiwillige - Global Services - Centers for Spiritual Living","robots":{"index":"index","follow":"follow","max-snippet":"max-snippet:-1","max-image-preview":"max-image-preview:large","max-video-preview":"max-video-preview:-1"},"canonical":"https:\/\/csl.org\/global\/de\/uber-uns\/gelegenheiten-fuer-freiwillige\/","og_locale":"en_US","og_type":"article","og_title":"Gelegenheiten f\u00fcr Freiwillige - Global Services - Centers for Spiritual Living","og_url":"https:\/\/csl.org\/global\/de\/uber-uns\/gelegenheiten-fuer-freiwillige\/","og_site_name":"Global Services - Centers for Spiritual Living","article_modified_time":"2020-08-18T14:12:00+00:00","og_image":[{"url":"http:\/\/csl.org\/wp-content\/uploads\/sites\/8\/2019\/05\/Volunteer-624x416.jpg"}],"twitter_card":"summary_large_image","twitter_misc":{"Est. reading time":"3 minutes"},"schema":{"@context":"https:\/\/schema.org","@graph":[{"@type":"WebPage","@id":"https:\/\/csl.org\/global\/de\/uber-uns\/gelegenheiten-fuer-freiwillige\/","url":"https:\/\/csl.org\/global\/de\/uber-uns\/gelegenheiten-fuer-freiwillige\/","name":"Gelegenheiten f\u00fcr Freiwillige - Global Services - Centers for Spiritual Living","isPartOf":{"@id":"https:\/\/csl.org\/global\/de\/#website"},"primaryImageOfPage":{"@id":"https:\/\/csl.org\/global\/de\/uber-uns\/gelegenheiten-fuer-freiwillige\/#primaryimage"},"image":{"@id":"https:\/\/csl.org\/global\/de\/uber-uns\/gelegenheiten-fuer-freiwillige\/#primaryimage"},"thumbnailUrl":"http:\/\/csl.org\/wp-content\/uploads\/sites\/8\/2019\/05\/Volunteer-624x416.jpg","datePublished":"2020-02-06T14:19:50+00:00","dateModified":"2020-08-18T14:12:00+00:00","breadcrumb":{"@id":"https:\/\/csl.org\/global\/de\/uber-uns\/gelegenheiten-fuer-freiwillige\/#breadcrumb"},"inLanguage":"en-US","potentialAction":[{"@type":"ReadAction","target":["https:\/\/csl.org\/global\/de\/uber-uns\/gelegenheiten-fuer-freiwillige\/"]}]},{"@type":"ImageObject","inLanguage":"en-US","@id":"https:\/\/csl.org\/global\/de\/uber-uns\/gelegenheiten-fuer-freiwillige\/#primaryimage","url":"http:\/\/csl.org\/wp-content\/uploads\/sites\/8\/2019\/05\/Volunteer-624x416.jpg","contentUrl":"http:\/\/csl.org\/wp-content\/uploads\/sites\/8\/2019\/05\/Volunteer-624x416.jpg"},{"@type":"BreadcrumbList","@id":"https:\/\/csl.org\/global\/de\/uber-uns\/gelegenheiten-fuer-freiwillige\/#breadcrumb","itemListElement":[{"@type":"ListItem","position":1,"name":"\u00dcBER UNS","item":"https:\/\/csl.org\/global\/de\/uber-uns\/"},{"@type":"ListItem","position":2,"name":"Gelegenheiten f\u00fcr Freiwillige"}]},{"@type":"WebSite","@id":"https:\/\/csl.org\/global\/de\/#website","url":"https:\/\/csl.org\/global\/de\/","name":"Global Services - Centers for Spiritual Living","description":"","potentialAction":[{"@type":"SearchAction","target":{"@type":"EntryPoint","urlTemplate":"https:\/\/csl.org\/global\/de\/?s={search_term_string}"},"query-input":"required name=search_term_string"}],"inLanguage":"en-US"}]}},"_links":{"self":[{"href":"https:\/\/csl.org\/global\/wp-json\/wp\/v2\/pages\/5062"}],"collection":[{"href":"https:\/\/csl.org\/global\/wp-json\/wp\/v2\/pages"}],"about":[{"href":"https:\/\/csl.org\/global\/wp-json\/wp\/v2\/types\/page"}],"author":[{"embeddable":true,"href":"https:\/\/csl.org\/global\/wp-json\/wp\/v2\/users\/1"}],"replies":[{"embeddable":true,"href":"https:\/\/csl.org\/global\/wp-json\/wp\/v2\/comments?post=5062"}],"version-history":[{"count":13,"href":"https:\/\/csl.org\/global\/wp-json\/wp\/v2\/pages\/5062\/revisions"}],"predecessor-version":[{"id":7646,"href":"https:\/\/csl.org\/global\/wp-json\/wp\/v2\/pages\/5062\/revisions\/7646"}],"up":[{"embeddable":true,"href":"https:\/\/csl.org\/global\/wp-json\/wp\/v2\/pages\/5013"}],"wp:attachment":[{"href":"https:\/\/csl.org\/global\/wp-json\/wp\/v2\/media?parent=5062"}],"wp:term":[{"taxonomy":"category","embeddable":true,"href":"https:\/\/csl.org\/global\/wp-json\/wp\/v2\/categories?post=5062"},{"taxonomy":"post_tag","embeddable":true,"href":"https:\/\/csl.org\/global\/wp-json\/wp\/v2\/tags?post=5062"}],"curies":[{"name":"wp","href":"https:\/\/api.w.org\/{rel}","templated":true}]}}