{"id":5068,"date":"2020-02-06T14:36:05","date_gmt":"2020-02-06T14:36:05","guid":{"rendered":"https:\/\/csl.org\/global\/ressourcen\/spanische-ressourcen\/"},"modified":"2020-05-05T18:21:30","modified_gmt":"2020-05-05T18:21:30","slug":"spanische-ressourcen","status":"publish","type":"page","link":"https:\/\/csl.org\/global\/ressourcen\/spanische-ressourcen\/","title":{"rendered":"Spanische Ressourcen"},"content":{"rendered":"<p><div class=\"fusion-fullwidth fullwidth-box fusion-builder-row-1 gradient-container-1 nonhundred-percent-fullwidth non-hundred-percent-height-scrolling\" style=\"--awb-border-radius-top-left:0px;--awb-border-radius-top-right:0px;--awb-border-radius-bottom-right:0px;--awb-border-radius-bottom-left:0px;--awb-background-color:#ffffff;--awb-flex-wrap:wrap;\" ><div class=\"fusion-builder-row fusion-row\"><div class=\"fusion-layout-column fusion_builder_column fusion-builder-column-0 fusion_builder_column_1_1 1_1 fusion-one-full fusion-column-first fusion-column-last fusion-animated\" style=\"--awb-padding-top:50px;--awb-padding-right:3%;--awb-padding-bottom:50px;--awb-padding-left:3%;--awb-bg-color:#ffffff;--awb-bg-color-hover:#ffffff;--awb-bg-size:cover;\" data-animationType=\"zoomIn\" data-animationDuration=\"0.3\" data-animationOffset=\"top-into-view\"><div class=\"fusion-column-wrapper fusion-column-has-shadow fusion-flex-column-wrapper-legacy\"><div class=\"fusion-text fusion-text-1\"><h1>Spanische Textquellen\u00a0<\/h1>\n<p><img fetchpriority=\"high\" decoding=\"async\" class=\"size-400 wp-image-2538 alignleft\" src=\"http:\/\/csl.org\/wp-content\/uploads\/sites\/8\/2019\/05\/spanish-language-optimized-400x267.jpg\" alt=\"spanisch-sprachig\" width=\"400\" height=\"267\" srcset=\"https:\/\/csl.org\/global\/wp-content\/uploads\/sites\/8\/2019\/05\/spanish-language-optimized-200x133.jpg 200w, https:\/\/csl.org\/global\/wp-content\/uploads\/sites\/8\/2019\/05\/spanish-language-optimized-300x200.jpg 300w, https:\/\/csl.org\/global\/wp-content\/uploads\/sites\/8\/2019\/05\/spanish-language-optimized-400x267.jpg 400w, https:\/\/csl.org\/global\/wp-content\/uploads\/sites\/8\/2019\/05\/spanish-language-optimized-600x400.jpg 600w, https:\/\/csl.org\/global\/wp-content\/uploads\/sites\/8\/2019\/05\/spanish-language-optimized-768x512.jpg 768w, https:\/\/csl.org\/global\/wp-content\/uploads\/sites\/8\/2019\/05\/spanish-language-optimized-800x533.jpg 800w, https:\/\/csl.org\/global\/wp-content\/uploads\/sites\/8\/2019\/05\/spanish-language-optimized-1024x683.jpg 1024w, https:\/\/csl.org\/global\/wp-content\/uploads\/sites\/8\/2019\/05\/spanish-language-optimized-1200x800.jpg 1200w, https:\/\/csl.org\/global\/wp-content\/uploads\/sites\/8\/2019\/05\/spanish-language-optimized.jpg 1920w\" sizes=\"(max-width: 400px) 100vw, 400px\" \/>Wir freuen uns, dass immer mehr Ressourcen f\u00fcr unser spanischsprachiges Science of Mind &#8211; Publikum verf\u00fcgbar werden. Nachstehend finden Sie eine Liste dieser Ressourcen sowie Links, um auf sie zuzugreifen:<\/p>\n<p>&lt;<span>Estamos encantados de que cada vez haya un n\u00famero mayor de recursos disponibles para nuestra audiencia de Ciencia de la Mente en espa\u00f1ol. Eine Kontinuit\u00e4t, die eine Liste der wiederkehrenden Ereignisse und der Orte f\u00fcr den Beitritt zu einer Veranstaltung umfasst:<\/span><\/p>\n<p>Online-Gebetsanliegen des CSL Weltgebetsdienstes\/<span style=\"color: #666699\">Peticiones de Oraci\u00f3n en l\u00ednea por el Ministerio de Oraci\u00f3n:<\/span> <a href=\"http:\/\/worldministryofprayer.org\/index.php\/pide-oracion\" target=\"_blank\" rel=\"noopener noreferrer\">http:\/\/worldministryofprayer.org\/index.php\/pide-oracion<\/a><\/p>\n<p>Links zu spanischen Ernest Holmes-B\u00fcchern\/<span style=\"color: #666699\">Enlaces a espa\u00f1oles Ernest Holmes:<\/span> <a href=\"http:\/\/csl.org\/global\/de\/ressourcen\/uebersetzte-buecher\/spanisch-espanol\/\">http:\/\/csl.org\/global\/resources\/translated-books\/spanish-espanol\/<\/a><\/p>\n<p>Zentrum f\u00fcr spirituelles Leben Santa Rosa: Spanische Ressourcen (Blogs, Podcasts, positive Gebete)\/<span style=\"color: #666699\">Centro para la Vida Espiritual, Santa Rosa: recursos en espa\u00f1ol (Blogs, Podcasts, oraciones afirmativas):<\/span> <a href=\"http:\/\/enespanolcslsr.blogspot.com\/\" target=\"_blank\" rel=\"noopener noreferrer\">http:\/\/enespanolcslsr.blogspot.com\/<\/a> <a href=\"http:\/\/affirmativeprayerenespanol.blogspot.com\/\" target=\"_blank\" rel=\"noopener noreferrer\">http:\/\/affirmativeprayerenespanol.blogspot.com\/<\/a> <a href=\"https:\/\/www.facebook.com\/CSLSREnEspanol\/\" target=\"_blank\" rel=\"noopener noreferrer\">https:\/\/www.facebook.com\/CSLSREnEspanol\/<\/a><\/p>\n<p>Center for Spiritual Living Mexiko, Spanische Ressourcen (Unterricht, Gebetsanliegen, Meditationen, etc.) und Spanische Schule Bewusstseinsstudien \/<span style=\"color: #666699\">Centro para la Vida Espiritual, M\u00e9xico: Recursos en espa\u00f1ol (Klassen, Gebetsanliegen, Meditationen etc.) y Espa\u00f1ol La Escuela de Liderazgo Esp\u00edritual:<\/span> <a href=\"http:\/\/www.vidaespiritual.org\/\" target=\"_blank\" rel=\"noopener noreferrer\">http:\/\/www.vidaespiritual.org\/<\/a><\/p>\n<\/div><div class=\"fusion-clearfix\"><\/div><\/div><\/div><\/div><\/div><div class=\"fusion-bg-parallax\" data-bg-align=\"center center\" data-direction=\"left\" data-mute=\"false\" data-opacity=\"100\" data-velocity=\"-0.7\" data-mobile-enabled=\"true\" data-break_parents=\"0\" data-bg-image=\"http:\/\/csl.org\/wp-content\/uploads\/sites\/8\/2019\/05\/african-people-1024x606.jpg\" data-bg-repeat=\"false\" ><\/div><div class=\"fusion-fullwidth fullwidth-box fusion-builder-row-2 fusion-parallax-left gradient-container-2 nonhundred-percent-fullwidth non-hundred-percent-height-scrolling\" style=\"--awb-border-radius-top-left:0px;--awb-border-radius-top-right:0px;--awb-border-radius-bottom-right:0px;--awb-border-radius-bottom-left:0px;--awb-background-image:url(&quot;http:\/\/csl.org\/wp-content\/uploads\/sites\/8\/2019\/05\/african-people-1024x606.jpg&quot;);--awb-background-size:cover;--awb-flex-wrap:wrap;\" ><div class=\"fusion-builder-row fusion-row\"><div class=\"fusion-layout-column fusion_builder_column fusion-builder-column-1 fusion_builder_column_1_1 1_1 fusion-one-full fusion-column-first fusion-column-last\" style=\"--awb-padding-top:250px;--awb-padding-right:200px;--awb-padding-bottom:250px;--awb-padding-left:200px;--awb-bg-size:cover;\"><div class=\"fusion-column-wrapper fusion-column-has-shadow fusion-flex-column-wrapper-legacy\"><div class=\"fusion-clearfix\"><\/div><\/div><\/div><\/div><\/div><\/p>\n","protected":false},"excerpt":{"rendered":"","protected":false},"author":1,"featured_media":0,"parent":5028,"menu_order":279,"comment_status":"closed","ping_status":"closed","template":"100-width.php","meta":{"_exactmetrics_skip_tracking":false,"_exactmetrics_sitenote_active":false,"_exactmetrics_sitenote_note":"","_exactmetrics_sitenote_category":0,"footnotes":""},"categories":[89],"tags":[],"class_list":["post-5068","page","type-page","status-publish","hentry","category-ressourcen-de"],"yoast_head":"<!-- This site is optimized with the Yoast SEO plugin v23.1 - https:\/\/yoast.com\/wordpress\/plugins\/seo\/ -->\n<title>Spanische Ressourcen - Global Services - Centers for Spiritual Living<\/title>\n<meta name=\"robots\" content=\"index, follow, max-snippet:-1, max-image-preview:large, max-video-preview:-1\" \/>\n<link rel=\"canonical\" href=\"https:\/\/csl.org\/global\/de\/ressourcen\/spanische-ressourcen\/\" \/>\n<meta property=\"og:locale\" content=\"en_US\" \/>\n<meta property=\"og:type\" content=\"article\" \/>\n<meta property=\"og:title\" content=\"Spanische Ressourcen - Global Services - Centers for Spiritual Living\" \/>\n<meta property=\"og:url\" content=\"https:\/\/csl.org\/global\/de\/ressourcen\/spanische-ressourcen\/\" \/>\n<meta property=\"og:site_name\" content=\"Global Services - Centers for Spiritual Living\" \/>\n<meta property=\"article:modified_time\" content=\"2020-05-05T18:21:30+00:00\" \/>\n<meta property=\"og:image\" content=\"http:\/\/csl.org\/wp-content\/uploads\/sites\/8\/2019\/05\/spanish-language-optimized-400x267.jpg\" \/>\n<meta name=\"twitter:card\" content=\"summary_large_image\" \/>\n<meta name=\"twitter:label1\" content=\"Est. reading time\" \/>\n\t<meta name=\"twitter:data1\" content=\"3 minutes\" \/>\n<script type=\"application\/ld+json\" class=\"yoast-schema-graph\">{\"@context\":\"https:\/\/schema.org\",\"@graph\":[{\"@type\":\"WebPage\",\"@id\":\"https:\/\/csl.org\/global\/de\/ressourcen\/spanische-ressourcen\/\",\"url\":\"https:\/\/csl.org\/global\/de\/ressourcen\/spanische-ressourcen\/\",\"name\":\"Spanische Ressourcen - Global Services - Centers for Spiritual Living\",\"isPartOf\":{\"@id\":\"https:\/\/csl.org\/global\/de\/#website\"},\"primaryImageOfPage\":{\"@id\":\"https:\/\/csl.org\/global\/de\/ressourcen\/spanische-ressourcen\/#primaryimage\"},\"image\":{\"@id\":\"https:\/\/csl.org\/global\/de\/ressourcen\/spanische-ressourcen\/#primaryimage\"},\"thumbnailUrl\":\"http:\/\/csl.org\/wp-content\/uploads\/sites\/8\/2019\/05\/spanish-language-optimized-400x267.jpg\",\"datePublished\":\"2020-02-06T14:36:05+00:00\",\"dateModified\":\"2020-05-05T18:21:30+00:00\",\"breadcrumb\":{\"@id\":\"https:\/\/csl.org\/global\/de\/ressourcen\/spanische-ressourcen\/#breadcrumb\"},\"inLanguage\":\"en-US\",\"potentialAction\":[{\"@type\":\"ReadAction\",\"target\":[\"https:\/\/csl.org\/global\/de\/ressourcen\/spanische-ressourcen\/\"]}]},{\"@type\":\"ImageObject\",\"inLanguage\":\"en-US\",\"@id\":\"https:\/\/csl.org\/global\/de\/ressourcen\/spanische-ressourcen\/#primaryimage\",\"url\":\"http:\/\/csl.org\/wp-content\/uploads\/sites\/8\/2019\/05\/spanish-language-optimized-400x267.jpg\",\"contentUrl\":\"http:\/\/csl.org\/wp-content\/uploads\/sites\/8\/2019\/05\/spanish-language-optimized-400x267.jpg\"},{\"@type\":\"BreadcrumbList\",\"@id\":\"https:\/\/csl.org\/global\/de\/ressourcen\/spanische-ressourcen\/#breadcrumb\",\"itemListElement\":[{\"@type\":\"ListItem\",\"position\":1,\"name\":\"RESSOURCEN\",\"item\":\"https:\/\/csl.org\/global\/de\/ressourcen\/\"},{\"@type\":\"ListItem\",\"position\":2,\"name\":\"Spanische Ressourcen\"}]},{\"@type\":\"WebSite\",\"@id\":\"https:\/\/csl.org\/global\/de\/#website\",\"url\":\"https:\/\/csl.org\/global\/de\/\",\"name\":\"Global Services - Centers for Spiritual Living\",\"description\":\"\",\"potentialAction\":[{\"@type\":\"SearchAction\",\"target\":{\"@type\":\"EntryPoint\",\"urlTemplate\":\"https:\/\/csl.org\/global\/de\/?s={search_term_string}\"},\"query-input\":\"required name=search_term_string\"}],\"inLanguage\":\"en-US\"}]}<\/script>\n<!-- \/ Yoast SEO plugin. -->","yoast_head_json":{"title":"Spanische Ressourcen - Global Services - Centers for Spiritual Living","robots":{"index":"index","follow":"follow","max-snippet":"max-snippet:-1","max-image-preview":"max-image-preview:large","max-video-preview":"max-video-preview:-1"},"canonical":"https:\/\/csl.org\/global\/de\/ressourcen\/spanische-ressourcen\/","og_locale":"en_US","og_type":"article","og_title":"Spanische Ressourcen - Global Services - Centers for Spiritual Living","og_url":"https:\/\/csl.org\/global\/de\/ressourcen\/spanische-ressourcen\/","og_site_name":"Global Services - Centers for Spiritual Living","article_modified_time":"2020-05-05T18:21:30+00:00","og_image":[{"url":"http:\/\/csl.org\/wp-content\/uploads\/sites\/8\/2019\/05\/spanish-language-optimized-400x267.jpg"}],"twitter_card":"summary_large_image","twitter_misc":{"Est. reading time":"3 minutes"},"schema":{"@context":"https:\/\/schema.org","@graph":[{"@type":"WebPage","@id":"https:\/\/csl.org\/global\/de\/ressourcen\/spanische-ressourcen\/","url":"https:\/\/csl.org\/global\/de\/ressourcen\/spanische-ressourcen\/","name":"Spanische Ressourcen - Global Services - Centers for Spiritual Living","isPartOf":{"@id":"https:\/\/csl.org\/global\/de\/#website"},"primaryImageOfPage":{"@id":"https:\/\/csl.org\/global\/de\/ressourcen\/spanische-ressourcen\/#primaryimage"},"image":{"@id":"https:\/\/csl.org\/global\/de\/ressourcen\/spanische-ressourcen\/#primaryimage"},"thumbnailUrl":"http:\/\/csl.org\/wp-content\/uploads\/sites\/8\/2019\/05\/spanish-language-optimized-400x267.jpg","datePublished":"2020-02-06T14:36:05+00:00","dateModified":"2020-05-05T18:21:30+00:00","breadcrumb":{"@id":"https:\/\/csl.org\/global\/de\/ressourcen\/spanische-ressourcen\/#breadcrumb"},"inLanguage":"en-US","potentialAction":[{"@type":"ReadAction","target":["https:\/\/csl.org\/global\/de\/ressourcen\/spanische-ressourcen\/"]}]},{"@type":"ImageObject","inLanguage":"en-US","@id":"https:\/\/csl.org\/global\/de\/ressourcen\/spanische-ressourcen\/#primaryimage","url":"http:\/\/csl.org\/wp-content\/uploads\/sites\/8\/2019\/05\/spanish-language-optimized-400x267.jpg","contentUrl":"http:\/\/csl.org\/wp-content\/uploads\/sites\/8\/2019\/05\/spanish-language-optimized-400x267.jpg"},{"@type":"BreadcrumbList","@id":"https:\/\/csl.org\/global\/de\/ressourcen\/spanische-ressourcen\/#breadcrumb","itemListElement":[{"@type":"ListItem","position":1,"name":"RESSOURCEN","item":"https:\/\/csl.org\/global\/de\/ressourcen\/"},{"@type":"ListItem","position":2,"name":"Spanische Ressourcen"}]},{"@type":"WebSite","@id":"https:\/\/csl.org\/global\/de\/#website","url":"https:\/\/csl.org\/global\/de\/","name":"Global Services - Centers for Spiritual Living","description":"","potentialAction":[{"@type":"SearchAction","target":{"@type":"EntryPoint","urlTemplate":"https:\/\/csl.org\/global\/de\/?s={search_term_string}"},"query-input":"required name=search_term_string"}],"inLanguage":"en-US"}]}},"_links":{"self":[{"href":"https:\/\/csl.org\/global\/wp-json\/wp\/v2\/pages\/5068"}],"collection":[{"href":"https:\/\/csl.org\/global\/wp-json\/wp\/v2\/pages"}],"about":[{"href":"https:\/\/csl.org\/global\/wp-json\/wp\/v2\/types\/page"}],"author":[{"embeddable":true,"href":"https:\/\/csl.org\/global\/wp-json\/wp\/v2\/users\/1"}],"replies":[{"embeddable":true,"href":"https:\/\/csl.org\/global\/wp-json\/wp\/v2\/comments?post=5068"}],"version-history":[{"count":8,"href":"https:\/\/csl.org\/global\/wp-json\/wp\/v2\/pages\/5068\/revisions"}],"predecessor-version":[{"id":5915,"href":"https:\/\/csl.org\/global\/wp-json\/wp\/v2\/pages\/5068\/revisions\/5915"}],"up":[{"embeddable":true,"href":"https:\/\/csl.org\/global\/wp-json\/wp\/v2\/pages\/5028"}],"wp:attachment":[{"href":"https:\/\/csl.org\/global\/wp-json\/wp\/v2\/media?parent=5068"}],"wp:term":[{"taxonomy":"category","embeddable":true,"href":"https:\/\/csl.org\/global\/wp-json\/wp\/v2\/categories?post=5068"},{"taxonomy":"post_tag","embeddable":true,"href":"https:\/\/csl.org\/global\/wp-json\/wp\/v2\/tags?post=5068"}],"curies":[{"name":"wp","href":"https:\/\/api.w.org\/{rel}","templated":true}]}}