{"id":5169,"date":"2020-02-17T11:03:35","date_gmt":"2020-02-17T11:03:35","guid":{"rendered":"https:\/\/csl.org\/global\/dienst\/herz-des-friedens\/"},"modified":"2020-05-07T10:03:35","modified_gmt":"2020-05-07T10:03:35","slug":"herz-des-friedens","status":"publish","type":"page","link":"https:\/\/csl.org\/global\/dienst\/herz-des-friedens\/","title":{"rendered":"Herz des Friedens"},"content":{"rendered":"<p><div class=\"fusion-fullwidth fullwidth-box fusion-builder-row-1 gradient-container-1 nonhundred-percent-fullwidth non-hundred-percent-height-scrolling\" style=\"--awb-border-radius-top-left:0px;--awb-border-radius-top-right:0px;--awb-border-radius-bottom-right:0px;--awb-border-radius-bottom-left:0px;--awb-background-color:#ffffff;--awb-flex-wrap:wrap;\" ><div class=\"fusion-builder-row fusion-row\"><div class=\"fusion-layout-column fusion_builder_column fusion-builder-column-0 fusion_builder_column_1_1 1_1 fusion-one-full fusion-column-first fusion-column-last fusion-animated\" style=\"--awb-padding-top:50px;--awb-padding-right:3%;--awb-padding-bottom:50px;--awb-padding-left:3%;--awb-bg-color:#ffffff;--awb-bg-color-hover:#ffffff;--awb-bg-size:cover;\" data-animationType=\"zoomIn\" data-animationDuration=\"0.3\" data-animationOffset=\"top-into-view\"><div class=\"fusion-column-wrapper fusion-column-has-shadow fusion-flex-column-wrapper-legacy\"><div class=\"fusion-text fusion-text-1\"><h1>CENTERS FOR SPIRITUAL LIVING FRIEDENSINITIATIVEN<\/h1>\n<p>Suchen Sie nach Wegen, mehr Frieden in die Welt zu bringen? Die Centers for Spiritual Living lehren, dass Frieden im Inneren beginnt und ermutigen uns alle, mehr Frieden in unser Bewusstsein zu bringen.<\/p>\n<p><em>&#8220;Wir m\u00fcssen Frieden denken, wenn wir Frieden ausdr\u00fccken wollen. Der Denkende, der immer verwirrt und verzweifelt ist, hat keinen Frieden; ein Geist, der st\u00e4ndig durch die kleinen, unbedeutenden Dinge des Lebens verwirrt und aufgew\u00fchlt ist, hat keinen Frieden; er befindet sich im Krieg mit sich selbst. Nur wenn der individuelle Geist aufh\u00f6rt, sich selbst zu bek\u00e4mpfen, wird er auch aufh\u00f6ren, andere zu bek\u00e4mpfen. ~Ernest Holmes<\/em><\/p>\n<p>Zus\u00e4tzlich zum Erwachen unseres Bewusstseins ermutigen wir in den Centers for Spiritual Living auch jeden, die Beteiligung an bestimmten Friedensaktionen in der Welt in Betracht zu ziehen. Hier sind einige, die wir unterst\u00fctzen:<\/p>\n<h2>Heart of Peace\u00a0 &#8211;\u00a0 Kollektive Friedensmeditation<\/h2>\n<p><img fetchpriority=\"high\" decoding=\"async\" class=\"size-full wp-image-2440 aligncenter\" src=\"http:\/\/csl.org\/wp-content\/uploads\/sites\/8\/2019\/05\/Heart_of_Peace_logo.jpg\" alt=\"Heart of Peace\" width=\"250\" height=\"250\" srcset=\"https:\/\/csl.org\/global\/wp-content\/uploads\/sites\/8\/2019\/05\/Heart_of_Peace_logo-66x66.jpg 66w, https:\/\/csl.org\/global\/wp-content\/uploads\/sites\/8\/2019\/05\/Heart_of_Peace_logo-150x150.jpg 150w, https:\/\/csl.org\/global\/wp-content\/uploads\/sites\/8\/2019\/05\/Heart_of_Peace_logo-200x200.jpg 200w, https:\/\/csl.org\/global\/wp-content\/uploads\/sites\/8\/2019\/05\/Heart_of_Peace_logo.jpg 250w\" sizes=\"(max-width: 250px) 100vw, 250px\" \/> M\u00f6chten Sie eine Gruppe f\u00fcr Friedensmeditation gr\u00fcnden? Wenn ja, [<a href=\"https:\/\/ourcsl.org\/csl-peace-initiatives\/start-meditation-group\" target=\"_blank\" rel=\"noopener noreferrer\">hier klicken<\/a>].<\/p>\n<p>M\u00f6chten Sie eine Gruppe finden (entweder pers\u00f6nlich oder online \/ telefonisch), die sich zur gemeinsamen Friedensmeditation trifft? Wenn ja, [<a href=\"https:\/\/ourcsl.org\/csl-peace-initiatives\/find-meditation-group\" target=\"_blank\" rel=\"noopener noreferrer\">hier klicken<\/a>].<\/p>\n<h2>Association for Global New Thought Peace Seasons\u00a0<\/h2>\n<p><img decoding=\"async\" class=\"size-full wp-image-2441 aligncenter\" src=\"http:\/\/csl.org\/wp-content\/uploads\/sites\/8\/2019\/05\/peace_nonviolence_logo.jpg\" alt=\"\" width=\"250\" height=\"177\" srcset=\"https:\/\/csl.org\/global\/wp-content\/uploads\/sites\/8\/2019\/05\/peace_nonviolence_logo-200x142.jpg 200w, https:\/\/csl.org\/global\/wp-content\/uploads\/sites\/8\/2019\/05\/peace_nonviolence_logo.jpg 250w\" sizes=\"(max-width: 250px) 100vw, 250px\" \/> Durch die Partnerschaft mit der Association for Global New Thought ermutigen die Centers for Spiritual Living alle ihre Mitgliedsgemeinschaften und Freunde, w\u00e4hrend des ganzen Jahres an Treffen der Seasons for Peace and Nonviolence teilzunehmen oder mit zu gestalten. Mehr Information \u00fcber diese Aktionen und ihren Zeitrahmen enth\u00e4lt dieser Link: <a href=\"http:\/\/www.agnt.org\/seasons\" target=\"_blank\" rel=\"noopener noreferrer\">www.agnt.org\/seasons<\/a><\/p>\n<p>Zentren und Einzelpersonen k\u00f6nnen unter <a href=\"http:\/\/www.agnt.org\/season-for-nonviolence\" target=\"_blank\" rel=\"noopener noreferrer\">www.agnt.org\/season-for-nonviolence<\/a><\/p>\n<p>Sie k\u00f6nnen auf eine F\u00fclle von Informationen und Ressourcen zugreifen, um ihre eigenen Friedensveranstaltungen der Saison am Jahrebeginn zu unterst\u00fctzen.<\/p>\n<h2>Internationaler Friedenstag der\u00a0 Vereinten Nationen<\/h2>\n<p>Jedes Jahr am 21. September widmen die Vereinten Nationen einen Tag der St\u00e4rkung der Friedensideale in und zwischen allen Nationen und V\u00f6lkern. F\u00fcr Informationen \u00fcber die Programme [<a href=\"https:\/\/internationaldayofpeace.org\/\" target=\"_blank\" rel=\"noopener noreferrer\">hier klicken<\/a>].<\/p>\n<p>Im Jahr 2016 waren die Centers for Spiritual Living Gastgeber einer offizielle Feier zum Friedenstag am Hauptsitz in Golden, Colorado (USA). Ein Highlight-Video der Veranstaltung ist online verf\u00fcgbar unter <a href=\"https:\/\/youtu.be\/hCvf0631Dcs\" target=\"_blank\" rel=\"noopener noreferrer\">https:\/\/youtu.be\/hCvf0631Dcs<\/a><\/p>\n<p>F\u00fcr mehr Informationen \u00fcber unsere Heart of Peace Initiative\u00a0 [<a href=\"https:\/\/ourcsl.org\/csl-peace-initiatives\/peace-committee\" target=\"_blank\" rel=\"noopener noreferrer\">hier klicken<\/a>].<\/p>\n<p>&nbsp;<\/p>\n<\/div><div class=\"fusion-clearfix\"><\/div><\/div><\/div><\/div><\/div><div class=\"fusion-bg-parallax\" data-bg-align=\"center center\" data-direction=\"up\" data-mute=\"false\" data-opacity=\"100\" data-velocity=\"-0.7\" data-mobile-enabled=\"true\" data-break_parents=\"0\" data-bg-image=\"http:\/\/csl.org\/wp-content\/uploads\/sites\/8\/2019\/05\/dove-peace-1-800x523.jpg\" data-bg-repeat=\"false\" ><\/div><div class=\"fusion-fullwidth fullwidth-box fusion-builder-row-2 fusion-parallax-up gradient-container-2 nonhundred-percent-fullwidth non-hundred-percent-height-scrolling\" style=\"--awb-border-radius-top-left:0px;--awb-border-radius-top-right:0px;--awb-border-radius-bottom-right:0px;--awb-border-radius-bottom-left:0px;--awb-background-image:url(&quot;http:\/\/csl.org\/wp-content\/uploads\/sites\/8\/2019\/05\/dove-peace-1-800x523.jpg&quot;);--awb-background-size:cover;--awb-flex-wrap:wrap;\" ><div class=\"fusion-builder-row fusion-row\"><div class=\"fusion-layout-column fusion_builder_column fusion-builder-column-1 fusion_builder_column_1_1 1_1 fusion-one-full fusion-column-first fusion-column-last\" style=\"--awb-padding-top:250px;--awb-padding-right:200px;--awb-padding-bottom:250px;--awb-padding-left:200px;--awb-bg-size:cover;\"><div class=\"fusion-column-wrapper fusion-column-has-shadow fusion-flex-column-wrapper-legacy\"><div class=\"fusion-clearfix\"><\/div><\/div><\/div><\/div><\/div><\/p>\n","protected":false},"excerpt":{"rendered":"","protected":false},"author":1,"featured_media":0,"parent":5016,"menu_order":172,"comment_status":"closed","ping_status":"closed","template":"100-width.php","meta":{"_exactmetrics_skip_tracking":false,"_exactmetrics_sitenote_active":false,"_exactmetrics_sitenote_note":"","_exactmetrics_sitenote_category":0,"footnotes":""},"categories":[92],"tags":[],"class_list":["post-5169","page","type-page","status-publish","hentry","category-dienst-de"],"yoast_head":"<!-- This site is optimized with the Yoast SEO plugin v23.1 - https:\/\/yoast.com\/wordpress\/plugins\/seo\/ -->\n<title>Herz des Friedens - Global Services - Centers for Spiritual Living<\/title>\n<meta name=\"robots\" content=\"index, follow, max-snippet:-1, max-image-preview:large, max-video-preview:-1\" \/>\n<link rel=\"canonical\" href=\"https:\/\/csl.org\/global\/de\/dienst\/herz-des-friedens\/\" \/>\n<meta property=\"og:locale\" content=\"en_US\" \/>\n<meta property=\"og:type\" content=\"article\" \/>\n<meta property=\"og:title\" content=\"Herz des Friedens - Global Services - Centers for Spiritual Living\" \/>\n<meta property=\"og:url\" content=\"https:\/\/csl.org\/global\/de\/dienst\/herz-des-friedens\/\" \/>\n<meta property=\"og:site_name\" content=\"Global Services - Centers for Spiritual Living\" \/>\n<meta property=\"article:modified_time\" content=\"2020-05-07T10:03:35+00:00\" \/>\n<meta property=\"og:image\" content=\"http:\/\/csl.org\/wp-content\/uploads\/sites\/8\/2019\/05\/Heart_of_Peace_logo.jpg\" \/>\n<meta name=\"twitter:card\" content=\"summary_large_image\" \/>\n<meta name=\"twitter:label1\" content=\"Est. reading time\" \/>\n\t<meta name=\"twitter:data1\" content=\"4 minutes\" \/>\n<script type=\"application\/ld+json\" class=\"yoast-schema-graph\">{\"@context\":\"https:\/\/schema.org\",\"@graph\":[{\"@type\":\"WebPage\",\"@id\":\"https:\/\/csl.org\/global\/de\/dienst\/herz-des-friedens\/\",\"url\":\"https:\/\/csl.org\/global\/de\/dienst\/herz-des-friedens\/\",\"name\":\"Herz des Friedens - Global Services - Centers for Spiritual Living\",\"isPartOf\":{\"@id\":\"https:\/\/csl.org\/global\/de\/#website\"},\"primaryImageOfPage\":{\"@id\":\"https:\/\/csl.org\/global\/de\/dienst\/herz-des-friedens\/#primaryimage\"},\"image\":{\"@id\":\"https:\/\/csl.org\/global\/de\/dienst\/herz-des-friedens\/#primaryimage\"},\"thumbnailUrl\":\"http:\/\/csl.org\/wp-content\/uploads\/sites\/8\/2019\/05\/Heart_of_Peace_logo.jpg\",\"datePublished\":\"2020-02-17T11:03:35+00:00\",\"dateModified\":\"2020-05-07T10:03:35+00:00\",\"breadcrumb\":{\"@id\":\"https:\/\/csl.org\/global\/de\/dienst\/herz-des-friedens\/#breadcrumb\"},\"inLanguage\":\"en-US\",\"potentialAction\":[{\"@type\":\"ReadAction\",\"target\":[\"https:\/\/csl.org\/global\/de\/dienst\/herz-des-friedens\/\"]}]},{\"@type\":\"ImageObject\",\"inLanguage\":\"en-US\",\"@id\":\"https:\/\/csl.org\/global\/de\/dienst\/herz-des-friedens\/#primaryimage\",\"url\":\"http:\/\/csl.org\/wp-content\/uploads\/sites\/8\/2019\/05\/Heart_of_Peace_logo.jpg\",\"contentUrl\":\"http:\/\/csl.org\/wp-content\/uploads\/sites\/8\/2019\/05\/Heart_of_Peace_logo.jpg\"},{\"@type\":\"BreadcrumbList\",\"@id\":\"https:\/\/csl.org\/global\/de\/dienst\/herz-des-friedens\/#breadcrumb\",\"itemListElement\":[{\"@type\":\"ListItem\",\"position\":1,\"name\":\"DIENST\",\"item\":\"https:\/\/csl.org\/global\/de\/dienst\/\"},{\"@type\":\"ListItem\",\"position\":2,\"name\":\"Herz des Friedens\"}]},{\"@type\":\"WebSite\",\"@id\":\"https:\/\/csl.org\/global\/de\/#website\",\"url\":\"https:\/\/csl.org\/global\/de\/\",\"name\":\"Global Services - Centers for Spiritual Living\",\"description\":\"\",\"potentialAction\":[{\"@type\":\"SearchAction\",\"target\":{\"@type\":\"EntryPoint\",\"urlTemplate\":\"https:\/\/csl.org\/global\/de\/?s={search_term_string}\"},\"query-input\":\"required name=search_term_string\"}],\"inLanguage\":\"en-US\"}]}<\/script>\n<!-- \/ Yoast SEO plugin. -->","yoast_head_json":{"title":"Herz des Friedens - Global Services - Centers for Spiritual Living","robots":{"index":"index","follow":"follow","max-snippet":"max-snippet:-1","max-image-preview":"max-image-preview:large","max-video-preview":"max-video-preview:-1"},"canonical":"https:\/\/csl.org\/global\/de\/dienst\/herz-des-friedens\/","og_locale":"en_US","og_type":"article","og_title":"Herz des Friedens - Global Services - Centers for Spiritual Living","og_url":"https:\/\/csl.org\/global\/de\/dienst\/herz-des-friedens\/","og_site_name":"Global Services - Centers for Spiritual Living","article_modified_time":"2020-05-07T10:03:35+00:00","og_image":[{"url":"http:\/\/csl.org\/wp-content\/uploads\/sites\/8\/2019\/05\/Heart_of_Peace_logo.jpg"}],"twitter_card":"summary_large_image","twitter_misc":{"Est. reading time":"4 minutes"},"schema":{"@context":"https:\/\/schema.org","@graph":[{"@type":"WebPage","@id":"https:\/\/csl.org\/global\/de\/dienst\/herz-des-friedens\/","url":"https:\/\/csl.org\/global\/de\/dienst\/herz-des-friedens\/","name":"Herz des Friedens - Global Services - Centers for Spiritual Living","isPartOf":{"@id":"https:\/\/csl.org\/global\/de\/#website"},"primaryImageOfPage":{"@id":"https:\/\/csl.org\/global\/de\/dienst\/herz-des-friedens\/#primaryimage"},"image":{"@id":"https:\/\/csl.org\/global\/de\/dienst\/herz-des-friedens\/#primaryimage"},"thumbnailUrl":"http:\/\/csl.org\/wp-content\/uploads\/sites\/8\/2019\/05\/Heart_of_Peace_logo.jpg","datePublished":"2020-02-17T11:03:35+00:00","dateModified":"2020-05-07T10:03:35+00:00","breadcrumb":{"@id":"https:\/\/csl.org\/global\/de\/dienst\/herz-des-friedens\/#breadcrumb"},"inLanguage":"en-US","potentialAction":[{"@type":"ReadAction","target":["https:\/\/csl.org\/global\/de\/dienst\/herz-des-friedens\/"]}]},{"@type":"ImageObject","inLanguage":"en-US","@id":"https:\/\/csl.org\/global\/de\/dienst\/herz-des-friedens\/#primaryimage","url":"http:\/\/csl.org\/wp-content\/uploads\/sites\/8\/2019\/05\/Heart_of_Peace_logo.jpg","contentUrl":"http:\/\/csl.org\/wp-content\/uploads\/sites\/8\/2019\/05\/Heart_of_Peace_logo.jpg"},{"@type":"BreadcrumbList","@id":"https:\/\/csl.org\/global\/de\/dienst\/herz-des-friedens\/#breadcrumb","itemListElement":[{"@type":"ListItem","position":1,"name":"DIENST","item":"https:\/\/csl.org\/global\/de\/dienst\/"},{"@type":"ListItem","position":2,"name":"Herz des Friedens"}]},{"@type":"WebSite","@id":"https:\/\/csl.org\/global\/de\/#website","url":"https:\/\/csl.org\/global\/de\/","name":"Global Services - Centers for Spiritual Living","description":"","potentialAction":[{"@type":"SearchAction","target":{"@type":"EntryPoint","urlTemplate":"https:\/\/csl.org\/global\/de\/?s={search_term_string}"},"query-input":"required name=search_term_string"}],"inLanguage":"en-US"}]}},"_links":{"self":[{"href":"https:\/\/csl.org\/global\/wp-json\/wp\/v2\/pages\/5169"}],"collection":[{"href":"https:\/\/csl.org\/global\/wp-json\/wp\/v2\/pages"}],"about":[{"href":"https:\/\/csl.org\/global\/wp-json\/wp\/v2\/types\/page"}],"author":[{"embeddable":true,"href":"https:\/\/csl.org\/global\/wp-json\/wp\/v2\/users\/1"}],"replies":[{"embeddable":true,"href":"https:\/\/csl.org\/global\/wp-json\/wp\/v2\/comments?post=5169"}],"version-history":[{"count":28,"href":"https:\/\/csl.org\/global\/wp-json\/wp\/v2\/pages\/5169\/revisions"}],"predecessor-version":[{"id":5962,"href":"https:\/\/csl.org\/global\/wp-json\/wp\/v2\/pages\/5169\/revisions\/5962"}],"up":[{"embeddable":true,"href":"https:\/\/csl.org\/global\/wp-json\/wp\/v2\/pages\/5016"}],"wp:attachment":[{"href":"https:\/\/csl.org\/global\/wp-json\/wp\/v2\/media?parent=5169"}],"wp:term":[{"taxonomy":"category","embeddable":true,"href":"https:\/\/csl.org\/global\/wp-json\/wp\/v2\/categories?post=5169"},{"taxonomy":"post_tag","embeddable":true,"href":"https:\/\/csl.org\/global\/wp-json\/wp\/v2\/tags?post=5169"}],"curies":[{"name":"wp","href":"https:\/\/api.w.org\/{rel}","templated":true}]}}