{"id":5173,"date":"2020-02-17T11:26:51","date_gmt":"2020-02-17T11:26:51","guid":{"rendered":"https:\/\/csl.org\/global\/service\/soutenir-notre-communautes-globales\/"},"modified":"2020-09-04T11:03:10","modified_gmt":"2020-09-04T11:03:10","slug":"soutenir-notre-communautes-globales","status":"publish","type":"page","link":"https:\/\/csl.org\/global\/service\/soutenir-notre-communautes-globales\/","title":{"rendered":"Soutenir notre communaut\u00e9s globales"},"content":{"rendered":"<p><div class=\"fusion-fullwidth fullwidth-box fusion-builder-row-1 gradient-container-1 nonhundred-percent-fullwidth non-hundred-percent-height-scrolling\" style=\"--awb-border-radius-top-left:0px;--awb-border-radius-top-right:0px;--awb-border-radius-bottom-right:0px;--awb-border-radius-bottom-left:0px;--awb-background-color:#ffffff;--awb-flex-wrap:wrap;\" ><div class=\"fusion-builder-row fusion-row\"><div class=\"fusion-layout-column fusion_builder_column fusion-builder-column-0 fusion_builder_column_1_1 1_1 fusion-one-full fusion-column-first fusion-column-last fusion-animated\" style=\"--awb-padding-top:50px;--awb-padding-right:3%;--awb-padding-bottom:50px;--awb-padding-left:3%;--awb-bg-color:#ffffff;--awb-bg-color-hover:#ffffff;--awb-bg-size:cover;\" data-animationType=\"zoomInLeft\" data-animationDuration=\"0.3\" data-animationOffset=\"top-into-view\"><div class=\"fusion-column-wrapper fusion-column-has-shadow fusion-flex-column-wrapper-legacy\"><div class=\"fusion-text fusion-text-1\"><h1>Soutenir nos communaut\u00e9s mondiales<\/h1>\n<p><img fetchpriority=\"high\" decoding=\"async\" class=\"wp-image-2558 size-400 alignright\" src=\"http:\/\/csl.org\/wp-content\/uploads\/sites\/8\/2019\/05\/plant-growing-400x267.jpg\" alt=\"Soutenir la croissance\" width=\"400\" height=\"267\" srcset=\"https:\/\/csl.org\/global\/wp-content\/uploads\/sites\/8\/2019\/05\/plant-growing-200x133.jpg 200w, https:\/\/csl.org\/global\/wp-content\/uploads\/sites\/8\/2019\/05\/plant-growing-300x200.jpg 300w, https:\/\/csl.org\/global\/wp-content\/uploads\/sites\/8\/2019\/05\/plant-growing-400x267.jpg 400w, https:\/\/csl.org\/global\/wp-content\/uploads\/sites\/8\/2019\/05\/plant-growing-600x400.jpg 600w, https:\/\/csl.org\/global\/wp-content\/uploads\/sites\/8\/2019\/05\/plant-growing-768x512.jpg 768w, https:\/\/csl.org\/global\/wp-content\/uploads\/sites\/8\/2019\/05\/plant-growing-800x533.jpg 800w, https:\/\/csl.org\/global\/wp-content\/uploads\/sites\/8\/2019\/05\/plant-growing-1024x683.jpg 1024w, https:\/\/csl.org\/global\/wp-content\/uploads\/sites\/8\/2019\/05\/plant-growing-1200x800.jpg 1200w, https:\/\/csl.org\/global\/wp-content\/uploads\/sites\/8\/2019\/05\/plant-growing.jpg 1920w\" sizes=\"(max-width: 400px) 100vw, 400px\" \/>Souhaitez-vous soutenir notre pr\u00e9sence croissante de la science de l&#8217;esprit et des esprits dans le monde ?<\/p>\n<p>Si oui, merci ! Et &#8212; voici quelques moyens pour y parvenir:<\/p>\n<p><a href=\"http:\/\/csl.org\/global\/fr\/service\/soutenir-notre-communautes-globales\/faire-un-don\/\" rel=\"noopener noreferrer\">Dons aux Services mondiaux<\/a> &#8211; Vos dons aux Services mondiaux sont utilis\u00e9s exclusivement pour soutenir la croissance de l&#8217;enseignement de la science de l&#8217;esprit dans le monde entier. Cela inclut un programme de &#8220;mini-subventions&#8221; administr\u00e9 par le Comit\u00e9 des services mondiaux qui finance le d\u00e9marrage et la croissance de communaut\u00e9s mondiales.<\/p>\n<p><a href=\"http:\/\/csl.org\/global\/fr\/service\/soutenir-notre-communautes-globales\/programme-de-partenariat\/\" rel=\"noopener noreferrer\">Programme de partenariat<\/a> &#8211; Si vous \u00eates l&#8217;une de nos communaut\u00e9s aux \u00c9tats-Unis ou au Canada, vous avez la possibilit\u00e9 de cr\u00e9er un partenariat avec l&#8217;une de nos communaut\u00e9s mondiales pour votre soutien mutuel.<\/p>\n<p><a href=\"https:\/\/csl.org\/map\/\" target=\"_blank\" rel=\"noopener noreferrer\">Connecter directement avec un groupe mondial<\/a> &#8211; Trouvez une de nos communaut\u00e9s mondiales (centres, chapitres d&#8217;enseignement, minist\u00e8res cibles ou groupes d&#8217;\u00e9tude) dans les listes en ligne et connectez-vous directement avec elle.<\/p>\n<p><a href=\"http:\/\/csl.org\/global\/fr\/service\/projets-globaux\/\">Projets de services globaux<\/a>\u00a0&#8211; Au-del\u00e0 des communaut\u00e9s de la Science de l&#8217;esprit, il existe une liste croissante de projets de service mondiaux d\u00e9j\u00e0 soutenus par les membres des Centres pour la vie spirituelle. Pensez \u00e0 apporter votre soutien \u00e0 l&#8217;un d&#8217;entre eux!<\/p>\n<p>Autres id\u00e9es ? Si vous avez une id\u00e9e sur d&#8217;autres moyens de soutenir la croissance de nos enseignements dans le monde et que vous \u00eates int\u00e9ress\u00e9 par le volontariat, veuillez contacter notre coordinateur des services globaux, la r\u00e9v\u00e9rende Martha Quintana \u00e0 <a href=\"&#109;&#x61;i&#108;&#x74;o&#x3a;&#x6d;&#113;&#x75;i&#110;&#x74;a&#110;&#x61;&#64;&#x63;s&#108;&#x2e;o&#114;&#x67;\">&#x6d;&#113;&#x75;&#x69;&#110;&#x74;&#97;n&#x61;&#64;c&#x73;&#108;&#46;&#x6f;&#114;g<\/a>.<\/p>\n<p>&nbsp;<\/p>\n<\/div><div class=\"fusion-clearfix\"><\/div><\/div><\/div><\/div><\/div><div class=\"fusion-bg-parallax\" data-bg-align=\"center center\" data-direction=\"up\" data-mute=\"false\" data-opacity=\"100\" data-velocity=\"-0.7\" data-mobile-enabled=\"true\" data-break_parents=\"0\" data-bg-image=\"http:\/\/csl.org\/wp-content\/uploads\/sites\/8\/2019\/05\/mentor-help.jpg\" data-bg-repeat=\"false\" ><\/div><div class=\"fusion-fullwidth fullwidth-box fusion-builder-row-2 fusion-parallax-up gradient-container-2 nonhundred-percent-fullwidth non-hundred-percent-height-scrolling\" style=\"--awb-border-radius-top-left:0px;--awb-border-radius-top-right:0px;--awb-border-radius-bottom-right:0px;--awb-border-radius-bottom-left:0px;--awb-background-image:url(&quot;http:\/\/csl.org\/wp-content\/uploads\/sites\/8\/2019\/05\/mentor-help.jpg&quot;);--awb-background-size:cover;--awb-flex-wrap:wrap;\" ><div class=\"fusion-builder-row fusion-row\"><div class=\"fusion-layout-column fusion_builder_column fusion-builder-column-1 fusion_builder_column_1_1 1_1 fusion-one-full fusion-column-first fusion-column-last\" style=\"--awb-padding-top:250px;--awb-padding-right:200px;--awb-padding-bottom:250px;--awb-padding-left:200px;--awb-bg-size:cover;\"><div class=\"fusion-column-wrapper fusion-column-has-shadow fusion-flex-column-wrapper-legacy\"><div class=\"fusion-clearfix\"><\/div><\/div><\/div><\/div><\/div><\/p>\n","protected":false},"excerpt":{"rendered":"","protected":false},"author":1,"featured_media":0,"parent":5017,"menu_order":292,"comment_status":"closed","ping_status":"closed","template":"100-width.php","meta":{"_exactmetrics_skip_tracking":false,"_exactmetrics_sitenote_active":false,"_exactmetrics_sitenote_note":"","_exactmetrics_sitenote_category":0,"footnotes":""},"categories":[91],"tags":[],"class_list":["post-5173","page","type-page","status-publish","hentry","category-service-fr"],"yoast_head":"<!-- This site is optimized with the Yoast SEO plugin v23.1 - https:\/\/yoast.com\/wordpress\/plugins\/seo\/ -->\n<title>Soutenir notre communaut\u00e9s globales - Global Services - Centers for Spiritual Living<\/title>\n<meta name=\"robots\" content=\"index, follow, max-snippet:-1, max-image-preview:large, max-video-preview:-1\" \/>\n<link rel=\"canonical\" href=\"https:\/\/csl.org\/global\/fr\/service\/soutenir-notre-communautes-globales\/\" \/>\n<meta property=\"og:locale\" content=\"en_US\" \/>\n<meta property=\"og:type\" content=\"article\" \/>\n<meta property=\"og:title\" content=\"Soutenir notre communaut\u00e9s globales - Global Services - Centers for Spiritual Living\" \/>\n<meta property=\"og:url\" content=\"https:\/\/csl.org\/global\/fr\/service\/soutenir-notre-communautes-globales\/\" \/>\n<meta property=\"og:site_name\" content=\"Global Services - Centers for Spiritual Living\" \/>\n<meta property=\"article:modified_time\" content=\"2020-09-04T11:03:10+00:00\" \/>\n<meta property=\"og:image\" content=\"http:\/\/csl.org\/wp-content\/uploads\/sites\/8\/2019\/05\/plant-growing-400x267.jpg\" \/>\n<meta name=\"twitter:card\" content=\"summary_large_image\" \/>\n<meta name=\"twitter:label1\" content=\"Est. reading time\" \/>\n\t<meta name=\"twitter:data1\" content=\"4 minutes\" \/>\n<script type=\"application\/ld+json\" class=\"yoast-schema-graph\">{\"@context\":\"https:\/\/schema.org\",\"@graph\":[{\"@type\":\"WebPage\",\"@id\":\"https:\/\/csl.org\/global\/fr\/service\/soutenir-notre-communautes-globales\/\",\"url\":\"https:\/\/csl.org\/global\/fr\/service\/soutenir-notre-communautes-globales\/\",\"name\":\"Soutenir notre communaut\u00e9s globales - Global Services - Centers for Spiritual Living\",\"isPartOf\":{\"@id\":\"https:\/\/csl.org\/global\/de\/#website\"},\"primaryImageOfPage\":{\"@id\":\"https:\/\/csl.org\/global\/fr\/service\/soutenir-notre-communautes-globales\/#primaryimage\"},\"image\":{\"@id\":\"https:\/\/csl.org\/global\/fr\/service\/soutenir-notre-communautes-globales\/#primaryimage\"},\"thumbnailUrl\":\"http:\/\/csl.org\/wp-content\/uploads\/sites\/8\/2019\/05\/plant-growing-400x267.jpg\",\"datePublished\":\"2020-02-17T11:26:51+00:00\",\"dateModified\":\"2020-09-04T11:03:10+00:00\",\"breadcrumb\":{\"@id\":\"https:\/\/csl.org\/global\/fr\/service\/soutenir-notre-communautes-globales\/#breadcrumb\"},\"inLanguage\":\"en-US\",\"potentialAction\":[{\"@type\":\"ReadAction\",\"target\":[\"https:\/\/csl.org\/global\/fr\/service\/soutenir-notre-communautes-globales\/\"]}]},{\"@type\":\"ImageObject\",\"inLanguage\":\"en-US\",\"@id\":\"https:\/\/csl.org\/global\/fr\/service\/soutenir-notre-communautes-globales\/#primaryimage\",\"url\":\"http:\/\/csl.org\/wp-content\/uploads\/sites\/8\/2019\/05\/plant-growing-400x267.jpg\",\"contentUrl\":\"http:\/\/csl.org\/wp-content\/uploads\/sites\/8\/2019\/05\/plant-growing-400x267.jpg\"},{\"@type\":\"BreadcrumbList\",\"@id\":\"https:\/\/csl.org\/global\/fr\/service\/soutenir-notre-communautes-globales\/#breadcrumb\",\"itemListElement\":[{\"@type\":\"ListItem\",\"position\":1,\"name\":\"SERVICE\",\"item\":\"https:\/\/csl.org\/global\/fr\/service\/\"},{\"@type\":\"ListItem\",\"position\":2,\"name\":\"Soutenir notre communaut\u00e9s globales\"}]},{\"@type\":\"WebSite\",\"@id\":\"https:\/\/csl.org\/global\/de\/#website\",\"url\":\"https:\/\/csl.org\/global\/de\/\",\"name\":\"Global Services - Centers for Spiritual Living\",\"description\":\"\",\"potentialAction\":[{\"@type\":\"SearchAction\",\"target\":{\"@type\":\"EntryPoint\",\"urlTemplate\":\"https:\/\/csl.org\/global\/de\/?s={search_term_string}\"},\"query-input\":\"required name=search_term_string\"}],\"inLanguage\":\"en-US\"}]}<\/script>\n<!-- \/ Yoast SEO plugin. -->","yoast_head_json":{"title":"Soutenir notre communaut\u00e9s globales - Global Services - Centers for Spiritual Living","robots":{"index":"index","follow":"follow","max-snippet":"max-snippet:-1","max-image-preview":"max-image-preview:large","max-video-preview":"max-video-preview:-1"},"canonical":"https:\/\/csl.org\/global\/fr\/service\/soutenir-notre-communautes-globales\/","og_locale":"en_US","og_type":"article","og_title":"Soutenir notre communaut\u00e9s globales - Global Services - Centers for Spiritual Living","og_url":"https:\/\/csl.org\/global\/fr\/service\/soutenir-notre-communautes-globales\/","og_site_name":"Global Services - Centers for Spiritual Living","article_modified_time":"2020-09-04T11:03:10+00:00","og_image":[{"url":"http:\/\/csl.org\/wp-content\/uploads\/sites\/8\/2019\/05\/plant-growing-400x267.jpg"}],"twitter_card":"summary_large_image","twitter_misc":{"Est. reading time":"4 minutes"},"schema":{"@context":"https:\/\/schema.org","@graph":[{"@type":"WebPage","@id":"https:\/\/csl.org\/global\/fr\/service\/soutenir-notre-communautes-globales\/","url":"https:\/\/csl.org\/global\/fr\/service\/soutenir-notre-communautes-globales\/","name":"Soutenir notre communaut\u00e9s globales - Global Services - Centers for Spiritual Living","isPartOf":{"@id":"https:\/\/csl.org\/global\/de\/#website"},"primaryImageOfPage":{"@id":"https:\/\/csl.org\/global\/fr\/service\/soutenir-notre-communautes-globales\/#primaryimage"},"image":{"@id":"https:\/\/csl.org\/global\/fr\/service\/soutenir-notre-communautes-globales\/#primaryimage"},"thumbnailUrl":"http:\/\/csl.org\/wp-content\/uploads\/sites\/8\/2019\/05\/plant-growing-400x267.jpg","datePublished":"2020-02-17T11:26:51+00:00","dateModified":"2020-09-04T11:03:10+00:00","breadcrumb":{"@id":"https:\/\/csl.org\/global\/fr\/service\/soutenir-notre-communautes-globales\/#breadcrumb"},"inLanguage":"en-US","potentialAction":[{"@type":"ReadAction","target":["https:\/\/csl.org\/global\/fr\/service\/soutenir-notre-communautes-globales\/"]}]},{"@type":"ImageObject","inLanguage":"en-US","@id":"https:\/\/csl.org\/global\/fr\/service\/soutenir-notre-communautes-globales\/#primaryimage","url":"http:\/\/csl.org\/wp-content\/uploads\/sites\/8\/2019\/05\/plant-growing-400x267.jpg","contentUrl":"http:\/\/csl.org\/wp-content\/uploads\/sites\/8\/2019\/05\/plant-growing-400x267.jpg"},{"@type":"BreadcrumbList","@id":"https:\/\/csl.org\/global\/fr\/service\/soutenir-notre-communautes-globales\/#breadcrumb","itemListElement":[{"@type":"ListItem","position":1,"name":"SERVICE","item":"https:\/\/csl.org\/global\/fr\/service\/"},{"@type":"ListItem","position":2,"name":"Soutenir notre communaut\u00e9s globales"}]},{"@type":"WebSite","@id":"https:\/\/csl.org\/global\/de\/#website","url":"https:\/\/csl.org\/global\/de\/","name":"Global Services - Centers for Spiritual Living","description":"","potentialAction":[{"@type":"SearchAction","target":{"@type":"EntryPoint","urlTemplate":"https:\/\/csl.org\/global\/de\/?s={search_term_string}"},"query-input":"required name=search_term_string"}],"inLanguage":"en-US"}]}},"_links":{"self":[{"href":"https:\/\/csl.org\/global\/wp-json\/wp\/v2\/pages\/5173"}],"collection":[{"href":"https:\/\/csl.org\/global\/wp-json\/wp\/v2\/pages"}],"about":[{"href":"https:\/\/csl.org\/global\/wp-json\/wp\/v2\/types\/page"}],"author":[{"embeddable":true,"href":"https:\/\/csl.org\/global\/wp-json\/wp\/v2\/users\/1"}],"replies":[{"embeddable":true,"href":"https:\/\/csl.org\/global\/wp-json\/wp\/v2\/comments?post=5173"}],"version-history":[{"count":2,"href":"https:\/\/csl.org\/global\/wp-json\/wp\/v2\/pages\/5173\/revisions"}],"predecessor-version":[{"id":8886,"href":"https:\/\/csl.org\/global\/wp-json\/wp\/v2\/pages\/5173\/revisions\/8886"}],"up":[{"embeddable":true,"href":"https:\/\/csl.org\/global\/wp-json\/wp\/v2\/pages\/5017"}],"wp:attachment":[{"href":"https:\/\/csl.org\/global\/wp-json\/wp\/v2\/media?parent=5173"}],"wp:term":[{"taxonomy":"category","embeddable":true,"href":"https:\/\/csl.org\/global\/wp-json\/wp\/v2\/categories?post=5173"},{"taxonomy":"post_tag","embeddable":true,"href":"https:\/\/csl.org\/global\/wp-json\/wp\/v2\/tags?post=5173"}],"curies":[{"name":"wp","href":"https:\/\/api.w.org\/{rel}","templated":true}]}}