{"id":5175,"date":"2020-02-17T11:30:33","date_gmt":"2020-02-17T11:30:33","guid":{"rendered":"https:\/\/csl.org\/global\/dienst\/unterstuetzung-globaler-gemeinschaften\/"},"modified":"2020-09-04T13:13:53","modified_gmt":"2020-09-04T13:13:53","slug":"unterstuetzung-globaler-gemeinschaften","status":"publish","type":"page","link":"https:\/\/csl.org\/global\/dienst\/unterstuetzung-globaler-gemeinschaften\/","title":{"rendered":"Unterst\u00fctzung globaler Gemeinschaften"},"content":{"rendered":"<p><div class=\"fusion-fullwidth fullwidth-box fusion-builder-row-1 gradient-container-1 nonhundred-percent-fullwidth non-hundred-percent-height-scrolling\" style=\"--awb-border-radius-top-left:0px;--awb-border-radius-top-right:0px;--awb-border-radius-bottom-right:0px;--awb-border-radius-bottom-left:0px;--awb-background-color:#ffffff;--awb-flex-wrap:wrap;\" ><div class=\"fusion-builder-row fusion-row\"><div class=\"fusion-layout-column fusion_builder_column fusion-builder-column-0 fusion_builder_column_1_1 1_1 fusion-one-full fusion-column-first fusion-column-last fusion-animated\" style=\"--awb-padding-top:50px;--awb-padding-right:3%;--awb-padding-bottom:50px;--awb-padding-left:3%;--awb-bg-color:#ffffff;--awb-bg-color-hover:#ffffff;--awb-bg-size:cover;\" data-animationType=\"zoomInLeft\" data-animationDuration=\"0.3\" data-animationOffset=\"top-into-view\"><div class=\"fusion-column-wrapper fusion-column-has-shadow fusion-flex-column-wrapper-legacy\"><div class=\"fusion-text fusion-text-1\"><h1>Unterst\u00fctzung unserer globalen Gemeinschaften<\/h1>\n<p><img fetchpriority=\"high\" decoding=\"async\" class=\"wp-image-2558 size-400 alignright\" src=\"http:\/\/csl.org\/wp-content\/uploads\/sites\/8\/2019\/05\/plant-growing-400x267.jpg\" alt=\"Supporting Growth\" width=\"400\" height=\"267\" srcset=\"https:\/\/csl.org\/global\/wp-content\/uploads\/sites\/8\/2019\/05\/plant-growing-200x133.jpg 200w, https:\/\/csl.org\/global\/wp-content\/uploads\/sites\/8\/2019\/05\/plant-growing-300x200.jpg 300w, https:\/\/csl.org\/global\/wp-content\/uploads\/sites\/8\/2019\/05\/plant-growing-400x267.jpg 400w, https:\/\/csl.org\/global\/wp-content\/uploads\/sites\/8\/2019\/05\/plant-growing-600x400.jpg 600w, https:\/\/csl.org\/global\/wp-content\/uploads\/sites\/8\/2019\/05\/plant-growing-768x512.jpg 768w, https:\/\/csl.org\/global\/wp-content\/uploads\/sites\/8\/2019\/05\/plant-growing-800x533.jpg 800w, https:\/\/csl.org\/global\/wp-content\/uploads\/sites\/8\/2019\/05\/plant-growing-1024x683.jpg 1024w, https:\/\/csl.org\/global\/wp-content\/uploads\/sites\/8\/2019\/05\/plant-growing-1200x800.jpg 1200w, https:\/\/csl.org\/global\/wp-content\/uploads\/sites\/8\/2019\/05\/plant-growing.jpg 1920w\" sizes=\"(max-width: 400px) 100vw, 400px\" \/>Sind Sie daran interessiert, unsere weltweit wachsende Pr\u00e4senz der Science of Mind Philosophie der Centers for Spiritual Living zu unterst\u00fctzen?<\/p>\n<p>Wenn ja, danke! Hier sind einige M\u00f6glichkeiten, wie Sie das k\u00f6nnen:<\/p>\n<p><a href=\"http:\/\/csl.org\/global\/de\/dienst\/unterstuetzung-globaler-gemeinschaften\/spenden\/\" rel=\"noopener noreferrer\">Spenden an Global Services<\/a> &#8211; Ihre Spenden an Global Services dienen ausschlie\u00dflich der Unterst\u00fctzung, die Science of Mind (SOM) Lehre weltweit zu verbreiten. Dazu geh\u00f6rt auch ein &#8220;Mini-Zuschuss&#8221;-Programm, das vom Arbeitskreis des Global Services Team verwaltet wird und die Gr\u00fcndung und das Wachstum unserer globaler Gemeinschaften finanzieren hilft.<\/p>\n<p><a href=\"http:\/\/csl.org\/global\/de\/dienst\/unterstuetzung-globaler-gemeinschaften\/das-partnerschaftsprogramm\/\" rel=\"noopener noreferrer\">Partnerschaftsprogramm<\/a> &#8211; Wenn Sie eine unserer Gemeinschaften in den Vereinigten Staaten oder Kanada sind, haben Sie die M\u00f6glichkeit, eine Partnerschaft mit einer unserer globalen Gemeinschaften zu Ihrer gegenseitigen Unterst\u00fctzung aufzubauen.<\/p>\n<p><a href=\"https:\/\/csl.org\/map\/\" target=\"_blank\" rel=\"noopener noreferrer\">Direkt mit einer globalen Gruppe verbinden<\/a> &#8211; Finden Sie eine unserer internationalen Gemeinschaften (Center, Teaching Chapter, Focus Gemeinschaft oder Study Group) in den Online-Verzeichnissen und verbinden Sie sich direkt mit ihnen.<\/p>\n<p><a href=\"http:\/\/csl.org\/global\/de\/dienst\/weltweite-projekte\/\">Global Services Projekte <\/a>\u00a0&#8211; \u00dcber unsere Science of Mind-Gemeinschaften hinaus gibt es eine wachsende Liste von globalen Hilfsprojekten, die bereits von Mitgliedern der Centers for Spiritual Living unterst\u00fctzt werden. Erw\u00e4gen Sie, eines davon zu unterst\u00fctzen!<\/p>\n<p>Andere Ideen? Wenn Sie eine Idee haben, wie Sie die Verbreitung der Science of Mind Philosophie weltweit f\u00f6rdern k\u00f6nnen und an ehrenamtlicher Arbeit interessiert sind, wenden Sie sich bitte an unseren CSL Koordinator f\u00fcr Global Services, Rev Martha Quintana unter <a href=\"&#109;&#x61;&#105;&#x6c;&#116;&#x6f;&#58;&#x6d;&#113;&#x75;&#105;&#x6e;&#116;&#x61;&#110;&#x61;&#64;&#x63;&#115;&#x6c;&#46;&#x6f;&#114;&#x67;\">&#109;&#x71;&#117;&#x69;n&#x74;a&#110;&#x61;&#64;&#x63;&#115;&#x6c;&#46;&#x6f;r&#103;<\/a>.<\/p>\n<p>&nbsp;<\/p>\n<\/div><div class=\"fusion-clearfix\"><\/div><\/div><\/div><\/div><\/div><div class=\"fusion-bg-parallax\" data-bg-align=\"center center\" data-direction=\"up\" data-mute=\"false\" data-opacity=\"100\" data-velocity=\"-0.7\" data-mobile-enabled=\"true\" data-break_parents=\"0\" data-bg-image=\"http:\/\/csl.org\/wp-content\/uploads\/sites\/8\/2019\/05\/mentor-help.jpg\" data-bg-repeat=\"false\" ><\/div><div class=\"fusion-fullwidth fullwidth-box fusion-builder-row-2 fusion-parallax-up gradient-container-2 nonhundred-percent-fullwidth non-hundred-percent-height-scrolling\" style=\"--awb-border-radius-top-left:0px;--awb-border-radius-top-right:0px;--awb-border-radius-bottom-right:0px;--awb-border-radius-bottom-left:0px;--awb-background-image:url(&quot;http:\/\/csl.org\/wp-content\/uploads\/sites\/8\/2019\/05\/mentor-help.jpg&quot;);--awb-background-size:cover;--awb-flex-wrap:wrap;\" ><div class=\"fusion-builder-row fusion-row\"><div class=\"fusion-layout-column fusion_builder_column fusion-builder-column-1 fusion_builder_column_1_1 1_1 fusion-one-full fusion-column-first fusion-column-last\" style=\"--awb-padding-top:250px;--awb-padding-right:200px;--awb-padding-bottom:250px;--awb-padding-left:200px;--awb-bg-size:cover;\"><div class=\"fusion-column-wrapper fusion-column-has-shadow fusion-flex-column-wrapper-legacy\"><div class=\"fusion-clearfix\"><\/div><\/div><\/div><\/div><\/div><\/p>\n","protected":false},"excerpt":{"rendered":"","protected":false},"author":1,"featured_media":0,"parent":5016,"menu_order":293,"comment_status":"closed","ping_status":"closed","template":"100-width.php","meta":{"_exactmetrics_skip_tracking":false,"_exactmetrics_sitenote_active":false,"_exactmetrics_sitenote_note":"","_exactmetrics_sitenote_category":0,"footnotes":""},"categories":[92],"tags":[],"class_list":["post-5175","page","type-page","status-publish","hentry","category-dienst-de"],"yoast_head":"<!-- This site is optimized with the Yoast SEO plugin v23.1 - https:\/\/yoast.com\/wordpress\/plugins\/seo\/ -->\n<title>Unterst\u00fctzung globaler Gemeinschaften - Global Services - Centers for Spiritual Living<\/title>\n<meta name=\"robots\" content=\"index, follow, max-snippet:-1, max-image-preview:large, max-video-preview:-1\" \/>\n<link rel=\"canonical\" href=\"https:\/\/csl.org\/global\/de\/dienst\/unterstuetzung-globaler-gemeinschaften\/\" \/>\n<meta property=\"og:locale\" content=\"en_US\" \/>\n<meta property=\"og:type\" content=\"article\" \/>\n<meta property=\"og:title\" content=\"Unterst\u00fctzung globaler Gemeinschaften - Global Services - Centers for Spiritual Living\" \/>\n<meta property=\"og:url\" content=\"https:\/\/csl.org\/global\/de\/dienst\/unterstuetzung-globaler-gemeinschaften\/\" \/>\n<meta property=\"og:site_name\" content=\"Global Services - Centers for Spiritual Living\" \/>\n<meta property=\"article:modified_time\" content=\"2020-09-04T13:13:53+00:00\" \/>\n<meta property=\"og:image\" content=\"http:\/\/csl.org\/wp-content\/uploads\/sites\/8\/2019\/05\/plant-growing-400x267.jpg\" \/>\n<meta name=\"twitter:card\" content=\"summary_large_image\" \/>\n<meta name=\"twitter:label1\" content=\"Est. reading time\" \/>\n\t<meta name=\"twitter:data1\" content=\"4 minutes\" \/>\n<script type=\"application\/ld+json\" class=\"yoast-schema-graph\">{\"@context\":\"https:\/\/schema.org\",\"@graph\":[{\"@type\":\"WebPage\",\"@id\":\"https:\/\/csl.org\/global\/de\/dienst\/unterstuetzung-globaler-gemeinschaften\/\",\"url\":\"https:\/\/csl.org\/global\/de\/dienst\/unterstuetzung-globaler-gemeinschaften\/\",\"name\":\"Unterst\u00fctzung globaler Gemeinschaften - Global Services - Centers for Spiritual Living\",\"isPartOf\":{\"@id\":\"https:\/\/csl.org\/global\/de\/#website\"},\"primaryImageOfPage\":{\"@id\":\"https:\/\/csl.org\/global\/de\/dienst\/unterstuetzung-globaler-gemeinschaften\/#primaryimage\"},\"image\":{\"@id\":\"https:\/\/csl.org\/global\/de\/dienst\/unterstuetzung-globaler-gemeinschaften\/#primaryimage\"},\"thumbnailUrl\":\"http:\/\/csl.org\/wp-content\/uploads\/sites\/8\/2019\/05\/plant-growing-400x267.jpg\",\"datePublished\":\"2020-02-17T11:30:33+00:00\",\"dateModified\":\"2020-09-04T13:13:53+00:00\",\"breadcrumb\":{\"@id\":\"https:\/\/csl.org\/global\/de\/dienst\/unterstuetzung-globaler-gemeinschaften\/#breadcrumb\"},\"inLanguage\":\"en-US\",\"potentialAction\":[{\"@type\":\"ReadAction\",\"target\":[\"https:\/\/csl.org\/global\/de\/dienst\/unterstuetzung-globaler-gemeinschaften\/\"]}]},{\"@type\":\"ImageObject\",\"inLanguage\":\"en-US\",\"@id\":\"https:\/\/csl.org\/global\/de\/dienst\/unterstuetzung-globaler-gemeinschaften\/#primaryimage\",\"url\":\"http:\/\/csl.org\/wp-content\/uploads\/sites\/8\/2019\/05\/plant-growing-400x267.jpg\",\"contentUrl\":\"http:\/\/csl.org\/wp-content\/uploads\/sites\/8\/2019\/05\/plant-growing-400x267.jpg\"},{\"@type\":\"BreadcrumbList\",\"@id\":\"https:\/\/csl.org\/global\/de\/dienst\/unterstuetzung-globaler-gemeinschaften\/#breadcrumb\",\"itemListElement\":[{\"@type\":\"ListItem\",\"position\":1,\"name\":\"DIENST\",\"item\":\"https:\/\/csl.org\/global\/de\/dienst\/\"},{\"@type\":\"ListItem\",\"position\":2,\"name\":\"Unterst\u00fctzung globaler Gemeinschaften\"}]},{\"@type\":\"WebSite\",\"@id\":\"https:\/\/csl.org\/global\/de\/#website\",\"url\":\"https:\/\/csl.org\/global\/de\/\",\"name\":\"Global Services - Centers for Spiritual Living\",\"description\":\"\",\"potentialAction\":[{\"@type\":\"SearchAction\",\"target\":{\"@type\":\"EntryPoint\",\"urlTemplate\":\"https:\/\/csl.org\/global\/de\/?s={search_term_string}\"},\"query-input\":\"required name=search_term_string\"}],\"inLanguage\":\"en-US\"}]}<\/script>\n<!-- \/ Yoast SEO plugin. -->","yoast_head_json":{"title":"Unterst\u00fctzung globaler Gemeinschaften - Global Services - Centers for Spiritual Living","robots":{"index":"index","follow":"follow","max-snippet":"max-snippet:-1","max-image-preview":"max-image-preview:large","max-video-preview":"max-video-preview:-1"},"canonical":"https:\/\/csl.org\/global\/de\/dienst\/unterstuetzung-globaler-gemeinschaften\/","og_locale":"en_US","og_type":"article","og_title":"Unterst\u00fctzung globaler Gemeinschaften - Global Services - Centers for Spiritual Living","og_url":"https:\/\/csl.org\/global\/de\/dienst\/unterstuetzung-globaler-gemeinschaften\/","og_site_name":"Global Services - Centers for Spiritual Living","article_modified_time":"2020-09-04T13:13:53+00:00","og_image":[{"url":"http:\/\/csl.org\/wp-content\/uploads\/sites\/8\/2019\/05\/plant-growing-400x267.jpg"}],"twitter_card":"summary_large_image","twitter_misc":{"Est. reading time":"4 minutes"},"schema":{"@context":"https:\/\/schema.org","@graph":[{"@type":"WebPage","@id":"https:\/\/csl.org\/global\/de\/dienst\/unterstuetzung-globaler-gemeinschaften\/","url":"https:\/\/csl.org\/global\/de\/dienst\/unterstuetzung-globaler-gemeinschaften\/","name":"Unterst\u00fctzung globaler Gemeinschaften - Global Services - Centers for Spiritual Living","isPartOf":{"@id":"https:\/\/csl.org\/global\/de\/#website"},"primaryImageOfPage":{"@id":"https:\/\/csl.org\/global\/de\/dienst\/unterstuetzung-globaler-gemeinschaften\/#primaryimage"},"image":{"@id":"https:\/\/csl.org\/global\/de\/dienst\/unterstuetzung-globaler-gemeinschaften\/#primaryimage"},"thumbnailUrl":"http:\/\/csl.org\/wp-content\/uploads\/sites\/8\/2019\/05\/plant-growing-400x267.jpg","datePublished":"2020-02-17T11:30:33+00:00","dateModified":"2020-09-04T13:13:53+00:00","breadcrumb":{"@id":"https:\/\/csl.org\/global\/de\/dienst\/unterstuetzung-globaler-gemeinschaften\/#breadcrumb"},"inLanguage":"en-US","potentialAction":[{"@type":"ReadAction","target":["https:\/\/csl.org\/global\/de\/dienst\/unterstuetzung-globaler-gemeinschaften\/"]}]},{"@type":"ImageObject","inLanguage":"en-US","@id":"https:\/\/csl.org\/global\/de\/dienst\/unterstuetzung-globaler-gemeinschaften\/#primaryimage","url":"http:\/\/csl.org\/wp-content\/uploads\/sites\/8\/2019\/05\/plant-growing-400x267.jpg","contentUrl":"http:\/\/csl.org\/wp-content\/uploads\/sites\/8\/2019\/05\/plant-growing-400x267.jpg"},{"@type":"BreadcrumbList","@id":"https:\/\/csl.org\/global\/de\/dienst\/unterstuetzung-globaler-gemeinschaften\/#breadcrumb","itemListElement":[{"@type":"ListItem","position":1,"name":"DIENST","item":"https:\/\/csl.org\/global\/de\/dienst\/"},{"@type":"ListItem","position":2,"name":"Unterst\u00fctzung globaler Gemeinschaften"}]},{"@type":"WebSite","@id":"https:\/\/csl.org\/global\/de\/#website","url":"https:\/\/csl.org\/global\/de\/","name":"Global Services - Centers for Spiritual Living","description":"","potentialAction":[{"@type":"SearchAction","target":{"@type":"EntryPoint","urlTemplate":"https:\/\/csl.org\/global\/de\/?s={search_term_string}"},"query-input":"required name=search_term_string"}],"inLanguage":"en-US"}]}},"_links":{"self":[{"href":"https:\/\/csl.org\/global\/wp-json\/wp\/v2\/pages\/5175"}],"collection":[{"href":"https:\/\/csl.org\/global\/wp-json\/wp\/v2\/pages"}],"about":[{"href":"https:\/\/csl.org\/global\/wp-json\/wp\/v2\/types\/page"}],"author":[{"embeddable":true,"href":"https:\/\/csl.org\/global\/wp-json\/wp\/v2\/users\/1"}],"replies":[{"embeddable":true,"href":"https:\/\/csl.org\/global\/wp-json\/wp\/v2\/comments?post=5175"}],"version-history":[{"count":31,"href":"https:\/\/csl.org\/global\/wp-json\/wp\/v2\/pages\/5175\/revisions"}],"predecessor-version":[{"id":8902,"href":"https:\/\/csl.org\/global\/wp-json\/wp\/v2\/pages\/5175\/revisions\/8902"}],"up":[{"embeddable":true,"href":"https:\/\/csl.org\/global\/wp-json\/wp\/v2\/pages\/5016"}],"wp:attachment":[{"href":"https:\/\/csl.org\/global\/wp-json\/wp\/v2\/media?parent=5175"}],"wp:term":[{"taxonomy":"category","embeddable":true,"href":"https:\/\/csl.org\/global\/wp-json\/wp\/v2\/categories?post=5175"},{"taxonomy":"post_tag","embeddable":true,"href":"https:\/\/csl.org\/global\/wp-json\/wp\/v2\/tags?post=5175"}],"curies":[{"name":"wp","href":"https:\/\/api.w.org\/{rel}","templated":true}]}}