{"id":5181,"date":"2020-02-17T11:47:25","date_gmt":"2020-02-17T11:47:25","guid":{"rendered":"https:\/\/csl.org\/global\/service\/soutenir-notre-communautes-globales\/faire-un-don\/"},"modified":"2020-09-04T11:05:56","modified_gmt":"2020-09-04T11:05:56","slug":"faire-un-don","status":"publish","type":"page","link":"https:\/\/csl.org\/global\/service\/soutenir-notre-communautes-globales\/faire-un-don\/","title":{"rendered":"Faire un don"},"content":{"rendered":"<p><div class=\"fusion-fullwidth fullwidth-box fusion-builder-row-1 gradient-container-1 nonhundred-percent-fullwidth non-hundred-percent-height-scrolling\" style=\"--awb-border-radius-top-left:0px;--awb-border-radius-top-right:0px;--awb-border-radius-bottom-right:0px;--awb-border-radius-bottom-left:0px;--awb-background-color:#ffffff;--awb-flex-wrap:wrap;\" ><div class=\"fusion-builder-row fusion-row\"><div class=\"fusion-layout-column fusion_builder_column fusion-builder-column-0 fusion_builder_column_1_1 1_1 fusion-one-full fusion-column-first fusion-column-last fusion-animated\" style=\"--awb-padding-top:50px;--awb-padding-right:3%;--awb-padding-bottom:50px;--awb-padding-left:3%;--awb-bg-color:#ffffff;--awb-bg-color-hover:#ffffff;--awb-bg-size:cover;\" data-animationType=\"zoomInLeft\" data-animationDuration=\"0.3\" data-animationOffset=\"top-into-view\"><div class=\"fusion-column-wrapper fusion-column-has-shadow fusion-flex-column-wrapper-legacy\"><div class=\"fusion-text fusion-text-1\"><h1>Faire un Don<\/h1>\n<h3 style=\"text-align: center;\">Vous faites la diff\u00e9rence<\/h3>\n<h2><a id=\"Giving\"><\/a>L&#8217;acte de donner<\/h2>\n<p style=\"text-align: center;\"><b><span style=\"color: #002000;\">Epanouissant. R\u00e9compensant. Satisfaisant. Joyeux. Connection.<\/span><\/b><\/p>\n<p><b><\/b><img fetchpriority=\"high\" decoding=\"async\" class=\"size-full wp-image-2562 alignright\" src=\"http:\/\/csl.org\/wp-content\/uploads\/sites\/8\/2019\/05\/You_make_a_difference.jpg\" alt=\"Donate\" width=\"400\" height=\"417\" srcset=\"https:\/\/csl.org\/global\/wp-content\/uploads\/sites\/8\/2019\/05\/You_make_a_difference-200x209.jpg 200w, https:\/\/csl.org\/global\/wp-content\/uploads\/sites\/8\/2019\/05\/You_make_a_difference-288x300.jpg 288w, https:\/\/csl.org\/global\/wp-content\/uploads\/sites\/8\/2019\/05\/You_make_a_difference.jpg 400w\" sizes=\"(max-width: 400px) 100vw, 400px\" \/>Ce ne sont l\u00e0 que quelques-uns des mots qui d\u00e9crivent les sentiments des gens lorsqu&#8217;ils font un don. Ils t\u00e9moigneront tous qu&#8217;il ne s&#8217;agit pas de fonds et d&#8217;argent &#8211; mais du r\u00eave &#8211; de la vision &#8211; du but.<\/p>\n<p>L&#8217;acte de donner et d&#8217;offrir m\u00e8ne directement \u00e0 l&#8217;acte de recevoir &#8211; car l&#8217;un ne peut exister sans l&#8217;autre. Avec une belle sym\u00e9trie, l&#8217;acte de recevoir nous m<span style=\"float: none; background-color: #e8f7e3; color: #333333; cursor: text; font-family: Georgia,'Times New Roman','Bitstream Charter',Times,serif; font-size: 16px; font-style: normal; font-variant: normal; font-weight: 400; letter-spacing: normal; text-align: left; text-decoration: none; text-indent: 0px; text-transform: none;\">\u00e8<\/span>ne \u00e0 nouveau <span style=\"float: none; background-color: #e8f7e3; color: #333333; cursor: text; font-family: Georgia,'Times New Roman','Bitstream Charter',Times,serif; font-size: 16px; font-style: normal; font-variant: normal; font-weight: 400; letter-spacing: normal; text-align: left; text-decoration: none; text-indent: 0px; text-transform: none;\">\u00e0<\/span> l&#8217;acte de donner &#8211; aux autres.<\/p>\n<p>Que ce soit en faisant circuler le don qu&#8217;on a re\u00e7u dans l&#8217;\u00e9ducation, l&#8217;emballage et la distribution des aliments pour ceux qui ont besoin, ou bien en aidant une communaut\u00e9 de Science de l&#8217;Esprit nouvellement form\u00e9e \u00e0 d\u00e9marrer, ou en aidant \u00e0 couvrir les d\u00e9penses d&#8217;un personnel presque enti\u00e8rement b\u00e9n\u00e9vole, il y a une grande synergie qui se produit avec les offrandes d&#8217;amour et les dons. Mais surtout, il s&#8217;agit de personnes qui atteignent les autres pour partager leurs sentiments. Nous y croyons ; peut-\u00eatre que vous aussi.<\/p>\n<h2><a id=\"Donate\"><\/a>Faire un Don<\/h2>\n<p>Si vous souhaitez partager les Sentiments qui viennent du don, veuillez utiliser le lien ci-dessous pour faire un don \u00e0 &#8220;un monde qui fonctionne pour tous&#8221;. Et afin de soutenir sp\u00e9cifiquement les travaux des Services Mondiaux (Global Services), apr\u00e8s avoir fait votre don, veuillez S\u00c9LECTIONNER &#8220;Global Services&#8221; dans la case d\u00e9roulante &#8220;D\u00e9signation&#8221;. Faites la diff\u00e9rence &#8211; Faites un don maintenant aux Services Mondiaux<\/p>\n<div class=\"fusion-aligncenter\"><a class=\"fusion-button button-flat fusion-button-default-size button-default fusion-button-default button-1 fusion-button-default-span fusion-button-default-type\" style=\"--button-border-radius-top-left:0px;--button-border-radius-top-right:0px;--button-border-radius-bottom-right:0px;--button-border-radius-bottom-left:0px;\" target=\"_blank\" rel=\"noopener noreferrer\" href=\"https:\/\/csl-org.secure.force.com\/aakpay__checkout?key=a251N000007zyDN&amp;Token=VombG0YweVQzARv_2Fh7_2FgSFnbTCuZphg6WC5v72E9HxQ_3D\"><span class=\"fusion-button-text\">Faites un don maintenant<\/span><\/a><\/div>\n<h2><a id=\"Parrainage-cadeau de legs\"><\/a>Parrainage-cadeau de leg<\/h2>\n<p>Et, si vous souhaitez vous impliquer \u00e0 un niveau plus profond, nous serions honor\u00e9s de vous accueillir en parrainage (Sponsor) pour les services globaux ou si vous desirez faire un don\/&#8217;Legacy Gift&#8217; pour les services globaux. <a href=\"&#109;a&#x69;l&#x74;o&#x3a;m&#x71;u&#x69;n&#x74;&#97;&#x6e;&#97;&#x40;&#99;&#x73;&#108;&#x2e;&#111;&#x72;&#103;\">Veuillez contacter Rev Martha Quintana<\/a>.<\/p>\n<p><em> &#8220;Le don de donner&#8230; c&#8217;est ce qui vous fait grandir. Plus vous dites &#8220;oui&#8221; au don, plus vous \u00eates nourri par le don.&#8221;<\/em> Barbara Marx Hubbard<\/p>\n<\/div><div class=\"fusion-clearfix\"><\/div><\/div><\/div><\/div><\/div><div class=\"fusion-bg-parallax\" data-bg-align=\"center center\" data-direction=\"up\" data-mute=\"false\" data-opacity=\"100\" data-velocity=\"-0.7\" data-mobile-enabled=\"true\" data-break_parents=\"0\" data-bg-image=\"http:\/\/csl.org\/wp-content\/uploads\/sites\/8\/2019\/05\/people-sand-heart-1024x657.jpg\" data-bg-repeat=\"false\" ><\/div><div class=\"fusion-fullwidth fullwidth-box fusion-builder-row-2 fusion-parallax-up gradient-container-2 nonhundred-percent-fullwidth non-hundred-percent-height-scrolling\" style=\"--awb-border-radius-top-left:0px;--awb-border-radius-top-right:0px;--awb-border-radius-bottom-right:0px;--awb-border-radius-bottom-left:0px;--awb-background-image:url(&quot;http:\/\/csl.org\/wp-content\/uploads\/sites\/8\/2019\/05\/people-sand-heart-1024x657.jpg&quot;);--awb-background-size:cover;--awb-flex-wrap:wrap;\" ><div class=\"fusion-builder-row fusion-row\"><div class=\"fusion-layout-column fusion_builder_column fusion-builder-column-1 fusion_builder_column_1_1 1_1 fusion-one-full fusion-column-first fusion-column-last\" style=\"--awb-padding-top:250px;--awb-padding-right:200px;--awb-padding-bottom:250px;--awb-padding-left:200px;--awb-bg-size:cover;\"><div class=\"fusion-column-wrapper fusion-column-has-shadow fusion-flex-column-wrapper-legacy\"><div class=\"fusion-clearfix\"><\/div><\/div><\/div><\/div><\/div><\/p>\n","protected":false},"excerpt":{"rendered":"","protected":false},"author":1,"featured_media":0,"parent":5173,"menu_order":84,"comment_status":"closed","ping_status":"closed","template":"100-width.php","meta":{"_exactmetrics_skip_tracking":false,"_exactmetrics_sitenote_active":false,"_exactmetrics_sitenote_note":"","_exactmetrics_sitenote_category":0,"footnotes":""},"categories":[91],"tags":[],"class_list":["post-5181","page","type-page","status-publish","hentry","category-service-fr"],"yoast_head":"<!-- This site is optimized with the Yoast SEO plugin v23.1 - https:\/\/yoast.com\/wordpress\/plugins\/seo\/ -->\n<title>Faire un don - Global Services - Centers for Spiritual Living<\/title>\n<meta name=\"robots\" content=\"index, follow, max-snippet:-1, max-image-preview:large, max-video-preview:-1\" \/>\n<link rel=\"canonical\" href=\"https:\/\/csl.org\/global\/fr\/service\/soutenir-notre-communautes-globales\/faire-un-don\/\" \/>\n<meta property=\"og:locale\" content=\"en_US\" \/>\n<meta property=\"og:type\" content=\"article\" \/>\n<meta property=\"og:title\" content=\"Faire un don - Global Services - Centers for Spiritual Living\" \/>\n<meta property=\"og:url\" content=\"https:\/\/csl.org\/global\/fr\/service\/soutenir-notre-communautes-globales\/faire-un-don\/\" \/>\n<meta property=\"og:site_name\" content=\"Global Services - Centers for Spiritual Living\" \/>\n<meta property=\"article:modified_time\" content=\"2020-09-04T11:05:56+00:00\" \/>\n<meta property=\"og:image\" content=\"http:\/\/csl.org\/wp-content\/uploads\/sites\/8\/2019\/05\/You_make_a_difference.jpg\" \/>\n<meta name=\"twitter:card\" content=\"summary_large_image\" \/>\n<meta name=\"twitter:label1\" content=\"Est. reading time\" \/>\n\t<meta name=\"twitter:data1\" content=\"5 minutes\" \/>\n<script type=\"application\/ld+json\" class=\"yoast-schema-graph\">{\"@context\":\"https:\/\/schema.org\",\"@graph\":[{\"@type\":\"WebPage\",\"@id\":\"https:\/\/csl.org\/global\/fr\/service\/soutenir-notre-communautes-globales\/faire-un-don\/\",\"url\":\"https:\/\/csl.org\/global\/fr\/service\/soutenir-notre-communautes-globales\/faire-un-don\/\",\"name\":\"Faire un don - Global Services - Centers for Spiritual Living\",\"isPartOf\":{\"@id\":\"https:\/\/csl.org\/global\/de\/#website\"},\"primaryImageOfPage\":{\"@id\":\"https:\/\/csl.org\/global\/fr\/service\/soutenir-notre-communautes-globales\/faire-un-don\/#primaryimage\"},\"image\":{\"@id\":\"https:\/\/csl.org\/global\/fr\/service\/soutenir-notre-communautes-globales\/faire-un-don\/#primaryimage\"},\"thumbnailUrl\":\"http:\/\/csl.org\/wp-content\/uploads\/sites\/8\/2019\/05\/You_make_a_difference.jpg\",\"datePublished\":\"2020-02-17T11:47:25+00:00\",\"dateModified\":\"2020-09-04T11:05:56+00:00\",\"breadcrumb\":{\"@id\":\"https:\/\/csl.org\/global\/fr\/service\/soutenir-notre-communautes-globales\/faire-un-don\/#breadcrumb\"},\"inLanguage\":\"en-US\",\"potentialAction\":[{\"@type\":\"ReadAction\",\"target\":[\"https:\/\/csl.org\/global\/fr\/service\/soutenir-notre-communautes-globales\/faire-un-don\/\"]}]},{\"@type\":\"ImageObject\",\"inLanguage\":\"en-US\",\"@id\":\"https:\/\/csl.org\/global\/fr\/service\/soutenir-notre-communautes-globales\/faire-un-don\/#primaryimage\",\"url\":\"http:\/\/csl.org\/wp-content\/uploads\/sites\/8\/2019\/05\/You_make_a_difference.jpg\",\"contentUrl\":\"http:\/\/csl.org\/wp-content\/uploads\/sites\/8\/2019\/05\/You_make_a_difference.jpg\"},{\"@type\":\"BreadcrumbList\",\"@id\":\"https:\/\/csl.org\/global\/fr\/service\/soutenir-notre-communautes-globales\/faire-un-don\/#breadcrumb\",\"itemListElement\":[{\"@type\":\"ListItem\",\"position\":1,\"name\":\"SERVICE\",\"item\":\"https:\/\/csl.org\/global\/fr\/service\/\"},{\"@type\":\"ListItem\",\"position\":2,\"name\":\"Soutenir notre communaut\u00e9s globales\",\"item\":\"https:\/\/csl.org\/global\/fr\/service\/soutenir-notre-communautes-globales\/\"},{\"@type\":\"ListItem\",\"position\":3,\"name\":\"Faire un don\"}]},{\"@type\":\"WebSite\",\"@id\":\"https:\/\/csl.org\/global\/de\/#website\",\"url\":\"https:\/\/csl.org\/global\/de\/\",\"name\":\"Global Services - Centers for Spiritual Living\",\"description\":\"\",\"potentialAction\":[{\"@type\":\"SearchAction\",\"target\":{\"@type\":\"EntryPoint\",\"urlTemplate\":\"https:\/\/csl.org\/global\/de\/?s={search_term_string}\"},\"query-input\":\"required name=search_term_string\"}],\"inLanguage\":\"en-US\"}]}<\/script>\n<!-- \/ Yoast SEO plugin. -->","yoast_head_json":{"title":"Faire un don - Global Services - Centers for Spiritual Living","robots":{"index":"index","follow":"follow","max-snippet":"max-snippet:-1","max-image-preview":"max-image-preview:large","max-video-preview":"max-video-preview:-1"},"canonical":"https:\/\/csl.org\/global\/fr\/service\/soutenir-notre-communautes-globales\/faire-un-don\/","og_locale":"en_US","og_type":"article","og_title":"Faire un don - Global Services - Centers for Spiritual Living","og_url":"https:\/\/csl.org\/global\/fr\/service\/soutenir-notre-communautes-globales\/faire-un-don\/","og_site_name":"Global Services - Centers for Spiritual Living","article_modified_time":"2020-09-04T11:05:56+00:00","og_image":[{"url":"http:\/\/csl.org\/wp-content\/uploads\/sites\/8\/2019\/05\/You_make_a_difference.jpg"}],"twitter_card":"summary_large_image","twitter_misc":{"Est. reading time":"5 minutes"},"schema":{"@context":"https:\/\/schema.org","@graph":[{"@type":"WebPage","@id":"https:\/\/csl.org\/global\/fr\/service\/soutenir-notre-communautes-globales\/faire-un-don\/","url":"https:\/\/csl.org\/global\/fr\/service\/soutenir-notre-communautes-globales\/faire-un-don\/","name":"Faire un don - Global Services - Centers for Spiritual Living","isPartOf":{"@id":"https:\/\/csl.org\/global\/de\/#website"},"primaryImageOfPage":{"@id":"https:\/\/csl.org\/global\/fr\/service\/soutenir-notre-communautes-globales\/faire-un-don\/#primaryimage"},"image":{"@id":"https:\/\/csl.org\/global\/fr\/service\/soutenir-notre-communautes-globales\/faire-un-don\/#primaryimage"},"thumbnailUrl":"http:\/\/csl.org\/wp-content\/uploads\/sites\/8\/2019\/05\/You_make_a_difference.jpg","datePublished":"2020-02-17T11:47:25+00:00","dateModified":"2020-09-04T11:05:56+00:00","breadcrumb":{"@id":"https:\/\/csl.org\/global\/fr\/service\/soutenir-notre-communautes-globales\/faire-un-don\/#breadcrumb"},"inLanguage":"en-US","potentialAction":[{"@type":"ReadAction","target":["https:\/\/csl.org\/global\/fr\/service\/soutenir-notre-communautes-globales\/faire-un-don\/"]}]},{"@type":"ImageObject","inLanguage":"en-US","@id":"https:\/\/csl.org\/global\/fr\/service\/soutenir-notre-communautes-globales\/faire-un-don\/#primaryimage","url":"http:\/\/csl.org\/wp-content\/uploads\/sites\/8\/2019\/05\/You_make_a_difference.jpg","contentUrl":"http:\/\/csl.org\/wp-content\/uploads\/sites\/8\/2019\/05\/You_make_a_difference.jpg"},{"@type":"BreadcrumbList","@id":"https:\/\/csl.org\/global\/fr\/service\/soutenir-notre-communautes-globales\/faire-un-don\/#breadcrumb","itemListElement":[{"@type":"ListItem","position":1,"name":"SERVICE","item":"https:\/\/csl.org\/global\/fr\/service\/"},{"@type":"ListItem","position":2,"name":"Soutenir notre communaut\u00e9s globales","item":"https:\/\/csl.org\/global\/fr\/service\/soutenir-notre-communautes-globales\/"},{"@type":"ListItem","position":3,"name":"Faire un don"}]},{"@type":"WebSite","@id":"https:\/\/csl.org\/global\/de\/#website","url":"https:\/\/csl.org\/global\/de\/","name":"Global Services - Centers for Spiritual Living","description":"","potentialAction":[{"@type":"SearchAction","target":{"@type":"EntryPoint","urlTemplate":"https:\/\/csl.org\/global\/de\/?s={search_term_string}"},"query-input":"required name=search_term_string"}],"inLanguage":"en-US"}]}},"_links":{"self":[{"href":"https:\/\/csl.org\/global\/wp-json\/wp\/v2\/pages\/5181"}],"collection":[{"href":"https:\/\/csl.org\/global\/wp-json\/wp\/v2\/pages"}],"about":[{"href":"https:\/\/csl.org\/global\/wp-json\/wp\/v2\/types\/page"}],"author":[{"embeddable":true,"href":"https:\/\/csl.org\/global\/wp-json\/wp\/v2\/users\/1"}],"replies":[{"embeddable":true,"href":"https:\/\/csl.org\/global\/wp-json\/wp\/v2\/comments?post=5181"}],"version-history":[{"count":9,"href":"https:\/\/csl.org\/global\/wp-json\/wp\/v2\/pages\/5181\/revisions"}],"predecessor-version":[{"id":8887,"href":"https:\/\/csl.org\/global\/wp-json\/wp\/v2\/pages\/5181\/revisions\/8887"}],"up":[{"embeddable":true,"href":"https:\/\/csl.org\/global\/wp-json\/wp\/v2\/pages\/5173"}],"wp:attachment":[{"href":"https:\/\/csl.org\/global\/wp-json\/wp\/v2\/media?parent=5181"}],"wp:term":[{"taxonomy":"category","embeddable":true,"href":"https:\/\/csl.org\/global\/wp-json\/wp\/v2\/categories?post=5181"},{"taxonomy":"post_tag","embeddable":true,"href":"https:\/\/csl.org\/global\/wp-json\/wp\/v2\/tags?post=5181"}],"curies":[{"name":"wp","href":"https:\/\/api.w.org\/{rel}","templated":true}]}}