{"id":5183,"date":"2020-02-17T11:54:40","date_gmt":"2020-02-17T11:54:40","guid":{"rendered":"https:\/\/csl.org\/global\/dienst\/unterstuetzung-globaler-gemeinschaften\/faire-un-don\/"},"modified":"2020-09-04T13:17:19","modified_gmt":"2020-09-04T13:17:19","slug":"spenden","status":"publish","type":"page","link":"https:\/\/csl.org\/global\/dienst\/unterstuetzung-globaler-gemeinschaften\/spenden\/","title":{"rendered":"Spenden"},"content":{"rendered":"<p><div class=\"fusion-fullwidth fullwidth-box fusion-builder-row-1 gradient-container-1 nonhundred-percent-fullwidth non-hundred-percent-height-scrolling\" style=\"--awb-border-radius-top-left:0px;--awb-border-radius-top-right:0px;--awb-border-radius-bottom-right:0px;--awb-border-radius-bottom-left:0px;--awb-background-color:#ffffff;--awb-flex-wrap:wrap;\" ><div class=\"fusion-builder-row fusion-row\"><div class=\"fusion-layout-column fusion_builder_column fusion-builder-column-0 fusion_builder_column_1_1 1_1 fusion-one-full fusion-column-first fusion-column-last fusion-animated\" style=\"--awb-padding-top:50px;--awb-padding-right:3%;--awb-padding-bottom:50px;--awb-padding-left:3%;--awb-bg-color:#ffffff;--awb-bg-color-hover:#ffffff;--awb-bg-size:cover;\" data-animationType=\"zoomInLeft\" data-animationDuration=\"0.3\" data-animationOffset=\"top-into-view\"><div class=\"fusion-column-wrapper fusion-column-has-shadow fusion-flex-column-wrapper-legacy\"><div class=\"fusion-text fusion-text-1\"><h1>Spenden<\/h1>\n<h3 style=\"text-align: center;\">Sie machen einen Unterschied<\/h3>\n<h2>Geben<\/h2>\n<p style=\"text-align: center;\"><span style=\"color: #333399;\"><strong><span style=\"farbe: #666699;\">Erf\u00fcllen. Belohnung. Befriedigend. Fr\u00f6hlich. Verbindend.<\/span><\/strong><\/span><\/p>\n<p><img fetchpriority=\"high\" decoding=\"async\" class=\"size-full wp-image-2562 alignright\" src=\"http:\/\/csl.org\/wp-content\/uploads\/sites\/8\/2019\/05\/You_make_a_difference.jpg\" alt=\"Donate\" width=\"400\" height=\"417\" srcset=\"https:\/\/csl.org\/global\/wp-content\/uploads\/sites\/8\/2019\/05\/You_make_a_difference-200x209.jpg 200w, https:\/\/csl.org\/global\/wp-content\/uploads\/sites\/8\/2019\/05\/You_make_a_difference-288x300.jpg 288w, https:\/\/csl.org\/global\/wp-content\/uploads\/sites\/8\/2019\/05\/You_make_a_difference.jpg 400w\" sizes=\"(max-width: 400px) 100vw, 400px\" \/>Dies sind nur einige der Worte, die die Gef\u00fchle beschreiben, die Menschen haben, wenn sie schenken. Sie alle werden bezeugen, dass es nicht um die Gelder geht &#8211; es geht um den Traum &#8211; die Vision &#8211; den Zweck.<\/p>\n<p>Der Akt des Gebens und Schenkens f\u00fchrt unmittelbar zum Akt des Empfangens &#8211; denn das eine kann ohne das andere nicht existieren. In sch\u00f6ner Symmetrie f\u00fchrt der Akt des Empfangens wieder zum Schenken &#8211; zu Menschen.<\/p>\n<p>Ob durch das Einflie\u00dfen der empfangenen Gaben in die Bildung, die Verpackung und Verteilung von Lebensmitteln, die Unterst\u00fctzung einer neu gegr\u00fcndeten Science of Mind-Gemeinschaft beim Start, die Hilfe bei der \u00dcbernahme der Kosten f\u00fcr fast alle ehrenamtlichen Mitarbeiter, gibt es eine gro\u00dfe Synergie, die mit den Liebesgaben und Spenden geschieht. Vor allem aber sind es Menschen, die diese Gef\u00fchle mit anderen Menschen teilen wollen. Wir glauben daran; vielleicht glauben Sie das auch.<\/p>\n<h2>Spende<\/h2>\n<p>Wenn Sie die Gef\u00fchle, die durch das Geben entstehen, mit anderen teilen m\u00f6chten, verwenden Sie bitte den Link unten, um f\u00fcr &#8220;eine Welt, die f\u00fcr alle arbeitet&#8221; zu spenden. Um die Arbeit der Globalen Dienste gezielt zu unterst\u00fctzen, w\u00e4hlen Sie bitte nach Ihrer Spende &#8220;Globale Dienste&#8221; aus dem Dropdown-Feld &#8220;Bezeichnung&#8221; aus. Machen Sie einen Unterschied &#8211; spenden Sie jetzt an Globale Dienste.<\/p>\n<div class=\"fusion-aligncenter\"><a class=\"fusion-button button-flat fusion-button-default-size button-default fusion-button-default button-1 fusion-button-default-span fusion-button-default-type\" style=\"--button-border-radius-top-left:0px;--button-border-radius-top-right:0px;--button-border-radius-bottom-right:0px;--button-border-radius-bottom-left:0px;\" target=\"_blank\" rel=\"noopener noreferrer\" href=\"https:\/\/csl-org.secure.force.com\/aakpay__checkout?key=a251N000007zyDN&amp;Token=VombG0YweVQzARv_2Fh7_2FgSFnbTCuZphg6WC5v72E9HxQ_3D\"><span class=\"fusion-button-text\">Spenden Sie jetzt<\/span><\/a><\/div>\n<h2>Sponsor-Rechtsberatung<\/h2>\n<p>Und wenn Sie sich auf einer tieferen Ebene engagieren m\u00f6chten, w\u00e4re es uns eine Ehre, Sie als Sponsor von Global Services zu begr\u00fc\u00dfen oder sich an einem Legacy Gift to Global Services zu beteiligen. <a href=\"m&#97;&#105;&#108;&#x74;&#x6f;&#x3a;mq&#117;&#105;&#x6e;&#x74;&#x61;&#x6e;a&#64;&#99;&#115;&#x6c;&#x2e;&#x6f;&#x72;g\">Bitte kontaktieren Sie Rev Martha Quintana<\/a>.<\/p>\n<p><em>&#8220;Die Gabe des Gebens&#8230; l\u00e4sst einen wachsen. Je mehr Sie Ja zum Geben sagen, desto mehr werden Sie durch das Geben gen\u00e4hrt.&#8221; <\/em> Barbara Marx Hubbard<\/p>\n<\/div><div class=\"fusion-clearfix\"><\/div><\/div><\/div><\/div><\/div><div class=\"fusion-bg-parallax\" data-bg-align=\"center center\" data-direction=\"up\" data-mute=\"false\" data-opacity=\"100\" data-velocity=\"-0.7\" data-mobile-enabled=\"true\" data-break_parents=\"0\" data-bg-image=\"http:\/\/csl.org\/wp-content\/uploads\/sites\/8\/2019\/05\/people-sand-heart-1024x657.jpg\" data-bg-repeat=\"false\" ><\/div><div class=\"fusion-fullwidth fullwidth-box fusion-builder-row-2 fusion-parallax-up gradient-container-2 nonhundred-percent-fullwidth non-hundred-percent-height-scrolling\" style=\"--awb-border-radius-top-left:0px;--awb-border-radius-top-right:0px;--awb-border-radius-bottom-right:0px;--awb-border-radius-bottom-left:0px;--awb-background-image:url(&quot;http:\/\/csl.org\/wp-content\/uploads\/sites\/8\/2019\/05\/people-sand-heart-1024x657.jpg&quot;);--awb-background-size:cover;--awb-flex-wrap:wrap;\" ><div class=\"fusion-builder-row fusion-row\"><div class=\"fusion-layout-column fusion_builder_column fusion-builder-column-1 fusion_builder_column_1_1 1_1 fusion-one-full fusion-column-first fusion-column-last\" style=\"--awb-padding-top:250px;--awb-padding-right:200px;--awb-padding-bottom:250px;--awb-padding-left:200px;--awb-bg-size:cover;\"><div class=\"fusion-column-wrapper fusion-column-has-shadow fusion-flex-column-wrapper-legacy\"><div class=\"fusion-clearfix\"><\/div><\/div><\/div><\/div><\/div><\/p>\n","protected":false},"excerpt":{"rendered":"","protected":false},"author":1,"featured_media":0,"parent":5175,"menu_order":85,"comment_status":"closed","ping_status":"closed","template":"100-width.php","meta":{"_exactmetrics_skip_tracking":false,"_exactmetrics_sitenote_active":false,"_exactmetrics_sitenote_note":"","_exactmetrics_sitenote_category":0,"footnotes":""},"categories":[92],"tags":[],"class_list":["post-5183","page","type-page","status-publish","hentry","category-dienst-de"],"yoast_head":"<!-- This site is optimized with the Yoast SEO plugin v23.1 - https:\/\/yoast.com\/wordpress\/plugins\/seo\/ -->\n<title>Spenden - Global Services - Centers for Spiritual Living<\/title>\n<meta name=\"robots\" content=\"index, follow, max-snippet:-1, max-image-preview:large, max-video-preview:-1\" \/>\n<link rel=\"canonical\" href=\"https:\/\/csl.org\/global\/de\/dienst\/unterstuetzung-globaler-gemeinschaften\/spenden\/\" \/>\n<meta property=\"og:locale\" content=\"en_US\" \/>\n<meta property=\"og:type\" content=\"article\" \/>\n<meta property=\"og:title\" content=\"Spenden - Global Services - Centers for Spiritual Living\" \/>\n<meta property=\"og:url\" content=\"https:\/\/csl.org\/global\/de\/dienst\/unterstuetzung-globaler-gemeinschaften\/spenden\/\" \/>\n<meta property=\"og:site_name\" content=\"Global Services - Centers for Spiritual Living\" \/>\n<meta property=\"article:modified_time\" content=\"2020-09-04T13:17:19+00:00\" \/>\n<meta property=\"og:image\" content=\"http:\/\/csl.org\/wp-content\/uploads\/sites\/8\/2019\/05\/You_make_a_difference.jpg\" \/>\n<meta name=\"twitter:card\" content=\"summary_large_image\" \/>\n<meta name=\"twitter:label1\" content=\"Est. reading time\" \/>\n\t<meta name=\"twitter:data1\" content=\"5 minutes\" \/>\n<script type=\"application\/ld+json\" class=\"yoast-schema-graph\">{\"@context\":\"https:\/\/schema.org\",\"@graph\":[{\"@type\":\"WebPage\",\"@id\":\"https:\/\/csl.org\/global\/de\/dienst\/unterstuetzung-globaler-gemeinschaften\/spenden\/\",\"url\":\"https:\/\/csl.org\/global\/de\/dienst\/unterstuetzung-globaler-gemeinschaften\/spenden\/\",\"name\":\"Spenden - Global Services - Centers for Spiritual Living\",\"isPartOf\":{\"@id\":\"https:\/\/csl.org\/global\/de\/#website\"},\"primaryImageOfPage\":{\"@id\":\"https:\/\/csl.org\/global\/de\/dienst\/unterstuetzung-globaler-gemeinschaften\/spenden\/#primaryimage\"},\"image\":{\"@id\":\"https:\/\/csl.org\/global\/de\/dienst\/unterstuetzung-globaler-gemeinschaften\/spenden\/#primaryimage\"},\"thumbnailUrl\":\"http:\/\/csl.org\/wp-content\/uploads\/sites\/8\/2019\/05\/You_make_a_difference.jpg\",\"datePublished\":\"2020-02-17T11:54:40+00:00\",\"dateModified\":\"2020-09-04T13:17:19+00:00\",\"breadcrumb\":{\"@id\":\"https:\/\/csl.org\/global\/de\/dienst\/unterstuetzung-globaler-gemeinschaften\/spenden\/#breadcrumb\"},\"inLanguage\":\"en-US\",\"potentialAction\":[{\"@type\":\"ReadAction\",\"target\":[\"https:\/\/csl.org\/global\/de\/dienst\/unterstuetzung-globaler-gemeinschaften\/spenden\/\"]}]},{\"@type\":\"ImageObject\",\"inLanguage\":\"en-US\",\"@id\":\"https:\/\/csl.org\/global\/de\/dienst\/unterstuetzung-globaler-gemeinschaften\/spenden\/#primaryimage\",\"url\":\"http:\/\/csl.org\/wp-content\/uploads\/sites\/8\/2019\/05\/You_make_a_difference.jpg\",\"contentUrl\":\"http:\/\/csl.org\/wp-content\/uploads\/sites\/8\/2019\/05\/You_make_a_difference.jpg\"},{\"@type\":\"BreadcrumbList\",\"@id\":\"https:\/\/csl.org\/global\/de\/dienst\/unterstuetzung-globaler-gemeinschaften\/spenden\/#breadcrumb\",\"itemListElement\":[{\"@type\":\"ListItem\",\"position\":1,\"name\":\"DIENST\",\"item\":\"https:\/\/csl.org\/global\/de\/dienst\/\"},{\"@type\":\"ListItem\",\"position\":2,\"name\":\"Unterst\u00fctzung globaler Gemeinschaften\",\"item\":\"https:\/\/csl.org\/global\/de\/dienst\/unterstuetzung-globaler-gemeinschaften\/\"},{\"@type\":\"ListItem\",\"position\":3,\"name\":\"Spenden\"}]},{\"@type\":\"WebSite\",\"@id\":\"https:\/\/csl.org\/global\/de\/#website\",\"url\":\"https:\/\/csl.org\/global\/de\/\",\"name\":\"Global Services - Centers for Spiritual Living\",\"description\":\"\",\"potentialAction\":[{\"@type\":\"SearchAction\",\"target\":{\"@type\":\"EntryPoint\",\"urlTemplate\":\"https:\/\/csl.org\/global\/de\/?s={search_term_string}\"},\"query-input\":\"required name=search_term_string\"}],\"inLanguage\":\"en-US\"}]}<\/script>\n<!-- \/ Yoast SEO plugin. -->","yoast_head_json":{"title":"Spenden - Global Services - Centers for Spiritual Living","robots":{"index":"index","follow":"follow","max-snippet":"max-snippet:-1","max-image-preview":"max-image-preview:large","max-video-preview":"max-video-preview:-1"},"canonical":"https:\/\/csl.org\/global\/de\/dienst\/unterstuetzung-globaler-gemeinschaften\/spenden\/","og_locale":"en_US","og_type":"article","og_title":"Spenden - Global Services - Centers for Spiritual Living","og_url":"https:\/\/csl.org\/global\/de\/dienst\/unterstuetzung-globaler-gemeinschaften\/spenden\/","og_site_name":"Global Services - Centers for Spiritual Living","article_modified_time":"2020-09-04T13:17:19+00:00","og_image":[{"url":"http:\/\/csl.org\/wp-content\/uploads\/sites\/8\/2019\/05\/You_make_a_difference.jpg"}],"twitter_card":"summary_large_image","twitter_misc":{"Est. reading time":"5 minutes"},"schema":{"@context":"https:\/\/schema.org","@graph":[{"@type":"WebPage","@id":"https:\/\/csl.org\/global\/de\/dienst\/unterstuetzung-globaler-gemeinschaften\/spenden\/","url":"https:\/\/csl.org\/global\/de\/dienst\/unterstuetzung-globaler-gemeinschaften\/spenden\/","name":"Spenden - Global Services - Centers for Spiritual Living","isPartOf":{"@id":"https:\/\/csl.org\/global\/de\/#website"},"primaryImageOfPage":{"@id":"https:\/\/csl.org\/global\/de\/dienst\/unterstuetzung-globaler-gemeinschaften\/spenden\/#primaryimage"},"image":{"@id":"https:\/\/csl.org\/global\/de\/dienst\/unterstuetzung-globaler-gemeinschaften\/spenden\/#primaryimage"},"thumbnailUrl":"http:\/\/csl.org\/wp-content\/uploads\/sites\/8\/2019\/05\/You_make_a_difference.jpg","datePublished":"2020-02-17T11:54:40+00:00","dateModified":"2020-09-04T13:17:19+00:00","breadcrumb":{"@id":"https:\/\/csl.org\/global\/de\/dienst\/unterstuetzung-globaler-gemeinschaften\/spenden\/#breadcrumb"},"inLanguage":"en-US","potentialAction":[{"@type":"ReadAction","target":["https:\/\/csl.org\/global\/de\/dienst\/unterstuetzung-globaler-gemeinschaften\/spenden\/"]}]},{"@type":"ImageObject","inLanguage":"en-US","@id":"https:\/\/csl.org\/global\/de\/dienst\/unterstuetzung-globaler-gemeinschaften\/spenden\/#primaryimage","url":"http:\/\/csl.org\/wp-content\/uploads\/sites\/8\/2019\/05\/You_make_a_difference.jpg","contentUrl":"http:\/\/csl.org\/wp-content\/uploads\/sites\/8\/2019\/05\/You_make_a_difference.jpg"},{"@type":"BreadcrumbList","@id":"https:\/\/csl.org\/global\/de\/dienst\/unterstuetzung-globaler-gemeinschaften\/spenden\/#breadcrumb","itemListElement":[{"@type":"ListItem","position":1,"name":"DIENST","item":"https:\/\/csl.org\/global\/de\/dienst\/"},{"@type":"ListItem","position":2,"name":"Unterst\u00fctzung globaler Gemeinschaften","item":"https:\/\/csl.org\/global\/de\/dienst\/unterstuetzung-globaler-gemeinschaften\/"},{"@type":"ListItem","position":3,"name":"Spenden"}]},{"@type":"WebSite","@id":"https:\/\/csl.org\/global\/de\/#website","url":"https:\/\/csl.org\/global\/de\/","name":"Global Services - Centers for Spiritual Living","description":"","potentialAction":[{"@type":"SearchAction","target":{"@type":"EntryPoint","urlTemplate":"https:\/\/csl.org\/global\/de\/?s={search_term_string}"},"query-input":"required name=search_term_string"}],"inLanguage":"en-US"}]}},"_links":{"self":[{"href":"https:\/\/csl.org\/global\/wp-json\/wp\/v2\/pages\/5183"}],"collection":[{"href":"https:\/\/csl.org\/global\/wp-json\/wp\/v2\/pages"}],"about":[{"href":"https:\/\/csl.org\/global\/wp-json\/wp\/v2\/types\/page"}],"author":[{"embeddable":true,"href":"https:\/\/csl.org\/global\/wp-json\/wp\/v2\/users\/1"}],"replies":[{"embeddable":true,"href":"https:\/\/csl.org\/global\/wp-json\/wp\/v2\/comments?post=5183"}],"version-history":[{"count":6,"href":"https:\/\/csl.org\/global\/wp-json\/wp\/v2\/pages\/5183\/revisions"}],"predecessor-version":[{"id":8904,"href":"https:\/\/csl.org\/global\/wp-json\/wp\/v2\/pages\/5183\/revisions\/8904"}],"up":[{"embeddable":true,"href":"https:\/\/csl.org\/global\/wp-json\/wp\/v2\/pages\/5175"}],"wp:attachment":[{"href":"https:\/\/csl.org\/global\/wp-json\/wp\/v2\/media?parent=5183"}],"wp:term":[{"taxonomy":"category","embeddable":true,"href":"https:\/\/csl.org\/global\/wp-json\/wp\/v2\/categories?post=5183"},{"taxonomy":"post_tag","embeddable":true,"href":"https:\/\/csl.org\/global\/wp-json\/wp\/v2\/tags?post=5183"}],"curies":[{"name":"wp","href":"https:\/\/api.w.org\/{rel}","templated":true}]}}