{"id":5185,"date":"2020-02-17T12:12:58","date_gmt":"2020-02-17T12:12:58","guid":{"rendered":"https:\/\/csl.org\/global\/service\/soutenir-notre-communautes-globales\/programme-de-partenariat\/"},"modified":"2020-04-29T08:09:26","modified_gmt":"2020-04-29T08:09:26","slug":"programme-de-partenariat","status":"publish","type":"page","link":"https:\/\/csl.org\/global\/service\/soutenir-notre-communautes-globales\/programme-de-partenariat\/","title":{"rendered":"Programme de partenariat"},"content":{"rendered":"<p><div class=\"fusion-fullwidth fullwidth-box fusion-builder-row-1 gradient-container-1 nonhundred-percent-fullwidth non-hundred-percent-height-scrolling\" style=\"--awb-border-radius-top-left:0px;--awb-border-radius-top-right:0px;--awb-border-radius-bottom-right:0px;--awb-border-radius-bottom-left:0px;--awb-background-color:#ffffff;--awb-flex-wrap:wrap;\" ><div class=\"fusion-builder-row fusion-row\"><div class=\"fusion-layout-column fusion_builder_column fusion-builder-column-0 fusion_builder_column_1_1 1_1 fusion-one-full fusion-column-first fusion-column-last fusion-animated\" style=\"--awb-padding-top:50px;--awb-padding-right:3%;--awb-padding-bottom:50px;--awb-padding-left:3%;--awb-bg-color:#ffffff;--awb-bg-color-hover:#ffffff;--awb-bg-size:cover;\" data-animationType=\"zoomInLeft\" data-animationDuration=\"0.3\" data-animationOffset=\"top-into-view\"><div class=\"fusion-column-wrapper fusion-column-has-shadow fusion-flex-column-wrapper-legacy\"><div class=\"fusion-text fusion-text-1\"><h1>Programme de partenariat pour les services Globaux<\/h1>\n<p>\n\u00c9coutez certains de nos chefs de groupe du monde entier d\u00e9crire comment ce programme pourrait les soutenir !<\/p>\n<h2>La mission<\/h2>\n<p>Global Services conduit et soutient la port\u00e9e mondiale des Centres pour la vie spirituelle.<\/p>\n<p>Nous fournissons des outils spirituels pour la transformation personnelle et globale aux communaut\u00e9s du monde entier.<\/p>\n<p>L&#8217;enseignement du SOM a-t-il fait une diff\u00e9rence dans votre vie ?<\/p>\n<p>Souhaitez-vous vous associer \u00e0 une communaut\u00e9 mondiale pour offrir ce cadeau?<\/p>\n<h2>Partenariat est facile!<\/h2>\n<p>Devenir partenaire est facile.<\/p>\n<p>Devenir partenaire est facile.<\/p>\n<p>VOUS pouvez jouer un r\u00f4le important dans la cr\u00e9ation d&#8217;un monde qui fonctionne pour tous.<\/p>\n<div id=\"attachment_4895\" style=\"width: 410px\" class=\"wp-caption alignnone\"><img fetchpriority=\"high\" decoding=\"async\" aria-describedby=\"caption-attachment-4895\" class=\"wp-image-2690 size-full\" src=\"http:\/\/csl.org\/wp-content\/uploads\/sites\/8\/2019\/05\/CSL_Group_1.jpg\" alt=\"\" width=\"400\" height=\"296\" srcset=\"https:\/\/csl.org\/global\/wp-content\/uploads\/sites\/8\/2019\/05\/CSL_Group_1-200x148.jpg 200w, https:\/\/csl.org\/global\/wp-content\/uploads\/sites\/8\/2019\/05\/CSL_Group_1-300x222.jpg 300w, https:\/\/csl.org\/global\/wp-content\/uploads\/sites\/8\/2019\/05\/CSL_Group_1.jpg 400w\" sizes=\"(max-width: 400px) 100vw, 400px\" \/><p id=\"caption-attachment-4895\" class=\"wp-caption-text\">CSL Las Vegas &amp; TEMENOS Ukraine Young Adults<\/p><\/div>\n<h2>Voil\u00e0 pourquoi<\/h2>\n<ul>\n<li>Nous apprenons, nous grandissons, nous \u00e9voluons et nous nous d\u00e9veloppons lorsque nous nous associons et collaborons avec des cultures, des milieux et des peuples diff\u00e9rents.<\/li>\n<li>Nous d\u00e9veloppons notre capacit\u00e9 et notre compr\u00e9hension de la diversit\u00e9, du service et de l&#8217;abondance, tant dans nos communaut\u00e9s que dans le monde entier.<\/li>\n<li>Nous sommes en contact avec d&#8217;autres personnes partageant les m\u00eames id\u00e9es dans nos communaut\u00e9s mondiales, soutenant ainsi la croissance de ce puissant enseignement de la science de l&#8217;esprit dans le monde.<\/li>\n<\/ul>\n<div id=\"attachment_2691\" style=\"width: 410px\" class=\"wp-caption alignnone\"><img decoding=\"async\" aria-describedby=\"caption-attachment-2691\" class=\"wp-image-2691 size-full\" src=\"http:\/\/csl.org\/wp-content\/uploads\/sites\/8\/2019\/05\/CSL_Group_2.jpg\" alt=\"\" width=\"400\" height=\"256\" srcset=\"https:\/\/csl.org\/global\/wp-content\/uploads\/sites\/8\/2019\/05\/CSL_Group_2-200x128.jpg 200w, https:\/\/csl.org\/global\/wp-content\/uploads\/sites\/8\/2019\/05\/CSL_Group_2-300x192.jpg 300w, https:\/\/csl.org\/global\/wp-content\/uploads\/sites\/8\/2019\/05\/CSL_Group_2.jpg 400w\" sizes=\"(max-width: 400px) 100vw, 400px\" \/><p id=\"caption-attachment-2691\" class=\"wp-caption-text\">Temenos Ukraine avec la r\u00e9v\u00e9rende Barbara Leger et le Dr Kenn Gordon<\/p><\/div>\n<h2>Exemples d&#8217;activit\u00e9s de partenariat<\/h2>\n<ul>\n<li>Host a Global Sunday- une activit\u00e9 de renforcement de la communaut\u00e9 pour votre centre qui sensibilise \u00e0 votre partenariat<\/li>\n<li>Accueillez un \u00e9v\u00e9nement culturel dans votre centre : (Borscht Lunch, potluck \u00e0 th\u00e8me ou service interconfessionnel, arts et mouvements culturels).<\/li>\n<li>Partagez des informations sur vos communaut\u00e9s et sur Science of Mind en ligne (formation, soutien \u00e0 la pri\u00e8re, musique, etc.).<\/li>\n<li>Reliez votre programme jeunesse \u00e0 celui de votre partenaire (envisagez de partager le concours de r\u00e9daction sur les lois de la vie en Ukraine).<\/li>\n<li>Soutien financier direct \u00e0 un centre \u00e0 l&#8217;\u00e9tranger.<\/li>\n<li>Soutenez les conf\u00e9rences internationales par la participation de votre communaut\u00e9 et la pr\u00e9sence de pays dans le programme de partenariat.<\/li>\n<\/ul>\n<h2>Pays dans le programme de partenariat<\/h2>\n<p>P\u00e9rou, Ukraine, Mexique, Angleterre, Suisse, Kenya, Afrique du Sud, Russie, Jama\u00efque, Australie et Costa Rica et bien d&#8217;autres encore \u00e0 venir!<\/p>\n<div id=\"attachment_2692\" style=\"width: 410px\" class=\"wp-caption alignnone\"><img decoding=\"async\" aria-describedby=\"caption-attachment-2692\" class=\"wp-image-2692 size-full\" src=\"http:\/\/csl.org\/wp-content\/uploads\/sites\/8\/2019\/05\/CSL_group_3.jpg\" alt=\"\" width=\"400\" height=\"265\" srcset=\"https:\/\/csl.org\/global\/wp-content\/uploads\/sites\/8\/2019\/05\/CSL_group_3-200x133.jpg 200w, https:\/\/csl.org\/global\/wp-content\/uploads\/sites\/8\/2019\/05\/CSL_group_3-300x199.jpg 300w, https:\/\/csl.org\/global\/wp-content\/uploads\/sites\/8\/2019\/05\/CSL_group_3.jpg 400w\" sizes=\"(max-width: 400px) 100vw, 400px\" \/><p id=\"caption-attachment-2692\" class=\"wp-caption-text\">CSL Shanghai, Chine, avec le r\u00e9v\u00e9rend Bob Applegate<\/p><\/div>\n<h2>Niveaux de partenariat<\/h2>\n<p>Il existe de nombreux niveaux de partenariat. Contactez l&#8217;un des membres de l&#8217;\u00e9quipe des services mondiaux et d\u00e9couvrez comment VOUS pouvez devenir un partenaire !<\/p>\n<h2>Contactez-nous<\/h2>\n<p>Pour participer, veuillez <a href=\"http:\/\/csl.org\/global\/fr\/contactez-nous\/\">contacter <\/a><\/p>\n<p>&nbsp;<\/p>\n<p><div id=\"attachment_4904\" style=\"width: 415px\" class=\"wp-caption alignnone\"><img loading=\"lazy\" decoding=\"async\" aria-describedby=\"caption-attachment-4904\" class=\"wp-image-2693 size-full\" src=\"http:\/\/csl.org\/wp-content\/uploads\/sites\/8\/2019\/05\/CSL_Group_4.jpg\" alt=\"\" width=\"405\" height=\"242\" srcset=\"https:\/\/csl.org\/global\/wp-content\/uploads\/sites\/8\/2019\/05\/CSL_Group_4-200x120.jpg 200w, https:\/\/csl.org\/global\/wp-content\/uploads\/sites\/8\/2019\/05\/CSL_Group_4-300x179.jpg 300w, https:\/\/csl.org\/global\/wp-content\/uploads\/sites\/8\/2019\/05\/CSL_Group_4-400x239.jpg 400w, https:\/\/csl.org\/global\/wp-content\/uploads\/sites\/8\/2019\/05\/CSL_Group_4.jpg 405w\" sizes=\"(max-width: 405px) 100vw, 405px\" \/><p id=\"caption-attachment-4904\" class=\"wp-caption-text\">Rev. Connie Phelps, Nairobi, Kenya<\/p><\/div> <div id=\"attachment_5696\" style=\"width: 418px\" class=\"wp-caption alignnone\"><img loading=\"lazy\" decoding=\"async\" aria-describedby=\"caption-attachment-5696\" class=\"wp-image-5696\" src=\"http:\/\/csl.org\/wp-content\/uploads\/sites\/8\/2020\/04\/CSL_Group-5.jpg\" alt=\"\" width=\"408\" height=\"260\" srcset=\"https:\/\/csl.org\/global\/wp-content\/uploads\/sites\/8\/2020\/04\/CSL_Group-5-200x127.jpg 200w, https:\/\/csl.org\/global\/wp-content\/uploads\/sites\/8\/2020\/04\/CSL_Group-5-300x191.jpg 300w, https:\/\/csl.org\/global\/wp-content\/uploads\/sites\/8\/2020\/04\/CSL_Group-5.jpg 380w\" sizes=\"(max-width: 408px) 100vw, 408px\" \/><p id=\"caption-attachment-5696\" class=\"wp-caption-text\">Entheos au P\u00e9rou, Dr. Rebeka Pi\u00f1a<\/p><\/div><\/p>\n<p>&nbsp;<\/p>\n<\/div><div class=\"fusion-clearfix\"><\/div><\/div><\/div><\/div><\/div><div class=\"fusion-bg-parallax\" data-bg-align=\"center center\" data-direction=\"up\" data-mute=\"false\" data-opacity=\"100\" data-velocity=\"-0.7\" data-mobile-enabled=\"true\" data-break_parents=\"0\" data-bg-image=\"http:\/\/csl.org\/wp-content\/uploads\/sites\/8\/2019\/05\/people-sand-heart-1024x657.jpg\" data-bg-repeat=\"false\" ><\/div><div class=\"fusion-fullwidth fullwidth-box fusion-builder-row-2 fusion-parallax-up gradient-container-2 nonhundred-percent-fullwidth non-hundred-percent-height-scrolling\" style=\"--awb-border-radius-top-left:0px;--awb-border-radius-top-right:0px;--awb-border-radius-bottom-right:0px;--awb-border-radius-bottom-left:0px;--awb-background-image:url(&quot;http:\/\/csl.org\/wp-content\/uploads\/sites\/8\/2019\/05\/people-sand-heart-1024x657.jpg&quot;);--awb-background-size:cover;--awb-flex-wrap:wrap;\" ><div class=\"fusion-builder-row fusion-row\"><div class=\"fusion-layout-column fusion_builder_column fusion-builder-column-1 fusion_builder_column_1_1 1_1 fusion-one-full fusion-column-first fusion-column-last\" style=\"--awb-padding-top:250px;--awb-padding-right:200px;--awb-padding-bottom:250px;--awb-padding-left:200px;--awb-bg-size:cover;\"><div class=\"fusion-column-wrapper fusion-column-has-shadow fusion-flex-column-wrapper-legacy\"><div class=\"fusion-clearfix\"><\/div><\/div><\/div><\/div><\/div><\/p>\n","protected":false},"excerpt":{"rendered":"","protected":false},"author":1,"featured_media":0,"parent":5173,"menu_order":229,"comment_status":"closed","ping_status":"closed","template":"100-width.php","meta":{"_exactmetrics_skip_tracking":false,"_exactmetrics_sitenote_active":false,"_exactmetrics_sitenote_note":"","_exactmetrics_sitenote_category":0,"footnotes":""},"categories":[91],"tags":[],"class_list":["post-5185","page","type-page","status-publish","hentry","category-service-fr"],"yoast_head":"<!-- This site is optimized with the Yoast SEO plugin v23.1 - https:\/\/yoast.com\/wordpress\/plugins\/seo\/ -->\n<title>Programme de partenariat - Global Services - Centers for Spiritual Living<\/title>\n<meta name=\"robots\" content=\"index, follow, max-snippet:-1, max-image-preview:large, max-video-preview:-1\" \/>\n<link rel=\"canonical\" href=\"https:\/\/csl.org\/global\/fr\/service\/soutenir-notre-communautes-globales\/programme-de-partenariat\/\" \/>\n<meta property=\"og:locale\" content=\"en_US\" \/>\n<meta property=\"og:type\" content=\"article\" \/>\n<meta property=\"og:title\" content=\"Programme de partenariat - Global Services - Centers for Spiritual Living\" \/>\n<meta property=\"og:url\" content=\"https:\/\/csl.org\/global\/fr\/service\/soutenir-notre-communautes-globales\/programme-de-partenariat\/\" \/>\n<meta property=\"og:site_name\" content=\"Global Services - Centers for Spiritual Living\" \/>\n<meta property=\"article:modified_time\" content=\"2020-04-29T08:09:26+00:00\" \/>\n<meta property=\"og:image\" content=\"http:\/\/csl.org\/wp-content\/uploads\/sites\/8\/2019\/05\/CSL_Group_1.jpg\" \/>\n<meta name=\"twitter:card\" content=\"summary_large_image\" \/>\n<meta name=\"twitter:label1\" content=\"Est. reading time\" \/>\n\t<meta name=\"twitter:data1\" content=\"5 minutes\" \/>\n<script type=\"application\/ld+json\" class=\"yoast-schema-graph\">{\"@context\":\"https:\/\/schema.org\",\"@graph\":[{\"@type\":\"WebPage\",\"@id\":\"https:\/\/csl.org\/global\/fr\/service\/soutenir-notre-communautes-globales\/programme-de-partenariat\/\",\"url\":\"https:\/\/csl.org\/global\/fr\/service\/soutenir-notre-communautes-globales\/programme-de-partenariat\/\",\"name\":\"Programme de partenariat - Global Services - Centers for Spiritual Living\",\"isPartOf\":{\"@id\":\"https:\/\/csl.org\/global\/de\/#website\"},\"primaryImageOfPage\":{\"@id\":\"https:\/\/csl.org\/global\/fr\/service\/soutenir-notre-communautes-globales\/programme-de-partenariat\/#primaryimage\"},\"image\":{\"@id\":\"https:\/\/csl.org\/global\/fr\/service\/soutenir-notre-communautes-globales\/programme-de-partenariat\/#primaryimage\"},\"thumbnailUrl\":\"http:\/\/csl.org\/wp-content\/uploads\/sites\/8\/2019\/05\/CSL_Group_1.jpg\",\"datePublished\":\"2020-02-17T12:12:58+00:00\",\"dateModified\":\"2020-04-29T08:09:26+00:00\",\"breadcrumb\":{\"@id\":\"https:\/\/csl.org\/global\/fr\/service\/soutenir-notre-communautes-globales\/programme-de-partenariat\/#breadcrumb\"},\"inLanguage\":\"en-US\",\"potentialAction\":[{\"@type\":\"ReadAction\",\"target\":[\"https:\/\/csl.org\/global\/fr\/service\/soutenir-notre-communautes-globales\/programme-de-partenariat\/\"]}]},{\"@type\":\"ImageObject\",\"inLanguage\":\"en-US\",\"@id\":\"https:\/\/csl.org\/global\/fr\/service\/soutenir-notre-communautes-globales\/programme-de-partenariat\/#primaryimage\",\"url\":\"http:\/\/csl.org\/wp-content\/uploads\/sites\/8\/2019\/05\/CSL_Group_1.jpg\",\"contentUrl\":\"http:\/\/csl.org\/wp-content\/uploads\/sites\/8\/2019\/05\/CSL_Group_1.jpg\"},{\"@type\":\"BreadcrumbList\",\"@id\":\"https:\/\/csl.org\/global\/fr\/service\/soutenir-notre-communautes-globales\/programme-de-partenariat\/#breadcrumb\",\"itemListElement\":[{\"@type\":\"ListItem\",\"position\":1,\"name\":\"SERVICE\",\"item\":\"https:\/\/csl.org\/global\/fr\/service\/\"},{\"@type\":\"ListItem\",\"position\":2,\"name\":\"Soutenir notre communaut\u00e9s globales\",\"item\":\"https:\/\/csl.org\/global\/fr\/service\/soutenir-notre-communautes-globales\/\"},{\"@type\":\"ListItem\",\"position\":3,\"name\":\"Programme de partenariat\"}]},{\"@type\":\"WebSite\",\"@id\":\"https:\/\/csl.org\/global\/de\/#website\",\"url\":\"https:\/\/csl.org\/global\/de\/\",\"name\":\"Global Services - Centers for Spiritual Living\",\"description\":\"\",\"potentialAction\":[{\"@type\":\"SearchAction\",\"target\":{\"@type\":\"EntryPoint\",\"urlTemplate\":\"https:\/\/csl.org\/global\/de\/?s={search_term_string}\"},\"query-input\":\"required name=search_term_string\"}],\"inLanguage\":\"en-US\"}]}<\/script>\n<!-- \/ Yoast SEO plugin. -->","yoast_head_json":{"title":"Programme de partenariat - Global Services - Centers for Spiritual Living","robots":{"index":"index","follow":"follow","max-snippet":"max-snippet:-1","max-image-preview":"max-image-preview:large","max-video-preview":"max-video-preview:-1"},"canonical":"https:\/\/csl.org\/global\/fr\/service\/soutenir-notre-communautes-globales\/programme-de-partenariat\/","og_locale":"en_US","og_type":"article","og_title":"Programme de partenariat - Global Services - Centers for Spiritual Living","og_url":"https:\/\/csl.org\/global\/fr\/service\/soutenir-notre-communautes-globales\/programme-de-partenariat\/","og_site_name":"Global Services - Centers for Spiritual Living","article_modified_time":"2020-04-29T08:09:26+00:00","og_image":[{"url":"http:\/\/csl.org\/wp-content\/uploads\/sites\/8\/2019\/05\/CSL_Group_1.jpg"}],"twitter_card":"summary_large_image","twitter_misc":{"Est. reading time":"5 minutes"},"schema":{"@context":"https:\/\/schema.org","@graph":[{"@type":"WebPage","@id":"https:\/\/csl.org\/global\/fr\/service\/soutenir-notre-communautes-globales\/programme-de-partenariat\/","url":"https:\/\/csl.org\/global\/fr\/service\/soutenir-notre-communautes-globales\/programme-de-partenariat\/","name":"Programme de partenariat - Global Services - Centers for Spiritual Living","isPartOf":{"@id":"https:\/\/csl.org\/global\/de\/#website"},"primaryImageOfPage":{"@id":"https:\/\/csl.org\/global\/fr\/service\/soutenir-notre-communautes-globales\/programme-de-partenariat\/#primaryimage"},"image":{"@id":"https:\/\/csl.org\/global\/fr\/service\/soutenir-notre-communautes-globales\/programme-de-partenariat\/#primaryimage"},"thumbnailUrl":"http:\/\/csl.org\/wp-content\/uploads\/sites\/8\/2019\/05\/CSL_Group_1.jpg","datePublished":"2020-02-17T12:12:58+00:00","dateModified":"2020-04-29T08:09:26+00:00","breadcrumb":{"@id":"https:\/\/csl.org\/global\/fr\/service\/soutenir-notre-communautes-globales\/programme-de-partenariat\/#breadcrumb"},"inLanguage":"en-US","potentialAction":[{"@type":"ReadAction","target":["https:\/\/csl.org\/global\/fr\/service\/soutenir-notre-communautes-globales\/programme-de-partenariat\/"]}]},{"@type":"ImageObject","inLanguage":"en-US","@id":"https:\/\/csl.org\/global\/fr\/service\/soutenir-notre-communautes-globales\/programme-de-partenariat\/#primaryimage","url":"http:\/\/csl.org\/wp-content\/uploads\/sites\/8\/2019\/05\/CSL_Group_1.jpg","contentUrl":"http:\/\/csl.org\/wp-content\/uploads\/sites\/8\/2019\/05\/CSL_Group_1.jpg"},{"@type":"BreadcrumbList","@id":"https:\/\/csl.org\/global\/fr\/service\/soutenir-notre-communautes-globales\/programme-de-partenariat\/#breadcrumb","itemListElement":[{"@type":"ListItem","position":1,"name":"SERVICE","item":"https:\/\/csl.org\/global\/fr\/service\/"},{"@type":"ListItem","position":2,"name":"Soutenir notre communaut\u00e9s globales","item":"https:\/\/csl.org\/global\/fr\/service\/soutenir-notre-communautes-globales\/"},{"@type":"ListItem","position":3,"name":"Programme de partenariat"}]},{"@type":"WebSite","@id":"https:\/\/csl.org\/global\/de\/#website","url":"https:\/\/csl.org\/global\/de\/","name":"Global Services - Centers for Spiritual Living","description":"","potentialAction":[{"@type":"SearchAction","target":{"@type":"EntryPoint","urlTemplate":"https:\/\/csl.org\/global\/de\/?s={search_term_string}"},"query-input":"required name=search_term_string"}],"inLanguage":"en-US"}]}},"_links":{"self":[{"href":"https:\/\/csl.org\/global\/wp-json\/wp\/v2\/pages\/5185"}],"collection":[{"href":"https:\/\/csl.org\/global\/wp-json\/wp\/v2\/pages"}],"about":[{"href":"https:\/\/csl.org\/global\/wp-json\/wp\/v2\/types\/page"}],"author":[{"embeddable":true,"href":"https:\/\/csl.org\/global\/wp-json\/wp\/v2\/users\/1"}],"replies":[{"embeddable":true,"href":"https:\/\/csl.org\/global\/wp-json\/wp\/v2\/comments?post=5185"}],"version-history":[{"count":6,"href":"https:\/\/csl.org\/global\/wp-json\/wp\/v2\/pages\/5185\/revisions"}],"predecessor-version":[{"id":5707,"href":"https:\/\/csl.org\/global\/wp-json\/wp\/v2\/pages\/5185\/revisions\/5707"}],"up":[{"embeddable":true,"href":"https:\/\/csl.org\/global\/wp-json\/wp\/v2\/pages\/5173"}],"wp:attachment":[{"href":"https:\/\/csl.org\/global\/wp-json\/wp\/v2\/media?parent=5185"}],"wp:term":[{"taxonomy":"category","embeddable":true,"href":"https:\/\/csl.org\/global\/wp-json\/wp\/v2\/categories?post=5185"},{"taxonomy":"post_tag","embeddable":true,"href":"https:\/\/csl.org\/global\/wp-json\/wp\/v2\/tags?post=5185"}],"curies":[{"name":"wp","href":"https:\/\/api.w.org\/{rel}","templated":true}]}}