{"id":5187,"date":"2020-02-17T12:21:16","date_gmt":"2020-02-17T12:21:16","guid":{"rendered":"https:\/\/csl.org\/global\/dienst\/unterstuetzung-globaler-gemeinschaften\/das-partnerschaftsprogramm\/"},"modified":"2020-05-06T10:30:25","modified_gmt":"2020-05-06T10:30:25","slug":"das-partnerschaftsprogramm","status":"publish","type":"page","link":"https:\/\/csl.org\/global\/dienst\/unterstuetzung-globaler-gemeinschaften\/das-partnerschaftsprogramm\/","title":{"rendered":"Das Partnerschaftsprogramm"},"content":{"rendered":"<p><div class=\"fusion-fullwidth fullwidth-box fusion-builder-row-1 gradient-container-1 nonhundred-percent-fullwidth non-hundred-percent-height-scrolling\" style=\"--awb-border-radius-top-left:0px;--awb-border-radius-top-right:0px;--awb-border-radius-bottom-right:0px;--awb-border-radius-bottom-left:0px;--awb-background-color:#ffffff;--awb-flex-wrap:wrap;\" ><div class=\"fusion-builder-row fusion-row\"><div class=\"fusion-layout-column fusion_builder_column fusion-builder-column-0 fusion_builder_column_1_1 1_1 fusion-one-full fusion-column-first fusion-column-last fusion-animated\" style=\"--awb-padding-top:50px;--awb-padding-right:3%;--awb-padding-bottom:50px;--awb-padding-left:3%;--awb-bg-color:#ffffff;--awb-bg-color-hover:#ffffff;--awb-bg-size:cover;\" data-animationType=\"zoomInLeft\" data-animationDuration=\"0.3\" data-animationOffset=\"top-into-view\"><div class=\"fusion-column-wrapper fusion-column-has-shadow fusion-flex-column-wrapper-legacy\"><div class=\"fusion-text fusion-text-1\"><h1>Globales Dienstleistungspartnerschaftsprogramm<\/h1>\n<p>H\u00f6ren Sie sich an, wie einige unserer Gruppenleiter aus der ganzen Welt beschreiben, wie dieses Programm sie unterst\u00fctzen k\u00f6nnte!<\/p>\n<h2>Der Auftrag<\/h2>\n<p>Global Services f\u00f6rdert und unterst\u00fctzt die globale Reichweite der Zentren f\u00fcr spirituelles Leben.<\/p>\n<p>Wir stellen Gemeinschaften rund um den Globus spirituelle Werkzeuge f\u00fcr pers\u00f6nliche und globale Transformation zur Verf\u00fcgung.<\/p>\n<p>Hat der SOM-Unterricht Ihr Leben ver\u00e4ndert?<\/p>\n<p>M\u00f6chten Sie sich mit einer globalen Gemeinschaft zusammenschlie\u00dfen, um dieses Geschenk zu machen?<\/p>\n<h2>Partnerschaften sind einfach!<\/h2>\n<p>Partner werden ist einfach.<\/p>\n<p>Du kannst eine wichtige Rolle bei der Schaffung einer Welt spielen, die f\u00fcr alle funktioniert.<\/p>\n<div id=\"attachment_4896\" style=\"width: 410px\" class=\"wp-caption alignnone\"><img fetchpriority=\"high\" decoding=\"async\" aria-describedby=\"caption-attachment-4896\" class=\"wp-image-2690 size-full\" src=\"http:\/\/csl.org\/wp-content\/uploads\/sites\/8\/2019\/05\/CSL_Group_1.jpg\" alt=\"\" width=\"400\" height=\"296\" srcset=\"https:\/\/csl.org\/global\/wp-content\/uploads\/sites\/8\/2019\/05\/CSL_Group_1-200x148.jpg 200w, https:\/\/csl.org\/global\/wp-content\/uploads\/sites\/8\/2019\/05\/CSL_Group_1-300x222.jpg 300w, https:\/\/csl.org\/global\/wp-content\/uploads\/sites\/8\/2019\/05\/CSL_Group_1.jpg 400w\" sizes=\"(max-width: 400px) 100vw, 400px\" \/><p id=\"caption-attachment-4896\" class=\"wp-caption-text\">CSL Las Vegas &amp; TEMENOS Ukraine Junge Erwachsene<\/p><\/div>\n<h2>Hier ist das Warum<\/h2>\n<ul>\n<li>Wir lernen, wachsen, entwickeln und expandieren, wenn wir mit verschiedenen Kulturen, Hintergr\u00fcnden und V\u00f6lkern zusammenarbeiten und kooperieren.<\/li>\n<li>Wir wachsen unsere F\u00e4higkeit und unser Verst\u00e4ndnis f\u00fcr Vielfalt, Dienst und \u00dcberfluss sowohl in unseren Gemeinden als auch in der Welt.<\/li>\n<li>Wir verbinden uns mit anderen Gleichgesinnten in unseren globalen Gemeinschaften und unterst\u00fctzen das Wachstum dieser m\u00e4chtigen Lehre der Wissenschaft des Geistes in der Welt.<\/li>\n<\/ul>\n<div id=\"attachment_2691\" style=\"width: 410px\" class=\"wp-caption alignnone\"><img decoding=\"async\" aria-describedby=\"caption-attachment-2691\" class=\"wp-image-2691 size-full\" src=\"http:\/\/csl.org\/wp-content\/uploads\/sites\/8\/2019\/05\/CSL_Group_2.jpg\" alt=\"\" width=\"400\" height=\"256\" srcset=\"https:\/\/csl.org\/global\/wp-content\/uploads\/sites\/8\/2019\/05\/CSL_Group_2-200x128.jpg 200w, https:\/\/csl.org\/global\/wp-content\/uploads\/sites\/8\/2019\/05\/CSL_Group_2-300x192.jpg 300w, https:\/\/csl.org\/global\/wp-content\/uploads\/sites\/8\/2019\/05\/CSL_Group_2.jpg 400w\" sizes=\"(max-width: 400px) 100vw, 400px\" \/><p id=\"caption-attachment-2691\" class=\"wp-caption-text\">Temenos Ukraine mit Pastorin Barbara Leger und Dr. Kenn Gordon<\/p><\/div>\n<h2>Beispiele f\u00fcr Partnerschaftsaktivit\u00e4ten<\/h2>\n<ul>\n<li>Host a Global Sunday- eine gemeinschaftsbildende Aktivit\u00e4t f\u00fcr Ihr Zentrum, die das Bewusstsein f\u00fcr Ihre Partnerschaft sch\u00e4rft<\/li>\n<li>Halten Sie eine kulturelle Veranstaltung in Ihrem Zentrum: (Borscht-Mittagessen, thematisches Potluck oder interreligi\u00f6ser Dienst, kulturelle Kunst und Bewegung).<\/li>\n<li>Informationen \u00fcber Ihre Gemeinschaften und die Wissenschaft des Geistes online austauschen (Training, Gebetsunterst\u00fctzung, Musik und mehr).<\/li>\n<li>Verbinden Sie Ihr Jugendprogramm mit der Jugend Ihres Partners (erw\u00e4gen Sie, den Aufsatzwettbewerb &#8220;Laws of Life Essay Contest&#8221; der Ukraine zu teilen).<\/li>\n<li>Direkte finanzielle Unterst\u00fctzung f\u00fcr ein Zentrum im Ausland.<\/li>\n<li>Unterst\u00fctzen Sie internationale Konferenzen durch die Teilnahme und Teilnahme Ihrer Gemeinde L\u00e4nder am Partnerschaftsprogramm.<\/li>\n<\/ul>\n<h2>L\u00e4nder im Partnerschaftsprogramm<\/h2>\n<p>Peru, Ukraine, Mexiko, England, Schweiz, Kenia, S\u00fcdafrika, Russland, Jamaika, Australien und Costa Rica und viele andere, die noch kommen!<\/p>\n<div id=\"attachment_2692\" style=\"width: 410px\" class=\"wp-caption alignnone\"><img decoding=\"async\" aria-describedby=\"caption-attachment-2692\" class=\"wp-image-2692 size-full\" src=\"http:\/\/csl.org\/wp-content\/uploads\/sites\/8\/2019\/05\/CSL_group_3.jpg\" alt=\"\" width=\"400\" height=\"265\" srcset=\"https:\/\/csl.org\/global\/wp-content\/uploads\/sites\/8\/2019\/05\/CSL_group_3-200x133.jpg 200w, https:\/\/csl.org\/global\/wp-content\/uploads\/sites\/8\/2019\/05\/CSL_group_3-300x199.jpg 300w, https:\/\/csl.org\/global\/wp-content\/uploads\/sites\/8\/2019\/05\/CSL_group_3.jpg 400w\" sizes=\"(max-width: 400px) 100vw, 400px\" \/><p id=\"caption-attachment-2692\" class=\"wp-caption-text\">CSL Shanghai, China, mit Rev. Bob Applegate<\/p><\/div>\n<h2>Partnerschaftsstufen<\/h2>\n<p>Es gibt viele Ebenen der Partnerschaft. Kontaktieren Sie eines der Mitglieder des Global Services Teams und finden Sie heraus, wie SIE Partner werden k\u00f6nnen!<\/p>\n<h2>Kontaktieren Sie uns<\/h2>\n<p>Um teilzunehmen, kontaktieren Sie uns bitte <a href=\"http:\/\/csl.org\/global\/de\/kontakt-uns\/\">kontaktieren Sie uns<\/a><\/p>\n<p>&nbsp;<\/p>\n<p><div id=\"attachment_2693\" style=\"width: 415px\" class=\"wp-caption alignnone\"><img loading=\"lazy\" decoding=\"async\" aria-describedby=\"caption-attachment-2693\" class=\"wp-image-2693 size-full\" src=\"http:\/\/csl.org\/wp-content\/uploads\/sites\/8\/2019\/05\/CSL_Group_4.jpg\" alt=\"\" width=\"405\" height=\"242\" srcset=\"https:\/\/csl.org\/global\/wp-content\/uploads\/sites\/8\/2019\/05\/CSL_Group_4-200x120.jpg 200w, https:\/\/csl.org\/global\/wp-content\/uploads\/sites\/8\/2019\/05\/CSL_Group_4-300x179.jpg 300w, https:\/\/csl.org\/global\/wp-content\/uploads\/sites\/8\/2019\/05\/CSL_Group_4-400x239.jpg 400w, https:\/\/csl.org\/global\/wp-content\/uploads\/sites\/8\/2019\/05\/CSL_Group_4.jpg 405w\" sizes=\"(max-width: 405px) 100vw, 405px\" \/><p id=\"caption-attachment-2693\" class=\"wp-caption-text\">Rev. Connie Phelps, Nairobi, Kenia<\/p><\/div> <div id=\"attachment_5697\" style=\"width: 412px\" class=\"wp-caption alignnone\"><img loading=\"lazy\" decoding=\"async\" aria-describedby=\"caption-attachment-5697\" class=\"wp-image-5697 \" src=\"http:\/\/csl.org\/wp-content\/uploads\/sites\/8\/2020\/04\/CSL_Group-5.jpg\" alt=\"\" width=\"402\" height=\"256\" srcset=\"https:\/\/csl.org\/global\/wp-content\/uploads\/sites\/8\/2020\/04\/CSL_Group-5-200x127.jpg 200w, https:\/\/csl.org\/global\/wp-content\/uploads\/sites\/8\/2020\/04\/CSL_Group-5-300x191.jpg 300w, https:\/\/csl.org\/global\/wp-content\/uploads\/sites\/8\/2020\/04\/CSL_Group-5.jpg 380w\" sizes=\"(max-width: 402px) 100vw, 402px\" \/><p id=\"caption-attachment-5697\" class=\"wp-caption-text\">Entheos in Peru, Dr. Rebeka Pi\u00f1a<\/p><\/div><\/p>\n<\/div><div class=\"fusion-clearfix\"><\/div><\/div><\/div><\/div><\/div><div class=\"fusion-bg-parallax\" data-bg-align=\"center center\" data-direction=\"up\" data-mute=\"false\" data-opacity=\"100\" data-velocity=\"-0.7\" data-mobile-enabled=\"true\" data-break_parents=\"0\" data-bg-image=\"http:\/\/csl.org\/wp-content\/uploads\/sites\/8\/2019\/05\/people-sand-heart-1024x657.jpg\" data-bg-repeat=\"false\" ><\/div><div class=\"fusion-fullwidth fullwidth-box fusion-builder-row-2 fusion-parallax-up gradient-container-2 nonhundred-percent-fullwidth non-hundred-percent-height-scrolling\" style=\"--awb-border-radius-top-left:0px;--awb-border-radius-top-right:0px;--awb-border-radius-bottom-right:0px;--awb-border-radius-bottom-left:0px;--awb-background-image:url(&quot;http:\/\/csl.org\/wp-content\/uploads\/sites\/8\/2019\/05\/people-sand-heart-1024x657.jpg&quot;);--awb-background-size:cover;--awb-flex-wrap:wrap;\" ><div class=\"fusion-builder-row fusion-row\"><div class=\"fusion-layout-column fusion_builder_column fusion-builder-column-1 fusion_builder_column_1_1 1_1 fusion-one-full fusion-column-first fusion-column-last\" style=\"--awb-padding-top:250px;--awb-padding-right:200px;--awb-padding-bottom:250px;--awb-padding-left:200px;--awb-bg-size:cover;\"><div class=\"fusion-column-wrapper fusion-column-has-shadow fusion-flex-column-wrapper-legacy\"><div class=\"fusion-clearfix\"><\/div><\/div><\/div><\/div><\/div><\/p>\n","protected":false},"excerpt":{"rendered":"","protected":false},"author":1,"featured_media":0,"parent":5175,"menu_order":230,"comment_status":"closed","ping_status":"closed","template":"100-width.php","meta":{"_exactmetrics_skip_tracking":false,"_exactmetrics_sitenote_active":false,"_exactmetrics_sitenote_note":"","_exactmetrics_sitenote_category":0,"footnotes":""},"categories":[92],"tags":[],"class_list":["post-5187","page","type-page","status-publish","hentry","category-dienst-de"],"yoast_head":"<!-- This site is optimized with the Yoast SEO plugin v23.1 - https:\/\/yoast.com\/wordpress\/plugins\/seo\/ -->\n<title>Das Partnerschaftsprogramm - Global Services - Centers for Spiritual Living<\/title>\n<meta name=\"robots\" content=\"index, follow, max-snippet:-1, max-image-preview:large, max-video-preview:-1\" \/>\n<link rel=\"canonical\" href=\"https:\/\/csl.org\/global\/de\/dienst\/unterstuetzung-globaler-gemeinschaften\/das-partnerschaftsprogramm\/\" \/>\n<meta property=\"og:locale\" content=\"en_US\" \/>\n<meta property=\"og:type\" content=\"article\" \/>\n<meta property=\"og:title\" content=\"Das Partnerschaftsprogramm - Global Services - Centers for Spiritual Living\" \/>\n<meta property=\"og:url\" content=\"https:\/\/csl.org\/global\/de\/dienst\/unterstuetzung-globaler-gemeinschaften\/das-partnerschaftsprogramm\/\" \/>\n<meta property=\"og:site_name\" content=\"Global Services - Centers for Spiritual Living\" \/>\n<meta property=\"article:modified_time\" content=\"2020-05-06T10:30:25+00:00\" \/>\n<meta property=\"og:image\" content=\"http:\/\/csl.org\/wp-content\/uploads\/sites\/8\/2019\/05\/CSL_Group_1.jpg\" \/>\n<meta name=\"twitter:card\" content=\"summary_large_image\" \/>\n<meta name=\"twitter:label1\" content=\"Est. reading time\" \/>\n\t<meta name=\"twitter:data1\" content=\"5 minutes\" \/>\n<script type=\"application\/ld+json\" class=\"yoast-schema-graph\">{\"@context\":\"https:\/\/schema.org\",\"@graph\":[{\"@type\":\"WebPage\",\"@id\":\"https:\/\/csl.org\/global\/de\/dienst\/unterstuetzung-globaler-gemeinschaften\/das-partnerschaftsprogramm\/\",\"url\":\"https:\/\/csl.org\/global\/de\/dienst\/unterstuetzung-globaler-gemeinschaften\/das-partnerschaftsprogramm\/\",\"name\":\"Das Partnerschaftsprogramm - Global Services - Centers for Spiritual Living\",\"isPartOf\":{\"@id\":\"https:\/\/csl.org\/global\/de\/#website\"},\"primaryImageOfPage\":{\"@id\":\"https:\/\/csl.org\/global\/de\/dienst\/unterstuetzung-globaler-gemeinschaften\/das-partnerschaftsprogramm\/#primaryimage\"},\"image\":{\"@id\":\"https:\/\/csl.org\/global\/de\/dienst\/unterstuetzung-globaler-gemeinschaften\/das-partnerschaftsprogramm\/#primaryimage\"},\"thumbnailUrl\":\"http:\/\/csl.org\/wp-content\/uploads\/sites\/8\/2019\/05\/CSL_Group_1.jpg\",\"datePublished\":\"2020-02-17T12:21:16+00:00\",\"dateModified\":\"2020-05-06T10:30:25+00:00\",\"breadcrumb\":{\"@id\":\"https:\/\/csl.org\/global\/de\/dienst\/unterstuetzung-globaler-gemeinschaften\/das-partnerschaftsprogramm\/#breadcrumb\"},\"inLanguage\":\"en-US\",\"potentialAction\":[{\"@type\":\"ReadAction\",\"target\":[\"https:\/\/csl.org\/global\/de\/dienst\/unterstuetzung-globaler-gemeinschaften\/das-partnerschaftsprogramm\/\"]}]},{\"@type\":\"ImageObject\",\"inLanguage\":\"en-US\",\"@id\":\"https:\/\/csl.org\/global\/de\/dienst\/unterstuetzung-globaler-gemeinschaften\/das-partnerschaftsprogramm\/#primaryimage\",\"url\":\"http:\/\/csl.org\/wp-content\/uploads\/sites\/8\/2019\/05\/CSL_Group_1.jpg\",\"contentUrl\":\"http:\/\/csl.org\/wp-content\/uploads\/sites\/8\/2019\/05\/CSL_Group_1.jpg\"},{\"@type\":\"BreadcrumbList\",\"@id\":\"https:\/\/csl.org\/global\/de\/dienst\/unterstuetzung-globaler-gemeinschaften\/das-partnerschaftsprogramm\/#breadcrumb\",\"itemListElement\":[{\"@type\":\"ListItem\",\"position\":1,\"name\":\"DIENST\",\"item\":\"https:\/\/csl.org\/global\/de\/dienst\/\"},{\"@type\":\"ListItem\",\"position\":2,\"name\":\"Unterst\u00fctzung globaler Gemeinschaften\",\"item\":\"https:\/\/csl.org\/global\/de\/dienst\/unterstuetzung-globaler-gemeinschaften\/\"},{\"@type\":\"ListItem\",\"position\":3,\"name\":\"Das Partnerschaftsprogramm\"}]},{\"@type\":\"WebSite\",\"@id\":\"https:\/\/csl.org\/global\/de\/#website\",\"url\":\"https:\/\/csl.org\/global\/de\/\",\"name\":\"Global Services - Centers for Spiritual Living\",\"description\":\"\",\"potentialAction\":[{\"@type\":\"SearchAction\",\"target\":{\"@type\":\"EntryPoint\",\"urlTemplate\":\"https:\/\/csl.org\/global\/de\/?s={search_term_string}\"},\"query-input\":\"required name=search_term_string\"}],\"inLanguage\":\"en-US\"}]}<\/script>\n<!-- \/ Yoast SEO plugin. -->","yoast_head_json":{"title":"Das Partnerschaftsprogramm - Global Services - Centers for Spiritual Living","robots":{"index":"index","follow":"follow","max-snippet":"max-snippet:-1","max-image-preview":"max-image-preview:large","max-video-preview":"max-video-preview:-1"},"canonical":"https:\/\/csl.org\/global\/de\/dienst\/unterstuetzung-globaler-gemeinschaften\/das-partnerschaftsprogramm\/","og_locale":"en_US","og_type":"article","og_title":"Das Partnerschaftsprogramm - Global Services - Centers for Spiritual Living","og_url":"https:\/\/csl.org\/global\/de\/dienst\/unterstuetzung-globaler-gemeinschaften\/das-partnerschaftsprogramm\/","og_site_name":"Global Services - Centers for Spiritual Living","article_modified_time":"2020-05-06T10:30:25+00:00","og_image":[{"url":"http:\/\/csl.org\/wp-content\/uploads\/sites\/8\/2019\/05\/CSL_Group_1.jpg"}],"twitter_card":"summary_large_image","twitter_misc":{"Est. reading time":"5 minutes"},"schema":{"@context":"https:\/\/schema.org","@graph":[{"@type":"WebPage","@id":"https:\/\/csl.org\/global\/de\/dienst\/unterstuetzung-globaler-gemeinschaften\/das-partnerschaftsprogramm\/","url":"https:\/\/csl.org\/global\/de\/dienst\/unterstuetzung-globaler-gemeinschaften\/das-partnerschaftsprogramm\/","name":"Das Partnerschaftsprogramm - Global Services - Centers for Spiritual Living","isPartOf":{"@id":"https:\/\/csl.org\/global\/de\/#website"},"primaryImageOfPage":{"@id":"https:\/\/csl.org\/global\/de\/dienst\/unterstuetzung-globaler-gemeinschaften\/das-partnerschaftsprogramm\/#primaryimage"},"image":{"@id":"https:\/\/csl.org\/global\/de\/dienst\/unterstuetzung-globaler-gemeinschaften\/das-partnerschaftsprogramm\/#primaryimage"},"thumbnailUrl":"http:\/\/csl.org\/wp-content\/uploads\/sites\/8\/2019\/05\/CSL_Group_1.jpg","datePublished":"2020-02-17T12:21:16+00:00","dateModified":"2020-05-06T10:30:25+00:00","breadcrumb":{"@id":"https:\/\/csl.org\/global\/de\/dienst\/unterstuetzung-globaler-gemeinschaften\/das-partnerschaftsprogramm\/#breadcrumb"},"inLanguage":"en-US","potentialAction":[{"@type":"ReadAction","target":["https:\/\/csl.org\/global\/de\/dienst\/unterstuetzung-globaler-gemeinschaften\/das-partnerschaftsprogramm\/"]}]},{"@type":"ImageObject","inLanguage":"en-US","@id":"https:\/\/csl.org\/global\/de\/dienst\/unterstuetzung-globaler-gemeinschaften\/das-partnerschaftsprogramm\/#primaryimage","url":"http:\/\/csl.org\/wp-content\/uploads\/sites\/8\/2019\/05\/CSL_Group_1.jpg","contentUrl":"http:\/\/csl.org\/wp-content\/uploads\/sites\/8\/2019\/05\/CSL_Group_1.jpg"},{"@type":"BreadcrumbList","@id":"https:\/\/csl.org\/global\/de\/dienst\/unterstuetzung-globaler-gemeinschaften\/das-partnerschaftsprogramm\/#breadcrumb","itemListElement":[{"@type":"ListItem","position":1,"name":"DIENST","item":"https:\/\/csl.org\/global\/de\/dienst\/"},{"@type":"ListItem","position":2,"name":"Unterst\u00fctzung globaler Gemeinschaften","item":"https:\/\/csl.org\/global\/de\/dienst\/unterstuetzung-globaler-gemeinschaften\/"},{"@type":"ListItem","position":3,"name":"Das Partnerschaftsprogramm"}]},{"@type":"WebSite","@id":"https:\/\/csl.org\/global\/de\/#website","url":"https:\/\/csl.org\/global\/de\/","name":"Global Services - Centers for Spiritual Living","description":"","potentialAction":[{"@type":"SearchAction","target":{"@type":"EntryPoint","urlTemplate":"https:\/\/csl.org\/global\/de\/?s={search_term_string}"},"query-input":"required name=search_term_string"}],"inLanguage":"en-US"}]}},"_links":{"self":[{"href":"https:\/\/csl.org\/global\/wp-json\/wp\/v2\/pages\/5187"}],"collection":[{"href":"https:\/\/csl.org\/global\/wp-json\/wp\/v2\/pages"}],"about":[{"href":"https:\/\/csl.org\/global\/wp-json\/wp\/v2\/types\/page"}],"author":[{"embeddable":true,"href":"https:\/\/csl.org\/global\/wp-json\/wp\/v2\/users\/1"}],"replies":[{"embeddable":true,"href":"https:\/\/csl.org\/global\/wp-json\/wp\/v2\/comments?post=5187"}],"version-history":[{"count":3,"href":"https:\/\/csl.org\/global\/wp-json\/wp\/v2\/pages\/5187\/revisions"}],"predecessor-version":[{"id":5702,"href":"https:\/\/csl.org\/global\/wp-json\/wp\/v2\/pages\/5187\/revisions\/5702"}],"up":[{"embeddable":true,"href":"https:\/\/csl.org\/global\/wp-json\/wp\/v2\/pages\/5175"}],"wp:attachment":[{"href":"https:\/\/csl.org\/global\/wp-json\/wp\/v2\/media?parent=5187"}],"wp:term":[{"taxonomy":"category","embeddable":true,"href":"https:\/\/csl.org\/global\/wp-json\/wp\/v2\/categories?post=5187"},{"taxonomy":"post_tag","embeddable":true,"href":"https:\/\/csl.org\/global\/wp-json\/wp\/v2\/tags?post=5187"}],"curies":[{"name":"wp","href":"https:\/\/api.w.org\/{rel}","templated":true}]}}