{"id":5191,"date":"2020-02-17T13:05:35","date_gmt":"2020-02-17T13:05:35","guid":{"rendered":"https:\/\/csl.org\/global\/descriptions-des-communautes-groupes\/"},"modified":"2020-02-17T13:05:44","modified_gmt":"2020-02-17T13:05:44","slug":"descriptions-des-communautes-groupes","status":"publish","type":"page","link":"https:\/\/csl.org\/global\/communaute\/evenements-mondiaux\/descriptions-des-communautes-groupes\/","title":{"rendered":"Descriptions des Communaut\u00e9s &amp;\u00a0 Groupes"},"content":{"rendered":"<p><div class=\"fusion-fullwidth fullwidth-box fusion-builder-row-1 gradient-container-1 nonhundred-percent-fullwidth non-hundred-percent-height-scrolling\" style=\"--awb-border-radius-top-left:0px;--awb-border-radius-top-right:0px;--awb-border-radius-bottom-right:0px;--awb-border-radius-bottom-left:0px;--awb-background-color:#ffffff;--awb-flex-wrap:wrap;\" ><div class=\"fusion-builder-row fusion-row\"><div class=\"fusion-layout-column fusion_builder_column fusion-builder-column-0 fusion_builder_column_1_1 1_1 fusion-one-full fusion-column-first fusion-column-last fusion-animated\" style=\"--awb-padding-top:50px;--awb-padding-right:3%;--awb-padding-bottom:50px;--awb-padding-left:3%;--awb-bg-color:#ffffff;--awb-bg-color-hover:#ffffff;--awb-bg-size:cover;\" data-animationType=\"zoomIn\" data-animationDuration=\"0.3\" data-animationOffset=\"top-into-view\"><div class=\"fusion-column-wrapper fusion-column-has-shadow fusion-flex-column-wrapper-legacy\"><div class=\"fusion-text fusion-text-1\"><h1>Descriptions des Communaut\u00e9s &amp;&nbsp; Groupes<\/h1>\n<h2 style=\"text-align: center\" data-mce-style=\"text-align: center;\"><img fetchpriority=\"high\" decoding=\"async\" class=\"alignnone size-400 wp-image-2297\" src=\"http:\/\/csl.org\/wp-content\/uploads\/sites\/8\/2019\/05\/earth-people-400x201.png\" alt=\"\" width=\"400\" height=\"201\" data-mce-src=\"http:\/\/csl.org\/wp-content\/uploads\/sites\/8\/2019\/05\/earth-people-400x201.png\" srcset=\"https:\/\/csl.org\/global\/wp-content\/uploads\/sites\/8\/2019\/05\/earth-people-200x101.png 200w, https:\/\/csl.org\/global\/wp-content\/uploads\/sites\/8\/2019\/05\/earth-people-300x151.png 300w, https:\/\/csl.org\/global\/wp-content\/uploads\/sites\/8\/2019\/05\/earth-people-400x201.png 400w, https:\/\/csl.org\/global\/wp-content\/uploads\/sites\/8\/2019\/05\/earth-people-540x272.png 540w, https:\/\/csl.org\/global\/wp-content\/uploads\/sites\/8\/2019\/05\/earth-people-600x302.png 600w, https:\/\/csl.org\/global\/wp-content\/uploads\/sites\/8\/2019\/05\/earth-people-768x386.png 768w, https:\/\/csl.org\/global\/wp-content\/uploads\/sites\/8\/2019\/05\/earth-people-800x403.png 800w, https:\/\/csl.org\/global\/wp-content\/uploads\/sites\/8\/2019\/05\/earth-people-1024x515.png 1024w, https:\/\/csl.org\/global\/wp-content\/uploads\/sites\/8\/2019\/05\/earth-people-1200x604.png 1200w, https:\/\/csl.org\/global\/wp-content\/uploads\/sites\/8\/2019\/05\/earth-people.png 1920w\" sizes=\"(max-width: 400px) 100vw, 400px\" \/><\/h2>\n<h2 style=\"text-align: center\" data-mce-style=\"text-align: center;\">Communaut\u00e9s membres<\/h2>\n<h2>Centres<\/h2>\n<p>&#8230;..sont des communaut\u00e9s membres dirig\u00e9es par des ministres agr\u00e9\u00e9s et sont en mesure d&#8217;offrir une gamme compl\u00e8te de services spirituels comprenant des r\u00e9unions du dimanche, des cours d&#8217;enseignement et des ateliers.<\/p>\n<h2>Chapitres d&#8217;Enseignement<\/h2>\n<p>&#8230;. sont dirig\u00e9s par un ministre ou un praticien spirituel agr\u00e9\u00e9 et organisent des r\u00e9unions hebdomadaires pendant la semaine, sauf s&#8217;ils se trouvent en dehors des \u00c9tats-Unis ou du Canada, et peuvent \u00e9galement tenir des r\u00e9unions le dimanche. L&#8217;accent est mis sur l&#8217;enseignement de la science de l&#8217;esprit. Des cours et des ateliers sont propos\u00e9s ; la communaut\u00e9 se construit et, \u00e0 mesure que le chapitre se d\u00e9veloppe, il peut changer de statut pour devenir un Centre\/Centre.<\/p>\n<h2>Minist\u00e8re de tutelle<\/h2>\n<p>&#8230;..sont des entit\u00e9s membres, dirig\u00e9es par un ministre habilit\u00e9, dont l&#8217;objectif sp\u00e9cifique est de faire conna\u00eetre l&#8217;enseignement de la science de l&#8217;esprit au monde entier, au-del\u00e0 des communaut\u00e9s traditionnelles.<\/p>\n<h2 style=\"text-align: center\" data-mce-style=\"text-align: center;\">Entit\u00e9s non membres<\/h2>\n<p style=\"text-align: center\" data-mce-style=\"text-align: center;\">(note : les groupes non membres peuvent demander \u00e0 devenir des entit\u00e9s membres)<\/p>\n<h2>Groupes d&#8217;\u00e9tude<\/h2>\n<p>&#8230;..sont \u00e9tablis par des personnes qui ont \u00e9t\u00e9 approuv\u00e9es par les Centres de vie spirituelle et qui ont une certaine formation, une connaissance de la Science de l&#8217;esprit et sont d\u00e9sireuses de partager leurs connaissances avec d&#8217;autres. Les groupes d&#8217;\u00e9tude se r\u00e9unissent pour lire, discuter et apprendre en groupe. Les groupes d&#8217;\u00e9tude en dehors des \u00c9tats-Unis et du Canada peuvent \u00eatre autoris\u00e9s \u00e0 organiser des services et \u00e0 enseigner des cours certifi\u00e9s.<\/p>\n<p><img decoding=\"async\" class=\"alignnone size-full wp-image-2719\" src=\"http:\/\/csl.org\/wp-content\/uploads\/sites\/8\/2019\/05\/CSL-group2.jpg\" alt=\"\" width=\"417\" height=\"253\" data-mce-src=\"http:\/\/csl.org\/wp-content\/uploads\/sites\/8\/2019\/05\/CSL-group2.jpg\" srcset=\"https:\/\/csl.org\/global\/wp-content\/uploads\/sites\/8\/2019\/05\/CSL-group2-200x121.jpg 200w, https:\/\/csl.org\/global\/wp-content\/uploads\/sites\/8\/2019\/05\/CSL-group2-300x182.jpg 300w, https:\/\/csl.org\/global\/wp-content\/uploads\/sites\/8\/2019\/05\/CSL-group2-400x243.jpg 400w, https:\/\/csl.org\/global\/wp-content\/uploads\/sites\/8\/2019\/05\/CSL-group2.jpg 417w\" sizes=\"(max-width: 417px) 100vw, 417px\" \/><\/p>\n<h2>Cercles de vie spirituelle<\/h2>\n<p>&#8230;un concept simple ! Vous invitez un petit cercle d&#8217;amis \u00e0 se r\u00e9unir pour discuter des id\u00e9es sur la fa\u00e7on de vivre une vie spirituelle telle qu&#8217;elle est d\u00e9crite dans les pages du magazine Science of Mind. Nous vous fournissons en permanence des documents gratuits par e-mail pour soutenir vos conversations ! Pour plus d&#8217;informations, veuillez consulter <a href=\"https:\/\/csl.org\/en\/spiritual-community\/spiritual-living-circles\" target=\"_blank\" rel=\"noopener noreferrer\" data-mce-href=\"https:\/\/csl.org\/en\/spiritual-community\/spiritual-living-circles\">ici<\/a>.<\/p>\n<p><img decoding=\"async\" class=\"alignnone wp-image-2718\" src=\"http:\/\/csl.org\/wp-content\/uploads\/sites\/8\/2019\/05\/CSL-group1.jpg\" alt=\"\" width=\"413\" height=\"299\" data-mce-src=\"http:\/\/csl.org\/wp-content\/uploads\/sites\/8\/2019\/05\/CSL-group1.jpg\" srcset=\"https:\/\/csl.org\/global\/wp-content\/uploads\/sites\/8\/2019\/05\/CSL-group1-200x145.jpg 200w, https:\/\/csl.org\/global\/wp-content\/uploads\/sites\/8\/2019\/05\/CSL-group1-300x217.jpg 300w, https:\/\/csl.org\/global\/wp-content\/uploads\/sites\/8\/2019\/05\/CSL-group1-400x289.jpg 400w, https:\/\/csl.org\/global\/wp-content\/uploads\/sites\/8\/2019\/05\/CSL-group1.jpg 401w\" sizes=\"(max-width: 413px) 100vw, 413px\" \/><\/p>\n<p>Attention ! Alors que les Centres pour la vie spirituelle continuent de faire conna\u00eetre la science de l&#8217;esprit au monde entier, il se peut que de nouveaux types de communaut\u00e9s apparaissent \u00e0 l&#8217;avenir pour \u00e9tendre les enseignements dans le monde entier.<\/p>\n<p><br data-mce-bogus=\"1\"><\/p>\n<\/div><div class=\"fusion-clearfix\"><\/div><\/div><\/div><\/div><\/div><div class=\"fusion-bg-parallax\" data-bg-align=\"center center\" data-direction=\"left\" data-mute=\"false\" data-opacity=\"100\" data-velocity=\"-0.7\" data-mobile-enabled=\"true\" data-break_parents=\"0\" data-bg-image=\"http:\/\/csl.org\/wp-content\/uploads\/sites\/8\/2019\/05\/celebration-.jpg\" data-bg-repeat=\"false\" ><\/div><div class=\"fusion-fullwidth fullwidth-box fusion-builder-row-2 fusion-parallax-left gradient-container-2 nonhundred-percent-fullwidth non-hundred-percent-height-scrolling\" style=\"--awb-border-radius-top-left:0px;--awb-border-radius-top-right:0px;--awb-border-radius-bottom-right:0px;--awb-border-radius-bottom-left:0px;--awb-background-image:url(&quot;http:\/\/csl.org\/wp-content\/uploads\/sites\/8\/2019\/05\/celebration-.jpg&quot;);--awb-background-size:cover;--awb-flex-wrap:wrap;\" ><div class=\"fusion-builder-row fusion-row\"><div class=\"fusion-layout-column fusion_builder_column fusion-builder-column-1 fusion_builder_column_1_1 1_1 fusion-one-full fusion-column-first fusion-column-last\" style=\"--awb-padding-top:250px;--awb-padding-right:200px;--awb-padding-bottom:250px;--awb-padding-left:200px;--awb-bg-size:cover;\"><div class=\"fusion-column-wrapper fusion-column-has-shadow fusion-flex-column-wrapper-legacy\"><div class=\"fusion-clearfix\"><\/div><\/div><\/div><\/div><\/div><\/p>\n","protected":false},"excerpt":{"rendered":"","protected":false},"author":1,"featured_media":0,"parent":5329,"menu_order":77,"comment_status":"closed","ping_status":"closed","template":"100-width.php","meta":{"_exactmetrics_skip_tracking":false,"_exactmetrics_sitenote_active":false,"_exactmetrics_sitenote_note":"","_exactmetrics_sitenote_category":0,"footnotes":""},"categories":[85],"tags":[],"class_list":["post-5191","page","type-page","status-publish","hentry","category-communaute-fr"],"yoast_head":"<!-- This site is optimized with the Yoast SEO plugin v23.1 - https:\/\/yoast.com\/wordpress\/plugins\/seo\/ -->\n<title>Descriptions des Communaut\u00e9s &amp;\u00a0 Groupes - Global Services - Centers for Spiritual Living<\/title>\n<meta name=\"robots\" content=\"index, follow, max-snippet:-1, max-image-preview:large, max-video-preview:-1\" \/>\n<link rel=\"canonical\" href=\"https:\/\/csl.org\/global\/fr\/communaute\/evenements-mondiaux\/descriptions-des-communautes-groupes\/\" \/>\n<meta property=\"og:locale\" content=\"en_US\" \/>\n<meta property=\"og:type\" content=\"article\" \/>\n<meta property=\"og:title\" content=\"Descriptions des Communaut\u00e9s &amp;\u00a0 Groupes - Global Services - Centers for Spiritual Living\" \/>\n<meta property=\"og:url\" content=\"https:\/\/csl.org\/global\/fr\/communaute\/evenements-mondiaux\/descriptions-des-communautes-groupes\/\" \/>\n<meta property=\"og:site_name\" content=\"Global Services - Centers for Spiritual Living\" \/>\n<meta property=\"article:modified_time\" content=\"2020-02-17T13:05:44+00:00\" \/>\n<meta property=\"og:image\" content=\"http:\/\/csl.org\/wp-content\/uploads\/sites\/8\/2019\/05\/earth-people-400x201.png\" \/>\n<meta name=\"twitter:card\" content=\"summary_large_image\" \/>\n<meta name=\"twitter:label1\" content=\"Est. reading time\" \/>\n\t<meta name=\"twitter:data1\" content=\"4 minutes\" \/>\n<script type=\"application\/ld+json\" class=\"yoast-schema-graph\">{\"@context\":\"https:\/\/schema.org\",\"@graph\":[{\"@type\":\"WebPage\",\"@id\":\"https:\/\/csl.org\/global\/fr\/communaute\/evenements-mondiaux\/descriptions-des-communautes-groupes\/\",\"url\":\"https:\/\/csl.org\/global\/fr\/communaute\/evenements-mondiaux\/descriptions-des-communautes-groupes\/\",\"name\":\"Descriptions des Communaut\u00e9s &amp;\u00a0 Groupes - Global Services - Centers for Spiritual Living\",\"isPartOf\":{\"@id\":\"https:\/\/csl.org\/global\/de\/#website\"},\"primaryImageOfPage\":{\"@id\":\"https:\/\/csl.org\/global\/fr\/communaute\/evenements-mondiaux\/descriptions-des-communautes-groupes\/#primaryimage\"},\"image\":{\"@id\":\"https:\/\/csl.org\/global\/fr\/communaute\/evenements-mondiaux\/descriptions-des-communautes-groupes\/#primaryimage\"},\"thumbnailUrl\":\"http:\/\/csl.org\/wp-content\/uploads\/sites\/8\/2019\/05\/earth-people-400x201.png\",\"datePublished\":\"2020-02-17T13:05:35+00:00\",\"dateModified\":\"2020-02-17T13:05:44+00:00\",\"breadcrumb\":{\"@id\":\"https:\/\/csl.org\/global\/fr\/communaute\/evenements-mondiaux\/descriptions-des-communautes-groupes\/#breadcrumb\"},\"inLanguage\":\"en-US\",\"potentialAction\":[{\"@type\":\"ReadAction\",\"target\":[\"https:\/\/csl.org\/global\/fr\/communaute\/evenements-mondiaux\/descriptions-des-communautes-groupes\/\"]}]},{\"@type\":\"ImageObject\",\"inLanguage\":\"en-US\",\"@id\":\"https:\/\/csl.org\/global\/fr\/communaute\/evenements-mondiaux\/descriptions-des-communautes-groupes\/#primaryimage\",\"url\":\"http:\/\/csl.org\/wp-content\/uploads\/sites\/8\/2019\/05\/earth-people-400x201.png\",\"contentUrl\":\"http:\/\/csl.org\/wp-content\/uploads\/sites\/8\/2019\/05\/earth-people-400x201.png\"},{\"@type\":\"BreadcrumbList\",\"@id\":\"https:\/\/csl.org\/global\/fr\/communaute\/evenements-mondiaux\/descriptions-des-communautes-groupes\/#breadcrumb\",\"itemListElement\":[{\"@type\":\"ListItem\",\"position\":1,\"name\":\"COMMUNAUT\u00c9\",\"item\":\"https:\/\/csl.org\/global\/fr\/communaute\/\"},{\"@type\":\"ListItem\",\"position\":2,\"name\":\"\u00c9v\u00e9nements mondiaux\",\"item\":\"https:\/\/csl.org\/global\/fr\/communaute\/evenements-mondiaux\/\"},{\"@type\":\"ListItem\",\"position\":3,\"name\":\"Descriptions des Communaut\u00e9s &amp;\u00a0 Groupes\"}]},{\"@type\":\"WebSite\",\"@id\":\"https:\/\/csl.org\/global\/de\/#website\",\"url\":\"https:\/\/csl.org\/global\/de\/\",\"name\":\"Global Services - Centers for Spiritual Living\",\"description\":\"\",\"potentialAction\":[{\"@type\":\"SearchAction\",\"target\":{\"@type\":\"EntryPoint\",\"urlTemplate\":\"https:\/\/csl.org\/global\/de\/?s={search_term_string}\"},\"query-input\":\"required name=search_term_string\"}],\"inLanguage\":\"en-US\"}]}<\/script>\n<!-- \/ Yoast SEO plugin. -->","yoast_head_json":{"title":"Descriptions des Communaut\u00e9s &amp;\u00a0 Groupes - Global Services - Centers for Spiritual Living","robots":{"index":"index","follow":"follow","max-snippet":"max-snippet:-1","max-image-preview":"max-image-preview:large","max-video-preview":"max-video-preview:-1"},"canonical":"https:\/\/csl.org\/global\/fr\/communaute\/evenements-mondiaux\/descriptions-des-communautes-groupes\/","og_locale":"en_US","og_type":"article","og_title":"Descriptions des Communaut\u00e9s &amp;\u00a0 Groupes - Global Services - Centers for Spiritual Living","og_url":"https:\/\/csl.org\/global\/fr\/communaute\/evenements-mondiaux\/descriptions-des-communautes-groupes\/","og_site_name":"Global Services - Centers for Spiritual Living","article_modified_time":"2020-02-17T13:05:44+00:00","og_image":[{"url":"http:\/\/csl.org\/wp-content\/uploads\/sites\/8\/2019\/05\/earth-people-400x201.png"}],"twitter_card":"summary_large_image","twitter_misc":{"Est. reading time":"4 minutes"},"schema":{"@context":"https:\/\/schema.org","@graph":[{"@type":"WebPage","@id":"https:\/\/csl.org\/global\/fr\/communaute\/evenements-mondiaux\/descriptions-des-communautes-groupes\/","url":"https:\/\/csl.org\/global\/fr\/communaute\/evenements-mondiaux\/descriptions-des-communautes-groupes\/","name":"Descriptions des Communaut\u00e9s &amp;\u00a0 Groupes - Global Services - Centers for Spiritual Living","isPartOf":{"@id":"https:\/\/csl.org\/global\/de\/#website"},"primaryImageOfPage":{"@id":"https:\/\/csl.org\/global\/fr\/communaute\/evenements-mondiaux\/descriptions-des-communautes-groupes\/#primaryimage"},"image":{"@id":"https:\/\/csl.org\/global\/fr\/communaute\/evenements-mondiaux\/descriptions-des-communautes-groupes\/#primaryimage"},"thumbnailUrl":"http:\/\/csl.org\/wp-content\/uploads\/sites\/8\/2019\/05\/earth-people-400x201.png","datePublished":"2020-02-17T13:05:35+00:00","dateModified":"2020-02-17T13:05:44+00:00","breadcrumb":{"@id":"https:\/\/csl.org\/global\/fr\/communaute\/evenements-mondiaux\/descriptions-des-communautes-groupes\/#breadcrumb"},"inLanguage":"en-US","potentialAction":[{"@type":"ReadAction","target":["https:\/\/csl.org\/global\/fr\/communaute\/evenements-mondiaux\/descriptions-des-communautes-groupes\/"]}]},{"@type":"ImageObject","inLanguage":"en-US","@id":"https:\/\/csl.org\/global\/fr\/communaute\/evenements-mondiaux\/descriptions-des-communautes-groupes\/#primaryimage","url":"http:\/\/csl.org\/wp-content\/uploads\/sites\/8\/2019\/05\/earth-people-400x201.png","contentUrl":"http:\/\/csl.org\/wp-content\/uploads\/sites\/8\/2019\/05\/earth-people-400x201.png"},{"@type":"BreadcrumbList","@id":"https:\/\/csl.org\/global\/fr\/communaute\/evenements-mondiaux\/descriptions-des-communautes-groupes\/#breadcrumb","itemListElement":[{"@type":"ListItem","position":1,"name":"COMMUNAUT\u00c9","item":"https:\/\/csl.org\/global\/fr\/communaute\/"},{"@type":"ListItem","position":2,"name":"\u00c9v\u00e9nements mondiaux","item":"https:\/\/csl.org\/global\/fr\/communaute\/evenements-mondiaux\/"},{"@type":"ListItem","position":3,"name":"Descriptions des Communaut\u00e9s &amp;\u00a0 Groupes"}]},{"@type":"WebSite","@id":"https:\/\/csl.org\/global\/de\/#website","url":"https:\/\/csl.org\/global\/de\/","name":"Global Services - Centers for Spiritual Living","description":"","potentialAction":[{"@type":"SearchAction","target":{"@type":"EntryPoint","urlTemplate":"https:\/\/csl.org\/global\/de\/?s={search_term_string}"},"query-input":"required name=search_term_string"}],"inLanguage":"en-US"}]}},"_links":{"self":[{"href":"https:\/\/csl.org\/global\/wp-json\/wp\/v2\/pages\/5191"}],"collection":[{"href":"https:\/\/csl.org\/global\/wp-json\/wp\/v2\/pages"}],"about":[{"href":"https:\/\/csl.org\/global\/wp-json\/wp\/v2\/types\/page"}],"author":[{"embeddable":true,"href":"https:\/\/csl.org\/global\/wp-json\/wp\/v2\/users\/1"}],"replies":[{"embeddable":true,"href":"https:\/\/csl.org\/global\/wp-json\/wp\/v2\/comments?post=5191"}],"version-history":[{"count":0,"href":"https:\/\/csl.org\/global\/wp-json\/wp\/v2\/pages\/5191\/revisions"}],"up":[{"embeddable":true,"href":"https:\/\/csl.org\/global\/wp-json\/wp\/v2\/pages\/5329"}],"wp:attachment":[{"href":"https:\/\/csl.org\/global\/wp-json\/wp\/v2\/media?parent=5191"}],"wp:term":[{"taxonomy":"category","embeddable":true,"href":"https:\/\/csl.org\/global\/wp-json\/wp\/v2\/categories?post=5191"},{"taxonomy":"post_tag","embeddable":true,"href":"https:\/\/csl.org\/global\/wp-json\/wp\/v2\/tags?post=5191"}],"curies":[{"name":"wp","href":"https:\/\/api.w.org\/{rel}","templated":true}]}}