{"id":5195,"date":"2020-02-17T13:08:15","date_gmt":"2020-02-17T13:08:15","guid":{"rendered":"https:\/\/csl.org\/global\/beschreibungen-von-gemeinschaften-und-gruppen\/"},"modified":"2020-02-17T13:08:16","modified_gmt":"2020-02-17T13:08:16","slug":"beschreibungen-von-gemeinschaften-und-gruppen","status":"publish","type":"page","link":"https:\/\/csl.org\/global\/gemeinschaft\/globale-ereignisse\/beschreibungen-von-gemeinschaften-und-gruppen\/","title":{"rendered":"Beschreibungen von Gemeinschaften und Gruppen"},"content":{"rendered":"<p><div class=\"fusion-fullwidth fullwidth-box fusion-builder-row-1 gradient-container-1 nonhundred-percent-fullwidth non-hundred-percent-height-scrolling\" style=\"--awb-border-radius-top-left:0px;--awb-border-radius-top-right:0px;--awb-border-radius-bottom-right:0px;--awb-border-radius-bottom-left:0px;--awb-background-color:#ffffff;--awb-flex-wrap:wrap;\" ><div class=\"fusion-builder-row fusion-row\"><div class=\"fusion-layout-column fusion_builder_column fusion-builder-column-0 fusion_builder_column_1_1 1_1 fusion-one-full fusion-column-first fusion-column-last fusion-animated\" style=\"--awb-padding-top:50px;--awb-padding-right:3%;--awb-padding-bottom:50px;--awb-padding-left:3%;--awb-bg-color:#ffffff;--awb-bg-color-hover:#ffffff;--awb-bg-size:cover;\" data-animationType=\"zoomIn\" data-animationDuration=\"0.3\" data-animationOffset=\"top-into-view\"><div class=\"fusion-column-wrapper fusion-column-has-shadow fusion-flex-column-wrapper-legacy\"><div class=\"fusion-text fusion-text-1\"><h1>Beschreibungen von Gemeinschaften &amp; Gruppen<\/h1>\n<h2 style=\"text-align: center\"><img fetchpriority=\"high\" decoding=\"async\" class=\"alignnone size-400 wp-image-2297\" src=\"http:\/\/csl.org\/wp-content\/uploads\/sites\/8\/2019\/05\/earth-people-400x201.png\" alt=\"\" width=\"400\" height=\"201\" srcset=\"https:\/\/csl.org\/global\/wp-content\/uploads\/sites\/8\/2019\/05\/earth-people-200x101.png 200w, https:\/\/csl.org\/global\/wp-content\/uploads\/sites\/8\/2019\/05\/earth-people-300x151.png 300w, https:\/\/csl.org\/global\/wp-content\/uploads\/sites\/8\/2019\/05\/earth-people-400x201.png 400w, https:\/\/csl.org\/global\/wp-content\/uploads\/sites\/8\/2019\/05\/earth-people-540x272.png 540w, https:\/\/csl.org\/global\/wp-content\/uploads\/sites\/8\/2019\/05\/earth-people-600x302.png 600w, https:\/\/csl.org\/global\/wp-content\/uploads\/sites\/8\/2019\/05\/earth-people-768x386.png 768w, https:\/\/csl.org\/global\/wp-content\/uploads\/sites\/8\/2019\/05\/earth-people-800x403.png 800w, https:\/\/csl.org\/global\/wp-content\/uploads\/sites\/8\/2019\/05\/earth-people-1024x515.png 1024w, https:\/\/csl.org\/global\/wp-content\/uploads\/sites\/8\/2019\/05\/earth-people-1200x604.png 1200w, https:\/\/csl.org\/global\/wp-content\/uploads\/sites\/8\/2019\/05\/earth-people.png 1920w\" sizes=\"(max-width: 400px) 100vw, 400px\" \/><\/h2>\n<h2 style=\"text-align: center\">Mitgliedsgemeinden<\/h2>\n<h2>Zentren<\/h2>\n<p>&#8230;&#8230;..sind Mitgliedsgemeinschaften, die von lizenzierten Ministern geleitet werden und die in der Lage sind, eine vollst\u00e4ndige Palette von geistlichen Diensten anzubieten, die Sonntagsversammlungen, Lehrstunden und Workshop-Angebote umfassen.<\/p>\n<h2>Unterrichtskapitel<\/h2>\n<p>&#8230;&#8230;. werden entweder von einem lizenzierten Minister oder einem lizenzierten spirituellen Praktiker geleitet und halten w\u00e4hrend der Woche w\u00f6chentliche Versammlungen ab, es sei denn, sie befinden sich au\u00dferhalb der USA\/Kanada und k\u00f6nnen auch sonntags Versammlungen abhalten. Der Schwerpunkt liegt auf der Lehre der Wissenschaft des Geistes. Es werden Klassen und Workshops angeboten; die Gemeinschaft wird aufgebaut, und wenn die Zahl der Chapter w\u00e4chst, k\u00f6nnen sie ihren Status in ein Zentrum\/Zentrum \u00e4ndern.<\/p>\n<h2>Schwerpunkt-Ministerien<\/h2>\n<h2 style=\"text-align: center\">Non Member Entities<\/h2>\n<p style=\"text-align: center\">(Hinweis: Nichtmitgliedsgruppen k\u00f6nnen eine Petition f\u00fcr die Mitgliedschaft in einer Mitgliedsorganisation einreichen)<\/p>\n<h2>Studiengruppen<\/h2>\n<p>&#8230;&#8230;..werden von Personen gegr\u00fcndet, die von den Zentren f\u00fcr spirituelles Leben anerkannt wurden und \u00fcber eine gewisse Ausbildung, Kenntnisse der Wissenschaft des Geistes und den Wunsch verf\u00fcgen, ihr Wissen mit anderen zu teilen. Studiengruppen treffen sich zusammen, um in einer Gruppenumgebung zu lesen, zu diskutieren und zu lernen. Studiengruppen ausserhalb der USA\/Kanada k\u00f6nnen f\u00fcr die Durchf\u00fchrung von Gottesdiensten und f\u00fcr den Unterricht von zertifizierten Kursen zugelassen werden.<\/p>\n<p><img decoding=\"async\" class=\"alignnone size-full wp-image-2719\" src=\"http:\/\/csl.org\/wp-content\/uploads\/sites\/8\/2019\/05\/CSL-group2.jpg\" alt=\"\" width=\"417\" height=\"253\" srcset=\"https:\/\/csl.org\/global\/wp-content\/uploads\/sites\/8\/2019\/05\/CSL-group2-200x121.jpg 200w, https:\/\/csl.org\/global\/wp-content\/uploads\/sites\/8\/2019\/05\/CSL-group2-300x182.jpg 300w, https:\/\/csl.org\/global\/wp-content\/uploads\/sites\/8\/2019\/05\/CSL-group2-400x243.jpg 400w, https:\/\/csl.org\/global\/wp-content\/uploads\/sites\/8\/2019\/05\/CSL-group2.jpg 417w\" sizes=\"(max-width: 417px) 100vw, 417px\" \/><\/p>\n<h2>Geistige Lebenskreise<\/h2>\n<p>&#8230;ein einfaches Konzept! Sie laden einen kleinen Kreis von Freunden ein, um die Ideen \u00fcber ein spirituelles Leben, wie sie auf den Seiten der Zeitschrift Science of Mind beschrieben werden, zu diskutieren. Wir stellen Ihnen laufend kostenloses Material per E-Mail zur Verf\u00fcgung, um Ihre Gespr\u00e4che zu unterst\u00fctzen! F\u00fcr weitere Informationen besuchen Sie bitte <a href=\"https:\/\/csl.org\/en\/spiritual-community\/spiritual-living-circles\" target=\"_blank\" rel=\"noopener noreferrer\">hier<\/a>.<\/p>\n<p><img decoding=\"async\" class=\"alignnone wp-image-2718\" src=\"http:\/\/csl.org\/wp-content\/uploads\/sites\/8\/2019\/05\/CSL-group1.jpg\" alt=\"\" width=\"413\" height=\"299\" srcset=\"https:\/\/csl.org\/global\/wp-content\/uploads\/sites\/8\/2019\/05\/CSL-group1-200x145.jpg 200w, https:\/\/csl.org\/global\/wp-content\/uploads\/sites\/8\/2019\/05\/CSL-group1-300x217.jpg 300w, https:\/\/csl.org\/global\/wp-content\/uploads\/sites\/8\/2019\/05\/CSL-group1-400x289.jpg 400w, https:\/\/csl.org\/global\/wp-content\/uploads\/sites\/8\/2019\/05\/CSL-group1.jpg 401w\" sizes=\"(max-width: 413px) 100vw, 413px\" \/><\/p>\n<p>Bitte beachten Sie! W\u00e4hrend die Zentren f\u00fcr spirituelles Leben weiterhin die Wissenschaft des Geistes in die Welt bringen, kann es in Zukunft neue Arten von Gemeinschaften geben, die die Lehren auf der ganzen Welt ausweiten.<\/p>\n<p>&nbsp;<\/p>\n<\/div><div class=\"fusion-clearfix\"><\/div><\/div><\/div><\/div><\/div><div class=\"fusion-bg-parallax\" data-bg-align=\"center center\" data-direction=\"left\" data-mute=\"false\" data-opacity=\"100\" data-velocity=\"-0.7\" data-mobile-enabled=\"true\" data-break_parents=\"0\" data-bg-image=\"http:\/\/csl.org\/wp-content\/uploads\/sites\/8\/2019\/05\/celebration-.jpg\" data-bg-repeat=\"false\" ><\/div><div class=\"fusion-fullwidth fullwidth-box fusion-builder-row-2 fusion-parallax-left gradient-container-2 nonhundred-percent-fullwidth non-hundred-percent-height-scrolling\" style=\"--awb-border-radius-top-left:0px;--awb-border-radius-top-right:0px;--awb-border-radius-bottom-right:0px;--awb-border-radius-bottom-left:0px;--awb-background-image:url(&quot;http:\/\/csl.org\/wp-content\/uploads\/sites\/8\/2019\/05\/celebration-.jpg&quot;);--awb-background-size:cover;--awb-flex-wrap:wrap;\" ><div class=\"fusion-builder-row fusion-row\"><div class=\"fusion-layout-column fusion_builder_column fusion-builder-column-1 fusion_builder_column_1_1 1_1 fusion-one-full fusion-column-first fusion-column-last\" style=\"--awb-padding-top:250px;--awb-padding-right:200px;--awb-padding-bottom:250px;--awb-padding-left:200px;--awb-bg-size:cover;\"><div class=\"fusion-column-wrapper fusion-column-has-shadow fusion-flex-column-wrapper-legacy\"><div class=\"fusion-clearfix\"><\/div><\/div><\/div><\/div><\/div><\/p>\n","protected":false},"excerpt":{"rendered":"","protected":false},"author":1,"featured_media":0,"parent":5333,"menu_order":78,"comment_status":"closed","ping_status":"closed","template":"100-width.php","meta":{"_exactmetrics_skip_tracking":false,"_exactmetrics_sitenote_active":false,"_exactmetrics_sitenote_note":"","_exactmetrics_sitenote_category":0,"footnotes":""},"categories":[86],"tags":[],"class_list":["post-5195","page","type-page","status-publish","hentry","category-gemeinschaft-de"],"yoast_head":"<!-- This site is optimized with the Yoast SEO plugin v23.1 - https:\/\/yoast.com\/wordpress\/plugins\/seo\/ -->\n<title>Beschreibungen von Gemeinschaften und Gruppen - Global Services - Centers for Spiritual Living<\/title>\n<meta name=\"robots\" content=\"index, follow, max-snippet:-1, max-image-preview:large, max-video-preview:-1\" \/>\n<link rel=\"canonical\" href=\"https:\/\/csl.org\/global\/de\/gemeinschaft\/globale-ereignisse\/beschreibungen-von-gemeinschaften-und-gruppen\/\" \/>\n<meta property=\"og:locale\" content=\"en_US\" \/>\n<meta property=\"og:type\" content=\"article\" \/>\n<meta property=\"og:title\" content=\"Beschreibungen von Gemeinschaften und Gruppen - Global Services - Centers for Spiritual Living\" \/>\n<meta property=\"og:url\" content=\"https:\/\/csl.org\/global\/de\/gemeinschaft\/globale-ereignisse\/beschreibungen-von-gemeinschaften-und-gruppen\/\" \/>\n<meta property=\"og:site_name\" content=\"Global Services - Centers for Spiritual Living\" \/>\n<meta property=\"article:modified_time\" content=\"2020-02-17T13:08:16+00:00\" \/>\n<meta property=\"og:image\" content=\"http:\/\/csl.org\/wp-content\/uploads\/sites\/8\/2019\/05\/earth-people-400x201.png\" \/>\n<meta name=\"twitter:card\" content=\"summary_large_image\" \/>\n<meta name=\"twitter:label1\" content=\"Est. reading time\" \/>\n\t<meta name=\"twitter:data1\" content=\"4 minutes\" \/>\n<script type=\"application\/ld+json\" class=\"yoast-schema-graph\">{\"@context\":\"https:\/\/schema.org\",\"@graph\":[{\"@type\":\"WebPage\",\"@id\":\"https:\/\/csl.org\/global\/de\/gemeinschaft\/globale-ereignisse\/beschreibungen-von-gemeinschaften-und-gruppen\/\",\"url\":\"https:\/\/csl.org\/global\/de\/gemeinschaft\/globale-ereignisse\/beschreibungen-von-gemeinschaften-und-gruppen\/\",\"name\":\"Beschreibungen von Gemeinschaften und Gruppen - Global Services - Centers for Spiritual Living\",\"isPartOf\":{\"@id\":\"https:\/\/csl.org\/global\/de\/#website\"},\"primaryImageOfPage\":{\"@id\":\"https:\/\/csl.org\/global\/de\/gemeinschaft\/globale-ereignisse\/beschreibungen-von-gemeinschaften-und-gruppen\/#primaryimage\"},\"image\":{\"@id\":\"https:\/\/csl.org\/global\/de\/gemeinschaft\/globale-ereignisse\/beschreibungen-von-gemeinschaften-und-gruppen\/#primaryimage\"},\"thumbnailUrl\":\"http:\/\/csl.org\/wp-content\/uploads\/sites\/8\/2019\/05\/earth-people-400x201.png\",\"datePublished\":\"2020-02-17T13:08:15+00:00\",\"dateModified\":\"2020-02-17T13:08:16+00:00\",\"breadcrumb\":{\"@id\":\"https:\/\/csl.org\/global\/de\/gemeinschaft\/globale-ereignisse\/beschreibungen-von-gemeinschaften-und-gruppen\/#breadcrumb\"},\"inLanguage\":\"en-US\",\"potentialAction\":[{\"@type\":\"ReadAction\",\"target\":[\"https:\/\/csl.org\/global\/de\/gemeinschaft\/globale-ereignisse\/beschreibungen-von-gemeinschaften-und-gruppen\/\"]}]},{\"@type\":\"ImageObject\",\"inLanguage\":\"en-US\",\"@id\":\"https:\/\/csl.org\/global\/de\/gemeinschaft\/globale-ereignisse\/beschreibungen-von-gemeinschaften-und-gruppen\/#primaryimage\",\"url\":\"http:\/\/csl.org\/wp-content\/uploads\/sites\/8\/2019\/05\/earth-people-400x201.png\",\"contentUrl\":\"http:\/\/csl.org\/wp-content\/uploads\/sites\/8\/2019\/05\/earth-people-400x201.png\"},{\"@type\":\"BreadcrumbList\",\"@id\":\"https:\/\/csl.org\/global\/de\/gemeinschaft\/globale-ereignisse\/beschreibungen-von-gemeinschaften-und-gruppen\/#breadcrumb\",\"itemListElement\":[{\"@type\":\"ListItem\",\"position\":1,\"name\":\"GEMEINSCHAFT\",\"item\":\"https:\/\/csl.org\/global\/de\/gemeinschaft\/\"},{\"@type\":\"ListItem\",\"position\":2,\"name\":\"Globale Ereignisse\",\"item\":\"https:\/\/csl.org\/global\/de\/gemeinschaft\/globale-ereignisse\/\"},{\"@type\":\"ListItem\",\"position\":3,\"name\":\"Beschreibungen von Gemeinschaften und Gruppen\"}]},{\"@type\":\"WebSite\",\"@id\":\"https:\/\/csl.org\/global\/de\/#website\",\"url\":\"https:\/\/csl.org\/global\/de\/\",\"name\":\"Global Services - Centers for Spiritual Living\",\"description\":\"\",\"potentialAction\":[{\"@type\":\"SearchAction\",\"target\":{\"@type\":\"EntryPoint\",\"urlTemplate\":\"https:\/\/csl.org\/global\/de\/?s={search_term_string}\"},\"query-input\":\"required name=search_term_string\"}],\"inLanguage\":\"en-US\"}]}<\/script>\n<!-- \/ Yoast SEO plugin. -->","yoast_head_json":{"title":"Beschreibungen von Gemeinschaften und Gruppen - Global Services - Centers for Spiritual Living","robots":{"index":"index","follow":"follow","max-snippet":"max-snippet:-1","max-image-preview":"max-image-preview:large","max-video-preview":"max-video-preview:-1"},"canonical":"https:\/\/csl.org\/global\/de\/gemeinschaft\/globale-ereignisse\/beschreibungen-von-gemeinschaften-und-gruppen\/","og_locale":"en_US","og_type":"article","og_title":"Beschreibungen von Gemeinschaften und Gruppen - Global Services - Centers for Spiritual Living","og_url":"https:\/\/csl.org\/global\/de\/gemeinschaft\/globale-ereignisse\/beschreibungen-von-gemeinschaften-und-gruppen\/","og_site_name":"Global Services - Centers for Spiritual Living","article_modified_time":"2020-02-17T13:08:16+00:00","og_image":[{"url":"http:\/\/csl.org\/wp-content\/uploads\/sites\/8\/2019\/05\/earth-people-400x201.png"}],"twitter_card":"summary_large_image","twitter_misc":{"Est. reading time":"4 minutes"},"schema":{"@context":"https:\/\/schema.org","@graph":[{"@type":"WebPage","@id":"https:\/\/csl.org\/global\/de\/gemeinschaft\/globale-ereignisse\/beschreibungen-von-gemeinschaften-und-gruppen\/","url":"https:\/\/csl.org\/global\/de\/gemeinschaft\/globale-ereignisse\/beschreibungen-von-gemeinschaften-und-gruppen\/","name":"Beschreibungen von Gemeinschaften und Gruppen - Global Services - Centers for Spiritual Living","isPartOf":{"@id":"https:\/\/csl.org\/global\/de\/#website"},"primaryImageOfPage":{"@id":"https:\/\/csl.org\/global\/de\/gemeinschaft\/globale-ereignisse\/beschreibungen-von-gemeinschaften-und-gruppen\/#primaryimage"},"image":{"@id":"https:\/\/csl.org\/global\/de\/gemeinschaft\/globale-ereignisse\/beschreibungen-von-gemeinschaften-und-gruppen\/#primaryimage"},"thumbnailUrl":"http:\/\/csl.org\/wp-content\/uploads\/sites\/8\/2019\/05\/earth-people-400x201.png","datePublished":"2020-02-17T13:08:15+00:00","dateModified":"2020-02-17T13:08:16+00:00","breadcrumb":{"@id":"https:\/\/csl.org\/global\/de\/gemeinschaft\/globale-ereignisse\/beschreibungen-von-gemeinschaften-und-gruppen\/#breadcrumb"},"inLanguage":"en-US","potentialAction":[{"@type":"ReadAction","target":["https:\/\/csl.org\/global\/de\/gemeinschaft\/globale-ereignisse\/beschreibungen-von-gemeinschaften-und-gruppen\/"]}]},{"@type":"ImageObject","inLanguage":"en-US","@id":"https:\/\/csl.org\/global\/de\/gemeinschaft\/globale-ereignisse\/beschreibungen-von-gemeinschaften-und-gruppen\/#primaryimage","url":"http:\/\/csl.org\/wp-content\/uploads\/sites\/8\/2019\/05\/earth-people-400x201.png","contentUrl":"http:\/\/csl.org\/wp-content\/uploads\/sites\/8\/2019\/05\/earth-people-400x201.png"},{"@type":"BreadcrumbList","@id":"https:\/\/csl.org\/global\/de\/gemeinschaft\/globale-ereignisse\/beschreibungen-von-gemeinschaften-und-gruppen\/#breadcrumb","itemListElement":[{"@type":"ListItem","position":1,"name":"GEMEINSCHAFT","item":"https:\/\/csl.org\/global\/de\/gemeinschaft\/"},{"@type":"ListItem","position":2,"name":"Globale Ereignisse","item":"https:\/\/csl.org\/global\/de\/gemeinschaft\/globale-ereignisse\/"},{"@type":"ListItem","position":3,"name":"Beschreibungen von Gemeinschaften und Gruppen"}]},{"@type":"WebSite","@id":"https:\/\/csl.org\/global\/de\/#website","url":"https:\/\/csl.org\/global\/de\/","name":"Global Services - Centers for Spiritual Living","description":"","potentialAction":[{"@type":"SearchAction","target":{"@type":"EntryPoint","urlTemplate":"https:\/\/csl.org\/global\/de\/?s={search_term_string}"},"query-input":"required name=search_term_string"}],"inLanguage":"en-US"}]}},"_links":{"self":[{"href":"https:\/\/csl.org\/global\/wp-json\/wp\/v2\/pages\/5195"}],"collection":[{"href":"https:\/\/csl.org\/global\/wp-json\/wp\/v2\/pages"}],"about":[{"href":"https:\/\/csl.org\/global\/wp-json\/wp\/v2\/types\/page"}],"author":[{"embeddable":true,"href":"https:\/\/csl.org\/global\/wp-json\/wp\/v2\/users\/1"}],"replies":[{"embeddable":true,"href":"https:\/\/csl.org\/global\/wp-json\/wp\/v2\/comments?post=5195"}],"version-history":[{"count":0,"href":"https:\/\/csl.org\/global\/wp-json\/wp\/v2\/pages\/5195\/revisions"}],"up":[{"embeddable":true,"href":"https:\/\/csl.org\/global\/wp-json\/wp\/v2\/pages\/5333"}],"wp:attachment":[{"href":"https:\/\/csl.org\/global\/wp-json\/wp\/v2\/media?parent=5195"}],"wp:term":[{"taxonomy":"category","embeddable":true,"href":"https:\/\/csl.org\/global\/wp-json\/wp\/v2\/categories?post=5195"},{"taxonomy":"post_tag","embeddable":true,"href":"https:\/\/csl.org\/global\/wp-json\/wp\/v2\/tags?post=5195"}],"curies":[{"name":"wp","href":"https:\/\/api.w.org\/{rel}","templated":true}]}}