{"id":5201,"date":"2020-02-17T13:29:23","date_gmt":"2020-02-17T13:29:23","guid":{"rendered":"https:\/\/csl.org\/global\/idees-pour-developper-votre-groupe\/"},"modified":"2020-09-04T10:16:43","modified_gmt":"2020-09-04T10:16:43","slug":"idees-pour-developper-votre-groupe","status":"publish","type":"page","link":"https:\/\/csl.org\/global\/ressources\/creer-un-groupe-sur-la-science-de-lesprit\/idees-pour-developper-votre-groupe\/","title":{"rendered":"Id\u00e9es pour d\u00e9velopper votre groupe"},"content":{"rendered":"<p><div class=\"fusion-fullwidth fullwidth-box fusion-builder-row-1 gradient-container-1 nonhundred-percent-fullwidth non-hundred-percent-height-scrolling\" style=\"--awb-border-radius-top-left:0px;--awb-border-radius-top-right:0px;--awb-border-radius-bottom-right:0px;--awb-border-radius-bottom-left:0px;--awb-background-color:#ffffff;--awb-flex-wrap:wrap;\" ><div class=\"fusion-builder-row fusion-row\"><div class=\"fusion-layout-column fusion_builder_column fusion-builder-column-0 fusion_builder_column_1_1 1_1 fusion-one-full fusion-column-first fusion-column-last fusion-animated\" style=\"--awb-padding-top:50px;--awb-padding-right:3%;--awb-padding-bottom:50px;--awb-padding-left:3%;--awb-bg-color:#ffffff;--awb-bg-color-hover:#ffffff;--awb-bg-size:cover;\" data-animationType=\"fadeInLeft\" data-animationDuration=\"0.3\" data-animationOffset=\"top-into-view\"><div class=\"fusion-column-wrapper fusion-column-has-shadow fusion-flex-column-wrapper-legacy\"><div class=\"fusion-text fusion-text-1\"><h1>Id\u00e9es pour d\u00e9velopper votre groupe<\/h1>\n<p><img fetchpriority=\"high\" decoding=\"async\" class=\"size-400 wp-image-2739 alignright\" src=\"http:\/\/csl.org\/wp-content\/uploads\/sites\/8\/2019\/05\/idea-world-400x240.jpg\" alt=\"\" width=\"400\" height=\"240\" srcset=\"https:\/\/csl.org\/global\/wp-content\/uploads\/sites\/8\/2019\/05\/idea-world-200x120.jpg 200w, https:\/\/csl.org\/global\/wp-content\/uploads\/sites\/8\/2019\/05\/idea-world-300x180.jpg 300w, https:\/\/csl.org\/global\/wp-content\/uploads\/sites\/8\/2019\/05\/idea-world-400x240.jpg 400w, https:\/\/csl.org\/global\/wp-content\/uploads\/sites\/8\/2019\/05\/idea-world-600x360.jpg 600w, https:\/\/csl.org\/global\/wp-content\/uploads\/sites\/8\/2019\/05\/idea-world-768x461.jpg 768w, https:\/\/csl.org\/global\/wp-content\/uploads\/sites\/8\/2019\/05\/idea-world-800x480.jpg 800w, https:\/\/csl.org\/global\/wp-content\/uploads\/sites\/8\/2019\/05\/idea-world-1024x614.jpg 1024w, https:\/\/csl.org\/global\/wp-content\/uploads\/sites\/8\/2019\/05\/idea-world-1200x720.jpg 1200w, https:\/\/csl.org\/global\/wp-content\/uploads\/sites\/8\/2019\/05\/idea-world.jpg 1920w\" sizes=\"(max-width: 400px) 100vw, 400px\" \/>L&#8217;essentiel pour la r\u00e9ussite d&#8217;un groupe est de s&#8217;assurer que les chercheurs spirituels int\u00e9ress\u00e9s vous connaissent. Voici 5 choses essentielles que nous vous recommandons de faire pour faire conna\u00eetre vos activit\u00e9s:<\/p>\n<h2>One : utiliser le bouche \u00e0 oreille<\/h2>\n<p>Commencez par inviter vos amis et connaissances qui, selon vous, seraient int\u00e9ress\u00e9s par la cr\u00e9ation d&#8217;un groupe. Identifiez les personnes que vous connaissez et qui ont des int\u00e9r\u00eats spirituels similaires aux v\u00f4tres et demandez-leur personnellement de se joindre \u00e0 vous. Ensuite, demandez-leur de demander \u00e0 leurs amis ! Assurez-vous qu&#8217;ils disposent d&#8217;un moyen de vous contacter, comme une adresse \u00e9lectronique ou un num\u00e9ro de t\u00e9l\u00e9phone.<\/p>\n<h2>Two : utiliser les m\u00e9dias sociaux<\/h2>\n<p>Mettez en place une page FaceBook de groupe (ou ce qui serait plus appropri\u00e9 dans votre pays) pour cr\u00e9er un moyen de communiquer sur ce que vous \u00eates et ce que vous faites. Publiez r\u00e9guli\u00e8rement des informations. Faites en sorte que vos membres partagent les messages avec leurs contacts. Envisagez d&#8217;utiliser d&#8217;autres ressources de m\u00e9dias sociaux appropri\u00e9es qui permettraient de faire conna\u00eetre votre groupe (Twitter, MeetUp.com, etc.). Assurez-vous de conserver une liste des adresses \u00e9lectroniques de vos membres et de disposer d&#8217;un moyen de les contacter !<\/p>\n<h2>Trois : Trouver des groupes de m\u00eame sensibilit\u00e9<\/h2>\n<p>Existe-t-il des groupes dans votre r\u00e9gion qui explorent des concepts m\u00e9taphysiques ? Cherchez-les, participez \u00e0 leurs groupes et faites-leur conna\u00eetre les v\u00f4tres ! Trouvez des moyens de travailler ensemble et de vous soutenir les uns les autres. N&#8217;oubliez pas de consulter les ressources dans les librairies spirituelles ou m\u00e9taphysiques.<\/p>\n<h2>Quatre : Tendre la main aux m\u00e9dias traditionnels<\/h2>\n<p>Contactez les m\u00e9dias locaux de votre r\u00e9gion, surtout s&#8217;ils \u00e9crivent sur les ressources spirituelles. R\u00e9digez un communiqu\u00e9 de presse ou un bref article sur votre groupe et demandez-leur d&#8217;imprimer quelque chose. Cherchez des bulletins d&#8217;information gratuits sp\u00e9cialis\u00e9s qui \u00e9crivent sur des sujets spirituels et demandez-leur de vous inclure. Cherchez des petites annonces gratuites ou \u00e0 faible co\u00fbt que vous pouvez diffuser.<\/p>\n<h2>Cinq : Ayez un groupe int\u00e9ressant !<\/h2>\n<p>La meilleure r\u00e9ussite vient du fait d&#8217;avoir un groupe convaincant auquel les gens veulent revenir sans cesse ! Veillez \u00e0 ce que votre groupe soit vivant et int\u00e9ressant. Quelles sont les id\u00e9es que vous avez essay\u00e9es et que vous aimeriez partager ? Publiez-la dans notre groupe FaceBook ou envoyez-la par e-mail \u00e0 notre coordinateur des services mondiaux, la r\u00e9v\u00e9rend Martha Quintana, \u00e0 l&#8217;adresse suivante : <a href=\"&#x6d;&#97;i&#x6c;&#116;o&#x3a;&#109;q&#x75;&#x69;&#110;&#x74;&#x61;&#110;a&#x40;&#99;s&#x6c;&#46;o&#x72;&#x67;\">&#x6d;&#x71;&#x75;&#x69;&#x6e;&#x74;&#97;&#110;&#97;&#64;csl&#46;&#x6f;&#x72;&#x67;<\/a><\/p>\n<p>&nbsp;<\/p>\n<\/div><div class=\"fusion-clearfix\"><\/div><\/div><\/div><\/div><\/div><div class=\"fusion-bg-parallax\" data-bg-align=\"center center\" data-direction=\"left\" data-mute=\"false\" data-opacity=\"100\" data-velocity=\"-0.7\" data-mobile-enabled=\"true\" data-break_parents=\"0\" data-bg-image=\"http:\/\/csl.org\/wp-content\/uploads\/sites\/8\/2019\/05\/snails-1024x678.jpg\" data-bg-repeat=\"false\" ><\/div><div class=\"fusion-fullwidth fullwidth-box fusion-builder-row-2 fusion-parallax-left gradient-container-2 nonhundred-percent-fullwidth non-hundred-percent-height-scrolling\" style=\"--awb-border-radius-top-left:0px;--awb-border-radius-top-right:0px;--awb-border-radius-bottom-right:0px;--awb-border-radius-bottom-left:0px;--awb-background-image:url(&quot;http:\/\/csl.org\/wp-content\/uploads\/sites\/8\/2019\/05\/snails-1024x678.jpg&quot;);--awb-background-size:cover;--awb-flex-wrap:wrap;\" ><div class=\"fusion-builder-row fusion-row\"><div class=\"fusion-layout-column fusion_builder_column fusion-builder-column-1 fusion_builder_column_1_1 1_1 fusion-one-full fusion-column-first fusion-column-last\" style=\"--awb-padding-top:250px;--awb-padding-right:200px;--awb-padding-bottom:250px;--awb-padding-left:200px;--awb-bg-size:cover;\"><div class=\"fusion-column-wrapper fusion-column-has-shadow fusion-flex-column-wrapper-legacy\"><div class=\"fusion-clearfix\"><\/div><\/div><\/div><\/div><\/div><\/p>\n","protected":false},"excerpt":{"rendered":"","protected":false},"author":1,"featured_media":0,"parent":5323,"menu_order":192,"comment_status":"closed","ping_status":"closed","template":"100-width.php","meta":{"_exactmetrics_skip_tracking":false,"_exactmetrics_sitenote_active":false,"_exactmetrics_sitenote_note":"","_exactmetrics_sitenote_category":0,"footnotes":""},"categories":[87],"tags":[],"class_list":["post-5201","page","type-page","status-publish","hentry","category-ressources-fr"],"yoast_head":"<!-- This site is optimized with the Yoast SEO plugin v23.1 - https:\/\/yoast.com\/wordpress\/plugins\/seo\/ -->\n<title>Id\u00e9es pour d\u00e9velopper votre groupe - Global Services - Centers for Spiritual Living<\/title>\n<meta name=\"robots\" content=\"index, follow, max-snippet:-1, max-image-preview:large, max-video-preview:-1\" \/>\n<link rel=\"canonical\" href=\"https:\/\/csl.org\/global\/fr\/ressources\/creer-un-groupe-sur-la-science-de-lesprit\/idees-pour-developper-votre-groupe\/\" \/>\n<meta property=\"og:locale\" content=\"en_US\" \/>\n<meta property=\"og:type\" content=\"article\" \/>\n<meta property=\"og:title\" content=\"Id\u00e9es pour d\u00e9velopper votre groupe - Global Services - Centers for Spiritual Living\" \/>\n<meta property=\"og:url\" content=\"https:\/\/csl.org\/global\/fr\/ressources\/creer-un-groupe-sur-la-science-de-lesprit\/idees-pour-developper-votre-groupe\/\" \/>\n<meta property=\"og:site_name\" content=\"Global Services - Centers for Spiritual Living\" \/>\n<meta property=\"article:modified_time\" content=\"2020-09-04T10:16:43+00:00\" \/>\n<meta property=\"og:image\" content=\"http:\/\/csl.org\/wp-content\/uploads\/sites\/8\/2019\/05\/idea-world-400x240.jpg\" \/>\n<meta name=\"twitter:card\" content=\"summary_large_image\" \/>\n<meta name=\"twitter:label1\" content=\"Est. reading time\" \/>\n\t<meta name=\"twitter:data1\" content=\"5 minutes\" \/>\n<script type=\"application\/ld+json\" class=\"yoast-schema-graph\">{\"@context\":\"https:\/\/schema.org\",\"@graph\":[{\"@type\":\"WebPage\",\"@id\":\"https:\/\/csl.org\/global\/fr\/ressources\/creer-un-groupe-sur-la-science-de-lesprit\/idees-pour-developper-votre-groupe\/\",\"url\":\"https:\/\/csl.org\/global\/fr\/ressources\/creer-un-groupe-sur-la-science-de-lesprit\/idees-pour-developper-votre-groupe\/\",\"name\":\"Id\u00e9es pour d\u00e9velopper votre groupe - Global Services - Centers for Spiritual Living\",\"isPartOf\":{\"@id\":\"https:\/\/csl.org\/global\/de\/#website\"},\"primaryImageOfPage\":{\"@id\":\"https:\/\/csl.org\/global\/fr\/ressources\/creer-un-groupe-sur-la-science-de-lesprit\/idees-pour-developper-votre-groupe\/#primaryimage\"},\"image\":{\"@id\":\"https:\/\/csl.org\/global\/fr\/ressources\/creer-un-groupe-sur-la-science-de-lesprit\/idees-pour-developper-votre-groupe\/#primaryimage\"},\"thumbnailUrl\":\"http:\/\/csl.org\/wp-content\/uploads\/sites\/8\/2019\/05\/idea-world-400x240.jpg\",\"datePublished\":\"2020-02-17T13:29:23+00:00\",\"dateModified\":\"2020-09-04T10:16:43+00:00\",\"breadcrumb\":{\"@id\":\"https:\/\/csl.org\/global\/fr\/ressources\/creer-un-groupe-sur-la-science-de-lesprit\/idees-pour-developper-votre-groupe\/#breadcrumb\"},\"inLanguage\":\"en-US\",\"potentialAction\":[{\"@type\":\"ReadAction\",\"target\":[\"https:\/\/csl.org\/global\/fr\/ressources\/creer-un-groupe-sur-la-science-de-lesprit\/idees-pour-developper-votre-groupe\/\"]}]},{\"@type\":\"ImageObject\",\"inLanguage\":\"en-US\",\"@id\":\"https:\/\/csl.org\/global\/fr\/ressources\/creer-un-groupe-sur-la-science-de-lesprit\/idees-pour-developper-votre-groupe\/#primaryimage\",\"url\":\"http:\/\/csl.org\/wp-content\/uploads\/sites\/8\/2019\/05\/idea-world-400x240.jpg\",\"contentUrl\":\"http:\/\/csl.org\/wp-content\/uploads\/sites\/8\/2019\/05\/idea-world-400x240.jpg\"},{\"@type\":\"BreadcrumbList\",\"@id\":\"https:\/\/csl.org\/global\/fr\/ressources\/creer-un-groupe-sur-la-science-de-lesprit\/idees-pour-developper-votre-groupe\/#breadcrumb\",\"itemListElement\":[{\"@type\":\"ListItem\",\"position\":1,\"name\":\"RESSOURCES\",\"item\":\"https:\/\/csl.org\/global\/fr\/ressources\/\"},{\"@type\":\"ListItem\",\"position\":2,\"name\":\"Cr\u00e9er un groupe sur la Science de l&#8217;Esprit\",\"item\":\"https:\/\/csl.org\/global\/fr\/ressources\/creer-un-groupe-sur-la-science-de-lesprit\/\"},{\"@type\":\"ListItem\",\"position\":3,\"name\":\"Id\u00e9es pour d\u00e9velopper votre groupe\"}]},{\"@type\":\"WebSite\",\"@id\":\"https:\/\/csl.org\/global\/de\/#website\",\"url\":\"https:\/\/csl.org\/global\/de\/\",\"name\":\"Global Services - Centers for Spiritual Living\",\"description\":\"\",\"potentialAction\":[{\"@type\":\"SearchAction\",\"target\":{\"@type\":\"EntryPoint\",\"urlTemplate\":\"https:\/\/csl.org\/global\/de\/?s={search_term_string}\"},\"query-input\":\"required name=search_term_string\"}],\"inLanguage\":\"en-US\"}]}<\/script>\n<!-- \/ Yoast SEO plugin. -->","yoast_head_json":{"title":"Id\u00e9es pour d\u00e9velopper votre groupe - Global Services - Centers for Spiritual Living","robots":{"index":"index","follow":"follow","max-snippet":"max-snippet:-1","max-image-preview":"max-image-preview:large","max-video-preview":"max-video-preview:-1"},"canonical":"https:\/\/csl.org\/global\/fr\/ressources\/creer-un-groupe-sur-la-science-de-lesprit\/idees-pour-developper-votre-groupe\/","og_locale":"en_US","og_type":"article","og_title":"Id\u00e9es pour d\u00e9velopper votre groupe - Global Services - Centers for Spiritual Living","og_url":"https:\/\/csl.org\/global\/fr\/ressources\/creer-un-groupe-sur-la-science-de-lesprit\/idees-pour-developper-votre-groupe\/","og_site_name":"Global Services - Centers for Spiritual Living","article_modified_time":"2020-09-04T10:16:43+00:00","og_image":[{"url":"http:\/\/csl.org\/wp-content\/uploads\/sites\/8\/2019\/05\/idea-world-400x240.jpg"}],"twitter_card":"summary_large_image","twitter_misc":{"Est. reading time":"5 minutes"},"schema":{"@context":"https:\/\/schema.org","@graph":[{"@type":"WebPage","@id":"https:\/\/csl.org\/global\/fr\/ressources\/creer-un-groupe-sur-la-science-de-lesprit\/idees-pour-developper-votre-groupe\/","url":"https:\/\/csl.org\/global\/fr\/ressources\/creer-un-groupe-sur-la-science-de-lesprit\/idees-pour-developper-votre-groupe\/","name":"Id\u00e9es pour d\u00e9velopper votre groupe - Global Services - Centers for Spiritual Living","isPartOf":{"@id":"https:\/\/csl.org\/global\/de\/#website"},"primaryImageOfPage":{"@id":"https:\/\/csl.org\/global\/fr\/ressources\/creer-un-groupe-sur-la-science-de-lesprit\/idees-pour-developper-votre-groupe\/#primaryimage"},"image":{"@id":"https:\/\/csl.org\/global\/fr\/ressources\/creer-un-groupe-sur-la-science-de-lesprit\/idees-pour-developper-votre-groupe\/#primaryimage"},"thumbnailUrl":"http:\/\/csl.org\/wp-content\/uploads\/sites\/8\/2019\/05\/idea-world-400x240.jpg","datePublished":"2020-02-17T13:29:23+00:00","dateModified":"2020-09-04T10:16:43+00:00","breadcrumb":{"@id":"https:\/\/csl.org\/global\/fr\/ressources\/creer-un-groupe-sur-la-science-de-lesprit\/idees-pour-developper-votre-groupe\/#breadcrumb"},"inLanguage":"en-US","potentialAction":[{"@type":"ReadAction","target":["https:\/\/csl.org\/global\/fr\/ressources\/creer-un-groupe-sur-la-science-de-lesprit\/idees-pour-developper-votre-groupe\/"]}]},{"@type":"ImageObject","inLanguage":"en-US","@id":"https:\/\/csl.org\/global\/fr\/ressources\/creer-un-groupe-sur-la-science-de-lesprit\/idees-pour-developper-votre-groupe\/#primaryimage","url":"http:\/\/csl.org\/wp-content\/uploads\/sites\/8\/2019\/05\/idea-world-400x240.jpg","contentUrl":"http:\/\/csl.org\/wp-content\/uploads\/sites\/8\/2019\/05\/idea-world-400x240.jpg"},{"@type":"BreadcrumbList","@id":"https:\/\/csl.org\/global\/fr\/ressources\/creer-un-groupe-sur-la-science-de-lesprit\/idees-pour-developper-votre-groupe\/#breadcrumb","itemListElement":[{"@type":"ListItem","position":1,"name":"RESSOURCES","item":"https:\/\/csl.org\/global\/fr\/ressources\/"},{"@type":"ListItem","position":2,"name":"Cr\u00e9er un groupe sur la Science de l&#8217;Esprit","item":"https:\/\/csl.org\/global\/fr\/ressources\/creer-un-groupe-sur-la-science-de-lesprit\/"},{"@type":"ListItem","position":3,"name":"Id\u00e9es pour d\u00e9velopper votre groupe"}]},{"@type":"WebSite","@id":"https:\/\/csl.org\/global\/de\/#website","url":"https:\/\/csl.org\/global\/de\/","name":"Global Services - Centers for Spiritual Living","description":"","potentialAction":[{"@type":"SearchAction","target":{"@type":"EntryPoint","urlTemplate":"https:\/\/csl.org\/global\/de\/?s={search_term_string}"},"query-input":"required name=search_term_string"}],"inLanguage":"en-US"}]}},"_links":{"self":[{"href":"https:\/\/csl.org\/global\/wp-json\/wp\/v2\/pages\/5201"}],"collection":[{"href":"https:\/\/csl.org\/global\/wp-json\/wp\/v2\/pages"}],"about":[{"href":"https:\/\/csl.org\/global\/wp-json\/wp\/v2\/types\/page"}],"author":[{"embeddable":true,"href":"https:\/\/csl.org\/global\/wp-json\/wp\/v2\/users\/1"}],"replies":[{"embeddable":true,"href":"https:\/\/csl.org\/global\/wp-json\/wp\/v2\/comments?post=5201"}],"version-history":[{"count":2,"href":"https:\/\/csl.org\/global\/wp-json\/wp\/v2\/pages\/5201\/revisions"}],"predecessor-version":[{"id":8878,"href":"https:\/\/csl.org\/global\/wp-json\/wp\/v2\/pages\/5201\/revisions\/8878"}],"up":[{"embeddable":true,"href":"https:\/\/csl.org\/global\/wp-json\/wp\/v2\/pages\/5323"}],"wp:attachment":[{"href":"https:\/\/csl.org\/global\/wp-json\/wp\/v2\/media?parent=5201"}],"wp:term":[{"taxonomy":"category","embeddable":true,"href":"https:\/\/csl.org\/global\/wp-json\/wp\/v2\/categories?post=5201"},{"taxonomy":"post_tag","embeddable":true,"href":"https:\/\/csl.org\/global\/wp-json\/wp\/v2\/tags?post=5201"}],"curies":[{"name":"wp","href":"https:\/\/api.w.org\/{rel}","templated":true}]}}