{"id":5203,"date":"2020-02-17T13:32:12","date_gmt":"2020-02-17T13:32:12","guid":{"rendered":"https:\/\/csl.org\/global\/ideen-fuer-das-wachstum-ihrer-gruppe\/"},"modified":"2020-09-04T12:54:08","modified_gmt":"2020-09-04T12:54:08","slug":"ideen-fuer-das-wachstum-ihrer-gruppe","status":"publish","type":"page","link":"https:\/\/csl.org\/global\/ressourcen\/erstellen-einer-gruppe-fuer-die-wissenschaft-des-geistes\/ideen-fuer-das-wachstum-ihrer-gruppe\/","title":{"rendered":"Ideen f\u00fcr das Wachstum Ihrer Gruppe"},"content":{"rendered":"<p><div class=\"fusion-fullwidth fullwidth-box fusion-builder-row-1 gradient-container-1 nonhundred-percent-fullwidth non-hundred-percent-height-scrolling\" style=\"--awb-border-radius-top-left:0px;--awb-border-radius-top-right:0px;--awb-border-radius-bottom-right:0px;--awb-border-radius-bottom-left:0px;--awb-background-color:#ffffff;--awb-flex-wrap:wrap;\" ><div class=\"fusion-builder-row fusion-row\"><div class=\"fusion-layout-column fusion_builder_column fusion-builder-column-0 fusion_builder_column_1_1 1_1 fusion-one-full fusion-column-first fusion-column-last fusion-animated\" style=\"--awb-padding-top:50px;--awb-padding-right:3%;--awb-padding-bottom:50px;--awb-padding-left:3%;--awb-bg-color:#ffffff;--awb-bg-color-hover:#ffffff;--awb-bg-size:cover;\" data-animationType=\"fadeInLeft\" data-animationDuration=\"0.3\" data-animationOffset=\"top-into-view\"><div class=\"fusion-column-wrapper fusion-column-has-shadow fusion-flex-column-wrapper-legacy\"><div class=\"fusion-text fusion-text-1\"><h1>Ideen f\u00fcr das Wachstum Ihrer Gruppe<\/h1>\n<p><img fetchpriority=\"high\" decoding=\"async\" class=\"size-400 wp-image-2739 alignright\" src=\"http:\/\/csl.org\/wp-content\/uploads\/sites\/8\/2019\/05\/idea-world-400x240.jpg\" alt=\"\" width=\"400\" height=\"240\" srcset=\"https:\/\/csl.org\/global\/wp-content\/uploads\/sites\/8\/2019\/05\/idea-world-200x120.jpg 200w, https:\/\/csl.org\/global\/wp-content\/uploads\/sites\/8\/2019\/05\/idea-world-300x180.jpg 300w, https:\/\/csl.org\/global\/wp-content\/uploads\/sites\/8\/2019\/05\/idea-world-400x240.jpg 400w, https:\/\/csl.org\/global\/wp-content\/uploads\/sites\/8\/2019\/05\/idea-world-600x360.jpg 600w, https:\/\/csl.org\/global\/wp-content\/uploads\/sites\/8\/2019\/05\/idea-world-768x461.jpg 768w, https:\/\/csl.org\/global\/wp-content\/uploads\/sites\/8\/2019\/05\/idea-world-800x480.jpg 800w, https:\/\/csl.org\/global\/wp-content\/uploads\/sites\/8\/2019\/05\/idea-world-1024x614.jpg 1024w, https:\/\/csl.org\/global\/wp-content\/uploads\/sites\/8\/2019\/05\/idea-world-1200x720.jpg 1200w, https:\/\/csl.org\/global\/wp-content\/uploads\/sites\/8\/2019\/05\/idea-world.jpg 1920w\" sizes=\"(max-width: 400px) 100vw, 400px\" \/>Wesentlich f\u00fcr eine erfolgreiche Gruppe ist es, sicherzustellen, dass interessierte spirituelle Sucher \u00fcber Sie Bescheid wissen. Hier sind 5 wesentliche Dinge, die wir Ihnen empfehlen, um Ihre Aktivit\u00e4ten bekannt zu machen:<\/p>\n<h2>Eins: Mundpropaganda verwenden<\/h2>\n<p>Beginnen Sie damit, Ihre Freunde und Bekannten einzuladen, von denen Sie glauben, dass sie an der Gr\u00fcndung einer Gruppe interessiert sind. Finden Sie heraus, wen Sie kennen, der \u00e4hnliche spirituelle Interessen wie Sie hat, und bitten Sie ihn pers\u00f6nlich, sich Ihnen anzuschlie\u00dfen. Bitten Sie sie dann, ihre Freunde zu fragen! Vergewissern Sie sich, dass sie eine M\u00f6glichkeit haben, mit Ihnen in Kontakt zu treten, wie z.B. eine E-Mail-Adresse oder Telefonnummer.<\/p>\n<h2>Zwei: Social Media nutzen<\/h2>\n<p>Richten Sie eine Gruppen-FaceBook-Seite ein (oder was immer in Ihrem Land angemessener w\u00e4re), um eine M\u00f6glichkeit zu schaffen, zu kommunizieren, worum es Ihnen geht und was Sie tun. Ver\u00f6ffentlichen Sie regelm\u00e4\u00dfig Informationen. Bringen Sie Ihre Mitglieder dazu, die Beitr\u00e4ge mit ihren Kontakten zu teilen. Erw\u00e4gen Sie die Nutzung anderer geeigneter sozialer Medien, die Ihre Gruppe bekannt machen w\u00fcrden (Twitter, MeetUp.com usw.). Stellen Sie sicher, dass Sie eine Liste mit der E-Mail-Adresse Ihrer Mitglieder f\u00fchren und eine M\u00f6glichkeit haben, mit ihnen in Kontakt zu treten!<\/p>\n<h2>Drei: Gleichgesinnte Gruppen finden<\/h2>\n<p>Gibt es in Ihrem Gebiet Gruppen, die sich mit metaphysischen Konzepten befassen? Suchen Sie sie aus und besuchen Sie ihre Gruppen und lassen Sie sie \u00fcber Ihre informieren! Finden Sie Wege, um zusammenzuarbeiten und sich gegenseitig zu unterst\u00fctzen. Vergessen Sie nicht, die Ressourcen in spirituellen oder metaphysischen Buchl\u00e4den zu pr\u00fcfen.<\/p>\n<h2>Vier: Kontakt zu traditionellen Medien<\/h2>\n<p>Wenden Sie sich an die lokalen Medien in Ihrer Region, insbesondere wenn sie \u00fcber spirituelle Ressourcen schreiben. Schreiben Sie eine Pressemitteilung oder einen kurzen Artikel \u00fcber Ihre Gruppe und bitten Sie sie, etwas zu drucken. Suchen Sie nach spezialisierten, kostenlosen Newslettern, die \u00fcber spirituelle Themen schreiben, und bitten Sie sie, Sie einzubeziehen. Suchen Sie nach kostenlosen oder kosteng\u00fcnstigen Kleinanzeigen, die Sie schalten k\u00f6nnen.<\/p>\n<h2>F\u00fcnf: Haben Sie eine interessante Gruppe!<\/h2>\n<p>Der beste Erfolg ist, eine \u00fcberzeugende Gruppe zu haben, zu der die Menschen immer wieder zur\u00fcckkommen wollen! Stellen Sie sicher, dass Ihre Gruppe lebendig und interessant ist. Welche Ideen haben Sie ausprobiert, die Sie gerne teilen m\u00f6chten? Ver\u00f6ffentlichen Sie sie in unserer FaceBook-Gruppe oder senden Sie sie per E-Mail an unseren Global Services Coordinator, Pastor Martha Quintana unter <a href=\"&#x6d;&#97;i&#x6c;&#116;o&#x3a;&#109;q&#x75;&#x69;&#110;&#x74;&#x61;&#110;a&#x40;&#99;s&#x6c;&#46;o&#x72;&#x67;\">m&#113;&#x75;&#x69;n&#116;&#x61;&#x6e;a&#64;&#99;&#x73;&#x6c;&#46;&#111;&#x72;&#x67;<\/a>.<\/p>\n<p>&nbsp;<\/p>\n<\/div><div class=\"fusion-clearfix\"><\/div><\/div><\/div><\/div><\/div><div class=\"fusion-bg-parallax\" data-bg-align=\"center center\" data-direction=\"left\" data-mute=\"false\" data-opacity=\"100\" data-velocity=\"-0.7\" data-mobile-enabled=\"true\" data-break_parents=\"0\" data-bg-image=\"http:\/\/csl.org\/wp-content\/uploads\/sites\/8\/2019\/05\/snails-1024x678.jpg\" data-bg-repeat=\"false\" ><\/div><div class=\"fusion-fullwidth fullwidth-box fusion-builder-row-2 fusion-parallax-left gradient-container-2 nonhundred-percent-fullwidth non-hundred-percent-height-scrolling\" style=\"--awb-border-radius-top-left:0px;--awb-border-radius-top-right:0px;--awb-border-radius-bottom-right:0px;--awb-border-radius-bottom-left:0px;--awb-background-image:url(&quot;http:\/\/csl.org\/wp-content\/uploads\/sites\/8\/2019\/05\/snails-1024x678.jpg&quot;);--awb-background-size:cover;--awb-flex-wrap:wrap;\" ><div class=\"fusion-builder-row fusion-row\"><div class=\"fusion-layout-column fusion_builder_column fusion-builder-column-1 fusion_builder_column_1_1 1_1 fusion-one-full fusion-column-first fusion-column-last\" style=\"--awb-padding-top:250px;--awb-padding-right:200px;--awb-padding-bottom:250px;--awb-padding-left:200px;--awb-bg-size:cover;\"><div class=\"fusion-column-wrapper fusion-column-has-shadow fusion-flex-column-wrapper-legacy\"><div class=\"fusion-clearfix\"><\/div><\/div><\/div><\/div><\/div><\/p>\n","protected":false},"excerpt":{"rendered":"","protected":false},"author":1,"featured_media":0,"parent":5325,"menu_order":193,"comment_status":"closed","ping_status":"closed","template":"100-width.php","meta":{"_exactmetrics_skip_tracking":false,"_exactmetrics_sitenote_active":false,"_exactmetrics_sitenote_note":"","_exactmetrics_sitenote_category":0,"footnotes":""},"categories":[89],"tags":[],"class_list":["post-5203","page","type-page","status-publish","hentry","category-ressourcen-de"],"yoast_head":"<!-- This site is optimized with the Yoast SEO plugin v23.1 - https:\/\/yoast.com\/wordpress\/plugins\/seo\/ -->\n<title>Ideen f\u00fcr das Wachstum Ihrer Gruppe - Global Services - Centers for Spiritual Living<\/title>\n<meta name=\"robots\" content=\"index, follow, max-snippet:-1, max-image-preview:large, max-video-preview:-1\" \/>\n<link rel=\"canonical\" href=\"https:\/\/csl.org\/global\/de\/ressourcen\/erstellen-einer-gruppe-fuer-die-wissenschaft-des-geistes\/ideen-fuer-das-wachstum-ihrer-gruppe\/\" \/>\n<meta property=\"og:locale\" content=\"en_US\" \/>\n<meta property=\"og:type\" content=\"article\" \/>\n<meta property=\"og:title\" content=\"Ideen f\u00fcr das Wachstum Ihrer Gruppe - Global Services - Centers for Spiritual Living\" \/>\n<meta property=\"og:url\" content=\"https:\/\/csl.org\/global\/de\/ressourcen\/erstellen-einer-gruppe-fuer-die-wissenschaft-des-geistes\/ideen-fuer-das-wachstum-ihrer-gruppe\/\" \/>\n<meta property=\"og:site_name\" content=\"Global Services - Centers for Spiritual Living\" \/>\n<meta property=\"article:modified_time\" content=\"2020-09-04T12:54:08+00:00\" \/>\n<meta property=\"og:image\" content=\"http:\/\/csl.org\/wp-content\/uploads\/sites\/8\/2019\/05\/idea-world-400x240.jpg\" \/>\n<meta name=\"twitter:card\" content=\"summary_large_image\" \/>\n<meta name=\"twitter:label1\" content=\"Est. reading time\" \/>\n\t<meta name=\"twitter:data1\" content=\"5 minutes\" \/>\n<script type=\"application\/ld+json\" class=\"yoast-schema-graph\">{\"@context\":\"https:\/\/schema.org\",\"@graph\":[{\"@type\":\"WebPage\",\"@id\":\"https:\/\/csl.org\/global\/de\/ressourcen\/erstellen-einer-gruppe-fuer-die-wissenschaft-des-geistes\/ideen-fuer-das-wachstum-ihrer-gruppe\/\",\"url\":\"https:\/\/csl.org\/global\/de\/ressourcen\/erstellen-einer-gruppe-fuer-die-wissenschaft-des-geistes\/ideen-fuer-das-wachstum-ihrer-gruppe\/\",\"name\":\"Ideen f\u00fcr das Wachstum Ihrer Gruppe - Global Services - Centers for Spiritual Living\",\"isPartOf\":{\"@id\":\"https:\/\/csl.org\/global\/de\/#website\"},\"primaryImageOfPage\":{\"@id\":\"https:\/\/csl.org\/global\/de\/ressourcen\/erstellen-einer-gruppe-fuer-die-wissenschaft-des-geistes\/ideen-fuer-das-wachstum-ihrer-gruppe\/#primaryimage\"},\"image\":{\"@id\":\"https:\/\/csl.org\/global\/de\/ressourcen\/erstellen-einer-gruppe-fuer-die-wissenschaft-des-geistes\/ideen-fuer-das-wachstum-ihrer-gruppe\/#primaryimage\"},\"thumbnailUrl\":\"http:\/\/csl.org\/wp-content\/uploads\/sites\/8\/2019\/05\/idea-world-400x240.jpg\",\"datePublished\":\"2020-02-17T13:32:12+00:00\",\"dateModified\":\"2020-09-04T12:54:08+00:00\",\"breadcrumb\":{\"@id\":\"https:\/\/csl.org\/global\/de\/ressourcen\/erstellen-einer-gruppe-fuer-die-wissenschaft-des-geistes\/ideen-fuer-das-wachstum-ihrer-gruppe\/#breadcrumb\"},\"inLanguage\":\"en-US\",\"potentialAction\":[{\"@type\":\"ReadAction\",\"target\":[\"https:\/\/csl.org\/global\/de\/ressourcen\/erstellen-einer-gruppe-fuer-die-wissenschaft-des-geistes\/ideen-fuer-das-wachstum-ihrer-gruppe\/\"]}]},{\"@type\":\"ImageObject\",\"inLanguage\":\"en-US\",\"@id\":\"https:\/\/csl.org\/global\/de\/ressourcen\/erstellen-einer-gruppe-fuer-die-wissenschaft-des-geistes\/ideen-fuer-das-wachstum-ihrer-gruppe\/#primaryimage\",\"url\":\"http:\/\/csl.org\/wp-content\/uploads\/sites\/8\/2019\/05\/idea-world-400x240.jpg\",\"contentUrl\":\"http:\/\/csl.org\/wp-content\/uploads\/sites\/8\/2019\/05\/idea-world-400x240.jpg\"},{\"@type\":\"BreadcrumbList\",\"@id\":\"https:\/\/csl.org\/global\/de\/ressourcen\/erstellen-einer-gruppe-fuer-die-wissenschaft-des-geistes\/ideen-fuer-das-wachstum-ihrer-gruppe\/#breadcrumb\",\"itemListElement\":[{\"@type\":\"ListItem\",\"position\":1,\"name\":\"RESSOURCEN\",\"item\":\"https:\/\/csl.org\/global\/de\/ressourcen\/\"},{\"@type\":\"ListItem\",\"position\":2,\"name\":\"Erstellen einer Gruppe f\u00fcr die Wissenschaft des Geistes\",\"item\":\"https:\/\/csl.org\/global\/de\/ressourcen\/erstellen-einer-gruppe-fuer-die-wissenschaft-des-geistes\/\"},{\"@type\":\"ListItem\",\"position\":3,\"name\":\"Ideen f\u00fcr das Wachstum Ihrer Gruppe\"}]},{\"@type\":\"WebSite\",\"@id\":\"https:\/\/csl.org\/global\/de\/#website\",\"url\":\"https:\/\/csl.org\/global\/de\/\",\"name\":\"Global Services - Centers for Spiritual Living\",\"description\":\"\",\"potentialAction\":[{\"@type\":\"SearchAction\",\"target\":{\"@type\":\"EntryPoint\",\"urlTemplate\":\"https:\/\/csl.org\/global\/de\/?s={search_term_string}\"},\"query-input\":\"required name=search_term_string\"}],\"inLanguage\":\"en-US\"}]}<\/script>\n<!-- \/ Yoast SEO plugin. -->","yoast_head_json":{"title":"Ideen f\u00fcr das Wachstum Ihrer Gruppe - Global Services - Centers for Spiritual Living","robots":{"index":"index","follow":"follow","max-snippet":"max-snippet:-1","max-image-preview":"max-image-preview:large","max-video-preview":"max-video-preview:-1"},"canonical":"https:\/\/csl.org\/global\/de\/ressourcen\/erstellen-einer-gruppe-fuer-die-wissenschaft-des-geistes\/ideen-fuer-das-wachstum-ihrer-gruppe\/","og_locale":"en_US","og_type":"article","og_title":"Ideen f\u00fcr das Wachstum Ihrer Gruppe - Global Services - Centers for Spiritual Living","og_url":"https:\/\/csl.org\/global\/de\/ressourcen\/erstellen-einer-gruppe-fuer-die-wissenschaft-des-geistes\/ideen-fuer-das-wachstum-ihrer-gruppe\/","og_site_name":"Global Services - Centers for Spiritual Living","article_modified_time":"2020-09-04T12:54:08+00:00","og_image":[{"url":"http:\/\/csl.org\/wp-content\/uploads\/sites\/8\/2019\/05\/idea-world-400x240.jpg"}],"twitter_card":"summary_large_image","twitter_misc":{"Est. reading time":"5 minutes"},"schema":{"@context":"https:\/\/schema.org","@graph":[{"@type":"WebPage","@id":"https:\/\/csl.org\/global\/de\/ressourcen\/erstellen-einer-gruppe-fuer-die-wissenschaft-des-geistes\/ideen-fuer-das-wachstum-ihrer-gruppe\/","url":"https:\/\/csl.org\/global\/de\/ressourcen\/erstellen-einer-gruppe-fuer-die-wissenschaft-des-geistes\/ideen-fuer-das-wachstum-ihrer-gruppe\/","name":"Ideen f\u00fcr das Wachstum Ihrer Gruppe - Global Services - Centers for Spiritual Living","isPartOf":{"@id":"https:\/\/csl.org\/global\/de\/#website"},"primaryImageOfPage":{"@id":"https:\/\/csl.org\/global\/de\/ressourcen\/erstellen-einer-gruppe-fuer-die-wissenschaft-des-geistes\/ideen-fuer-das-wachstum-ihrer-gruppe\/#primaryimage"},"image":{"@id":"https:\/\/csl.org\/global\/de\/ressourcen\/erstellen-einer-gruppe-fuer-die-wissenschaft-des-geistes\/ideen-fuer-das-wachstum-ihrer-gruppe\/#primaryimage"},"thumbnailUrl":"http:\/\/csl.org\/wp-content\/uploads\/sites\/8\/2019\/05\/idea-world-400x240.jpg","datePublished":"2020-02-17T13:32:12+00:00","dateModified":"2020-09-04T12:54:08+00:00","breadcrumb":{"@id":"https:\/\/csl.org\/global\/de\/ressourcen\/erstellen-einer-gruppe-fuer-die-wissenschaft-des-geistes\/ideen-fuer-das-wachstum-ihrer-gruppe\/#breadcrumb"},"inLanguage":"en-US","potentialAction":[{"@type":"ReadAction","target":["https:\/\/csl.org\/global\/de\/ressourcen\/erstellen-einer-gruppe-fuer-die-wissenschaft-des-geistes\/ideen-fuer-das-wachstum-ihrer-gruppe\/"]}]},{"@type":"ImageObject","inLanguage":"en-US","@id":"https:\/\/csl.org\/global\/de\/ressourcen\/erstellen-einer-gruppe-fuer-die-wissenschaft-des-geistes\/ideen-fuer-das-wachstum-ihrer-gruppe\/#primaryimage","url":"http:\/\/csl.org\/wp-content\/uploads\/sites\/8\/2019\/05\/idea-world-400x240.jpg","contentUrl":"http:\/\/csl.org\/wp-content\/uploads\/sites\/8\/2019\/05\/idea-world-400x240.jpg"},{"@type":"BreadcrumbList","@id":"https:\/\/csl.org\/global\/de\/ressourcen\/erstellen-einer-gruppe-fuer-die-wissenschaft-des-geistes\/ideen-fuer-das-wachstum-ihrer-gruppe\/#breadcrumb","itemListElement":[{"@type":"ListItem","position":1,"name":"RESSOURCEN","item":"https:\/\/csl.org\/global\/de\/ressourcen\/"},{"@type":"ListItem","position":2,"name":"Erstellen einer Gruppe f\u00fcr die Wissenschaft des Geistes","item":"https:\/\/csl.org\/global\/de\/ressourcen\/erstellen-einer-gruppe-fuer-die-wissenschaft-des-geistes\/"},{"@type":"ListItem","position":3,"name":"Ideen f\u00fcr das Wachstum Ihrer Gruppe"}]},{"@type":"WebSite","@id":"https:\/\/csl.org\/global\/de\/#website","url":"https:\/\/csl.org\/global\/de\/","name":"Global Services - Centers for Spiritual Living","description":"","potentialAction":[{"@type":"SearchAction","target":{"@type":"EntryPoint","urlTemplate":"https:\/\/csl.org\/global\/de\/?s={search_term_string}"},"query-input":"required name=search_term_string"}],"inLanguage":"en-US"}]}},"_links":{"self":[{"href":"https:\/\/csl.org\/global\/wp-json\/wp\/v2\/pages\/5203"}],"collection":[{"href":"https:\/\/csl.org\/global\/wp-json\/wp\/v2\/pages"}],"about":[{"href":"https:\/\/csl.org\/global\/wp-json\/wp\/v2\/types\/page"}],"author":[{"embeddable":true,"href":"https:\/\/csl.org\/global\/wp-json\/wp\/v2\/users\/1"}],"replies":[{"embeddable":true,"href":"https:\/\/csl.org\/global\/wp-json\/wp\/v2\/comments?post=5203"}],"version-history":[{"count":2,"href":"https:\/\/csl.org\/global\/wp-json\/wp\/v2\/pages\/5203\/revisions"}],"predecessor-version":[{"id":8896,"href":"https:\/\/csl.org\/global\/wp-json\/wp\/v2\/pages\/5203\/revisions\/8896"}],"up":[{"embeddable":true,"href":"https:\/\/csl.org\/global\/wp-json\/wp\/v2\/pages\/5325"}],"wp:attachment":[{"href":"https:\/\/csl.org\/global\/wp-json\/wp\/v2\/media?parent=5203"}],"wp:term":[{"taxonomy":"category","embeddable":true,"href":"https:\/\/csl.org\/global\/wp-json\/wp\/v2\/categories?post=5203"},{"taxonomy":"post_tag","embeddable":true,"href":"https:\/\/csl.org\/global\/wp-json\/wp\/v2\/tags?post=5203"}],"curies":[{"name":"wp","href":"https:\/\/api.w.org\/{rel}","templated":true}]}}