{"id":5211,"date":"2020-02-17T14:07:50","date_gmt":"2020-02-17T14:07:50","guid":{"rendered":"https:\/\/csl.org\/global\/entrez-en-contact-avec-dautres-chefs-de-groupe\/"},"modified":"2020-09-04T10:02:21","modified_gmt":"2020-09-04T10:02:21","slug":"entrez-en-contact-avec-dautres-chefs-de-groupe","status":"publish","type":"page","link":"https:\/\/csl.org\/global\/ressources\/creer-un-groupe-sur-la-science-de-lesprit\/entrez-en-contact-avec-dautres-chefs-de-groupe\/","title":{"rendered":"Entrez en contact avec d&#8217;autres chefs de groupe"},"content":{"rendered":"<p><div class=\"fusion-fullwidth fullwidth-box fusion-builder-row-1 gradient-container-1 nonhundred-percent-fullwidth non-hundred-percent-height-scrolling\" style=\"--awb-border-radius-top-left:0px;--awb-border-radius-top-right:0px;--awb-border-radius-bottom-right:0px;--awb-border-radius-bottom-left:0px;--awb-background-color:#ffffff;--awb-flex-wrap:wrap;\" ><div class=\"fusion-builder-row fusion-row\"><div class=\"fusion-layout-column fusion_builder_column fusion-builder-column-0 fusion_builder_column_1_1 1_1 fusion-one-full fusion-column-first fusion-column-last fusion-animated\" style=\"--awb-padding-top:50px;--awb-padding-right:3%;--awb-padding-bottom:50px;--awb-padding-left:3%;--awb-bg-color:#ffffff;--awb-bg-color-hover:#ffffff;--awb-bg-size:cover;\" data-animationType=\"fadeInLeft\" data-animationDuration=\"0.3\" data-animationOffset=\"top-into-view\"><div class=\"fusion-column-wrapper fusion-column-has-shadow fusion-flex-column-wrapper-legacy\"><div class=\"fusion-text fusion-text-1\"><h1>Connecter avec d&#8217;autres chefs de groupe<\/h1>\n<p><img fetchpriority=\"high\" decoding=\"async\" class=\"size-400 wp-image-2741 alignleft\" src=\"http:\/\/csl.org\/wp-content\/uploads\/sites\/8\/2019\/05\/network-connection-400x267.jpg\" alt=\"\" width=\"400\" height=\"267\" srcset=\"https:\/\/csl.org\/global\/wp-content\/uploads\/sites\/8\/2019\/05\/network-connection-200x133.jpg 200w, https:\/\/csl.org\/global\/wp-content\/uploads\/sites\/8\/2019\/05\/network-connection-300x200.jpg 300w, https:\/\/csl.org\/global\/wp-content\/uploads\/sites\/8\/2019\/05\/network-connection-400x267.jpg 400w, https:\/\/csl.org\/global\/wp-content\/uploads\/sites\/8\/2019\/05\/network-connection-600x400.jpg 600w, https:\/\/csl.org\/global\/wp-content\/uploads\/sites\/8\/2019\/05\/network-connection-768x512.jpg 768w, https:\/\/csl.org\/global\/wp-content\/uploads\/sites\/8\/2019\/05\/network-connection-800x533.jpg 800w, https:\/\/csl.org\/global\/wp-content\/uploads\/sites\/8\/2019\/05\/network-connection-1024x683.jpg 1024w, https:\/\/csl.org\/global\/wp-content\/uploads\/sites\/8\/2019\/05\/network-connection-1200x800.jpg 1200w, https:\/\/csl.org\/global\/wp-content\/uploads\/sites\/8\/2019\/05\/network-connection.jpg 1920w\" sizes=\"(max-width: 400px) 100vw, 400px\" \/>\u00cates-vous un leader de l&#8217;un de nos groupes de la Science de l&#8217;Esprit des Centres de Vie Spirituelle \u00e0 travers le monde&#8230;.que ce soit un centre, un chapitre d&#8217;enseignement, un minist\u00e8re de focalisation, un groupe d&#8217;\u00e9tude ou un Cercle de Vie Spirituelle&#8230;.et vous aimeriez vous connecter avec vos pairs pour partager des questions et des id\u00e9es?<\/p>\n<p>Veuillez utiliser <a href=\"https:\/\/www.facebook.com\/groups\/859389870803592\/\" target=\"_blank\" rel=\"noopener noreferrer\">notre page Facebook<\/a>. L\u00e0, apr\u00e8s votre inscription, vous pourrez lire et poster des messages avec d&#8217;autres chefs de groupe. Pour adh\u00e9rer, il suffit d&#8217;en faire la demande sur la page de Facebook.<\/p>\n<p>N&#8217;h\u00e9sitez pas non plus \u00e0 envoyer un courriel \u00e0 notre coordinateur des services mondiaux, la r\u00e9v\u00e9rend Martha Quintana, \u00e0 l&#8217;adresse <a href=\"m&#97;&#105;&#x6c;&#x74;o&#58;&#109;&#x71;&#x75;&#x69;n&#116;&#97;&#x6e;&#x61;&#64;c&#115;&#x6c;&#x2e;&#x6f;r&#103;\">&#x6d;&#113;u&#x69;&#110;t&#x61;&#110;a&#x40;&#99;s&#x6c;&#46;o&#x72;&#103;<\/a> si vous avez d&#8217;autres questions.<\/p>\n<p>&nbsp;<\/p>\n<\/div><div class=\"fusion-clearfix\"><\/div><\/div><\/div><\/div><\/div><div class=\"fusion-bg-parallax\" data-bg-align=\"center center\" data-direction=\"left\" data-mute=\"false\" data-opacity=\"100\" data-velocity=\"-0.7\" data-mobile-enabled=\"true\" data-break_parents=\"0\" data-bg-image=\"http:\/\/csl.org\/wp-content\/uploads\/sites\/8\/2019\/05\/snails-1024x678.jpg\" data-bg-repeat=\"false\" ><\/div><div class=\"fusion-fullwidth fullwidth-box fusion-builder-row-2 fusion-parallax-left gradient-container-2 nonhundred-percent-fullwidth non-hundred-percent-height-scrolling\" style=\"--awb-border-radius-top-left:0px;--awb-border-radius-top-right:0px;--awb-border-radius-bottom-right:0px;--awb-border-radius-bottom-left:0px;--awb-background-image:url(&quot;http:\/\/csl.org\/wp-content\/uploads\/sites\/8\/2019\/05\/snails-1024x678.jpg&quot;);--awb-background-size:cover;--awb-flex-wrap:wrap;\" ><div class=\"fusion-builder-row fusion-row\"><div class=\"fusion-layout-column fusion_builder_column fusion-builder-column-1 fusion_builder_column_1_1 1_1 fusion-one-full fusion-column-first fusion-column-last\" style=\"--awb-padding-top:250px;--awb-padding-right:200px;--awb-padding-bottom:250px;--awb-padding-left:200px;--awb-bg-size:cover;\"><div class=\"fusion-column-wrapper fusion-column-has-shadow fusion-flex-column-wrapper-legacy\"><div class=\"fusion-clearfix\"><\/div><\/div><\/div><\/div><\/div><\/p>\n","protected":false},"excerpt":{"rendered":"","protected":false},"author":1,"featured_media":0,"parent":5323,"menu_order":52,"comment_status":"closed","ping_status":"closed","template":"100-width.php","meta":{"_exactmetrics_skip_tracking":false,"_exactmetrics_sitenote_active":false,"_exactmetrics_sitenote_note":"","_exactmetrics_sitenote_category":0,"footnotes":""},"categories":[87],"tags":[],"class_list":["post-5211","page","type-page","status-publish","hentry","category-ressources-fr"],"yoast_head":"<!-- This site is optimized with the Yoast SEO plugin v23.1 - https:\/\/yoast.com\/wordpress\/plugins\/seo\/ -->\n<title>Entrez en contact avec d&#039;autres chefs de groupe - Global Services - Centers for Spiritual Living<\/title>\n<meta name=\"robots\" content=\"index, follow, max-snippet:-1, max-image-preview:large, max-video-preview:-1\" \/>\n<link rel=\"canonical\" href=\"https:\/\/csl.org\/global\/fr\/ressources\/creer-un-groupe-sur-la-science-de-lesprit\/entrez-en-contact-avec-dautres-chefs-de-groupe\/\" \/>\n<meta property=\"og:locale\" content=\"en_US\" \/>\n<meta property=\"og:type\" content=\"article\" \/>\n<meta property=\"og:title\" content=\"Entrez en contact avec d&#039;autres chefs de groupe - Global Services - Centers for Spiritual Living\" \/>\n<meta property=\"og:url\" content=\"https:\/\/csl.org\/global\/fr\/ressources\/creer-un-groupe-sur-la-science-de-lesprit\/entrez-en-contact-avec-dautres-chefs-de-groupe\/\" \/>\n<meta property=\"og:site_name\" content=\"Global Services - Centers for Spiritual Living\" \/>\n<meta property=\"article:modified_time\" content=\"2020-09-04T10:02:21+00:00\" \/>\n<meta property=\"og:image\" content=\"http:\/\/csl.org\/wp-content\/uploads\/sites\/8\/2019\/05\/network-connection-400x267.jpg\" \/>\n<meta name=\"twitter:card\" content=\"summary_large_image\" \/>\n<meta name=\"twitter:label1\" content=\"Est. reading time\" \/>\n\t<meta name=\"twitter:data1\" content=\"3 minutes\" \/>\n<script type=\"application\/ld+json\" class=\"yoast-schema-graph\">{\"@context\":\"https:\/\/schema.org\",\"@graph\":[{\"@type\":\"WebPage\",\"@id\":\"https:\/\/csl.org\/global\/fr\/ressources\/creer-un-groupe-sur-la-science-de-lesprit\/entrez-en-contact-avec-dautres-chefs-de-groupe\/\",\"url\":\"https:\/\/csl.org\/global\/fr\/ressources\/creer-un-groupe-sur-la-science-de-lesprit\/entrez-en-contact-avec-dautres-chefs-de-groupe\/\",\"name\":\"Entrez en contact avec d'autres chefs de groupe - Global Services - Centers for Spiritual Living\",\"isPartOf\":{\"@id\":\"https:\/\/csl.org\/global\/de\/#website\"},\"primaryImageOfPage\":{\"@id\":\"https:\/\/csl.org\/global\/fr\/ressources\/creer-un-groupe-sur-la-science-de-lesprit\/entrez-en-contact-avec-dautres-chefs-de-groupe\/#primaryimage\"},\"image\":{\"@id\":\"https:\/\/csl.org\/global\/fr\/ressources\/creer-un-groupe-sur-la-science-de-lesprit\/entrez-en-contact-avec-dautres-chefs-de-groupe\/#primaryimage\"},\"thumbnailUrl\":\"http:\/\/csl.org\/wp-content\/uploads\/sites\/8\/2019\/05\/network-connection-400x267.jpg\",\"datePublished\":\"2020-02-17T14:07:50+00:00\",\"dateModified\":\"2020-09-04T10:02:21+00:00\",\"breadcrumb\":{\"@id\":\"https:\/\/csl.org\/global\/fr\/ressources\/creer-un-groupe-sur-la-science-de-lesprit\/entrez-en-contact-avec-dautres-chefs-de-groupe\/#breadcrumb\"},\"inLanguage\":\"en-US\",\"potentialAction\":[{\"@type\":\"ReadAction\",\"target\":[\"https:\/\/csl.org\/global\/fr\/ressources\/creer-un-groupe-sur-la-science-de-lesprit\/entrez-en-contact-avec-dautres-chefs-de-groupe\/\"]}]},{\"@type\":\"ImageObject\",\"inLanguage\":\"en-US\",\"@id\":\"https:\/\/csl.org\/global\/fr\/ressources\/creer-un-groupe-sur-la-science-de-lesprit\/entrez-en-contact-avec-dautres-chefs-de-groupe\/#primaryimage\",\"url\":\"http:\/\/csl.org\/wp-content\/uploads\/sites\/8\/2019\/05\/network-connection-400x267.jpg\",\"contentUrl\":\"http:\/\/csl.org\/wp-content\/uploads\/sites\/8\/2019\/05\/network-connection-400x267.jpg\"},{\"@type\":\"BreadcrumbList\",\"@id\":\"https:\/\/csl.org\/global\/fr\/ressources\/creer-un-groupe-sur-la-science-de-lesprit\/entrez-en-contact-avec-dautres-chefs-de-groupe\/#breadcrumb\",\"itemListElement\":[{\"@type\":\"ListItem\",\"position\":1,\"name\":\"RESSOURCES\",\"item\":\"https:\/\/csl.org\/global\/fr\/ressources\/\"},{\"@type\":\"ListItem\",\"position\":2,\"name\":\"Cr\u00e9er un groupe sur la Science de l&#8217;Esprit\",\"item\":\"https:\/\/csl.org\/global\/fr\/ressources\/creer-un-groupe-sur-la-science-de-lesprit\/\"},{\"@type\":\"ListItem\",\"position\":3,\"name\":\"Entrez en contact avec d&#8217;autres chefs de groupe\"}]},{\"@type\":\"WebSite\",\"@id\":\"https:\/\/csl.org\/global\/de\/#website\",\"url\":\"https:\/\/csl.org\/global\/de\/\",\"name\":\"Global Services - Centers for Spiritual Living\",\"description\":\"\",\"potentialAction\":[{\"@type\":\"SearchAction\",\"target\":{\"@type\":\"EntryPoint\",\"urlTemplate\":\"https:\/\/csl.org\/global\/de\/?s={search_term_string}\"},\"query-input\":\"required name=search_term_string\"}],\"inLanguage\":\"en-US\"}]}<\/script>\n<!-- \/ Yoast SEO plugin. -->","yoast_head_json":{"title":"Entrez en contact avec d'autres chefs de groupe - Global Services - Centers for Spiritual Living","robots":{"index":"index","follow":"follow","max-snippet":"max-snippet:-1","max-image-preview":"max-image-preview:large","max-video-preview":"max-video-preview:-1"},"canonical":"https:\/\/csl.org\/global\/fr\/ressources\/creer-un-groupe-sur-la-science-de-lesprit\/entrez-en-contact-avec-dautres-chefs-de-groupe\/","og_locale":"en_US","og_type":"article","og_title":"Entrez en contact avec d'autres chefs de groupe - Global Services - Centers for Spiritual Living","og_url":"https:\/\/csl.org\/global\/fr\/ressources\/creer-un-groupe-sur-la-science-de-lesprit\/entrez-en-contact-avec-dautres-chefs-de-groupe\/","og_site_name":"Global Services - Centers for Spiritual Living","article_modified_time":"2020-09-04T10:02:21+00:00","og_image":[{"url":"http:\/\/csl.org\/wp-content\/uploads\/sites\/8\/2019\/05\/network-connection-400x267.jpg"}],"twitter_card":"summary_large_image","twitter_misc":{"Est. reading time":"3 minutes"},"schema":{"@context":"https:\/\/schema.org","@graph":[{"@type":"WebPage","@id":"https:\/\/csl.org\/global\/fr\/ressources\/creer-un-groupe-sur-la-science-de-lesprit\/entrez-en-contact-avec-dautres-chefs-de-groupe\/","url":"https:\/\/csl.org\/global\/fr\/ressources\/creer-un-groupe-sur-la-science-de-lesprit\/entrez-en-contact-avec-dautres-chefs-de-groupe\/","name":"Entrez en contact avec d'autres chefs de groupe - Global Services - Centers for Spiritual Living","isPartOf":{"@id":"https:\/\/csl.org\/global\/de\/#website"},"primaryImageOfPage":{"@id":"https:\/\/csl.org\/global\/fr\/ressources\/creer-un-groupe-sur-la-science-de-lesprit\/entrez-en-contact-avec-dautres-chefs-de-groupe\/#primaryimage"},"image":{"@id":"https:\/\/csl.org\/global\/fr\/ressources\/creer-un-groupe-sur-la-science-de-lesprit\/entrez-en-contact-avec-dautres-chefs-de-groupe\/#primaryimage"},"thumbnailUrl":"http:\/\/csl.org\/wp-content\/uploads\/sites\/8\/2019\/05\/network-connection-400x267.jpg","datePublished":"2020-02-17T14:07:50+00:00","dateModified":"2020-09-04T10:02:21+00:00","breadcrumb":{"@id":"https:\/\/csl.org\/global\/fr\/ressources\/creer-un-groupe-sur-la-science-de-lesprit\/entrez-en-contact-avec-dautres-chefs-de-groupe\/#breadcrumb"},"inLanguage":"en-US","potentialAction":[{"@type":"ReadAction","target":["https:\/\/csl.org\/global\/fr\/ressources\/creer-un-groupe-sur-la-science-de-lesprit\/entrez-en-contact-avec-dautres-chefs-de-groupe\/"]}]},{"@type":"ImageObject","inLanguage":"en-US","@id":"https:\/\/csl.org\/global\/fr\/ressources\/creer-un-groupe-sur-la-science-de-lesprit\/entrez-en-contact-avec-dautres-chefs-de-groupe\/#primaryimage","url":"http:\/\/csl.org\/wp-content\/uploads\/sites\/8\/2019\/05\/network-connection-400x267.jpg","contentUrl":"http:\/\/csl.org\/wp-content\/uploads\/sites\/8\/2019\/05\/network-connection-400x267.jpg"},{"@type":"BreadcrumbList","@id":"https:\/\/csl.org\/global\/fr\/ressources\/creer-un-groupe-sur-la-science-de-lesprit\/entrez-en-contact-avec-dautres-chefs-de-groupe\/#breadcrumb","itemListElement":[{"@type":"ListItem","position":1,"name":"RESSOURCES","item":"https:\/\/csl.org\/global\/fr\/ressources\/"},{"@type":"ListItem","position":2,"name":"Cr\u00e9er un groupe sur la Science de l&#8217;Esprit","item":"https:\/\/csl.org\/global\/fr\/ressources\/creer-un-groupe-sur-la-science-de-lesprit\/"},{"@type":"ListItem","position":3,"name":"Entrez en contact avec d&#8217;autres chefs de groupe"}]},{"@type":"WebSite","@id":"https:\/\/csl.org\/global\/de\/#website","url":"https:\/\/csl.org\/global\/de\/","name":"Global Services - Centers for Spiritual Living","description":"","potentialAction":[{"@type":"SearchAction","target":{"@type":"EntryPoint","urlTemplate":"https:\/\/csl.org\/global\/de\/?s={search_term_string}"},"query-input":"required name=search_term_string"}],"inLanguage":"en-US"}]}},"_links":{"self":[{"href":"https:\/\/csl.org\/global\/wp-json\/wp\/v2\/pages\/5211"}],"collection":[{"href":"https:\/\/csl.org\/global\/wp-json\/wp\/v2\/pages"}],"about":[{"href":"https:\/\/csl.org\/global\/wp-json\/wp\/v2\/types\/page"}],"author":[{"embeddable":true,"href":"https:\/\/csl.org\/global\/wp-json\/wp\/v2\/users\/1"}],"replies":[{"embeddable":true,"href":"https:\/\/csl.org\/global\/wp-json\/wp\/v2\/comments?post=5211"}],"version-history":[{"count":2,"href":"https:\/\/csl.org\/global\/wp-json\/wp\/v2\/pages\/5211\/revisions"}],"predecessor-version":[{"id":8876,"href":"https:\/\/csl.org\/global\/wp-json\/wp\/v2\/pages\/5211\/revisions\/8876"}],"up":[{"embeddable":true,"href":"https:\/\/csl.org\/global\/wp-json\/wp\/v2\/pages\/5323"}],"wp:attachment":[{"href":"https:\/\/csl.org\/global\/wp-json\/wp\/v2\/media?parent=5211"}],"wp:term":[{"taxonomy":"category","embeddable":true,"href":"https:\/\/csl.org\/global\/wp-json\/wp\/v2\/categories?post=5211"},{"taxonomy":"post_tag","embeddable":true,"href":"https:\/\/csl.org\/global\/wp-json\/wp\/v2\/tags?post=5211"}],"curies":[{"name":"wp","href":"https:\/\/api.w.org\/{rel}","templated":true}]}}