{"id":5323,"date":"2020-02-24T09:55:50","date_gmt":"2020-02-24T09:55:50","guid":{"rendered":"https:\/\/csl.org\/global\/ressources\/creer-un-groupe-sur-la-science-de-lesprit\/"},"modified":"2020-09-04T09:53:55","modified_gmt":"2020-09-04T09:53:55","slug":"creer-un-groupe-sur-la-science-de-lesprit","status":"publish","type":"page","link":"https:\/\/csl.org\/global\/ressources\/creer-un-groupe-sur-la-science-de-lesprit\/","title":{"rendered":"Cr\u00e9er un groupe sur la Science de l&#8217;Esprit"},"content":{"rendered":"<p><div class=\"fusion-fullwidth fullwidth-box fusion-builder-row-1 gradient-container-1 nonhundred-percent-fullwidth non-hundred-percent-height-scrolling\" style=\"--awb-border-radius-top-left:0px;--awb-border-radius-top-right:0px;--awb-border-radius-bottom-right:0px;--awb-border-radius-bottom-left:0px;--awb-background-color:#ffffff;--awb-flex-wrap:wrap;\" ><div class=\"fusion-builder-row fusion-row\"><div class=\"fusion-layout-column fusion_builder_column fusion-builder-column-0 fusion_builder_column_1_1 1_1 fusion-one-full fusion-column-first fusion-column-last fusion-animated\" style=\"--awb-padding-top:50px;--awb-padding-right:3%;--awb-padding-bottom:50px;--awb-padding-left:3%;--awb-bg-color:#ffffff;--awb-bg-color-hover:#ffffff;--awb-bg-size:cover;\" data-animationType=\"fadeInLeft\" data-animationDuration=\"0.3\" data-animationOffset=\"top-into-view\"><div class=\"fusion-column-wrapper fusion-column-has-shadow fusion-flex-column-wrapper-legacy\"><div class=\"fusion-text fusion-text-1\"><h1>D\u00e9marrer un groupe sur la Science de l&#8217;Esprit<\/h1>\n<p><img fetchpriority=\"high\" decoding=\"async\" class=\"size-400 wp-image-2362 alignleft\" src=\"http:\/\/csl.org\/wp-content\/uploads\/sites\/8\/2019\/05\/achievement-3-400x286.jpg\" alt=\"\" width=\"400\" height=\"286\" srcset=\"https:\/\/csl.org\/global\/wp-content\/uploads\/sites\/8\/2019\/05\/achievement-3-200x143.jpg 200w, https:\/\/csl.org\/global\/wp-content\/uploads\/sites\/8\/2019\/05\/achievement-3-300x214.jpg 300w, https:\/\/csl.org\/global\/wp-content\/uploads\/sites\/8\/2019\/05\/achievement-3-400x286.jpg 400w, https:\/\/csl.org\/global\/wp-content\/uploads\/sites\/8\/2019\/05\/achievement-3-600x428.jpg 600w, https:\/\/csl.org\/global\/wp-content\/uploads\/sites\/8\/2019\/05\/achievement-3-768x548.jpg 768w, https:\/\/csl.org\/global\/wp-content\/uploads\/sites\/8\/2019\/05\/achievement-3-800x571.jpg 800w, https:\/\/csl.org\/global\/wp-content\/uploads\/sites\/8\/2019\/05\/achievement-3-1024x731.jpg 1024w, https:\/\/csl.org\/global\/wp-content\/uploads\/sites\/8\/2019\/05\/achievement-3-1200x857.jpg 1200w, https:\/\/csl.org\/global\/wp-content\/uploads\/sites\/8\/2019\/05\/achievement-3.jpg 1920w\" sizes=\"(max-width: 400px) 100vw, 400px\" \/>Merci de votre int\u00e9r\u00eat pour la cr\u00e9ation d&#8217;un groupe sur la Science de l&#8217;Esprit (Science of Mind) ! Nous aimerions vous aider \u00e0 d\u00e9marrer et \u00e0 savoir ce que vous faites afin que nous puissions vous mettre en relation avec les personnes qui seraient int\u00e9ress\u00e9es. Les informations contenues dans cette page ont pour but de vous aider \u00e0 vous installer et \u00e0 vous inscrire sur notre liste. Cependant, nous avons \u00e9galement des ressources disponibles sur ce site web pour vous aider \u00e0 mettre en place <a href=\"http:\/\/csl.org\/global\/fr\/ressources\/creer-un-groupe-sur-la-science-de-lesprit\/classes-et-materiel-de-discussion\/\" rel=\"noopener noreferrer\">discussions de groupe et classes<\/a>, <a href=\"http:\/\/csl.org\/global\/fr\/idees-pour-developper-votre-groupe\/\" rel=\"noopener noreferrer\">la croissance de votre groupe<\/a> et <a href=\"http:\/\/csl.org\/global\/fr\/entrez-en-contact-avec-dautres-chefs-de-groupe\/\" rel=\"noopener noreferrer\">la connexion avec d&#8217;autres chefs de groupe<\/a>. Il existe \u00e9galement de bonnes ressources pour vous aider \u00e0 comprendre la <a href=\"http:\/\/csl.org\/global\/fr\/ressources\/ressources-sur-la-science-de-lesprit\/\">Science de l&#8217;Esprit<\/a>.<\/p>\n<p>Il existe plusieurs et diff\u00e9rents types de groupes ou de communaut\u00e9s qui sont d\u00e9crits ici:<\/p>\n<h2>Les Cercles de Vie Spirituelle<\/h2>\n<p>Tout le monde peut cr\u00e9er un Cercle de Vie Spirituelle ! Ce programme a comme base le magazine <a href=\"https:\/\/scienceofmind.com\/\" target=\"_blank\" rel=\"noopener noreferrer\">La Science de l&#8217;Esprit<\/a> (Science of Mind) qui est disponible en version imprim\u00e9e ou en ligne. Les dirigeants qui s&#8217;inscrivent aux Cercles de Vie Spirituelle re\u00e7oivent chaque semaine des guides de discussion construits autour d&#8217;un article du num\u00e9ro du mois. En outre, d&#8217;autres ressources sont mises \u00e0 votre disposition pour vous soutenir, vous et votre groupe, et vous avez la possibilit\u00e9 de faire inscrire votre Cercle de Vie Spirituelle sur notre site web.<\/p>\n<p>Actuellement, le magazine et les guides d&#8217;\u00e9tude sont disponibles uniquement en anglais.<\/p>\n<p>Notez que pour les abonnements au magazine en dehors des \u00c9tats-Unis, l&#8217;\u00e9dition en ligne est \u00e0 la fois opportune et abordable!<\/p>\n<p>Pour en savoir plus sur le programme des Cercles de Vie Spirituelle et pour vous inscrire, <a href=\"http:\/\/csl.org\/programs\/spiritual-living-circles.html\" target=\"_blank\" rel=\"noopener noreferrer\">cliquez ici<\/a>.<\/p>\n<h2>Les Groupes d&#8217;Etude<\/h2>\n<p>Les Groupes d&#8217;Etude se r\u00e9unissent dans le but d&#8217;\u00e9tudier les principes de la Science de l&#8217;Esprit. Souvent, les dirigeants organisent des cours de courte dur<span style=\"float: none; background-color: #ffffff; color: #333333; cursor: text; font-family: Georgia,'Times New Roman','Bitstream Charter',Times,serif; font-size: 16px; font-style: normal; font-variant: normal; font-weight: 400; letter-spacing: normal; text-align: left; text-decoration: none; text-indent: 0px; text-transform: none;\">\u00e9<\/span>e non accr\u00e9dit\u00e9s, et des ateliers. Ils font de la m\u00e9ditation en groupe et d&#8217;autres activit<span style=\"float: none; background-color: #ffffff; color: #333333; cursor: text; font-family: Georgia,'Times New Roman','Bitstream Charter',Times,serif; font-size: 16px; font-style: normal; font-variant: normal; font-weight: 400; letter-spacing: normal; text-align: left; text-decoration: none; text-indent: 0px; text-transform: none;\">\u00e9<\/span>s. De nombreux Groupes d&#8217;Etude s&#8217;inscrivent <span style=\"float: none; background-color: #ffffff; color: #333333; cursor: text; font-family: Georgia,'Times New Roman','Bitstream Charter',Times,serif; font-size: 16px; font-style: normal; font-variant: normal; font-weight: 400; letter-spacing: normal; text-align: left; text-decoration: none; text-indent: 0px; text-transform: none;\">\u00e9<\/span>galement au mat\u00e9riel des Cercles de Vie Spirituelle et utilisent ceci pour des discussions de groupe. Les Groupes d&#8217;Etude sont r\u00e9pertori\u00e9s sur notre site web.<\/p>\n<p>Pour diriger un Groupe d&#8217;Etude il faut avoir au moins <span style=\"float: none; background-color: #ffffff; color: #333333; cursor: text; font-family: Georgia,'Times New Roman','Bitstream Charter',Times,serif; font-size: 16px; font-style: normal; font-variant: normal; font-weight: 400; letter-spacing: normal; text-align: left; text-decoration: none; text-indent: 0px; text-transform: none;\">\u00e9<\/span>tudi<span style=\"float: none; background-color: #ffffff; color: #333333; cursor: text; font-family: Georgia,'Times New Roman','Bitstream Charter',Times,serif; font-size: 16px; font-style: normal; font-variant: normal; font-weight: 400; letter-spacing: normal; text-align: left; text-decoration: none; text-indent: 0px; text-transform: none;\">\u00e9<\/span> le cours &#8216;Foundation&#8217; &#8211; (il est possible de faire ce cours en ligne ou dans une de nos communaut<span style=\"float: none; background-color: #ffffff; color: #333333; cursor: text; font-family: Georgia,'Times New Roman','Bitstream Charter',Times,serif; font-size: 16px; font-style: normal; font-variant: normal; font-weight: 400; letter-spacing: normal; text-align: left; text-decoration: none; text-indent: 0px; text-transform: none;\">\u00e9<\/span>s) &#8211; et avoir un ministre de CSL pour vous parrainer, ainsi que remplir un formulaire de demande.<\/p>\n<p>NOTE : Les ministres et des praticiens pour la Vie Spirituelle (CSL) peuvent \u00e9galement enseigner des cours accr\u00e9dit\u00e9s (&#8220;certifi\u00e9s&#8221;) dans des Groupes d&#8217;Etudes en dehors des \u00c9tats-Unis et du Canada.<\/p>\n<p>Si vous \u00eates int\u00e9ress\u00e9 par la cr\u00e9ation d&#8217;un Groupe d&#8217;Etude, veuillez t\u00e9l\u00e9charger ces 2 documents:<\/p>\n<p><a href=\"http:\/\/csl.org\/wp-content\/uploads\/sites\/8\/2019\/10\/Study-Group-Information-Sheet-October-2019.doc\" rel=\"noopener noreferrer\">Lettre expliquant comment postuler pour un Groupe d&#8217;Etude (anglais)<\/a> | <a href=\"http:\/\/csl.org\/wp-content\/uploads\/sites\/8\/2019\/10\/Hoja-de-informaci\u00f3n-grupo-de-estudio-octubre-de-2019.docx\" rel=\"noopener noreferrer\">Espagnol<\/a><\/p>\n<p><a href=\"http:\/\/csl.org\/wp-content\/uploads\/sites\/8\/2019\/05\/2017StudyGroupApp.docx\" rel=\"noopener noreferrer\">Demande de participation \u00e0 un Groupe d&#8217;Etude (anglais)<\/a><\/p>\n<p>Si vous avez des questions, veuillez envoyer un courriel \u00e0 <a href=\"&#109;a&#x69;l&#x74;&#111;&#x3a;&#109;&#x71;&#117;i&#x6e;t&#x61;&#110;&#x61;&#64;&#x63;&#115;&#x6c;&#46;o&#x72;g\">&#x6d;&#x71;&#x75;&#x69;&#x6e;&#x74;&#x61;&#x6e;&#x61;&#x40;&#x63;&#x73;&#x6c;&#x2e;&#x6f;&#x72;&#x67;<\/a>.<\/p>\n<h2>Les Chapitres d&#8217;Enseignement, les Centres et les Minist\u00e8res de Focus<\/h2>\n<p>Un Chapitre d&#8217;Enseignement ou &#8216;Centre d\u00e9di\u00e9 <span style=\"float: none; background-color: #ffffff; color: #333333; cursor: text; font-family: Georgia,'Times New Roman','Bitstream Charter',Times,serif; font-size: 16px; font-style: normal; font-variant: normal; font-weight: 400; letter-spacing: normal; text-align: left; text-decoration: none; text-indent: 0px; text-transform: none;\">\u00e0<\/span> l&#8217;enseignement&#8217; est un groupe qui est dirig\u00e9 par un ministre ou un praticien des Centres pour la Vie Spirituelle (CSL). Les Chapitres d&#8217;Enseignement peuvent enseigner des cours accr\u00e9dit\u00e9s ainsi qu&#8217;effectuer une gamme compl\u00e8te d&#8217;activit\u00e9s spirituelles.<\/p>\n<p>Un Centre est un minist\u00e8re qui est dirig\u00e9 par un ministre des Centres pour la Vie Spirituelle (CSL). Ces Centres organisent des r<span style=\"float: none; background-color: #ffffff; color: #333333; cursor: text; font-family: Georgia,'Times New Roman','Bitstream Charter',Times,serif; font-size: 16px; font-style: normal; font-variant: normal; font-weight: 400; letter-spacing: normal; text-align: left; text-decoration: none; text-indent: 0px; text-transform: none;\">\u00e9<\/span>unions spirituelles, enseignent des cours accr\u00e9dit\u00e9s et m\u00e8nent une gamme compl\u00e8te d&#8217;activit\u00e9s spirituelles.<\/p>\n<p>Un Minist\u00e8re de Focus est dirig\u00e9 par un ministre des Centres pour la Vie Spirituelle (CSL) et r\u00e9alise des activit\u00e9s spirituelles qui vont g\u00e9n\u00e9ralement au-del\u00e0 de celles normalement men\u00e9es par les Chapitres et les Centres d&#8217;Enseignement.<\/p>\n<p>Pour plus d&#8217;informations sur ces types de minist\u00e8res, veuillez envoyer un courriel \u00e0 <a href=\"&#109;&#x61;i&#108;&#x74;o&#58;&#x6d;q&#117;&#x69;n&#116;&#x61;n&#97;&#x40;c&#115;&#x6c;&#46;&#111;&#x72;g\">&#109;&#x71;&#117;&#x69;n&#116;&#x61;&#110;&#x61;&#64;&#x63;s&#108;&#x2e;&#111;&#x72;g<\/a>.<\/p>\n<p>&nbsp;<\/p>\n<\/div><div class=\"fusion-clearfix\"><\/div><\/div><\/div><\/div><\/div><div class=\"fusion-bg-parallax\" data-bg-align=\"center center\" data-direction=\"left\" data-mute=\"false\" data-opacity=\"100\" data-velocity=\"-0.7\" data-mobile-enabled=\"true\" data-break_parents=\"0\" data-bg-image=\"http:\/\/csl.org\/wp-content\/uploads\/sites\/8\/2019\/05\/snails-1024x678.jpg\" data-bg-repeat=\"false\" ><\/div><div class=\"fusion-fullwidth fullwidth-box fusion-builder-row-2 fusion-parallax-left gradient-container-2 nonhundred-percent-fullwidth non-hundred-percent-height-scrolling\" style=\"--awb-border-radius-top-left:0px;--awb-border-radius-top-right:0px;--awb-border-radius-bottom-right:0px;--awb-border-radius-bottom-left:0px;--awb-background-image:url(&quot;http:\/\/csl.org\/wp-content\/uploads\/sites\/8\/2019\/05\/snails-1024x678.jpg&quot;);--awb-background-size:cover;--awb-flex-wrap:wrap;\" ><div class=\"fusion-builder-row fusion-row\"><div class=\"fusion-layout-column fusion_builder_column fusion-builder-column-1 fusion_builder_column_1_1 1_1 fusion-one-full fusion-column-first fusion-column-last\" style=\"--awb-padding-top:250px;--awb-padding-right:200px;--awb-padding-bottom:250px;--awb-padding-left:200px;--awb-bg-size:cover;\"><div class=\"fusion-column-wrapper fusion-column-has-shadow fusion-flex-column-wrapper-legacy\"><div class=\"fusion-clearfix\"><\/div><\/div><\/div><\/div><\/div><\/p>\n","protected":false},"excerpt":{"rendered":"","protected":false},"author":1,"featured_media":0,"parent":5029,"menu_order":70,"comment_status":"closed","ping_status":"closed","template":"100-width.php","meta":{"_exactmetrics_skip_tracking":false,"_exactmetrics_sitenote_active":false,"_exactmetrics_sitenote_note":"","_exactmetrics_sitenote_category":0,"footnotes":""},"categories":[87],"tags":[],"class_list":["post-5323","page","type-page","status-publish","hentry","category-ressources-fr"],"yoast_head":"<!-- This site is optimized with the Yoast SEO plugin v23.1 - https:\/\/yoast.com\/wordpress\/plugins\/seo\/ -->\n<title>Cr\u00e9er un groupe sur la Science de l&#039;Esprit - Global Services - Centers for Spiritual Living<\/title>\n<meta name=\"robots\" content=\"index, follow, max-snippet:-1, max-image-preview:large, max-video-preview:-1\" \/>\n<link rel=\"canonical\" href=\"https:\/\/csl.org\/global\/fr\/ressources\/creer-un-groupe-sur-la-science-de-lesprit\/\" \/>\n<meta property=\"og:locale\" content=\"en_US\" \/>\n<meta property=\"og:type\" content=\"article\" \/>\n<meta property=\"og:title\" content=\"Cr\u00e9er un groupe sur la Science de l&#039;Esprit - Global Services - Centers for Spiritual Living\" \/>\n<meta property=\"og:url\" content=\"https:\/\/csl.org\/global\/fr\/ressources\/creer-un-groupe-sur-la-science-de-lesprit\/\" \/>\n<meta property=\"og:site_name\" content=\"Global Services - Centers for Spiritual Living\" \/>\n<meta property=\"article:modified_time\" content=\"2020-09-04T09:53:55+00:00\" \/>\n<meta property=\"og:image\" content=\"http:\/\/csl.org\/wp-content\/uploads\/sites\/8\/2019\/05\/achievement-3-400x286.jpg\" \/>\n<meta name=\"twitter:card\" content=\"summary_large_image\" \/>\n<meta name=\"twitter:label1\" content=\"Est. reading time\" \/>\n\t<meta name=\"twitter:data1\" content=\"6 minutes\" \/>\n<script type=\"application\/ld+json\" class=\"yoast-schema-graph\">{\"@context\":\"https:\/\/schema.org\",\"@graph\":[{\"@type\":\"WebPage\",\"@id\":\"https:\/\/csl.org\/global\/fr\/ressources\/creer-un-groupe-sur-la-science-de-lesprit\/\",\"url\":\"https:\/\/csl.org\/global\/fr\/ressources\/creer-un-groupe-sur-la-science-de-lesprit\/\",\"name\":\"Cr\u00e9er un groupe sur la Science de l'Esprit - Global Services - Centers for Spiritual Living\",\"isPartOf\":{\"@id\":\"https:\/\/csl.org\/global\/de\/#website\"},\"primaryImageOfPage\":{\"@id\":\"https:\/\/csl.org\/global\/fr\/ressources\/creer-un-groupe-sur-la-science-de-lesprit\/#primaryimage\"},\"image\":{\"@id\":\"https:\/\/csl.org\/global\/fr\/ressources\/creer-un-groupe-sur-la-science-de-lesprit\/#primaryimage\"},\"thumbnailUrl\":\"http:\/\/csl.org\/wp-content\/uploads\/sites\/8\/2019\/05\/achievement-3-400x286.jpg\",\"datePublished\":\"2020-02-24T09:55:50+00:00\",\"dateModified\":\"2020-09-04T09:53:55+00:00\",\"breadcrumb\":{\"@id\":\"https:\/\/csl.org\/global\/fr\/ressources\/creer-un-groupe-sur-la-science-de-lesprit\/#breadcrumb\"},\"inLanguage\":\"en-US\",\"potentialAction\":[{\"@type\":\"ReadAction\",\"target\":[\"https:\/\/csl.org\/global\/fr\/ressources\/creer-un-groupe-sur-la-science-de-lesprit\/\"]}]},{\"@type\":\"ImageObject\",\"inLanguage\":\"en-US\",\"@id\":\"https:\/\/csl.org\/global\/fr\/ressources\/creer-un-groupe-sur-la-science-de-lesprit\/#primaryimage\",\"url\":\"http:\/\/csl.org\/wp-content\/uploads\/sites\/8\/2019\/05\/achievement-3-400x286.jpg\",\"contentUrl\":\"http:\/\/csl.org\/wp-content\/uploads\/sites\/8\/2019\/05\/achievement-3-400x286.jpg\"},{\"@type\":\"BreadcrumbList\",\"@id\":\"https:\/\/csl.org\/global\/fr\/ressources\/creer-un-groupe-sur-la-science-de-lesprit\/#breadcrumb\",\"itemListElement\":[{\"@type\":\"ListItem\",\"position\":1,\"name\":\"RESSOURCES\",\"item\":\"https:\/\/csl.org\/global\/fr\/ressources\/\"},{\"@type\":\"ListItem\",\"position\":2,\"name\":\"Cr\u00e9er un groupe sur la Science de l&#8217;Esprit\"}]},{\"@type\":\"WebSite\",\"@id\":\"https:\/\/csl.org\/global\/de\/#website\",\"url\":\"https:\/\/csl.org\/global\/de\/\",\"name\":\"Global Services - Centers for Spiritual Living\",\"description\":\"\",\"potentialAction\":[{\"@type\":\"SearchAction\",\"target\":{\"@type\":\"EntryPoint\",\"urlTemplate\":\"https:\/\/csl.org\/global\/de\/?s={search_term_string}\"},\"query-input\":\"required name=search_term_string\"}],\"inLanguage\":\"en-US\"}]}<\/script>\n<!-- \/ Yoast SEO plugin. -->","yoast_head_json":{"title":"Cr\u00e9er un groupe sur la Science de l'Esprit - Global Services - Centers for Spiritual Living","robots":{"index":"index","follow":"follow","max-snippet":"max-snippet:-1","max-image-preview":"max-image-preview:large","max-video-preview":"max-video-preview:-1"},"canonical":"https:\/\/csl.org\/global\/fr\/ressources\/creer-un-groupe-sur-la-science-de-lesprit\/","og_locale":"en_US","og_type":"article","og_title":"Cr\u00e9er un groupe sur la Science de l'Esprit - Global Services - Centers for Spiritual Living","og_url":"https:\/\/csl.org\/global\/fr\/ressources\/creer-un-groupe-sur-la-science-de-lesprit\/","og_site_name":"Global Services - Centers for Spiritual Living","article_modified_time":"2020-09-04T09:53:55+00:00","og_image":[{"url":"http:\/\/csl.org\/wp-content\/uploads\/sites\/8\/2019\/05\/achievement-3-400x286.jpg"}],"twitter_card":"summary_large_image","twitter_misc":{"Est. reading time":"6 minutes"},"schema":{"@context":"https:\/\/schema.org","@graph":[{"@type":"WebPage","@id":"https:\/\/csl.org\/global\/fr\/ressources\/creer-un-groupe-sur-la-science-de-lesprit\/","url":"https:\/\/csl.org\/global\/fr\/ressources\/creer-un-groupe-sur-la-science-de-lesprit\/","name":"Cr\u00e9er un groupe sur la Science de l'Esprit - Global Services - Centers for Spiritual Living","isPartOf":{"@id":"https:\/\/csl.org\/global\/de\/#website"},"primaryImageOfPage":{"@id":"https:\/\/csl.org\/global\/fr\/ressources\/creer-un-groupe-sur-la-science-de-lesprit\/#primaryimage"},"image":{"@id":"https:\/\/csl.org\/global\/fr\/ressources\/creer-un-groupe-sur-la-science-de-lesprit\/#primaryimage"},"thumbnailUrl":"http:\/\/csl.org\/wp-content\/uploads\/sites\/8\/2019\/05\/achievement-3-400x286.jpg","datePublished":"2020-02-24T09:55:50+00:00","dateModified":"2020-09-04T09:53:55+00:00","breadcrumb":{"@id":"https:\/\/csl.org\/global\/fr\/ressources\/creer-un-groupe-sur-la-science-de-lesprit\/#breadcrumb"},"inLanguage":"en-US","potentialAction":[{"@type":"ReadAction","target":["https:\/\/csl.org\/global\/fr\/ressources\/creer-un-groupe-sur-la-science-de-lesprit\/"]}]},{"@type":"ImageObject","inLanguage":"en-US","@id":"https:\/\/csl.org\/global\/fr\/ressources\/creer-un-groupe-sur-la-science-de-lesprit\/#primaryimage","url":"http:\/\/csl.org\/wp-content\/uploads\/sites\/8\/2019\/05\/achievement-3-400x286.jpg","contentUrl":"http:\/\/csl.org\/wp-content\/uploads\/sites\/8\/2019\/05\/achievement-3-400x286.jpg"},{"@type":"BreadcrumbList","@id":"https:\/\/csl.org\/global\/fr\/ressources\/creer-un-groupe-sur-la-science-de-lesprit\/#breadcrumb","itemListElement":[{"@type":"ListItem","position":1,"name":"RESSOURCES","item":"https:\/\/csl.org\/global\/fr\/ressources\/"},{"@type":"ListItem","position":2,"name":"Cr\u00e9er un groupe sur la Science de l&#8217;Esprit"}]},{"@type":"WebSite","@id":"https:\/\/csl.org\/global\/de\/#website","url":"https:\/\/csl.org\/global\/de\/","name":"Global Services - Centers for Spiritual Living","description":"","potentialAction":[{"@type":"SearchAction","target":{"@type":"EntryPoint","urlTemplate":"https:\/\/csl.org\/global\/de\/?s={search_term_string}"},"query-input":"required name=search_term_string"}],"inLanguage":"en-US"}]}},"_links":{"self":[{"href":"https:\/\/csl.org\/global\/wp-json\/wp\/v2\/pages\/5323"}],"collection":[{"href":"https:\/\/csl.org\/global\/wp-json\/wp\/v2\/pages"}],"about":[{"href":"https:\/\/csl.org\/global\/wp-json\/wp\/v2\/types\/page"}],"author":[{"embeddable":true,"href":"https:\/\/csl.org\/global\/wp-json\/wp\/v2\/users\/1"}],"replies":[{"embeddable":true,"href":"https:\/\/csl.org\/global\/wp-json\/wp\/v2\/comments?post=5323"}],"version-history":[{"count":7,"href":"https:\/\/csl.org\/global\/wp-json\/wp\/v2\/pages\/5323\/revisions"}],"predecessor-version":[{"id":8872,"href":"https:\/\/csl.org\/global\/wp-json\/wp\/v2\/pages\/5323\/revisions\/8872"}],"up":[{"embeddable":true,"href":"https:\/\/csl.org\/global\/wp-json\/wp\/v2\/pages\/5029"}],"wp:attachment":[{"href":"https:\/\/csl.org\/global\/wp-json\/wp\/v2\/media?parent=5323"}],"wp:term":[{"taxonomy":"category","embeddable":true,"href":"https:\/\/csl.org\/global\/wp-json\/wp\/v2\/categories?post=5323"},{"taxonomy":"post_tag","embeddable":true,"href":"https:\/\/csl.org\/global\/wp-json\/wp\/v2\/tags?post=5323"}],"curies":[{"name":"wp","href":"https:\/\/api.w.org\/{rel}","templated":true}]}}