{"id":5329,"date":"2020-02-24T10:45:47","date_gmt":"2020-02-24T10:45:47","guid":{"rendered":"https:\/\/csl.org\/global\/communaute\/evenements-mondiaux\/"},"modified":"2020-08-19T09:01:20","modified_gmt":"2020-08-19T09:01:20","slug":"evenements-mondiaux","status":"publish","type":"page","link":"https:\/\/csl.org\/global\/communaute\/evenements-mondiaux\/","title":{"rendered":"\u00c9v\u00e9nements mondiaux"},"content":{"rendered":"<p><div class=\"fusion-fullwidth fullwidth-box fusion-builder-row-1 gradient-container-1 nonhundred-percent-fullwidth non-hundred-percent-height-scrolling\" style=\"--awb-border-radius-top-left:0px;--awb-border-radius-top-right:0px;--awb-border-radius-bottom-right:0px;--awb-border-radius-bottom-left:0px;--awb-background-color:#ffffff;--awb-flex-wrap:wrap;\" ><div class=\"fusion-builder-row fusion-row\"><div class=\"fusion-layout-column fusion_builder_column fusion-builder-column-0 fusion_builder_column_1_1 1_1 fusion-one-full fusion-column-first fusion-column-last fusion-animated\" style=\"--awb-padding-top:50px;--awb-padding-right:3%;--awb-padding-bottom:50px;--awb-padding-left:3%;--awb-bg-color:#ffffff;--awb-bg-color-hover:#ffffff;--awb-bg-size:cover;\" data-animationType=\"zoomIn\" data-animationDuration=\"0.3\" data-animationOffset=\"top-into-view\"><div class=\"fusion-column-wrapper fusion-column-has-shadow fusion-flex-column-wrapper-legacy\"><div class=\"fusion-text fusion-text-1\"><h1 style=\"font-size: 39.203px; line-height: 41.163px;\" data-lineheight=\"42\" data-fontsize=\"40\">\u00c9v\u00e9nements mondiaux<\/h1>\n<p><img fetchpriority=\"high\" decoding=\"async\" class=\"size-400 wp-image-2345 alignleft\" src=\"http:\/\/csl.org\/wp-content\/uploads\/sites\/8\/2019\/05\/stage-people-400x225.jpg\" alt=\"\" width=\"400\" height=\"225\" srcset=\"https:\/\/csl.org\/global\/wp-content\/uploads\/sites\/8\/2019\/05\/stage-people-200x113.jpg 200w, https:\/\/csl.org\/global\/wp-content\/uploads\/sites\/8\/2019\/05\/stage-people-300x169.jpg 300w, https:\/\/csl.org\/global\/wp-content\/uploads\/sites\/8\/2019\/05\/stage-people-400x225.jpg 400w, https:\/\/csl.org\/global\/wp-content\/uploads\/sites\/8\/2019\/05\/stage-people-600x338.jpg 600w, https:\/\/csl.org\/global\/wp-content\/uploads\/sites\/8\/2019\/05\/stage-people-768x432.jpg 768w, https:\/\/csl.org\/global\/wp-content\/uploads\/sites\/8\/2019\/05\/stage-people-800x450.jpg 800w, https:\/\/csl.org\/global\/wp-content\/uploads\/sites\/8\/2019\/05\/stage-people-1024x576.jpg 1024w, https:\/\/csl.org\/global\/wp-content\/uploads\/sites\/8\/2019\/05\/stage-people-1200x675.jpg 1200w, https:\/\/csl.org\/global\/wp-content\/uploads\/sites\/8\/2019\/05\/stage-people.jpg 1920w\" sizes=\"(max-width: 400px) 100vw, 400px\" \/>Les Services Mondiaux (Global Services) prennent vraiment leur nom \u00e0 c\u0153ur. Afin de fournir des services \u00e0 l&#8217;\u00e9chelle mondiale, nous recueillons des informations sur les \u00e9v\u00e9nements et les conf\u00e9rences auxquels vous pouvez assister. Cela vous permet d&#8217;entrer en contact avec des personnes partageant les m\u00eames id\u00e9es dans le monde entier, de partager votre sagesse, de d\u00e9couvrir des id\u00e9es et d&#8217;<span style=\"float: none; background-color: #e8f7e3; color: #333333; cursor: text; font-family: Georgia,'Times New Roman','Bitstream Charter',Times,serif; font-size: 16px; font-style: normal; font-variant: normal; font-weight: 400; letter-spacing: normal; text-align: left; text-decoration: none; text-indent: 0px; text-transform: none;\">\u00ea<\/span>tre inspir\u00e9 au-del\u00e0 de vos plus grands espoirs\u00a0 au cours des conf\u00e9rences dans le monde entier.<\/p>\n<p>Trouvez les \u00e9v\u00e9nements qui c\u00e9l\u00e8brent l&#8217;amour, l&#8217;esprit et la beaut\u00e9 qui nous entourent tous quand nous prenons le temps de regarder, d&#8217;explorer et d&#8217;appr\u00e9cier.<\/p>\n<p>D\u00e9couvrez ce qui peut se trouver dans votre r\u00e9gion &#8211; ou dans des endroits fascinants de notre plan\u00e8te.<\/p>\n<h2 style=\"font-size: 34.303px; line-height: 35.283px;\" data-lineheight=\"36\" data-fontsize=\"35\">Conf\u00e9rences \u00e0 venir<\/h2>\n<h3 style=\"font-size: 29.402px; line-height: 33.323px;\" data-lineheight=\"34\" data-fontsize=\"30\">CSL Gen\u00e8ve, Suisse Retraite d&#8217;\u00e9t\u00e9<\/h3>\n<p>Ch\u00e2teau de Bossey &#8211; Gen\u00e8ve, Suisse<br \/>\n2-4 octobre 2020<br \/>\n<a href=\"http:\/\/www.csl-geneva.com\/\" target=\"_blank\" rel=\"noopener noreferrer\">Cliquez ici pour plus de d\u00e9tails!<\/a><\/p>\n<h3 style=\"font-size: 29.402px; line-height: 33.323px;\" data-lineheight=\"34\" data-fontsize=\"30\">TEMENOS, Kiev, Ukraine Retraites<\/h3>\n<p>2020 \u00c9v\u00e9nements \u00e0 annoncer&#8230;.<br \/>\n<a href=\"http:\/\/www.temenoscsl.org\/\" target=\"_blank\" rel=\"noopener noreferrer\">Lien vers le site web de TEMENOS pour plus d&#8217;informations<\/a>.<\/p>\n<p><a href=\"http:\/\/csl.org\/wp-content\/uploads\/sites\/8\/2019\/08\/TEMENOS-Brochure.pdf\" target=\"_blank\" rel=\"noopener noreferrer\">TEMENOS Brochure<\/a><\/p>\n<h2 style=\"font-size: 34.303px; line-height: 35.283px;\" data-lineheight=\"36\" data-fontsize=\"35\">Faites inscrire un \u00e9v\u00e9nement international<\/h2>\n<p>Nous, \u00e0 Global Services, faisons tout notre possible pour soutenir les communaut\u00e9s internationales des Centres Pour la Vie Spirituelle (CSL). La liste des \u00e9v\u00e9nements et\/ou conf\u00e9rences internationaux sur ces pages web est toujours une joie, car elle met en \u00e9vidence l&#8217;universalit\u00e9 des messages de la Science de l&#8217;Esprit et la connectivit\u00e9 d&#8217;un monde qui fonctionne pour tous !<\/p>\n<p>Dans cette optique, certaines conditions doivent encore \u00eatre remplies pour qu&#8217;un \u00e9v\u00e9nement ou une conf\u00e9rence internationale soit inscrit sur la liste. Tous les groupes internationaux des Centres pour la Vie Spirituelle (CSL*) sont invit\u00e9s \u00e0 inscrire leur \u00e9v\u00e9nement ou leur conf\u00e9rence. Veuillez remplir le formulaire de demande pour que votre \u00e9v\u00e9nement\/conf\u00e9rence soit pris en compte.<\/p>\n<div class=\"fusion-button-wrapper\"><a class=\"fusion-button button-flat fusion-button-default-size button-default fusion-button-default button-1 fusion-button-default-span fusion-button-default-type\" target=\"_self\" href=\"http:\/\/csl.org\/global\/fr\/communaute\/evenements-mondiaux\/listez-un-evenement-international\/\"><span class=\"fusion-button-text\">Lister un \u00e9v\u00e9nement<\/span><\/a><\/div>\n<p>&nbsp;<\/p>\n<p style=\"text-align: center;\">*Les groupes internationaux comprennent : les Centres, les Chapitres d&#8217;Enseignement &#8211; (Centres d<span style=\"float: none; background-color: #e8f7e3; color: #333333; cursor: text; font-family: Georgia,'Times New Roman','Bitstream Charter',Times,serif; font-size: 16px; font-style: normal; font-variant: normal; font-weight: 400; letter-spacing: normal; text-align: left; text-decoration: none; text-indent: 0px; text-transform: none;\">\u00e9<\/span>di<span style=\"float: none; background-color: #e8f7e3; color: #333333; cursor: text; font-family: Georgia,'Times New Roman','Bitstream Charter',Times,serif; font-size: 16px; font-style: normal; font-variant: normal; font-weight: 400; letter-spacing: normal; text-align: left; text-decoration: none; text-indent: 0px; text-transform: none;\">\u00e9<\/span> <span style=\"float: none; background-color: #ffffff; color: #333333; cursor: text; font-family: Georgia,'Times New Roman','Bitstream Charter',Times,serif; font-size: 16px; font-style: normal; font-variant: normal; font-weight: 400; letter-spacing: normal; text-align: left; text-decoration: none; text-indent: 0px; text-transform: none;\">\u00e0<\/span> l&#8217;enseignement) les Minist\u00e8res de focus, les Groupes d&#8217;Etude et les Cercles de Vie Spirituelle. <a href=\"http:\/\/csl.org\/global\/fr\/communaute\/evenements-mondiaux\/descriptions-des-communautes-groupes\/\">Cliquez ici<\/a> pour une description des groupes internationaux.<\/p>\n<p>Gracias Merci Danke Obrigado Asante \u3042\u308a\u304c\u3068\u3046 \u0441\u043f\u0430\u0441\u0438\u0431\u043e salamat \u0634\u0643\u0631\u0627 Thank you<\/p>\n<p>&#8220;&#8230;imaginez que votre vie soit remplie de bien&#8230; que votre esprit s&#8217;\u00e9veille.&#8221; R\u00e9v\u00e9rende Angelica<\/p>\n<p>&nbsp;<\/p>\n<\/div><div class=\"fusion-clearfix\"><\/div><\/div><\/div><\/div><\/div><div class=\"fusion-bg-parallax\" data-bg-align=\"center center\" data-direction=\"left\" data-mute=\"false\" data-opacity=\"100\" data-velocity=\"-0.7\" data-mobile-enabled=\"true\" data-break_parents=\"0\" data-bg-image=\"http:\/\/csl.org\/wp-content\/uploads\/sites\/8\/2019\/05\/celebration-.jpg\" data-bg-repeat=\"false\" ><\/div><div class=\"fusion-fullwidth fullwidth-box fusion-builder-row-2 fusion-parallax-left gradient-container-2 nonhundred-percent-fullwidth non-hundred-percent-height-scrolling\" style=\"--awb-border-radius-top-left:0px;--awb-border-radius-top-right:0px;--awb-border-radius-bottom-right:0px;--awb-border-radius-bottom-left:0px;--awb-background-image:url(&quot;http:\/\/csl.org\/wp-content\/uploads\/sites\/8\/2019\/05\/celebration-.jpg&quot;);--awb-background-size:cover;--awb-flex-wrap:wrap;\" ><div class=\"fusion-builder-row fusion-row\"><div class=\"fusion-layout-column fusion_builder_column fusion-builder-column-1 fusion_builder_column_1_1 1_1 fusion-one-full fusion-column-first fusion-column-last\" style=\"--awb-padding-top:250px;--awb-padding-right:200px;--awb-padding-bottom:250px;--awb-padding-left:200px;--awb-bg-size:cover;\"><div class=\"fusion-column-wrapper fusion-column-has-shadow fusion-flex-column-wrapper-legacy\"><div class=\"fusion-clearfix\"><\/div><\/div><\/div><\/div><\/div><\/p>\n","protected":false},"excerpt":{"rendered":"","protected":false},"author":1,"featured_media":0,"parent":5026,"menu_order":138,"comment_status":"closed","ping_status":"closed","template":"100-width.php","meta":{"_exactmetrics_skip_tracking":false,"_exactmetrics_sitenote_active":false,"_exactmetrics_sitenote_note":"","_exactmetrics_sitenote_category":0,"footnotes":""},"categories":[85],"tags":[],"class_list":["post-5329","page","type-page","status-publish","hentry","category-communaute-fr"],"yoast_head":"<!-- This site is optimized with the Yoast SEO plugin v23.1 - https:\/\/yoast.com\/wordpress\/plugins\/seo\/ -->\n<title>\u00c9v\u00e9nements mondiaux - Global Services - Centers for Spiritual Living<\/title>\n<meta name=\"robots\" content=\"index, follow, max-snippet:-1, max-image-preview:large, max-video-preview:-1\" \/>\n<link rel=\"canonical\" href=\"https:\/\/csl.org\/global\/fr\/communaute\/evenements-mondiaux\/\" \/>\n<meta property=\"og:locale\" content=\"en_US\" \/>\n<meta property=\"og:type\" content=\"article\" \/>\n<meta property=\"og:title\" content=\"\u00c9v\u00e9nements mondiaux - Global Services - Centers for Spiritual Living\" \/>\n<meta property=\"og:url\" content=\"https:\/\/csl.org\/global\/fr\/communaute\/evenements-mondiaux\/\" \/>\n<meta property=\"og:site_name\" content=\"Global Services - Centers for Spiritual Living\" \/>\n<meta property=\"article:modified_time\" content=\"2020-08-19T09:01:20+00:00\" \/>\n<meta property=\"og:image\" content=\"http:\/\/csl.org\/wp-content\/uploads\/sites\/8\/2019\/05\/stage-people-400x225.jpg\" \/>\n<meta name=\"twitter:card\" content=\"summary_large_image\" \/>\n<meta name=\"twitter:label1\" content=\"Est. reading time\" \/>\n\t<meta name=\"twitter:data1\" content=\"5 minutes\" \/>\n<script type=\"application\/ld+json\" class=\"yoast-schema-graph\">{\"@context\":\"https:\/\/schema.org\",\"@graph\":[{\"@type\":\"WebPage\",\"@id\":\"https:\/\/csl.org\/global\/fr\/communaute\/evenements-mondiaux\/\",\"url\":\"https:\/\/csl.org\/global\/fr\/communaute\/evenements-mondiaux\/\",\"name\":\"\u00c9v\u00e9nements mondiaux - Global Services - Centers for Spiritual Living\",\"isPartOf\":{\"@id\":\"https:\/\/csl.org\/global\/de\/#website\"},\"primaryImageOfPage\":{\"@id\":\"https:\/\/csl.org\/global\/fr\/communaute\/evenements-mondiaux\/#primaryimage\"},\"image\":{\"@id\":\"https:\/\/csl.org\/global\/fr\/communaute\/evenements-mondiaux\/#primaryimage\"},\"thumbnailUrl\":\"http:\/\/csl.org\/wp-content\/uploads\/sites\/8\/2019\/05\/stage-people-400x225.jpg\",\"datePublished\":\"2020-02-24T10:45:47+00:00\",\"dateModified\":\"2020-08-19T09:01:20+00:00\",\"breadcrumb\":{\"@id\":\"https:\/\/csl.org\/global\/fr\/communaute\/evenements-mondiaux\/#breadcrumb\"},\"inLanguage\":\"en-US\",\"potentialAction\":[{\"@type\":\"ReadAction\",\"target\":[\"https:\/\/csl.org\/global\/fr\/communaute\/evenements-mondiaux\/\"]}]},{\"@type\":\"ImageObject\",\"inLanguage\":\"en-US\",\"@id\":\"https:\/\/csl.org\/global\/fr\/communaute\/evenements-mondiaux\/#primaryimage\",\"url\":\"http:\/\/csl.org\/wp-content\/uploads\/sites\/8\/2019\/05\/stage-people-400x225.jpg\",\"contentUrl\":\"http:\/\/csl.org\/wp-content\/uploads\/sites\/8\/2019\/05\/stage-people-400x225.jpg\"},{\"@type\":\"BreadcrumbList\",\"@id\":\"https:\/\/csl.org\/global\/fr\/communaute\/evenements-mondiaux\/#breadcrumb\",\"itemListElement\":[{\"@type\":\"ListItem\",\"position\":1,\"name\":\"COMMUNAUT\u00c9\",\"item\":\"https:\/\/csl.org\/global\/fr\/communaute\/\"},{\"@type\":\"ListItem\",\"position\":2,\"name\":\"\u00c9v\u00e9nements mondiaux\"}]},{\"@type\":\"WebSite\",\"@id\":\"https:\/\/csl.org\/global\/de\/#website\",\"url\":\"https:\/\/csl.org\/global\/de\/\",\"name\":\"Global Services - Centers for Spiritual Living\",\"description\":\"\",\"potentialAction\":[{\"@type\":\"SearchAction\",\"target\":{\"@type\":\"EntryPoint\",\"urlTemplate\":\"https:\/\/csl.org\/global\/de\/?s={search_term_string}\"},\"query-input\":\"required name=search_term_string\"}],\"inLanguage\":\"en-US\"}]}<\/script>\n<!-- \/ Yoast SEO plugin. -->","yoast_head_json":{"title":"\u00c9v\u00e9nements mondiaux - Global Services - Centers for Spiritual Living","robots":{"index":"index","follow":"follow","max-snippet":"max-snippet:-1","max-image-preview":"max-image-preview:large","max-video-preview":"max-video-preview:-1"},"canonical":"https:\/\/csl.org\/global\/fr\/communaute\/evenements-mondiaux\/","og_locale":"en_US","og_type":"article","og_title":"\u00c9v\u00e9nements mondiaux - Global Services - Centers for Spiritual Living","og_url":"https:\/\/csl.org\/global\/fr\/communaute\/evenements-mondiaux\/","og_site_name":"Global Services - Centers for Spiritual Living","article_modified_time":"2020-08-19T09:01:20+00:00","og_image":[{"url":"http:\/\/csl.org\/wp-content\/uploads\/sites\/8\/2019\/05\/stage-people-400x225.jpg"}],"twitter_card":"summary_large_image","twitter_misc":{"Est. reading time":"5 minutes"},"schema":{"@context":"https:\/\/schema.org","@graph":[{"@type":"WebPage","@id":"https:\/\/csl.org\/global\/fr\/communaute\/evenements-mondiaux\/","url":"https:\/\/csl.org\/global\/fr\/communaute\/evenements-mondiaux\/","name":"\u00c9v\u00e9nements mondiaux - Global Services - Centers for Spiritual Living","isPartOf":{"@id":"https:\/\/csl.org\/global\/de\/#website"},"primaryImageOfPage":{"@id":"https:\/\/csl.org\/global\/fr\/communaute\/evenements-mondiaux\/#primaryimage"},"image":{"@id":"https:\/\/csl.org\/global\/fr\/communaute\/evenements-mondiaux\/#primaryimage"},"thumbnailUrl":"http:\/\/csl.org\/wp-content\/uploads\/sites\/8\/2019\/05\/stage-people-400x225.jpg","datePublished":"2020-02-24T10:45:47+00:00","dateModified":"2020-08-19T09:01:20+00:00","breadcrumb":{"@id":"https:\/\/csl.org\/global\/fr\/communaute\/evenements-mondiaux\/#breadcrumb"},"inLanguage":"en-US","potentialAction":[{"@type":"ReadAction","target":["https:\/\/csl.org\/global\/fr\/communaute\/evenements-mondiaux\/"]}]},{"@type":"ImageObject","inLanguage":"en-US","@id":"https:\/\/csl.org\/global\/fr\/communaute\/evenements-mondiaux\/#primaryimage","url":"http:\/\/csl.org\/wp-content\/uploads\/sites\/8\/2019\/05\/stage-people-400x225.jpg","contentUrl":"http:\/\/csl.org\/wp-content\/uploads\/sites\/8\/2019\/05\/stage-people-400x225.jpg"},{"@type":"BreadcrumbList","@id":"https:\/\/csl.org\/global\/fr\/communaute\/evenements-mondiaux\/#breadcrumb","itemListElement":[{"@type":"ListItem","position":1,"name":"COMMUNAUT\u00c9","item":"https:\/\/csl.org\/global\/fr\/communaute\/"},{"@type":"ListItem","position":2,"name":"\u00c9v\u00e9nements mondiaux"}]},{"@type":"WebSite","@id":"https:\/\/csl.org\/global\/de\/#website","url":"https:\/\/csl.org\/global\/de\/","name":"Global Services - Centers for Spiritual Living","description":"","potentialAction":[{"@type":"SearchAction","target":{"@type":"EntryPoint","urlTemplate":"https:\/\/csl.org\/global\/de\/?s={search_term_string}"},"query-input":"required name=search_term_string"}],"inLanguage":"en-US"}]}},"_links":{"self":[{"href":"https:\/\/csl.org\/global\/wp-json\/wp\/v2\/pages\/5329"}],"collection":[{"href":"https:\/\/csl.org\/global\/wp-json\/wp\/v2\/pages"}],"about":[{"href":"https:\/\/csl.org\/global\/wp-json\/wp\/v2\/types\/page"}],"author":[{"embeddable":true,"href":"https:\/\/csl.org\/global\/wp-json\/wp\/v2\/users\/1"}],"replies":[{"embeddable":true,"href":"https:\/\/csl.org\/global\/wp-json\/wp\/v2\/comments?post=5329"}],"version-history":[{"count":11,"href":"https:\/\/csl.org\/global\/wp-json\/wp\/v2\/pages\/5329\/revisions"}],"predecessor-version":[{"id":7743,"href":"https:\/\/csl.org\/global\/wp-json\/wp\/v2\/pages\/5329\/revisions\/7743"}],"up":[{"embeddable":true,"href":"https:\/\/csl.org\/global\/wp-json\/wp\/v2\/pages\/5026"}],"wp:attachment":[{"href":"https:\/\/csl.org\/global\/wp-json\/wp\/v2\/media?parent=5329"}],"wp:term":[{"taxonomy":"category","embeddable":true,"href":"https:\/\/csl.org\/global\/wp-json\/wp\/v2\/categories?post=5329"},{"taxonomy":"post_tag","embeddable":true,"href":"https:\/\/csl.org\/global\/wp-json\/wp\/v2\/tags?post=5329"}],"curies":[{"name":"wp","href":"https:\/\/api.w.org\/{rel}","templated":true}]}}