{"id":5333,"date":"2020-02-24T10:53:54","date_gmt":"2020-02-24T10:53:54","guid":{"rendered":"https:\/\/csl.org\/global\/gemeinschaft\/globale-ereignisse\/"},"modified":"2020-08-19T08:31:22","modified_gmt":"2020-08-19T08:31:22","slug":"globale-ereignisse","status":"publish","type":"page","link":"https:\/\/csl.org\/global\/gemeinschaft\/globale-ereignisse\/","title":{"rendered":"Globale Ereignisse"},"content":{"rendered":"<p><div class=\"fusion-fullwidth fullwidth-box fusion-builder-row-1 gradient-container-1 nonhundred-percent-fullwidth non-hundred-percent-height-scrolling\" style=\"--awb-border-radius-top-left:0px;--awb-border-radius-top-right:0px;--awb-border-radius-bottom-right:0px;--awb-border-radius-bottom-left:0px;--awb-background-color:#ffffff;--awb-flex-wrap:wrap;\" ><div class=\"fusion-builder-row fusion-row\"><div class=\"fusion-layout-column fusion_builder_column fusion-builder-column-0 fusion_builder_column_1_1 1_1 fusion-one-full fusion-column-first fusion-column-last fusion-animated\" style=\"--awb-padding-top:50px;--awb-padding-right:3%;--awb-padding-bottom:50px;--awb-padding-left:3%;--awb-bg-color:#ffffff;--awb-bg-color-hover:#ffffff;--awb-bg-size:cover;\" data-animationType=\"zoomIn\" data-animationDuration=\"0.3\" data-animationOffset=\"top-into-view\"><div class=\"fusion-column-wrapper fusion-column-has-shadow fusion-flex-column-wrapper-legacy\"><div class=\"fusion-text fusion-text-1\"><h1 style=\"font-size: 39.203px; line-height: 41.163px;\" data-fontsize=\"40\" data-lineheight=\"42\">Globale Veranstaltungen\u00a0<\/h1>\n<p><img fetchpriority=\"high\" decoding=\"async\" class=\"size-400 wp-image-2345 alignleft\" src=\"http:\/\/csl.org\/wp-content\/uploads\/sites\/8\/2019\/05\/stage-people-400x225.jpg\" alt=\"\" width=\"400\" height=\"225\" srcset=\"https:\/\/csl.org\/global\/wp-content\/uploads\/sites\/8\/2019\/05\/stage-people-200x113.jpg 200w, https:\/\/csl.org\/global\/wp-content\/uploads\/sites\/8\/2019\/05\/stage-people-300x169.jpg 300w, https:\/\/csl.org\/global\/wp-content\/uploads\/sites\/8\/2019\/05\/stage-people-400x225.jpg 400w, https:\/\/csl.org\/global\/wp-content\/uploads\/sites\/8\/2019\/05\/stage-people-600x338.jpg 600w, https:\/\/csl.org\/global\/wp-content\/uploads\/sites\/8\/2019\/05\/stage-people-768x432.jpg 768w, https:\/\/csl.org\/global\/wp-content\/uploads\/sites\/8\/2019\/05\/stage-people-800x450.jpg 800w, https:\/\/csl.org\/global\/wp-content\/uploads\/sites\/8\/2019\/05\/stage-people-1024x576.jpg 1024w, https:\/\/csl.org\/global\/wp-content\/uploads\/sites\/8\/2019\/05\/stage-people-1200x675.jpg 1200w, https:\/\/csl.org\/global\/wp-content\/uploads\/sites\/8\/2019\/05\/stage-people.jpg 1920w\" sizes=\"(max-width: 400px) 100vw, 400px\" \/>Global Services nimmt sich seinen Namen wirklich zu Herzen. Um Dienstleistungen weltweit anbieten zu k\u00f6nnen, gibt es eine fortlaufende Sammlung von Informationen \u00fcber Veranstaltungen und Konferenzen, an denen Sie teilnehmen k\u00f6nnen. Treffen Sie sich mit Gleichgesinnten auf der ganzen Welt, tauschen Sie Weisheiten aus, entdecken Sie Einsichten und lassen Sie sich durch internationale Konferenzen weit \u00fcber Ihre Erwartungen hinaus inspirieren.<\/p>\n<p>Finden Sie hier Ank\u00fcndigungen von Events, die Liebe, Spiritualit\u00e4t und Sch\u00f6nheit, die uns alle umgeben, feiern &#8211; wenn wir uns daf\u00fcr die Zeit nehmen zu schauen, zu erforschen und wertzusch\u00e4tzen.<\/p>\n<p>Entdecken Sie, was es in Ihrer Region &#8211; oder an faszinierenden Orten auf unserem Planeten &#8211; geben kann.<\/p>\n<h2 style=\"font-size: 34.303px; line-height: 35.283px;\" data-fontsize=\"35\" data-lineheight=\"36\">Bevorstehende Konferenzen<\/h2>\n<h3 style=\"font-size: 29.402px; line-height: 33.323px;\" data-fontsize=\"30\" data-lineheight=\"34\">CSL Genf, Schweiz Herbst-Retreat<\/h3>\n<p>Ch\u00e2teau de Bossey &#8211; Genf, Schweiz<br \/>\n2. bis 4. Oktober 2020<br \/>\n<a href=\"http:\/\/www.csl-geneva.com\/\" target=\"_blank\" rel=\"noopener noreferrer\">Klicken Sie hier f\u00fcr Details!<\/a><\/p>\n<h3 style=\"font-size: 29.402px; line-height: 33.323px;\" data-fontsize=\"30\" data-lineheight=\"34\">TEMENOS, Kiew, Ukraine\u00a0<\/h3>\n<p>2020 anzuk\u00fcndigende Ereignisse&#8230;.<br \/>\n<a href=\"http:\/\/www.temenoscsl.org\/\" target=\"_blank\" rel=\"noopener noreferrer\">Link zur TEMENOS-Website f\u00fcr weitere Informationen<\/a>.<\/p>\n<p><a href=\"http:\/\/csl.org\/wp-content\/uploads\/sites\/8\/2019\/08\/TEMENOS-Brochure.pdf\" target=\"_blank\" rel=\"noopener noreferrer\">TEMENOS Brosch\u00fcre<\/a><\/p>\n<h2 style=\"font-size: 34.303px; line-height: 35.283px;\" data-fontsize=\"35\" data-lineheight=\"36\">Listen Sie hier ein internationales Event auf\u00a0<\/h2>\n<p>Wir von Global Services tun unser Bestes, um die Internationalen Gemeinschaften von Centers for Spiritual Living zu unterst\u00fctzen. Die Auflistung internationaler Veranstaltungen und\/oder Konferenzen auf diesen Webseiten ist immer eine Freude, da sie die Universalit\u00e4t der Science of Mind Philosophie verdeutlichen die Vernetzung in einer Welt, die f\u00fcr alle Menschen gut funktioniert. Mit diesem Hintergrund gibt es bestimmte Voraussetzungen, die erf\u00fcllt sein m\u00fcssen, damit eine internationale Veranstaltung oder eine Konferenz hier aufgelistet werden kann. Alle internationalen Gruppen* der Centers for Spiritual Living sind eingeladen, ihre Veranstaltung\/Konferenaufzulisten. Bitte f\u00fcllen Sie das Antragsformular aus, damit Ihre Veranstaltung oder Konferenz hier ber\u00fccksichtigt wird.<\/p>\n<div class=\"fusion-button-wrapper\"><a class=\"fusion-button button-flat fusion-button-default-size button-default fusion-button-default button-1 fusion-button-default-span fusion-button-default-type\" target=\"_self\" href=\"http:\/\/csl.org\/global\/de\/gemeinschaft\/globale-ereignisse\/auflistung-einer-internationalen-veranstaltung\/\"><span class=\"fusion-button-text\">Listen Sie hier ein internationales Event auf<\/span><\/a><\/div>\n<p>&nbsp;<\/p>\n<p style=\"text-align: center;\">*Internationale Gruppen umfassen: Centers for Spiritual Living, Teaching Chapters, Focus Gemeinschaften, Studiengruppen, Kreise f\u00fcr Spirituelles Leben. <a href=\"http:\/\/csl.org\/global\/de\/gemeinschaft\/globale-ereignisse\/beschreibungen-von-gemeinschaften-und-gruppen\/\">Klicken Sie hier<\/a> f\u00fcr Beschreibungen internationaler Gruppen.<\/p>\n<p>Gracias Merci Danke, Bedankt, Obrigado Asante \u3042\u308a\u304c\u3068\u3046 \u0441\u043f\u0430\u0441\u0438\u0431\u043e salamat \u0634\u0643\u0631\u0627 Thank you<\/p>\n<p>&#8220;&#8230;stellen Sie sich vor, mein Leben wird gef\u00fcllt mit Gutem&#8230; mein Geist erwachte.&#8221; Revered Angelica<\/p>\n<\/div><div class=\"fusion-clearfix\"><\/div><\/div><\/div><\/div><\/div><div class=\"fusion-bg-parallax\" data-bg-align=\"center center\" data-direction=\"left\" data-mute=\"false\" data-opacity=\"100\" data-velocity=\"-0.7\" data-mobile-enabled=\"true\" data-break_parents=\"0\" data-bg-image=\"http:\/\/csl.org\/wp-content\/uploads\/sites\/8\/2019\/05\/celebration-.jpg\" data-bg-repeat=\"false\" ><\/div><div class=\"fusion-fullwidth fullwidth-box fusion-builder-row-2 fusion-parallax-left gradient-container-2 nonhundred-percent-fullwidth non-hundred-percent-height-scrolling\" style=\"--awb-border-radius-top-left:0px;--awb-border-radius-top-right:0px;--awb-border-radius-bottom-right:0px;--awb-border-radius-bottom-left:0px;--awb-background-image:url(&quot;http:\/\/csl.org\/wp-content\/uploads\/sites\/8\/2019\/05\/celebration-.jpg&quot;);--awb-background-size:cover;--awb-flex-wrap:wrap;\" ><div class=\"fusion-builder-row fusion-row\"><div class=\"fusion-layout-column fusion_builder_column fusion-builder-column-1 fusion_builder_column_1_1 1_1 fusion-one-full fusion-column-first fusion-column-last\" style=\"--awb-padding-top:250px;--awb-padding-right:200px;--awb-padding-bottom:250px;--awb-padding-left:200px;--awb-bg-size:cover;\"><div class=\"fusion-column-wrapper fusion-column-has-shadow fusion-flex-column-wrapper-legacy\"><div class=\"fusion-clearfix\"><\/div><\/div><\/div><\/div><\/div><\/p>\n","protected":false},"excerpt":{"rendered":"","protected":false},"author":1,"featured_media":0,"parent":5025,"menu_order":139,"comment_status":"closed","ping_status":"closed","template":"100-width.php","meta":{"_exactmetrics_skip_tracking":false,"_exactmetrics_sitenote_active":false,"_exactmetrics_sitenote_note":"","_exactmetrics_sitenote_category":0,"footnotes":""},"categories":[86],"tags":[],"class_list":["post-5333","page","type-page","status-publish","hentry","category-gemeinschaft-de"],"yoast_head":"<!-- This site is optimized with the Yoast SEO plugin v23.1 - https:\/\/yoast.com\/wordpress\/plugins\/seo\/ -->\n<title>Globale Ereignisse - Global Services - Centers for Spiritual Living<\/title>\n<meta name=\"robots\" content=\"index, follow, max-snippet:-1, max-image-preview:large, max-video-preview:-1\" \/>\n<link rel=\"canonical\" href=\"https:\/\/csl.org\/global\/de\/gemeinschaft\/globale-ereignisse\/\" \/>\n<meta property=\"og:locale\" content=\"en_US\" \/>\n<meta property=\"og:type\" content=\"article\" \/>\n<meta property=\"og:title\" content=\"Globale Ereignisse - Global Services - Centers for Spiritual Living\" \/>\n<meta property=\"og:url\" content=\"https:\/\/csl.org\/global\/de\/gemeinschaft\/globale-ereignisse\/\" \/>\n<meta property=\"og:site_name\" content=\"Global Services - Centers for Spiritual Living\" \/>\n<meta property=\"article:modified_time\" content=\"2020-08-19T08:31:22+00:00\" \/>\n<meta property=\"og:image\" content=\"http:\/\/csl.org\/wp-content\/uploads\/sites\/8\/2019\/05\/stage-people-400x225.jpg\" \/>\n<meta name=\"twitter:card\" content=\"summary_large_image\" \/>\n<meta name=\"twitter:label1\" content=\"Est. reading time\" \/>\n\t<meta name=\"twitter:data1\" content=\"5 minutes\" \/>\n<script type=\"application\/ld+json\" class=\"yoast-schema-graph\">{\"@context\":\"https:\/\/schema.org\",\"@graph\":[{\"@type\":\"WebPage\",\"@id\":\"https:\/\/csl.org\/global\/de\/gemeinschaft\/globale-ereignisse\/\",\"url\":\"https:\/\/csl.org\/global\/de\/gemeinschaft\/globale-ereignisse\/\",\"name\":\"Globale Ereignisse - Global Services - Centers for Spiritual Living\",\"isPartOf\":{\"@id\":\"https:\/\/csl.org\/global\/de\/#website\"},\"primaryImageOfPage\":{\"@id\":\"https:\/\/csl.org\/global\/de\/gemeinschaft\/globale-ereignisse\/#primaryimage\"},\"image\":{\"@id\":\"https:\/\/csl.org\/global\/de\/gemeinschaft\/globale-ereignisse\/#primaryimage\"},\"thumbnailUrl\":\"http:\/\/csl.org\/wp-content\/uploads\/sites\/8\/2019\/05\/stage-people-400x225.jpg\",\"datePublished\":\"2020-02-24T10:53:54+00:00\",\"dateModified\":\"2020-08-19T08:31:22+00:00\",\"breadcrumb\":{\"@id\":\"https:\/\/csl.org\/global\/de\/gemeinschaft\/globale-ereignisse\/#breadcrumb\"},\"inLanguage\":\"en-US\",\"potentialAction\":[{\"@type\":\"ReadAction\",\"target\":[\"https:\/\/csl.org\/global\/de\/gemeinschaft\/globale-ereignisse\/\"]}]},{\"@type\":\"ImageObject\",\"inLanguage\":\"en-US\",\"@id\":\"https:\/\/csl.org\/global\/de\/gemeinschaft\/globale-ereignisse\/#primaryimage\",\"url\":\"http:\/\/csl.org\/wp-content\/uploads\/sites\/8\/2019\/05\/stage-people-400x225.jpg\",\"contentUrl\":\"http:\/\/csl.org\/wp-content\/uploads\/sites\/8\/2019\/05\/stage-people-400x225.jpg\"},{\"@type\":\"BreadcrumbList\",\"@id\":\"https:\/\/csl.org\/global\/de\/gemeinschaft\/globale-ereignisse\/#breadcrumb\",\"itemListElement\":[{\"@type\":\"ListItem\",\"position\":1,\"name\":\"GEMEINSCHAFT\",\"item\":\"https:\/\/csl.org\/global\/de\/gemeinschaft\/\"},{\"@type\":\"ListItem\",\"position\":2,\"name\":\"Globale Ereignisse\"}]},{\"@type\":\"WebSite\",\"@id\":\"https:\/\/csl.org\/global\/de\/#website\",\"url\":\"https:\/\/csl.org\/global\/de\/\",\"name\":\"Global Services - Centers for Spiritual Living\",\"description\":\"\",\"potentialAction\":[{\"@type\":\"SearchAction\",\"target\":{\"@type\":\"EntryPoint\",\"urlTemplate\":\"https:\/\/csl.org\/global\/de\/?s={search_term_string}\"},\"query-input\":\"required name=search_term_string\"}],\"inLanguage\":\"en-US\"}]}<\/script>\n<!-- \/ Yoast SEO plugin. -->","yoast_head_json":{"title":"Globale Ereignisse - Global Services - Centers for Spiritual Living","robots":{"index":"index","follow":"follow","max-snippet":"max-snippet:-1","max-image-preview":"max-image-preview:large","max-video-preview":"max-video-preview:-1"},"canonical":"https:\/\/csl.org\/global\/de\/gemeinschaft\/globale-ereignisse\/","og_locale":"en_US","og_type":"article","og_title":"Globale Ereignisse - Global Services - Centers for Spiritual Living","og_url":"https:\/\/csl.org\/global\/de\/gemeinschaft\/globale-ereignisse\/","og_site_name":"Global Services - Centers for Spiritual Living","article_modified_time":"2020-08-19T08:31:22+00:00","og_image":[{"url":"http:\/\/csl.org\/wp-content\/uploads\/sites\/8\/2019\/05\/stage-people-400x225.jpg"}],"twitter_card":"summary_large_image","twitter_misc":{"Est. reading time":"5 minutes"},"schema":{"@context":"https:\/\/schema.org","@graph":[{"@type":"WebPage","@id":"https:\/\/csl.org\/global\/de\/gemeinschaft\/globale-ereignisse\/","url":"https:\/\/csl.org\/global\/de\/gemeinschaft\/globale-ereignisse\/","name":"Globale Ereignisse - Global Services - Centers for Spiritual Living","isPartOf":{"@id":"https:\/\/csl.org\/global\/de\/#website"},"primaryImageOfPage":{"@id":"https:\/\/csl.org\/global\/de\/gemeinschaft\/globale-ereignisse\/#primaryimage"},"image":{"@id":"https:\/\/csl.org\/global\/de\/gemeinschaft\/globale-ereignisse\/#primaryimage"},"thumbnailUrl":"http:\/\/csl.org\/wp-content\/uploads\/sites\/8\/2019\/05\/stage-people-400x225.jpg","datePublished":"2020-02-24T10:53:54+00:00","dateModified":"2020-08-19T08:31:22+00:00","breadcrumb":{"@id":"https:\/\/csl.org\/global\/de\/gemeinschaft\/globale-ereignisse\/#breadcrumb"},"inLanguage":"en-US","potentialAction":[{"@type":"ReadAction","target":["https:\/\/csl.org\/global\/de\/gemeinschaft\/globale-ereignisse\/"]}]},{"@type":"ImageObject","inLanguage":"en-US","@id":"https:\/\/csl.org\/global\/de\/gemeinschaft\/globale-ereignisse\/#primaryimage","url":"http:\/\/csl.org\/wp-content\/uploads\/sites\/8\/2019\/05\/stage-people-400x225.jpg","contentUrl":"http:\/\/csl.org\/wp-content\/uploads\/sites\/8\/2019\/05\/stage-people-400x225.jpg"},{"@type":"BreadcrumbList","@id":"https:\/\/csl.org\/global\/de\/gemeinschaft\/globale-ereignisse\/#breadcrumb","itemListElement":[{"@type":"ListItem","position":1,"name":"GEMEINSCHAFT","item":"https:\/\/csl.org\/global\/de\/gemeinschaft\/"},{"@type":"ListItem","position":2,"name":"Globale Ereignisse"}]},{"@type":"WebSite","@id":"https:\/\/csl.org\/global\/de\/#website","url":"https:\/\/csl.org\/global\/de\/","name":"Global Services - Centers for Spiritual Living","description":"","potentialAction":[{"@type":"SearchAction","target":{"@type":"EntryPoint","urlTemplate":"https:\/\/csl.org\/global\/de\/?s={search_term_string}"},"query-input":"required name=search_term_string"}],"inLanguage":"en-US"}]}},"_links":{"self":[{"href":"https:\/\/csl.org\/global\/wp-json\/wp\/v2\/pages\/5333"}],"collection":[{"href":"https:\/\/csl.org\/global\/wp-json\/wp\/v2\/pages"}],"about":[{"href":"https:\/\/csl.org\/global\/wp-json\/wp\/v2\/types\/page"}],"author":[{"embeddable":true,"href":"https:\/\/csl.org\/global\/wp-json\/wp\/v2\/users\/1"}],"replies":[{"embeddable":true,"href":"https:\/\/csl.org\/global\/wp-json\/wp\/v2\/comments?post=5333"}],"version-history":[{"count":24,"href":"https:\/\/csl.org\/global\/wp-json\/wp\/v2\/pages\/5333\/revisions"}],"predecessor-version":[{"id":7738,"href":"https:\/\/csl.org\/global\/wp-json\/wp\/v2\/pages\/5333\/revisions\/7738"}],"up":[{"embeddable":true,"href":"https:\/\/csl.org\/global\/wp-json\/wp\/v2\/pages\/5025"}],"wp:attachment":[{"href":"https:\/\/csl.org\/global\/wp-json\/wp\/v2\/media?parent=5333"}],"wp:term":[{"taxonomy":"category","embeddable":true,"href":"https:\/\/csl.org\/global\/wp-json\/wp\/v2\/categories?post=5333"},{"taxonomy":"post_tag","embeddable":true,"href":"https:\/\/csl.org\/global\/wp-json\/wp\/v2\/tags?post=5333"}],"curies":[{"name":"wp","href":"https:\/\/api.w.org\/{rel}","templated":true}]}}