{"id":5337,"date":"2020-02-24T11:30:43","date_gmt":"2020-02-24T11:30:43","guid":{"rendered":"https:\/\/csl.org\/global\/service\/projets-globaux\/"},"modified":"2020-02-24T11:30:45","modified_gmt":"2020-02-24T11:30:45","slug":"projets-globaux","status":"publish","type":"page","link":"https:\/\/csl.org\/global\/service\/projets-globaux\/","title":{"rendered":"Projets globaux"},"content":{"rendered":"<p><div class=\"fusion-fullwidth fullwidth-box fusion-builder-row-1 gradient-container-1 nonhundred-percent-fullwidth non-hundred-percent-height-scrolling\" style=\"--awb-border-radius-top-left:0px;--awb-border-radius-top-right:0px;--awb-border-radius-bottom-right:0px;--awb-border-radius-bottom-left:0px;--awb-flex-wrap:wrap;\" ><div class=\"fusion-builder-row fusion-row\"><div class=\"fusion-layout-column fusion_builder_column fusion-builder-column-0 fusion_builder_column_1_1 1_1 fusion-one-full fusion-column-first fusion-column-last fusion-animated\" style=\"--awb-padding-top:50px;--awb-padding-right:3%;--awb-padding-bottom:50px;--awb-padding-left:3%;--awb-bg-color:#ffffff;--awb-bg-color-hover:#ffffff;--awb-bg-size:cover;\" data-animationType=\"zoomIn\" data-animationDuration=\"0.3\" data-animationOffset=\"top-into-view\"><div class=\"fusion-column-wrapper fusion-column-has-shadow fusion-flex-column-wrapper-legacy\"><div class=\"fusion-text fusion-text-1\"><h1>Projets de Services Globaux<\/h1>\n<p><a href=\"#Overview\">Overview<\/a> | <a href=\"#CSL-Teens-Malawi-Africa-School-Project\">CSL Teens &#8211; Malawi, Projet scolaire africain<\/a> | <a href=\"#CSL-Teens\">CSL Teens<\/a> | <a href=\"#Khmer-Child-Foundation-Cambodia\">Fondation khm\u00e8re pour l&#8217;enfance, Cambodge<\/a> | <a href=\"#El-Puente-the-Bridge-Costa-Rica\">El Puente-the Bridge, Costa Rica<\/a><\/p>\n<p><img fetchpriority=\"high\" decoding=\"async\" class=\"size-400 wp-image-2836 aligncenter\" src=\"http:\/\/csl.org\/wp-content\/uploads\/sites\/8\/2019\/05\/global-projects-400x283.jpg\" alt=\"\" width=\"400\" height=\"283\" srcset=\"https:\/\/csl.org\/global\/wp-content\/uploads\/sites\/8\/2019\/05\/global-projects-200x141.jpg 200w, https:\/\/csl.org\/global\/wp-content\/uploads\/sites\/8\/2019\/05\/global-projects-300x212.jpg 300w, https:\/\/csl.org\/global\/wp-content\/uploads\/sites\/8\/2019\/05\/global-projects-400x283.jpg 400w, https:\/\/csl.org\/global\/wp-content\/uploads\/sites\/8\/2019\/05\/global-projects-600x424.jpg 600w, https:\/\/csl.org\/global\/wp-content\/uploads\/sites\/8\/2019\/05\/global-projects-768x542.jpg 768w, https:\/\/csl.org\/global\/wp-content\/uploads\/sites\/8\/2019\/05\/global-projects-800x565.jpg 800w, https:\/\/csl.org\/global\/wp-content\/uploads\/sites\/8\/2019\/05\/global-projects-1024x723.jpg 1024w, https:\/\/csl.org\/global\/wp-content\/uploads\/sites\/8\/2019\/05\/global-projects-1200x848.jpg 1200w, https:\/\/csl.org\/global\/wp-content\/uploads\/sites\/8\/2019\/05\/global-projects.jpg 1280w\" sizes=\"(max-width: 400px) 100vw, 400px\" \/><\/p>\n<p><a id=\"Overview\"><\/a>\u00c0 <strong>Services Globaux<\/strong>\u00a0nous sommes intimement conscients de l&#8217;interconnexion et de la grande joie qui d\u00e9coule de la reconnaissance et du soutien des projets d&#8217;autres personnes impliqu\u00e9es dans la communaut\u00e9 de la Science de l&#8217;esprit et de la pens\u00e9e. Nous soutenons les groupes et les projets suivants!<\/p>\n<p><strong style=\"color: #666699\">Pour soutenir<\/strong><\/p>\n<p style=\"padding-left: 80px\"><span style=\"color: #339966\"><a id=\"CSL-Teens-Malawi-Africa-School-Project\"><\/a>Le projet CSL Adolescents Malawi, \u00e9cole d&#8217;Afrique<\/span><\/p>\n<p style=\"padding-left: 120px\"><strong><span style=\"color: #666699\"><em>Transformer les possibilit\u00e9s en r\u00e9alit\u00e9s par l&#8217;\u00e9veil spirituel<\/em><\/span><\/strong><\/p>\n<p>Dirig\u00e9 par le r\u00e9v\u00e9rend Keith Cox, des centaines d&#8217;adolescents ont \u00e9t\u00e9 impliqu\u00e9s dans un projet de construction d&#8217;\u00e9coles au Malawi, sur le continent africain. Au cours des 6 derni\u00e8res ann\u00e9es, 19 \u00e9coles ont \u00e9t\u00e9 construites dans le district de Kasungu au Malawi.<\/p>\n<p style=\"text-align: center\"><img decoding=\"async\" class=\"alignnone wp-image-2458\" src=\"http:\/\/csl.org\/wp-content\/uploads\/sites\/8\/2019\/05\/africa-1.jpg\" alt=\"\" width=\"336\" height=\"232\" srcset=\"https:\/\/csl.org\/global\/wp-content\/uploads\/sites\/8\/2019\/05\/africa-1-200x138.jpg 200w, https:\/\/csl.org\/global\/wp-content\/uploads\/sites\/8\/2019\/05\/africa-1-300x207.jpg 300w, https:\/\/csl.org\/global\/wp-content\/uploads\/sites\/8\/2019\/05\/africa-1.jpg 336w\" sizes=\"(max-width: 336px) 100vw, 336px\" \/><img decoding=\"async\" class=\"alignnone wp-image-2459\" src=\"http:\/\/csl.org\/wp-content\/uploads\/sites\/8\/2019\/05\/africa-2.jpg\" alt=\"\" width=\"310\" height=\"232\" srcset=\"https:\/\/csl.org\/global\/wp-content\/uploads\/sites\/8\/2019\/05\/africa-2-200x150.jpg 200w, https:\/\/csl.org\/global\/wp-content\/uploads\/sites\/8\/2019\/05\/africa-2-300x225.jpg 300w, https:\/\/csl.org\/global\/wp-content\/uploads\/sites\/8\/2019\/05\/africa-2.jpg 311w\" sizes=\"(max-width: 310px) 100vw, 310px\" \/><\/p>\n<h2><a id=\"CSL-Teens\"><\/a>CSL Adolescents<\/h2>\n<p><a href=\"http:\/\/www.cslteens.net\/\" target=\"_blank\" rel=\"noopener noreferrer\"><img loading=\"lazy\" decoding=\"async\" class=\"size-full wp-image-2471 aligncenter\" src=\"http:\/\/csl.org\/wp-content\/uploads\/sites\/8\/2019\/05\/csl-teens-logo.jpg\" alt=\"CSL Teens\" width=\"328\" height=\"121\" srcset=\"https:\/\/csl.org\/global\/wp-content\/uploads\/sites\/8\/2019\/05\/csl-teens-logo-200x74.jpg 200w, https:\/\/csl.org\/global\/wp-content\/uploads\/sites\/8\/2019\/05\/csl-teens-logo-300x111.jpg 300w, https:\/\/csl.org\/global\/wp-content\/uploads\/sites\/8\/2019\/05\/csl-teens-logo.jpg 328w\" sizes=\"(max-width: 328px) 100vw, 328px\" \/><\/a><\/p>\n<p style=\"text-align: center\"><img loading=\"lazy\" decoding=\"async\" class=\"alignnone wp-image-2462\" src=\"http:\/\/csl.org\/wp-content\/uploads\/sites\/8\/2019\/05\/teens-1.jpg\" alt=\"teens\" width=\"249\" height=\"165\" srcset=\"https:\/\/csl.org\/global\/wp-content\/uploads\/sites\/8\/2019\/05\/teens-1-200x133.jpg 200w, https:\/\/csl.org\/global\/wp-content\/uploads\/sites\/8\/2019\/05\/teens-1.jpg 249w\" sizes=\"(max-width: 249px) 100vw, 249px\" \/> <img loading=\"lazy\" decoding=\"async\" class=\"alignnone wp-image-2463\" src=\"http:\/\/csl.org\/wp-content\/uploads\/sites\/8\/2019\/05\/teens-2.jpg\" alt=\"\" width=\"219\" height=\"165\" \/><\/p>\n<p>Les adolescents, \u00e2g\u00e9s de 13 \u00e0 18 ans, organisent des \u00e9v\u00e9nements, des nuits, des camps et prennent la parole dans diff\u00e9rents centres. Les CSL Adolescents sont situ\u00e9s dans le monde entier ; cependant, une grande concentration se trouve en Am\u00e9rique du Nord. Les groupes d&#8217;adolescents offrent aux jeunes un environnement s\u00fbr pour explorer leur spiritualit\u00e9 et acqu\u00e9rir une base de pratique avec des principes spirituels universels synth\u00e9tis\u00e9s \u00e0 partir des religions du monde.<\/p>\n<p>Les adolescents se consacrent \u00e0 s&#8217;enrichir spirituellement et \u00e0 construire une communaut\u00e9 mondiale de jeunes. <a href=\"ma&#105;&#108;&#x74;&#x6f;&#x3a;&#x69;nf&#111;&#64;&#x63;&#x73;&#x6c;&#x74;ee&#110;&#115;&#46;&#x6e;&#x65;&#x74;\">Contactez-les<\/a>!<\/p>\n<h2><a id=\"Khmer-Child-Foundation-Cambodia\"><\/a>La fondation Kal\u00e9idoscope pour l&#8217;enfance<\/h2>\n<p><a href=\"http:\/\/www.khmerchildfoundation.org\/\" target=\"_blank\" rel=\"noopener noreferrer\"><img loading=\"lazy\" decoding=\"async\" class=\"wp-image-2460 size-400 aligncenter\" src=\"http:\/\/csl.org\/wp-content\/uploads\/sites\/8\/2019\/05\/KaleidoscopeChildFoundation-colorlogo-vert-400x394.jpg\" alt=\"\" width=\"400\" height=\"394\" srcset=\"https:\/\/csl.org\/global\/wp-content\/uploads\/sites\/8\/2019\/05\/KaleidoscopeChildFoundation-colorlogo-vert-66x66.jpg 66w, https:\/\/csl.org\/global\/wp-content\/uploads\/sites\/8\/2019\/05\/KaleidoscopeChildFoundation-colorlogo-vert-200x197.jpg 200w, https:\/\/csl.org\/global\/wp-content\/uploads\/sites\/8\/2019\/05\/KaleidoscopeChildFoundation-colorlogo-vert-300x295.jpg 300w, https:\/\/csl.org\/global\/wp-content\/uploads\/sites\/8\/2019\/05\/KaleidoscopeChildFoundation-colorlogo-vert-400x394.jpg 400w, https:\/\/csl.org\/global\/wp-content\/uploads\/sites\/8\/2019\/05\/KaleidoscopeChildFoundation-colorlogo-vert-600x591.jpg 600w, https:\/\/csl.org\/global\/wp-content\/uploads\/sites\/8\/2019\/05\/KaleidoscopeChildFoundation-colorlogo-vert-768x756.jpg 768w, https:\/\/csl.org\/global\/wp-content\/uploads\/sites\/8\/2019\/05\/KaleidoscopeChildFoundation-colorlogo-vert-800x788.jpg 800w, https:\/\/csl.org\/global\/wp-content\/uploads\/sites\/8\/2019\/05\/KaleidoscopeChildFoundation-colorlogo-vert-1024x1009.jpg 1024w, https:\/\/csl.org\/global\/wp-content\/uploads\/sites\/8\/2019\/05\/KaleidoscopeChildFoundation-colorlogo-vert.jpg 1131w\" sizes=\"(max-width: 400px) 100vw, 400px\" \/><\/a><em>&#8220;Nous voulons aider chaque enfant \u00e0 vivre un meilleur pr\u00e9sent et un avenir plus radieux.&#8221;<\/em><\/p>\n<p>Dr David Ault a fond\u00e9 cette organisation \u00e0 but non lucratif (initialement intitul\u00e9e Khmer Child Foundation) afin d&#8217;am\u00e9liorer la vie des orphelins et des enfants pauvres des zones rurales du Cambodge et d&#8217;\u00e9tablir des solutions durables pour une vie de qualit\u00e9. Ces initiatives comprennent : une \u00e9ducation gratuite, des projets de facilitation de puits d&#8217;eau douce, une assistance m\u00e9dicale et d&#8217;hygi\u00e8ne, une formation agricole et des comp\u00e9tences de vie. Apr\u00e8s un long processus d&#8217;approbation par les ONG et le succ\u00e8s remport\u00e9 au Cambodge, le Dr David et son \u00e9quipe ont lanc\u00e9 des initiatives similaires d&#8217;\u00e9ducation gratuite dans la r\u00e9gion de Bishar en Inde et dans la r\u00e9gion de Panajachel au Guatemala. <a href=\"http:\/\/www.kaleidoscopechildfoundation.org\" target=\"_blank\" rel=\"noopener noreferrer\">http:\/\/www.kaleidoscopechildfoundation.org<\/a><\/p>\n<p style=\"text-align: center\"><img loading=\"lazy\" decoding=\"async\" class=\"size-full wp-image-2461 aligncenter\" src=\"http:\/\/csl.org\/wp-content\/uploads\/sites\/8\/2019\/05\/Khmer-child.jpg\" alt=\"\" width=\"552\" height=\"137\" srcset=\"https:\/\/csl.org\/global\/wp-content\/uploads\/sites\/8\/2019\/05\/Khmer-child-200x50.jpg 200w, https:\/\/csl.org\/global\/wp-content\/uploads\/sites\/8\/2019\/05\/Khmer-child-300x74.jpg 300w, https:\/\/csl.org\/global\/wp-content\/uploads\/sites\/8\/2019\/05\/Khmer-child-400x99.jpg 400w, https:\/\/csl.org\/global\/wp-content\/uploads\/sites\/8\/2019\/05\/Khmer-child.jpg 552w\" sizes=\"(max-width: 552px) 100vw, 552px\" \/><\/p>\n<p style=\"text-align: center\"><em>Am\u00e9liorer la vie des enfants cambodgiens par l&#8217;\u00e9ducation et l&#8217;aide \u00e0 la qualit\u00e9 de vie.<\/em><\/p>\n<h2><a id=\"El-Puente-the-Bridge-Costa-Rica\"><\/a>El Puente-Le Pont<\/h2>\n<p style=\"text-align: center\">Soutien \u00e0 la communaut\u00e9 indig\u00e8ne du Costa Rica<\/p>\n<p style=\"text-align : center\"><img loading=\"lazy\" decoding=\"async\" class=\"alignnone wp-image-2465\" src=\"http:\/\/csl.org\/wp-content\/uploads\/sites\/8\/2019\/05\/el-puente-1.png\" alt=\"\" width=\"334\" height=\"293\" srcset=\"https:\/\/csl.org\/global\/wp-content\/uploads\/sites\/8\/2019\/05\/el-puente-1-200x176.png 200w, https:\/\/csl.org\/global\/wp-content\/uploads\/sites\/8\/2019\/05\/el-puente-1-300x264.png 300w, https:\/\/csl.org\/global\/wp-content\/uploads\/sites\/8\/2019\/05\/el-puente-1.png 321w\" sizes=\"(max-width: 334px) 100vw, 334px\" \/><\/p>\n<p style=\"text-align : center\"> <img loading=\"lazy\" decoding=\"async\" class=\"alignnone wp-image-2466\" src=\"http:\/\/csl.org\/wp-content\/uploads\/sites\/8\/2019\/05\/el-puente-2.png\" alt=\"\" width=\"333\" height=\"285\" srcset=\"https:\/\/csl.org\/global\/wp-content\/uploads\/sites\/8\/2019\/05\/el-puente-2-200x171.png 200w, https:\/\/csl.org\/global\/wp-content\/uploads\/sites\/8\/2019\/05\/el-puente-2.png 282w\" sizes=\"(max-width: 333px) 100vw, 333px\" \/><\/p>\n<p>El Puente&#8211;Le pont est situ\u00e9 \u00e0 Puerto Viejo de Talamanca, au Costa Rica. Les fondateurs Barry et Nanci Stevens ont donn\u00e9 naissance \u00e0 cette entreprise \u00e0 but non lucratif en 1987. El Puente offre une assistance \u00e9ducative, de la nourriture et des microcr\u00e9dits principalement aux populations indig\u00e8nes du Costa Rica. El Puente fait partie du Global Heart Outreach, Centers for Spiritual Living.<\/p>\n<p style=\"text-align : center\"><em>Aider les gens \u00e0 s&#8217;aider eux-m\u00eames pour atteindre l&#8217;autosuffisance<\/em><\/p>\n<p> &#8220;Pour en savoir plus sur le travail de El Puente&#8211;The Bridge, veuillez cliquer sur le lien suivant pour t\u00e9l\u00e9charger un livre gratuit de Barry et Nanci Stevens &#8220;The BriBri and the Bridge &#8211; A Look at Life in the Jungle of Costa Rica&#8221;<\/p>\n<p style=\"text-align : center\">&#8211; <strong><a href=\"http:\/\/csl.org\/wp-content\/uploads\/sites\/8\/2019\/05\/The_BriBri_and_The_Bridge.pdf\" target=\"_blank\" rel=\"noopener noreferrer\">T\u00e9l\u00e9chargement E-book<\/a><\/strong> &#8211;<\/p>\n<h2 style=\"text-align : center\">~ ~ ~ ~ ~ ~<\/p>\n<h2 style=\"text-align : center\">&#8230;.in Support of Increasing Good in the World!<\/h2>\n<p><img loading=\"lazy\" decoding=\"async\" class=\"size-full wp-image-2464 aligncenter\" src=\"http:\/\/csl.org\/wp-content\/uploads\/sites\/8\/2019\/05\/world-hands.jpg\" alt=\"\" width=\"394\" height=\"262\" srcset=\"https:\/\/csl.org\/global\/wp-content\/uploads\/sites\/8\/2019\/05\/world-hands-200x133.jpg 200w, https:\/\/csl.org\/global\/wp-content\/uploads\/sites\/8\/2019\/05\/world-hands-300x199.jpg 300w, https:\/\/csl.org\/global\/wp-content\/uploads\/sites\/8\/2019\/05\/world-hands.jpg 394w\" sizes=\"(max-width: 394px) 100vw, 394px\" \/><\/p>\n<\/div><div class=\"fusion-clearfix\"><\/div><\/div><\/div><\/div><\/div><div class=\"fusion-bg-parallax\" data-bg-align=\"center center\" data-direction=\"down\" data-mute=\"false\" data-opacity=\"100\" data-velocity=\"-0.7\" data-mobile-enabled=\"true\" data-break_parents=\"0\" data-bg-image=\"http:\/\/csl.org\/wp-content\/uploads\/sites\/8\/2019\/05\/action-team-spirit-800x546.jpg\" data-bg-repeat=\"false\" ><\/div><div class=\"fusion-fullwidth fullwidth-box fusion-builder-row-2 fusion-parallax-down gradient-container-2 nonhundred-percent-fullwidth non-hundred-percent-height-scrolling\" style=\"--awb-border-radius-top-left:0px;--awb-border-radius-top-right:0px;--awb-border-radius-bottom-right:0px;--awb-border-radius-bottom-left:0px;--awb-background-image:url(&quot;http:\/\/csl.org\/wp-content\/uploads\/sites\/8\/2019\/05\/action-team-spirit-800x546.jpg&quot;);--awb-background-size:cover;--awb-flex-wrap:wrap;\" ><div class=\"fusion-builder-row fusion-row\"><div class=\"fusion-layout-column fusion_builder_column fusion-builder-column-1 fusion_builder_column_1_1 1_1 fusion-one-full fusion-column-first fusion-column-last\" style=\"--awb-padding-top:250px;--awb-padding-right:200px;--awb-padding-bottom:250px;--awb-padding-left:200px;--awb-bg-size:cover;\"><div class=\"fusion-column-wrapper fusion-column-has-shadow fusion-flex-column-wrapper-legacy\"><div class=\"fusion-clearfix\"><\/div><\/div><\/div><\/div><\/div><\/p>\n","protected":false},"excerpt":{"rendered":"","protected":false},"author":1,"featured_media":0,"parent":5017,"menu_order":152,"comment_status":"closed","ping_status":"closed","template":"100-width.php","meta":{"_exactmetrics_skip_tracking":false,"_exactmetrics_sitenote_active":false,"_exactmetrics_sitenote_note":"","_exactmetrics_sitenote_category":0,"footnotes":""},"categories":[91],"tags":[],"class_list":["post-5337","page","type-page","status-publish","hentry","category-service-fr"],"yoast_head":"<!-- This site is optimized with the Yoast SEO plugin v23.1 - https:\/\/yoast.com\/wordpress\/plugins\/seo\/ -->\n<title>Projets globaux - Global Services - Centers for Spiritual Living<\/title>\n<meta name=\"robots\" content=\"index, follow, max-snippet:-1, max-image-preview:large, max-video-preview:-1\" \/>\n<link rel=\"canonical\" href=\"https:\/\/csl.org\/global\/fr\/service\/projets-globaux\/\" \/>\n<meta property=\"og:locale\" content=\"en_US\" \/>\n<meta property=\"og:type\" content=\"article\" \/>\n<meta property=\"og:title\" content=\"Projets globaux - Global Services - Centers for Spiritual Living\" \/>\n<meta property=\"og:url\" content=\"https:\/\/csl.org\/global\/fr\/service\/projets-globaux\/\" \/>\n<meta property=\"og:site_name\" content=\"Global Services - Centers for Spiritual Living\" \/>\n<meta property=\"article:modified_time\" content=\"2020-02-24T11:30:45+00:00\" \/>\n<meta property=\"og:image\" content=\"http:\/\/csl.org\/wp-content\/uploads\/sites\/8\/2019\/05\/global-projects-400x283.jpg\" \/>\n<meta name=\"twitter:card\" content=\"summary_large_image\" \/>\n<meta name=\"twitter:label1\" content=\"Est. reading time\" \/>\n\t<meta name=\"twitter:data1\" content=\"5 minutes\" \/>\n<script type=\"application\/ld+json\" class=\"yoast-schema-graph\">{\"@context\":\"https:\/\/schema.org\",\"@graph\":[{\"@type\":\"WebPage\",\"@id\":\"https:\/\/csl.org\/global\/fr\/service\/projets-globaux\/\",\"url\":\"https:\/\/csl.org\/global\/fr\/service\/projets-globaux\/\",\"name\":\"Projets globaux - Global Services - Centers for Spiritual Living\",\"isPartOf\":{\"@id\":\"https:\/\/csl.org\/global\/de\/#website\"},\"primaryImageOfPage\":{\"@id\":\"https:\/\/csl.org\/global\/fr\/service\/projets-globaux\/#primaryimage\"},\"image\":{\"@id\":\"https:\/\/csl.org\/global\/fr\/service\/projets-globaux\/#primaryimage\"},\"thumbnailUrl\":\"http:\/\/csl.org\/wp-content\/uploads\/sites\/8\/2019\/05\/global-projects-400x283.jpg\",\"datePublished\":\"2020-02-24T11:30:43+00:00\",\"dateModified\":\"2020-02-24T11:30:45+00:00\",\"breadcrumb\":{\"@id\":\"https:\/\/csl.org\/global\/fr\/service\/projets-globaux\/#breadcrumb\"},\"inLanguage\":\"en-US\",\"potentialAction\":[{\"@type\":\"ReadAction\",\"target\":[\"https:\/\/csl.org\/global\/fr\/service\/projets-globaux\/\"]}]},{\"@type\":\"ImageObject\",\"inLanguage\":\"en-US\",\"@id\":\"https:\/\/csl.org\/global\/fr\/service\/projets-globaux\/#primaryimage\",\"url\":\"http:\/\/csl.org\/wp-content\/uploads\/sites\/8\/2019\/05\/global-projects-400x283.jpg\",\"contentUrl\":\"http:\/\/csl.org\/wp-content\/uploads\/sites\/8\/2019\/05\/global-projects-400x283.jpg\"},{\"@type\":\"BreadcrumbList\",\"@id\":\"https:\/\/csl.org\/global\/fr\/service\/projets-globaux\/#breadcrumb\",\"itemListElement\":[{\"@type\":\"ListItem\",\"position\":1,\"name\":\"SERVICE\",\"item\":\"https:\/\/csl.org\/global\/fr\/service\/\"},{\"@type\":\"ListItem\",\"position\":2,\"name\":\"Projets globaux\"}]},{\"@type\":\"WebSite\",\"@id\":\"https:\/\/csl.org\/global\/de\/#website\",\"url\":\"https:\/\/csl.org\/global\/de\/\",\"name\":\"Global Services - Centers for Spiritual Living\",\"description\":\"\",\"potentialAction\":[{\"@type\":\"SearchAction\",\"target\":{\"@type\":\"EntryPoint\",\"urlTemplate\":\"https:\/\/csl.org\/global\/de\/?s={search_term_string}\"},\"query-input\":\"required name=search_term_string\"}],\"inLanguage\":\"en-US\"}]}<\/script>\n<!-- \/ Yoast SEO plugin. -->","yoast_head_json":{"title":"Projets globaux - Global Services - Centers for Spiritual Living","robots":{"index":"index","follow":"follow","max-snippet":"max-snippet:-1","max-image-preview":"max-image-preview:large","max-video-preview":"max-video-preview:-1"},"canonical":"https:\/\/csl.org\/global\/fr\/service\/projets-globaux\/","og_locale":"en_US","og_type":"article","og_title":"Projets globaux - Global Services - Centers for Spiritual Living","og_url":"https:\/\/csl.org\/global\/fr\/service\/projets-globaux\/","og_site_name":"Global Services - Centers for Spiritual Living","article_modified_time":"2020-02-24T11:30:45+00:00","og_image":[{"url":"http:\/\/csl.org\/wp-content\/uploads\/sites\/8\/2019\/05\/global-projects-400x283.jpg"}],"twitter_card":"summary_large_image","twitter_misc":{"Est. reading time":"5 minutes"},"schema":{"@context":"https:\/\/schema.org","@graph":[{"@type":"WebPage","@id":"https:\/\/csl.org\/global\/fr\/service\/projets-globaux\/","url":"https:\/\/csl.org\/global\/fr\/service\/projets-globaux\/","name":"Projets globaux - Global Services - Centers for Spiritual Living","isPartOf":{"@id":"https:\/\/csl.org\/global\/de\/#website"},"primaryImageOfPage":{"@id":"https:\/\/csl.org\/global\/fr\/service\/projets-globaux\/#primaryimage"},"image":{"@id":"https:\/\/csl.org\/global\/fr\/service\/projets-globaux\/#primaryimage"},"thumbnailUrl":"http:\/\/csl.org\/wp-content\/uploads\/sites\/8\/2019\/05\/global-projects-400x283.jpg","datePublished":"2020-02-24T11:30:43+00:00","dateModified":"2020-02-24T11:30:45+00:00","breadcrumb":{"@id":"https:\/\/csl.org\/global\/fr\/service\/projets-globaux\/#breadcrumb"},"inLanguage":"en-US","potentialAction":[{"@type":"ReadAction","target":["https:\/\/csl.org\/global\/fr\/service\/projets-globaux\/"]}]},{"@type":"ImageObject","inLanguage":"en-US","@id":"https:\/\/csl.org\/global\/fr\/service\/projets-globaux\/#primaryimage","url":"http:\/\/csl.org\/wp-content\/uploads\/sites\/8\/2019\/05\/global-projects-400x283.jpg","contentUrl":"http:\/\/csl.org\/wp-content\/uploads\/sites\/8\/2019\/05\/global-projects-400x283.jpg"},{"@type":"BreadcrumbList","@id":"https:\/\/csl.org\/global\/fr\/service\/projets-globaux\/#breadcrumb","itemListElement":[{"@type":"ListItem","position":1,"name":"SERVICE","item":"https:\/\/csl.org\/global\/fr\/service\/"},{"@type":"ListItem","position":2,"name":"Projets globaux"}]},{"@type":"WebSite","@id":"https:\/\/csl.org\/global\/de\/#website","url":"https:\/\/csl.org\/global\/de\/","name":"Global Services - Centers for Spiritual Living","description":"","potentialAction":[{"@type":"SearchAction","target":{"@type":"EntryPoint","urlTemplate":"https:\/\/csl.org\/global\/de\/?s={search_term_string}"},"query-input":"required name=search_term_string"}],"inLanguage":"en-US"}]}},"_links":{"self":[{"href":"https:\/\/csl.org\/global\/wp-json\/wp\/v2\/pages\/5337"}],"collection":[{"href":"https:\/\/csl.org\/global\/wp-json\/wp\/v2\/pages"}],"about":[{"href":"https:\/\/csl.org\/global\/wp-json\/wp\/v2\/types\/page"}],"author":[{"embeddable":true,"href":"https:\/\/csl.org\/global\/wp-json\/wp\/v2\/users\/1"}],"replies":[{"embeddable":true,"href":"https:\/\/csl.org\/global\/wp-json\/wp\/v2\/comments?post=5337"}],"version-history":[{"count":0,"href":"https:\/\/csl.org\/global\/wp-json\/wp\/v2\/pages\/5337\/revisions"}],"up":[{"embeddable":true,"href":"https:\/\/csl.org\/global\/wp-json\/wp\/v2\/pages\/5017"}],"wp:attachment":[{"href":"https:\/\/csl.org\/global\/wp-json\/wp\/v2\/media?parent=5337"}],"wp:term":[{"taxonomy":"category","embeddable":true,"href":"https:\/\/csl.org\/global\/wp-json\/wp\/v2\/categories?post=5337"},{"taxonomy":"post_tag","embeddable":true,"href":"https:\/\/csl.org\/global\/wp-json\/wp\/v2\/tags?post=5337"}],"curies":[{"name":"wp","href":"https:\/\/api.w.org\/{rel}","templated":true}]}}