{"id":5346,"date":"2020-02-24T12:12:00","date_gmt":"2020-02-24T12:12:00","guid":{"rendered":"https:\/\/csl.org\/global\/communaute\/evenements-mondiaux\/listez-un-evenement-international\/"},"modified":"2021-04-15T16:38:18","modified_gmt":"2021-04-15T16:38:18","slug":"listez-un-evenement-international","status":"publish","type":"page","link":"https:\/\/csl.org\/global\/communaute\/evenements-mondiaux\/listez-un-evenement-international\/","title":{"rendered":"Listez un \u00e9v\u00e9nement international"},"content":{"rendered":"<p><div class=\"fusion-fullwidth fullwidth-box fusion-builder-row-1 gradient-container-1 nonhundred-percent-fullwidth non-hundred-percent-height-scrolling\" style=\"--awb-border-radius-top-left:0px;--awb-border-radius-top-right:0px;--awb-border-radius-bottom-right:0px;--awb-border-radius-bottom-left:0px;--awb-background-color:#ffffff;--awb-flex-wrap:wrap;\" ><div class=\"fusion-builder-row fusion-row\"><div class=\"fusion-layout-column fusion_builder_column fusion-builder-column-0 fusion_builder_column_4_5 4_5 fusion-four-fifth fusion-column-first fusion-animated\" style=\"--awb-padding-top:50px;--awb-padding-right:3%;--awb-padding-bottom:50px;--awb-padding-left:3%;--awb-bg-color:#ffffff;--awb-bg-color-hover:#ffffff;--awb-bg-size:cover;width:80%;width:calc(80% - ( ( 4% ) * 0.8 ) );margin-right: 4%;\" data-animationType=\"zoomIn\" data-animationDuration=\"0.3\" data-animationOffset=\"top-into-view\"><div class=\"fusion-column-wrapper fusion-column-has-shadow fusion-flex-column-wrapper-legacy\"><div class=\"fusion-text fusion-text-1\"><div class=\"frm_forms  with_frm_style frm_style_formidable-style\" id=\"frm_form_14_container\" >\n<form enctype=\"multipart\/form-data\" method=\"post\" class=\"frm-show-form \" id=\"form_listinganinternationaleventconferencerequestform888945b5bf\"  >\n<div class=\"frm_form_fields \">\n<fieldset>\n<legend class=\"frm_screen_reader\">French - Listing an International Event \/ Conference Request Form<\/legend>\r\n\r\n<div class=\"frm_fields_container\">\n<input type=\"hidden\" name=\"frm_action\" value=\"create\" \/>\n<input type=\"hidden\" name=\"form_id\" value=\"14\" \/>\n<input type=\"hidden\" name=\"frm_hide_fields_14\" id=\"frm_hide_fields_14\" value=\"\" \/>\n<input type=\"hidden\" name=\"form_key\" value=\"listinganinternationaleventconferencerequestform888945b5bf\" \/>\n<input type=\"hidden\" name=\"item_meta[0]\" value=\"\" \/>\n<input type=\"hidden\" id=\"frm_submit_entry_14\" name=\"frm_submit_entry_14\" value=\"0bcbde6c59\" \/><input type=\"hidden\" name=\"_wp_http_referer\" value=\"\/global\/wp-json\/wp\/v2\/pages\/5346\" \/><div id=\"frm_field_148_container\" class=\"frm_form_field  frm_html_container form-field\">\n<h1 class=\"entry-title\" data-fontsize=\"48\" data-lineheight=\"64\">Listez un \u00e9v\u00e9nement international \/ Formulaire de demande de conf\u00e9rence<\/h1>\n<\/div>\n<div id=\"frm_field_149_container\" class=\"frm_form_field form-field  frm_required_field frm_top_container\">\r\n    <label for=\"field_k4f14e9881fb2bc\" id=\"field_k4f14e9881fb2bc_label\" class=\"frm_primary_label\">Nom de l'organisation:\r\n        <span class=\"frm_required\">*<\/span>\r\n    <\/label>\r\n    <input type=\"text\" id=\"field_k4f14e9881fb2bc\" name=\"item_meta[149]\" value=\"\"  data-reqmsg=\"Ce champ ne peut pas \u00eatre vide.\" aria-required=\"true\" data-invmsg=\"Text is invalid\" aria-invalid=\"false\"  \/>\r\n    \r\n    \r\n<\/div>\n<div id=\"frm_field_150_container\" class=\"frm_form_field form-field  frm_required_field frm_top_container\">\r\n    <label for=\"field_otnti427a947af1\" id=\"field_otnti427a947af1_label\" class=\"frm_primary_label\">Personne de contact:\r\n        <span class=\"frm_required\">*<\/span>\r\n    <\/label>\r\n    <input type=\"text\" id=\"field_otnti427a947af1\" name=\"item_meta[150]\" value=\"\"  data-reqmsg=\"Ce champ ne peut pas \u00eatre vide.\" aria-required=\"true\" data-invmsg=\"Text is invalid\" aria-invalid=\"false\"  \/>\r\n    \r\n    \r\n<\/div>\n<div id=\"frm_field_151_container\" class=\"frm_form_field form-field  frm_required_field frm_top_container\">\r\n    <label for=\"field_dk47e4c955e3737\" id=\"field_dk47e4c955e3737_label\" class=\"frm_primary_label\">Adresse \u00e9lectronique :\r\n        <span class=\"frm_required\">*<\/span>\r\n    <\/label>\r\n    <input type=\"text\" id=\"field_dk47e4c955e3737\" name=\"item_meta[151]\" value=\"\"  data-reqmsg=\"Ce champ ne peut pas \u00eatre vide.\" aria-required=\"true\" data-invmsg=\"Text is invalid\" aria-invalid=\"false\"  \/>\r\n    \r\n    \r\n<\/div>\n<div id=\"frm_field_152_container\" class=\"frm_form_field form-field  frm_required_field frm_top_container\">\r\n    <label for=\"field_2g5gpf24b0039b6\" id=\"field_2g5gpf24b0039b6_label\" class=\"frm_primary_label\">Num\u00e9ro de t\u00e9l\u00e9phone de contact:\r\n        <span class=\"frm_required\">*<\/span>\r\n    <\/label>\r\n    <input type=\"text\" id=\"field_2g5gpf24b0039b6\" name=\"item_meta[152]\" value=\"\"  data-reqmsg=\"Ce champ ne peut pas \u00eatre vide.\" aria-required=\"true\" data-invmsg=\"Text is invalid\" aria-invalid=\"false\"   aria-describedby=\"frm_desc_field_2g5gpf24b0039b6\"\/>\r\n    <div class=\"frm_description\" id=\"frm_desc_field_2g5gpf24b0039b6\">( veuillez indiquer le code et le num\u00e9ro du pays )<\/div>\r\n    \r\n<\/div>\n<div id=\"frm_field_153_container\" class=\"frm_form_field form-field  frm_required_field frm_top_container\">\r\n    <label for=\"field_h1pb3902a70784\" id=\"field_h1pb3902a70784_label\" class=\"frm_primary_label\">Nom de la conf\u00e9rence:\r\n        <span class=\"frm_required\">*<\/span>\r\n    <\/label>\r\n    <input type=\"text\" id=\"field_h1pb3902a70784\" name=\"item_meta[153]\" value=\"\"  data-reqmsg=\"Ce champ ne peut pas \u00eatre vide.\" aria-required=\"true\" data-invmsg=\"Text is invalid\" aria-invalid=\"false\"  \/>\r\n    \r\n    \r\n<\/div>\n<div id=\"frm_field_154_container\" class=\"frm_form_field form-field  frm_required_field frm_top_container\">\r\n    <label for=\"field_4k3hs1ce7a10deb\" id=\"field_4k3hs1ce7a10deb_label\" class=\"frm_primary_label\">Lieu de l'\u00e9v\u00e9nement :\r\n        <span class=\"frm_required\">*<\/span>\r\n    <\/label>\r\n    <input type=\"text\" id=\"field_4k3hs1ce7a10deb\" name=\"item_meta[154]\" value=\"\"  data-reqmsg=\"Ce champ ne peut pas \u00eatre vide.\" aria-required=\"true\" data-invmsg=\"Text is invalid\" aria-invalid=\"false\"   aria-describedby=\"frm_desc_field_4k3hs1ce7a10deb\"\/>\r\n    <div class=\"frm_description\" id=\"frm_desc_field_4k3hs1ce7a10deb\">(Ville \/ Province-Comt\u00e9-\u00c9tat \/ Pays)<\/div>\r\n    \r\n<\/div>\n<div id=\"frm_field_155_container\" class=\"frm_form_field form-field  frm_required_field frm_top_container\">\r\n    <label for=\"field_er06mf968f687be\" id=\"field_er06mf968f687be_label\" class=\"frm_primary_label\">Date de la conf\u00e9rence - Du :\r\n        <span class=\"frm_required\">*<\/span>\r\n    <\/label>\r\n    <input type=\"text\" id=\"field_er06mf968f687be\" name=\"item_meta[155]\" value=\"\"  data-reqmsg=\"Ce champ ne peut pas \u00eatre vide.\" aria-required=\"true\" data-invmsg=\"Text is invalid\" aria-invalid=\"false\"   aria-describedby=\"frm_desc_field_er06mf968f687be\"\/>\r\n    <div class=\"frm_description\" id=\"frm_desc_field_er06mf968f687be\">(Mois \/ Jour \/ Ann\u00e9e)<\/div>\r\n    \r\n<\/div>\n<div id=\"frm_field_156_container\" class=\"frm_form_field form-field  frm_required_field frm_top_container\">\r\n    <label for=\"field_9e40o5d04f49ba6\" id=\"field_9e40o5d04f49ba6_label\" class=\"frm_primary_label\">Date de la conf\u00e9rence - \u00e0:\r\n        <span class=\"frm_required\">*<\/span>\r\n    <\/label>\r\n    <input type=\"text\" id=\"field_9e40o5d04f49ba6\" name=\"item_meta[156]\" value=\"\"  data-reqmsg=\"Ce champ ne peut pas \u00eatre vide.\" aria-required=\"true\" data-invmsg=\"Text is invalid\" aria-invalid=\"false\"   aria-describedby=\"frm_desc_field_9e40o5d04f49ba6\"\/>\r\n    <div class=\"frm_description\" id=\"frm_desc_field_9e40o5d04f49ba6\">(Mois \/ Jour \/ Ann\u00e9e)<\/div>\r\n    \r\n<\/div>\n<div id=\"frm_field_157_container\" class=\"frm_form_field form-field  frm_required_field frm_top_container\">\r\n    <label for=\"field_e122t9720a8056a\" id=\"field_e122t9720a8056a_label\" class=\"frm_primary_label\">Co\u00fbt par personne :\r\n        <span class=\"frm_required\">*<\/span>\r\n    <\/label>\r\n    <input type=\"text\" id=\"field_e122t9720a8056a\" name=\"item_meta[157]\" value=\"\"  data-reqmsg=\"Ce champ ne peut pas \u00eatre vide.\" aria-required=\"true\" data-invmsg=\"Text is invalid\" aria-invalid=\"false\"   aria-describedby=\"frm_desc_field_e122t9720a8056a\"\/>\r\n    <div class=\"frm_description\" id=\"frm_desc_field_e122t9720a8056a\">(veuillez indiquer en USD ou en monnaie nationale)<\/div>\r\n    \r\n<\/div>\n<div id=\"frm_field_158_container\" class=\"frm_form_field form-field  frm_required_field frm_top_container\">\r\n    <label for=\"field_l1a4sd9deccb6a5\" id=\"field_l1a4sd9deccb6a5_label\" class=\"frm_primary_label\">Adresse du site web de l'\u00e9v\u00e9nement:\r\n        <span class=\"frm_required\">*<\/span>\r\n    <\/label>\r\n    <input type=\"text\" id=\"field_l1a4sd9deccb6a5\" name=\"item_meta[158]\" value=\"\"  data-reqmsg=\"Ce champ ne peut pas \u00eatre vide.\" aria-required=\"true\" data-invmsg=\"Text is invalid\" aria-invalid=\"false\"  \/>\r\n    \r\n    \r\n<\/div>\n<div id=\"frm_field_159_container\" class=\"frm_form_field form-field  frm_required_field frm_top_container\">\r\n    <label for=\"field_x9dpa0321ceaf69\" id=\"field_x9dpa0321ceaf69_label\" class=\"frm_primary_label\">Sponsor(s) suppl\u00e9mentaire(s) de la conf\u00e9rence\/\u00e9v\u00e9nement (le cas \u00e9ch\u00e9ant):\r\n        <span class=\"frm_required\">*<\/span>\r\n    <\/label>\r\n    <textarea name=\"item_meta[159]\" id=\"field_x9dpa0321ceaf69\" rows=\"5\"  data-reqmsg=\"Ce champ ne peut pas \u00eatre vide.\" aria-required=\"true\" data-invmsg=\"Sponsor(s) suppl\u00e9mentaire(s) de la conf\u00e9rence\/\u00e9v\u00e9nement (le cas \u00e9ch\u00e9ant): is invalid\" aria-invalid=\"false\"  ><\/textarea>\r\n    \r\n    \r\n<\/div>\n<div id=\"frm_field_160_container\" class=\"frm_form_field form-field  frm_required_field frm_top_container\">\r\n    <label for=\"field_2kaat23ec4d455b\" id=\"field_2kaat23ec4d455b_label\" class=\"frm_primary_label\">Informations compl\u00e9mentaires:\r\n        <span class=\"frm_required\">*<\/span>\r\n    <\/label>\r\n    <textarea name=\"item_meta[160]\" id=\"field_2kaat23ec4d455b\" rows=\"5\"  data-reqmsg=\"Ce champ ne peut pas \u00eatre vide.\" aria-required=\"true\" data-invmsg=\"Informations compl\u00e9mentaires: is invalid\" aria-invalid=\"false\"   aria-describedby=\"frm_desc_field_2kaat23ec4d455b\"><\/textarea>\r\n    <div class=\"frm_description\" id=\"frm_desc_field_2kaat23ec4d455b\">(Informations suppl\u00e9mentaires ne figurant pas sur la page web et que vous souhaitez que Global Services prenne en consid\u00e9ration : (par exemple \u00c9v\u00e9nements\/tours pr\u00e9 ou post conf\u00e9rence ? H\u00e9bergements sp\u00e9ciaux ? Donnez des d\u00e9tails sp\u00e9cifiques)<\/div>\r\n    \r\n<\/div>\n<div id=\"frm_field_161_container\" class=\"frm_form_field  frm_html_container form-field\">\n<ul>\n<li>Toutes les demandes sont examin\u00e9es dans un d\u00e9lai de deux semaines.<\/li>\n<li>Veuillez pr\u00e9voir suffisamment de temps pour que votre \u00e9v\u00e9nement soit pris en consid\u00e9ration. <\/li>\n<li>Si une brochure, un dessin ou un logo est associ\u00e9 \u00e0 l'\u00e9v\u00e9nement, veuillez l'envoyer \u00e0 Coordinatrice de l'\u00e9v\u00e9nement, Global Services \u00e0 <a href=\"&#109;&#x61;&#x69;&#108;&#x74;&#x6f;&#58;&#x6d;&#x71;&#117;&#x69;&#x6e;&#116;&#x61;&#x6e;&#97;&#x40;&#x63;&#115;&#x6c;&#x2e;&#111;&#x72;&#x67;\">&#x6d;&#x71;&#x75;&#x69;&#x6e;&#116;&#97;&#110;&#97;&#64;cs&#x6c;&#x2e;&#x6f;&#x72;&#x67;<\/a> - Objet \u00e0 inclure : \"Brochure \/ Artwork for Event\" et nom de l'\u00e9v\u00e9nement.<\/li>\n<\/ul>\n<\/div>\n<div id=\"frm_field_162_container\" class=\"frm_form_field  frm_html_container form-field\">Thank you - Gracias - Merci - Danke - Obrigado - Asante - \u3042\u308a\u304c\u3068\u3046 - \u0441\u043f\u0430\u0441\u0438\u0431\u043e - salamat - \u0634\u0643\u0631\u0627 <\/div>\n<div id=\"frm_field_163_container\" class=\"frm_form_field form-field  frm_required_field frm_top_container vertical_radio\">\r\n    <div  id=\"field_3p4je3ad7af3316_label\" class=\"frm_primary_label\">Consentement:\r\n        <span class=\"frm_required\">*<\/span>\r\n    <\/div>\r\n    <div class=\"frm_opt_container\" aria-labelledby=\"field_3p4je3ad7af3316_label\" role=\"group\">\t\t<div class=\"frm_checkbox\" id=\"frm_checkbox_163-0\"><label for=\"field_3p4je3ad7af3316-0\"><input type=\"checkbox\" name=\"item_meta[163][]\" id=\"field_3p4je3ad7af3316-0\" value=\"Je consens \u00e0 ce que ce site web recueille mes coordonn\u00e9es par le biais de ce formulaire.\"  data-reqmsg=\"Consentement: cannot be blank.\" data-invmsg=\"Consentement: is invalid\" aria-invalid=\"false\"   aria-required=\"true\"  \/> Je consens \u00e0 ce que ce site web recueille mes coordonn\u00e9es par le biais de ce formulaire.<\/label><\/div>\n<\/div>\r\n    \r\n    \r\n<\/div>\n<div id=\"frm_field_164_container\" class=\"frm_form_field form-field  frm_none_container\">\r\n    <div  id=\"field_hqm1z412eeb1348_label\" class=\"frm_primary_label\">reCAPTCHA\r\n        <span class=\"frm_required\"><\/span>\r\n    <\/div>\r\n    <div  id=\"field_hqm1z412eeb1348\" class=\"frm-g-recaptcha\" data-sitekey=\"6Ld7SqUUAAAAAPVc-bIXdQu9EaLeuDn4cTscLSG1\" data-size=\"normal\" data-theme=\"light\"><\/div>\r\n    \r\n    \r\n<\/div>\n<div id=\"frm_field_182_container\" class=\"frm_form_field  frm_html_container form-field\">Cliquez sur le bouton \"soumettre\" ci-dessous pour envoyer ce message.<\/div>\n\t<input type=\"hidden\" name=\"item_key\" value=\"\" \/>\n\t<div class=\"frm_submit\">\r\n\r\n<button class=\"frm_button_submit\" type=\"submit\"  >Submit<\/button>\r\n\r\n<\/div><\/div>\n<\/fieldset>\n<\/div>\n<\/form>\n<\/div>\n\n<\/div><div class=\"fusion-clearfix\"><\/div><\/div><\/div><\/div><\/div><div class=\"fusion-bg-parallax\" data-bg-align=\"center center\" data-direction=\"left\" data-mute=\"false\" data-opacity=\"100\" data-velocity=\"-0.7\" data-mobile-enabled=\"true\" data-break_parents=\"0\" data-bg-image=\"http:\/\/csl.org\/wp-content\/uploads\/sites\/8\/2019\/05\/celebration-.jpg\" data-bg-repeat=\"false\" ><\/div><div class=\"fusion-fullwidth fullwidth-box fusion-builder-row-2 fusion-parallax-left gradient-container-2 nonhundred-percent-fullwidth non-hundred-percent-height-scrolling\" style=\"--awb-border-radius-top-left:0px;--awb-border-radius-top-right:0px;--awb-border-radius-bottom-right:0px;--awb-border-radius-bottom-left:0px;--awb-background-image:url(&quot;http:\/\/csl.org\/wp-content\/uploads\/sites\/8\/2019\/05\/celebration-.jpg&quot;);--awb-background-size:cover;--awb-flex-wrap:wrap;\" ><div class=\"fusion-builder-row fusion-row\"><div class=\"fusion-layout-column fusion_builder_column fusion-builder-column-1 fusion_builder_column_1_1 1_1 fusion-one-full fusion-column-first fusion-column-last\" style=\"--awb-padding-top:250px;--awb-padding-right:200px;--awb-padding-bottom:250px;--awb-padding-left:200px;--awb-bg-size:cover;\"><div class=\"fusion-column-wrapper fusion-column-has-shadow fusion-flex-column-wrapper-legacy\"><div class=\"fusion-clearfix\"><\/div><\/div><\/div><\/div><\/div><\/p>\n","protected":false},"excerpt":{"rendered":"","protected":false},"author":1,"featured_media":0,"parent":5329,"menu_order":213,"comment_status":"closed","ping_status":"closed","template":"100-width.php","meta":{"_exactmetrics_skip_tracking":false,"_exactmetrics_sitenote_active":false,"_exactmetrics_sitenote_note":"","_exactmetrics_sitenote_category":0,"footnotes":""},"categories":[85],"tags":[],"class_list":["post-5346","page","type-page","status-publish","hentry","category-communaute-fr"],"yoast_head":"<!-- This site is optimized with the Yoast SEO plugin v23.1 - https:\/\/yoast.com\/wordpress\/plugins\/seo\/ -->\n<title>Listez un \u00e9v\u00e9nement international - Global Services - Centers for Spiritual Living<\/title>\n<meta name=\"robots\" content=\"index, follow, max-snippet:-1, max-image-preview:large, max-video-preview:-1\" \/>\n<link rel=\"canonical\" href=\"https:\/\/csl.org\/global\/fr\/communaute\/evenements-mondiaux\/listez-un-evenement-international\/\" \/>\n<meta property=\"og:locale\" content=\"en_US\" \/>\n<meta property=\"og:type\" content=\"article\" \/>\n<meta property=\"og:title\" content=\"Listez un \u00e9v\u00e9nement international - Global Services - Centers for Spiritual Living\" \/>\n<meta property=\"og:url\" content=\"https:\/\/csl.org\/global\/fr\/communaute\/evenements-mondiaux\/listez-un-evenement-international\/\" \/>\n<meta property=\"og:site_name\" content=\"Global Services - Centers for Spiritual Living\" \/>\n<meta property=\"article:modified_time\" content=\"2021-04-15T16:38:18+00:00\" \/>\n<meta name=\"twitter:card\" content=\"summary_large_image\" \/>\n<meta name=\"twitter:label1\" content=\"Est. reading time\" \/>\n\t<meta name=\"twitter:data1\" content=\"2 minutes\" \/>\n<script type=\"application\/ld+json\" class=\"yoast-schema-graph\">{\"@context\":\"https:\/\/schema.org\",\"@graph\":[{\"@type\":\"WebPage\",\"@id\":\"https:\/\/csl.org\/global\/fr\/communaute\/evenements-mondiaux\/listez-un-evenement-international\/\",\"url\":\"https:\/\/csl.org\/global\/fr\/communaute\/evenements-mondiaux\/listez-un-evenement-international\/\",\"name\":\"Listez un \u00e9v\u00e9nement international - Global Services - Centers for Spiritual Living\",\"isPartOf\":{\"@id\":\"https:\/\/csl.org\/global\/de\/#website\"},\"datePublished\":\"2020-02-24T12:12:00+00:00\",\"dateModified\":\"2021-04-15T16:38:18+00:00\",\"breadcrumb\":{\"@id\":\"https:\/\/csl.org\/global\/fr\/communaute\/evenements-mondiaux\/listez-un-evenement-international\/#breadcrumb\"},\"inLanguage\":\"en-US\",\"potentialAction\":[{\"@type\":\"ReadAction\",\"target\":[\"https:\/\/csl.org\/global\/fr\/communaute\/evenements-mondiaux\/listez-un-evenement-international\/\"]}]},{\"@type\":\"BreadcrumbList\",\"@id\":\"https:\/\/csl.org\/global\/fr\/communaute\/evenements-mondiaux\/listez-un-evenement-international\/#breadcrumb\",\"itemListElement\":[{\"@type\":\"ListItem\",\"position\":1,\"name\":\"COMMUNAUT\u00c9\",\"item\":\"https:\/\/csl.org\/global\/fr\/communaute\/\"},{\"@type\":\"ListItem\",\"position\":2,\"name\":\"\u00c9v\u00e9nements mondiaux\",\"item\":\"https:\/\/csl.org\/global\/fr\/communaute\/evenements-mondiaux\/\"},{\"@type\":\"ListItem\",\"position\":3,\"name\":\"Listez un \u00e9v\u00e9nement international\"}]},{\"@type\":\"WebSite\",\"@id\":\"https:\/\/csl.org\/global\/de\/#website\",\"url\":\"https:\/\/csl.org\/global\/de\/\",\"name\":\"Global Services - Centers for Spiritual Living\",\"description\":\"\",\"potentialAction\":[{\"@type\":\"SearchAction\",\"target\":{\"@type\":\"EntryPoint\",\"urlTemplate\":\"https:\/\/csl.org\/global\/de\/?s={search_term_string}\"},\"query-input\":\"required name=search_term_string\"}],\"inLanguage\":\"en-US\"}]}<\/script>\n<!-- \/ Yoast SEO plugin. -->","yoast_head_json":{"title":"Listez un \u00e9v\u00e9nement international - Global Services - Centers for Spiritual Living","robots":{"index":"index","follow":"follow","max-snippet":"max-snippet:-1","max-image-preview":"max-image-preview:large","max-video-preview":"max-video-preview:-1"},"canonical":"https:\/\/csl.org\/global\/fr\/communaute\/evenements-mondiaux\/listez-un-evenement-international\/","og_locale":"en_US","og_type":"article","og_title":"Listez un \u00e9v\u00e9nement international - Global Services - Centers for Spiritual Living","og_url":"https:\/\/csl.org\/global\/fr\/communaute\/evenements-mondiaux\/listez-un-evenement-international\/","og_site_name":"Global Services - Centers for Spiritual Living","article_modified_time":"2021-04-15T16:38:18+00:00","twitter_card":"summary_large_image","twitter_misc":{"Est. reading time":"2 minutes"},"schema":{"@context":"https:\/\/schema.org","@graph":[{"@type":"WebPage","@id":"https:\/\/csl.org\/global\/fr\/communaute\/evenements-mondiaux\/listez-un-evenement-international\/","url":"https:\/\/csl.org\/global\/fr\/communaute\/evenements-mondiaux\/listez-un-evenement-international\/","name":"Listez un \u00e9v\u00e9nement international - Global Services - Centers for Spiritual Living","isPartOf":{"@id":"https:\/\/csl.org\/global\/de\/#website"},"datePublished":"2020-02-24T12:12:00+00:00","dateModified":"2021-04-15T16:38:18+00:00","breadcrumb":{"@id":"https:\/\/csl.org\/global\/fr\/communaute\/evenements-mondiaux\/listez-un-evenement-international\/#breadcrumb"},"inLanguage":"en-US","potentialAction":[{"@type":"ReadAction","target":["https:\/\/csl.org\/global\/fr\/communaute\/evenements-mondiaux\/listez-un-evenement-international\/"]}]},{"@type":"BreadcrumbList","@id":"https:\/\/csl.org\/global\/fr\/communaute\/evenements-mondiaux\/listez-un-evenement-international\/#breadcrumb","itemListElement":[{"@type":"ListItem","position":1,"name":"COMMUNAUT\u00c9","item":"https:\/\/csl.org\/global\/fr\/communaute\/"},{"@type":"ListItem","position":2,"name":"\u00c9v\u00e9nements mondiaux","item":"https:\/\/csl.org\/global\/fr\/communaute\/evenements-mondiaux\/"},{"@type":"ListItem","position":3,"name":"Listez un \u00e9v\u00e9nement international"}]},{"@type":"WebSite","@id":"https:\/\/csl.org\/global\/de\/#website","url":"https:\/\/csl.org\/global\/de\/","name":"Global Services - Centers for Spiritual Living","description":"","potentialAction":[{"@type":"SearchAction","target":{"@type":"EntryPoint","urlTemplate":"https:\/\/csl.org\/global\/de\/?s={search_term_string}"},"query-input":"required name=search_term_string"}],"inLanguage":"en-US"}]}},"_links":{"self":[{"href":"https:\/\/csl.org\/global\/wp-json\/wp\/v2\/pages\/5346"}],"collection":[{"href":"https:\/\/csl.org\/global\/wp-json\/wp\/v2\/pages"}],"about":[{"href":"https:\/\/csl.org\/global\/wp-json\/wp\/v2\/types\/page"}],"author":[{"embeddable":true,"href":"https:\/\/csl.org\/global\/wp-json\/wp\/v2\/users\/1"}],"replies":[{"embeddable":true,"href":"https:\/\/csl.org\/global\/wp-json\/wp\/v2\/comments?post=5346"}],"version-history":[{"count":4,"href":"https:\/\/csl.org\/global\/wp-json\/wp\/v2\/pages\/5346\/revisions"}],"predecessor-version":[{"id":9303,"href":"https:\/\/csl.org\/global\/wp-json\/wp\/v2\/pages\/5346\/revisions\/9303"}],"up":[{"embeddable":true,"href":"https:\/\/csl.org\/global\/wp-json\/wp\/v2\/pages\/5329"}],"wp:attachment":[{"href":"https:\/\/csl.org\/global\/wp-json\/wp\/v2\/media?parent=5346"}],"wp:term":[{"taxonomy":"category","embeddable":true,"href":"https:\/\/csl.org\/global\/wp-json\/wp\/v2\/categories?post=5346"},{"taxonomy":"post_tag","embeddable":true,"href":"https:\/\/csl.org\/global\/wp-json\/wp\/v2\/tags?post=5346"}],"curies":[{"name":"wp","href":"https:\/\/api.w.org\/{rel}","templated":true}]}}