{"id":5348,"date":"2020-02-24T12:13:16","date_gmt":"2020-02-24T12:13:16","guid":{"rendered":"https:\/\/csl.org\/global\/gemeinschaft\/globale-ereignisse\/auflistung-einer-internationalen-veranstaltung\/"},"modified":"2021-04-15T16:38:41","modified_gmt":"2021-04-15T16:38:41","slug":"auflistung-einer-internationalen-veranstaltung","status":"publish","type":"page","link":"https:\/\/csl.org\/global\/gemeinschaft\/globale-ereignisse\/auflistung-einer-internationalen-veranstaltung\/","title":{"rendered":"Auflistung einer internationalen Veranstaltung"},"content":{"rendered":"<p><div class=\"fusion-fullwidth fullwidth-box fusion-builder-row-1 gradient-container-1 nonhundred-percent-fullwidth non-hundred-percent-height-scrolling\" style=\"--awb-border-radius-top-left:0px;--awb-border-radius-top-right:0px;--awb-border-radius-bottom-right:0px;--awb-border-radius-bottom-left:0px;--awb-background-color:#ffffff;--awb-flex-wrap:wrap;\" ><div class=\"fusion-builder-row fusion-row\"><div class=\"fusion-layout-column fusion_builder_column fusion-builder-column-0 fusion_builder_column_4_5 4_5 fusion-four-fifth fusion-column-first fusion-animated\" style=\"--awb-padding-top:50px;--awb-padding-right:3%;--awb-padding-bottom:50px;--awb-padding-left:3%;--awb-bg-color:#ffffff;--awb-bg-color-hover:#ffffff;--awb-bg-size:cover;width:80%;width:calc(80% - ( ( 4% ) * 0.8 ) );margin-right: 4%;\" data-animationType=\"zoomIn\" data-animationDuration=\"0.3\" data-animationOffset=\"top-into-view\"><div class=\"fusion-column-wrapper fusion-column-has-shadow fusion-flex-column-wrapper-legacy\"><div class=\"fusion-text fusion-text-1\"><div class=\"frm_forms  with_frm_style frm_style_formidable-style\" id=\"frm_form_13_container\" >\n<form enctype=\"multipart\/form-data\" method=\"post\" class=\"frm-show-form \" id=\"form_listinganinternationaleventconferencerequestform31ce030b54\"  >\n<div class=\"frm_form_fields \">\n<fieldset>\n<legend class=\"frm_screen_reader\">German - Listing an International Event \/ Conference Request Form<\/legend>\r\n\r\n<div class=\"frm_fields_container\">\n<input type=\"hidden\" name=\"frm_action\" value=\"create\" \/>\n<input type=\"hidden\" name=\"form_id\" value=\"13\" \/>\n<input type=\"hidden\" name=\"frm_hide_fields_13\" id=\"frm_hide_fields_13\" value=\"\" \/>\n<input type=\"hidden\" name=\"form_key\" value=\"listinganinternationaleventconferencerequestform31ce030b54\" \/>\n<input type=\"hidden\" name=\"item_meta[0]\" value=\"\" \/>\n<input type=\"hidden\" id=\"frm_submit_entry_13\" name=\"frm_submit_entry_13\" value=\"0003552e30\" \/><input type=\"hidden\" name=\"_wp_http_referer\" value=\"\/global\/wp-json\/wp\/v2\/pages\/5348\" \/><div id=\"frm_field_131_container\" class=\"frm_form_field  frm_html_container form-field\">\n<h1 class=\"entry-title\" data-fontsize=\"48\" data-lineheight=\"64\">Auflistung einer internationalen Veranstaltung\/Konferenz Anfrageformular<\/h1>\n<\/div>\n<div id=\"frm_field_132_container\" class=\"frm_form_field form-field  frm_required_field frm_top_container\">\r\n    <label for=\"field_k4f146b52464220\" id=\"field_k4f146b52464220_label\" class=\"frm_primary_label\">Name der Organisation:\r\n        <span class=\"frm_required\">*<\/span>\r\n    <\/label>\r\n    <input type=\"text\" id=\"field_k4f146b52464220\" name=\"item_meta[132]\" value=\"\"  data-reqmsg=\"Dieses Feld kann nicht leer sein.\" aria-required=\"true\" data-invmsg=\"Text is invalid\" aria-invalid=\"false\"  \/>\r\n    \r\n    \r\n<\/div>\n<div id=\"frm_field_133_container\" class=\"frm_form_field form-field  frm_required_field frm_top_container\">\r\n    <label for=\"field_otntie963eb25c0\" id=\"field_otntie963eb25c0_label\" class=\"frm_primary_label\">Kontaktperson:\r\n        <span class=\"frm_required\">*<\/span>\r\n    <\/label>\r\n    <input type=\"text\" id=\"field_otntie963eb25c0\" name=\"item_meta[133]\" value=\"\"  data-reqmsg=\"Dieses Feld kann nicht leer sein.\" aria-required=\"true\" data-invmsg=\"Text is invalid\" aria-invalid=\"false\"  \/>\r\n    \r\n    \r\n<\/div>\n<div id=\"frm_field_134_container\" class=\"frm_form_field form-field  frm_required_field frm_top_container\">\r\n    <label for=\"field_dk47e077d2fb3c7\" id=\"field_dk47e077d2fb3c7_label\" class=\"frm_primary_label\">E-Mail-Adresse:\r\n        <span class=\"frm_required\">*<\/span>\r\n    <\/label>\r\n    <input type=\"text\" id=\"field_dk47e077d2fb3c7\" name=\"item_meta[134]\" value=\"\"  data-reqmsg=\"Dieses Feld kann nicht leer sein.\" aria-required=\"true\" data-invmsg=\"Text is invalid\" aria-invalid=\"false\"  \/>\r\n    \r\n    \r\n<\/div>\n<div id=\"frm_field_135_container\" class=\"frm_form_field form-field  frm_required_field frm_top_container\">\r\n    <label for=\"field_2g5gpfc771036d7\" id=\"field_2g5gpfc771036d7_label\" class=\"frm_primary_label\">Kontakt-Telefonnummer:\r\n        <span class=\"frm_required\">*<\/span>\r\n    <\/label>\r\n    <input type=\"text\" id=\"field_2g5gpfc771036d7\" name=\"item_meta[135]\" value=\"\"  data-reqmsg=\"Dieses Feld kann nicht leer sein.\" aria-required=\"true\" data-invmsg=\"Text is invalid\" aria-invalid=\"false\"   aria-describedby=\"frm_desc_field_2g5gpfc771036d7\"\/>\r\n    <div class=\"frm_description\" id=\"frm_desc_field_2g5gpfc771036d7\">( Bitte geben Sie L\u00e4ndercode und -nummer an )<\/div>\r\n    \r\n<\/div>\n<div id=\"frm_field_136_container\" class=\"frm_form_field form-field  frm_required_field frm_top_container\">\r\n    <label for=\"field_h1pbe2a5fbc300\" id=\"field_h1pbe2a5fbc300_label\" class=\"frm_primary_label\">Name der Konferenz:\r\n        <span class=\"frm_required\">*<\/span>\r\n    <\/label>\r\n    <input type=\"text\" id=\"field_h1pbe2a5fbc300\" name=\"item_meta[136]\" value=\"\"  data-reqmsg=\"Dieses Feld kann nicht leer sein.\" aria-required=\"true\" data-invmsg=\"Text is invalid\" aria-invalid=\"false\"  \/>\r\n    \r\n    \r\n<\/div>\n<div id=\"frm_field_137_container\" class=\"frm_form_field form-field  frm_required_field frm_top_container\">\r\n    <label for=\"field_4k3hsdc3d55b2d7\" id=\"field_4k3hsdc3d55b2d7_label\" class=\"frm_primary_label\">Veranstaltungsort:\r\n        <span class=\"frm_required\">*<\/span>\r\n    <\/label>\r\n    <input type=\"text\" id=\"field_4k3hsdc3d55b2d7\" name=\"item_meta[137]\" value=\"\"  data-reqmsg=\"Dieses Feld kann nicht leer sein.\" aria-required=\"true\" data-invmsg=\"Text is invalid\" aria-invalid=\"false\"   aria-describedby=\"frm_desc_field_4k3hsdc3d55b2d7\"\/>\r\n    <div class=\"frm_description\" id=\"frm_desc_field_4k3hsdc3d55b2d7\">(Stadt \/ Provinz - Land \/ Kreisstaat \/ Land)<\/div>\r\n    \r\n<\/div>\n<div id=\"frm_field_138_container\" class=\"frm_form_field form-field  frm_required_field frm_top_container\">\r\n    <label for=\"field_er06mf3e9094daf\" id=\"field_er06mf3e9094daf_label\" class=\"frm_primary_label\">Datum der Konferenz - von:\r\n        <span class=\"frm_required\">*<\/span>\r\n    <\/label>\r\n    <input type=\"text\" id=\"field_er06mf3e9094daf\" name=\"item_meta[138]\" value=\"\"  data-reqmsg=\"Dieses Feld kann nicht leer sein.\" aria-required=\"true\" data-invmsg=\"Text is invalid\" aria-invalid=\"false\"   aria-describedby=\"frm_desc_field_er06mf3e9094daf\"\/>\r\n    <div class=\"frm_description\" id=\"frm_desc_field_er06mf3e9094daf\">(Monat \/ Tag \/ Jahr)<\/div>\r\n    \r\n<\/div>\n<div id=\"frm_field_139_container\" class=\"frm_form_field form-field  frm_required_field frm_top_container\">\r\n    <label for=\"field_9e40o567316c7ef\" id=\"field_9e40o567316c7ef_label\" class=\"frm_primary_label\">Datum der Konferenz - Bis:\r\n        <span class=\"frm_required\">*<\/span>\r\n    <\/label>\r\n    <input type=\"text\" id=\"field_9e40o567316c7ef\" name=\"item_meta[139]\" value=\"\"  data-reqmsg=\"Dieses Feld kann nicht leer sein.\" aria-required=\"true\" data-invmsg=\"Text is invalid\" aria-invalid=\"false\"   aria-describedby=\"frm_desc_field_9e40o567316c7ef\"\/>\r\n    <div class=\"frm_description\" id=\"frm_desc_field_9e40o567316c7ef\">(Monat \/ Tag \/ Jahr)<\/div>\r\n    \r\n<\/div>\n<div id=\"frm_field_140_container\" class=\"frm_form_field form-field  frm_required_field frm_top_container\">\r\n    <label for=\"field_e122t2e3f23deee\" id=\"field_e122t2e3f23deee_label\" class=\"frm_primary_label\">Kosten pro Person:\r\n        <span class=\"frm_required\">*<\/span>\r\n    <\/label>\r\n    <input type=\"text\" id=\"field_e122t2e3f23deee\" name=\"item_meta[140]\" value=\"\"  data-reqmsg=\"Dieses Feld kann nicht leer sein.\" aria-required=\"true\" data-invmsg=\"Text is invalid\" aria-invalid=\"false\"   aria-describedby=\"frm_desc_field_e122t2e3f23deee\"\/>\r\n    <div class=\"frm_description\" id=\"frm_desc_field_e122t2e3f23deee\">(bitte in USD oder Landesw\u00e4hrung angeben)<\/div>\r\n    \r\n<\/div>\n<div id=\"frm_field_141_container\" class=\"frm_form_field form-field  frm_required_field frm_top_container\">\r\n    <label for=\"field_l1a4s15e379e093\" id=\"field_l1a4s15e379e093_label\" class=\"frm_primary_label\">Website-Adresse der Veranstaltung:\r\n        <span class=\"frm_required\">*<\/span>\r\n    <\/label>\r\n    <input type=\"text\" id=\"field_l1a4s15e379e093\" name=\"item_meta[141]\" value=\"\"  data-reqmsg=\"Dieses Feld kann nicht leer sein.\" aria-required=\"true\" data-invmsg=\"Text is invalid\" aria-invalid=\"false\"  \/>\r\n    \r\n    \r\n<\/div>\n<div id=\"frm_field_142_container\" class=\"frm_form_field form-field  frm_required_field frm_top_container\">\r\n    <label for=\"field_x9dpabb7499d84d\" id=\"field_x9dpabb7499d84d_label\" class=\"frm_primary_label\">Zus\u00e4tzliche(r) Sponsor(en) der Konferenz\/Veranstaltung (falls vorhanden):\r\n        <span class=\"frm_required\">*<\/span>\r\n    <\/label>\r\n    <textarea name=\"item_meta[142]\" id=\"field_x9dpabb7499d84d\" rows=\"5\"  data-reqmsg=\"Dieses Feld kann nicht leer sein.\" aria-required=\"true\" data-invmsg=\"Zus\u00e4tzliche(r) Sponsor(en) der Konferenz\/Veranstaltung (falls vorhanden): is invalid\" aria-invalid=\"false\"  ><\/textarea>\r\n    \r\n    \r\n<\/div>\n<div id=\"frm_field_143_container\" class=\"frm_form_field form-field  frm_required_field frm_top_container\">\r\n    <label for=\"field_2kaat9b0b0edb9d\" id=\"field_2kaat9b0b0edb9d_label\" class=\"frm_primary_label\">Zus\u00e4tzliche Informationen:\r\n        <span class=\"frm_required\">*<\/span>\r\n    <\/label>\r\n    <textarea name=\"item_meta[143]\" id=\"field_2kaat9b0b0edb9d\" rows=\"5\"  data-reqmsg=\"Dieses Feld kann nicht leer sein.\" aria-required=\"true\" data-invmsg=\"Zus\u00e4tzliche Informationen: is invalid\" aria-invalid=\"false\"   aria-describedby=\"frm_desc_field_2kaat9b0b0edb9d\"><\/textarea>\r\n    <div class=\"frm_description\" id=\"frm_desc_field_2kaat9b0b0edb9d\">(Zus\u00e4tzliche Informationen, die nicht auf der Webseite zu finden sind und die Sie gerne von Global Services ber\u00fccksichtigt h\u00e4tten: (z.B. Veranstaltungen\/Touren vor oder nach der Konferenz? Spezielle Unterk\u00fcnfte? Geben Sie spezifische Details an)<\/div>\r\n    \r\n<\/div>\n<div id=\"frm_field_144_container\" class=\"frm_form_field  frm_html_container form-field\">\n<ul>\n<li>Alle Antr\u00e4ge, die innerhalb von zwei Wochen gepr\u00fcft werden.<\/li>\n<li>Bitte lassen Sie sich ausreichend Zeit f\u00fcr Ihre Veranstaltung, um diese zu ber\u00fccksichtigen.<\/li>\n<li>Wenn es eine Brosch\u00fcre, ein Kunstwerk oder ein Logo im Zusammenhang mit der Veranstaltung gibt, senden Sie bitte an Veranstaltungskoordinator, Global Services, unter <a href=\"&#109;a&#x69;l&#x74;&#111;&#x3a;&#109;&#x71;&#117;i&#x6e;t&#x61;&#110;&#x61;&#64;&#x63;&#115;&#x6c;&#46;o&#x72;g\">&#109;&#x71;&#117;&#x69;&#110;&#x74;&#97;&#x6e;&#97;&#x40;&#99;&#x73;l&#x2e;o&#x72;g<\/a> - Betreffzeile muss angegeben werden: \"Brosch\u00fcre \/ Kunstwerke f\u00fcr die Veranstaltung\" und Name der Veranstaltung.<\/li>\n<\/ul>\n<\/div>\n<div id=\"frm_field_145_container\" class=\"frm_form_field  frm_html_container form-field\">Thank you - Gracias - Merci - Danke - Obrigado - Asante - \u3042\u308a\u304c\u3068\u3046 - \u0441\u043f\u0430\u0441\u0438\u0431\u043e - salamat - \u0634\u0643\u0631\u0627 <\/div>\n<div id=\"frm_field_146_container\" class=\"frm_form_field form-field  frm_required_field frm_top_container vertical_radio\">\r\n    <div  id=\"field_3p4je5edc84c9ee_label\" class=\"frm_primary_label\">Einverstanden:\r\n        <span class=\"frm_required\">*<\/span>\r\n    <\/div>\r\n    <div class=\"frm_opt_container\" aria-labelledby=\"field_3p4je5edc84c9ee_label\" role=\"group\">\t\t<div class=\"frm_checkbox\" id=\"frm_checkbox_146-0\"><label for=\"field_3p4je5edc84c9ee-0\"><input type=\"checkbox\" name=\"item_meta[146][]\" id=\"field_3p4je5edc84c9ee-0\" value=\"Ich bin damit einverstanden, dass diese Website meine Daten \u00fcber dieses Formular erfasst.\"  data-reqmsg=\"Dieses Feld kann nicht leer sein.\" data-invmsg=\"Einverstanden: is invalid\" aria-invalid=\"false\"   aria-required=\"true\"  \/> Ich bin damit einverstanden, dass diese Website meine Daten \u00fcber dieses Formular erfasst.<\/label><\/div>\n<\/div>\r\n    \r\n    \r\n<\/div>\n<div id=\"frm_field_147_container\" class=\"frm_form_field form-field  frm_none_container\">\r\n    <div  id=\"field_hqm1z7265bea5bc_label\" class=\"frm_primary_label\">reCAPTCHA\r\n        <span class=\"frm_required\"><\/span>\r\n    <\/div>\r\n    <div  id=\"field_hqm1z7265bea5bc\" class=\"frm-g-recaptcha\" data-sitekey=\"6Ld7SqUUAAAAAPVc-bIXdQu9EaLeuDn4cTscLSG1\" data-size=\"normal\" data-theme=\"light\"><\/div>\r\n    \r\n    \r\n<\/div>\n<div id=\"frm_field_183_container\" class=\"frm_form_field  frm_html_container form-field\">Klicken Sie auf die Schaltfl\u00e4che \"Senden\" unten, um diese Nachricht zu senden.<\/div>\n\t<input type=\"hidden\" name=\"item_key\" value=\"\" \/>\n\t<div class=\"frm_submit\">\r\n\r\n<button class=\"frm_button_submit\" type=\"submit\"  >Submit<\/button>\r\n\r\n<\/div><\/div>\n<\/fieldset>\n<\/div>\n<\/form>\n<\/div>\n\n<\/div><div class=\"fusion-clearfix\"><\/div><\/div><\/div><\/div><\/div><div class=\"fusion-bg-parallax\" data-bg-align=\"center center\" data-direction=\"left\" data-mute=\"false\" data-opacity=\"100\" data-velocity=\"-0.7\" data-mobile-enabled=\"true\" data-break_parents=\"0\" data-bg-image=\"http:\/\/csl.org\/wp-content\/uploads\/sites\/8\/2019\/05\/celebration-.jpg\" data-bg-repeat=\"false\" ><\/div><div class=\"fusion-fullwidth fullwidth-box fusion-builder-row-2 fusion-parallax-left gradient-container-2 nonhundred-percent-fullwidth non-hundred-percent-height-scrolling\" style=\"--awb-border-radius-top-left:0px;--awb-border-radius-top-right:0px;--awb-border-radius-bottom-right:0px;--awb-border-radius-bottom-left:0px;--awb-background-image:url(&quot;http:\/\/csl.org\/wp-content\/uploads\/sites\/8\/2019\/05\/celebration-.jpg&quot;);--awb-background-size:cover;--awb-flex-wrap:wrap;\" ><div class=\"fusion-builder-row fusion-row\"><div class=\"fusion-layout-column fusion_builder_column fusion-builder-column-1 fusion_builder_column_1_1 1_1 fusion-one-full fusion-column-first fusion-column-last\" style=\"--awb-padding-top:250px;--awb-padding-right:200px;--awb-padding-bottom:250px;--awb-padding-left:200px;--awb-bg-size:cover;\"><div class=\"fusion-column-wrapper fusion-column-has-shadow fusion-flex-column-wrapper-legacy\"><div class=\"fusion-clearfix\"><\/div><\/div><\/div><\/div><\/div><\/p>\n","protected":false},"excerpt":{"rendered":"","protected":false},"author":1,"featured_media":0,"parent":5333,"menu_order":214,"comment_status":"closed","ping_status":"closed","template":"100-width.php","meta":{"_exactmetrics_skip_tracking":false,"_exactmetrics_sitenote_active":false,"_exactmetrics_sitenote_note":"","_exactmetrics_sitenote_category":0,"footnotes":""},"categories":[86],"tags":[],"class_list":["post-5348","page","type-page","status-publish","hentry","category-gemeinschaft-de"],"yoast_head":"<!-- This site is optimized with the Yoast SEO plugin v23.1 - https:\/\/yoast.com\/wordpress\/plugins\/seo\/ -->\n<title>Auflistung einer internationalen Veranstaltung - Global Services - Centers for Spiritual Living<\/title>\n<meta name=\"robots\" content=\"index, follow, max-snippet:-1, max-image-preview:large, max-video-preview:-1\" \/>\n<link rel=\"canonical\" href=\"https:\/\/csl.org\/global\/de\/gemeinschaft\/globale-ereignisse\/auflistung-einer-internationalen-veranstaltung\/\" \/>\n<meta property=\"og:locale\" content=\"en_US\" \/>\n<meta property=\"og:type\" content=\"article\" \/>\n<meta property=\"og:title\" content=\"Auflistung einer internationalen Veranstaltung - Global Services - Centers for Spiritual Living\" \/>\n<meta property=\"og:url\" content=\"https:\/\/csl.org\/global\/de\/gemeinschaft\/globale-ereignisse\/auflistung-einer-internationalen-veranstaltung\/\" \/>\n<meta property=\"og:site_name\" content=\"Global Services - Centers for Spiritual Living\" \/>\n<meta property=\"article:modified_time\" content=\"2021-04-15T16:38:41+00:00\" \/>\n<meta name=\"twitter:card\" content=\"summary_large_image\" \/>\n<meta name=\"twitter:label1\" content=\"Est. reading time\" \/>\n\t<meta name=\"twitter:data1\" content=\"2 minutes\" \/>\n<script type=\"application\/ld+json\" class=\"yoast-schema-graph\">{\"@context\":\"https:\/\/schema.org\",\"@graph\":[{\"@type\":\"WebPage\",\"@id\":\"https:\/\/csl.org\/global\/de\/gemeinschaft\/globale-ereignisse\/auflistung-einer-internationalen-veranstaltung\/\",\"url\":\"https:\/\/csl.org\/global\/de\/gemeinschaft\/globale-ereignisse\/auflistung-einer-internationalen-veranstaltung\/\",\"name\":\"Auflistung einer internationalen Veranstaltung - Global Services - Centers for Spiritual Living\",\"isPartOf\":{\"@id\":\"https:\/\/csl.org\/global\/de\/#website\"},\"datePublished\":\"2020-02-24T12:13:16+00:00\",\"dateModified\":\"2021-04-15T16:38:41+00:00\",\"breadcrumb\":{\"@id\":\"https:\/\/csl.org\/global\/de\/gemeinschaft\/globale-ereignisse\/auflistung-einer-internationalen-veranstaltung\/#breadcrumb\"},\"inLanguage\":\"en-US\",\"potentialAction\":[{\"@type\":\"ReadAction\",\"target\":[\"https:\/\/csl.org\/global\/de\/gemeinschaft\/globale-ereignisse\/auflistung-einer-internationalen-veranstaltung\/\"]}]},{\"@type\":\"BreadcrumbList\",\"@id\":\"https:\/\/csl.org\/global\/de\/gemeinschaft\/globale-ereignisse\/auflistung-einer-internationalen-veranstaltung\/#breadcrumb\",\"itemListElement\":[{\"@type\":\"ListItem\",\"position\":1,\"name\":\"GEMEINSCHAFT\",\"item\":\"https:\/\/csl.org\/global\/de\/gemeinschaft\/\"},{\"@type\":\"ListItem\",\"position\":2,\"name\":\"Globale Ereignisse\",\"item\":\"https:\/\/csl.org\/global\/de\/gemeinschaft\/globale-ereignisse\/\"},{\"@type\":\"ListItem\",\"position\":3,\"name\":\"Auflistung einer internationalen Veranstaltung\"}]},{\"@type\":\"WebSite\",\"@id\":\"https:\/\/csl.org\/global\/de\/#website\",\"url\":\"https:\/\/csl.org\/global\/de\/\",\"name\":\"Global Services - Centers for Spiritual Living\",\"description\":\"\",\"potentialAction\":[{\"@type\":\"SearchAction\",\"target\":{\"@type\":\"EntryPoint\",\"urlTemplate\":\"https:\/\/csl.org\/global\/de\/?s={search_term_string}\"},\"query-input\":\"required name=search_term_string\"}],\"inLanguage\":\"en-US\"}]}<\/script>\n<!-- \/ Yoast SEO plugin. -->","yoast_head_json":{"title":"Auflistung einer internationalen Veranstaltung - Global Services - Centers for Spiritual Living","robots":{"index":"index","follow":"follow","max-snippet":"max-snippet:-1","max-image-preview":"max-image-preview:large","max-video-preview":"max-video-preview:-1"},"canonical":"https:\/\/csl.org\/global\/de\/gemeinschaft\/globale-ereignisse\/auflistung-einer-internationalen-veranstaltung\/","og_locale":"en_US","og_type":"article","og_title":"Auflistung einer internationalen Veranstaltung - Global Services - Centers for Spiritual Living","og_url":"https:\/\/csl.org\/global\/de\/gemeinschaft\/globale-ereignisse\/auflistung-einer-internationalen-veranstaltung\/","og_site_name":"Global Services - Centers for Spiritual Living","article_modified_time":"2021-04-15T16:38:41+00:00","twitter_card":"summary_large_image","twitter_misc":{"Est. reading time":"2 minutes"},"schema":{"@context":"https:\/\/schema.org","@graph":[{"@type":"WebPage","@id":"https:\/\/csl.org\/global\/de\/gemeinschaft\/globale-ereignisse\/auflistung-einer-internationalen-veranstaltung\/","url":"https:\/\/csl.org\/global\/de\/gemeinschaft\/globale-ereignisse\/auflistung-einer-internationalen-veranstaltung\/","name":"Auflistung einer internationalen Veranstaltung - Global Services - Centers for Spiritual Living","isPartOf":{"@id":"https:\/\/csl.org\/global\/de\/#website"},"datePublished":"2020-02-24T12:13:16+00:00","dateModified":"2021-04-15T16:38:41+00:00","breadcrumb":{"@id":"https:\/\/csl.org\/global\/de\/gemeinschaft\/globale-ereignisse\/auflistung-einer-internationalen-veranstaltung\/#breadcrumb"},"inLanguage":"en-US","potentialAction":[{"@type":"ReadAction","target":["https:\/\/csl.org\/global\/de\/gemeinschaft\/globale-ereignisse\/auflistung-einer-internationalen-veranstaltung\/"]}]},{"@type":"BreadcrumbList","@id":"https:\/\/csl.org\/global\/de\/gemeinschaft\/globale-ereignisse\/auflistung-einer-internationalen-veranstaltung\/#breadcrumb","itemListElement":[{"@type":"ListItem","position":1,"name":"GEMEINSCHAFT","item":"https:\/\/csl.org\/global\/de\/gemeinschaft\/"},{"@type":"ListItem","position":2,"name":"Globale Ereignisse","item":"https:\/\/csl.org\/global\/de\/gemeinschaft\/globale-ereignisse\/"},{"@type":"ListItem","position":3,"name":"Auflistung einer internationalen Veranstaltung"}]},{"@type":"WebSite","@id":"https:\/\/csl.org\/global\/de\/#website","url":"https:\/\/csl.org\/global\/de\/","name":"Global Services - Centers for Spiritual Living","description":"","potentialAction":[{"@type":"SearchAction","target":{"@type":"EntryPoint","urlTemplate":"https:\/\/csl.org\/global\/de\/?s={search_term_string}"},"query-input":"required name=search_term_string"}],"inLanguage":"en-US"}]}},"_links":{"self":[{"href":"https:\/\/csl.org\/global\/wp-json\/wp\/v2\/pages\/5348"}],"collection":[{"href":"https:\/\/csl.org\/global\/wp-json\/wp\/v2\/pages"}],"about":[{"href":"https:\/\/csl.org\/global\/wp-json\/wp\/v2\/types\/page"}],"author":[{"embeddable":true,"href":"https:\/\/csl.org\/global\/wp-json\/wp\/v2\/users\/1"}],"replies":[{"embeddable":true,"href":"https:\/\/csl.org\/global\/wp-json\/wp\/v2\/comments?post=5348"}],"version-history":[{"count":4,"href":"https:\/\/csl.org\/global\/wp-json\/wp\/v2\/pages\/5348\/revisions"}],"predecessor-version":[{"id":9306,"href":"https:\/\/csl.org\/global\/wp-json\/wp\/v2\/pages\/5348\/revisions\/9306"}],"up":[{"embeddable":true,"href":"https:\/\/csl.org\/global\/wp-json\/wp\/v2\/pages\/5333"}],"wp:attachment":[{"href":"https:\/\/csl.org\/global\/wp-json\/wp\/v2\/media?parent=5348"}],"wp:term":[{"taxonomy":"category","embeddable":true,"href":"https:\/\/csl.org\/global\/wp-json\/wp\/v2\/categories?post=5348"},{"taxonomy":"post_tag","embeddable":true,"href":"https:\/\/csl.org\/global\/wp-json\/wp\/v2\/tags?post=5348"}],"curies":[{"name":"wp","href":"https:\/\/api.w.org\/{rel}","templated":true}]}}