{"id":5352,"date":"2020-02-24T12:34:11","date_gmt":"2020-02-24T12:34:11","guid":{"rendered":"https:\/\/csl.org\/global\/communaute\/reunions-et-classes-mondiales\/"},"modified":"2020-07-24T08:19:06","modified_gmt":"2020-07-24T08:19:06","slug":"reunions-et-classes-mondiales","status":"publish","type":"page","link":"https:\/\/csl.org\/global\/communaute\/reunions-et-classes-mondiales\/","title":{"rendered":"R\u00e9unions et classes mondiales"},"content":{"rendered":"<p><div class=\"fusion-fullwidth fullwidth-box fusion-builder-row-1 gradient-container-1 nonhundred-percent-fullwidth non-hundred-percent-height-scrolling\" style=\"--awb-border-radius-top-left:0px;--awb-border-radius-top-right:0px;--awb-border-radius-bottom-right:0px;--awb-border-radius-bottom-left:0px;--awb-background-color:#ffffff;--awb-flex-wrap:wrap;\" ><div class=\"fusion-builder-row fusion-row\"><div class=\"fusion-layout-column fusion_builder_column fusion-builder-column-0 fusion_builder_column_1_1 1_1 fusion-one-full fusion-column-first fusion-column-last fusion-animated\" style=\"--awb-padding-top:50px;--awb-padding-right:3%;--awb-padding-bottom:50px;--awb-padding-left:3%;--awb-bg-color:#ffffff;--awb-bg-color-hover:#ffffff;--awb-bg-size:cover;--awb-margin-bottom:5px;\" data-animationType=\"zoomIn\" data-animationDuration=\"0.7\" data-animationOffset=\"top-into-view\"><div class=\"fusion-column-wrapper fusion-column-has-shadow fusion-flex-column-wrapper-legacy\"><div class=\"fusion-text fusion-text-1\"><h1 style=\"text-align: left;\">R\u00e9unions et Classes mondiales<\/h1>\n<p style=\"text-align: left;\"><img fetchpriority=\"high\" decoding=\"async\" class=\" wp-image-1950 aligncenter\" src=\"http:\/\/csl.org\/wp-content\/uploads\/sites\/8\/2019\/05\/feet-1-600x450.jpg\" alt=\"\" width=\"418\" height=\"313\" srcset=\"https:\/\/csl.org\/global\/wp-content\/uploads\/sites\/8\/2019\/05\/feet-1-200x150.jpg 200w, https:\/\/csl.org\/global\/wp-content\/uploads\/sites\/8\/2019\/05\/feet-1-300x225.jpg 300w, https:\/\/csl.org\/global\/wp-content\/uploads\/sites\/8\/2019\/05\/feet-1-400x300.jpg 400w, https:\/\/csl.org\/global\/wp-content\/uploads\/sites\/8\/2019\/05\/feet-1-600x450.jpg 600w, https:\/\/csl.org\/global\/wp-content\/uploads\/sites\/8\/2019\/05\/feet-1-768x576.jpg 768w, https:\/\/csl.org\/global\/wp-content\/uploads\/sites\/8\/2019\/05\/feet-1-800x600.jpg 800w, https:\/\/csl.org\/global\/wp-content\/uploads\/sites\/8\/2019\/05\/feet-1-1024x768.jpg 1024w, https:\/\/csl.org\/global\/wp-content\/uploads\/sites\/8\/2019\/05\/feet-1-1200x900.jpg 1200w, https:\/\/csl.org\/global\/wp-content\/uploads\/sites\/8\/2019\/05\/feet-1.jpg 1920w\" sizes=\"(max-width: 418px) 100vw, 418px\" \/><\/p>\n<p style=\"text-align: left;\">Vous trouverez ici une liste des r\u00e9unions et des cours de Science de l&#8217;Esprit qui sont disponibles dans le monde entier (en dehors de l&#8217;Am\u00e9rique du Nord). Il s&#8217;agit notamment de celles qui sont disponibles en ligne dans le monde entier et de aussi celles qui sont locales (par r\u00e9gions dans le monde). Des liens pour plus d&#8217;informations sont fournis.<\/p>\n<p>&nbsp;<\/p>\n<\/div><div class=\"fusion-clearfix\"><\/div><\/div><\/div><div class=\"fusion-layout-column fusion_builder_column fusion-builder-column-1 fusion_builder_column_1_3 1_3 fusion-one-third fusion-column-first fusion-animated\" style=\"--awb-bg-size:cover;width:33.333333333333%;width:calc(33.333333333333% - ( ( 4% + 4% ) * 0.33333333333333 ) );margin-right: 4%;\" data-animationType=\"zoomIn\" data-animationDuration=\"0.7\" data-animationOffset=\"top-into-view\"><div class=\"fusion-column-wrapper fusion-column-has-shadow fusion-flex-column-wrapper-legacy\"><div class=\"fusion-clearfix\"><\/div><\/div><\/div><div class=\"fusion-layout-column fusion_builder_column fusion-builder-column-2 fusion_builder_column_1_3 1_3 fusion-one-third fusion-animated\" style=\"--awb-bg-size:cover;--awb-margin-top:-20px;--awb-margin-bottom:20px;width:33.333333333333%;width:calc(33.333333333333% - ( ( 4% + 4% ) * 0.33333333333333 ) );margin-right: 4%;\" data-animationType=\"zoomIn\" data-animationDuration=\"0.7\" data-animationOffset=\"top-into-view\"><div class=\"fusion-column-wrapper fusion-column-has-shadow fusion-flex-column-wrapper-legacy\"><div class=\"fusion-aligncenter\"><a class=\"fusion-button button-flat button-large button-default fusion-button-default button-1 fusion-button-default-span fusion-button-default-type fusion-animated\" data-animationType=\"zoomIn\" data-animationDuration=\"0.3\" data-animationOffset=\"top-into-view\" target=\"_self\" href=\"http:\/\/csl.org\/global\/fr\/communaute\/reunions-et-classes-mondiales\/listez-vos-cours-et-vos-reunions\/\"><span class=\"fusion-button-text\">Faite inscrire une r\u00e9union ou une classe<\/span><\/a><\/div><div class=\"fusion-clearfix\"><\/div><\/div><\/div><div class=\"fusion-layout-column fusion_builder_column fusion-builder-column-3 fusion_builder_column_1_3 1_3 fusion-one-third fusion-column-last fusion-animated\" style=\"--awb-bg-size:cover;width:33.333333333333%;width:calc(33.333333333333% - ( ( 4% + 4% ) * 0.33333333333333 ) );\" data-animationType=\"zoomIn\" data-animationDuration=\"0.7\" data-animationOffset=\"top-into-view\"><div class=\"fusion-column-wrapper fusion-column-has-shadow fusion-flex-column-wrapper-legacy\"><div class=\"fusion-clearfix\"><\/div><\/div><\/div><div class=\"fusion-layout-column fusion_builder_column fusion-builder-column-4 fusion_builder_column_1_1 1_1 fusion-one-full fusion-column-first fusion-column-last fusion-animated\" style=\"--awb-bg-size:cover;\" data-animationType=\"zoomIn\" data-animationDuration=\"0.7\" data-animationOffset=\"top-into-view\"><div class=\"fusion-column-wrapper fusion-column-has-shadow fusion-flex-column-wrapper-legacy\"><div class=\"fusion-text fusion-text-2\"><h3 style=\"text-align: center;\">EN LIGNE (WORLDWIDE)<\/h3>\n<p style=\"text-align: center;\">*****<\/p>\n<h4 style=\"text-align: center;\">Groupes de m\u00e9ditation du Coeur de la paix<\/h4>\n<p style=\"text-align: center;\"><a href=\"https:\/\/ourcsl.org\/csl-peace-initiatives\/find-meditation-group\" target=\"_blank\" rel=\"noopener noreferrer\">Cliquez ici pour voir la liste des groupes actuels<\/a><\/p>\n<hr \/>\n<h4 style=\"text-align: center;\">\u00a0<\/h4>\n<h4 style=\"text-align: center;\">Science de l&#8217;esprit\/\u00c9tude de la pens\u00e9e affirmative\/Groupe de discussion en Australie<\/h4>\n<p style=\"text-align: center;\">Le jeudi 14 novembre, puis toutes les deux semaines par la suite. <br \/>\n28 novembre<br \/>\n12 d\u00e9cembre<br \/>\n2 janvier 2020 <br \/>\nNous nous r\u00e9unirons sur Zoom ; <a href=\"https:\/\/zoom.us\/j\/8303607071\" target=\"_blank\" rel=\"noopener noreferrer\">https:\/\/zoom.us\/j\/8303607071<\/a><br \/>\nHeure de d\u00e9but 19h00 \u00e0 20h30 AEST (heure de la c\u00f4te est de l&#8217;Australie) Toutes les r\u00e9gions d&#8217;Australasie sont les bienvenues. Je me r\u00e9jouis de participer \u00e0 la discussion. Si vous avez d&#8217;autres questions, n&#8217;h\u00e9sitez pas \u00e0 m&#8217;envoyer un courriel \u00e0 @ <a href=\"&#109;&#97;&#x69;l&#116;&#x6f;&#x3a;g&#101;&#x6f;&#x66;f&#114;&#x65;y&#115;&#x6d;&#x69;t&#104;&#x37;&#x40;m&#97;&#x63;&#46;&#99;&#x6f;&#x6d;\" target=\"_blank\" rel=\"noopener noreferrer\">ge&#111;&#102;&#102;&#114;&#x65;&#x79;&#x73;&#x6d;&#x69;th&#55;&#64;&#109;&#97;&#x63;&#x2e;&#x63;&#x6f;&#x6d;<\/a> &#8211; Mon num\u00e9ro de contact +61( 0) 478037307 vous laissez le 0 si vous faites des transactions internationales<br \/>\nAvec une intention amoureuse<br \/>\n<em>Geoffrey Smith RScP<\/em><\/p>\n<hr \/>\n<h4>\u00a0<\/h4>\n<h4 style=\"text-align: center;\">M\u00e9ditation globale de l&#8217;amour gu\u00e9risseur<\/h4>\n<p style=\"text-align: center;\"><em>Guided by<\/em> <em>Laura Topper<\/em><br \/>\nLibre d&#8217;adh\u00e9rer<br \/>\nTous les mercredis 30 minutes sur le lien Zoom 228-978-7124<br \/>\n20h &#8211; GMT &#8211; 12h US PACIFIC + 15h US FLORIDA<\/p>\n<hr \/>\n<h4>\u00a0<\/h4>\n<h4 style=\"text-align: center;\">Programme radio en ligne sur les nouvelles id\u00e9es du Royaume-Uni<\/h4>\n<p style=\"text-align: center;\"><em>Host\u00e9 par Laura Topper<\/em><br \/>\nAires Live tous les lundis soir de 19 \u00e0 21 heures (heure du Royaume-Uni) sur la radio communautaire de Burgess Hill dans le Sussex (Royaume-Uni).<\/p>\n<p style=\"text-align: center;\">Voici le lien <a href=\"https:\/\/www.burgesshillradio.co.uk\" target=\"_blank\" rel=\"noopener noreferrer\">https:\/\/www.burgesshillradio.co.uk<\/a> vers le site web o\u00f9 vous pouvez \u00e9couter o\u00f9 que vous soyez!<\/p>\n<p style=\"text-align: center;\"><a href=\"http:\/\/csl.org\/global\/fr\/programme-radio-britannique-en-ligne-new-thought-nouvelle-pensee\/\">Lire la suite&#8230;<\/a><\/p>\n<hr \/>\n<h4 style=\"text-align: center;\">\u00a0<\/h4>\n<h4 style=\"text-align: center;\">\u00c1MATE Y SANA TUS FINANZAS<\/h4>\n<p><img decoding=\"async\" class=\"size-full wp-image-3364 aligncenter\" src=\"http:\/\/csl.org\/wp-content\/uploads\/sites\/8\/2019\/09\/CSL-Argentina.jpg\" alt=\"\" width=\"312\" height=\"121\" srcset=\"https:\/\/csl.org\/global\/wp-content\/uploads\/sites\/8\/2019\/09\/CSL-Argentina-200x78.jpg 200w, https:\/\/csl.org\/global\/wp-content\/uploads\/sites\/8\/2019\/09\/CSL-Argentina-300x116.jpg 300w, https:\/\/csl.org\/global\/wp-content\/uploads\/sites\/8\/2019\/09\/CSL-Argentina.jpg 312w\" sizes=\"(max-width: 312px) 100vw, 312px\" \/><\/p>\n<p style=\"text-align: center;\">DIPLOMADO DE 8 SEMANAS BASADO EN EL TRABAJO DE L. HAY Y ENRIQUECIDO CON LOS PRINCIPIOS DE LA CIENCIA DE LA MENTE<br \/>\nCLASES EN LIGNE S\u00c1BADOS DE OCTUBRE\/NOVIEMBRE<br \/>\nINFORMATIONS SUR L&#8217;ENREGISTREMENT <a href=\"m&#97;&#x69;&#x6c;t&#111;&#x3a;&#x69;n&#102;&#111;&#x40;&#x63;i&#101;&#x6e;&#x63;i&#97;&#x64;&#x65;l&#97;&#109;&#x65;&#x6e;t&#101;&#x2e;&#x63;o&#109;&#x2e;&#x61;r\">&#x69;&#110;f&#x6f;&#64;c&#x69;&#101;n&#x63;&#105;a&#x64;&#101;l&#x61;&#109;e&#x6e;&#116;e&#x2e;&#99;o&#x6d;&#46;a&#x72;<\/a><\/p>\n<p style=\"text-align: center;\"><a href=\"http:\/\/csl.org\/wp-content\/uploads\/sites\/8\/2019\/09\/AMATE-Y-SANA-TUS-FINANZAS.jpg\" target=\"_blank\" rel=\"noopener noreferrer\">VER<\/a><\/p>\n<hr \/>\n<p>&nbsp;<\/p>\n<p>&nbsp;<\/p>\n<\/div><div class=\"fusion-text fusion-text-3\"><h3 style=\"text-align: center;\">AFRIQUE<\/h3>\n<p style=\"text-align: center;\">prochainement&#8230;<\/p>\n<p>&nbsp;<\/p>\n<\/div><div class=\"fusion-text fusion-text-4\"><h3 style=\"text-align: center;\">AUSTRALIE<\/h3>\n<p style=\"text-align: center;\">prochainement&#8230;<\/p>\n<p>&nbsp;<\/p>\n<\/div><div class=\"fusion-text fusion-text-5\"><h3 style=\"text-align: center;\">ASIE<\/h3>\n<p style=\"text-align: center;\">prochainement&#8230;<\/p>\n<p>&nbsp;<\/p>\n<\/div><div class=\"fusion-text fusion-text-6\"><h3 style=\"text-align: center;\">CARAIBES<\/h3>\n<p style=\"text-align: center;\">prochainement&#8230;<\/p>\n<p>&nbsp;<\/p>\n<\/div><div class=\"fusion-text fusion-text-7\"><h3 style=\"text-align: center;\">EUROPE<\/h3>\n<p style=\"text-align: center;\">*****<\/p>\n<h3 style=\"text-align: center;\">Royaume-Uni<\/h3>\n<h4 style=\"text-align: center;\">Discussions, cours et ateliers sur la science de l&#8217;esprit dirig\u00e9s par David &amp; Lin Serlin RScP.<\/h4>\n<p style=\"text-align: center;\">Kings Langley NewThought\/Spiritual Living Group Kings Langley, Angleterre (\u00e0 environ une demi-heure de l&#8217;a\u00e9roport de Londres Heathrow) R\u00e9unions du dimanche soir.<\/p>\n<p style=\"text-align: center;\"><strong>Pour information:<\/strong> <a href=\"https:\/\/www.newthoughtnewyou.co.uk\/\" target=\"_blank\" rel=\"noopener noreferrer\">www.newthoughtnewyou.co.uk<\/a><\/p>\n<hr \/>\n<p style=\"text-align: center;\">\u00a0<\/p>\n<p>&nbsp;<\/p>\n<p>&nbsp;<\/p>\n<\/div><div class=\"fusion-text fusion-text-8\"><h3 style=\"text-align: center; font-size: 29.402px; line-height: 33.323px;\" data-lineheight=\"34\" data-fontsize=\"30\">AM\u00c9RIQUE LATINE<\/h3>\n<p style=\"text-align: center;\">prochainement&#8230;<\/p>\n<p>&nbsp;<\/p>\n<\/div><div class=\"fusion-clearfix\"><\/div><\/div><\/div><div class=\"fusion-layout-column fusion_builder_column fusion-builder-column-5 fusion_builder_column_1_3 1_3 fusion-one-third fusion-column-first fusion-animated\" style=\"--awb-bg-size:cover;width:33.333333333333%;width:calc(33.333333333333% - ( ( 4% + 4% ) * 0.33333333333333 ) );margin-right: 4%;\" data-animationType=\"zoomIn\" data-animationDuration=\"0.7\" data-animationOffset=\"top-into-view\"><div class=\"fusion-column-wrapper fusion-column-has-shadow fusion-flex-column-wrapper-legacy\"><div class=\"fusion-clearfix\"><\/div><\/div><\/div><div class=\"fusion-layout-column fusion_builder_column fusion-builder-column-6 fusion_builder_column_1_3 1_3 fusion-one-third fusion-animated\" style=\"--awb-bg-size:cover;width:33.333333333333%;width:calc(33.333333333333% - ( ( 4% + 4% ) * 0.33333333333333 ) );margin-right: 4%;\" data-animationType=\"zoomIn\" data-animationDuration=\"0.7\" data-animationOffset=\"top-into-view\"><div class=\"fusion-column-wrapper fusion-column-has-shadow fusion-flex-column-wrapper-legacy\"><div class=\"fusion-clearfix\"><\/div><\/div><\/div><div class=\"fusion-layout-column fusion_builder_column fusion-builder-column-7 fusion_builder_column_1_3 1_3 fusion-one-third fusion-column-last fusion-animated\" style=\"--awb-bg-size:cover;width:33.333333333333%;width:calc(33.333333333333% - ( ( 4% + 4% ) * 0.33333333333333 ) );\" data-animationType=\"zoomIn\" data-animationDuration=\"0.7\" data-animationOffset=\"top-into-view\"><div class=\"fusion-column-wrapper fusion-column-has-shadow fusion-flex-column-wrapper-legacy\"><div class=\"fusion-clearfix\"><\/div><\/div><\/div><div class=\"fusion-layout-column fusion_builder_column fusion-builder-column-8 fusion_builder_column_1_3 1_3 fusion-one-third fusion-column-first fusion-animated\" style=\"--awb-bg-size:cover;width:33.333333333333%;width:calc(33.333333333333% - ( ( 4% + 4% ) * 0.33333333333333 ) );margin-right: 4%;\" data-animationType=\"zoomIn\" data-animationDuration=\"0.7\" data-animationOffset=\"top-into-view\"><div class=\"fusion-column-wrapper fusion-column-has-shadow fusion-flex-column-wrapper-legacy\"><div class=\"fusion-clearfix\"><\/div><\/div><\/div><div class=\"fusion-layout-column fusion_builder_column fusion-builder-column-9 fusion_builder_column_1_3 1_3 fusion-one-third fusion-animated\" style=\"--awb-bg-size:cover;width:33.333333333333%;width:calc(33.333333333333% - ( ( 4% + 4% ) * 0.33333333333333 ) );margin-right: 4%;\" data-animationType=\"zoomIn\" data-animationDuration=\"0.7\" data-animationOffset=\"top-into-view\"><div class=\"fusion-column-wrapper fusion-column-has-shadow fusion-flex-column-wrapper-legacy\"><div class=\"fusion-clearfix\"><\/div><\/div><\/div><div class=\"fusion-layout-column fusion_builder_column fusion-builder-column-10 fusion_builder_column_1_3 1_3 fusion-one-third fusion-column-last fusion-animated\" style=\"--awb-bg-size:cover;width:33.333333333333%;width:calc(33.333333333333% - ( ( 4% + 4% ) * 0.33333333333333 ) );\" data-animationType=\"zoomIn\" data-animationDuration=\"0.7\" data-animationOffset=\"top-into-view\"><div class=\"fusion-column-wrapper fusion-column-has-shadow fusion-flex-column-wrapper-legacy\"><div class=\"fusion-clearfix\"><\/div><\/div><\/div><div class=\"fusion-layout-column fusion_builder_column fusion-builder-column-11 fusion_builder_column_1_3 1_3 fusion-one-third fusion-column-first fusion-animated\" style=\"--awb-bg-size:cover;width:33.333333333333%;width:calc(33.333333333333% - ( ( 4% + 4% ) * 0.33333333333333 ) );margin-right: 4%;\" data-animationType=\"zoomIn\" data-animationDuration=\"0.7\" data-animationOffset=\"top-into-view\"><div class=\"fusion-column-wrapper fusion-column-has-shadow fusion-flex-column-wrapper-legacy\"><div class=\"fusion-clearfix\"><\/div><\/div><\/div><div class=\"fusion-layout-column fusion_builder_column fusion-builder-column-12 fusion_builder_column_1_3 1_3 fusion-one-third fusion-animated\" style=\"--awb-bg-size:cover;width:33.333333333333%;width:calc(33.333333333333% - ( ( 4% + 4% ) * 0.33333333333333 ) );margin-right: 4%;\" data-animationType=\"zoomIn\" data-animationDuration=\"0.7\" data-animationOffset=\"top-into-view\"><div class=\"fusion-column-wrapper fusion-column-has-shadow fusion-flex-column-wrapper-legacy\"><div class=\"fusion-clearfix\"><\/div><\/div><\/div><div class=\"fusion-layout-column fusion_builder_column fusion-builder-column-13 fusion_builder_column_1_3 1_3 fusion-one-third fusion-column-last fusion-animated\" style=\"--awb-bg-size:cover;width:33.333333333333%;width:calc(33.333333333333% - ( ( 4% + 4% ) * 0.33333333333333 ) );\" data-animationType=\"zoomIn\" data-animationDuration=\"0.7\" data-animationOffset=\"top-into-view\"><div class=\"fusion-column-wrapper fusion-column-has-shadow fusion-flex-column-wrapper-legacy\"><div class=\"fusion-clearfix\"><\/div><\/div><\/div><\/div><\/div><div class=\"fusion-bg-parallax\" data-bg-align=\"center center\" data-direction=\"left\" data-mute=\"false\" data-opacity=\"100\" data-velocity=\"-0.8\" data-mobile-enabled=\"true\" data-break_parents=\"0\" data-bg-image=\"http:\/\/csl.org\/wp-content\/uploads\/sites\/8\/2019\/05\/people-reading.jpg\" data-bg-repeat=\"false\" ><\/div><div class=\"fusion-fullwidth fullwidth-box fusion-builder-row-2 fusion-parallax-left gradient-container-2 nonhundred-percent-fullwidth non-hundred-percent-height-scrolling\" style=\"--awb-border-radius-top-left:0px;--awb-border-radius-top-right:0px;--awb-border-radius-bottom-right:0px;--awb-border-radius-bottom-left:0px;--awb-background-image:url(&quot;http:\/\/csl.org\/wp-content\/uploads\/sites\/8\/2019\/05\/people-reading.jpg&quot;);--awb-background-size:cover;--awb-flex-wrap:wrap;\" ><div class=\"fusion-builder-row fusion-row\"><div class=\"fusion-layout-column fusion_builder_column fusion-builder-column-14 fusion_builder_column_1_1 1_1 fusion-one-full fusion-column-first fusion-column-last\" style=\"--awb-padding-top:250px;--awb-padding-right:200px;--awb-padding-bottom:250px;--awb-padding-left:200px;--awb-bg-size:cover;\"><div class=\"fusion-column-wrapper fusion-column-has-shadow fusion-flex-column-wrapper-legacy\"><div class=\"fusion-clearfix\"><\/div><\/div><\/div><\/div><\/div><\/p>\n","protected":false},"excerpt":{"rendered":"","protected":false},"author":1,"featured_media":0,"parent":5026,"menu_order":145,"comment_status":"closed","ping_status":"closed","template":"","meta":{"_exactmetrics_skip_tracking":false,"_exactmetrics_sitenote_active":false,"_exactmetrics_sitenote_note":"","_exactmetrics_sitenote_category":0,"footnotes":""},"categories":[85],"tags":[],"class_list":["post-5352","page","type-page","status-publish","hentry","category-communaute-fr"],"yoast_head":"<!-- This site is optimized with the Yoast SEO plugin v23.1 - https:\/\/yoast.com\/wordpress\/plugins\/seo\/ -->\n<title>R\u00e9unions et classes mondiales - Global Services - Centers for Spiritual Living<\/title>\n<meta name=\"robots\" content=\"index, follow, max-snippet:-1, max-image-preview:large, max-video-preview:-1\" \/>\n<link rel=\"canonical\" href=\"https:\/\/csl.org\/global\/fr\/communaute\/reunions-et-classes-mondiales\/\" \/>\n<meta property=\"og:locale\" content=\"en_US\" \/>\n<meta property=\"og:type\" content=\"article\" \/>\n<meta property=\"og:title\" content=\"R\u00e9unions et classes mondiales - Global Services - Centers for Spiritual Living\" \/>\n<meta property=\"og:url\" content=\"https:\/\/csl.org\/global\/fr\/communaute\/reunions-et-classes-mondiales\/\" \/>\n<meta property=\"og:site_name\" content=\"Global Services - Centers for Spiritual Living\" \/>\n<meta property=\"article:modified_time\" content=\"2020-07-24T08:19:06+00:00\" \/>\n<meta property=\"og:image\" content=\"http:\/\/csl.org\/wp-content\/uploads\/sites\/8\/2019\/05\/feet-1-600x450.jpg\" \/>\n<meta name=\"twitter:card\" content=\"summary_large_image\" \/>\n<meta name=\"twitter:label1\" content=\"Est. reading time\" \/>\n\t<meta name=\"twitter:data1\" content=\"15 minutes\" \/>\n<script type=\"application\/ld+json\" class=\"yoast-schema-graph\">{\"@context\":\"https:\/\/schema.org\",\"@graph\":[{\"@type\":\"WebPage\",\"@id\":\"https:\/\/csl.org\/global\/fr\/communaute\/reunions-et-classes-mondiales\/\",\"url\":\"https:\/\/csl.org\/global\/fr\/communaute\/reunions-et-classes-mondiales\/\",\"name\":\"R\u00e9unions et classes mondiales - Global Services - Centers for Spiritual Living\",\"isPartOf\":{\"@id\":\"https:\/\/csl.org\/global\/de\/#website\"},\"primaryImageOfPage\":{\"@id\":\"https:\/\/csl.org\/global\/fr\/communaute\/reunions-et-classes-mondiales\/#primaryimage\"},\"image\":{\"@id\":\"https:\/\/csl.org\/global\/fr\/communaute\/reunions-et-classes-mondiales\/#primaryimage\"},\"thumbnailUrl\":\"http:\/\/csl.org\/wp-content\/uploads\/sites\/8\/2019\/05\/feet-1-600x450.jpg\",\"datePublished\":\"2020-02-24T12:34:11+00:00\",\"dateModified\":\"2020-07-24T08:19:06+00:00\",\"breadcrumb\":{\"@id\":\"https:\/\/csl.org\/global\/fr\/communaute\/reunions-et-classes-mondiales\/#breadcrumb\"},\"inLanguage\":\"en-US\",\"potentialAction\":[{\"@type\":\"ReadAction\",\"target\":[\"https:\/\/csl.org\/global\/fr\/communaute\/reunions-et-classes-mondiales\/\"]}]},{\"@type\":\"ImageObject\",\"inLanguage\":\"en-US\",\"@id\":\"https:\/\/csl.org\/global\/fr\/communaute\/reunions-et-classes-mondiales\/#primaryimage\",\"url\":\"http:\/\/csl.org\/wp-content\/uploads\/sites\/8\/2019\/05\/feet-1-600x450.jpg\",\"contentUrl\":\"http:\/\/csl.org\/wp-content\/uploads\/sites\/8\/2019\/05\/feet-1-600x450.jpg\"},{\"@type\":\"BreadcrumbList\",\"@id\":\"https:\/\/csl.org\/global\/fr\/communaute\/reunions-et-classes-mondiales\/#breadcrumb\",\"itemListElement\":[{\"@type\":\"ListItem\",\"position\":1,\"name\":\"COMMUNAUT\u00c9\",\"item\":\"https:\/\/csl.org\/global\/fr\/communaute\/\"},{\"@type\":\"ListItem\",\"position\":2,\"name\":\"R\u00e9unions et classes mondiales\"}]},{\"@type\":\"WebSite\",\"@id\":\"https:\/\/csl.org\/global\/de\/#website\",\"url\":\"https:\/\/csl.org\/global\/de\/\",\"name\":\"Global Services - Centers for Spiritual Living\",\"description\":\"\",\"potentialAction\":[{\"@type\":\"SearchAction\",\"target\":{\"@type\":\"EntryPoint\",\"urlTemplate\":\"https:\/\/csl.org\/global\/de\/?s={search_term_string}\"},\"query-input\":\"required name=search_term_string\"}],\"inLanguage\":\"en-US\"}]}<\/script>\n<!-- \/ Yoast SEO plugin. -->","yoast_head_json":{"title":"R\u00e9unions et classes mondiales - Global Services - Centers for Spiritual Living","robots":{"index":"index","follow":"follow","max-snippet":"max-snippet:-1","max-image-preview":"max-image-preview:large","max-video-preview":"max-video-preview:-1"},"canonical":"https:\/\/csl.org\/global\/fr\/communaute\/reunions-et-classes-mondiales\/","og_locale":"en_US","og_type":"article","og_title":"R\u00e9unions et classes mondiales - Global Services - Centers for Spiritual Living","og_url":"https:\/\/csl.org\/global\/fr\/communaute\/reunions-et-classes-mondiales\/","og_site_name":"Global Services - Centers for Spiritual Living","article_modified_time":"2020-07-24T08:19:06+00:00","og_image":[{"url":"http:\/\/csl.org\/wp-content\/uploads\/sites\/8\/2019\/05\/feet-1-600x450.jpg"}],"twitter_card":"summary_large_image","twitter_misc":{"Est. reading time":"15 minutes"},"schema":{"@context":"https:\/\/schema.org","@graph":[{"@type":"WebPage","@id":"https:\/\/csl.org\/global\/fr\/communaute\/reunions-et-classes-mondiales\/","url":"https:\/\/csl.org\/global\/fr\/communaute\/reunions-et-classes-mondiales\/","name":"R\u00e9unions et classes mondiales - Global Services - Centers for Spiritual Living","isPartOf":{"@id":"https:\/\/csl.org\/global\/de\/#website"},"primaryImageOfPage":{"@id":"https:\/\/csl.org\/global\/fr\/communaute\/reunions-et-classes-mondiales\/#primaryimage"},"image":{"@id":"https:\/\/csl.org\/global\/fr\/communaute\/reunions-et-classes-mondiales\/#primaryimage"},"thumbnailUrl":"http:\/\/csl.org\/wp-content\/uploads\/sites\/8\/2019\/05\/feet-1-600x450.jpg","datePublished":"2020-02-24T12:34:11+00:00","dateModified":"2020-07-24T08:19:06+00:00","breadcrumb":{"@id":"https:\/\/csl.org\/global\/fr\/communaute\/reunions-et-classes-mondiales\/#breadcrumb"},"inLanguage":"en-US","potentialAction":[{"@type":"ReadAction","target":["https:\/\/csl.org\/global\/fr\/communaute\/reunions-et-classes-mondiales\/"]}]},{"@type":"ImageObject","inLanguage":"en-US","@id":"https:\/\/csl.org\/global\/fr\/communaute\/reunions-et-classes-mondiales\/#primaryimage","url":"http:\/\/csl.org\/wp-content\/uploads\/sites\/8\/2019\/05\/feet-1-600x450.jpg","contentUrl":"http:\/\/csl.org\/wp-content\/uploads\/sites\/8\/2019\/05\/feet-1-600x450.jpg"},{"@type":"BreadcrumbList","@id":"https:\/\/csl.org\/global\/fr\/communaute\/reunions-et-classes-mondiales\/#breadcrumb","itemListElement":[{"@type":"ListItem","position":1,"name":"COMMUNAUT\u00c9","item":"https:\/\/csl.org\/global\/fr\/communaute\/"},{"@type":"ListItem","position":2,"name":"R\u00e9unions et classes mondiales"}]},{"@type":"WebSite","@id":"https:\/\/csl.org\/global\/de\/#website","url":"https:\/\/csl.org\/global\/de\/","name":"Global Services - Centers for Spiritual Living","description":"","potentialAction":[{"@type":"SearchAction","target":{"@type":"EntryPoint","urlTemplate":"https:\/\/csl.org\/global\/de\/?s={search_term_string}"},"query-input":"required name=search_term_string"}],"inLanguage":"en-US"}]}},"_links":{"self":[{"href":"https:\/\/csl.org\/global\/wp-json\/wp\/v2\/pages\/5352"}],"collection":[{"href":"https:\/\/csl.org\/global\/wp-json\/wp\/v2\/pages"}],"about":[{"href":"https:\/\/csl.org\/global\/wp-json\/wp\/v2\/types\/page"}],"author":[{"embeddable":true,"href":"https:\/\/csl.org\/global\/wp-json\/wp\/v2\/users\/1"}],"replies":[{"embeddable":true,"href":"https:\/\/csl.org\/global\/wp-json\/wp\/v2\/comments?post=5352"}],"version-history":[{"count":10,"href":"https:\/\/csl.org\/global\/wp-json\/wp\/v2\/pages\/5352\/revisions"}],"predecessor-version":[{"id":7242,"href":"https:\/\/csl.org\/global\/wp-json\/wp\/v2\/pages\/5352\/revisions\/7242"}],"up":[{"embeddable":true,"href":"https:\/\/csl.org\/global\/wp-json\/wp\/v2\/pages\/5026"}],"wp:attachment":[{"href":"https:\/\/csl.org\/global\/wp-json\/wp\/v2\/media?parent=5352"}],"wp:term":[{"taxonomy":"category","embeddable":true,"href":"https:\/\/csl.org\/global\/wp-json\/wp\/v2\/categories?post=5352"},{"taxonomy":"post_tag","embeddable":true,"href":"https:\/\/csl.org\/global\/wp-json\/wp\/v2\/tags?post=5352"}],"curies":[{"name":"wp","href":"https:\/\/api.w.org\/{rel}","templated":true}]}}