{"id":5355,"date":"2020-02-24T13:18:41","date_gmt":"2020-02-24T13:18:41","guid":{"rendered":"https:\/\/csl.org\/global\/gemeinschaft\/globale-treffen-und-klassen\/"},"modified":"2020-07-24T08:21:46","modified_gmt":"2020-07-24T08:21:46","slug":"globale-treffen-und-klassen","status":"publish","type":"page","link":"https:\/\/csl.org\/global\/gemeinschaft\/globale-treffen-und-klassen\/","title":{"rendered":"Globale Treffen und Klassen"},"content":{"rendered":"<p><div class=\"fusion-fullwidth fullwidth-box fusion-builder-row-1 gradient-container-1 nonhundred-percent-fullwidth non-hundred-percent-height-scrolling\" style=\"--awb-border-radius-top-left:0px;--awb-border-radius-top-right:0px;--awb-border-radius-bottom-right:0px;--awb-border-radius-bottom-left:0px;--awb-background-color:#ffffff;--awb-flex-wrap:wrap;\" ><div class=\"fusion-builder-row fusion-row\"><div class=\"fusion-layout-column fusion_builder_column fusion-builder-column-0 fusion_builder_column_1_1 1_1 fusion-one-full fusion-column-first fusion-column-last fusion-animated\" style=\"--awb-padding-top:50px;--awb-padding-right:3%;--awb-padding-bottom:50px;--awb-padding-left:3%;--awb-bg-color:#ffffff;--awb-bg-color-hover:#ffffff;--awb-bg-size:cover;--awb-margin-bottom:5px;\" data-animationType=\"zoomIn\" data-animationDuration=\"0.7\" data-animationOffset=\"top-into-view\"><div class=\"fusion-column-wrapper fusion-column-has-shadow fusion-flex-column-wrapper-legacy\"><div class=\"fusion-text fusion-text-1\"><h1 style=\"text-align: links;\">Globale Treffen und Kurse<\/h1>\n<p style=\"text-align: links;\"><img fetchpriority=\"high\" decoding=\"async\" class=\" wp-image-1950 aligncenter\" src=\"http:\/\/csl.org\/wp-content\/uploads\/sites\/8\/2019\/05\/feet-1-600x450.jpg\" alt=\"\" width=\"418\" height=\"313\" srcset=\"https:\/\/csl.org\/global\/wp-content\/uploads\/sites\/8\/2019\/05\/feet-1-200x150.jpg 200w, https:\/\/csl.org\/global\/wp-content\/uploads\/sites\/8\/2019\/05\/feet-1-300x225.jpg 300w, https:\/\/csl.org\/global\/wp-content\/uploads\/sites\/8\/2019\/05\/feet-1-400x300.jpg 400w, https:\/\/csl.org\/global\/wp-content\/uploads\/sites\/8\/2019\/05\/feet-1-600x450.jpg 600w, https:\/\/csl.org\/global\/wp-content\/uploads\/sites\/8\/2019\/05\/feet-1-768x576.jpg 768w, https:\/\/csl.org\/global\/wp-content\/uploads\/sites\/8\/2019\/05\/feet-1-800x600.jpg 800w, https:\/\/csl.org\/global\/wp-content\/uploads\/sites\/8\/2019\/05\/feet-1-1024x768.jpg 1024w, https:\/\/csl.org\/global\/wp-content\/uploads\/sites\/8\/2019\/05\/feet-1-1200x900.jpg 1200w, https:\/\/csl.org\/global\/wp-content\/uploads\/sites\/8\/2019\/05\/feet-1.jpg 1920w\" sizes=\"(max-width: 418px) 100vw, 418px\" \/><\/p>\n<p style=\"text-align: left;\">Hier finden Sie eine Liste von Science of Mind Treffen und von Kursen, die auf der ganzen Welt (au\u00dferhalb Nordamerikas) angeboten werden. Dazu geh\u00f6ren sowohl weltweit online verf\u00fcgbare als auch lokale Veranstaltungen (nach Regionen der Welt). Die Links f\u00fcr weitere Informationen sind angegeben.<\/p>\n<p>&nbsp;<\/p>\n<\/div><div class=\"fusion-clearfix\"><\/div><\/div><\/div><div class=\"fusion-layout-column fusion_builder_column fusion-builder-column-1 fusion_builder_column_1_3 1_3 fusion-one-third fusion-column-first fusion-animated\" style=\"--awb-bg-size:cover;width:33.333333333333%;width:calc(33.333333333333% - ( ( 4% + 4% ) * 0.33333333333333 ) );margin-right: 4%;\" data-animationType=\"zoomIn\" data-animationDuration=\"0.7\" data-animationOffset=\"top-into-view\"><div class=\"fusion-column-wrapper fusion-column-has-shadow fusion-flex-column-wrapper-legacy\"><div class=\"fusion-clearfix\"><\/div><\/div><\/div><div class=\"fusion-layout-column fusion_builder_column fusion-builder-column-2 fusion_builder_column_1_3 1_3 fusion-one-third fusion-animated\" style=\"--awb-bg-size:cover;--awb-margin-top:-20px;--awb-margin-bottom:20px;width:33.333333333333%;width:calc(33.333333333333% - ( ( 4% + 4% ) * 0.33333333333333 ) );margin-right: 4%;\" data-animationType=\"zoomIn\" data-animationDuration=\"0.7\" data-animationOffset=\"top-into-view\"><div class=\"fusion-column-wrapper fusion-column-has-shadow fusion-flex-column-wrapper-legacy\"><div class=\"fusion-aligncenter\"><a class=\"fusion-button button-flat button-large button-default fusion-button-default button-1 fusion-button-default-span fusion-button-default-type fusion-animated\" data-animationType=\"zoomIn\" data-animationDuration=\"0.3\" data-animationOffset=\"top-into-view\" target=\"_self\" href=\"http:\/\/csl.org\/global\/de\/gemeinschaft\/globale-treffen-und-klassen\/listen-sie-ihre-klassen-und-treffen-auf\/\"><span class=\"fusion-button-text\">Eine Sitzung oder Klasse auflisten<\/span><\/a><\/div><div class=\"fusion-clearfix\"><\/div><\/div><\/div><div class=\"fusion-layout-column fusion_builder_column fusion-builder-column-3 fusion_builder_column_1_3 1_3 fusion-one-third fusion-column-last fusion-animated\" style=\"--awb-bg-size:cover;width:33.333333333333%;width:calc(33.333333333333% - ( ( 4% + 4% ) * 0.33333333333333 ) );\" data-animationType=\"zoomIn\" data-animationDuration=\"0.7\" data-animationOffset=\"top-into-view\"><div class=\"fusion-column-wrapper fusion-column-has-shadow fusion-flex-column-wrapper-legacy\"><div class=\"fusion-clearfix\"><\/div><\/div><\/div><div class=\"fusion-layout-column fusion_builder_column fusion-builder-column-4 fusion_builder_column_1_1 1_1 fusion-one-full fusion-column-first fusion-column-last fusion-animated\" style=\"--awb-bg-size:cover;\" data-animationType=\"zoomIn\" data-animationDuration=\"0.7\" data-animationOffset=\"top-into-view\"><div class=\"fusion-column-wrapper fusion-column-has-shadow fusion-flex-column-wrapper-legacy\"><div class=\"fusion-text fusion-text-2\"><h3 style=\"text-align: center;\">ONLINE (WELTWEIT)<\/h3>\n<p style=\"text-align: center;\">*****<\/p>\n<h4 style=\"text-align: center;\">Herz des Friedens Meditationsgruppen<\/h4>\n<p style=\"text-align: center;\"><a href=\"https:\/\/ourcsl.org\/csl-peace-initiatives\/find-meditation-group\" target=\"_blank\" rel=\"noopener noreferrer\">Klicken Sie hier, um die Liste der aktuellen Gruppen zu sehen<\/a><\/p>\n<hr \/>\n<h4 style=\"text-align: center;\">\u00a0<\/h4>\n<h4 style=\"text-align: center;\">Studien-\/Diskussionsgruppe &#8220;Wissenschaft des Geistes\/Affirmative Thought&#8221; in Australien<\/h4>\n<p style=\"text-align: center;\">Am Donnerstag, dem 14. November, und danach jede zweite Woche. <br \/>\n28. November <br \/>\n12. Dezember <br \/>\n2. Januar 2020 <br \/>\nWir werden uns auf Zoom; <a href=\"https:\/\/zoom.us\/j\/8303607071\" target=\"_blank\" rel=\"noopener noreferrer\">https:\/\/zoom.us\/j\/8303607071<\/a><br \/>\nversammeln. Startzeit 19.00 bis 20.30 Uhr AEST (Australien Ostk\u00fcstenzeit) Alle australischen Regionen sind herzlich willkommen.<br \/>\nIch freue mich darauf, an der Diskussion teilzunehmen. Wenn Sie weitere Fragen haben, wenden Sie sich bitte per E-Mail an @ <a href=\"m&#97;&#x69;&#x6c;t&#111;&#x3a;&#x67;e&#111;&#102;&#x66;&#x72;e&#121;&#x73;&#x6d;i&#116;&#x68;&#x37;&#64;&#109;&#97;&#x63;&#x2e;c&#111;&#x6d;\" target=\"_blank\" rel=\"noopener noreferrer\">&#103;&#x65;&#111;&#x66;&#102;&#x72;&#101;&#x79;&#115;&#x6d;&#105;&#x74;&#104;&#x37;&#64;&#x6d;&#97;&#x63;&#46;&#x63;&#111;&#x6d;<\/a> &#8211; Meine Kontaktnummer +61( 0) 478037307 Sie lassen die 0 weg, wenn Sie international<br \/>\nhandeln. Mit liebevoller Absicht<br \/>\n<em>Geoffrey Smith RScP<\/em><\/p>\n<hr \/>\n<h4>\u00a0<\/h4>\n<h4 style=\"text-align: center;\">Heilende Liebe Globale Meditation<\/h4>\n<p style=\"text-align: center;\"><em>Gef\u00fchrt von<\/em> <em>Laura Topper<\/em><br \/>\nFrei zum Mitmachen<br \/>\nJeden Mittwoch 30 Minuten auf Zoom Link 228-978-7124<br \/>\n20.00 Uhr &#8211; GMT &#8211; 12.00 Uhr US PACIFIC + 15.00 Uhr US FLORIDA<\/p>\n<hr \/>\n<h4>\u00a0<\/h4>\n<h4 style=\"text-align: center;\">Neuer Gedanke online Radio Programm aus UK<\/h4>\n<p style=\"text-align: center;\"><em>Hosting von Laura Topper<\/em><br \/>\nAires Live jeden Montagabend von 19-9 Uhr (britische Zeit) vom Burgess Hill Gemeinschaftsradio in Sussex UK.<\/p>\n<p style=\"text-align: center;\">Hier ist der Link <a href=\"https:\/\/www.burgesshillradio.co.uk\" target=\"_blank\" rel=\"noopener noreferrer\">https:\/\/www.burgesshillradio.co.uk<\/a> zu der Website, auf der Sie von \u00fcberall her zuh\u00f6ren k\u00f6nnen!<\/p>\n<p style=\"text-align: center;\"><a href=\"http:\/\/csl.org\/global\/de\/neuer-gedanke-online-radio-programm-aus-grossbritannien\/\">Lesen Sie mehr&#8230;<\/a><\/p>\n<hr \/>\n<h4 style=\"text-align: center;\">\u00a0<\/h4>\n<h4 style=\"text-align: center;\">\u00c1MATE Y SANA TUS FINANZAS<\/h4>\n<p><img decoding=\"async\" class=\"size-full wp-image-3364 aligncenter\" src=\"http:\/\/csl.org\/wp-content\/uploads\/sites\/8\/2019\/09\/CSL-Argentina.jpg\" alt=\"\" width=\"312\" height=\"121\" srcset=\"https:\/\/csl.org\/global\/wp-content\/uploads\/sites\/8\/2019\/09\/CSL-Argentina-200x78.jpg 200w, https:\/\/csl.org\/global\/wp-content\/uploads\/sites\/8\/2019\/09\/CSL-Argentina-300x116.jpg 300w, https:\/\/csl.org\/global\/wp-content\/uploads\/sites\/8\/2019\/09\/CSL-Argentina.jpg 312w\" sizes=\"(max-width: 312px) 100vw, 312px\" \/><\/p>\n<p style=\"text-align: center;\">DIPLOMADO DE 8 SEMANAS BASADO EN EL TRABAJO DE L. HAY Y ENRIQUECIDO CON LOS PRINCIPIOS DE LA CIENCIA DE LA MENTE<br \/>\nCLASES ONLINE S\u00c1BADOS DE OCTUBRE\/NOVIEMBRE<br \/>\nREGISTRACI\u00d3N E INFORMES <a href=\"&#x6d;&#97;i&#x6c;&#116;o&#x3a;&#105;n&#x66;&#111;&#64;&#x63;&#105;e&#x6e;&#99;i&#x61;&#100;e&#x6c;&#97;m&#x65;&#110;t&#x65;&#46;c&#x6f;&#109;&#46;&#x61;&#114;\">info&#64;c&#105;&#101;&#110;&#99;&#105;&#97;&#100;&#x65;&#x6c;&#x61;&#x6d;&#x65;&#x6e;&#x74;&#x65;&#x2e;&#x63;&#x6f;&#x6d;&#46;ar<\/a><\/p>\n<p style=\"text-align: center;\"><a href=\"http:\/\/csl.org\/wp-content\/uploads\/sites\/8\/2019\/09\/AMATE-Y-SANA-TUS-FINANZAS.jpg\" target=\"_blank\" rel=\"noopener noreferrer\">VER<\/a><\/p>\n<hr \/>\n<p>&nbsp;<\/p>\n<p>&nbsp;<\/p>\n<\/div><div class=\"fusion-text fusion-text-3\"><h3 style=\"text-align: center;\">AFRIKA<\/h3>\n<p style=\"text-align: center;\">Bald kommt&#8230;<\/p>\n<p>&nbsp;<\/p>\n<\/div><div class=\"fusion-text fusion-text-4\"><h3 style=\"text-align: center;\">AUSTRALIEN<\/h3>\n<p style=\"text-align: center;\">Bald kommt&#8230;<\/p>\n<p>&nbsp;<\/p>\n<\/div><div class=\"fusion-text fusion-text-5\"><h3 style=\"text-align: center;\">ASIEN<\/h3>\n<p style=\"text-align: center;\">Bald kommt&#8230;<\/p>\n<p>&nbsp;<\/p>\n<\/div><div class=\"fusion-text fusion-text-6\"><h3 style=\"text-align: center;\">CARRIBEAN<\/h3>\n<p style=\"text-align: center;\">Bald kommt&#8230;<\/p>\n<p>&nbsp;<\/p>\n<\/div><div class=\"fusion-text fusion-text-7\"><h3 style=\"text-align: center;\">EUROPE<\/h3>\n<p style=\"text-align: center;\">*****<\/p>\n<h3 style=\"text-align: center;\">Vereinigtes K\u00f6nigreich<\/h3>\n<h4 style=\"text-align: center;\">Diskussionen, Kurse und Workshops zur Wissenschaft des Geistes unter der Leitung von David &amp; Lin Serlin RScP.<\/h4>\n<p style=\"text-align: center;\">Kings Langley NewThought\/Spiritual Living Group Kings Langley, England (etwa eine halbe Stunde vom Flughafen London Heathrow entfernt) Sonntagabend-Treffen.<\/p>\n<p style=\"text-align: center;\"><strong>Zur Information<\/strong>: <a href=\"https:\/\/www.newthoughtnewyou.co.uk\/\" target=\"_blank\" rel=\"noopener noreferrer\">www.newthoughtnewyou.co.uk<\/a><\/p>\n<hr \/>\n<p style=\"text-align: center;\">\u00a0<\/p>\n<p>&nbsp;<\/p>\n<p>&nbsp;<\/p>\n<\/div><div class=\"fusion-text fusion-text-8\"><h3 style=\"text-align: center; font-size: 29.402px; line-height: 33.323px;\" data-fontsize=\"30\" data-lineheight=\"34\">LATEINAMERIKA<\/h3>\n<p style=\"text-align: center;\">Bald kommt&#8230;<\/p>\n<p>&nbsp;<\/p>\n<\/div><div class=\"fusion-clearfix\"><\/div><\/div><\/div><div class=\"fusion-layout-column fusion_builder_column fusion-builder-column-5 fusion_builder_column_1_3 1_3 fusion-one-third fusion-column-first fusion-animated\" style=\"--awb-bg-size:cover;width:33.333333333333%;width:calc(33.333333333333% - ( ( 4% + 4% ) * 0.33333333333333 ) );margin-right: 4%;\" data-animationType=\"zoomIn\" data-animationDuration=\"0.7\" data-animationOffset=\"top-into-view\"><div class=\"fusion-column-wrapper fusion-column-has-shadow fusion-flex-column-wrapper-legacy\"><div class=\"fusion-clearfix\"><\/div><\/div><\/div><div class=\"fusion-layout-column fusion_builder_column fusion-builder-column-6 fusion_builder_column_1_3 1_3 fusion-one-third fusion-animated\" style=\"--awb-bg-size:cover;width:33.333333333333%;width:calc(33.333333333333% - ( ( 4% + 4% ) * 0.33333333333333 ) );margin-right: 4%;\" data-animationType=\"zoomIn\" data-animationDuration=\"0.7\" data-animationOffset=\"top-into-view\"><div class=\"fusion-column-wrapper fusion-column-has-shadow fusion-flex-column-wrapper-legacy\"><div class=\"fusion-clearfix\"><\/div><\/div><\/div><div class=\"fusion-layout-column fusion_builder_column fusion-builder-column-7 fusion_builder_column_1_3 1_3 fusion-one-third fusion-column-last fusion-animated\" style=\"--awb-bg-size:cover;width:33.333333333333%;width:calc(33.333333333333% - ( ( 4% + 4% ) * 0.33333333333333 ) );\" data-animationType=\"zoomIn\" data-animationDuration=\"0.7\" data-animationOffset=\"top-into-view\"><div class=\"fusion-column-wrapper fusion-column-has-shadow fusion-flex-column-wrapper-legacy\"><div class=\"fusion-clearfix\"><\/div><\/div><\/div><div class=\"fusion-layout-column fusion_builder_column fusion-builder-column-8 fusion_builder_column_1_3 1_3 fusion-one-third fusion-column-first fusion-animated\" style=\"--awb-bg-size:cover;width:33.333333333333%;width:calc(33.333333333333% - ( ( 4% + 4% ) * 0.33333333333333 ) );margin-right: 4%;\" data-animationType=\"zoomIn\" data-animationDuration=\"0.7\" data-animationOffset=\"top-into-view\"><div class=\"fusion-column-wrapper fusion-column-has-shadow fusion-flex-column-wrapper-legacy\"><div class=\"fusion-clearfix\"><\/div><\/div><\/div><div class=\"fusion-layout-column fusion_builder_column fusion-builder-column-9 fusion_builder_column_1_3 1_3 fusion-one-third fusion-animated\" style=\"--awb-bg-size:cover;width:33.333333333333%;width:calc(33.333333333333% - ( ( 4% + 4% ) * 0.33333333333333 ) );margin-right: 4%;\" data-animationType=\"zoomIn\" data-animationDuration=\"0.7\" data-animationOffset=\"top-into-view\"><div class=\"fusion-column-wrapper fusion-column-has-shadow fusion-flex-column-wrapper-legacy\"><div class=\"fusion-clearfix\"><\/div><\/div><\/div><div class=\"fusion-layout-column fusion_builder_column fusion-builder-column-10 fusion_builder_column_1_3 1_3 fusion-one-third fusion-column-last fusion-animated\" style=\"--awb-bg-size:cover;width:33.333333333333%;width:calc(33.333333333333% - ( ( 4% + 4% ) * 0.33333333333333 ) );\" data-animationType=\"zoomIn\" data-animationDuration=\"0.7\" data-animationOffset=\"top-into-view\"><div class=\"fusion-column-wrapper fusion-column-has-shadow fusion-flex-column-wrapper-legacy\"><div class=\"fusion-clearfix\"><\/div><\/div><\/div><div class=\"fusion-layout-column fusion_builder_column fusion-builder-column-11 fusion_builder_column_1_3 1_3 fusion-one-third fusion-column-first fusion-animated\" style=\"--awb-bg-size:cover;width:33.333333333333%;width:calc(33.333333333333% - ( ( 4% + 4% ) * 0.33333333333333 ) );margin-right: 4%;\" data-animationType=\"zoomIn\" data-animationDuration=\"0.7\" data-animationOffset=\"top-into-view\"><div class=\"fusion-column-wrapper fusion-column-has-shadow fusion-flex-column-wrapper-legacy\"><div class=\"fusion-clearfix\"><\/div><\/div><\/div><div class=\"fusion-layout-column fusion_builder_column fusion-builder-column-12 fusion_builder_column_1_3 1_3 fusion-one-third fusion-animated\" style=\"--awb-bg-size:cover;width:33.333333333333%;width:calc(33.333333333333% - ( ( 4% + 4% ) * 0.33333333333333 ) );margin-right: 4%;\" data-animationType=\"zoomIn\" data-animationDuration=\"0.7\" data-animationOffset=\"top-into-view\"><div class=\"fusion-column-wrapper fusion-column-has-shadow fusion-flex-column-wrapper-legacy\"><div class=\"fusion-clearfix\"><\/div><\/div><\/div><div class=\"fusion-layout-column fusion_builder_column fusion-builder-column-13 fusion_builder_column_1_3 1_3 fusion-one-third fusion-column-last fusion-animated\" style=\"--awb-bg-size:cover;width:33.333333333333%;width:calc(33.333333333333% - ( ( 4% + 4% ) * 0.33333333333333 ) );\" data-animationType=\"zoomIn\" data-animationDuration=\"0.7\" data-animationOffset=\"top-into-view\"><div class=\"fusion-column-wrapper fusion-column-has-shadow fusion-flex-column-wrapper-legacy\"><div class=\"fusion-clearfix\"><\/div><\/div><\/div><\/div><\/div><div class=\"fusion-bg-parallax\" data-bg-align=\"center center\" data-direction=\"left\" data-mute=\"false\" data-opacity=\"100\" data-velocity=\"-0.8\" data-mobile-enabled=\"true\" data-break_parents=\"0\" data-bg-image=\"http:\/\/csl.org\/wp-content\/uploads\/sites\/8\/2019\/05\/people-reading.jpg\" data-bg-repeat=\"false\" ><\/div><div class=\"fusion-fullwidth fullwidth-box fusion-builder-row-2 fusion-parallax-left gradient-container-2 nonhundred-percent-fullwidth non-hundred-percent-height-scrolling\" style=\"--awb-border-radius-top-left:0px;--awb-border-radius-top-right:0px;--awb-border-radius-bottom-right:0px;--awb-border-radius-bottom-left:0px;--awb-background-image:url(&quot;http:\/\/csl.org\/wp-content\/uploads\/sites\/8\/2019\/05\/people-reading.jpg&quot;);--awb-background-size:cover;--awb-flex-wrap:wrap;\" ><div class=\"fusion-builder-row fusion-row\"><div class=\"fusion-layout-column fusion_builder_column fusion-builder-column-14 fusion_builder_column_1_1 1_1 fusion-one-full fusion-column-first fusion-column-last\" style=\"--awb-padding-top:250px;--awb-padding-right:200px;--awb-padding-bottom:250px;--awb-padding-left:200px;--awb-bg-size:cover;\"><div class=\"fusion-column-wrapper fusion-column-has-shadow fusion-flex-column-wrapper-legacy\"><div class=\"fusion-clearfix\"><\/div><\/div><\/div><\/div><\/div><\/p>\n","protected":false},"excerpt":{"rendered":"","protected":false},"author":1,"featured_media":0,"parent":5025,"menu_order":146,"comment_status":"closed","ping_status":"closed","template":"","meta":{"_exactmetrics_skip_tracking":false,"_exactmetrics_sitenote_active":false,"_exactmetrics_sitenote_note":"","_exactmetrics_sitenote_category":0,"footnotes":""},"categories":[86],"tags":[],"class_list":["post-5355","page","type-page","status-publish","hentry","category-gemeinschaft-de"],"yoast_head":"<!-- This site is optimized with the Yoast SEO plugin v23.1 - https:\/\/yoast.com\/wordpress\/plugins\/seo\/ -->\n<title>Globale Treffen und Klassen - Global Services - Centers for Spiritual Living<\/title>\n<meta name=\"robots\" content=\"index, follow, max-snippet:-1, max-image-preview:large, max-video-preview:-1\" \/>\n<link rel=\"canonical\" href=\"https:\/\/csl.org\/global\/de\/gemeinschaft\/globale-treffen-und-klassen\/\" \/>\n<meta property=\"og:locale\" content=\"en_US\" \/>\n<meta property=\"og:type\" content=\"article\" \/>\n<meta property=\"og:title\" content=\"Globale Treffen und Klassen - Global Services - Centers for Spiritual Living\" \/>\n<meta property=\"og:url\" content=\"https:\/\/csl.org\/global\/de\/gemeinschaft\/globale-treffen-und-klassen\/\" \/>\n<meta property=\"og:site_name\" content=\"Global Services - Centers for Spiritual Living\" \/>\n<meta property=\"article:modified_time\" content=\"2020-07-24T08:21:46+00:00\" \/>\n<meta property=\"og:image\" content=\"http:\/\/csl.org\/wp-content\/uploads\/sites\/8\/2019\/05\/feet-1-600x450.jpg\" \/>\n<meta name=\"twitter:card\" content=\"summary_large_image\" \/>\n<meta name=\"twitter:label1\" content=\"Est. reading time\" \/>\n\t<meta name=\"twitter:data1\" content=\"14 minutes\" \/>\n<script type=\"application\/ld+json\" class=\"yoast-schema-graph\">{\"@context\":\"https:\/\/schema.org\",\"@graph\":[{\"@type\":\"WebPage\",\"@id\":\"https:\/\/csl.org\/global\/de\/gemeinschaft\/globale-treffen-und-klassen\/\",\"url\":\"https:\/\/csl.org\/global\/de\/gemeinschaft\/globale-treffen-und-klassen\/\",\"name\":\"Globale Treffen und Klassen - Global Services - Centers for Spiritual Living\",\"isPartOf\":{\"@id\":\"https:\/\/csl.org\/global\/de\/#website\"},\"primaryImageOfPage\":{\"@id\":\"https:\/\/csl.org\/global\/de\/gemeinschaft\/globale-treffen-und-klassen\/#primaryimage\"},\"image\":{\"@id\":\"https:\/\/csl.org\/global\/de\/gemeinschaft\/globale-treffen-und-klassen\/#primaryimage\"},\"thumbnailUrl\":\"http:\/\/csl.org\/wp-content\/uploads\/sites\/8\/2019\/05\/feet-1-600x450.jpg\",\"datePublished\":\"2020-02-24T13:18:41+00:00\",\"dateModified\":\"2020-07-24T08:21:46+00:00\",\"breadcrumb\":{\"@id\":\"https:\/\/csl.org\/global\/de\/gemeinschaft\/globale-treffen-und-klassen\/#breadcrumb\"},\"inLanguage\":\"en-US\",\"potentialAction\":[{\"@type\":\"ReadAction\",\"target\":[\"https:\/\/csl.org\/global\/de\/gemeinschaft\/globale-treffen-und-klassen\/\"]}]},{\"@type\":\"ImageObject\",\"inLanguage\":\"en-US\",\"@id\":\"https:\/\/csl.org\/global\/de\/gemeinschaft\/globale-treffen-und-klassen\/#primaryimage\",\"url\":\"http:\/\/csl.org\/wp-content\/uploads\/sites\/8\/2019\/05\/feet-1-600x450.jpg\",\"contentUrl\":\"http:\/\/csl.org\/wp-content\/uploads\/sites\/8\/2019\/05\/feet-1-600x450.jpg\"},{\"@type\":\"BreadcrumbList\",\"@id\":\"https:\/\/csl.org\/global\/de\/gemeinschaft\/globale-treffen-und-klassen\/#breadcrumb\",\"itemListElement\":[{\"@type\":\"ListItem\",\"position\":1,\"name\":\"GEMEINSCHAFT\",\"item\":\"https:\/\/csl.org\/global\/de\/gemeinschaft\/\"},{\"@type\":\"ListItem\",\"position\":2,\"name\":\"Globale Treffen und Klassen\"}]},{\"@type\":\"WebSite\",\"@id\":\"https:\/\/csl.org\/global\/de\/#website\",\"url\":\"https:\/\/csl.org\/global\/de\/\",\"name\":\"Global Services - Centers for Spiritual Living\",\"description\":\"\",\"potentialAction\":[{\"@type\":\"SearchAction\",\"target\":{\"@type\":\"EntryPoint\",\"urlTemplate\":\"https:\/\/csl.org\/global\/de\/?s={search_term_string}\"},\"query-input\":\"required name=search_term_string\"}],\"inLanguage\":\"en-US\"}]}<\/script>\n<!-- \/ Yoast SEO plugin. -->","yoast_head_json":{"title":"Globale Treffen und Klassen - Global Services - Centers for Spiritual Living","robots":{"index":"index","follow":"follow","max-snippet":"max-snippet:-1","max-image-preview":"max-image-preview:large","max-video-preview":"max-video-preview:-1"},"canonical":"https:\/\/csl.org\/global\/de\/gemeinschaft\/globale-treffen-und-klassen\/","og_locale":"en_US","og_type":"article","og_title":"Globale Treffen und Klassen - Global Services - Centers for Spiritual Living","og_url":"https:\/\/csl.org\/global\/de\/gemeinschaft\/globale-treffen-und-klassen\/","og_site_name":"Global Services - Centers for Spiritual Living","article_modified_time":"2020-07-24T08:21:46+00:00","og_image":[{"url":"http:\/\/csl.org\/wp-content\/uploads\/sites\/8\/2019\/05\/feet-1-600x450.jpg"}],"twitter_card":"summary_large_image","twitter_misc":{"Est. reading time":"14 minutes"},"schema":{"@context":"https:\/\/schema.org","@graph":[{"@type":"WebPage","@id":"https:\/\/csl.org\/global\/de\/gemeinschaft\/globale-treffen-und-klassen\/","url":"https:\/\/csl.org\/global\/de\/gemeinschaft\/globale-treffen-und-klassen\/","name":"Globale Treffen und Klassen - Global Services - Centers for Spiritual Living","isPartOf":{"@id":"https:\/\/csl.org\/global\/de\/#website"},"primaryImageOfPage":{"@id":"https:\/\/csl.org\/global\/de\/gemeinschaft\/globale-treffen-und-klassen\/#primaryimage"},"image":{"@id":"https:\/\/csl.org\/global\/de\/gemeinschaft\/globale-treffen-und-klassen\/#primaryimage"},"thumbnailUrl":"http:\/\/csl.org\/wp-content\/uploads\/sites\/8\/2019\/05\/feet-1-600x450.jpg","datePublished":"2020-02-24T13:18:41+00:00","dateModified":"2020-07-24T08:21:46+00:00","breadcrumb":{"@id":"https:\/\/csl.org\/global\/de\/gemeinschaft\/globale-treffen-und-klassen\/#breadcrumb"},"inLanguage":"en-US","potentialAction":[{"@type":"ReadAction","target":["https:\/\/csl.org\/global\/de\/gemeinschaft\/globale-treffen-und-klassen\/"]}]},{"@type":"ImageObject","inLanguage":"en-US","@id":"https:\/\/csl.org\/global\/de\/gemeinschaft\/globale-treffen-und-klassen\/#primaryimage","url":"http:\/\/csl.org\/wp-content\/uploads\/sites\/8\/2019\/05\/feet-1-600x450.jpg","contentUrl":"http:\/\/csl.org\/wp-content\/uploads\/sites\/8\/2019\/05\/feet-1-600x450.jpg"},{"@type":"BreadcrumbList","@id":"https:\/\/csl.org\/global\/de\/gemeinschaft\/globale-treffen-und-klassen\/#breadcrumb","itemListElement":[{"@type":"ListItem","position":1,"name":"GEMEINSCHAFT","item":"https:\/\/csl.org\/global\/de\/gemeinschaft\/"},{"@type":"ListItem","position":2,"name":"Globale Treffen und Klassen"}]},{"@type":"WebSite","@id":"https:\/\/csl.org\/global\/de\/#website","url":"https:\/\/csl.org\/global\/de\/","name":"Global Services - Centers for Spiritual Living","description":"","potentialAction":[{"@type":"SearchAction","target":{"@type":"EntryPoint","urlTemplate":"https:\/\/csl.org\/global\/de\/?s={search_term_string}"},"query-input":"required name=search_term_string"}],"inLanguage":"en-US"}]}},"_links":{"self":[{"href":"https:\/\/csl.org\/global\/wp-json\/wp\/v2\/pages\/5355"}],"collection":[{"href":"https:\/\/csl.org\/global\/wp-json\/wp\/v2\/pages"}],"about":[{"href":"https:\/\/csl.org\/global\/wp-json\/wp\/v2\/types\/page"}],"author":[{"embeddable":true,"href":"https:\/\/csl.org\/global\/wp-json\/wp\/v2\/users\/1"}],"replies":[{"embeddable":true,"href":"https:\/\/csl.org\/global\/wp-json\/wp\/v2\/comments?post=5355"}],"version-history":[{"count":14,"href":"https:\/\/csl.org\/global\/wp-json\/wp\/v2\/pages\/5355\/revisions"}],"predecessor-version":[{"id":7244,"href":"https:\/\/csl.org\/global\/wp-json\/wp\/v2\/pages\/5355\/revisions\/7244"}],"up":[{"embeddable":true,"href":"https:\/\/csl.org\/global\/wp-json\/wp\/v2\/pages\/5025"}],"wp:attachment":[{"href":"https:\/\/csl.org\/global\/wp-json\/wp\/v2\/media?parent=5355"}],"wp:term":[{"taxonomy":"category","embeddable":true,"href":"https:\/\/csl.org\/global\/wp-json\/wp\/v2\/categories?post=5355"},{"taxonomy":"post_tag","embeddable":true,"href":"https:\/\/csl.org\/global\/wp-json\/wp\/v2\/tags?post=5355"}],"curies":[{"name":"wp","href":"https:\/\/api.w.org\/{rel}","templated":true}]}}