{"id":5363,"date":"2020-02-24T14:16:00","date_gmt":"2020-02-24T14:16:00","guid":{"rendered":"https:\/\/csl.org\/global\/ressourcen\/erstellen-einer-gruppe-fuer-die-wissenschaft-des-geistes\/klassen-und-diskussionsmaterial\/"},"modified":"2020-09-04T12:47:44","modified_gmt":"2020-09-04T12:47:44","slug":"klassen-und-diskussionsmaterial","status":"publish","type":"page","link":"https:\/\/csl.org\/global\/ressourcen\/erstellen-einer-gruppe-fuer-die-wissenschaft-des-geistes\/klassen-und-diskussionsmaterial\/","title":{"rendered":"Klassen und Diskussionsmaterial"},"content":{"rendered":"<p><div class=\"fusion-fullwidth fullwidth-box fusion-builder-row-1 gradient-container-1 nonhundred-percent-fullwidth non-hundred-percent-height-scrolling\" style=\"--awb-border-radius-top-left:0px;--awb-border-radius-top-right:0px;--awb-border-radius-bottom-right:0px;--awb-border-radius-bottom-left:0px;--awb-background-color:#ffffff;--awb-flex-wrap:wrap;\" ><div class=\"fusion-builder-row fusion-row\"><div class=\"fusion-layout-column fusion_builder_column fusion-builder-column-0 fusion_builder_column_1_1 1_1 fusion-one-full fusion-column-first fusion-column-last fusion-animated\" style=\"--awb-padding-top:50px;--awb-padding-right:3%;--awb-padding-bottom:50px;--awb-padding-left:3%;--awb-bg-color:#ffffff;--awb-bg-color-hover:#ffffff;--awb-bg-size:cover;\" data-animationType=\"fadeInLeft\" data-animationDuration=\"0.3\" data-animationOffset=\"top-into-view\"><div class=\"fusion-column-wrapper fusion-column-has-shadow fusion-flex-column-wrapper-legacy\"><div class=\"fusion-text fusion-text-1\"><h1>Klassen und Diskussionsmaterial<\/h1>\n<p><img fetchpriority=\"high\" decoding=\"async\" class=\"size-fusion-400 wp-image-2288 alignright\" src=\"http:\/\/csl.org\/wp-content\/uploads\/sites\/8\/2019\/05\/completing-the-puzzle-400x254.jpg\" alt=\"\" width=\"400\" height=\"254\" srcset=\"https:\/\/csl.org\/global\/wp-content\/uploads\/sites\/8\/2019\/05\/completing-the-puzzle-200x127.jpg 200w, https:\/\/csl.org\/global\/wp-content\/uploads\/sites\/8\/2019\/05\/completing-the-puzzle-300x190.jpg 300w, https:\/\/csl.org\/global\/wp-content\/uploads\/sites\/8\/2019\/05\/completing-the-puzzle-320x202.jpg 320w, https:\/\/csl.org\/global\/wp-content\/uploads\/sites\/8\/2019\/05\/completing-the-puzzle-400x254.jpg 400w, https:\/\/csl.org\/global\/wp-content\/uploads\/sites\/8\/2019\/05\/completing-the-puzzle-600x381.jpg 600w, https:\/\/csl.org\/global\/wp-content\/uploads\/sites\/8\/2019\/05\/completing-the-puzzle-768x488.jpg 768w, https:\/\/csl.org\/global\/wp-content\/uploads\/sites\/8\/2019\/05\/completing-the-puzzle-800x508.jpg 800w, https:\/\/csl.org\/global\/wp-content\/uploads\/sites\/8\/2019\/05\/completing-the-puzzle-1024x650.jpg 1024w, https:\/\/csl.org\/global\/wp-content\/uploads\/sites\/8\/2019\/05\/completing-the-puzzle-1200x762.jpg 1200w, https:\/\/csl.org\/global\/wp-content\/uploads\/sites\/8\/2019\/05\/completing-the-puzzle.jpg 1920w\" sizes=\"(max-width: 400px) 100vw, 400px\" \/>Centers for Spiritual Living hat allen unseren Gruppenleitern eine betr\u00e4chtliche Menge an kostenlosem Material zur Verf\u00fcgung gestellt, um Ihnen zu helfen, die Prinzipien der Wissenschaft von Geist und Seele zu lehren und zu diskutieren.<\/p>\n<p>Mehr Material wird st\u00e4ndig hinzugef\u00fcgt.<\/p>\n<p><em>Hinweis: Um auf die folgenden Informationen zugreifen zu k\u00f6nnen, ben\u00f6tigen Sie einen Benutzernamen und ein Passwort. Wenn Sie ein registrierter Gruppenleiter sind und keinen Benutzernamen und kein Passwort haben, wenden Sie sich bitte an <a href=\"ma&#105;&#108;&#x74;&#x6f;&#x3a;&#x6d;qu&#105;&#110;&#x74;&#x61;&#x6e;&#x61;&#64;c&#115;&#108;&#46;&#x6f;&#x72;&#x67;\">&#x6d;&#x71;&#117;i&#x6e;&#x74;&#x61;&#110;a&#x40;&#x63;&#x73;&#108;&#46;&#x6f;&#x72;&#x67;<\/a>, um einen solchen anzufordern.<\/em><\/p>\n<p style=\"text-align: left;\"><strong>Dinge, die Sie auf <a href=\"https:\/\/ourcsl.org\/resources\/spiritual-group-discussion-resources\" target=\"_blank\" rel=\"noopener noreferrer\">dieser Seite<\/a>\u00a0abrufen und herunterladen k\u00f6nnen:<\/strong><\/p>\n<ul>\n<li>Diskussionsleitf\u00e4den zu den B\u00fcchern von Ernest Holmes<\/li>\n<li>Grundlegende einf\u00fchrende Wissenschaft des Geistes Klasse<\/li>\n<li>Verschiedenes Diskussions- und Unterrichtsmaterial<\/li>\n<li>Ein Arbeitsbuch zur Lebensplanung<\/li>\n<\/ul>\n<p><strong>Dinge, die Sie auf\u00a0<a href=\"https:\/\/ourcsl.org\/resources\/spiritual-living-circles\" target=\"_blank\" rel=\"noopener noreferrer\">dieser Seite<\/a> abrufen und herunterladen k\u00f6nnen<\/strong>:<\/p>\n<ul>\n<li>Informationen zur Gr\u00fcndung eines spirituellen Lebenskreises<\/li>\n<li>Ein Archiv der Gespr\u00e4chsleitf\u00e4den des Spiritual Living Cirlce.<\/li>\n<\/ul>\n<p><strong>Dinge, die Sie auf <a href=\"https:\/\/ourcsl.org\/documentos-espanoles\/recursos\" target=\"_blank\" rel=\"noopener noreferrer\">dieser Seite<\/a> abrufen und herunterladen k\u00f6nnen<\/strong>:<\/p>\n<ul>\n<li>Spanischsprachige Diskussionsleitf\u00e4den f\u00fcr Ernest Holmes B\u00fccher<\/li>\n<\/ul>\n<p>&nbsp;<\/p>\n<\/div><div class=\"fusion-clearfix\"><\/div><\/div><\/div><\/div><\/div><div class=\"fusion-bg-parallax\" data-bg-align=\"center center\" data-direction=\"left\" data-mute=\"false\" data-opacity=\"100\" data-velocity=\"-0.7\" data-mobile-enabled=\"true\" data-break_parents=\"0\" data-bg-image=\"http:\/\/csl.org\/wp-content\/uploads\/sites\/8\/2019\/05\/snails-1024x678.jpg\" data-bg-repeat=\"false\" ><\/div><div class=\"fusion-fullwidth fullwidth-box fusion-builder-row-2 fusion-parallax-left gradient-container-2 nonhundred-percent-fullwidth non-hundred-percent-height-scrolling\" style=\"--awb-border-radius-top-left:0px;--awb-border-radius-top-right:0px;--awb-border-radius-bottom-right:0px;--awb-border-radius-bottom-left:0px;--awb-background-image:url(&quot;http:\/\/csl.org\/wp-content\/uploads\/sites\/8\/2019\/05\/snails-1024x678.jpg&quot;);--awb-background-size:cover;--awb-flex-wrap:wrap;\" ><div class=\"fusion-builder-row fusion-row\"><div class=\"fusion-layout-column fusion_builder_column fusion-builder-column-1 fusion_builder_column_1_1 1_1 fusion-one-full fusion-column-first fusion-column-last\" style=\"--awb-padding-top:250px;--awb-padding-right:200px;--awb-padding-bottom:250px;--awb-padding-left:200px;--awb-bg-size:cover;\"><div class=\"fusion-column-wrapper fusion-column-has-shadow fusion-flex-column-wrapper-legacy\"><div class=\"fusion-clearfix\"><\/div><\/div><\/div><\/div><\/div><\/p>\n","protected":false},"excerpt":{"rendered":"","protected":false},"author":1,"featured_media":0,"parent":5325,"menu_order":42,"comment_status":"closed","ping_status":"closed","template":"100-width.php","meta":{"_exactmetrics_skip_tracking":false,"_exactmetrics_sitenote_active":false,"_exactmetrics_sitenote_note":"","_exactmetrics_sitenote_category":0,"footnotes":""},"categories":[89],"tags":[],"class_list":["post-5363","page","type-page","status-publish","hentry","category-ressourcen-de"],"yoast_head":"<!-- This site is optimized with the Yoast SEO plugin v23.1 - https:\/\/yoast.com\/wordpress\/plugins\/seo\/ -->\n<title>Klassen und Diskussionsmaterial - Global Services - Centers for Spiritual Living<\/title>\n<meta name=\"robots\" content=\"index, follow, max-snippet:-1, max-image-preview:large, max-video-preview:-1\" \/>\n<link rel=\"canonical\" href=\"https:\/\/csl.org\/global\/de\/ressourcen\/erstellen-einer-gruppe-fuer-die-wissenschaft-des-geistes\/klassen-und-diskussionsmaterial\/\" \/>\n<meta property=\"og:locale\" content=\"en_US\" \/>\n<meta property=\"og:type\" content=\"article\" \/>\n<meta property=\"og:title\" content=\"Klassen und Diskussionsmaterial - Global Services - Centers for Spiritual Living\" \/>\n<meta property=\"og:url\" content=\"https:\/\/csl.org\/global\/de\/ressourcen\/erstellen-einer-gruppe-fuer-die-wissenschaft-des-geistes\/klassen-und-diskussionsmaterial\/\" \/>\n<meta property=\"og:site_name\" content=\"Global Services - Centers for Spiritual Living\" \/>\n<meta property=\"article:modified_time\" content=\"2020-09-04T12:47:44+00:00\" \/>\n<meta property=\"og:image\" content=\"http:\/\/csl.org\/wp-content\/uploads\/sites\/8\/2019\/05\/completing-the-puzzle-400x254.jpg\" \/>\n<meta name=\"twitter:card\" content=\"summary_large_image\" \/>\n<meta name=\"twitter:label1\" content=\"Est. reading time\" \/>\n\t<meta name=\"twitter:data1\" content=\"4 minutes\" \/>\n<script type=\"application\/ld+json\" class=\"yoast-schema-graph\">{\"@context\":\"https:\/\/schema.org\",\"@graph\":[{\"@type\":\"WebPage\",\"@id\":\"https:\/\/csl.org\/global\/de\/ressourcen\/erstellen-einer-gruppe-fuer-die-wissenschaft-des-geistes\/klassen-und-diskussionsmaterial\/\",\"url\":\"https:\/\/csl.org\/global\/de\/ressourcen\/erstellen-einer-gruppe-fuer-die-wissenschaft-des-geistes\/klassen-und-diskussionsmaterial\/\",\"name\":\"Klassen und Diskussionsmaterial - Global Services - Centers for Spiritual Living\",\"isPartOf\":{\"@id\":\"https:\/\/csl.org\/global\/de\/#website\"},\"primaryImageOfPage\":{\"@id\":\"https:\/\/csl.org\/global\/de\/ressourcen\/erstellen-einer-gruppe-fuer-die-wissenschaft-des-geistes\/klassen-und-diskussionsmaterial\/#primaryimage\"},\"image\":{\"@id\":\"https:\/\/csl.org\/global\/de\/ressourcen\/erstellen-einer-gruppe-fuer-die-wissenschaft-des-geistes\/klassen-und-diskussionsmaterial\/#primaryimage\"},\"thumbnailUrl\":\"http:\/\/csl.org\/wp-content\/uploads\/sites\/8\/2019\/05\/completing-the-puzzle-400x254.jpg\",\"datePublished\":\"2020-02-24T14:16:00+00:00\",\"dateModified\":\"2020-09-04T12:47:44+00:00\",\"breadcrumb\":{\"@id\":\"https:\/\/csl.org\/global\/de\/ressourcen\/erstellen-einer-gruppe-fuer-die-wissenschaft-des-geistes\/klassen-und-diskussionsmaterial\/#breadcrumb\"},\"inLanguage\":\"en-US\",\"potentialAction\":[{\"@type\":\"ReadAction\",\"target\":[\"https:\/\/csl.org\/global\/de\/ressourcen\/erstellen-einer-gruppe-fuer-die-wissenschaft-des-geistes\/klassen-und-diskussionsmaterial\/\"]}]},{\"@type\":\"ImageObject\",\"inLanguage\":\"en-US\",\"@id\":\"https:\/\/csl.org\/global\/de\/ressourcen\/erstellen-einer-gruppe-fuer-die-wissenschaft-des-geistes\/klassen-und-diskussionsmaterial\/#primaryimage\",\"url\":\"http:\/\/csl.org\/wp-content\/uploads\/sites\/8\/2019\/05\/completing-the-puzzle-400x254.jpg\",\"contentUrl\":\"http:\/\/csl.org\/wp-content\/uploads\/sites\/8\/2019\/05\/completing-the-puzzle-400x254.jpg\"},{\"@type\":\"BreadcrumbList\",\"@id\":\"https:\/\/csl.org\/global\/de\/ressourcen\/erstellen-einer-gruppe-fuer-die-wissenschaft-des-geistes\/klassen-und-diskussionsmaterial\/#breadcrumb\",\"itemListElement\":[{\"@type\":\"ListItem\",\"position\":1,\"name\":\"RESSOURCEN\",\"item\":\"https:\/\/csl.org\/global\/de\/ressourcen\/\"},{\"@type\":\"ListItem\",\"position\":2,\"name\":\"Erstellen einer Gruppe f\u00fcr die Wissenschaft des Geistes\",\"item\":\"https:\/\/csl.org\/global\/de\/ressourcen\/erstellen-einer-gruppe-fuer-die-wissenschaft-des-geistes\/\"},{\"@type\":\"ListItem\",\"position\":3,\"name\":\"Klassen und Diskussionsmaterial\"}]},{\"@type\":\"WebSite\",\"@id\":\"https:\/\/csl.org\/global\/de\/#website\",\"url\":\"https:\/\/csl.org\/global\/de\/\",\"name\":\"Global Services - Centers for Spiritual Living\",\"description\":\"\",\"potentialAction\":[{\"@type\":\"SearchAction\",\"target\":{\"@type\":\"EntryPoint\",\"urlTemplate\":\"https:\/\/csl.org\/global\/de\/?s={search_term_string}\"},\"query-input\":\"required name=search_term_string\"}],\"inLanguage\":\"en-US\"}]}<\/script>\n<!-- \/ Yoast SEO plugin. -->","yoast_head_json":{"title":"Klassen und Diskussionsmaterial - Global Services - Centers for Spiritual Living","robots":{"index":"index","follow":"follow","max-snippet":"max-snippet:-1","max-image-preview":"max-image-preview:large","max-video-preview":"max-video-preview:-1"},"canonical":"https:\/\/csl.org\/global\/de\/ressourcen\/erstellen-einer-gruppe-fuer-die-wissenschaft-des-geistes\/klassen-und-diskussionsmaterial\/","og_locale":"en_US","og_type":"article","og_title":"Klassen und Diskussionsmaterial - Global Services - Centers for Spiritual Living","og_url":"https:\/\/csl.org\/global\/de\/ressourcen\/erstellen-einer-gruppe-fuer-die-wissenschaft-des-geistes\/klassen-und-diskussionsmaterial\/","og_site_name":"Global Services - Centers for Spiritual Living","article_modified_time":"2020-09-04T12:47:44+00:00","og_image":[{"url":"http:\/\/csl.org\/wp-content\/uploads\/sites\/8\/2019\/05\/completing-the-puzzle-400x254.jpg"}],"twitter_card":"summary_large_image","twitter_misc":{"Est. reading time":"4 minutes"},"schema":{"@context":"https:\/\/schema.org","@graph":[{"@type":"WebPage","@id":"https:\/\/csl.org\/global\/de\/ressourcen\/erstellen-einer-gruppe-fuer-die-wissenschaft-des-geistes\/klassen-und-diskussionsmaterial\/","url":"https:\/\/csl.org\/global\/de\/ressourcen\/erstellen-einer-gruppe-fuer-die-wissenschaft-des-geistes\/klassen-und-diskussionsmaterial\/","name":"Klassen und Diskussionsmaterial - Global Services - Centers for Spiritual Living","isPartOf":{"@id":"https:\/\/csl.org\/global\/de\/#website"},"primaryImageOfPage":{"@id":"https:\/\/csl.org\/global\/de\/ressourcen\/erstellen-einer-gruppe-fuer-die-wissenschaft-des-geistes\/klassen-und-diskussionsmaterial\/#primaryimage"},"image":{"@id":"https:\/\/csl.org\/global\/de\/ressourcen\/erstellen-einer-gruppe-fuer-die-wissenschaft-des-geistes\/klassen-und-diskussionsmaterial\/#primaryimage"},"thumbnailUrl":"http:\/\/csl.org\/wp-content\/uploads\/sites\/8\/2019\/05\/completing-the-puzzle-400x254.jpg","datePublished":"2020-02-24T14:16:00+00:00","dateModified":"2020-09-04T12:47:44+00:00","breadcrumb":{"@id":"https:\/\/csl.org\/global\/de\/ressourcen\/erstellen-einer-gruppe-fuer-die-wissenschaft-des-geistes\/klassen-und-diskussionsmaterial\/#breadcrumb"},"inLanguage":"en-US","potentialAction":[{"@type":"ReadAction","target":["https:\/\/csl.org\/global\/de\/ressourcen\/erstellen-einer-gruppe-fuer-die-wissenschaft-des-geistes\/klassen-und-diskussionsmaterial\/"]}]},{"@type":"ImageObject","inLanguage":"en-US","@id":"https:\/\/csl.org\/global\/de\/ressourcen\/erstellen-einer-gruppe-fuer-die-wissenschaft-des-geistes\/klassen-und-diskussionsmaterial\/#primaryimage","url":"http:\/\/csl.org\/wp-content\/uploads\/sites\/8\/2019\/05\/completing-the-puzzle-400x254.jpg","contentUrl":"http:\/\/csl.org\/wp-content\/uploads\/sites\/8\/2019\/05\/completing-the-puzzle-400x254.jpg"},{"@type":"BreadcrumbList","@id":"https:\/\/csl.org\/global\/de\/ressourcen\/erstellen-einer-gruppe-fuer-die-wissenschaft-des-geistes\/klassen-und-diskussionsmaterial\/#breadcrumb","itemListElement":[{"@type":"ListItem","position":1,"name":"RESSOURCEN","item":"https:\/\/csl.org\/global\/de\/ressourcen\/"},{"@type":"ListItem","position":2,"name":"Erstellen einer Gruppe f\u00fcr die Wissenschaft des Geistes","item":"https:\/\/csl.org\/global\/de\/ressourcen\/erstellen-einer-gruppe-fuer-die-wissenschaft-des-geistes\/"},{"@type":"ListItem","position":3,"name":"Klassen und Diskussionsmaterial"}]},{"@type":"WebSite","@id":"https:\/\/csl.org\/global\/de\/#website","url":"https:\/\/csl.org\/global\/de\/","name":"Global Services - Centers for Spiritual Living","description":"","potentialAction":[{"@type":"SearchAction","target":{"@type":"EntryPoint","urlTemplate":"https:\/\/csl.org\/global\/de\/?s={search_term_string}"},"query-input":"required name=search_term_string"}],"inLanguage":"en-US"}]}},"_links":{"self":[{"href":"https:\/\/csl.org\/global\/wp-json\/wp\/v2\/pages\/5363"}],"collection":[{"href":"https:\/\/csl.org\/global\/wp-json\/wp\/v2\/pages"}],"about":[{"href":"https:\/\/csl.org\/global\/wp-json\/wp\/v2\/types\/page"}],"author":[{"embeddable":true,"href":"https:\/\/csl.org\/global\/wp-json\/wp\/v2\/users\/1"}],"replies":[{"embeddable":true,"href":"https:\/\/csl.org\/global\/wp-json\/wp\/v2\/comments?post=5363"}],"version-history":[{"count":1,"href":"https:\/\/csl.org\/global\/wp-json\/wp\/v2\/pages\/5363\/revisions"}],"predecessor-version":[{"id":8893,"href":"https:\/\/csl.org\/global\/wp-json\/wp\/v2\/pages\/5363\/revisions\/8893"}],"up":[{"embeddable":true,"href":"https:\/\/csl.org\/global\/wp-json\/wp\/v2\/pages\/5325"}],"wp:attachment":[{"href":"https:\/\/csl.org\/global\/wp-json\/wp\/v2\/media?parent=5363"}],"wp:term":[{"taxonomy":"category","embeddable":true,"href":"https:\/\/csl.org\/global\/wp-json\/wp\/v2\/categories?post=5363"},{"taxonomy":"post_tag","embeddable":true,"href":"https:\/\/csl.org\/global\/wp-json\/wp\/v2\/tags?post=5363"}],"curies":[{"name":"wp","href":"https:\/\/api.w.org\/{rel}","templated":true}]}}