{"id":5471,"date":"2020-03-13T12:17:04","date_gmt":"2020-03-13T12:17:04","guid":{"rendered":"https:\/\/csl.org\/global\/recursos\/prueba-de-traduccion-pagina-01\/"},"modified":"2020-05-18T16:01:46","modified_gmt":"2020-05-18T16:01:46","slug":"prueba-de-traduccion-pagina-01","status":"publish","type":"page","link":"https:\/\/csl.org\/global\/recursos\/prueba-de-traduccion-pagina-01\/","title":{"rendered":"PRUEBA DE TRADUCCI\u00d3N P\u00c1GINA 01"},"content":{"rendered":"<p><div class=\"fusion-fullwidth fullwidth-box fusion-builder-row-1 gradient-container-1 nonhundred-percent-fullwidth non-hundred-percent-height-scrolling\" style=\"--awb-border-radius-top-left:0px;--awb-border-radius-top-right:0px;--awb-border-radius-bottom-right:0px;--awb-border-radius-bottom-left:0px;--awb-background-color:#ffffff;--awb-flex-wrap:wrap;\" ><div class=\"fusion-builder-row fusion-row\"><div class=\"fusion-layout-column fusion_builder_column fusion-builder-column-0 fusion_builder_column_1_1 1_1 fusion-one-full fusion-column-first fusion-column-last fusion-animated\" style=\"--awb-padding-top:50px;--awb-padding-right:3%;--awb-padding-bottom:50px;--awb-padding-left:3%;--awb-bg-color:#ffffff;--awb-bg-color-hover:#ffffff;--awb-bg-size:cover;\" data-animationType=\"fadeInLeft\" data-animationDuration=\"0.3\" data-animationOffset=\"top-into-view\"><div class=\"fusion-column-wrapper fusion-column-has-shadow fusion-flex-column-wrapper-legacy\"><div class=\"fusion-text fusion-text-1\"><h1>Iniciar un grupo de Ciencia de la Mente\u00a0<\/h1>\n<p><img fetchpriority=\"high\" decoding=\"async\" class=\"size-400 wp-image-2362 alignleft\" src=\"http:\/\/csl.org\/wp-content\/uploads\/sites\/8\/2019\/05\/achievement-3-400x286.jpg\" alt=\"\" width=\"400\" height=\"286\" srcset=\"https:\/\/csl.org\/global\/wp-content\/uploads\/sites\/8\/2019\/05\/achievement-3-200x143.jpg 200w, https:\/\/csl.org\/global\/wp-content\/uploads\/sites\/8\/2019\/05\/achievement-3-300x214.jpg 300w, https:\/\/csl.org\/global\/wp-content\/uploads\/sites\/8\/2019\/05\/achievement-3-400x286.jpg 400w, https:\/\/csl.org\/global\/wp-content\/uploads\/sites\/8\/2019\/05\/achievement-3-600x428.jpg 600w, https:\/\/csl.org\/global\/wp-content\/uploads\/sites\/8\/2019\/05\/achievement-3-768x548.jpg 768w, https:\/\/csl.org\/global\/wp-content\/uploads\/sites\/8\/2019\/05\/achievement-3-800x571.jpg 800w, https:\/\/csl.org\/global\/wp-content\/uploads\/sites\/8\/2019\/05\/achievement-3-1024x731.jpg 1024w, https:\/\/csl.org\/global\/wp-content\/uploads\/sites\/8\/2019\/05\/achievement-3-1200x857.jpg 1200w, https:\/\/csl.org\/global\/wp-content\/uploads\/sites\/8\/2019\/05\/achievement-3.jpg 1920w\" sizes=\"(max-width: 400px) 100vw, 400px\" \/>Gracias por su inter\u00e9s en iniciar un Grupo de Ciencia de la Mente! Nos gustar\u00eda ayudarte a empezar y a que sepas lo que est\u00e1s haciendo para que personas interesadas en el tema puedan comunicarse contigo. La informaci\u00f3n en esta p\u00e1gina es para ayudarte a establecerte y entonces puedas aparecer en nuestra lista. Sin embargo, tambi\u00e9n tenemos recursos disponibles en este sitio web para ayudarte a crear <a href=\"http:\/\/csl.org\/global\/es\/recursos\/creacion-de-un-grupo-de-ciencia-de-la-mente\/clases-y-material-de-discusion\/\" rel=\"noopener noreferrer\">grupos tanto de clases como de discusi\u00f3n<\/a>, <a href=\"http:\/\/csl.org\/global\/es\/recursos\/creacion-de-un-grupo-de-ciencia-de-la-mente\/ideas-para-el-crecimiento-de-su-grupo\/\" rel=\"noopener noreferrer\">ayudarte a que tu grupo crezca<\/a> y<a href=\"http:\/\/csl.org\/global\/es\/recursos\/creacion-de-un-grupo-de-ciencia-de-la-mente\/conectese-con-otros-lideres-de-grupo\/\" rel=\"noopener noreferrer\"> a encontrarte con otros l\u00edderes de grupo<\/a>. Tambi\u00e9n hay buenos recursos disponibles para ayudarte en la comprensi\u00f3n de <a href=\"http:\/\/csl.org\/global\/es\/recursos\/recursos-para-la-ciencia-de-la-mente\/\"><span style=\"color: #0000ff\">Ciencia de la Mente<\/span><\/a>.<\/p>\n<p>Hay diferentes tipos de grupos o comunidades que se describen aqu\u00ed:<\/p>\n<h2>C\u00edrculos de Vida Espiritual<\/h2>\n<p>Cualquiera puede comenzar un C\u00edrculo de Vida Espiritual! Este programa ha sido creado para analizar art\u00edculos de la Revista <a href=\"https:\/\/scienceofmind.com\/\" target=\"_blank\" rel=\"noopener noreferrer\">Ciencia de la Mente<\/a>, que est\u00e1 disponible tanto en ediciones impresas como en l\u00ednea. Los l\u00edderes que registran su C\u00edrculo de Vida Espiritual reciben semanalmente gu\u00edas de discusi\u00f3n basadas en alg\u00fan art\u00edculo de la edici\u00f3n de ese mes. Adem\u00e1s, se ponen a disposici\u00f3n otros recursos para apoyarte a ti y a tu grupo y tienes la opci\u00f3n de que tu C\u00edrculo de Vida Espiritual aparezca en nuestra p\u00e1gina web.<\/p>\n<p>Actualmente, la revista y las gu\u00edas de estudio est\u00e1n disponibles s\u00f3lo en ingl\u00e9s.<\/p>\n<p>Ten en cuenta que para las suscripciones a la revista si est\u00e1s fuera de los Estados Unidos, la edici\u00f3n en l\u00ednea es oportuna y asequible!<\/p>\n<p>Para obtener m\u00e1s detalles sobre el programa de C\u00edrculos de Vida Espiritual y para inscribirte, <a href=\"http:\/\/csl.org\/programs\/spiritual-living-circles.html\" target=\"_blank\" rel=\"noopener noreferrer\">haz clic aqu\u00ed<\/a>.<\/p>\n<h2>Grupos de Estudio<\/h2>\n<p>Los grupos de estudio se re\u00fanen con el prop\u00f3sito de estudiar los principios de Ciencia de la Mente. Con frecuencia, tambi\u00e9n se dan clases cortas no acreditadas, talleres, se hace meditaci\u00f3n en grupo y cosas por el estilo. Muchos grupos de estudio tambi\u00e9n se inscriben en el material de los C\u00edrculos de Vida Espiritual y lo utilizan para la discusi\u00f3n en grupo. La lista de los grupos de estudio se encuentra en nuestro sitio web.<\/p>\n<p>Se requiere que los l\u00edderes de los grupos de estudio hayan terminado al menos una clase b\u00e1sica de Ciencia de la Mente (que puede haber sido en l\u00ednea o en persona en una de nuestras comunidades), que tengan un patrocinador ministerial que los apoye y que completen la solicitud.<\/p>\n<p>NOTA: \u00a0Los Ministros y Practicantes de Centros para la Vida Espiritual tambi\u00e9n pueden dar clases acreditadas (&#8220;certificadas&#8221;) en grupos de estudio fuera de los Estados Unidos y Canad\u00e1.<\/p>\n<p>Si est\u00e1 interesado en iniciar un grupo de estudio, puede descargar estos documentos:<\/p>\n<p><a href=\"http:\/\/csl.org\/wp-content\/uploads\/sites\/8\/2019\/10\/Study-Group-Information-Sheet-October-2019.doc\" target=\"_blank\" rel=\"noopener noreferrer\">Carta explicativa de c\u00f3mo solicitar un grupo de estudio (ingl\u00e9s)<\/a>\u00a0 |\u00a0 <a href=\"http:\/\/csl.org\/wp-content\/uploads\/sites\/8\/2019\/10\/Hoja-de-informaci\u00f3n-grupo-de-estudio-octubre-de-2019.docx\" target=\"_blank\" rel=\"noopener noreferrer\">Espa\u00f1ol<\/a><\/p>\n<p><a href=\"http:\/\/csl.org\/wp-content\/uploads\/sites\/8\/2019\/05\/2017StudyGroupApp.docx\" target=\"_blank\" rel=\"noopener noreferrer\">Solicitud para un grupo de estudio (ingl\u00e9s)<\/a><\/p>\n<p>Si tienes alguna pregunta, env\u00eda un correo electr\u00f3nico a <a href=\"&#x6d;&#x61;&#x69;&#x6c;&#x74;&#x6f;&#x3a;&#x6d;&#97;&#114;&#107;&#103;&#105;&#108;&#98;ert&#64;&#x63;&#x73;&#x6c;&#x2e;&#x6f;&#x72;&#x67;\">&#109;&#x61;&#114;&#x6b;&#103;&#x69;l&#x62;e&#x72;t&#64;&#x63;&#115;&#x6c;&#46;&#x6f;&#114;&#x67;<\/a>.<\/p>\n<h2>Escuelas de Ense\u00f1anza, Centros y Ministerios de Enfoque<\/h2>\n<p>Estos tres tipos de ministerios son comunidades miembros afiliadas a Centros para la Vida Espiritual y pasan por un proceso de solicitud m\u00e1s extenso.<\/p>\n<p>Una Escuela de Ense\u00f1anza es un grupo que es dirigido por un ministro o practicante de Centros para la Vida Espiritual. Las escuelas de Ense\u00f1anza pueden dar clases acreditadas as\u00ed como realizar una amplia gama de otras actividades espirituales.<\/p>\n<p>Un Centro es un ministerio que es dirigido por un Ministro de Centros para la Vida Espiritual. Los Centros celebran servicios, dictan clases acreditadas y realizan una gama completa de otras actividades espirituales.<\/p>\n<p>Un Ministerio de Enfoque es dirigido por un Ministro de Centros para la Vida Espiritual y realiza actividades espirituales que van generalmente m\u00e1s all\u00e1 de las que normalmente son conducidas por las Escuelas de Ense\u00f1anza y los Centros.<\/p>\n<p>Para m\u00e1s informaci\u00f3n sobre estos ministerios, puedes enviar un correo electr\u00f3nico a <a href=\"&#109;a&#x69;l&#x74;&#111;&#x3a;&#109;&#x61;&#114;k&#x67;i&#x6c;&#98;&#x65;&#114;&#x74;&#64;&#x63;&#115;l&#x2e;o&#x72;&#103;\">&#109;&#x61;&#114;&#x6b;g&#105;&#x6c;&#98;&#x65;r&#x74;&#64;&#99;&#x73;&#108;&#x2e;o&#x72;&#x67;<\/a>.<\/p>\n<\/div><div class=\"fusion-clearfix\"><\/div><\/div><\/div><\/div><\/div><div class=\"fusion-bg-parallax\" data-bg-align=\"center center\" data-direction=\"left\" data-mute=\"false\" data-opacity=\"100\" data-velocity=\"-0.7\" data-mobile-enabled=\"true\" data-break_parents=\"0\" data-bg-image=\"http:\/\/csl.org\/wp-content\/uploads\/sites\/8\/2019\/05\/snails-1024x678.jpg\" data-bg-repeat=\"false\" ><\/div><div class=\"fusion-fullwidth fullwidth-box fusion-builder-row-2 fusion-parallax-left gradient-container-2 nonhundred-percent-fullwidth non-hundred-percent-height-scrolling\" style=\"--awb-border-radius-top-left:0px;--awb-border-radius-top-right:0px;--awb-border-radius-bottom-right:0px;--awb-border-radius-bottom-left:0px;--awb-background-image:url(&quot;http:\/\/csl.org\/wp-content\/uploads\/sites\/8\/2019\/05\/snails-1024x678.jpg&quot;);--awb-background-size:cover;--awb-flex-wrap:wrap;\" ><div class=\"fusion-builder-row fusion-row\"><div class=\"fusion-layout-column fusion_builder_column fusion-builder-column-1 fusion_builder_column_1_1 1_1 fusion-one-full fusion-column-first fusion-column-last\" style=\"--awb-padding-top:250px;--awb-padding-right:200px;--awb-padding-bottom:250px;--awb-padding-left:200px;--awb-bg-size:cover;\"><div class=\"fusion-column-wrapper fusion-column-has-shadow fusion-flex-column-wrapper-legacy\"><div class=\"fusion-clearfix\"><\/div><\/div><\/div><\/div><\/div><\/p>\n","protected":false},"excerpt":{"rendered":"","protected":false},"author":1,"featured_media":0,"parent":3785,"menu_order":332,"comment_status":"closed","ping_status":"closed","template":"100-width.php","meta":{"_exactmetrics_skip_tracking":false,"_exactmetrics_sitenote_active":false,"_exactmetrics_sitenote_note":"","_exactmetrics_sitenote_category":0,"footnotes":""},"categories":[64],"tags":[],"class_list":["post-5471","page","type-page","status-publish","hentry","category-recursos"],"yoast_head":"<!-- This site is optimized with the Yoast SEO plugin v23.1 - https:\/\/yoast.com\/wordpress\/plugins\/seo\/ -->\n<title>PRUEBA DE TRADUCCI\u00d3N P\u00c1GINA 01 - Global Services - Centers for Spiritual Living<\/title>\n<meta name=\"robots\" content=\"index, follow, max-snippet:-1, max-image-preview:large, max-video-preview:-1\" \/>\n<link rel=\"canonical\" href=\"https:\/\/csl.org\/global\/es\/recursos\/prueba-de-traduccion-pagina-01\/\" \/>\n<meta property=\"og:locale\" content=\"en_US\" \/>\n<meta property=\"og:type\" content=\"article\" \/>\n<meta property=\"og:title\" content=\"PRUEBA DE TRADUCCI\u00d3N P\u00c1GINA 01 - Global Services - Centers for Spiritual Living\" \/>\n<meta property=\"og:url\" content=\"https:\/\/csl.org\/global\/es\/recursos\/prueba-de-traduccion-pagina-01\/\" \/>\n<meta property=\"og:site_name\" content=\"Global Services - Centers for Spiritual Living\" \/>\n<meta property=\"article:modified_time\" content=\"2020-05-18T16:01:46+00:00\" \/>\n<meta property=\"og:image\" content=\"http:\/\/csl.org\/wp-content\/uploads\/sites\/8\/2019\/05\/achievement-3-400x286.jpg\" \/>\n<meta name=\"twitter:card\" content=\"summary_large_image\" \/>\n<meta name=\"twitter:label1\" content=\"Est. reading time\" \/>\n\t<meta name=\"twitter:data1\" content=\"6 minutes\" \/>\n<script type=\"application\/ld+json\" class=\"yoast-schema-graph\">{\"@context\":\"https:\/\/schema.org\",\"@graph\":[{\"@type\":\"WebPage\",\"@id\":\"https:\/\/csl.org\/global\/es\/recursos\/prueba-de-traduccion-pagina-01\/\",\"url\":\"https:\/\/csl.org\/global\/es\/recursos\/prueba-de-traduccion-pagina-01\/\",\"name\":\"PRUEBA DE TRADUCCI\u00d3N P\u00c1GINA 01 - Global Services - Centers for Spiritual Living\",\"isPartOf\":{\"@id\":\"https:\/\/csl.org\/global\/de\/#website\"},\"primaryImageOfPage\":{\"@id\":\"https:\/\/csl.org\/global\/es\/recursos\/prueba-de-traduccion-pagina-01\/#primaryimage\"},\"image\":{\"@id\":\"https:\/\/csl.org\/global\/es\/recursos\/prueba-de-traduccion-pagina-01\/#primaryimage\"},\"thumbnailUrl\":\"http:\/\/csl.org\/wp-content\/uploads\/sites\/8\/2019\/05\/achievement-3-400x286.jpg\",\"datePublished\":\"2020-03-13T12:17:04+00:00\",\"dateModified\":\"2020-05-18T16:01:46+00:00\",\"breadcrumb\":{\"@id\":\"https:\/\/csl.org\/global\/es\/recursos\/prueba-de-traduccion-pagina-01\/#breadcrumb\"},\"inLanguage\":\"en-US\",\"potentialAction\":[{\"@type\":\"ReadAction\",\"target\":[\"https:\/\/csl.org\/global\/es\/recursos\/prueba-de-traduccion-pagina-01\/\"]}]},{\"@type\":\"ImageObject\",\"inLanguage\":\"en-US\",\"@id\":\"https:\/\/csl.org\/global\/es\/recursos\/prueba-de-traduccion-pagina-01\/#primaryimage\",\"url\":\"http:\/\/csl.org\/wp-content\/uploads\/sites\/8\/2019\/05\/achievement-3-400x286.jpg\",\"contentUrl\":\"http:\/\/csl.org\/wp-content\/uploads\/sites\/8\/2019\/05\/achievement-3-400x286.jpg\"},{\"@type\":\"BreadcrumbList\",\"@id\":\"https:\/\/csl.org\/global\/es\/recursos\/prueba-de-traduccion-pagina-01\/#breadcrumb\",\"itemListElement\":[{\"@type\":\"ListItem\",\"position\":1,\"name\":\"RECURSOS\",\"item\":\"https:\/\/csl.org\/global\/es\/recursos\/\"},{\"@type\":\"ListItem\",\"position\":2,\"name\":\"PRUEBA DE TRADUCCI\u00d3N P\u00c1GINA 01\"}]},{\"@type\":\"WebSite\",\"@id\":\"https:\/\/csl.org\/global\/de\/#website\",\"url\":\"https:\/\/csl.org\/global\/de\/\",\"name\":\"Global Services - Centers for Spiritual Living\",\"description\":\"\",\"potentialAction\":[{\"@type\":\"SearchAction\",\"target\":{\"@type\":\"EntryPoint\",\"urlTemplate\":\"https:\/\/csl.org\/global\/de\/?s={search_term_string}\"},\"query-input\":\"required name=search_term_string\"}],\"inLanguage\":\"en-US\"}]}<\/script>\n<!-- \/ Yoast SEO plugin. -->","yoast_head_json":{"title":"PRUEBA DE TRADUCCI\u00d3N P\u00c1GINA 01 - Global Services - Centers for Spiritual Living","robots":{"index":"index","follow":"follow","max-snippet":"max-snippet:-1","max-image-preview":"max-image-preview:large","max-video-preview":"max-video-preview:-1"},"canonical":"https:\/\/csl.org\/global\/es\/recursos\/prueba-de-traduccion-pagina-01\/","og_locale":"en_US","og_type":"article","og_title":"PRUEBA DE TRADUCCI\u00d3N P\u00c1GINA 01 - Global Services - Centers for Spiritual Living","og_url":"https:\/\/csl.org\/global\/es\/recursos\/prueba-de-traduccion-pagina-01\/","og_site_name":"Global Services - Centers for Spiritual Living","article_modified_time":"2020-05-18T16:01:46+00:00","og_image":[{"url":"http:\/\/csl.org\/wp-content\/uploads\/sites\/8\/2019\/05\/achievement-3-400x286.jpg"}],"twitter_card":"summary_large_image","twitter_misc":{"Est. reading time":"6 minutes"},"schema":{"@context":"https:\/\/schema.org","@graph":[{"@type":"WebPage","@id":"https:\/\/csl.org\/global\/es\/recursos\/prueba-de-traduccion-pagina-01\/","url":"https:\/\/csl.org\/global\/es\/recursos\/prueba-de-traduccion-pagina-01\/","name":"PRUEBA DE TRADUCCI\u00d3N P\u00c1GINA 01 - Global Services - Centers for Spiritual Living","isPartOf":{"@id":"https:\/\/csl.org\/global\/de\/#website"},"primaryImageOfPage":{"@id":"https:\/\/csl.org\/global\/es\/recursos\/prueba-de-traduccion-pagina-01\/#primaryimage"},"image":{"@id":"https:\/\/csl.org\/global\/es\/recursos\/prueba-de-traduccion-pagina-01\/#primaryimage"},"thumbnailUrl":"http:\/\/csl.org\/wp-content\/uploads\/sites\/8\/2019\/05\/achievement-3-400x286.jpg","datePublished":"2020-03-13T12:17:04+00:00","dateModified":"2020-05-18T16:01:46+00:00","breadcrumb":{"@id":"https:\/\/csl.org\/global\/es\/recursos\/prueba-de-traduccion-pagina-01\/#breadcrumb"},"inLanguage":"en-US","potentialAction":[{"@type":"ReadAction","target":["https:\/\/csl.org\/global\/es\/recursos\/prueba-de-traduccion-pagina-01\/"]}]},{"@type":"ImageObject","inLanguage":"en-US","@id":"https:\/\/csl.org\/global\/es\/recursos\/prueba-de-traduccion-pagina-01\/#primaryimage","url":"http:\/\/csl.org\/wp-content\/uploads\/sites\/8\/2019\/05\/achievement-3-400x286.jpg","contentUrl":"http:\/\/csl.org\/wp-content\/uploads\/sites\/8\/2019\/05\/achievement-3-400x286.jpg"},{"@type":"BreadcrumbList","@id":"https:\/\/csl.org\/global\/es\/recursos\/prueba-de-traduccion-pagina-01\/#breadcrumb","itemListElement":[{"@type":"ListItem","position":1,"name":"RECURSOS","item":"https:\/\/csl.org\/global\/es\/recursos\/"},{"@type":"ListItem","position":2,"name":"PRUEBA DE TRADUCCI\u00d3N P\u00c1GINA 01"}]},{"@type":"WebSite","@id":"https:\/\/csl.org\/global\/de\/#website","url":"https:\/\/csl.org\/global\/de\/","name":"Global Services - Centers for Spiritual Living","description":"","potentialAction":[{"@type":"SearchAction","target":{"@type":"EntryPoint","urlTemplate":"https:\/\/csl.org\/global\/de\/?s={search_term_string}"},"query-input":"required name=search_term_string"}],"inLanguage":"en-US"}]}},"_links":{"self":[{"href":"https:\/\/csl.org\/global\/wp-json\/wp\/v2\/pages\/5471"}],"collection":[{"href":"https:\/\/csl.org\/global\/wp-json\/wp\/v2\/pages"}],"about":[{"href":"https:\/\/csl.org\/global\/wp-json\/wp\/v2\/types\/page"}],"author":[{"embeddable":true,"href":"https:\/\/csl.org\/global\/wp-json\/wp\/v2\/users\/1"}],"replies":[{"embeddable":true,"href":"https:\/\/csl.org\/global\/wp-json\/wp\/v2\/comments?post=5471"}],"version-history":[{"count":4,"href":"https:\/\/csl.org\/global\/wp-json\/wp\/v2\/pages\/5471\/revisions"}],"predecessor-version":[{"id":6983,"href":"https:\/\/csl.org\/global\/wp-json\/wp\/v2\/pages\/5471\/revisions\/6983"}],"up":[{"embeddable":true,"href":"https:\/\/csl.org\/global\/wp-json\/wp\/v2\/pages\/3785"}],"wp:attachment":[{"href":"https:\/\/csl.org\/global\/wp-json\/wp\/v2\/media?parent=5471"}],"wp:term":[{"taxonomy":"category","embeddable":true,"href":"https:\/\/csl.org\/global\/wp-json\/wp\/v2\/categories?post=5471"},{"taxonomy":"post_tag","embeddable":true,"href":"https:\/\/csl.org\/global\/wp-json\/wp\/v2\/tags?post=5471"}],"curies":[{"name":"wp","href":"https:\/\/api.w.org\/{rel}","templated":true}]}}