{"id":5675,"date":"2020-04-27T18:11:42","date_gmt":"2020-04-27T18:11:42","guid":{"rendered":"https:\/\/csl.org\/global\/ressourcen\/uebersetzung-testseite-02\/"},"modified":"2020-05-05T19:48:39","modified_gmt":"2020-05-05T19:48:39","slug":"uebersetzung-testseite-02","status":"publish","type":"page","link":"https:\/\/csl.org\/global\/ressourcen\/uebersetzung-testseite-02\/","title":{"rendered":"\u00dcbersetzung Testseite 02"},"content":{"rendered":"<p><div class=\"fusion-fullwidth fullwidth-box fusion-builder-row-1 gradient-container-1 nonhundred-percent-fullwidth non-hundred-percent-height-scrolling\" style=\"--awb-border-radius-top-left:0px;--awb-border-radius-top-right:0px;--awb-border-radius-bottom-right:0px;--awb-border-radius-bottom-left:0px;--awb-background-color:#ffffff;--awb-flex-wrap:wrap;\" ><div class=\"fusion-builder-row fusion-row\"><div class=\"fusion-layout-column fusion_builder_column fusion-builder-column-0 fusion_builder_column_1_1 1_1 fusion-one-full fusion-column-first fusion-column-last fusion-animated\" style=\"--awb-padding-top:50px;--awb-padding-right:3%;--awb-padding-bottom:50px;--awb-padding-left:3%;--awb-bg-color:#ffffff;--awb-bg-color-hover:#ffffff;--awb-bg-size:cover;\" data-animationType=\"fadeInLeft\" data-animationDuration=\"0.3\" data-animationOffset=\"top-into-view\"><div class=\"fusion-column-wrapper fusion-column-has-shadow fusion-flex-column-wrapper-legacy\"><div class=\"fusion-text fusion-text-1\"><h1>Gr\u00fcnde eine Science of Mind Study Group<\/h1>\n<p><img fetchpriority=\"high\" decoding=\"async\" class=\"size-400 wp-image-2362 alignleft\" src=\"http:\/\/csl.org\/wp-content\/uploads\/sites\/8\/2019\/05\/achievement-3-400x286.jpg\" alt=\"\" width=\"400\" height=\"286\" data-mce-src=\"http:\/\/csl.org\/wp-content\/uploads\/sites\/8\/2019\/05\/achievement-3-400x286.jpg\" srcset=\"https:\/\/csl.org\/global\/wp-content\/uploads\/sites\/8\/2019\/05\/achievement-3-200x143.jpg 200w, https:\/\/csl.org\/global\/wp-content\/uploads\/sites\/8\/2019\/05\/achievement-3-300x214.jpg 300w, https:\/\/csl.org\/global\/wp-content\/uploads\/sites\/8\/2019\/05\/achievement-3-400x286.jpg 400w, https:\/\/csl.org\/global\/wp-content\/uploads\/sites\/8\/2019\/05\/achievement-3-600x428.jpg 600w, https:\/\/csl.org\/global\/wp-content\/uploads\/sites\/8\/2019\/05\/achievement-3-768x548.jpg 768w, https:\/\/csl.org\/global\/wp-content\/uploads\/sites\/8\/2019\/05\/achievement-3-800x571.jpg 800w, https:\/\/csl.org\/global\/wp-content\/uploads\/sites\/8\/2019\/05\/achievement-3-1024x731.jpg 1024w, https:\/\/csl.org\/global\/wp-content\/uploads\/sites\/8\/2019\/05\/achievement-3-1200x857.jpg 1200w, https:\/\/csl.org\/global\/wp-content\/uploads\/sites\/8\/2019\/05\/achievement-3.jpg 1920w\" sizes=\"(max-width: 400px) 100vw, 400px\" \/>Danke f\u00fcr Ihr Interesse an der Gr\u00fcndung einer Science of Mind Study Group! Wir m\u00f6chten Ihnen den Einstieg erleichtern, wie Sie dabei am besten vorgehen und wir mit Ihnen den Kontakt zu Interessenten herstellen k\u00f6nnen. Die Informationen auf dieser Seite sollen Ihnen helfen, eine Studiengruppe bei uns einzurichten und in die Liste der Study Groups aufzunehmen.&nbsp; Wir stellen auch Ressourcen auf dieser Website bereit, die Ihnen beim <span style=\"color: #3366ff\" data-mce-style=\"color: #3366ff;\">Einrichten von Gruppendiskussionen und Kursen<\/span>, beim weiteren <span style=\"color: #3366ff\" data-mce-style=\"color: #3366ff;\">Wachsen Ihrer Gruppe<\/span> und dem <span style=\"color: #3366ff\" data-mce-style=\"color: #3366ff;\">Kontakt mit anderen Gruppenleitern<\/span> helfen k\u00f6nnen. Au\u00dferdem gibt es&nbsp; gutes Arbeitsmaterial, das n\u00fctzlich f\u00fcr das bessere&nbsp; Verstehen der <span style=\"color: #3366ff\" data-mce-style=\"color: #3366ff;\">Science of Mind<\/span> Philosophie ist.&nbsp;<\/p>\n<p>Wir haben verschiedene Gruppen und Gemeinschaften. Dies sind:&nbsp;<\/p>\n<h2>Spiritual Living Circles&nbsp;<\/h2>\n<p>Jeder kann einen spirituellen Lebenskreis gr\u00fcnden! Dieses Programm orientiert sich am <span style=\"color: #3366ff\" data-mce-style=\"color: #3366ff;\">Science of Mind Magazine<span style=\"color: #000000\" data-mce-style=\"color: #000000;\">, das als Zeitschrift monatlich in gedruckter Form und auch als Online Version erscheint. <\/span><\/span>Leiter eines Spiritual Living Circle, die ihren Spirituellen Lebenskreis registrieren, erhalten w\u00f6chentliche Diskussionsleitf\u00e4den, die um einen Artikel aus der Ausgabe des jeweiligen Monats herum aufgebaut sind. Zus\u00e4tzlich stellen wir weitere Ressourcen zur Verf\u00fcgung, um Sie und Ihre Gruppe zu unterst\u00fctzen. Sie haben auch die M\u00f6glichkeit, Ihren Spirituellen Lebenskreis auf unserer Website aufzulisten.<\/p>\n<p>Zurzeit sind die Zeitschrift und die Studienf\u00fchrer nur in englischer Sprache erh\u00e4ltlich.<\/p>\n<p>Bedenken Sie, dass f\u00fcr Abonnements des Magazins au\u00dferhalb der Vereinigten Staaten die Online-Ausgabe sowohl aktuell, als auch preisg\u00fcnstig ist!<\/p>\n<p>Um weitere Einzelheiten \u00fcber das Programm der Spirituellen Lebenskreise zu erfahren und um sich anzumelden <a href=\"http:\/\/csl.org\/programs\/spiritual-living-circles.html\" target=\"_blank\" rel=\"noopener noreferrer\" data-mce-href=\"http:\/\/csl.org\/programs\/spiritual-living-circles.html\">hier klicken<\/a>.<\/p>\n<h2>Study Groups&nbsp;<\/h2>\n<p>Studiengruppen treffen sich, um die Grundlagen der Science of Mind Philosophy zu studieren. H\u00e4ufig veranstalten sie auch kurze, nicht akkreditierte Kurse, Workshops, Gruppenmeditationen und \u00e4hnliches. Viele Studiengruppen melden sich auch f\u00fcr das Material der Spiritual Living Circles an und verwenden es f\u00fcr die Gruppendiskussionen. Die Studiengruppen sind auf unserer Website aufgelistet.<\/p>\n<p>Studiengruppenleiter m\u00fcssen mindestens einen Grundkurs in &#8220;Science of Mind&#8221; abgeschlossen haben (der online oder pers\u00f6nlich anwesend in einer unserer Gemeinschaften stattgefunden haben kann), Sie bekommen einen ministeriellen Sponsor f\u00fcr die Unterst\u00fctzung und vollst\u00e4ndige Antragstellung f\u00fcr eine Study Group zugeordnet.&nbsp;<\/p>\n<p>HINWEIS: Es ist auch m\u00f6glich, dass Minister und Practitioner der Centers for Spiritual Living zertifizierte Kurse in Studiengruppen Studiengruppen au\u00dferhalb der Vereinigten Staaten und Kanadas unterrichten.<\/p>\n<p>Wenn Sie an der Gr\u00fcndung einer Studiengruppe interessiert sind, laden Sie bitte diese 2 Dokumente herunter:<\/p>\n<p><a href=\"http:\/\/csl.org\/wp-content\/uploads\/sites\/8\/2019\/10\/Study-Group-Information-Sheet-October-2019.doc\" target=\"_blank\" rel=\"noopener noreferrer\" data-mce-href=\"http:\/\/csl.org\/wp-content\/uploads\/sites\/8\/2019\/10\/Study-Group-Information-Sheet-October-2019.doc\">Brief, der erkl\u00e4rt, wie man sich f\u00fcr eine Studiengruppe bewirbt (Englisch)<\/a>&nbsp;| <a href=\"http:\/\/csl.org\/wp-content\/uploads\/sites\/8\/2019\/10\/Hoja-de-informaci\u00f3n-grupo-de-estudio-octubre-de-2019.docx\" target=\"_blank\" rel=\"noopener noreferrer\" data-mce-href=\"http:\/\/csl.org\/wp-content\/uploads\/sites\/8\/2019\/10\/Hoja-de-informaci\u00f3n-grupo-de-estudio-octubre-de-2019.docx\">Spanisch<\/a><\/p>\n<p><a href=\"http:\/\/csl.org\/wp-content\/uploads\/sites\/8\/2019\/05\/2017StudyGroupApp.docx\" target=\"_blank\" rel=\"noopener noreferrer\" data-mce-href=\"http:\/\/csl.org\/wp-content\/uploads\/sites\/8\/2019\/05\/2017StudyGroupApp.docx\">Bewerbung f\u00fcr eine Studiengruppe (Englisch)<\/a><\/p>\n<p>Wenn Sie Fragen haben, senden Sie bitte eine E-Mail an&nbsp;<a href=\"&#x6d;&#x61;&#x69;&#x6c;&#x74;&#x6f;&#58;&#109;&#97;&#114;kgil&#x62;&#x65;&#x72;&#x74;&#x40;&#x63;&#115;&#108;&#46;&#111;&#114;g\" data-mce-href=\"&#x6d;&#97;&#105;l&#x74;&#x6f;&#58;m&#x61;&#x72;&#107;g&#x69;&#x6c;&#98;e&#x72;&#x74;&#64;c&#x73;&#x6c;&#46;o&#x72;&#x67;\">m&#97;&#x72;&#x6b;&#x67;i&#108;&#98;&#x65;&#x72;t&#64;&#99;&#x73;&#x6c;&#46;o&#114;&#x67;<\/a>.<\/p>\n<h2>Teaching Chapters, Centers for Spiritual Living und Focus Gemeinschaften<\/h2>\n<p>Diese drei Gemeinschaftsformen sind angegliederte Mitgliedsgemeinschaften bei Centers for Spiritual Living. Das Antragsverfahren f\u00fcr eine Gemeinschaftsgr\u00fcndung ist umfangreicher.&nbsp;<\/p>\n<p>Ein Teaching Chapter ist eine Gruppe, die entweder von einem Minister der Centers for Spiritual Living oder einem Practitioner geleitet wird. Teaching Chapters k\u00f6nnen sowohl zertifizierte Kurse unterrichten als auch eine Reihe anderer spiritueller Aktivit\u00e4ten durchf\u00fchren.<\/p>\n<p>Ein Center for Spiritual Living ist eine spirituelle Gemeinschaft, die von einem Minister geleitet wird. Die Zentren feiern Gottesdienste, unterrichten anerkannte Kurse und f\u00fchren eine ganze Reihe anderer spiritueller Aktivit\u00e4ten durch.<\/p>\n<p>Eine Focus Gemeinschaft wird von einem Minister der Centers for Spiritual Living geleitet und f\u00fchrt spirituelle Aktivit\u00e4ten durch, die typischerweise \u00fcber von den normalerweise in den Teaching Chapters angebotenen Aktivit\u00e4ten hinausgehen.<\/p>\n<p>F\u00fcr weitere Informationen \u00fcber diese verschiedenen Arten von spiritueller Gemeinschaft senden Sie bitte eine E-Mail an <a href=\"&#x6d;&#x61;&#x69;&#x6c;&#x74;&#x6f;&#58;&#109;&#97;&#114;kgil&#x62;&#x65;&#x72;&#x74;&#x40;&#x63;&#115;&#108;&#46;&#111;&#114;g\" data-mce-href=\"&#109;&#x61;&#105;&#x6c;&#116;&#x6f;:&#x6d;a&#114;&#x6b;&#103;&#x69;&#108;&#x62;e&#x72;t&#64;&#x63;&#115;&#x6c;&#46;&#x6f;&#114;&#x67;\">&#x6d;&#97;&#x72;&#x6b;g&#x69;&#108;b&#x65;&#114;t&#x40;&#99;&#x73;&#x6c;&#46;&#x6f;&#114;g<\/a>.<\/p><\/p>\n<\/div><div class=\"fusion-clearfix\"><\/div><\/div><\/div><\/div><\/div><div class=\"fusion-bg-parallax\" data-bg-align=\"center center\" data-direction=\"left\" data-mute=\"false\" data-opacity=\"100\" data-velocity=\"-0.7\" data-mobile-enabled=\"true\" data-break_parents=\"0\" data-bg-image=\"http:\/\/csl.org\/wp-content\/uploads\/sites\/8\/2019\/05\/snails-1024x678.jpg\" data-bg-repeat=\"false\" ><\/div><div class=\"fusion-fullwidth fullwidth-box fusion-builder-row-2 fusion-parallax-left gradient-container-2 nonhundred-percent-fullwidth non-hundred-percent-height-scrolling\" style=\"--awb-border-radius-top-left:0px;--awb-border-radius-top-right:0px;--awb-border-radius-bottom-right:0px;--awb-border-radius-bottom-left:0px;--awb-background-image:url(&quot;http:\/\/csl.org\/wp-content\/uploads\/sites\/8\/2019\/05\/snails-1024x678.jpg&quot;);--awb-background-size:cover;--awb-flex-wrap:wrap;\" ><div class=\"fusion-builder-row fusion-row\"><div class=\"fusion-layout-column fusion_builder_column fusion-builder-column-1 fusion_builder_column_1_1 1_1 fusion-one-full fusion-column-first fusion-column-last\" style=\"--awb-padding-top:250px;--awb-padding-right:200px;--awb-padding-bottom:250px;--awb-padding-left:200px;--awb-bg-size:cover;\"><div class=\"fusion-column-wrapper fusion-column-has-shadow fusion-flex-column-wrapper-legacy\"><div class=\"fusion-clearfix\"><\/div><\/div><\/div><\/div><\/div><\/p>\n","protected":false},"excerpt":{"rendered":"","protected":false},"author":1,"featured_media":0,"parent":5028,"menu_order":335,"comment_status":"closed","ping_status":"closed","template":"100-width.php","meta":{"_exactmetrics_skip_tracking":false,"_exactmetrics_sitenote_active":false,"_exactmetrics_sitenote_note":"","_exactmetrics_sitenote_category":0,"footnotes":""},"categories":[89],"tags":[],"class_list":["post-5675","page","type-page","status-publish","hentry","category-ressourcen-de"],"yoast_head":"<!-- This site is optimized with the Yoast SEO plugin v23.1 - https:\/\/yoast.com\/wordpress\/plugins\/seo\/ -->\n<title>\u00dcbersetzung Testseite 02 - Global Services - Centers for Spiritual Living<\/title>\n<meta name=\"robots\" content=\"index, follow, max-snippet:-1, max-image-preview:large, max-video-preview:-1\" \/>\n<link rel=\"canonical\" href=\"https:\/\/csl.org\/global\/de\/ressourcen\/uebersetzung-testseite-02\/\" \/>\n<meta property=\"og:locale\" content=\"en_US\" \/>\n<meta property=\"og:type\" content=\"article\" \/>\n<meta property=\"og:title\" content=\"\u00dcbersetzung Testseite 02 - Global Services - Centers for Spiritual Living\" \/>\n<meta property=\"og:url\" content=\"https:\/\/csl.org\/global\/de\/ressourcen\/uebersetzung-testseite-02\/\" \/>\n<meta property=\"og:site_name\" content=\"Global Services - Centers for Spiritual Living\" \/>\n<meta property=\"article:modified_time\" content=\"2020-05-05T19:48:39+00:00\" \/>\n<meta property=\"og:image\" content=\"http:\/\/csl.org\/wp-content\/uploads\/sites\/8\/2019\/05\/achievement-3-400x286.jpg\" \/>\n<meta name=\"twitter:card\" content=\"summary_large_image\" \/>\n<meta name=\"twitter:label1\" content=\"Est. reading time\" \/>\n\t<meta name=\"twitter:data1\" content=\"6 minutes\" \/>\n<script type=\"application\/ld+json\" class=\"yoast-schema-graph\">{\"@context\":\"https:\/\/schema.org\",\"@graph\":[{\"@type\":\"WebPage\",\"@id\":\"https:\/\/csl.org\/global\/de\/ressourcen\/uebersetzung-testseite-02\/\",\"url\":\"https:\/\/csl.org\/global\/de\/ressourcen\/uebersetzung-testseite-02\/\",\"name\":\"\u00dcbersetzung Testseite 02 - Global Services - Centers for Spiritual Living\",\"isPartOf\":{\"@id\":\"https:\/\/csl.org\/global\/de\/#website\"},\"primaryImageOfPage\":{\"@id\":\"https:\/\/csl.org\/global\/de\/ressourcen\/uebersetzung-testseite-02\/#primaryimage\"},\"image\":{\"@id\":\"https:\/\/csl.org\/global\/de\/ressourcen\/uebersetzung-testseite-02\/#primaryimage\"},\"thumbnailUrl\":\"http:\/\/csl.org\/wp-content\/uploads\/sites\/8\/2019\/05\/achievement-3-400x286.jpg\",\"datePublished\":\"2020-04-27T18:11:42+00:00\",\"dateModified\":\"2020-05-05T19:48:39+00:00\",\"breadcrumb\":{\"@id\":\"https:\/\/csl.org\/global\/de\/ressourcen\/uebersetzung-testseite-02\/#breadcrumb\"},\"inLanguage\":\"en-US\",\"potentialAction\":[{\"@type\":\"ReadAction\",\"target\":[\"https:\/\/csl.org\/global\/de\/ressourcen\/uebersetzung-testseite-02\/\"]}]},{\"@type\":\"ImageObject\",\"inLanguage\":\"en-US\",\"@id\":\"https:\/\/csl.org\/global\/de\/ressourcen\/uebersetzung-testseite-02\/#primaryimage\",\"url\":\"http:\/\/csl.org\/wp-content\/uploads\/sites\/8\/2019\/05\/achievement-3-400x286.jpg\",\"contentUrl\":\"http:\/\/csl.org\/wp-content\/uploads\/sites\/8\/2019\/05\/achievement-3-400x286.jpg\"},{\"@type\":\"BreadcrumbList\",\"@id\":\"https:\/\/csl.org\/global\/de\/ressourcen\/uebersetzung-testseite-02\/#breadcrumb\",\"itemListElement\":[{\"@type\":\"ListItem\",\"position\":1,\"name\":\"RESSOURCEN\",\"item\":\"https:\/\/csl.org\/global\/de\/ressourcen\/\"},{\"@type\":\"ListItem\",\"position\":2,\"name\":\"\u00dcbersetzung Testseite 02\"}]},{\"@type\":\"WebSite\",\"@id\":\"https:\/\/csl.org\/global\/de\/#website\",\"url\":\"https:\/\/csl.org\/global\/de\/\",\"name\":\"Global Services - Centers for Spiritual Living\",\"description\":\"\",\"potentialAction\":[{\"@type\":\"SearchAction\",\"target\":{\"@type\":\"EntryPoint\",\"urlTemplate\":\"https:\/\/csl.org\/global\/de\/?s={search_term_string}\"},\"query-input\":\"required name=search_term_string\"}],\"inLanguage\":\"en-US\"}]}<\/script>\n<!-- \/ Yoast SEO plugin. -->","yoast_head_json":{"title":"\u00dcbersetzung Testseite 02 - Global Services - Centers for Spiritual Living","robots":{"index":"index","follow":"follow","max-snippet":"max-snippet:-1","max-image-preview":"max-image-preview:large","max-video-preview":"max-video-preview:-1"},"canonical":"https:\/\/csl.org\/global\/de\/ressourcen\/uebersetzung-testseite-02\/","og_locale":"en_US","og_type":"article","og_title":"\u00dcbersetzung Testseite 02 - Global Services - Centers for Spiritual Living","og_url":"https:\/\/csl.org\/global\/de\/ressourcen\/uebersetzung-testseite-02\/","og_site_name":"Global Services - Centers for Spiritual Living","article_modified_time":"2020-05-05T19:48:39+00:00","og_image":[{"url":"http:\/\/csl.org\/wp-content\/uploads\/sites\/8\/2019\/05\/achievement-3-400x286.jpg"}],"twitter_card":"summary_large_image","twitter_misc":{"Est. reading time":"6 minutes"},"schema":{"@context":"https:\/\/schema.org","@graph":[{"@type":"WebPage","@id":"https:\/\/csl.org\/global\/de\/ressourcen\/uebersetzung-testseite-02\/","url":"https:\/\/csl.org\/global\/de\/ressourcen\/uebersetzung-testseite-02\/","name":"\u00dcbersetzung Testseite 02 - Global Services - Centers for Spiritual Living","isPartOf":{"@id":"https:\/\/csl.org\/global\/de\/#website"},"primaryImageOfPage":{"@id":"https:\/\/csl.org\/global\/de\/ressourcen\/uebersetzung-testseite-02\/#primaryimage"},"image":{"@id":"https:\/\/csl.org\/global\/de\/ressourcen\/uebersetzung-testseite-02\/#primaryimage"},"thumbnailUrl":"http:\/\/csl.org\/wp-content\/uploads\/sites\/8\/2019\/05\/achievement-3-400x286.jpg","datePublished":"2020-04-27T18:11:42+00:00","dateModified":"2020-05-05T19:48:39+00:00","breadcrumb":{"@id":"https:\/\/csl.org\/global\/de\/ressourcen\/uebersetzung-testseite-02\/#breadcrumb"},"inLanguage":"en-US","potentialAction":[{"@type":"ReadAction","target":["https:\/\/csl.org\/global\/de\/ressourcen\/uebersetzung-testseite-02\/"]}]},{"@type":"ImageObject","inLanguage":"en-US","@id":"https:\/\/csl.org\/global\/de\/ressourcen\/uebersetzung-testseite-02\/#primaryimage","url":"http:\/\/csl.org\/wp-content\/uploads\/sites\/8\/2019\/05\/achievement-3-400x286.jpg","contentUrl":"http:\/\/csl.org\/wp-content\/uploads\/sites\/8\/2019\/05\/achievement-3-400x286.jpg"},{"@type":"BreadcrumbList","@id":"https:\/\/csl.org\/global\/de\/ressourcen\/uebersetzung-testseite-02\/#breadcrumb","itemListElement":[{"@type":"ListItem","position":1,"name":"RESSOURCEN","item":"https:\/\/csl.org\/global\/de\/ressourcen\/"},{"@type":"ListItem","position":2,"name":"\u00dcbersetzung Testseite 02"}]},{"@type":"WebSite","@id":"https:\/\/csl.org\/global\/de\/#website","url":"https:\/\/csl.org\/global\/de\/","name":"Global Services - Centers for Spiritual Living","description":"","potentialAction":[{"@type":"SearchAction","target":{"@type":"EntryPoint","urlTemplate":"https:\/\/csl.org\/global\/de\/?s={search_term_string}"},"query-input":"required name=search_term_string"}],"inLanguage":"en-US"}]}},"_links":{"self":[{"href":"https:\/\/csl.org\/global\/wp-json\/wp\/v2\/pages\/5675"}],"collection":[{"href":"https:\/\/csl.org\/global\/wp-json\/wp\/v2\/pages"}],"about":[{"href":"https:\/\/csl.org\/global\/wp-json\/wp\/v2\/types\/page"}],"author":[{"embeddable":true,"href":"https:\/\/csl.org\/global\/wp-json\/wp\/v2\/users\/1"}],"replies":[{"embeddable":true,"href":"https:\/\/csl.org\/global\/wp-json\/wp\/v2\/comments?post=5675"}],"version-history":[{"count":11,"href":"https:\/\/csl.org\/global\/wp-json\/wp\/v2\/pages\/5675\/revisions"}],"predecessor-version":[{"id":5949,"href":"https:\/\/csl.org\/global\/wp-json\/wp\/v2\/pages\/5675\/revisions\/5949"}],"up":[{"embeddable":true,"href":"https:\/\/csl.org\/global\/wp-json\/wp\/v2\/pages\/5028"}],"wp:attachment":[{"href":"https:\/\/csl.org\/global\/wp-json\/wp\/v2\/media?parent=5675"}],"wp:term":[{"taxonomy":"category","embeddable":true,"href":"https:\/\/csl.org\/global\/wp-json\/wp\/v2\/categories?post=5675"},{"taxonomy":"post_tag","embeddable":true,"href":"https:\/\/csl.org\/global\/wp-json\/wp\/v2\/tags?post=5675"}],"curies":[{"name":"wp","href":"https:\/\/api.w.org\/{rel}","templated":true}]}}