{"id":7090,"date":"2020-06-15T08:24:50","date_gmt":"2020-06-15T08:24:50","guid":{"rendered":"https:\/\/csl.org\/global\/recursos\/hojas-de-datos\/"},"modified":"2020-08-18T16:57:22","modified_gmt":"2020-08-18T16:57:22","slug":"hojas-de-datos","status":"publish","type":"page","link":"https:\/\/csl.org\/global\/hojas-de-datos\/","title":{"rendered":"Hojas de datos"},"content":{"rendered":"<p><div class=\"fusion-fullwidth fullwidth-box fusion-builder-row-1 gradient-container-1 nonhundred-percent-fullwidth non-hundred-percent-height-scrolling\" style=\"--awb-border-radius-top-left:0px;--awb-border-radius-top-right:0px;--awb-border-radius-bottom-right:0px;--awb-border-radius-bottom-left:0px;--awb-background-color:#ffffff;--awb-flex-wrap:wrap;\" ><div class=\"fusion-builder-row fusion-row\"><div class=\"fusion-layout-column fusion_builder_column fusion-builder-column-0 fusion_builder_column_1_1 1_1 fusion-one-full fusion-column-first fusion-column-last\" style=\"--awb-padding-top:50px;--awb-padding-right:3%;--awb-padding-bottom:50px;--awb-padding-left:3%;--awb-bg-color:#ffffff;--awb-bg-color-hover:#ffffff;--awb-bg-size:cover;\"><div class=\"fusion-column-wrapper fusion-column-has-shadow fusion-flex-column-wrapper-legacy\"><div class=\"fusion-text fusion-text-1\"><h1><img fetchpriority=\"high\" decoding=\"async\" class=\"wp-image-7723 size-full alignright\" src=\"http:\/\/csl.org\/wp-content\/uploads\/sites\/8\/2020\/08\/mini-Intro_English_outline.jpg\" alt=\"\" width=\"364\" height=\"463\" srcset=\"https:\/\/csl.org\/global\/wp-content\/uploads\/sites\/8\/2020\/08\/mini-Intro_English_outline-200x254.jpg 200w, https:\/\/csl.org\/global\/wp-content\/uploads\/sites\/8\/2020\/08\/mini-Intro_English_outline-236x300.jpg 236w, https:\/\/csl.org\/global\/wp-content\/uploads\/sites\/8\/2020\/08\/mini-Intro_English_outline.jpg 364w\" sizes=\"(max-width: 364px) 100vw, 364px\" \/>Hojas de datos<\/h1>\n<p>Para ayudarle a usted y a su comunidad a comprender los fundamentos de la Ciencia de la Mente y nuestra organizaci\u00f3n, abajo hay cuatro hojas de datos <strong>GRATUITAS<\/strong> que puede <em><strong>descargar, imprimir y distribuir<\/strong><\/em>.\u00a0<\/p>\n<p>Estas hojas de una p\u00e1gina te dan:<\/p>\n<ul>\n<li>Una breve introducci\u00f3n a la filosof\u00eda de la Ciencia de la Mente<\/li>\n<li>Una orientaci\u00f3n a la organizaci\u00f3n Centros para la Vida Espiritual (Qui\u00e9nes somos)<\/li>\n<li>Una comprensi\u00f3n del papel de un Practicante Espiritual Licenciado<\/li>\n<li>Una visi\u00f3n general de los 5 pasos de la oraci\u00f3n afirmativa (5 pasos de tratamiento de la mente espiritual)<\/li>\n<\/ul>\n<p>Tenga en cuenta que cada hoja informativa est\u00e1 disponible en varios idiomas, como se indica en los siguientes enlaces.<\/p>\n<p>&nbsp;<\/p>\n<p><strong>ENLACES:<\/strong><\/p>\n<p><a href=\"http:\/\/csl.org\/global\/resources\/fact-sheets\/\">English<\/a> | <a href=\"http:\/\/csl.org\/global\/es\/recursos\/hojas-de-datos\/\">Espa\u00f1ol<\/a> | <a href=\"http:\/\/csl.org\/global\/zh-hans\/%e8%b5%84%e6%ba%90\/%e6%a6%82%e5%86%b5%e4%bb%8b%e7%bb%8d\/\">\u7b80\u4f53\u4e2d\u6587<\/a> | <a href=\"http:\/\/csl.org\/global\/pt-pt\/fichas-informativas\/\">Portugu\u00eas<\/a> | <a href=\"http:\/\/csl.org\/global\/fr\/ressources\/fiches-dinformation\/\">Fran\u00e7ais<\/a> | <a href=\"http:\/\/csl.org\/global\/ru\/%d1%80%d0%b5%d1%81%d1%83%d1%80%d1%81%d1%8b\/%d0%b8%d0%bd%d1%84%d0%be%d1%80%d0%bc%d0%b0%d1%86%d0%b8%d0%be%d0%bd%d0%bd%d1%8b%d0%b5-%d0%b1%d1%8e%d0%bb%d0%bb%d0%b5%d1%82%d0%b5%d0%bd%d0%b8\/\">P\u0443\u0441\u0441\u043a\u0438\u0439<\/a> | Deutsch<\/p>\n<p>&nbsp;<\/p>\n<p><a href=\"http:\/\/csl.org\/wp-content\/uploads\/sites\/8\/2020\/08\/Spanish_Introduction_081220.pdf\" rel=\"noopener noreferrer\">Ciencia de la Mente &#8211; Espa\u00f1ol<\/a><\/p>\n<p><a href=\"http:\/\/csl.org\/wp-content\/uploads\/sites\/8\/2020\/08\/Spanish_Who-We-Are_081220.pdf\" rel=\"noopener noreferrer\">Qui\u00e9nes somos &#8211; Espa\u00f1ol<\/a><\/p>\n<p><a href=\"http:\/\/csl.org\/wp-content\/uploads\/sites\/8\/2020\/08\/Spanish_Practitioners_081220.pdf\" rel=\"noopener noreferrer\">Practicante Espiritual Licenciado -Espa\u00f1ol<\/a><\/p>\n<p><a href=\"http:\/\/csl.org\/wp-content\/uploads\/sites\/8\/2020\/08\/Spanish_Treatment_081220.pdf\" rel=\"noopener noreferrer\">Tratamiento de la Mente Espiritual en 5 pasos -Espa\u00f1ol<\/a><\/p>\n<\/div><div class=\"fusion-clearfix\"><\/div><\/div><\/div><\/div><\/div><div class=\"fusion-bg-parallax\" data-bg-align=\"center center\" data-direction=\"left\" data-mute=\"false\" data-opacity=\"100\" data-velocity=\"-0.7\" data-mobile-enabled=\"true\" data-break_parents=\"0\" data-bg-image=\"http:\/\/csl.org\/wp-content\/uploads\/sites\/8\/2019\/05\/world-wide-web-1024x678.jpg\" data-bg-repeat=\"false\" ><\/div><div class=\"fusion-fullwidth fullwidth-box fusion-builder-row-2 fusion-parallax-left gradient-container-2 nonhundred-percent-fullwidth non-hundred-percent-height-scrolling\" style=\"--awb-border-radius-top-left:0px;--awb-border-radius-top-right:0px;--awb-border-radius-bottom-right:0px;--awb-border-radius-bottom-left:0px;--awb-background-image:url(&quot;http:\/\/csl.org\/wp-content\/uploads\/sites\/8\/2019\/05\/world-wide-web-1024x678.jpg&quot;);--awb-background-size:cover;--awb-flex-wrap:wrap;\" ><div class=\"fusion-builder-row fusion-row\"><div class=\"fusion-layout-column fusion_builder_column fusion-builder-column-1 fusion_builder_column_1_1 1_1 fusion-one-full fusion-column-first fusion-column-last\" style=\"--awb-padding-top:250px;--awb-padding-right:200px;--awb-padding-bottom:250px;--awb-padding-left:200px;--awb-bg-size:cover;\"><div class=\"fusion-column-wrapper fusion-column-has-shadow fusion-flex-column-wrapper-legacy\"><div class=\"fusion-clearfix\"><\/div><\/div><\/div><\/div><\/div><\/p>\n","protected":false},"excerpt":{"rendered":"","protected":false},"author":1,"featured_media":0,"parent":0,"menu_order":106,"comment_status":"closed","ping_status":"closed","template":"100-width.php","meta":{"_exactmetrics_skip_tracking":false,"_exactmetrics_sitenote_active":false,"_exactmetrics_sitenote_note":"","_exactmetrics_sitenote_category":0,"footnotes":""},"categories":[64],"tags":[],"class_list":["post-7090","page","type-page","status-publish","hentry","category-recursos"],"yoast_head":"<!-- This site is optimized with the Yoast SEO plugin v23.1 - https:\/\/yoast.com\/wordpress\/plugins\/seo\/ -->\n<title>Hojas de datos - Global Services - Centers for Spiritual Living<\/title>\n<meta name=\"robots\" content=\"index, follow, max-snippet:-1, max-image-preview:large, max-video-preview:-1\" \/>\n<link rel=\"canonical\" href=\"https:\/\/csl.org\/global\/es\/recursos\/hojas-de-datos\/\" \/>\n<meta property=\"og:locale\" content=\"en_US\" \/>\n<meta property=\"og:type\" content=\"article\" \/>\n<meta property=\"og:title\" content=\"Hojas de datos - Global Services - Centers for Spiritual Living\" \/>\n<meta property=\"og:url\" content=\"https:\/\/csl.org\/global\/es\/recursos\/hojas-de-datos\/\" \/>\n<meta property=\"og:site_name\" content=\"Global Services - Centers for Spiritual Living\" \/>\n<meta property=\"article:modified_time\" content=\"2020-08-18T16:57:22+00:00\" \/>\n<meta property=\"og:image\" content=\"http:\/\/csl.org\/wp-content\/uploads\/sites\/8\/2020\/08\/mini-Intro_English_outline.jpg\" \/>\n<meta name=\"twitter:card\" content=\"summary_large_image\" \/>\n<meta name=\"twitter:label1\" content=\"Est. reading time\" \/>\n\t<meta name=\"twitter:data1\" content=\"4 minutes\" \/>\n<script type=\"application\/ld+json\" class=\"yoast-schema-graph\">{\"@context\":\"https:\/\/schema.org\",\"@graph\":[{\"@type\":\"WebPage\",\"@id\":\"https:\/\/csl.org\/global\/es\/recursos\/hojas-de-datos\/\",\"url\":\"https:\/\/csl.org\/global\/es\/recursos\/hojas-de-datos\/\",\"name\":\"Hojas de datos - Global Services - Centers for Spiritual Living\",\"isPartOf\":{\"@id\":\"https:\/\/csl.org\/global\/de\/#website\"},\"primaryImageOfPage\":{\"@id\":\"https:\/\/csl.org\/global\/es\/recursos\/hojas-de-datos\/#primaryimage\"},\"image\":{\"@id\":\"https:\/\/csl.org\/global\/es\/recursos\/hojas-de-datos\/#primaryimage\"},\"thumbnailUrl\":\"http:\/\/csl.org\/wp-content\/uploads\/sites\/8\/2020\/08\/mini-Intro_English_outline.jpg\",\"datePublished\":\"2020-06-15T08:24:50+00:00\",\"dateModified\":\"2020-08-18T16:57:22+00:00\",\"breadcrumb\":{\"@id\":\"https:\/\/csl.org\/global\/es\/recursos\/hojas-de-datos\/#breadcrumb\"},\"inLanguage\":\"en-US\",\"potentialAction\":[{\"@type\":\"ReadAction\",\"target\":[\"https:\/\/csl.org\/global\/es\/recursos\/hojas-de-datos\/\"]}]},{\"@type\":\"ImageObject\",\"inLanguage\":\"en-US\",\"@id\":\"https:\/\/csl.org\/global\/es\/recursos\/hojas-de-datos\/#primaryimage\",\"url\":\"http:\/\/csl.org\/wp-content\/uploads\/sites\/8\/2020\/08\/mini-Intro_English_outline.jpg\",\"contentUrl\":\"http:\/\/csl.org\/wp-content\/uploads\/sites\/8\/2020\/08\/mini-Intro_English_outline.jpg\"},{\"@type\":\"BreadcrumbList\",\"@id\":\"https:\/\/csl.org\/global\/es\/recursos\/hojas-de-datos\/#breadcrumb\",\"itemListElement\":[{\"@type\":\"ListItem\",\"position\":1,\"name\":\"RECURSOS\",\"item\":\"https:\/\/csl.org\/global\/es\/recursos\/\"},{\"@type\":\"ListItem\",\"position\":2,\"name\":\"Hojas de datos\"}]},{\"@type\":\"WebSite\",\"@id\":\"https:\/\/csl.org\/global\/de\/#website\",\"url\":\"https:\/\/csl.org\/global\/de\/\",\"name\":\"Global Services - Centers for Spiritual Living\",\"description\":\"\",\"potentialAction\":[{\"@type\":\"SearchAction\",\"target\":{\"@type\":\"EntryPoint\",\"urlTemplate\":\"https:\/\/csl.org\/global\/de\/?s={search_term_string}\"},\"query-input\":\"required name=search_term_string\"}],\"inLanguage\":\"en-US\"}]}<\/script>\n<!-- \/ Yoast SEO plugin. -->","yoast_head_json":{"title":"Hojas de datos - Global Services - Centers for Spiritual Living","robots":{"index":"index","follow":"follow","max-snippet":"max-snippet:-1","max-image-preview":"max-image-preview:large","max-video-preview":"max-video-preview:-1"},"canonical":"https:\/\/csl.org\/global\/es\/recursos\/hojas-de-datos\/","og_locale":"en_US","og_type":"article","og_title":"Hojas de datos - Global Services - Centers for Spiritual Living","og_url":"https:\/\/csl.org\/global\/es\/recursos\/hojas-de-datos\/","og_site_name":"Global Services - Centers for Spiritual Living","article_modified_time":"2020-08-18T16:57:22+00:00","og_image":[{"url":"http:\/\/csl.org\/wp-content\/uploads\/sites\/8\/2020\/08\/mini-Intro_English_outline.jpg"}],"twitter_card":"summary_large_image","twitter_misc":{"Est. reading time":"4 minutes"},"schema":{"@context":"https:\/\/schema.org","@graph":[{"@type":"WebPage","@id":"https:\/\/csl.org\/global\/es\/recursos\/hojas-de-datos\/","url":"https:\/\/csl.org\/global\/es\/recursos\/hojas-de-datos\/","name":"Hojas de datos - Global Services - Centers for Spiritual Living","isPartOf":{"@id":"https:\/\/csl.org\/global\/de\/#website"},"primaryImageOfPage":{"@id":"https:\/\/csl.org\/global\/es\/recursos\/hojas-de-datos\/#primaryimage"},"image":{"@id":"https:\/\/csl.org\/global\/es\/recursos\/hojas-de-datos\/#primaryimage"},"thumbnailUrl":"http:\/\/csl.org\/wp-content\/uploads\/sites\/8\/2020\/08\/mini-Intro_English_outline.jpg","datePublished":"2020-06-15T08:24:50+00:00","dateModified":"2020-08-18T16:57:22+00:00","breadcrumb":{"@id":"https:\/\/csl.org\/global\/es\/recursos\/hojas-de-datos\/#breadcrumb"},"inLanguage":"en-US","potentialAction":[{"@type":"ReadAction","target":["https:\/\/csl.org\/global\/es\/recursos\/hojas-de-datos\/"]}]},{"@type":"ImageObject","inLanguage":"en-US","@id":"https:\/\/csl.org\/global\/es\/recursos\/hojas-de-datos\/#primaryimage","url":"http:\/\/csl.org\/wp-content\/uploads\/sites\/8\/2020\/08\/mini-Intro_English_outline.jpg","contentUrl":"http:\/\/csl.org\/wp-content\/uploads\/sites\/8\/2020\/08\/mini-Intro_English_outline.jpg"},{"@type":"BreadcrumbList","@id":"https:\/\/csl.org\/global\/es\/recursos\/hojas-de-datos\/#breadcrumb","itemListElement":[{"@type":"ListItem","position":1,"name":"RECURSOS","item":"https:\/\/csl.org\/global\/es\/recursos\/"},{"@type":"ListItem","position":2,"name":"Hojas de datos"}]},{"@type":"WebSite","@id":"https:\/\/csl.org\/global\/de\/#website","url":"https:\/\/csl.org\/global\/de\/","name":"Global Services - Centers for Spiritual Living","description":"","potentialAction":[{"@type":"SearchAction","target":{"@type":"EntryPoint","urlTemplate":"https:\/\/csl.org\/global\/de\/?s={search_term_string}"},"query-input":"required name=search_term_string"}],"inLanguage":"en-US"}]}},"_links":{"self":[{"href":"https:\/\/csl.org\/global\/wp-json\/wp\/v2\/pages\/7090"}],"collection":[{"href":"https:\/\/csl.org\/global\/wp-json\/wp\/v2\/pages"}],"about":[{"href":"https:\/\/csl.org\/global\/wp-json\/wp\/v2\/types\/page"}],"author":[{"embeddable":true,"href":"https:\/\/csl.org\/global\/wp-json\/wp\/v2\/users\/1"}],"replies":[{"embeddable":true,"href":"https:\/\/csl.org\/global\/wp-json\/wp\/v2\/comments?post=7090"}],"version-history":[{"count":14,"href":"https:\/\/csl.org\/global\/wp-json\/wp\/v2\/pages\/7090\/revisions"}],"predecessor-version":[{"id":7729,"href":"https:\/\/csl.org\/global\/wp-json\/wp\/v2\/pages\/7090\/revisions\/7729"}],"wp:attachment":[{"href":"https:\/\/csl.org\/global\/wp-json\/wp\/v2\/media?parent=7090"}],"wp:term":[{"taxonomy":"category","embeddable":true,"href":"https:\/\/csl.org\/global\/wp-json\/wp\/v2\/categories?post=7090"},{"taxonomy":"post_tag","embeddable":true,"href":"https:\/\/csl.org\/global\/wp-json\/wp\/v2\/tags?post=7090"}],"curies":[{"name":"wp","href":"https:\/\/api.w.org\/{rel}","templated":true}]}}