{"id":7100,"date":"2020-06-15T09:03:07","date_gmt":"2020-06-15T09:03:07","guid":{"rendered":"https:\/\/csl.org\/global\/ressources\/fiches-dinformation\/"},"modified":"2020-08-18T16:54:30","modified_gmt":"2020-08-18T16:54:30","slug":"fiches-dinformation","status":"publish","type":"page","link":"https:\/\/csl.org\/global\/fiches-dinformation\/","title":{"rendered":"Fiches d&#8217;information"},"content":{"rendered":"<p><div class=\"fusion-fullwidth fullwidth-box fusion-builder-row-1 gradient-container-1 nonhundred-percent-fullwidth non-hundred-percent-height-scrolling\" style=\"--awb-border-radius-top-left:0px;--awb-border-radius-top-right:0px;--awb-border-radius-bottom-right:0px;--awb-border-radius-bottom-left:0px;--awb-background-color:#ffffff;--awb-flex-wrap:wrap;\" ><div class=\"fusion-builder-row fusion-row\"><div class=\"fusion-layout-column fusion_builder_column fusion-builder-column-0 fusion_builder_column_1_1 1_1 fusion-one-full fusion-column-first fusion-column-last\" style=\"--awb-padding-top:50px;--awb-padding-right:3%;--awb-padding-bottom:50px;--awb-padding-left:3%;--awb-bg-color:#ffffff;--awb-bg-color-hover:#ffffff;--awb-bg-size:cover;\"><div class=\"fusion-column-wrapper fusion-column-has-shadow fusion-flex-column-wrapper-legacy\"><div class=\"fusion-text fusion-text-1\"><h1><img fetchpriority=\"high\" decoding=\"async\" class=\"wp-image-7719 size-full alignright\" src=\"http:\/\/csl.org\/wp-content\/uploads\/sites\/8\/2020\/08\/mini-Intro_English_outline.jpg\" alt=\"\" width=\"364\" height=\"463\" srcset=\"https:\/\/csl.org\/global\/wp-content\/uploads\/sites\/8\/2020\/08\/mini-Intro_English_outline-200x254.jpg 200w, https:\/\/csl.org\/global\/wp-content\/uploads\/sites\/8\/2020\/08\/mini-Intro_English_outline-236x300.jpg 236w, https:\/\/csl.org\/global\/wp-content\/uploads\/sites\/8\/2020\/08\/mini-Intro_English_outline.jpg 364w\" sizes=\"(max-width: 364px) 100vw, 364px\" \/>Fiches d&#8217;information<\/h1>\n<p>Pour vous aider, vous et votre communaut\u00e9, \u00e0 comprendre les bases de la Science de l&#8217;esprit et de notre organisation, vous trouverez ci-dessous quatre fiches d&#8217;information <strong>GRATUITES<\/strong> que vous pouvez <strong><em>t\u00e9l\u00e9charger, imprimer et distribuer<\/em><\/strong>.\u00a0\u00a0<\/p>\n<p>Ces fiches d&#8217;une page vous donnent :<\/p>\n<ul>\n<li>Une br\u00e8ve introduction \u00e0 la philosophie de la science de l&#8217;esprit<\/li>\n<li>Une orientation vers l&#8217;organisation Centres de vie spirituelle (Qui nous sommes)<\/li>\n<li>Une compr\u00e9hension du r\u00f4le d&#8217;un praticien spirituel agr\u00e9\u00e9<\/li>\n<li>Un aper\u00e7u des 5 \u00e9tapes de la pri\u00e8re affirmative (Traitement de l&#8217;esprit spirituel en 5 \u00e9tapes)<\/li>\n<\/ul>\n<p>Veuillez noter que chaque document est disponible en plusieurs langues, comme indiqu\u00e9 par les liens ci-dessous.<\/p>\n<p>&nbsp;<\/p>\n<p><strong>LIENS :<\/strong><\/p>\n<p><a href=\"http:\/\/csl.org\/global\/resources\/fact-sheets\/\">English<\/a> | <a href=\"http:\/\/csl.org\/global\/es\/recursos\/hojas-de-datos\/\">Espa\u00f1ol<\/a> | <a href=\"http:\/\/csl.org\/global\/zh-hans\/%e8%b5%84%e6%ba%90\/%e6%a6%82%e5%86%b5%e4%bb%8b%e7%bb%8d\/\">\u7b80\u4f53\u4e2d\u6587<\/a> | <a href=\"http:\/\/csl.org\/global\/pt-pt\/fichas-informativas\/\">Portugu\u00eas<\/a> | <a href=\"http:\/\/csl.org\/global\/fr\/ressources\/fiches-dinformation\/\">Fran\u00e7ais<\/a> | <a href=\"http:\/\/csl.org\/global\/ru\/%d1%80%d0%b5%d1%81%d1%83%d1%80%d1%81%d1%8b\/%d0%b8%d0%bd%d1%84%d0%be%d1%80%d0%bc%d0%b0%d1%86%d0%b8%d0%be%d0%bd%d0%bd%d1%8b%d0%b5-%d0%b1%d1%8e%d0%bb%d0%bb%d0%b5%d1%82%d0%b5%d0%bd%d0%b8\/\">P\u0443\u0441\u0441\u043a\u0438\u0439<\/a> | Deutsch<\/p>\n<p>&nbsp;<\/p>\n<p><a href=\"http:\/\/csl.org\/wp-content\/uploads\/sites\/8\/2020\/08\/French_Introduction_081720.pdf\" rel=\"noopener noreferrer\">Science de l&#8217;esprit &#8211; Fran\u00e7ais<\/a><\/p>\n<p><a href=\"http:\/\/csl.org\/wp-content\/uploads\/sites\/8\/2020\/08\/French_Who-We-Are_081720.pdf\" rel=\"noopener noreferrer\">Qui nous sommes &#8211; Fran\u00e7ais<\/a><\/p>\n<p><a href=\"http:\/\/csl.org\/wp-content\/uploads\/sites\/8\/2020\/08\/French_Practitioners_081720.pdf\" rel=\"noopener noreferrer\">Praticien spirituel agr\u00e9\u00e9 &#8211; Fran\u00e7ais<\/a><\/p>\n<p><a href=\"http:\/\/csl.org\/wp-content\/uploads\/sites\/8\/2020\/08\/French_Treatment_081720.pdf\" rel=\"noopener noreferrer\">Traitement de l&#8217;esprit spirituel en 5 \u00e9tapes &#8211; Fran\u00e7ais<\/a><\/p>\n<p>&nbsp;<\/p>\n<\/div><div class=\"fusion-clearfix\"><\/div><\/div><\/div><\/div><\/div><div class=\"fusion-bg-parallax\" data-bg-align=\"center center\" data-direction=\"left\" data-mute=\"false\" data-opacity=\"100\" data-velocity=\"-0.7\" data-mobile-enabled=\"true\" data-break_parents=\"0\" data-bg-image=\"http:\/\/csl.org\/wp-content\/uploads\/sites\/8\/2019\/05\/world-wide-web-1024x678.jpg\" data-bg-repeat=\"false\" ><\/div><div class=\"fusion-fullwidth fullwidth-box fusion-builder-row-2 fusion-parallax-left gradient-container-2 nonhundred-percent-fullwidth non-hundred-percent-height-scrolling\" style=\"--awb-border-radius-top-left:0px;--awb-border-radius-top-right:0px;--awb-border-radius-bottom-right:0px;--awb-border-radius-bottom-left:0px;--awb-background-image:url(&quot;http:\/\/csl.org\/wp-content\/uploads\/sites\/8\/2019\/05\/world-wide-web-1024x678.jpg&quot;);--awb-background-size:cover;--awb-flex-wrap:wrap;\" ><div class=\"fusion-builder-row fusion-row\"><div class=\"fusion-layout-column fusion_builder_column fusion-builder-column-1 fusion_builder_column_1_1 1_1 fusion-one-full fusion-column-first fusion-column-last\" style=\"--awb-padding-top:250px;--awb-padding-right:200px;--awb-padding-bottom:250px;--awb-padding-left:200px;--awb-bg-size:cover;\"><div class=\"fusion-column-wrapper fusion-column-has-shadow fusion-flex-column-wrapper-legacy\"><div class=\"fusion-clearfix\"><\/div><\/div><\/div><\/div><\/div><\/p>\n","protected":false},"excerpt":{"rendered":"","protected":false},"author":1,"featured_media":0,"parent":0,"menu_order":107,"comment_status":"closed","ping_status":"closed","template":"100-width.php","meta":{"_exactmetrics_skip_tracking":false,"_exactmetrics_sitenote_active":false,"_exactmetrics_sitenote_note":"","_exactmetrics_sitenote_category":0,"footnotes":""},"categories":[87],"tags":[],"class_list":["post-7100","page","type-page","status-publish","hentry","category-ressources-fr"],"yoast_head":"<!-- This site is optimized with the Yoast SEO plugin v23.1 - https:\/\/yoast.com\/wordpress\/plugins\/seo\/ -->\n<title>Fiches d&#039;information - Global Services - Centers for Spiritual Living<\/title>\n<meta name=\"robots\" content=\"index, follow, max-snippet:-1, max-image-preview:large, max-video-preview:-1\" \/>\n<link rel=\"canonical\" href=\"https:\/\/csl.org\/global\/fr\/ressources\/fiches-dinformation\/\" \/>\n<meta property=\"og:locale\" content=\"en_US\" \/>\n<meta property=\"og:type\" content=\"article\" \/>\n<meta property=\"og:title\" content=\"Fiches d&#039;information - Global Services - Centers for Spiritual Living\" \/>\n<meta property=\"og:url\" content=\"https:\/\/csl.org\/global\/fr\/ressources\/fiches-dinformation\/\" \/>\n<meta property=\"og:site_name\" content=\"Global Services - Centers for Spiritual Living\" \/>\n<meta property=\"article:modified_time\" content=\"2020-08-18T16:54:30+00:00\" \/>\n<meta property=\"og:image\" content=\"http:\/\/csl.org\/wp-content\/uploads\/sites\/8\/2020\/08\/mini-Intro_English_outline.jpg\" \/>\n<meta name=\"twitter:card\" content=\"summary_large_image\" \/>\n<meta name=\"twitter:label1\" content=\"Est. reading time\" \/>\n\t<meta name=\"twitter:data1\" content=\"4 minutes\" \/>\n<script type=\"application\/ld+json\" class=\"yoast-schema-graph\">{\"@context\":\"https:\/\/schema.org\",\"@graph\":[{\"@type\":\"WebPage\",\"@id\":\"https:\/\/csl.org\/global\/fr\/ressources\/fiches-dinformation\/\",\"url\":\"https:\/\/csl.org\/global\/fr\/ressources\/fiches-dinformation\/\",\"name\":\"Fiches d'information - Global Services - Centers for Spiritual Living\",\"isPartOf\":{\"@id\":\"https:\/\/csl.org\/global\/de\/#website\"},\"primaryImageOfPage\":{\"@id\":\"https:\/\/csl.org\/global\/fr\/ressources\/fiches-dinformation\/#primaryimage\"},\"image\":{\"@id\":\"https:\/\/csl.org\/global\/fr\/ressources\/fiches-dinformation\/#primaryimage\"},\"thumbnailUrl\":\"http:\/\/csl.org\/wp-content\/uploads\/sites\/8\/2020\/08\/mini-Intro_English_outline.jpg\",\"datePublished\":\"2020-06-15T09:03:07+00:00\",\"dateModified\":\"2020-08-18T16:54:30+00:00\",\"breadcrumb\":{\"@id\":\"https:\/\/csl.org\/global\/fr\/ressources\/fiches-dinformation\/#breadcrumb\"},\"inLanguage\":\"en-US\",\"potentialAction\":[{\"@type\":\"ReadAction\",\"target\":[\"https:\/\/csl.org\/global\/fr\/ressources\/fiches-dinformation\/\"]}]},{\"@type\":\"ImageObject\",\"inLanguage\":\"en-US\",\"@id\":\"https:\/\/csl.org\/global\/fr\/ressources\/fiches-dinformation\/#primaryimage\",\"url\":\"http:\/\/csl.org\/wp-content\/uploads\/sites\/8\/2020\/08\/mini-Intro_English_outline.jpg\",\"contentUrl\":\"http:\/\/csl.org\/wp-content\/uploads\/sites\/8\/2020\/08\/mini-Intro_English_outline.jpg\"},{\"@type\":\"BreadcrumbList\",\"@id\":\"https:\/\/csl.org\/global\/fr\/ressources\/fiches-dinformation\/#breadcrumb\",\"itemListElement\":[{\"@type\":\"ListItem\",\"position\":1,\"name\":\"RESSOURCES\",\"item\":\"https:\/\/csl.org\/global\/fr\/ressources\/\"},{\"@type\":\"ListItem\",\"position\":2,\"name\":\"Fiches d&#8217;information\"}]},{\"@type\":\"WebSite\",\"@id\":\"https:\/\/csl.org\/global\/de\/#website\",\"url\":\"https:\/\/csl.org\/global\/de\/\",\"name\":\"Global Services - Centers for Spiritual Living\",\"description\":\"\",\"potentialAction\":[{\"@type\":\"SearchAction\",\"target\":{\"@type\":\"EntryPoint\",\"urlTemplate\":\"https:\/\/csl.org\/global\/de\/?s={search_term_string}\"},\"query-input\":\"required name=search_term_string\"}],\"inLanguage\":\"en-US\"}]}<\/script>\n<!-- \/ Yoast SEO plugin. -->","yoast_head_json":{"title":"Fiches d'information - Global Services - Centers for Spiritual Living","robots":{"index":"index","follow":"follow","max-snippet":"max-snippet:-1","max-image-preview":"max-image-preview:large","max-video-preview":"max-video-preview:-1"},"canonical":"https:\/\/csl.org\/global\/fr\/ressources\/fiches-dinformation\/","og_locale":"en_US","og_type":"article","og_title":"Fiches d'information - Global Services - Centers for Spiritual Living","og_url":"https:\/\/csl.org\/global\/fr\/ressources\/fiches-dinformation\/","og_site_name":"Global Services - Centers for Spiritual Living","article_modified_time":"2020-08-18T16:54:30+00:00","og_image":[{"url":"http:\/\/csl.org\/wp-content\/uploads\/sites\/8\/2020\/08\/mini-Intro_English_outline.jpg"}],"twitter_card":"summary_large_image","twitter_misc":{"Est. reading time":"4 minutes"},"schema":{"@context":"https:\/\/schema.org","@graph":[{"@type":"WebPage","@id":"https:\/\/csl.org\/global\/fr\/ressources\/fiches-dinformation\/","url":"https:\/\/csl.org\/global\/fr\/ressources\/fiches-dinformation\/","name":"Fiches d'information - Global Services - Centers for Spiritual Living","isPartOf":{"@id":"https:\/\/csl.org\/global\/de\/#website"},"primaryImageOfPage":{"@id":"https:\/\/csl.org\/global\/fr\/ressources\/fiches-dinformation\/#primaryimage"},"image":{"@id":"https:\/\/csl.org\/global\/fr\/ressources\/fiches-dinformation\/#primaryimage"},"thumbnailUrl":"http:\/\/csl.org\/wp-content\/uploads\/sites\/8\/2020\/08\/mini-Intro_English_outline.jpg","datePublished":"2020-06-15T09:03:07+00:00","dateModified":"2020-08-18T16:54:30+00:00","breadcrumb":{"@id":"https:\/\/csl.org\/global\/fr\/ressources\/fiches-dinformation\/#breadcrumb"},"inLanguage":"en-US","potentialAction":[{"@type":"ReadAction","target":["https:\/\/csl.org\/global\/fr\/ressources\/fiches-dinformation\/"]}]},{"@type":"ImageObject","inLanguage":"en-US","@id":"https:\/\/csl.org\/global\/fr\/ressources\/fiches-dinformation\/#primaryimage","url":"http:\/\/csl.org\/wp-content\/uploads\/sites\/8\/2020\/08\/mini-Intro_English_outline.jpg","contentUrl":"http:\/\/csl.org\/wp-content\/uploads\/sites\/8\/2020\/08\/mini-Intro_English_outline.jpg"},{"@type":"BreadcrumbList","@id":"https:\/\/csl.org\/global\/fr\/ressources\/fiches-dinformation\/#breadcrumb","itemListElement":[{"@type":"ListItem","position":1,"name":"RESSOURCES","item":"https:\/\/csl.org\/global\/fr\/ressources\/"},{"@type":"ListItem","position":2,"name":"Fiches d&#8217;information"}]},{"@type":"WebSite","@id":"https:\/\/csl.org\/global\/de\/#website","url":"https:\/\/csl.org\/global\/de\/","name":"Global Services - Centers for Spiritual Living","description":"","potentialAction":[{"@type":"SearchAction","target":{"@type":"EntryPoint","urlTemplate":"https:\/\/csl.org\/global\/de\/?s={search_term_string}"},"query-input":"required name=search_term_string"}],"inLanguage":"en-US"}]}},"_links":{"self":[{"href":"https:\/\/csl.org\/global\/wp-json\/wp\/v2\/pages\/7100"}],"collection":[{"href":"https:\/\/csl.org\/global\/wp-json\/wp\/v2\/pages"}],"about":[{"href":"https:\/\/csl.org\/global\/wp-json\/wp\/v2\/types\/page"}],"author":[{"embeddable":true,"href":"https:\/\/csl.org\/global\/wp-json\/wp\/v2\/users\/1"}],"replies":[{"embeddable":true,"href":"https:\/\/csl.org\/global\/wp-json\/wp\/v2\/comments?post=7100"}],"version-history":[{"count":11,"href":"https:\/\/csl.org\/global\/wp-json\/wp\/v2\/pages\/7100\/revisions"}],"predecessor-version":[{"id":7727,"href":"https:\/\/csl.org\/global\/wp-json\/wp\/v2\/pages\/7100\/revisions\/7727"}],"wp:attachment":[{"href":"https:\/\/csl.org\/global\/wp-json\/wp\/v2\/media?parent=7100"}],"wp:term":[{"taxonomy":"category","embeddable":true,"href":"https:\/\/csl.org\/global\/wp-json\/wp\/v2\/categories?post=7100"},{"taxonomy":"post_tag","embeddable":true,"href":"https:\/\/csl.org\/global\/wp-json\/wp\/v2\/tags?post=7100"}],"curies":[{"name":"wp","href":"https:\/\/api.w.org\/{rel}","templated":true}]}}