{"id":7315,"date":"2020-08-14T09:39:35","date_gmt":"2020-08-14T09:39:35","guid":{"rendered":"https:\/\/csl.org\/global\/fact-sheets\/"},"modified":"2020-08-18T17:12:42","modified_gmt":"2020-08-18T17:12:42","slug":"fichas-informativas","status":"publish","type":"page","link":"https:\/\/csl.org\/global\/fichas-informativas\/","title":{"rendered":"Fichas Informativas"},"content":{"rendered":"<p><div class=\"fusion-fullwidth fullwidth-box fusion-builder-row-1 gradient-container-1 nonhundred-percent-fullwidth non-hundred-percent-height-scrolling\" style=\"--awb-border-radius-top-left:0px;--awb-border-radius-top-right:0px;--awb-border-radius-bottom-right:0px;--awb-border-radius-bottom-left:0px;--awb-background-color:#ffffff;--awb-flex-wrap:wrap;\" ><div class=\"fusion-builder-row fusion-row\"><div class=\"fusion-layout-column fusion_builder_column fusion-builder-column-0 fusion_builder_column_1_1 1_1 fusion-one-full fusion-column-first fusion-column-last\" style=\"--awb-padding-top:50px;--awb-padding-right:3%;--awb-padding-bottom:50px;--awb-padding-left:3%;--awb-bg-color:#ffffff;--awb-bg-color-hover:#ffffff;--awb-bg-size:cover;\"><div class=\"fusion-column-wrapper fusion-column-has-shadow fusion-flex-column-wrapper-legacy\"><div class=\"fusion-text fusion-text-1\"><h1><img fetchpriority=\"high\" decoding=\"async\" class=\"wp-image-7721 size-full alignright\" src=\"http:\/\/csl.org\/wp-content\/uploads\/sites\/8\/2020\/08\/mini-Intro_English_outline.jpg\" alt=\"\" width=\"364\" height=\"463\" srcset=\"https:\/\/csl.org\/global\/wp-content\/uploads\/sites\/8\/2020\/08\/mini-Intro_English_outline-200x254.jpg 200w, https:\/\/csl.org\/global\/wp-content\/uploads\/sites\/8\/2020\/08\/mini-Intro_English_outline-236x300.jpg 236w, https:\/\/csl.org\/global\/wp-content\/uploads\/sites\/8\/2020\/08\/mini-Intro_English_outline.jpg 364w\" sizes=\"(max-width: 364px) 100vw, 364px\" \/>Fichas Informativas<\/h1>\n<p>Para o ajudar a si e \u00e0 sua comunidade na compreens\u00e3o dos princ\u00edpios b\u00e1sicos da Ci\u00eancia da Mente e da nossa organiza\u00e7\u00e3o, abaixo est\u00e3o quatro fichas informativas <strong>GRATUITAS<\/strong> que pode <em><strong>descarregar, imprimir e distribuir<\/strong><\/em>.\u00a0<\/p>\n<p>Estas fichas de uma p\u00e1gina d\u00e3o-lhe:<\/p>\n<ul>\n<li>Uma breve introdu\u00e7\u00e3o \u00e0 filosofia da Ci\u00eancia da Mente<\/li>\n<li>Uma orienta\u00e7\u00e3o para a organiza\u00e7\u00e3o Centros para a Vida Espiritual (Quem Somos)<\/li>\n<li>Uma compreens\u00e3o do papel de um Praticante Espiritual Licenciado<\/li>\n<li>Uma vis\u00e3o geral dos 5 passos da ora\u00e7\u00e3o afirmativa (5 passos do Tratamento Espiritual da Mente)<\/li>\n<\/ul>\n<p>\u00c9 favor notar que cada ficha est\u00e1 dispon\u00edvel em v\u00e1rias l\u00ednguas, como indicado pelos links abaixo.<\/p>\n<p>&nbsp;<\/p>\n<p><strong>LINKS:<\/strong><\/p>\n<p><a href=\"http:\/\/csl.org\/global\/pt-pt\/recursos\/fichas-informativas\/\">English<\/a> | <a href=\"http:\/\/csl.org\/global\/pt-pt\/recursos\/fichas-informativas\/\">Espa\u00f1ol<\/a> | <a href=\"http:\/\/csl.org\/global\/pt-pt\/recursos\/fichas-informativas\/\">\u7b80\u4f53\u4e2d\u6587<\/a> | <a href=\"http:\/\/csl.org\/global\/pt-pt\/fichas-informativas\/\">Portugu\u00eas<\/a> | <a href=\"http:\/\/csl.org\/global\/pt-pt\/recursos\/fichas-informativas\/\">Fran\u00e7ais<\/a> | <a href=\"http:\/\/csl.org\/global\/pt-pt\/recursos\/fichas-informativas\/\">P\u0443\u0441\u0441\u043a\u0438\u0439<\/a> | Deutsch<\/p>\n<p>&nbsp;<\/p>\n<p><a href=\"http:\/\/csl.org\/wp-content\/uploads\/sites\/8\/2020\/08\/Portuguese_Introduction_081020.pdf\" rel=\"noopener noreferrer\">Ci\u00eancia da Mente &#8211; Portugu\u00eas<\/a><\/p>\n<p><a href=\"http:\/\/csl.org\/wp-content\/uploads\/sites\/8\/2020\/08\/Portuguese_Who-We-Are_081020.pdf\" rel=\"noopener noreferrer\">Quem Somos &#8211; Portugu\u00eas<\/a><\/p>\n<p><a href=\"http:\/\/csl.org\/wp-content\/uploads\/sites\/8\/2020\/08\/Portuguese_Practitioners_081020.pdf\" rel=\"noopener noreferrer\">Praticante Espiritual Licenciado &#8211; Portugu\u00eas<\/a><\/p>\n<p><a href=\"http:\/\/csl.org\/wp-content\/uploads\/sites\/8\/2020\/08\/Portuguese_Treatment_081020.pdf\" rel=\"noopener noreferrer\">5 Etapas Tratamento Espiritual da Mente &#8211; Portugu\u00eas<\/a><\/p>\n<p>&nbsp;<\/p>\n<\/div><div class=\"fusion-clearfix\"><\/div><\/div><\/div><\/div><\/div><div class=\"fusion-bg-parallax\" data-bg-align=\"center center\" data-direction=\"left\" data-mute=\"false\" data-opacity=\"100\" data-velocity=\"-0.7\" data-mobile-enabled=\"true\" data-break_parents=\"0\" data-bg-image=\"http:\/\/csl.org\/wp-content\/uploads\/sites\/8\/2019\/05\/world-wide-web-1024x678.jpg\" data-bg-repeat=\"false\" ><\/div><div class=\"fusion-fullwidth fullwidth-box fusion-builder-row-2 fusion-parallax-left gradient-container-2 nonhundred-percent-fullwidth non-hundred-percent-height-scrolling\" style=\"--awb-border-radius-top-left:0px;--awb-border-radius-top-right:0px;--awb-border-radius-bottom-right:0px;--awb-border-radius-bottom-left:0px;--awb-background-image:url(&quot;http:\/\/csl.org\/wp-content\/uploads\/sites\/8\/2019\/05\/world-wide-web-1024x678.jpg&quot;);--awb-background-size:cover;--awb-flex-wrap:wrap;\" ><div class=\"fusion-builder-row fusion-row\"><div class=\"fusion-layout-column fusion_builder_column fusion-builder-column-1 fusion_builder_column_1_1 1_1 fusion-one-full fusion-column-first fusion-column-last\" style=\"--awb-padding-top:250px;--awb-padding-right:200px;--awb-padding-bottom:250px;--awb-padding-left:200px;--awb-bg-size:cover;\"><div class=\"fusion-column-wrapper fusion-column-has-shadow fusion-flex-column-wrapper-legacy\"><div class=\"fusion-clearfix\"><\/div><\/div><\/div><\/div><\/div><\/p>\n","protected":false},"excerpt":{"rendered":"","protected":false},"author":1,"featured_media":0,"parent":0,"menu_order":111,"comment_status":"closed","ping_status":"closed","template":"100-width.php","meta":{"_exactmetrics_skip_tracking":false,"_exactmetrics_sitenote_active":false,"_exactmetrics_sitenote_note":"","_exactmetrics_sitenote_category":0,"footnotes":""},"categories":[123],"tags":[],"class_list":["post-7315","page","type-page","status-publish","hentry","category-recursos-pt-pt"],"yoast_head":"<!-- This site is optimized with the Yoast SEO plugin v23.1 - https:\/\/yoast.com\/wordpress\/plugins\/seo\/ -->\n<title>Fichas Informativas - Global Services - Centers for Spiritual Living<\/title>\n<meta name=\"robots\" content=\"index, follow, max-snippet:-1, max-image-preview:large, max-video-preview:-1\" \/>\n<link rel=\"canonical\" href=\"https:\/\/csl.org\/global\/pt-pt\/recursos\/fichas-informativas\/\" \/>\n<meta property=\"og:locale\" content=\"en_US\" \/>\n<meta property=\"og:type\" content=\"article\" \/>\n<meta property=\"og:title\" content=\"Fichas Informativas - Global Services - Centers for Spiritual Living\" \/>\n<meta property=\"og:url\" content=\"https:\/\/csl.org\/global\/pt-pt\/recursos\/fichas-informativas\/\" \/>\n<meta property=\"og:site_name\" content=\"Global Services - Centers for Spiritual Living\" \/>\n<meta property=\"article:modified_time\" content=\"2020-08-18T17:12:42+00:00\" \/>\n<meta property=\"og:image\" content=\"http:\/\/csl.org\/wp-content\/uploads\/sites\/8\/2020\/08\/mini-Intro_English_outline.jpg\" \/>\n<meta name=\"twitter:card\" content=\"summary_large_image\" \/>\n<meta name=\"twitter:label1\" content=\"Est. reading time\" \/>\n\t<meta name=\"twitter:data1\" content=\"4 minutes\" \/>\n<script type=\"application\/ld+json\" class=\"yoast-schema-graph\">{\"@context\":\"https:\/\/schema.org\",\"@graph\":[{\"@type\":\"WebPage\",\"@id\":\"https:\/\/csl.org\/global\/pt-pt\/recursos\/fichas-informativas\/\",\"url\":\"https:\/\/csl.org\/global\/pt-pt\/recursos\/fichas-informativas\/\",\"name\":\"Fichas Informativas - Global Services - Centers for Spiritual Living\",\"isPartOf\":{\"@id\":\"https:\/\/csl.org\/global\/de\/#website\"},\"primaryImageOfPage\":{\"@id\":\"https:\/\/csl.org\/global\/pt-pt\/recursos\/fichas-informativas\/#primaryimage\"},\"image\":{\"@id\":\"https:\/\/csl.org\/global\/pt-pt\/recursos\/fichas-informativas\/#primaryimage\"},\"thumbnailUrl\":\"http:\/\/csl.org\/wp-content\/uploads\/sites\/8\/2020\/08\/mini-Intro_English_outline.jpg\",\"datePublished\":\"2020-08-14T09:39:35+00:00\",\"dateModified\":\"2020-08-18T17:12:42+00:00\",\"breadcrumb\":{\"@id\":\"https:\/\/csl.org\/global\/pt-pt\/recursos\/fichas-informativas\/#breadcrumb\"},\"inLanguage\":\"en-US\",\"potentialAction\":[{\"@type\":\"ReadAction\",\"target\":[\"https:\/\/csl.org\/global\/pt-pt\/recursos\/fichas-informativas\/\"]}]},{\"@type\":\"ImageObject\",\"inLanguage\":\"en-US\",\"@id\":\"https:\/\/csl.org\/global\/pt-pt\/recursos\/fichas-informativas\/#primaryimage\",\"url\":\"http:\/\/csl.org\/wp-content\/uploads\/sites\/8\/2020\/08\/mini-Intro_English_outline.jpg\",\"contentUrl\":\"http:\/\/csl.org\/wp-content\/uploads\/sites\/8\/2020\/08\/mini-Intro_English_outline.jpg\"},{\"@type\":\"BreadcrumbList\",\"@id\":\"https:\/\/csl.org\/global\/pt-pt\/recursos\/fichas-informativas\/#breadcrumb\",\"itemListElement\":[{\"@type\":\"ListItem\",\"position\":1,\"name\":\"RECURSOS\",\"item\":\"https:\/\/csl.org\/global\/pt-pt\/recursos\/\"},{\"@type\":\"ListItem\",\"position\":2,\"name\":\"Fichas Informativas\"}]},{\"@type\":\"WebSite\",\"@id\":\"https:\/\/csl.org\/global\/de\/#website\",\"url\":\"https:\/\/csl.org\/global\/de\/\",\"name\":\"Global Services - Centers for Spiritual Living\",\"description\":\"\",\"potentialAction\":[{\"@type\":\"SearchAction\",\"target\":{\"@type\":\"EntryPoint\",\"urlTemplate\":\"https:\/\/csl.org\/global\/de\/?s={search_term_string}\"},\"query-input\":\"required name=search_term_string\"}],\"inLanguage\":\"en-US\"}]}<\/script>\n<!-- \/ Yoast SEO plugin. -->","yoast_head_json":{"title":"Fichas Informativas - Global Services - Centers for Spiritual Living","robots":{"index":"index","follow":"follow","max-snippet":"max-snippet:-1","max-image-preview":"max-image-preview:large","max-video-preview":"max-video-preview:-1"},"canonical":"https:\/\/csl.org\/global\/pt-pt\/recursos\/fichas-informativas\/","og_locale":"en_US","og_type":"article","og_title":"Fichas Informativas - Global Services - Centers for Spiritual Living","og_url":"https:\/\/csl.org\/global\/pt-pt\/recursos\/fichas-informativas\/","og_site_name":"Global Services - Centers for Spiritual Living","article_modified_time":"2020-08-18T17:12:42+00:00","og_image":[{"url":"http:\/\/csl.org\/wp-content\/uploads\/sites\/8\/2020\/08\/mini-Intro_English_outline.jpg"}],"twitter_card":"summary_large_image","twitter_misc":{"Est. reading time":"4 minutes"},"schema":{"@context":"https:\/\/schema.org","@graph":[{"@type":"WebPage","@id":"https:\/\/csl.org\/global\/pt-pt\/recursos\/fichas-informativas\/","url":"https:\/\/csl.org\/global\/pt-pt\/recursos\/fichas-informativas\/","name":"Fichas Informativas - Global Services - Centers for Spiritual Living","isPartOf":{"@id":"https:\/\/csl.org\/global\/de\/#website"},"primaryImageOfPage":{"@id":"https:\/\/csl.org\/global\/pt-pt\/recursos\/fichas-informativas\/#primaryimage"},"image":{"@id":"https:\/\/csl.org\/global\/pt-pt\/recursos\/fichas-informativas\/#primaryimage"},"thumbnailUrl":"http:\/\/csl.org\/wp-content\/uploads\/sites\/8\/2020\/08\/mini-Intro_English_outline.jpg","datePublished":"2020-08-14T09:39:35+00:00","dateModified":"2020-08-18T17:12:42+00:00","breadcrumb":{"@id":"https:\/\/csl.org\/global\/pt-pt\/recursos\/fichas-informativas\/#breadcrumb"},"inLanguage":"en-US","potentialAction":[{"@type":"ReadAction","target":["https:\/\/csl.org\/global\/pt-pt\/recursos\/fichas-informativas\/"]}]},{"@type":"ImageObject","inLanguage":"en-US","@id":"https:\/\/csl.org\/global\/pt-pt\/recursos\/fichas-informativas\/#primaryimage","url":"http:\/\/csl.org\/wp-content\/uploads\/sites\/8\/2020\/08\/mini-Intro_English_outline.jpg","contentUrl":"http:\/\/csl.org\/wp-content\/uploads\/sites\/8\/2020\/08\/mini-Intro_English_outline.jpg"},{"@type":"BreadcrumbList","@id":"https:\/\/csl.org\/global\/pt-pt\/recursos\/fichas-informativas\/#breadcrumb","itemListElement":[{"@type":"ListItem","position":1,"name":"RECURSOS","item":"https:\/\/csl.org\/global\/pt-pt\/recursos\/"},{"@type":"ListItem","position":2,"name":"Fichas Informativas"}]},{"@type":"WebSite","@id":"https:\/\/csl.org\/global\/de\/#website","url":"https:\/\/csl.org\/global\/de\/","name":"Global Services - Centers for Spiritual Living","description":"","potentialAction":[{"@type":"SearchAction","target":{"@type":"EntryPoint","urlTemplate":"https:\/\/csl.org\/global\/de\/?s={search_term_string}"},"query-input":"required name=search_term_string"}],"inLanguage":"en-US"}]}},"_links":{"self":[{"href":"https:\/\/csl.org\/global\/wp-json\/wp\/v2\/pages\/7315"}],"collection":[{"href":"https:\/\/csl.org\/global\/wp-json\/wp\/v2\/pages"}],"about":[{"href":"https:\/\/csl.org\/global\/wp-json\/wp\/v2\/types\/page"}],"author":[{"embeddable":true,"href":"https:\/\/csl.org\/global\/wp-json\/wp\/v2\/users\/1"}],"replies":[{"embeddable":true,"href":"https:\/\/csl.org\/global\/wp-json\/wp\/v2\/comments?post=7315"}],"version-history":[{"count":12,"href":"https:\/\/csl.org\/global\/wp-json\/wp\/v2\/pages\/7315\/revisions"}],"predecessor-version":[{"id":7730,"href":"https:\/\/csl.org\/global\/wp-json\/wp\/v2\/pages\/7315\/revisions\/7730"}],"wp:attachment":[{"href":"https:\/\/csl.org\/global\/wp-json\/wp\/v2\/media?parent=7315"}],"wp:term":[{"taxonomy":"category","embeddable":true,"href":"https:\/\/csl.org\/global\/wp-json\/wp\/v2\/categories?post=7315"},{"taxonomy":"post_tag","embeddable":true,"href":"https:\/\/csl.org\/global\/wp-json\/wp\/v2\/tags?post=7315"}],"curies":[{"name":"wp","href":"https:\/\/api.w.org\/{rel}","templated":true}]}}