{"id":7490,"date":"2020-08-18T11:17:20","date_gmt":"2020-08-18T11:17:20","guid":{"rendered":"https:\/\/csl.org\/global\/acerca\/centers-for-spiritual-living\/"},"modified":"2020-08-18T11:29:28","modified_gmt":"2020-08-18T11:29:28","slug":"centros-para-a-vida-espiritual","status":"publish","type":"page","link":"https:\/\/csl.org\/global\/sobre-nos\/centros-para-a-vida-espiritual\/","title":{"rendered":"Centros para a Vida Espiritual"},"content":{"rendered":"<p><div class=\"fusion-fullwidth fullwidth-box fusion-builder-row-1 gradient-container-1 nonhundred-percent-fullwidth non-hundred-percent-height-scrolling\" style=\"--awb-border-radius-top-left:0px;--awb-border-radius-top-right:0px;--awb-border-radius-bottom-right:0px;--awb-border-radius-bottom-left:0px;--awb-background-color:#ffffff;--awb-flex-wrap:wrap;\" ><div class=\"fusion-builder-row fusion-row\"><div class=\"fusion-layout-column fusion_builder_column fusion-builder-column-0 fusion_builder_column_1_1 1_1 fusion-one-full fusion-column-first fusion-column-last fusion-animated\" style=\"--awb-padding-top:50px;--awb-padding-right:3%;--awb-padding-bottom:50px;--awb-padding-left:3%;--awb-bg-color:#ffffff;--awb-bg-color-hover:#ffffff;--awb-bg-size:cover;\" data-animationType=\"zoomIn\" data-animationDuration=\"0.3\" data-animationOffset=\"top-into-view\"><div class=\"fusion-column-wrapper fusion-column-has-shadow fusion-flex-column-wrapper-legacy\"><div class=\"fusion-text fusion-text-1\"><h1>Quem s\u00e3o os Centros para a Vida Espiritual?<\/h1>\n<p><img fetchpriority=\"high\" decoding=\"async\" class=\"size-full wp-image-2104 alignleft\" src=\"http:\/\/csl.org\/wp-content\/uploads\/sites\/8\/2019\/05\/home-office-300x259.jpg\" alt=\"CSL Home Office\" width=\"300\" height=\"259\" srcset=\"https:\/\/csl.org\/global\/wp-content\/uploads\/sites\/8\/2019\/05\/home-office-300x259-200x173.jpg 200w, https:\/\/csl.org\/global\/wp-content\/uploads\/sites\/8\/2019\/05\/home-office-300x259.jpg 300w\" sizes=\"(max-width: 300px) 100vw, 300px\" \/><\/p>\n<p>Baseado em Golden, Colorado, Centros para a Vida Espiritual\u2122 \u00e9 uma comunidade global composta por mais de 400 comunidades espirituais, cap\u00edtulos de ensino, grupos de estudo e outros minist\u00e9rios em 30 pa\u00edses. Estas comunidades ensinam uma filosofia do Novo Pensamento que re\u00fane religi\u00e3o e ci\u00eancia e oferece ferramentas espirituais para transformar vidas pessoais e ajudar a tornar o mundo um lugar melhor. Isto \u00e9 feito atrav\u00e9s do estudo e pr\u00e1tica da Ci\u00eancia da Mente e do Esp\u00edrito, tamb\u00e9m conhecida como Ci\u00eancia Religiosa, que sustenta que toda a vida \u00e9 sagrada &#8211; que cada ser humano \u00e9 uma express\u00e3o de Deus. Acreditamos em Causa e Efeito e ensinamos que &#8220;\u00e9 feito a v\u00f3s como v\u00f3s acreditais&#8221;. No fundo, o nosso pensamento e as nossas expectativas criam a nossa realidade. Os nossos ensinamentos incorporam a antiga sabedoria das tradi\u00e7\u00f5es espirituais ao longo dos tempos. Pessoas de todos os caminhos espirituais s\u00e3o bem-vindas nas nossas comunidades. Ajudamos as pessoas a experimentar uma rela\u00e7\u00e3o pessoal com o criador; promovemos uma comunidade de toler\u00e2ncia, compreens\u00e3o e respeito; proporcionamos aulas, programas, ora\u00e7\u00e3o e medita\u00e7\u00e3o; e defendemos uma comunidade espiritual segura de pessoas com os mesmos interesses, interessadas em viver uma vida espiritual.<\/p>\n<p>A Ci\u00eancia da Mente (tamb\u00e9m referida como Ci\u00eancia Religiosa) \u00e9 o ensino central dos Centros para a Vida Espiritual. Ci\u00eancia da Mente \u00e9 uma filosofia que integra as verdades espirituais com a ci\u00eancia e a f\u00edsica. Em termos simples, a Ci\u00eancia da Mente ensina a unidade de toda a vida. Inten\u00e7\u00f5es e ideias fluem atrav\u00e9s de um campo de consci\u00eancia, que de facto afecta e cria o mundo \u00e0 nossa volta. Esta ideia \u00e9 comum \u00e0 maioria das grandes religi\u00f5es e \u00e9 apoiada pelos ensinamentos da psicologia e da f\u00edsica qu\u00e2ntica. Em Science of Mind, acreditamos que o segredo para viver uma vida bem sucedida \u00e9 escolher conscientemente pensamentos positivos e produtivos. Dito de outra forma: &#8220;Tal como pensamos, assim nos tornamos&#8221;.<\/p>\n<\/div><div class=\"fusion-clearfix\"><\/div><\/div><\/div><\/div><\/div><div class=\"fusion-bg-parallax\" data-bg-align=\"center center\" data-direction=\"right\" data-mute=\"false\" data-opacity=\"100\" data-velocity=\"-0.7\" data-mobile-enabled=\"true\" data-break_parents=\"0\" data-bg-image=\"http:\/\/csl.org\/wp-content\/uploads\/sites\/8\/2019\/05\/u-leg-bridge-1024x576.jpg\" data-bg-repeat=\"false\" ><\/div><div class=\"fusion-fullwidth fullwidth-box fusion-builder-row-2 fusion-parallax-right gradient-container-2 nonhundred-percent-fullwidth non-hundred-percent-height-scrolling\" style=\"--awb-border-radius-top-left:0px;--awb-border-radius-top-right:0px;--awb-border-radius-bottom-right:0px;--awb-border-radius-bottom-left:0px;--awb-background-image:url(&quot;http:\/\/csl.org\/wp-content\/uploads\/sites\/8\/2019\/05\/u-leg-bridge-1024x576.jpg&quot;);--awb-background-size:cover;--awb-flex-wrap:wrap;\" ><div class=\"fusion-builder-row fusion-row\"><div class=\"fusion-layout-column fusion_builder_column fusion-builder-column-1 fusion_builder_column_1_1 1_1 fusion-one-full fusion-column-first fusion-column-last\" style=\"--awb-padding-top:250px;--awb-padding-right:200px;--awb-padding-bottom:250px;--awb-padding-left:200px;--awb-bg-size:cover;\"><div class=\"fusion-column-wrapper fusion-column-has-shadow fusion-flex-column-wrapper-legacy\"><div class=\"fusion-clearfix\"><\/div><\/div><\/div><\/div><\/div><\/p>\n","protected":false},"excerpt":{"rendered":"","protected":false},"author":1,"featured_media":0,"parent":7489,"menu_order":38,"comment_status":"closed","ping_status":"closed","template":"100-width.php","meta":{"_exactmetrics_skip_tracking":false,"_exactmetrics_sitenote_active":false,"_exactmetrics_sitenote_note":"","_exactmetrics_sitenote_category":0,"footnotes":""},"categories":[126],"tags":[],"class_list":["post-7490","page","type-page","status-publish","hentry","category-about-pt-pt-2"],"yoast_head":"<!-- This site is optimized with the Yoast SEO plugin v23.1 - https:\/\/yoast.com\/wordpress\/plugins\/seo\/ -->\n<title>Centros para a Vida Espiritual - Global Services - Centers for Spiritual Living<\/title>\n<meta name=\"robots\" content=\"index, follow, max-snippet:-1, max-image-preview:large, max-video-preview:-1\" \/>\n<link rel=\"canonical\" href=\"https:\/\/csl.org\/global\/pt-pt\/sobre-nos\/centros-para-a-vida-espiritual\/\" \/>\n<meta property=\"og:locale\" content=\"en_US\" \/>\n<meta property=\"og:type\" content=\"article\" \/>\n<meta property=\"og:title\" content=\"Centros para a Vida Espiritual - Global Services - Centers for Spiritual Living\" \/>\n<meta property=\"og:url\" content=\"https:\/\/csl.org\/global\/pt-pt\/sobre-nos\/centros-para-a-vida-espiritual\/\" \/>\n<meta property=\"og:site_name\" content=\"Global Services - Centers for Spiritual Living\" \/>\n<meta property=\"article:modified_time\" content=\"2020-08-18T11:29:28+00:00\" \/>\n<meta property=\"og:image\" content=\"http:\/\/csl.org\/wp-content\/uploads\/sites\/8\/2019\/05\/home-office-300x259.jpg\" \/>\n<meta name=\"twitter:card\" content=\"summary_large_image\" \/>\n<meta name=\"twitter:label1\" content=\"Est. reading time\" \/>\n\t<meta name=\"twitter:data1\" content=\"5 minutes\" \/>\n<script type=\"application\/ld+json\" class=\"yoast-schema-graph\">{\"@context\":\"https:\/\/schema.org\",\"@graph\":[{\"@type\":\"WebPage\",\"@id\":\"https:\/\/csl.org\/global\/pt-pt\/sobre-nos\/centros-para-a-vida-espiritual\/\",\"url\":\"https:\/\/csl.org\/global\/pt-pt\/sobre-nos\/centros-para-a-vida-espiritual\/\",\"name\":\"Centros para a Vida Espiritual - Global Services - Centers for Spiritual Living\",\"isPartOf\":{\"@id\":\"https:\/\/csl.org\/global\/de\/#website\"},\"primaryImageOfPage\":{\"@id\":\"https:\/\/csl.org\/global\/pt-pt\/sobre-nos\/centros-para-a-vida-espiritual\/#primaryimage\"},\"image\":{\"@id\":\"https:\/\/csl.org\/global\/pt-pt\/sobre-nos\/centros-para-a-vida-espiritual\/#primaryimage\"},\"thumbnailUrl\":\"http:\/\/csl.org\/wp-content\/uploads\/sites\/8\/2019\/05\/home-office-300x259.jpg\",\"datePublished\":\"2020-08-18T11:17:20+00:00\",\"dateModified\":\"2020-08-18T11:29:28+00:00\",\"breadcrumb\":{\"@id\":\"https:\/\/csl.org\/global\/pt-pt\/sobre-nos\/centros-para-a-vida-espiritual\/#breadcrumb\"},\"inLanguage\":\"en-US\",\"potentialAction\":[{\"@type\":\"ReadAction\",\"target\":[\"https:\/\/csl.org\/global\/pt-pt\/sobre-nos\/centros-para-a-vida-espiritual\/\"]}]},{\"@type\":\"ImageObject\",\"inLanguage\":\"en-US\",\"@id\":\"https:\/\/csl.org\/global\/pt-pt\/sobre-nos\/centros-para-a-vida-espiritual\/#primaryimage\",\"url\":\"http:\/\/csl.org\/wp-content\/uploads\/sites\/8\/2019\/05\/home-office-300x259.jpg\",\"contentUrl\":\"http:\/\/csl.org\/wp-content\/uploads\/sites\/8\/2019\/05\/home-office-300x259.jpg\"},{\"@type\":\"BreadcrumbList\",\"@id\":\"https:\/\/csl.org\/global\/pt-pt\/sobre-nos\/centros-para-a-vida-espiritual\/#breadcrumb\",\"itemListElement\":[{\"@type\":\"ListItem\",\"position\":1,\"name\":\"SOBRE N\u00d3S\",\"item\":\"https:\/\/csl.org\/global\/pt-pt\/sobre-nos\/\"},{\"@type\":\"ListItem\",\"position\":2,\"name\":\"Centros para a Vida Espiritual\"}]},{\"@type\":\"WebSite\",\"@id\":\"https:\/\/csl.org\/global\/de\/#website\",\"url\":\"https:\/\/csl.org\/global\/de\/\",\"name\":\"Global Services - Centers for Spiritual Living\",\"description\":\"\",\"potentialAction\":[{\"@type\":\"SearchAction\",\"target\":{\"@type\":\"EntryPoint\",\"urlTemplate\":\"https:\/\/csl.org\/global\/de\/?s={search_term_string}\"},\"query-input\":\"required name=search_term_string\"}],\"inLanguage\":\"en-US\"}]}<\/script>\n<!-- \/ Yoast SEO plugin. -->","yoast_head_json":{"title":"Centros para a Vida Espiritual - Global Services - Centers for Spiritual Living","robots":{"index":"index","follow":"follow","max-snippet":"max-snippet:-1","max-image-preview":"max-image-preview:large","max-video-preview":"max-video-preview:-1"},"canonical":"https:\/\/csl.org\/global\/pt-pt\/sobre-nos\/centros-para-a-vida-espiritual\/","og_locale":"en_US","og_type":"article","og_title":"Centros para a Vida Espiritual - Global Services - Centers for Spiritual Living","og_url":"https:\/\/csl.org\/global\/pt-pt\/sobre-nos\/centros-para-a-vida-espiritual\/","og_site_name":"Global Services - Centers for Spiritual Living","article_modified_time":"2020-08-18T11:29:28+00:00","og_image":[{"url":"http:\/\/csl.org\/wp-content\/uploads\/sites\/8\/2019\/05\/home-office-300x259.jpg"}],"twitter_card":"summary_large_image","twitter_misc":{"Est. reading time":"5 minutes"},"schema":{"@context":"https:\/\/schema.org","@graph":[{"@type":"WebPage","@id":"https:\/\/csl.org\/global\/pt-pt\/sobre-nos\/centros-para-a-vida-espiritual\/","url":"https:\/\/csl.org\/global\/pt-pt\/sobre-nos\/centros-para-a-vida-espiritual\/","name":"Centros para a Vida Espiritual - Global Services - Centers for Spiritual Living","isPartOf":{"@id":"https:\/\/csl.org\/global\/de\/#website"},"primaryImageOfPage":{"@id":"https:\/\/csl.org\/global\/pt-pt\/sobre-nos\/centros-para-a-vida-espiritual\/#primaryimage"},"image":{"@id":"https:\/\/csl.org\/global\/pt-pt\/sobre-nos\/centros-para-a-vida-espiritual\/#primaryimage"},"thumbnailUrl":"http:\/\/csl.org\/wp-content\/uploads\/sites\/8\/2019\/05\/home-office-300x259.jpg","datePublished":"2020-08-18T11:17:20+00:00","dateModified":"2020-08-18T11:29:28+00:00","breadcrumb":{"@id":"https:\/\/csl.org\/global\/pt-pt\/sobre-nos\/centros-para-a-vida-espiritual\/#breadcrumb"},"inLanguage":"en-US","potentialAction":[{"@type":"ReadAction","target":["https:\/\/csl.org\/global\/pt-pt\/sobre-nos\/centros-para-a-vida-espiritual\/"]}]},{"@type":"ImageObject","inLanguage":"en-US","@id":"https:\/\/csl.org\/global\/pt-pt\/sobre-nos\/centros-para-a-vida-espiritual\/#primaryimage","url":"http:\/\/csl.org\/wp-content\/uploads\/sites\/8\/2019\/05\/home-office-300x259.jpg","contentUrl":"http:\/\/csl.org\/wp-content\/uploads\/sites\/8\/2019\/05\/home-office-300x259.jpg"},{"@type":"BreadcrumbList","@id":"https:\/\/csl.org\/global\/pt-pt\/sobre-nos\/centros-para-a-vida-espiritual\/#breadcrumb","itemListElement":[{"@type":"ListItem","position":1,"name":"SOBRE N\u00d3S","item":"https:\/\/csl.org\/global\/pt-pt\/sobre-nos\/"},{"@type":"ListItem","position":2,"name":"Centros para a Vida Espiritual"}]},{"@type":"WebSite","@id":"https:\/\/csl.org\/global\/de\/#website","url":"https:\/\/csl.org\/global\/de\/","name":"Global Services - Centers for Spiritual Living","description":"","potentialAction":[{"@type":"SearchAction","target":{"@type":"EntryPoint","urlTemplate":"https:\/\/csl.org\/global\/de\/?s={search_term_string}"},"query-input":"required name=search_term_string"}],"inLanguage":"en-US"}]}},"_links":{"self":[{"href":"https:\/\/csl.org\/global\/wp-json\/wp\/v2\/pages\/7490"}],"collection":[{"href":"https:\/\/csl.org\/global\/wp-json\/wp\/v2\/pages"}],"about":[{"href":"https:\/\/csl.org\/global\/wp-json\/wp\/v2\/types\/page"}],"author":[{"embeddable":true,"href":"https:\/\/csl.org\/global\/wp-json\/wp\/v2\/users\/1"}],"replies":[{"embeddable":true,"href":"https:\/\/csl.org\/global\/wp-json\/wp\/v2\/comments?post=7490"}],"version-history":[{"count":8,"href":"https:\/\/csl.org\/global\/wp-json\/wp\/v2\/pages\/7490\/revisions"}],"predecessor-version":[{"id":7505,"href":"https:\/\/csl.org\/global\/wp-json\/wp\/v2\/pages\/7490\/revisions\/7505"}],"up":[{"embeddable":true,"href":"https:\/\/csl.org\/global\/wp-json\/wp\/v2\/pages\/7489"}],"wp:attachment":[{"href":"https:\/\/csl.org\/global\/wp-json\/wp\/v2\/media?parent=7490"}],"wp:term":[{"taxonomy":"category","embeddable":true,"href":"https:\/\/csl.org\/global\/wp-json\/wp\/v2\/categories?post=7490"},{"taxonomy":"post_tag","embeddable":true,"href":"https:\/\/csl.org\/global\/wp-json\/wp\/v2\/tags?post=7490"}],"curies":[{"name":"wp","href":"https:\/\/api.w.org\/{rel}","templated":true}]}}