{"id":7610,"date":"2020-08-18T12:43:19","date_gmt":"2020-08-18T12:43:19","guid":{"rendered":"https:\/\/csl.org\/global\/acerca\/servicos-globais\/support-team-additional-information\/"},"modified":"2020-09-09T08:36:40","modified_gmt":"2020-09-09T08:36:40","slug":"equipa-de-apoio-informacao-adicional","status":"publish","type":"page","link":"https:\/\/csl.org\/global\/sobre-nos\/servicos-globais\/equipa-de-apoio-informacao-adicional\/","title":{"rendered":"Equipa de apoio &#8211; Informa\u00e7\u00e3o adicional"},"content":{"rendered":"<p><div class=\"fusion-fullwidth fullwidth-box fusion-builder-row-1 gradient-container-1 nonhundred-percent-fullwidth non-hundred-percent-height-scrolling\" style=\"--awb-border-radius-top-left:0px;--awb-border-radius-top-right:0px;--awb-border-radius-bottom-right:0px;--awb-border-radius-bottom-left:0px;--awb-flex-wrap:wrap;\" ><div class=\"fusion-builder-row fusion-row\"><div class=\"fusion-layout-column fusion_builder_column fusion-builder-column-0 fusion_builder_column_1_1 1_1 fusion-one-full fusion-column-first fusion-column-last fusion-animated\" style=\"--awb-padding-top:50px;--awb-padding-right:3%;--awb-padding-bottom:50px;--awb-padding-left:3%;--awb-bg-size:cover;\" data-animationType=\"zoomIn\" data-animationDuration=\"0.3\" data-animationOffset=\"top-into-view\"><div class=\"fusion-column-wrapper fusion-column-has-shadow fusion-flex-column-wrapper-legacy\"><div class=\"fusion-text fusion-text-1\"><h1>Equipa de apoio &#8211; Informa\u00e7\u00e3o adicional<\/h1>\n<h2>Rev Martha Quintana, Coordenadora de Servi\u00e7os Globais de CSL<\/h2>\n<p>Bio Coming soon<strong><img decoding=\"async\" class=\"wp-image-8980 alignleft\" src=\"http:\/\/csl.org\/wp-content\/uploads\/sites\/8\/2020\/09\/Rev-Martha-Quintana-sm.jpg\" alt=\"\" width=\"100\" height=\"117\" \/><\/strong><strong>\u2026<\/strong><\/p>\n<p>&nbsp;<\/p>\n<p>&nbsp;<\/p>\n<p>&nbsp;<\/p>\n<h2>Rev Pattie Mercado, Presidente<\/h2>\n<p><img decoding=\"async\" class=\"alignleft wp-image-2154\" src=\"http:\/\/csl.org\/wp-content\/uploads\/sites\/8\/2019\/05\/Rev-Pattie-Mercado.jpg\" alt=\"Rev Pattie Mercado\" width=\"100\" height=\"128\" \/>A Rev. Pattie intitula-se &#8220;estudante da vida&#8221;, e passou quase 30 anos a transmitir esta vivacidade, interesse e envolvimento a &#8220;crian\u00e7as&#8221;. Directora da Juventude e Ministra Assistente na CSL Capistrano Valley, San Clemente, EUA, Rev. Pattie tem vindo a instigar esta fa\u00edsca na Juventude. Ela, o seu c\u00f4njuge e os seus descendentes agora adultos t\u00eam estado envolvidos nos ensinamentos (e nas vidas) da CSL desde 1986. A Rev. Pattie concluiu o licenciamento em 2011 e recebeu a Ordena\u00e7\u00e3o em 2014. A vibra\u00e7\u00e3o e o compromisso com a Juventude do planeta traz um enfoque muito apreciado \u00e0 Equipa Central de Servi\u00e7os Globais, e um profundo desejo de guiar as gera\u00e7\u00f5es futuras a abra\u00e7ar a verdadeira universalidade de N\u00f3s Somos Um.<\/p>\n<p>&nbsp;<\/p>\n<h2>Rev. , RScP, MS, MCS &#8211; Vice-presidente do Comit\u00e9 Servi\u00e7os Globais de CSL, Educa\u00e7\u00e3o, Medita\u00e7\u00e3o Colectiva Cora\u00e7\u00e3o de Paz de CSL<\/h2>\n<h2><img decoding=\"async\" class=\"wp-image-3268 alignleft\" src=\"http:\/\/csl.org\/wp-content\/uploads\/sites\/8\/2019\/07\/Rev.-Guenter-Maier-200x289.jpg\" alt=\"\" width=\"100\" height=\"144\" srcset=\"https:\/\/csl.org\/global\/wp-content\/uploads\/sites\/8\/2019\/07\/Rev.-Guenter-Maier-200x289.jpg 200w, https:\/\/csl.org\/global\/wp-content\/uploads\/sites\/8\/2019\/07\/Rev.-Guenter-Maier-208x300.jpg 208w, https:\/\/csl.org\/global\/wp-content\/uploads\/sites\/8\/2019\/07\/Rev.-Guenter-Maier.jpg 340w\" sizes=\"(max-width: 100px) 100vw, 100px\" \/><\/h2>\n<p>O Rev. Guenter vive em Bucareste, Rom\u00e9nia. Cresceu no sul da Alemanha e ganhou muita experi\u00eancia internacional com mais de tr\u00eas d\u00e9cadas de trabalho como economista, consultor, conselheiro comercial, correspondente comercial e escritor em quatro continentes &#8211; na Europa, Norte de \u00c1frica, Sudeste Asi\u00e1tico e Am\u00e9rica do Norte. Guenter \u00e9 um Ministro licenciado de CSL e Ministro Associado afiliado com o Centro para Vida Spiritual em Washington DC. Guenter formou-se no Instituto Holmes, Regi\u00e3o de Denver, em 2018. Adora o ensino da Ci\u00eancia da Mente e da espiritualidade e filosofia do Novo Pensamento, tem um forte interesse em filosofia, psicologia espiritual, aconselhamento, treino, l\u00ednguas, fotografia e arte. Email: <a href=\"m&#97;&#x69;&#x6c;t&#111;&#58;&#x72;&#x65;v&#103;&#x75;&#x65;n&#116;&#101;&#x72;&#x40;g&#109;&#x61;&#x69;l&#46;&#99;&#x6f;&#x6d;\">&#x72;&#101;v&#x67;&#117;e&#x6e;&#x74;&#101;&#x72;&#x40;&#103;m&#x61;&#105;l&#x2e;&#x63;&#111;&#x6d;<\/a><\/p>\n<p>&nbsp;<\/p>\n<h2>Rev Alex Escudero\u00a0<\/h2>\n<p><img loading=\"lazy\" decoding=\"async\" class=\"alignleft wp-image-2177\" src=\"http:\/\/csl.org\/wp-content\/uploads\/sites\/8\/2019\/05\/Rev.-Alex-Escudero.jpg\" alt=\"Rev. Alex Escudero\" width=\"100\" height=\"97\" \/>Com uma m\u00e3e colombiana e um pai norte-americano, o Rev. Alex Escudero cresceu em ambos os pa\u00edses. Com esta diversidade como parte do seu n\u00facleo, a Rev. Alex gravitou naturalmente para trabalhar para as Na\u00e7\u00f5es Unidas e serviu em \u00c1frica, na Am\u00e9rica Central e do Sul. Residente de longa data na \u00e1rea de Washington D.C., praticante desde 1999 antes de receber a Licen\u00e7a Ministerial, a Rev. Alex fundou o Center for Spiritual Living DC, EUA, \u00e9 funcion\u00e1ria da Comiss\u00e3o de Diversidade dos Centros para Vida Espiritual, e trabalha com o Comit\u00e9 de Planeamento para a Confer\u00eancia Anual do Novo Pensamento no M\u00e9xico. Ela \u00e9 um membro bem viajado e bem-vindo \u00e1 nossa Equipa Central de Servi\u00e7os Globais.<\/p>\n<p>&nbsp;<\/p>\n<h2>Rev Beth Linguri<\/h2>\n<p><img loading=\"lazy\" decoding=\"async\" class=\"alignleft wp-image-2147\" src=\"http:\/\/csl.org\/wp-content\/uploads\/sites\/8\/2019\/05\/bethlinguri.jpg\" alt=\"beth linguri\" width=\"100\" height=\"106\" srcset=\"https:\/\/csl.org\/global\/wp-content\/uploads\/sites\/8\/2019\/05\/bethlinguri-200x212.jpg 200w, https:\/\/csl.org\/global\/wp-content\/uploads\/sites\/8\/2019\/05\/bethlinguri-282x300.jpg 282w, https:\/\/csl.org\/global\/wp-content\/uploads\/sites\/8\/2019\/05\/bethlinguri.jpg 370w\" sizes=\"(max-width: 100px) 100vw, 100px\" \/>A Rev Beth Linguri \u00e9 a Directora Espiritual do Centro Internacional para a Vida Espiritual, uma associa\u00e7\u00e3o localizada em Genebra, Su\u00ed\u00e7a. Ela fundou o Centro para a Paz Genebra, um Cap\u00edtulo de Ensino da CSL, em 2011 e este evoluiu agora para o actual Centro. Ela fundou a Confer\u00eancia Internacional New Though, Spiritual Living Conscious Awakening, realizada no Chateau de Bossey, fora de Genebra, em 2011, e tem apoiado este evento anualmente at\u00e9 Agosto de 2015, quando celebrou o seu 5\u00ba anivers\u00e1rio. A seguinte declara\u00e7\u00e3o da Vis\u00e3o Global do Cora\u00e7\u00e3o inspirou-me a procurar uma carreira no minist\u00e9rio. Vemos um mundo em que a comunh\u00e3o com toda a vida prospera e se conecta atrav\u00e9s da orienta\u00e7\u00e3o da sabedoria espiritual e da experi\u00eancia. \u00c9 minha inten\u00e7\u00e3o desenvolver e fazer crescer uma comunidade espiritual para a comunidade internacional em Genebra, que est\u00e1 empenhada no trabalho humanit\u00e1rio em todo o mundo. Sei que este ensino transforma os cora\u00e7\u00f5es e mentes dos indiv\u00edduos e pode fazer crescer o cora\u00e7\u00e3o global para equilibrar o c\u00e9rebro global. H\u00e1 um novo mundo emergindo na consci\u00eancia das pessoas de todo o mundo e pretendo dedicar a minha vida a viver e a ensinar esta verdade. Beth est\u00e1 actualmente a apoiar Global Servi\u00e7os Globais &#8220;Iniciativa Ondas de Paz&#8221; que trabalha atrav\u00e9s do poder da ora\u00e7\u00e3o, para elevar a consci\u00eancia da humanidade aos princ\u00edpios do amor, beleza, verdade, alegria e liberdade, o nosso direito divino de nascimento, com a inten\u00e7\u00e3o de que todos os seres em toda a parte tenham acesso a essa Verdade e vivam em liberdade e paz.<\/p>\n<p>&nbsp;<\/p>\n<h2>Beverly Jacobson-Schler, RScP<\/h2>\n<p><img loading=\"lazy\" decoding=\"async\" class=\"alignleft wp-image-2148\" src=\"http:\/\/csl.org\/wp-content\/uploads\/sites\/8\/2019\/05\/Beverly_Jacobson-Schler.jpg\" alt=\"Beverly Jacobson Schler\" width=\"100\" height=\"124\" srcset=\"https:\/\/csl.org\/global\/wp-content\/uploads\/sites\/8\/2019\/05\/Beverly_Jacobson-Schler-200x248.jpg 200w, https:\/\/csl.org\/global\/wp-content\/uploads\/sites\/8\/2019\/05\/Beverly_Jacobson-Schler.jpg 213w\" sizes=\"(max-width: 100px) 100vw, 100px\" \/><\/p>\n<p>\u00c9 uma produtora mundial de multim\u00e9dia itinerante que tem vivido tanto internacionalmente como em todo o territ\u00f3rio dos Estados Unidos.<br \/>\nFoi apresentada \u00e0 Ci\u00eancia Religiosa pela primeira vez em 1986 ao estudar com Raymond Charles Barker em NYC, e est\u00e1 actualmente a servir como praticante na Mile Hi Church of Religious Science em Denver, Colorado.<\/p>\n<p>Beverly tem muitos projectos globais diversos a seu cr\u00e9dito nos \u00faltimos anos, incluindo a co-produ\u00e7\u00e3o de um programa de r\u00e1dio para jovens baseado na Austr\u00e1lia &#8211; &#8220;A nossa Terra &#8211; O nosso futuro&#8221;.<\/p>\n<p>Ela desenvolveu uma s\u00e9rie de webcasts internacionais intitulados &#8220;Uma Revolu\u00e7\u00e3o da Consci\u00eancia&#8221;, que foram transmitidos em directo do Centro para Vida Espiritual de Santa F\u00e9. Beverly co-apresentou a s\u00e9rie com o Rev. Bernardo Monserrat. Alguns dos convidados inclu\u00edram o autor Best Selling do New York Times, Gregg Braden, Wayne Mueller, e o Centro Metta para a N\u00e3o-Viol\u00eancia em S\u00e3o Francisco.<\/p>\n<p>Os seus document\u00e1rios curtos levaram-na para Havana Cuba, e Villcabamba, Equador.<\/p>\n<p>Ela serviu como &#8220;Media Maven&#8221; para a Iniciativa &#8220;Four Years&#8217; Go&#8221; da Pachamama Alliance de Lynn Twist, e \u00e9 uma colaboradora actual dos meios de comunica\u00e7\u00e3o social para a revista Science of Mind.<\/p>\n<p>A vis\u00e3o de Beverly \u00e9 contribuir com os seus talentos e amor de outras culturas para o Alcance Global e para o Comit\u00e9.<\/p>\n<p>&nbsp;<\/p>\n<h2>Rev Gerd Pontow<\/h2>\n<p><img loading=\"lazy\" decoding=\"async\" class=\"alignleft wp-image-3237\" src=\"http:\/\/csl.org\/wp-content\/uploads\/sites\/8\/2019\/06\/Rev.-Gerd-Pontow-200x257.jpg\" alt=\"\" width=\"100\" height=\"129\" srcset=\"https:\/\/csl.org\/global\/wp-content\/uploads\/sites\/8\/2019\/06\/Rev.-Gerd-Pontow-200x257.jpg 200w, https:\/\/csl.org\/global\/wp-content\/uploads\/sites\/8\/2019\/06\/Rev.-Gerd-Pontow-233x300.jpg 233w, https:\/\/csl.org\/global\/wp-content\/uploads\/sites\/8\/2019\/06\/Rev.-Gerd-Pontow.jpg 307w\" sizes=\"(max-width: 100px) 100vw, 100px\" \/><\/p>\n<p>O Rev. Gerd nasceu e foi criado na Alemanha; obteve um BCom (Economia e Pedagogia) da Universidade Livre de Berlim em 1969; imigrou para a \u00c1frica do Sul em 1970.<\/p>\n<p>Crescendo na Alemanha do p\u00f3s-guerra, deparou-se com a ideia de &#8220;Cidadania Global&#8221;, uma ideia de liga\u00e7\u00e3o com todos os seres em todo o lado que o intrigou imensamente e o influenciou fortemente para iniciar a sua viagem para a espiritualidade. A viagem espiritual foi um longo e sinuoso caminho atrav\u00e9s de muitos ensinamentos, at\u00e9 que ele acabou por se deparar com os Ensinamentos da Ci\u00eancia da Mente de Ernest Holmes, em 2001. Sentiu-se imediatamente &#8220;em casa&#8221; neste ensino e come\u00e7ou entusiasticamente a estudar sob a tutela do Rev. Stephanie Clarke em Joanesburgo\/\u00c1frica do Sul. Licenciou-se como Praticante da Ci\u00eancia Religiosa em 2005 e, pouco depois, tornou-se Director Espiritual do &#8220;Centro de Ensino da Alma em Casa para a Vida Espiritual&#8221; em Joanesburgo. Em 2016, o Rev. Gerd qualificou-se como Ministro do Novo Pensamento depois de completar com sucesso o seu curso de Estudos da Consci\u00eancia com a Escola de Lideran\u00e7a Espiritual dos Centros para a Vida Espiritual\/EUA.<\/p>\n<p>O Rev. Gerd \u00e9 apaixonado por ensinar aulas de SOM e tem ensinado muitas aulas acreditadas, incluindo Forma\u00e7\u00e3o de Praticantes. Come\u00e7ou recentemente a leccionar aulas online.<\/p>\n<p>Ele gosta de dar palestras nos Encontros Sagrados de Domingo no Lar da Alma e outras organiza\u00e7\u00f5es espirituais. Ele tamb\u00e9m serve como conselheiro espiritual profissional.<\/p>\n<p>Gerd considera-se um eterno estudante e encontra sempre novos ensinamentos espirituais &#8211; principalmente na tradi\u00e7\u00e3o do Novo Pensamento\/Sabedoria Antiga, que vale a pena explorar e aplicar.<\/p>\n<p>&nbsp;<\/p>\n<p>&nbsp;<\/p>\n<h2>Geoffrey Smith; Praticante de Ci\u00eancia Religiosa, Estudante Ministerial.<\/h2>\n<p><img loading=\"lazy\" decoding=\"async\" class=\"alignleft wp-image-3272\" src=\"http:\/\/csl.org\/wp-content\/uploads\/sites\/8\/2019\/07\/Geoffrey-Smith-200x247.jpg\" alt=\"\" width=\"100\" height=\"124\" srcset=\"https:\/\/csl.org\/global\/wp-content\/uploads\/sites\/8\/2019\/07\/Geoffrey-Smith-200x247.jpg 200w, https:\/\/csl.org\/global\/wp-content\/uploads\/sites\/8\/2019\/07\/Geoffrey-Smith-243x300.jpg 243w, https:\/\/csl.org\/global\/wp-content\/uploads\/sites\/8\/2019\/07\/Geoffrey-Smith-400x494.jpg 400w, https:\/\/csl.org\/global\/wp-content\/uploads\/sites\/8\/2019\/07\/Geoffrey-Smith.jpg 446w\" sizes=\"(max-width: 100px) 100vw, 100px\" \/><\/p>\n<p>H\u00e1 mais de 30 anos que estudo metaf\u00edsica, come\u00e7ando na Igreja Esp\u00edrita de Brisbane, sob a orienta\u00e7\u00e3o do Rev. Frank Bruce. Segui ent\u00e3o a inspira\u00e7\u00e3o do Esp\u00edrito que me trouxe para a filosofia da Ci\u00eancia da Mente. Tive o privil\u00e9gio de estudar sob o Rev. Richard Imprescia, em Austin, Texas, onde obtive a minha Licen\u00e7a de Praticante. Estou actualmente inscrito no Campus do Instituto Holmes na Florida no Curso de Estudos da Consci\u00eancia, com a gradua\u00e7\u00e3o prevista para 2019. Sou um Outreach Practitioner, residente em Sydney, Austr\u00e1lia.<\/p>\n<p>A minha vida tem-me servido bem, o acesso ao conhecimento, tem-me ajudado a despertar para percep\u00e7\u00f5es mais profundas dos princ\u00edpios universais, e da verdade intemporal. A minha inten\u00e7\u00e3o \u00e9 oferecer o mesmo acesso aos outros, atrav\u00e9s da educa\u00e7\u00e3o. Os Centros para a Vida Espiritual tornaram-se uma extens\u00e3o da minha fam\u00edlia, uma comunidade espiritual de indiv\u00edduos excepcionais que t\u00eam estado dispostos a partilhar o seu tempo, talentos e sabedoria. Sirvo no Comit\u00e9 de Servi\u00e7os Globais dos Centros para a Vida Espiritual, com a inten\u00e7\u00e3o de ajudar no crescimento do Novo Pensamento Global.<\/p>\n<p>Participo em sess\u00f5es regulares de medita\u00e7\u00e3o, tendo experi\u00eancia na facilita\u00e7\u00e3o de c\u00edrculos de medita\u00e7\u00e3o tanto f\u00edsica como virtualmente, conduzindo uma medita\u00e7\u00e3o de Cora\u00e7\u00e3o de Paz cada semana ao vivo no Zoom. Sou tamb\u00e9m apaixonado pela enfermagem, proporcionando principalmente um ambiente amoroso e nutritivo para aqueles que necessitam de assist\u00eancia. Tenho v\u00e1rios certificados de enfermagem, em Cuidados Agudos e Cuidados com Idosos, bem como uma Certifica\u00e7\u00e3o de Primeiros Socorros para a Sa\u00fade Mental. Tenho um Medalh\u00e3o de Bronze em Surf Life Saving e gosto de exerc\u00edcio, corrida e treino de gin\u00e1stica.<\/p>\n<p>Adoro abrir-me \u00e0 inspira\u00e7\u00e3o da criatividade, permitindo que a energia art\u00edstica flua atrav\u00e9s de mim, tenho interesses em design de interiores, arte gr\u00e1fica e redireccionamento de recursos \u00fateis. Vejo uma din\u00e2mica constante como a chave para uma viagem de sucesso.<\/p>\n<\/div><div class=\"fusion-clearfix\"><\/div><\/div><\/div><\/div><\/div><div class=\"fusion-fullwidth fullwidth-box fusion-builder-row-2 fusion-parallax-fixed gradient-container-2 nonhundred-percent-fullwidth non-hundred-percent-height-scrolling\" style=\"--awb-border-sizes-top:0px;--awb-border-sizes-bottom:0px;--awb-border-sizes-left:0px;--awb-border-sizes-right:0px;--awb-border-color:#ff9800;--awb-border-style:dashed;--awb-border-radius-top-left:0px;--awb-border-radius-top-right:0px;--awb-border-radius-bottom-right:0px;--awb-border-radius-bottom-left:0px;--awb-background-image:url(&quot;http:\/\/csl.org\/wp-content\/uploads\/sites\/8\/2019\/05\/team-spirit-support-1024x829.jpg&quot;);--awb-background-size:cover;--awb-flex-wrap:wrap;background-attachment:fixed;\" ><div class=\"fusion-builder-row fusion-row\"><div class=\"fusion-layout-column fusion_builder_column fusion-builder-column-1 fusion_builder_column_1_1 1_1 fusion-one-full fusion-column-first fusion-column-last fusion-column-inner-bg-wrapper\" style=\"--awb-padding-top:250px;--awb-padding-right:100px;--awb-padding-bottom:250px;--awb-padding-left:100px;--awb-inner-bg-size:cover;--awb-border-color:#ff9800;--awb-border-top:0;--awb-border-right:0;--awb-border-bottom:0;--awb-border-left:0;--awb-border-style:solid;\"><span class=\"fusion-column-inner-bg hover-type-zoomin\"><span class=\"fusion-column-anchor\"><span class=\"fusion-column-inner-bg-image\"><\/span><\/span><\/span><div class=\"fusion-column-wrapper fusion-column-has-shadow fusion-flex-column-wrapper-legacy\"><div class=\"fusion-clearfix\"><\/div><\/div><\/div><\/div><\/div><\/p>\n","protected":false},"excerpt":{"rendered":"","protected":false},"author":1,"featured_media":0,"parent":7509,"menu_order":289,"comment_status":"closed","ping_status":"closed","template":"100-width.php","meta":{"_exactmetrics_skip_tracking":false,"_exactmetrics_sitenote_active":false,"_exactmetrics_sitenote_note":"","_exactmetrics_sitenote_category":0,"footnotes":""},"categories":[126],"tags":[],"class_list":["post-7610","page","type-page","status-publish","hentry","category-about-pt-pt-2"],"yoast_head":"<!-- This site is optimized with the Yoast SEO plugin v23.1 - https:\/\/yoast.com\/wordpress\/plugins\/seo\/ -->\n<title>Equipa de apoio - Informa\u00e7\u00e3o adicional - Global Services - Centers for Spiritual Living<\/title>\n<meta name=\"robots\" content=\"index, follow, max-snippet:-1, max-image-preview:large, max-video-preview:-1\" \/>\n<link rel=\"canonical\" href=\"https:\/\/csl.org\/global\/pt-pt\/sobre-nos\/servicos-globais\/equipa-de-apoio-informacao-adicional\/\" \/>\n<meta property=\"og:locale\" content=\"en_US\" \/>\n<meta property=\"og:type\" content=\"article\" \/>\n<meta property=\"og:title\" content=\"Equipa de apoio - Informa\u00e7\u00e3o adicional - Global Services - Centers for Spiritual Living\" \/>\n<meta property=\"og:url\" content=\"https:\/\/csl.org\/global\/pt-pt\/sobre-nos\/servicos-globais\/equipa-de-apoio-informacao-adicional\/\" \/>\n<meta property=\"og:site_name\" content=\"Global Services - Centers for Spiritual Living\" \/>\n<meta property=\"article:modified_time\" content=\"2020-09-09T08:36:40+00:00\" \/>\n<meta property=\"og:image\" content=\"http:\/\/csl.org\/wp-content\/uploads\/sites\/8\/2020\/09\/Rev-Martha-Quintana-sm.jpg\" \/>\n<meta name=\"twitter:card\" content=\"summary_large_image\" \/>\n<meta name=\"twitter:label1\" content=\"Est. reading time\" \/>\n\t<meta name=\"twitter:data1\" content=\"11 minutes\" \/>\n<script type=\"application\/ld+json\" class=\"yoast-schema-graph\">{\"@context\":\"https:\/\/schema.org\",\"@graph\":[{\"@type\":\"WebPage\",\"@id\":\"https:\/\/csl.org\/global\/pt-pt\/sobre-nos\/servicos-globais\/equipa-de-apoio-informacao-adicional\/\",\"url\":\"https:\/\/csl.org\/global\/pt-pt\/sobre-nos\/servicos-globais\/equipa-de-apoio-informacao-adicional\/\",\"name\":\"Equipa de apoio - Informa\u00e7\u00e3o adicional - Global Services - Centers for Spiritual Living\",\"isPartOf\":{\"@id\":\"https:\/\/csl.org\/global\/de\/#website\"},\"primaryImageOfPage\":{\"@id\":\"https:\/\/csl.org\/global\/pt-pt\/sobre-nos\/servicos-globais\/equipa-de-apoio-informacao-adicional\/#primaryimage\"},\"image\":{\"@id\":\"https:\/\/csl.org\/global\/pt-pt\/sobre-nos\/servicos-globais\/equipa-de-apoio-informacao-adicional\/#primaryimage\"},\"thumbnailUrl\":\"http:\/\/csl.org\/wp-content\/uploads\/sites\/8\/2020\/09\/Rev-Martha-Quintana-sm.jpg\",\"datePublished\":\"2020-08-18T12:43:19+00:00\",\"dateModified\":\"2020-09-09T08:36:40+00:00\",\"breadcrumb\":{\"@id\":\"https:\/\/csl.org\/global\/pt-pt\/sobre-nos\/servicos-globais\/equipa-de-apoio-informacao-adicional\/#breadcrumb\"},\"inLanguage\":\"en-US\",\"potentialAction\":[{\"@type\":\"ReadAction\",\"target\":[\"https:\/\/csl.org\/global\/pt-pt\/sobre-nos\/servicos-globais\/equipa-de-apoio-informacao-adicional\/\"]}]},{\"@type\":\"ImageObject\",\"inLanguage\":\"en-US\",\"@id\":\"https:\/\/csl.org\/global\/pt-pt\/sobre-nos\/servicos-globais\/equipa-de-apoio-informacao-adicional\/#primaryimage\",\"url\":\"http:\/\/csl.org\/wp-content\/uploads\/sites\/8\/2020\/09\/Rev-Martha-Quintana-sm.jpg\",\"contentUrl\":\"http:\/\/csl.org\/wp-content\/uploads\/sites\/8\/2020\/09\/Rev-Martha-Quintana-sm.jpg\"},{\"@type\":\"BreadcrumbList\",\"@id\":\"https:\/\/csl.org\/global\/pt-pt\/sobre-nos\/servicos-globais\/equipa-de-apoio-informacao-adicional\/#breadcrumb\",\"itemListElement\":[{\"@type\":\"ListItem\",\"position\":1,\"name\":\"SOBRE N\u00d3S\",\"item\":\"https:\/\/csl.org\/global\/pt-pt\/sobre-nos\/\"},{\"@type\":\"ListItem\",\"position\":2,\"name\":\"Servi\u00e7os Globais\",\"item\":\"https:\/\/csl.org\/global\/pt-pt\/sobre-nos\/servicos-globais\/\"},{\"@type\":\"ListItem\",\"position\":3,\"name\":\"Equipa de apoio &#8211; Informa\u00e7\u00e3o adicional\"}]},{\"@type\":\"WebSite\",\"@id\":\"https:\/\/csl.org\/global\/de\/#website\",\"url\":\"https:\/\/csl.org\/global\/de\/\",\"name\":\"Global Services - Centers for Spiritual Living\",\"description\":\"\",\"potentialAction\":[{\"@type\":\"SearchAction\",\"target\":{\"@type\":\"EntryPoint\",\"urlTemplate\":\"https:\/\/csl.org\/global\/de\/?s={search_term_string}\"},\"query-input\":\"required name=search_term_string\"}],\"inLanguage\":\"en-US\"}]}<\/script>\n<!-- \/ Yoast SEO plugin. -->","yoast_head_json":{"title":"Equipa de apoio - Informa\u00e7\u00e3o adicional - Global Services - Centers for Spiritual Living","robots":{"index":"index","follow":"follow","max-snippet":"max-snippet:-1","max-image-preview":"max-image-preview:large","max-video-preview":"max-video-preview:-1"},"canonical":"https:\/\/csl.org\/global\/pt-pt\/sobre-nos\/servicos-globais\/equipa-de-apoio-informacao-adicional\/","og_locale":"en_US","og_type":"article","og_title":"Equipa de apoio - Informa\u00e7\u00e3o adicional - Global Services - Centers for Spiritual Living","og_url":"https:\/\/csl.org\/global\/pt-pt\/sobre-nos\/servicos-globais\/equipa-de-apoio-informacao-adicional\/","og_site_name":"Global Services - Centers for Spiritual Living","article_modified_time":"2020-09-09T08:36:40+00:00","og_image":[{"url":"http:\/\/csl.org\/wp-content\/uploads\/sites\/8\/2020\/09\/Rev-Martha-Quintana-sm.jpg"}],"twitter_card":"summary_large_image","twitter_misc":{"Est. reading time":"11 minutes"},"schema":{"@context":"https:\/\/schema.org","@graph":[{"@type":"WebPage","@id":"https:\/\/csl.org\/global\/pt-pt\/sobre-nos\/servicos-globais\/equipa-de-apoio-informacao-adicional\/","url":"https:\/\/csl.org\/global\/pt-pt\/sobre-nos\/servicos-globais\/equipa-de-apoio-informacao-adicional\/","name":"Equipa de apoio - Informa\u00e7\u00e3o adicional - Global Services - Centers for Spiritual Living","isPartOf":{"@id":"https:\/\/csl.org\/global\/de\/#website"},"primaryImageOfPage":{"@id":"https:\/\/csl.org\/global\/pt-pt\/sobre-nos\/servicos-globais\/equipa-de-apoio-informacao-adicional\/#primaryimage"},"image":{"@id":"https:\/\/csl.org\/global\/pt-pt\/sobre-nos\/servicos-globais\/equipa-de-apoio-informacao-adicional\/#primaryimage"},"thumbnailUrl":"http:\/\/csl.org\/wp-content\/uploads\/sites\/8\/2020\/09\/Rev-Martha-Quintana-sm.jpg","datePublished":"2020-08-18T12:43:19+00:00","dateModified":"2020-09-09T08:36:40+00:00","breadcrumb":{"@id":"https:\/\/csl.org\/global\/pt-pt\/sobre-nos\/servicos-globais\/equipa-de-apoio-informacao-adicional\/#breadcrumb"},"inLanguage":"en-US","potentialAction":[{"@type":"ReadAction","target":["https:\/\/csl.org\/global\/pt-pt\/sobre-nos\/servicos-globais\/equipa-de-apoio-informacao-adicional\/"]}]},{"@type":"ImageObject","inLanguage":"en-US","@id":"https:\/\/csl.org\/global\/pt-pt\/sobre-nos\/servicos-globais\/equipa-de-apoio-informacao-adicional\/#primaryimage","url":"http:\/\/csl.org\/wp-content\/uploads\/sites\/8\/2020\/09\/Rev-Martha-Quintana-sm.jpg","contentUrl":"http:\/\/csl.org\/wp-content\/uploads\/sites\/8\/2020\/09\/Rev-Martha-Quintana-sm.jpg"},{"@type":"BreadcrumbList","@id":"https:\/\/csl.org\/global\/pt-pt\/sobre-nos\/servicos-globais\/equipa-de-apoio-informacao-adicional\/#breadcrumb","itemListElement":[{"@type":"ListItem","position":1,"name":"SOBRE N\u00d3S","item":"https:\/\/csl.org\/global\/pt-pt\/sobre-nos\/"},{"@type":"ListItem","position":2,"name":"Servi\u00e7os Globais","item":"https:\/\/csl.org\/global\/pt-pt\/sobre-nos\/servicos-globais\/"},{"@type":"ListItem","position":3,"name":"Equipa de apoio &#8211; Informa\u00e7\u00e3o adicional"}]},{"@type":"WebSite","@id":"https:\/\/csl.org\/global\/de\/#website","url":"https:\/\/csl.org\/global\/de\/","name":"Global Services - Centers for Spiritual Living","description":"","potentialAction":[{"@type":"SearchAction","target":{"@type":"EntryPoint","urlTemplate":"https:\/\/csl.org\/global\/de\/?s={search_term_string}"},"query-input":"required name=search_term_string"}],"inLanguage":"en-US"}]}},"_links":{"self":[{"href":"https:\/\/csl.org\/global\/wp-json\/wp\/v2\/pages\/7610"}],"collection":[{"href":"https:\/\/csl.org\/global\/wp-json\/wp\/v2\/pages"}],"about":[{"href":"https:\/\/csl.org\/global\/wp-json\/wp\/v2\/types\/page"}],"author":[{"embeddable":true,"href":"https:\/\/csl.org\/global\/wp-json\/wp\/v2\/users\/1"}],"replies":[{"embeddable":true,"href":"https:\/\/csl.org\/global\/wp-json\/wp\/v2\/comments?post=7610"}],"version-history":[{"count":11,"href":"https:\/\/csl.org\/global\/wp-json\/wp\/v2\/pages\/7610\/revisions"}],"predecessor-version":[{"id":8999,"href":"https:\/\/csl.org\/global\/wp-json\/wp\/v2\/pages\/7610\/revisions\/8999"}],"up":[{"embeddable":true,"href":"https:\/\/csl.org\/global\/wp-json\/wp\/v2\/pages\/7509"}],"wp:attachment":[{"href":"https:\/\/csl.org\/global\/wp-json\/wp\/v2\/media?parent=7610"}],"wp:term":[{"taxonomy":"category","embeddable":true,"href":"https:\/\/csl.org\/global\/wp-json\/wp\/v2\/categories?post=7610"},{"taxonomy":"post_tag","embeddable":true,"href":"https:\/\/csl.org\/global\/wp-json\/wp\/v2\/tags?post=7610"}],"curies":[{"name":"wp","href":"https:\/\/api.w.org\/{rel}","templated":true}]}}