{"id":7771,"date":"2020-08-19T09:29:14","date_gmt":"2020-08-19T09:29:14","guid":{"rendered":"https:\/\/csl.org\/global\/recursos\/criacao-de-um-grupo-ciencia-da-mente\/classes-and-discussion-material\/"},"modified":"2020-09-04T14:48:41","modified_gmt":"2020-09-04T14:48:41","slug":"aulas-e-material-de-discussao","status":"publish","type":"page","link":"https:\/\/csl.org\/global\/recursos\/criacao-de-um-grupo-ciencia-da-mente\/aulas-e-material-de-discussao\/","title":{"rendered":"Aulas e Material de Discuss\u00e3o"},"content":{"rendered":"<p><div class=\"fusion-fullwidth fullwidth-box fusion-builder-row-1 gradient-container-1 nonhundred-percent-fullwidth non-hundred-percent-height-scrolling\" style=\"--awb-border-radius-top-left:0px;--awb-border-radius-top-right:0px;--awb-border-radius-bottom-right:0px;--awb-border-radius-bottom-left:0px;--awb-background-color:#ffffff;--awb-flex-wrap:wrap;\" ><div class=\"fusion-builder-row fusion-row\"><div class=\"fusion-layout-column fusion_builder_column fusion-builder-column-0 fusion_builder_column_1_1 1_1 fusion-one-full fusion-column-first fusion-column-last fusion-animated\" style=\"--awb-padding-top:50px;--awb-padding-right:3%;--awb-padding-bottom:50px;--awb-padding-left:3%;--awb-bg-color:#ffffff;--awb-bg-color-hover:#ffffff;--awb-bg-size:cover;\" data-animationType=\"fadeInLeft\" data-animationDuration=\"0.3\" data-animationOffset=\"top-into-view\"><div class=\"fusion-column-wrapper fusion-column-has-shadow fusion-flex-column-wrapper-legacy\"><div class=\"fusion-text fusion-text-1\"><h1>Aulas e Material de Discuss\u00e3o<\/h1>\n<p><img fetchpriority=\"high\" decoding=\"async\" class=\"size-fusion-400 wp-image-2288 alignright\" src=\"http:\/\/csl.org\/wp-content\/uploads\/sites\/8\/2019\/05\/completing-the-puzzle-400x254.jpg\" alt=\"\" width=\"400\" height=\"254\" srcset=\"https:\/\/csl.org\/global\/wp-content\/uploads\/sites\/8\/2019\/05\/completing-the-puzzle-200x127.jpg 200w, https:\/\/csl.org\/global\/wp-content\/uploads\/sites\/8\/2019\/05\/completing-the-puzzle-300x190.jpg 300w, https:\/\/csl.org\/global\/wp-content\/uploads\/sites\/8\/2019\/05\/completing-the-puzzle-320x202.jpg 320w, https:\/\/csl.org\/global\/wp-content\/uploads\/sites\/8\/2019\/05\/completing-the-puzzle-400x254.jpg 400w, https:\/\/csl.org\/global\/wp-content\/uploads\/sites\/8\/2019\/05\/completing-the-puzzle-600x381.jpg 600w, https:\/\/csl.org\/global\/wp-content\/uploads\/sites\/8\/2019\/05\/completing-the-puzzle-768x488.jpg 768w, https:\/\/csl.org\/global\/wp-content\/uploads\/sites\/8\/2019\/05\/completing-the-puzzle-800x508.jpg 800w, https:\/\/csl.org\/global\/wp-content\/uploads\/sites\/8\/2019\/05\/completing-the-puzzle-1024x650.jpg 1024w, https:\/\/csl.org\/global\/wp-content\/uploads\/sites\/8\/2019\/05\/completing-the-puzzle-1200x762.jpg 1200w, https:\/\/csl.org\/global\/wp-content\/uploads\/sites\/8\/2019\/05\/completing-the-puzzle.jpg 1920w\" sizes=\"(max-width: 400px) 100vw, 400px\" \/><\/p>\n<p>Os Centros para a Vida Espiritual disponibilizaram a todos os nossos l\u00edderes de grupo uma quantidade significativa de material gratuito para o ajudar a ensinar e discutir os princ\u00edpios da Ci\u00eancia da Mente e do Esp\u00edrito.<\/p>\n<p>Mais material est\u00e1 sempre a ser acrescentado.<\/p>\n<p><em>Nota: para aceder \u00e0s seguintes informa\u00e7\u00f5es, necessitar\u00e1 de um nome de utilizador e uma palavra-passe. Se for um l\u00edder de grupo registado e n\u00e3o tiver um nome de utilizador e palavra-passe, por favor contacte <a href=\"&#x6d;a&#x69;&#108;t&#x6f;&#58;&#x6d;&#x71;u&#x69;&#110;t&#x61;&#110;&#x61;&#64;c&#x73;&#108;&#46;&#x6f;&#114;&#x67;\">&#109;q&#117;i&#110;t&#x61;n&#x61;&#64;&#x63;s&#x6c;&#46;&#x6f;r&#x67;<\/a> para os solicitar.<\/em><\/p>\n<p><strong>Coisas a que pode aceder e descarregar a partir <a href=\"https:\/\/ourcsl.org\/resources\/spiritual-group-discussion-resources\" target=\"_blank\" rel=\"noopener noreferrer\">desta p\u00e1gina<\/a>:<\/strong><\/p>\n<ul>\n<li>Guias de discuss\u00e3o para acompanhar os livros de Ernest Holmes<\/li>\n<li>Aula b\u00e1sica introdut\u00f3ria de Ci\u00eancia da Mente<\/li>\n<li>Material did\u00e1ctico diverso e de discuss\u00e3o<\/li>\n<li>Um manual de planeamento de vida<\/li>\n<\/ul>\n<p><strong>Coisas a que pode aceder e descarregar a partir <a href=\"https:\/\/ourcsl.org\/resources\/spiritual-living-circles\" target=\"_blank\" rel=\"noopener noreferrer\">desta p\u00e1gina<\/a>:<\/strong><\/p>\n<ul>\n<li>Informa\u00e7\u00e3o sobre como iniciar um C\u00edrculo de Vida Espiritual<\/li>\n<li>Um arquivo de guias de discuss\u00e3o de Circulos de Vida Espiritual.<\/li>\n<\/ul>\n<p><strong>Coisas a que pode aceder e descarregar a partir <a href=\"https:\/\/ourcsl.org\/documentos-espanoles\/recursos\" target=\"_blank\" rel=\"noopener noreferrer\">desta p\u00e1gina<\/a>:<\/strong><\/p>\n<ul>\n<li>Guias de discuss\u00e3o em l\u00edngua espanhola para os livros de Ernest Holmes<\/li>\n<\/ul>\n<\/div><div class=\"fusion-clearfix\"><\/div><\/div><\/div><\/div><\/div><div class=\"fusion-bg-parallax\" data-bg-align=\"center center\" data-direction=\"left\" data-mute=\"false\" data-opacity=\"100\" data-velocity=\"-0.7\" data-mobile-enabled=\"true\" data-break_parents=\"0\" data-bg-image=\"http:\/\/csl.org\/wp-content\/uploads\/sites\/8\/2019\/05\/snails-1024x678.jpg\" data-bg-repeat=\"false\" ><\/div><div class=\"fusion-fullwidth fullwidth-box fusion-builder-row-2 fusion-parallax-left gradient-container-2 nonhundred-percent-fullwidth non-hundred-percent-height-scrolling\" style=\"--awb-border-radius-top-left:0px;--awb-border-radius-top-right:0px;--awb-border-radius-bottom-right:0px;--awb-border-radius-bottom-left:0px;--awb-background-image:url(&quot;http:\/\/csl.org\/wp-content\/uploads\/sites\/8\/2019\/05\/snails-1024x678.jpg&quot;);--awb-background-size:cover;--awb-flex-wrap:wrap;\" ><div class=\"fusion-builder-row fusion-row\"><div class=\"fusion-layout-column fusion_builder_column fusion-builder-column-1 fusion_builder_column_1_1 1_1 fusion-one-full fusion-column-first fusion-column-last\" style=\"--awb-padding-top:250px;--awb-padding-right:200px;--awb-padding-bottom:250px;--awb-padding-left:200px;--awb-bg-size:cover;\"><div class=\"fusion-column-wrapper fusion-column-has-shadow fusion-flex-column-wrapper-legacy\"><div class=\"fusion-clearfix\"><\/div><\/div><\/div><\/div><\/div><\/p>\n","protected":false},"excerpt":{"rendered":"","protected":false},"author":1,"featured_media":0,"parent":7654,"menu_order":45,"comment_status":"closed","ping_status":"closed","template":"100-width.php","meta":{"_exactmetrics_skip_tracking":false,"_exactmetrics_sitenote_active":false,"_exactmetrics_sitenote_note":"","_exactmetrics_sitenote_category":0,"footnotes":""},"categories":[123],"tags":[],"class_list":["post-7771","page","type-page","status-publish","hentry","category-recursos-pt-pt"],"yoast_head":"<!-- This site is optimized with the Yoast SEO plugin v23.1 - https:\/\/yoast.com\/wordpress\/plugins\/seo\/ -->\n<title>Aulas e Material de Discuss\u00e3o - Global Services - Centers for Spiritual Living<\/title>\n<meta name=\"robots\" content=\"index, follow, max-snippet:-1, max-image-preview:large, max-video-preview:-1\" \/>\n<link rel=\"canonical\" href=\"https:\/\/csl.org\/global\/pt-pt\/recursos\/criacao-de-um-grupo-ciencia-da-mente\/aulas-e-material-de-discussao\/\" \/>\n<meta property=\"og:locale\" content=\"en_US\" \/>\n<meta property=\"og:type\" content=\"article\" \/>\n<meta property=\"og:title\" content=\"Aulas e Material de Discuss\u00e3o - Global Services - Centers for Spiritual Living\" \/>\n<meta property=\"og:url\" content=\"https:\/\/csl.org\/global\/pt-pt\/recursos\/criacao-de-um-grupo-ciencia-da-mente\/aulas-e-material-de-discussao\/\" \/>\n<meta property=\"og:site_name\" content=\"Global Services - Centers for Spiritual Living\" \/>\n<meta property=\"article:modified_time\" content=\"2020-09-04T14:48:41+00:00\" \/>\n<meta property=\"og:image\" content=\"http:\/\/csl.org\/wp-content\/uploads\/sites\/8\/2019\/05\/completing-the-puzzle-400x254.jpg\" \/>\n<meta name=\"twitter:card\" content=\"summary_large_image\" \/>\n<meta name=\"twitter:label1\" content=\"Est. reading time\" \/>\n\t<meta name=\"twitter:data1\" content=\"4 minutes\" \/>\n<script type=\"application\/ld+json\" class=\"yoast-schema-graph\">{\"@context\":\"https:\/\/schema.org\",\"@graph\":[{\"@type\":\"WebPage\",\"@id\":\"https:\/\/csl.org\/global\/pt-pt\/recursos\/criacao-de-um-grupo-ciencia-da-mente\/aulas-e-material-de-discussao\/\",\"url\":\"https:\/\/csl.org\/global\/pt-pt\/recursos\/criacao-de-um-grupo-ciencia-da-mente\/aulas-e-material-de-discussao\/\",\"name\":\"Aulas e Material de Discuss\u00e3o - Global Services - Centers for Spiritual Living\",\"isPartOf\":{\"@id\":\"https:\/\/csl.org\/global\/de\/#website\"},\"primaryImageOfPage\":{\"@id\":\"https:\/\/csl.org\/global\/pt-pt\/recursos\/criacao-de-um-grupo-ciencia-da-mente\/aulas-e-material-de-discussao\/#primaryimage\"},\"image\":{\"@id\":\"https:\/\/csl.org\/global\/pt-pt\/recursos\/criacao-de-um-grupo-ciencia-da-mente\/aulas-e-material-de-discussao\/#primaryimage\"},\"thumbnailUrl\":\"http:\/\/csl.org\/wp-content\/uploads\/sites\/8\/2019\/05\/completing-the-puzzle-400x254.jpg\",\"datePublished\":\"2020-08-19T09:29:14+00:00\",\"dateModified\":\"2020-09-04T14:48:41+00:00\",\"breadcrumb\":{\"@id\":\"https:\/\/csl.org\/global\/pt-pt\/recursos\/criacao-de-um-grupo-ciencia-da-mente\/aulas-e-material-de-discussao\/#breadcrumb\"},\"inLanguage\":\"en-US\",\"potentialAction\":[{\"@type\":\"ReadAction\",\"target\":[\"https:\/\/csl.org\/global\/pt-pt\/recursos\/criacao-de-um-grupo-ciencia-da-mente\/aulas-e-material-de-discussao\/\"]}]},{\"@type\":\"ImageObject\",\"inLanguage\":\"en-US\",\"@id\":\"https:\/\/csl.org\/global\/pt-pt\/recursos\/criacao-de-um-grupo-ciencia-da-mente\/aulas-e-material-de-discussao\/#primaryimage\",\"url\":\"http:\/\/csl.org\/wp-content\/uploads\/sites\/8\/2019\/05\/completing-the-puzzle-400x254.jpg\",\"contentUrl\":\"http:\/\/csl.org\/wp-content\/uploads\/sites\/8\/2019\/05\/completing-the-puzzle-400x254.jpg\"},{\"@type\":\"BreadcrumbList\",\"@id\":\"https:\/\/csl.org\/global\/pt-pt\/recursos\/criacao-de-um-grupo-ciencia-da-mente\/aulas-e-material-de-discussao\/#breadcrumb\",\"itemListElement\":[{\"@type\":\"ListItem\",\"position\":1,\"name\":\"RECURSOS\",\"item\":\"https:\/\/csl.org\/global\/pt-pt\/recursos\/\"},{\"@type\":\"ListItem\",\"position\":2,\"name\":\"Cria\u00e7\u00e3o de um Grupo Ci\u00eancia da Mente\",\"item\":\"https:\/\/csl.org\/global\/pt-pt\/recursos\/criacao-de-um-grupo-ciencia-da-mente\/\"},{\"@type\":\"ListItem\",\"position\":3,\"name\":\"Aulas e Material de Discuss\u00e3o\"}]},{\"@type\":\"WebSite\",\"@id\":\"https:\/\/csl.org\/global\/de\/#website\",\"url\":\"https:\/\/csl.org\/global\/de\/\",\"name\":\"Global Services - Centers for Spiritual Living\",\"description\":\"\",\"potentialAction\":[{\"@type\":\"SearchAction\",\"target\":{\"@type\":\"EntryPoint\",\"urlTemplate\":\"https:\/\/csl.org\/global\/de\/?s={search_term_string}\"},\"query-input\":\"required name=search_term_string\"}],\"inLanguage\":\"en-US\"}]}<\/script>\n<!-- \/ Yoast SEO plugin. -->","yoast_head_json":{"title":"Aulas e Material de Discuss\u00e3o - Global Services - Centers for Spiritual Living","robots":{"index":"index","follow":"follow","max-snippet":"max-snippet:-1","max-image-preview":"max-image-preview:large","max-video-preview":"max-video-preview:-1"},"canonical":"https:\/\/csl.org\/global\/pt-pt\/recursos\/criacao-de-um-grupo-ciencia-da-mente\/aulas-e-material-de-discussao\/","og_locale":"en_US","og_type":"article","og_title":"Aulas e Material de Discuss\u00e3o - Global Services - Centers for Spiritual Living","og_url":"https:\/\/csl.org\/global\/pt-pt\/recursos\/criacao-de-um-grupo-ciencia-da-mente\/aulas-e-material-de-discussao\/","og_site_name":"Global Services - Centers for Spiritual Living","article_modified_time":"2020-09-04T14:48:41+00:00","og_image":[{"url":"http:\/\/csl.org\/wp-content\/uploads\/sites\/8\/2019\/05\/completing-the-puzzle-400x254.jpg"}],"twitter_card":"summary_large_image","twitter_misc":{"Est. reading time":"4 minutes"},"schema":{"@context":"https:\/\/schema.org","@graph":[{"@type":"WebPage","@id":"https:\/\/csl.org\/global\/pt-pt\/recursos\/criacao-de-um-grupo-ciencia-da-mente\/aulas-e-material-de-discussao\/","url":"https:\/\/csl.org\/global\/pt-pt\/recursos\/criacao-de-um-grupo-ciencia-da-mente\/aulas-e-material-de-discussao\/","name":"Aulas e Material de Discuss\u00e3o - Global Services - Centers for Spiritual Living","isPartOf":{"@id":"https:\/\/csl.org\/global\/de\/#website"},"primaryImageOfPage":{"@id":"https:\/\/csl.org\/global\/pt-pt\/recursos\/criacao-de-um-grupo-ciencia-da-mente\/aulas-e-material-de-discussao\/#primaryimage"},"image":{"@id":"https:\/\/csl.org\/global\/pt-pt\/recursos\/criacao-de-um-grupo-ciencia-da-mente\/aulas-e-material-de-discussao\/#primaryimage"},"thumbnailUrl":"http:\/\/csl.org\/wp-content\/uploads\/sites\/8\/2019\/05\/completing-the-puzzle-400x254.jpg","datePublished":"2020-08-19T09:29:14+00:00","dateModified":"2020-09-04T14:48:41+00:00","breadcrumb":{"@id":"https:\/\/csl.org\/global\/pt-pt\/recursos\/criacao-de-um-grupo-ciencia-da-mente\/aulas-e-material-de-discussao\/#breadcrumb"},"inLanguage":"en-US","potentialAction":[{"@type":"ReadAction","target":["https:\/\/csl.org\/global\/pt-pt\/recursos\/criacao-de-um-grupo-ciencia-da-mente\/aulas-e-material-de-discussao\/"]}]},{"@type":"ImageObject","inLanguage":"en-US","@id":"https:\/\/csl.org\/global\/pt-pt\/recursos\/criacao-de-um-grupo-ciencia-da-mente\/aulas-e-material-de-discussao\/#primaryimage","url":"http:\/\/csl.org\/wp-content\/uploads\/sites\/8\/2019\/05\/completing-the-puzzle-400x254.jpg","contentUrl":"http:\/\/csl.org\/wp-content\/uploads\/sites\/8\/2019\/05\/completing-the-puzzle-400x254.jpg"},{"@type":"BreadcrumbList","@id":"https:\/\/csl.org\/global\/pt-pt\/recursos\/criacao-de-um-grupo-ciencia-da-mente\/aulas-e-material-de-discussao\/#breadcrumb","itemListElement":[{"@type":"ListItem","position":1,"name":"RECURSOS","item":"https:\/\/csl.org\/global\/pt-pt\/recursos\/"},{"@type":"ListItem","position":2,"name":"Cria\u00e7\u00e3o de um Grupo Ci\u00eancia da Mente","item":"https:\/\/csl.org\/global\/pt-pt\/recursos\/criacao-de-um-grupo-ciencia-da-mente\/"},{"@type":"ListItem","position":3,"name":"Aulas e Material de Discuss\u00e3o"}]},{"@type":"WebSite","@id":"https:\/\/csl.org\/global\/de\/#website","url":"https:\/\/csl.org\/global\/de\/","name":"Global Services - Centers for Spiritual Living","description":"","potentialAction":[{"@type":"SearchAction","target":{"@type":"EntryPoint","urlTemplate":"https:\/\/csl.org\/global\/de\/?s={search_term_string}"},"query-input":"required name=search_term_string"}],"inLanguage":"en-US"}]}},"_links":{"self":[{"href":"https:\/\/csl.org\/global\/wp-json\/wp\/v2\/pages\/7771"}],"collection":[{"href":"https:\/\/csl.org\/global\/wp-json\/wp\/v2\/pages"}],"about":[{"href":"https:\/\/csl.org\/global\/wp-json\/wp\/v2\/types\/page"}],"author":[{"embeddable":true,"href":"https:\/\/csl.org\/global\/wp-json\/wp\/v2\/users\/1"}],"replies":[{"embeddable":true,"href":"https:\/\/csl.org\/global\/wp-json\/wp\/v2\/comments?post=7771"}],"version-history":[{"count":7,"href":"https:\/\/csl.org\/global\/wp-json\/wp\/v2\/pages\/7771\/revisions"}],"predecessor-version":[{"id":8926,"href":"https:\/\/csl.org\/global\/wp-json\/wp\/v2\/pages\/7771\/revisions\/8926"}],"up":[{"embeddable":true,"href":"https:\/\/csl.org\/global\/wp-json\/wp\/v2\/pages\/7654"}],"wp:attachment":[{"href":"https:\/\/csl.org\/global\/wp-json\/wp\/v2\/media?parent=7771"}],"wp:term":[{"taxonomy":"category","embeddable":true,"href":"https:\/\/csl.org\/global\/wp-json\/wp\/v2\/categories?post=7771"},{"taxonomy":"post_tag","embeddable":true,"href":"https:\/\/csl.org\/global\/wp-json\/wp\/v2\/tags?post=7771"}],"curies":[{"name":"wp","href":"https:\/\/api.w.org\/{rel}","templated":true}]}}