{"id":7786,"date":"2020-08-19T09:50:33","date_gmt":"2020-08-19T09:50:33","guid":{"rendered":"https:\/\/csl.org\/global\/recursos\/criacao-de-um-grupo-ciencia-da-mente\/ideas-for-growing-your-group\/"},"modified":"2020-09-04T14:53:20","modified_gmt":"2020-09-04T14:53:20","slug":"ideias-para-o-crescimento-do-seu-grupo","status":"publish","type":"page","link":"https:\/\/csl.org\/global\/recursos\/criacao-de-um-grupo-ciencia-da-mente\/ideias-para-o-crescimento-do-seu-grupo\/","title":{"rendered":"Ideias para o crescimento do seu grupo"},"content":{"rendered":"<p><div class=\"fusion-fullwidth fullwidth-box fusion-builder-row-1 gradient-container-1 nonhundred-percent-fullwidth non-hundred-percent-height-scrolling\" style=\"--awb-border-radius-top-left:0px;--awb-border-radius-top-right:0px;--awb-border-radius-bottom-right:0px;--awb-border-radius-bottom-left:0px;--awb-background-color:#ffffff;--awb-flex-wrap:wrap;\" ><div class=\"fusion-builder-row fusion-row\"><div class=\"fusion-layout-column fusion_builder_column fusion-builder-column-0 fusion_builder_column_1_1 1_1 fusion-one-full fusion-column-first fusion-column-last fusion-animated\" style=\"--awb-padding-top:50px;--awb-padding-right:3%;--awb-padding-bottom:50px;--awb-padding-left:3%;--awb-bg-color:#ffffff;--awb-bg-color-hover:#ffffff;--awb-bg-size:cover;\" data-animationType=\"fadeInLeft\" data-animationDuration=\"0.3\" data-animationOffset=\"top-into-view\"><div class=\"fusion-column-wrapper fusion-column-has-shadow fusion-flex-column-wrapper-legacy\"><div class=\"fusion-text fusion-text-1\"><h1>Ideias para o crescimento do seu grupo<\/h1>\n<p><img fetchpriority=\"high\" decoding=\"async\" class=\"size-400 wp-image-2739 alignright\" src=\"http:\/\/csl.org\/wp-content\/uploads\/sites\/8\/2019\/05\/idea-world-400x240.jpg\" alt=\"\" width=\"400\" height=\"240\" srcset=\"https:\/\/csl.org\/global\/wp-content\/uploads\/sites\/8\/2019\/05\/idea-world-200x120.jpg 200w, https:\/\/csl.org\/global\/wp-content\/uploads\/sites\/8\/2019\/05\/idea-world-300x180.jpg 300w, https:\/\/csl.org\/global\/wp-content\/uploads\/sites\/8\/2019\/05\/idea-world-400x240.jpg 400w, https:\/\/csl.org\/global\/wp-content\/uploads\/sites\/8\/2019\/05\/idea-world-600x360.jpg 600w, https:\/\/csl.org\/global\/wp-content\/uploads\/sites\/8\/2019\/05\/idea-world-768x461.jpg 768w, https:\/\/csl.org\/global\/wp-content\/uploads\/sites\/8\/2019\/05\/idea-world-800x480.jpg 800w, https:\/\/csl.org\/global\/wp-content\/uploads\/sites\/8\/2019\/05\/idea-world-1024x614.jpg 1024w, https:\/\/csl.org\/global\/wp-content\/uploads\/sites\/8\/2019\/05\/idea-world-1200x720.jpg 1200w, https:\/\/csl.org\/global\/wp-content\/uploads\/sites\/8\/2019\/05\/idea-world.jpg 1920w\" sizes=\"(max-width: 400px) 100vw, 400px\" \/>Essencial para um grupo de sucesso \u00e9 certificar-se de que os buscadores espirituais interessados saibam de si. Aqui est\u00e3o 5 coisas essenciais que lhe recomendamos que fa\u00e7a para que saibam das suas actividades:<\/p>\n<h2>1: Usar palavra de boca<\/h2>\n<p>Comece por convidar os seus amigos e conhecidos que pensa que estariam interessados em iniciar um grupo. Identifique quem conhece que tenha interesses espirituais semelhantes aos seus e pe\u00e7a-lhes pessoalmente que se juntem a si. Depois pe\u00e7a-lhes que convidem os seus amigos! Certifique-se de que eles t\u00eam uma forma de o contactar, tal como um endere\u00e7o de correio electr\u00f3nico ou um n\u00famero de telefone.<\/p>\n<h2>2: Usar as Redes Sociais<\/h2>\n<p>Criar uma p\u00e1gina FaceBook de grupo (ou o que for mais apropriado no seu pa\u00eds) para criar uma forma de comunicar o que se trata e o que se est\u00e1 a fazer. Publique informa\u00e7\u00f5es regularmente. Fa\u00e7a com que os seus membros partilhem as mensagens com os seus contactos. Pense em utilizar outros recursos de comunica\u00e7\u00e3o social apropriados que possam divulgar o seu grupo (Twitter, MeetUp.com, etc.). Certifique-se de manter uma lista de endere\u00e7os electr\u00f3nico de seus membros e de ter uma forma de os contactar!<\/p>\n<h2>3: Encontrar grupos com os mesmos interesses<\/h2>\n<p>Existem grupos na sua \u00e1rea que exploram conceitos metaf\u00edsicos? Procure-os, assista \u00e1s suas reuni\u00f5es e informe-os sobre os suas! Encontre formas de trabalhar em conjunto e de se apoiarem uns aos outros. N\u00e3o se esque\u00e7a de verificar os recursos nas livrarias espirituais ou metaf\u00edsicas.<\/p>\n<h2>4: Chegar aos meios de comunica\u00e7\u00e3o tradicionais<\/h2>\n<p>Contacte os recursos medi\u00e1ticos locais na sua \u00e1rea, especialmente se eles escreverem sobre recursos espirituais. Escreva um comunicado de imprensa ou um breve artigo sobre o seu grupo e pe\u00e7a-lhes que imprimam algo. Procure boletins informativos especializados gratuitos que escrevam sobre temas espirituais e pe\u00e7a-lhes que o incluam. Procure an\u00fancios classificados gratuitos ou de baixo custo que possa publicar.<\/p>\n<h2>5: Tenha um grupo interessante!<\/h2>\n<p>O melhor sucesso vem de ter um grupo convincente para o qual as pessoas querem continuar a voltar! Certifique-se de que o seu grupo \u00e9 animado e interessante. Que ideias j\u00e1 experimentou que gostaria de partilhar? Coloque-as no nosso grupo FaceBook ou envie-as por e-mail para o nosso Coordenador de Servi\u00e7os Globais, Rev Martha Quintana em <a href=\"&#x6d;&#x61;&#105;&#108;to&#x3a;&#x6d;&#x71;&#117;in&#x74;&#x61;&#x6e;&#97;&#64;c&#x73;&#x6c;&#x2e;&#111;&#114;g\">&#109;&#x71;&#117;&#x69;n&#x74;a&#110;&#x61;&#64;&#x63;&#115;&#x6c;&#46;&#x6f;r&#103;<\/a>.<\/p>\n<\/div><div class=\"fusion-clearfix\"><\/div><\/div><\/div><\/div><\/div><div class=\"fusion-bg-parallax\" data-bg-align=\"center center\" data-direction=\"left\" data-mute=\"false\" data-opacity=\"100\" data-velocity=\"-0.7\" data-mobile-enabled=\"true\" data-break_parents=\"0\" data-bg-image=\"http:\/\/csl.org\/wp-content\/uploads\/sites\/8\/2019\/05\/snails-1024x678.jpg\" data-bg-repeat=\"false\" ><\/div><div class=\"fusion-fullwidth fullwidth-box fusion-builder-row-2 fusion-parallax-left gradient-container-2 nonhundred-percent-fullwidth non-hundred-percent-height-scrolling\" style=\"--awb-border-radius-top-left:0px;--awb-border-radius-top-right:0px;--awb-border-radius-bottom-right:0px;--awb-border-radius-bottom-left:0px;--awb-background-image:url(&quot;http:\/\/csl.org\/wp-content\/uploads\/sites\/8\/2019\/05\/snails-1024x678.jpg&quot;);--awb-background-size:cover;--awb-flex-wrap:wrap;\" ><div class=\"fusion-builder-row fusion-row\"><div class=\"fusion-layout-column fusion_builder_column fusion-builder-column-1 fusion_builder_column_1_1 1_1 fusion-one-full fusion-column-first fusion-column-last\" style=\"--awb-padding-top:250px;--awb-padding-right:200px;--awb-padding-bottom:250px;--awb-padding-left:200px;--awb-bg-size:cover;\"><div class=\"fusion-column-wrapper fusion-column-has-shadow fusion-flex-column-wrapper-legacy\"><div class=\"fusion-clearfix\"><\/div><\/div><\/div><\/div><\/div><\/p>\n","protected":false},"excerpt":{"rendered":"","protected":false},"author":1,"featured_media":0,"parent":7654,"menu_order":196,"comment_status":"closed","ping_status":"closed","template":"100-width.php","meta":{"_exactmetrics_skip_tracking":false,"_exactmetrics_sitenote_active":false,"_exactmetrics_sitenote_note":"","_exactmetrics_sitenote_category":0,"footnotes":""},"categories":[123],"tags":[],"class_list":["post-7786","page","type-page","status-publish","hentry","category-recursos-pt-pt"],"yoast_head":"<!-- This site is optimized with the Yoast SEO plugin v23.1 - https:\/\/yoast.com\/wordpress\/plugins\/seo\/ -->\n<title>Ideias para o crescimento do seu grupo - Global Services - Centers for Spiritual Living<\/title>\n<meta name=\"robots\" content=\"index, follow, max-snippet:-1, max-image-preview:large, max-video-preview:-1\" \/>\n<link rel=\"canonical\" href=\"https:\/\/csl.org\/global\/pt-pt\/recursos\/criacao-de-um-grupo-ciencia-da-mente\/ideias-para-o-crescimento-do-seu-grupo\/\" \/>\n<meta property=\"og:locale\" content=\"en_US\" \/>\n<meta property=\"og:type\" content=\"article\" \/>\n<meta property=\"og:title\" content=\"Ideias para o crescimento do seu grupo - Global Services - Centers for Spiritual Living\" \/>\n<meta property=\"og:url\" content=\"https:\/\/csl.org\/global\/pt-pt\/recursos\/criacao-de-um-grupo-ciencia-da-mente\/ideias-para-o-crescimento-do-seu-grupo\/\" \/>\n<meta property=\"og:site_name\" content=\"Global Services - Centers for Spiritual Living\" \/>\n<meta property=\"article:modified_time\" content=\"2020-09-04T14:53:20+00:00\" \/>\n<meta property=\"og:image\" content=\"http:\/\/csl.org\/wp-content\/uploads\/sites\/8\/2019\/05\/idea-world-400x240.jpg\" \/>\n<meta name=\"twitter:card\" content=\"summary_large_image\" \/>\n<meta name=\"twitter:label1\" content=\"Est. reading time\" \/>\n\t<meta name=\"twitter:data1\" content=\"5 minutes\" \/>\n<script type=\"application\/ld+json\" class=\"yoast-schema-graph\">{\"@context\":\"https:\/\/schema.org\",\"@graph\":[{\"@type\":\"WebPage\",\"@id\":\"https:\/\/csl.org\/global\/pt-pt\/recursos\/criacao-de-um-grupo-ciencia-da-mente\/ideias-para-o-crescimento-do-seu-grupo\/\",\"url\":\"https:\/\/csl.org\/global\/pt-pt\/recursos\/criacao-de-um-grupo-ciencia-da-mente\/ideias-para-o-crescimento-do-seu-grupo\/\",\"name\":\"Ideias para o crescimento do seu grupo - Global Services - Centers for Spiritual Living\",\"isPartOf\":{\"@id\":\"https:\/\/csl.org\/global\/de\/#website\"},\"primaryImageOfPage\":{\"@id\":\"https:\/\/csl.org\/global\/pt-pt\/recursos\/criacao-de-um-grupo-ciencia-da-mente\/ideias-para-o-crescimento-do-seu-grupo\/#primaryimage\"},\"image\":{\"@id\":\"https:\/\/csl.org\/global\/pt-pt\/recursos\/criacao-de-um-grupo-ciencia-da-mente\/ideias-para-o-crescimento-do-seu-grupo\/#primaryimage\"},\"thumbnailUrl\":\"http:\/\/csl.org\/wp-content\/uploads\/sites\/8\/2019\/05\/idea-world-400x240.jpg\",\"datePublished\":\"2020-08-19T09:50:33+00:00\",\"dateModified\":\"2020-09-04T14:53:20+00:00\",\"breadcrumb\":{\"@id\":\"https:\/\/csl.org\/global\/pt-pt\/recursos\/criacao-de-um-grupo-ciencia-da-mente\/ideias-para-o-crescimento-do-seu-grupo\/#breadcrumb\"},\"inLanguage\":\"en-US\",\"potentialAction\":[{\"@type\":\"ReadAction\",\"target\":[\"https:\/\/csl.org\/global\/pt-pt\/recursos\/criacao-de-um-grupo-ciencia-da-mente\/ideias-para-o-crescimento-do-seu-grupo\/\"]}]},{\"@type\":\"ImageObject\",\"inLanguage\":\"en-US\",\"@id\":\"https:\/\/csl.org\/global\/pt-pt\/recursos\/criacao-de-um-grupo-ciencia-da-mente\/ideias-para-o-crescimento-do-seu-grupo\/#primaryimage\",\"url\":\"http:\/\/csl.org\/wp-content\/uploads\/sites\/8\/2019\/05\/idea-world-400x240.jpg\",\"contentUrl\":\"http:\/\/csl.org\/wp-content\/uploads\/sites\/8\/2019\/05\/idea-world-400x240.jpg\"},{\"@type\":\"BreadcrumbList\",\"@id\":\"https:\/\/csl.org\/global\/pt-pt\/recursos\/criacao-de-um-grupo-ciencia-da-mente\/ideias-para-o-crescimento-do-seu-grupo\/#breadcrumb\",\"itemListElement\":[{\"@type\":\"ListItem\",\"position\":1,\"name\":\"RECURSOS\",\"item\":\"https:\/\/csl.org\/global\/pt-pt\/recursos\/\"},{\"@type\":\"ListItem\",\"position\":2,\"name\":\"Cria\u00e7\u00e3o de um Grupo Ci\u00eancia da Mente\",\"item\":\"https:\/\/csl.org\/global\/pt-pt\/recursos\/criacao-de-um-grupo-ciencia-da-mente\/\"},{\"@type\":\"ListItem\",\"position\":3,\"name\":\"Ideias para o crescimento do seu grupo\"}]},{\"@type\":\"WebSite\",\"@id\":\"https:\/\/csl.org\/global\/de\/#website\",\"url\":\"https:\/\/csl.org\/global\/de\/\",\"name\":\"Global Services - Centers for Spiritual Living\",\"description\":\"\",\"potentialAction\":[{\"@type\":\"SearchAction\",\"target\":{\"@type\":\"EntryPoint\",\"urlTemplate\":\"https:\/\/csl.org\/global\/de\/?s={search_term_string}\"},\"query-input\":\"required name=search_term_string\"}],\"inLanguage\":\"en-US\"}]}<\/script>\n<!-- \/ Yoast SEO plugin. -->","yoast_head_json":{"title":"Ideias para o crescimento do seu grupo - Global Services - Centers for Spiritual Living","robots":{"index":"index","follow":"follow","max-snippet":"max-snippet:-1","max-image-preview":"max-image-preview:large","max-video-preview":"max-video-preview:-1"},"canonical":"https:\/\/csl.org\/global\/pt-pt\/recursos\/criacao-de-um-grupo-ciencia-da-mente\/ideias-para-o-crescimento-do-seu-grupo\/","og_locale":"en_US","og_type":"article","og_title":"Ideias para o crescimento do seu grupo - Global Services - Centers for Spiritual Living","og_url":"https:\/\/csl.org\/global\/pt-pt\/recursos\/criacao-de-um-grupo-ciencia-da-mente\/ideias-para-o-crescimento-do-seu-grupo\/","og_site_name":"Global Services - Centers for Spiritual Living","article_modified_time":"2020-09-04T14:53:20+00:00","og_image":[{"url":"http:\/\/csl.org\/wp-content\/uploads\/sites\/8\/2019\/05\/idea-world-400x240.jpg"}],"twitter_card":"summary_large_image","twitter_misc":{"Est. reading time":"5 minutes"},"schema":{"@context":"https:\/\/schema.org","@graph":[{"@type":"WebPage","@id":"https:\/\/csl.org\/global\/pt-pt\/recursos\/criacao-de-um-grupo-ciencia-da-mente\/ideias-para-o-crescimento-do-seu-grupo\/","url":"https:\/\/csl.org\/global\/pt-pt\/recursos\/criacao-de-um-grupo-ciencia-da-mente\/ideias-para-o-crescimento-do-seu-grupo\/","name":"Ideias para o crescimento do seu grupo - Global Services - Centers for Spiritual Living","isPartOf":{"@id":"https:\/\/csl.org\/global\/de\/#website"},"primaryImageOfPage":{"@id":"https:\/\/csl.org\/global\/pt-pt\/recursos\/criacao-de-um-grupo-ciencia-da-mente\/ideias-para-o-crescimento-do-seu-grupo\/#primaryimage"},"image":{"@id":"https:\/\/csl.org\/global\/pt-pt\/recursos\/criacao-de-um-grupo-ciencia-da-mente\/ideias-para-o-crescimento-do-seu-grupo\/#primaryimage"},"thumbnailUrl":"http:\/\/csl.org\/wp-content\/uploads\/sites\/8\/2019\/05\/idea-world-400x240.jpg","datePublished":"2020-08-19T09:50:33+00:00","dateModified":"2020-09-04T14:53:20+00:00","breadcrumb":{"@id":"https:\/\/csl.org\/global\/pt-pt\/recursos\/criacao-de-um-grupo-ciencia-da-mente\/ideias-para-o-crescimento-do-seu-grupo\/#breadcrumb"},"inLanguage":"en-US","potentialAction":[{"@type":"ReadAction","target":["https:\/\/csl.org\/global\/pt-pt\/recursos\/criacao-de-um-grupo-ciencia-da-mente\/ideias-para-o-crescimento-do-seu-grupo\/"]}]},{"@type":"ImageObject","inLanguage":"en-US","@id":"https:\/\/csl.org\/global\/pt-pt\/recursos\/criacao-de-um-grupo-ciencia-da-mente\/ideias-para-o-crescimento-do-seu-grupo\/#primaryimage","url":"http:\/\/csl.org\/wp-content\/uploads\/sites\/8\/2019\/05\/idea-world-400x240.jpg","contentUrl":"http:\/\/csl.org\/wp-content\/uploads\/sites\/8\/2019\/05\/idea-world-400x240.jpg"},{"@type":"BreadcrumbList","@id":"https:\/\/csl.org\/global\/pt-pt\/recursos\/criacao-de-um-grupo-ciencia-da-mente\/ideias-para-o-crescimento-do-seu-grupo\/#breadcrumb","itemListElement":[{"@type":"ListItem","position":1,"name":"RECURSOS","item":"https:\/\/csl.org\/global\/pt-pt\/recursos\/"},{"@type":"ListItem","position":2,"name":"Cria\u00e7\u00e3o de um Grupo Ci\u00eancia da Mente","item":"https:\/\/csl.org\/global\/pt-pt\/recursos\/criacao-de-um-grupo-ciencia-da-mente\/"},{"@type":"ListItem","position":3,"name":"Ideias para o crescimento do seu grupo"}]},{"@type":"WebSite","@id":"https:\/\/csl.org\/global\/de\/#website","url":"https:\/\/csl.org\/global\/de\/","name":"Global Services - Centers for Spiritual Living","description":"","potentialAction":[{"@type":"SearchAction","target":{"@type":"EntryPoint","urlTemplate":"https:\/\/csl.org\/global\/de\/?s={search_term_string}"},"query-input":"required name=search_term_string"}],"inLanguage":"en-US"}]}},"_links":{"self":[{"href":"https:\/\/csl.org\/global\/wp-json\/wp\/v2\/pages\/7786"}],"collection":[{"href":"https:\/\/csl.org\/global\/wp-json\/wp\/v2\/pages"}],"about":[{"href":"https:\/\/csl.org\/global\/wp-json\/wp\/v2\/types\/page"}],"author":[{"embeddable":true,"href":"https:\/\/csl.org\/global\/wp-json\/wp\/v2\/users\/1"}],"replies":[{"embeddable":true,"href":"https:\/\/csl.org\/global\/wp-json\/wp\/v2\/comments?post=7786"}],"version-history":[{"count":7,"href":"https:\/\/csl.org\/global\/wp-json\/wp\/v2\/pages\/7786\/revisions"}],"predecessor-version":[{"id":8928,"href":"https:\/\/csl.org\/global\/wp-json\/wp\/v2\/pages\/7786\/revisions\/8928"}],"up":[{"embeddable":true,"href":"https:\/\/csl.org\/global\/wp-json\/wp\/v2\/pages\/7654"}],"wp:attachment":[{"href":"https:\/\/csl.org\/global\/wp-json\/wp\/v2\/media?parent=7786"}],"wp:term":[{"taxonomy":"category","embeddable":true,"href":"https:\/\/csl.org\/global\/wp-json\/wp\/v2\/categories?post=7786"},{"taxonomy":"post_tag","embeddable":true,"href":"https:\/\/csl.org\/global\/wp-json\/wp\/v2\/tags?post=7786"}],"curies":[{"name":"wp","href":"https:\/\/api.w.org\/{rel}","templated":true}]}}