{"id":8275,"date":"2020-08-19T14:13:24","date_gmt":"2020-08-19T14:13:24","guid":{"rendered":"https:\/\/csl.org\/global\/recursos\/recursos-em-espanhol\/"},"modified":"2020-08-19T14:14:37","modified_gmt":"2020-08-19T14:14:37","slug":"recursos-em-espanhol","status":"publish","type":"page","link":"https:\/\/csl.org\/global\/recursos\/recursos-em-espanhol\/","title":{"rendered":"Recursos em espanhol"},"content":{"rendered":"<p><div class=\"fusion-fullwidth fullwidth-box fusion-builder-row-1 gradient-container-1 nonhundred-percent-fullwidth non-hundred-percent-height-scrolling\" style=\"--awb-border-radius-top-left:0px;--awb-border-radius-top-right:0px;--awb-border-radius-bottom-right:0px;--awb-border-radius-bottom-left:0px;--awb-background-color:#ffffff;--awb-flex-wrap:wrap;\" ><div class=\"fusion-builder-row fusion-row\"><div class=\"fusion-layout-column fusion_builder_column fusion-builder-column-0 fusion_builder_column_1_1 1_1 fusion-one-full fusion-column-first fusion-column-last fusion-animated\" style=\"--awb-padding-top:50px;--awb-padding-right:3%;--awb-padding-bottom:50px;--awb-padding-left:3%;--awb-bg-color:#ffffff;--awb-bg-color-hover:#ffffff;--awb-bg-size:cover;\" data-animationType=\"zoomIn\" data-animationDuration=\"0.3\" data-animationOffset=\"top-into-view\"><div class=\"fusion-column-wrapper fusion-column-has-shadow fusion-flex-column-wrapper-legacy\"><div class=\"fusion-text fusion-text-1\"><h1>Recursos em L\u00edngua Espanhola<\/h1>\n<p><img fetchpriority=\"high\" decoding=\"async\" class=\"size-400 wp-image-2538 alignleft\" src=\"http:\/\/csl.org\/wp-content\/uploads\/sites\/8\/2019\/05\/spanish-language-optimized-400x267.jpg\" alt=\"spanish-language\" width=\"400\" height=\"267\" srcset=\"https:\/\/csl.org\/global\/wp-content\/uploads\/sites\/8\/2019\/05\/spanish-language-optimized-200x133.jpg 200w, https:\/\/csl.org\/global\/wp-content\/uploads\/sites\/8\/2019\/05\/spanish-language-optimized-300x200.jpg 300w, https:\/\/csl.org\/global\/wp-content\/uploads\/sites\/8\/2019\/05\/spanish-language-optimized-400x267.jpg 400w, https:\/\/csl.org\/global\/wp-content\/uploads\/sites\/8\/2019\/05\/spanish-language-optimized-600x400.jpg 600w, https:\/\/csl.org\/global\/wp-content\/uploads\/sites\/8\/2019\/05\/spanish-language-optimized-768x512.jpg 768w, https:\/\/csl.org\/global\/wp-content\/uploads\/sites\/8\/2019\/05\/spanish-language-optimized-800x533.jpg 800w, https:\/\/csl.org\/global\/wp-content\/uploads\/sites\/8\/2019\/05\/spanish-language-optimized-1024x683.jpg 1024w, https:\/\/csl.org\/global\/wp-content\/uploads\/sites\/8\/2019\/05\/spanish-language-optimized-1200x800.jpg 1200w, https:\/\/csl.org\/global\/wp-content\/uploads\/sites\/8\/2019\/05\/spanish-language-optimized.jpg 1920w\" sizes=\"(max-width: 400px) 100vw, 400px\" \/>Estamos satisfeitos por haver um n\u00famero crescente de recursos dispon\u00edveis para o nossos estudantes de Ci\u00eancia da Mente de l\u00edngua espanhola. Abaixo est\u00e1 uma lista chave desses recursos, juntamente com links para aceder a eles:<\/p>\n<p><span style=\"color: #666699;\">Estamos encantados de que cada vez haya un n\u00famero mayor de recursos disponibles para nuestra audiencia de Ciencia de la Mente en espa\u00f1ol. A continuaci\u00f3n se muestra una lista de estos recursos y los enlaces para acceder a ellos:<\/span><\/p>\n<p>Pedidos de Ora\u00e7\u00e3o Online do Minist\u00e9rio Mundial de Ora\u00e7\u00e3o\/<span style=\"color: #666699;\">Peticiones de Oraci\u00f3n en l\u00ednea por el Ministerio de Oraci\u00f3n:<\/span> <a href=\"http:\/\/worldministryofprayer.org\/index.php\/pide-oracion\" target=\"_blank\" rel=\"noopener noreferrer\">http:\/\/worldministryofprayer.org\/index.php\/pide-oracion<\/a><\/p>\n<p>Links para livros espanh\u00f3is de Ernest Holmes\/<span style=\"color: #666699;\">Enlaces a espa\u00f1oles Ernest Holmes:<\/span> <a href=\"http:\/\/csl.org\/global\/pt-pt\/recursos\/livros-traduzidos\/espanhol-espanol\/\">http:\/\/csl.org\/global\/resources\/translated-books\/spanish-espanol\/<\/a><\/p>\n<p>Recursos em Espanhol no Centro para Vida Espiritual Santa Rosa (blogs, podcasts, ora\u00e7\u00f5es afirmativas)\/<span style=\"color: #666699;\">Centro para la Vida Espiritual, Santa Rosa: recursos en espa\u00f1ol (blogs, podcasts, oraciones afirmativas):<\/span> <a href=\"http:\/\/enespanolcslsr.blogspot.com\/\" target=\"_blank\" rel=\"noopener noreferrer\">http:\/\/enespanolcslsr.blogspot.com\/<\/a> <a href=\"http:\/\/affirmativeprayerenespanol.blogspot.com\/\" target=\"_blank\" rel=\"noopener noreferrer\">http:\/\/affirmativeprayerenespanol.blogspot.com\/<\/a> <a href=\"https:\/\/www.facebook.com\/CSLSREnEspanol\/\" target=\"_blank\" rel=\"noopener noreferrer\">https:\/\/www.facebook.com\/CSLSREnEspanol\/<\/a><\/p>\n<p>Recursos em Espanhol no Centro para Vida Espiritual M\u00e9xico (aulas, pedidos de ora\u00e7\u00e3o, medita\u00e7\u00f5es, etc.) e Escola Espanhola de Lideran\u00e7a Espiritual\/<span style=\"color: #666699;\">Centro para la Vida Espiritual, M\u00e9xico: Recursos en espa\u00f1ol (clases, peticiones de oraci\u00f3n, meditaciones, etc.) y Espa\u00f1ol La Escuela de Liderazgo Espiritual:<\/span> <a href=\"http:\/\/www.vidaespiritual.org\/\" target=\"_blank\" rel=\"noopener noreferrer\">http:\/\/www.vidaespiritual.org\/<\/a><\/p>\n<p>&nbsp;<\/p>\n<\/div><div class=\"fusion-clearfix\"><\/div><\/div><\/div><\/div><\/div><div class=\"fusion-bg-parallax\" data-bg-align=\"center center\" data-direction=\"left\" data-mute=\"false\" data-opacity=\"100\" data-velocity=\"-0.7\" data-mobile-enabled=\"true\" data-break_parents=\"0\" data-bg-image=\"http:\/\/csl.org\/wp-content\/uploads\/sites\/8\/2019\/05\/african-people-1024x606.jpg\" data-bg-repeat=\"false\" ><\/div><div class=\"fusion-fullwidth fullwidth-box fusion-builder-row-2 fusion-parallax-left gradient-container-2 nonhundred-percent-fullwidth non-hundred-percent-height-scrolling\" style=\"--awb-border-radius-top-left:0px;--awb-border-radius-top-right:0px;--awb-border-radius-bottom-right:0px;--awb-border-radius-bottom-left:0px;--awb-background-image:url(&quot;http:\/\/csl.org\/wp-content\/uploads\/sites\/8\/2019\/05\/african-people-1024x606.jpg&quot;);--awb-background-size:cover;--awb-flex-wrap:wrap;\" ><div class=\"fusion-builder-row fusion-row\"><div class=\"fusion-layout-column fusion_builder_column fusion-builder-column-1 fusion_builder_column_1_1 1_1 fusion-one-full fusion-column-first fusion-column-last\" style=\"--awb-padding-top:250px;--awb-padding-right:200px;--awb-padding-bottom:250px;--awb-padding-left:200px;--awb-bg-size:cover;\"><div class=\"fusion-column-wrapper fusion-column-has-shadow fusion-flex-column-wrapper-legacy\"><div class=\"fusion-clearfix\"><\/div><\/div><\/div><\/div><\/div><\/p>\n","protected":false},"excerpt":{"rendered":"","protected":false},"author":1,"featured_media":0,"parent":7506,"menu_order":282,"comment_status":"closed","ping_status":"closed","template":"100-width.php","meta":{"_exactmetrics_skip_tracking":false,"_exactmetrics_sitenote_active":false,"_exactmetrics_sitenote_note":"","_exactmetrics_sitenote_category":0,"footnotes":""},"categories":[123],"tags":[],"class_list":["post-8275","page","type-page","status-publish","hentry","category-recursos-pt-pt"],"yoast_head":"<!-- This site is optimized with the Yoast SEO plugin v23.1 - https:\/\/yoast.com\/wordpress\/plugins\/seo\/ -->\n<title>Recursos em espanhol - Global Services - Centers for Spiritual Living<\/title>\n<meta name=\"robots\" content=\"index, follow, max-snippet:-1, max-image-preview:large, max-video-preview:-1\" \/>\n<link rel=\"canonical\" href=\"https:\/\/csl.org\/global\/pt-pt\/recursos\/recursos-em-espanhol\/\" \/>\n<meta property=\"og:locale\" content=\"en_US\" \/>\n<meta property=\"og:type\" content=\"article\" \/>\n<meta property=\"og:title\" content=\"Recursos em espanhol - Global Services - Centers for Spiritual Living\" \/>\n<meta property=\"og:url\" content=\"https:\/\/csl.org\/global\/pt-pt\/recursos\/recursos-em-espanhol\/\" \/>\n<meta property=\"og:site_name\" content=\"Global Services - Centers for Spiritual Living\" \/>\n<meta property=\"article:modified_time\" content=\"2020-08-19T14:14:37+00:00\" \/>\n<meta property=\"og:image\" content=\"http:\/\/csl.org\/wp-content\/uploads\/sites\/8\/2019\/05\/spanish-language-optimized-400x267.jpg\" \/>\n<meta name=\"twitter:card\" content=\"summary_large_image\" \/>\n<meta name=\"twitter:label1\" content=\"Est. reading time\" \/>\n\t<meta name=\"twitter:data1\" content=\"4 minutes\" \/>\n<script type=\"application\/ld+json\" class=\"yoast-schema-graph\">{\"@context\":\"https:\/\/schema.org\",\"@graph\":[{\"@type\":\"WebPage\",\"@id\":\"https:\/\/csl.org\/global\/pt-pt\/recursos\/recursos-em-espanhol\/\",\"url\":\"https:\/\/csl.org\/global\/pt-pt\/recursos\/recursos-em-espanhol\/\",\"name\":\"Recursos em espanhol - Global Services - Centers for Spiritual Living\",\"isPartOf\":{\"@id\":\"https:\/\/csl.org\/global\/de\/#website\"},\"primaryImageOfPage\":{\"@id\":\"https:\/\/csl.org\/global\/pt-pt\/recursos\/recursos-em-espanhol\/#primaryimage\"},\"image\":{\"@id\":\"https:\/\/csl.org\/global\/pt-pt\/recursos\/recursos-em-espanhol\/#primaryimage\"},\"thumbnailUrl\":\"http:\/\/csl.org\/wp-content\/uploads\/sites\/8\/2019\/05\/spanish-language-optimized-400x267.jpg\",\"datePublished\":\"2020-08-19T14:13:24+00:00\",\"dateModified\":\"2020-08-19T14:14:37+00:00\",\"breadcrumb\":{\"@id\":\"https:\/\/csl.org\/global\/pt-pt\/recursos\/recursos-em-espanhol\/#breadcrumb\"},\"inLanguage\":\"en-US\",\"potentialAction\":[{\"@type\":\"ReadAction\",\"target\":[\"https:\/\/csl.org\/global\/pt-pt\/recursos\/recursos-em-espanhol\/\"]}]},{\"@type\":\"ImageObject\",\"inLanguage\":\"en-US\",\"@id\":\"https:\/\/csl.org\/global\/pt-pt\/recursos\/recursos-em-espanhol\/#primaryimage\",\"url\":\"http:\/\/csl.org\/wp-content\/uploads\/sites\/8\/2019\/05\/spanish-language-optimized-400x267.jpg\",\"contentUrl\":\"http:\/\/csl.org\/wp-content\/uploads\/sites\/8\/2019\/05\/spanish-language-optimized-400x267.jpg\"},{\"@type\":\"BreadcrumbList\",\"@id\":\"https:\/\/csl.org\/global\/pt-pt\/recursos\/recursos-em-espanhol\/#breadcrumb\",\"itemListElement\":[{\"@type\":\"ListItem\",\"position\":1,\"name\":\"RECURSOS\",\"item\":\"https:\/\/csl.org\/global\/pt-pt\/recursos\/\"},{\"@type\":\"ListItem\",\"position\":2,\"name\":\"Recursos em espanhol\"}]},{\"@type\":\"WebSite\",\"@id\":\"https:\/\/csl.org\/global\/de\/#website\",\"url\":\"https:\/\/csl.org\/global\/de\/\",\"name\":\"Global Services - Centers for Spiritual Living\",\"description\":\"\",\"potentialAction\":[{\"@type\":\"SearchAction\",\"target\":{\"@type\":\"EntryPoint\",\"urlTemplate\":\"https:\/\/csl.org\/global\/de\/?s={search_term_string}\"},\"query-input\":\"required name=search_term_string\"}],\"inLanguage\":\"en-US\"}]}<\/script>\n<!-- \/ Yoast SEO plugin. -->","yoast_head_json":{"title":"Recursos em espanhol - Global Services - Centers for Spiritual Living","robots":{"index":"index","follow":"follow","max-snippet":"max-snippet:-1","max-image-preview":"max-image-preview:large","max-video-preview":"max-video-preview:-1"},"canonical":"https:\/\/csl.org\/global\/pt-pt\/recursos\/recursos-em-espanhol\/","og_locale":"en_US","og_type":"article","og_title":"Recursos em espanhol - Global Services - Centers for Spiritual Living","og_url":"https:\/\/csl.org\/global\/pt-pt\/recursos\/recursos-em-espanhol\/","og_site_name":"Global Services - Centers for Spiritual Living","article_modified_time":"2020-08-19T14:14:37+00:00","og_image":[{"url":"http:\/\/csl.org\/wp-content\/uploads\/sites\/8\/2019\/05\/spanish-language-optimized-400x267.jpg"}],"twitter_card":"summary_large_image","twitter_misc":{"Est. reading time":"4 minutes"},"schema":{"@context":"https:\/\/schema.org","@graph":[{"@type":"WebPage","@id":"https:\/\/csl.org\/global\/pt-pt\/recursos\/recursos-em-espanhol\/","url":"https:\/\/csl.org\/global\/pt-pt\/recursos\/recursos-em-espanhol\/","name":"Recursos em espanhol - Global Services - Centers for Spiritual Living","isPartOf":{"@id":"https:\/\/csl.org\/global\/de\/#website"},"primaryImageOfPage":{"@id":"https:\/\/csl.org\/global\/pt-pt\/recursos\/recursos-em-espanhol\/#primaryimage"},"image":{"@id":"https:\/\/csl.org\/global\/pt-pt\/recursos\/recursos-em-espanhol\/#primaryimage"},"thumbnailUrl":"http:\/\/csl.org\/wp-content\/uploads\/sites\/8\/2019\/05\/spanish-language-optimized-400x267.jpg","datePublished":"2020-08-19T14:13:24+00:00","dateModified":"2020-08-19T14:14:37+00:00","breadcrumb":{"@id":"https:\/\/csl.org\/global\/pt-pt\/recursos\/recursos-em-espanhol\/#breadcrumb"},"inLanguage":"en-US","potentialAction":[{"@type":"ReadAction","target":["https:\/\/csl.org\/global\/pt-pt\/recursos\/recursos-em-espanhol\/"]}]},{"@type":"ImageObject","inLanguage":"en-US","@id":"https:\/\/csl.org\/global\/pt-pt\/recursos\/recursos-em-espanhol\/#primaryimage","url":"http:\/\/csl.org\/wp-content\/uploads\/sites\/8\/2019\/05\/spanish-language-optimized-400x267.jpg","contentUrl":"http:\/\/csl.org\/wp-content\/uploads\/sites\/8\/2019\/05\/spanish-language-optimized-400x267.jpg"},{"@type":"BreadcrumbList","@id":"https:\/\/csl.org\/global\/pt-pt\/recursos\/recursos-em-espanhol\/#breadcrumb","itemListElement":[{"@type":"ListItem","position":1,"name":"RECURSOS","item":"https:\/\/csl.org\/global\/pt-pt\/recursos\/"},{"@type":"ListItem","position":2,"name":"Recursos em espanhol"}]},{"@type":"WebSite","@id":"https:\/\/csl.org\/global\/de\/#website","url":"https:\/\/csl.org\/global\/de\/","name":"Global Services - Centers for Spiritual Living","description":"","potentialAction":[{"@type":"SearchAction","target":{"@type":"EntryPoint","urlTemplate":"https:\/\/csl.org\/global\/de\/?s={search_term_string}"},"query-input":"required name=search_term_string"}],"inLanguage":"en-US"}]}},"_links":{"self":[{"href":"https:\/\/csl.org\/global\/wp-json\/wp\/v2\/pages\/8275"}],"collection":[{"href":"https:\/\/csl.org\/global\/wp-json\/wp\/v2\/pages"}],"about":[{"href":"https:\/\/csl.org\/global\/wp-json\/wp\/v2\/types\/page"}],"author":[{"embeddable":true,"href":"https:\/\/csl.org\/global\/wp-json\/wp\/v2\/users\/1"}],"replies":[{"embeddable":true,"href":"https:\/\/csl.org\/global\/wp-json\/wp\/v2\/comments?post=8275"}],"version-history":[{"count":4,"href":"https:\/\/csl.org\/global\/wp-json\/wp\/v2\/pages\/8275\/revisions"}],"predecessor-version":[{"id":8286,"href":"https:\/\/csl.org\/global\/wp-json\/wp\/v2\/pages\/8275\/revisions\/8286"}],"up":[{"embeddable":true,"href":"https:\/\/csl.org\/global\/wp-json\/wp\/v2\/pages\/7506"}],"wp:attachment":[{"href":"https:\/\/csl.org\/global\/wp-json\/wp\/v2\/media?parent=8275"}],"wp:term":[{"taxonomy":"category","embeddable":true,"href":"https:\/\/csl.org\/global\/wp-json\/wp\/v2\/categories?post=8275"},{"taxonomy":"post_tag","embeddable":true,"href":"https:\/\/csl.org\/global\/wp-json\/wp\/v2\/tags?post=8275"}],"curies":[{"name":"wp","href":"https:\/\/api.w.org\/{rel}","templated":true}]}}