{"id":8346,"date":"2020-08-20T10:18:15","date_gmt":"2020-08-20T10:18:15","guid":{"rendered":"https:\/\/csl.org\/global\/comunidade\/eventos-globais\/"},"modified":"2020-08-21T13:07:15","modified_gmt":"2020-08-21T13:07:15","slug":"eventos-globais","status":"publish","type":"page","link":"https:\/\/csl.org\/global\/comunidade\/eventos-globais\/","title":{"rendered":"Eventos Globais"},"content":{"rendered":"<p><div class=\"fusion-fullwidth fullwidth-box fusion-builder-row-1 gradient-container-1 nonhundred-percent-fullwidth non-hundred-percent-height-scrolling\" style=\"--awb-border-radius-top-left:0px;--awb-border-radius-top-right:0px;--awb-border-radius-bottom-right:0px;--awb-border-radius-bottom-left:0px;--awb-background-color:#ffffff;--awb-flex-wrap:wrap;\" ><div class=\"fusion-builder-row fusion-row\"><div class=\"fusion-layout-column fusion_builder_column fusion-builder-column-0 fusion_builder_column_1_1 1_1 fusion-one-full fusion-column-first fusion-column-last fusion-animated\" style=\"--awb-padding-top:50px;--awb-padding-right:3%;--awb-padding-bottom:50px;--awb-padding-left:3%;--awb-bg-color:#ffffff;--awb-bg-color-hover:#ffffff;--awb-bg-size:cover;\" data-animationType=\"zoomIn\" data-animationDuration=\"0.3\" data-animationOffset=\"top-into-view\"><div class=\"fusion-column-wrapper fusion-column-has-shadow fusion-flex-column-wrapper-legacy\"><div class=\"fusion-text fusion-text-1\"><h1 style=\"font-size: 39.203px; line-height: 41.163px;\" data-fontsize=\"40\" data-lineheight=\"42\">Eventos Globais<\/h1>\n<p><img fetchpriority=\"high\" decoding=\"async\" class=\"size-400 wp-image-2345 alignleft\" src=\"http:\/\/csl.org\/wp-content\/uploads\/sites\/8\/2019\/05\/stage-people-400x225.jpg\" alt=\"\" width=\"400\" height=\"225\" srcset=\"https:\/\/csl.org\/global\/wp-content\/uploads\/sites\/8\/2019\/05\/stage-people-200x113.jpg 200w, https:\/\/csl.org\/global\/wp-content\/uploads\/sites\/8\/2019\/05\/stage-people-300x169.jpg 300w, https:\/\/csl.org\/global\/wp-content\/uploads\/sites\/8\/2019\/05\/stage-people-400x225.jpg 400w, https:\/\/csl.org\/global\/wp-content\/uploads\/sites\/8\/2019\/05\/stage-people-600x338.jpg 600w, https:\/\/csl.org\/global\/wp-content\/uploads\/sites\/8\/2019\/05\/stage-people-768x432.jpg 768w, https:\/\/csl.org\/global\/wp-content\/uploads\/sites\/8\/2019\/05\/stage-people-800x450.jpg 800w, https:\/\/csl.org\/global\/wp-content\/uploads\/sites\/8\/2019\/05\/stage-people-1024x576.jpg 1024w, https:\/\/csl.org\/global\/wp-content\/uploads\/sites\/8\/2019\/05\/stage-people-1200x675.jpg 1200w, https:\/\/csl.org\/global\/wp-content\/uploads\/sites\/8\/2019\/05\/stage-people.jpg 1920w\" sizes=\"(max-width: 400px) 100vw, 400px\" \/><\/p>\n<p>Servi\u00e7os Globais leva verdadeiramente o seu nome a s\u00e9rio. A fim de fornecer servi\u00e7os a n\u00edvel global, existe uma colec\u00e7\u00e3o cont\u00ednua de informa\u00e7\u00e3o sobre Eventos e Confer\u00eancias para a sua participa\u00e7\u00e3o. Ligue-se a pessoas com os mesmos interesses em todo o mundo, partilhe sabedoria, descubra ideias e inspire-se para al\u00e9m das suas maiores expectativas, em Confer\u00eancias Mundiais.<\/p>\n<p>Encontre Eventos que celebram o Amor e o Esp\u00edrito e a Beleza que nos rodeia a todos &#8211; se nos limitarmos a dedicar tempo a olhar, a explorar, a apreciar.<\/p>\n<p>Descubra o que pode estar na sua \u00e1rea &#8211; ou em locais fascinantes \u00e0 volta do nosso planeta.<\/p>\n<h2 data-fontsize=\"35\" data-lineheight=\"36\">\u00a0<\/h2>\n<h2 style=\"font-size: 34.303px; line-height: 35.283px;\" data-fontsize=\"35\" data-lineheight=\"36\">Pr\u00f3ximas Confer\u00eancias<\/h2>\n<h3 style=\"font-size: 29.402px; line-height: 33.323px;\" data-fontsize=\"30\" data-lineheight=\"34\">CSL Genebra, Retiro de Ver\u00e3o na Su\u00ed\u00e7a<\/h3>\n<p>Ch\u00e2teau de Bossey &#8211; Genebra, Su\u00ed\u00e7a<br \/>\n2-4 de Outubro, 2020<br \/>\n<a href=\"http:\/\/www.csl-geneva.com\/\" target=\"_blank\" rel=\"noopener noreferrer\">Clique aqui para mais detalhes!<\/a><\/p>\n<h3 style=\"font-size: 29.402px; line-height: 33.323px;\" data-fontsize=\"30\" data-lineheight=\"34\">TEMENOS, Kiev, Retiros na Ucr\u00e2nia<\/h3>\n<p>Eventos de 2020 a anunciar&#8230;..<br \/>\n<a href=\"http:\/\/www.temenoscsl.org\/\" target=\"_blank\" rel=\"noopener noreferrer\">Liga\u00e7\u00e3o ao site TEMENOS para mais informa\u00e7\u00f5es<\/a>.<\/p>\n<p><a href=\"http:\/\/csl.org\/wp-content\/uploads\/sites\/8\/2019\/08\/TEMENOS-Brochure.pdf\" rel=\"noopener noreferrer\">Brochura TEMENOS<\/a><\/p>\n<h2 style=\"font-size: 34.303px; line-height: 35.283px;\" data-fontsize=\"35\" data-lineheight=\"36\">Liste um Evento Internacional<\/h2>\n<p>N\u00f3s, nos Servi\u00e7os Globais, fazemos o nosso melhor para apoiar as Comunidades Internacionais de Centros para Vida Espiritual. Listar Eventos Internacionais e\/ou Confer\u00eancias nestas p\u00e1ginas web \u00e9 sempre uma alegria, uma vez que \u00e9 mais um retrato da universalidade das mensagens da Ci\u00eancia da Mente e do Esp\u00edrito e da conectividade de um mundo que funciona para todos!<\/p>\n<p>Com isto em mente, existem ainda certos requisitos que precisam de ser satisfeitos para que um evento ou confer\u00eancia internacional possa ser listado. Todos os Centros para a Vida Espiritual Internacional* s\u00e3o convidados a listar o seu evento\/confer\u00eancia. Por favor, preencha o Formul\u00e1rio de Pedido para que o seu evento\/confer\u00eancia seja considerado.<\/p>\n<div class=\"fusion-button-wrapper\"><a class=\"fusion-button button-flat fusion-button-default-size button-default fusion-button-default button-1 fusion-button-default-span fusion-button-default-type\" target=\"_self\" href=\"http:\/\/csl.org\/global\/pt-pt\/comunidade\/eventos-globais\/listagem-de-um-evento-internacional\/\"><span class=\"fusion-button-text\">Liste um Evento Internacional<\/span><\/a><\/div>\n<p>&nbsp;<\/p>\n<p style=\"text-align: center;\">*Os grupos internacionais incluem: Centros, Cap\u00edtulos de Ensino, Minist\u00e9rios de Foco, Grupos de Estudo, C\u00edrculos de Vida Espiritual. <a href=\"\/global?page_id=2717\">Clique aqui<\/a> para descri\u00e7\u00f5es de grupos internacionais.<\/p>\n<p style=\"text-align: center;\">Gracias Merci Danke Obrigado Asante \u3042\u308a\u304c\u3068\u3046 \u0441\u043f\u0430\u0441\u0438\u0431\u043e salamat \u0634\u0643\u0631\u0627 Thank you<\/p>\n<p style=\"text-align: center;\"><em>&#8220;&#8230;imaginem a minha vida cheia de bem&#8230;a minha mente desperta&#8221;. Rev. Ang\u00e9lica<\/em><\/p>\n<p>&nbsp;<\/p>\n<\/div><div class=\"fusion-clearfix\"><\/div><\/div><\/div><\/div><\/div><div class=\"fusion-bg-parallax\" data-bg-align=\"center center\" data-direction=\"left\" data-mute=\"false\" data-opacity=\"100\" data-velocity=\"-0.7\" data-mobile-enabled=\"true\" data-break_parents=\"0\" data-bg-image=\"http:\/\/csl.org\/wp-content\/uploads\/sites\/8\/2019\/05\/celebration-.jpg\" data-bg-repeat=\"false\" ><\/div><div class=\"fusion-fullwidth fullwidth-box fusion-builder-row-2 fusion-parallax-left gradient-container-2 nonhundred-percent-fullwidth non-hundred-percent-height-scrolling\" style=\"--awb-border-radius-top-left:0px;--awb-border-radius-top-right:0px;--awb-border-radius-bottom-right:0px;--awb-border-radius-bottom-left:0px;--awb-background-image:url(&quot;http:\/\/csl.org\/wp-content\/uploads\/sites\/8\/2019\/05\/celebration-.jpg&quot;);--awb-background-size:cover;--awb-flex-wrap:wrap;\" ><div class=\"fusion-builder-row fusion-row\"><div class=\"fusion-layout-column fusion_builder_column fusion-builder-column-1 fusion_builder_column_1_1 1_1 fusion-one-full fusion-column-first fusion-column-last\" style=\"--awb-padding-top:250px;--awb-padding-right:200px;--awb-padding-bottom:250px;--awb-padding-left:200px;--awb-bg-size:cover;\"><div class=\"fusion-column-wrapper fusion-column-has-shadow fusion-flex-column-wrapper-legacy\"><div class=\"fusion-clearfix\"><\/div><\/div><\/div><\/div><\/div><\/p>\n","protected":false},"excerpt":{"rendered":"","protected":false},"author":1,"featured_media":0,"parent":8287,"menu_order":142,"comment_status":"closed","ping_status":"closed","template":"100-width.php","meta":{"_exactmetrics_skip_tracking":false,"_exactmetrics_sitenote_active":false,"_exactmetrics_sitenote_note":"","_exactmetrics_sitenote_category":0,"footnotes":""},"categories":[127],"tags":[],"class_list":["post-8346","page","type-page","status-publish","hentry","category-comunidade"],"yoast_head":"<!-- This site is optimized with the Yoast SEO plugin v23.1 - https:\/\/yoast.com\/wordpress\/plugins\/seo\/ -->\n<title>Eventos Globais - Global Services - Centers for Spiritual Living<\/title>\n<meta name=\"robots\" content=\"index, follow, max-snippet:-1, max-image-preview:large, max-video-preview:-1\" \/>\n<link rel=\"canonical\" href=\"https:\/\/csl.org\/global\/pt-pt\/comunidade\/eventos-globais\/\" \/>\n<meta property=\"og:locale\" content=\"en_US\" \/>\n<meta property=\"og:type\" content=\"article\" \/>\n<meta property=\"og:title\" content=\"Eventos Globais - Global Services - Centers for Spiritual Living\" \/>\n<meta property=\"og:url\" content=\"https:\/\/csl.org\/global\/pt-pt\/comunidade\/eventos-globais\/\" \/>\n<meta property=\"og:site_name\" content=\"Global Services - Centers for Spiritual Living\" \/>\n<meta property=\"article:modified_time\" content=\"2020-08-21T13:07:15+00:00\" \/>\n<meta property=\"og:image\" content=\"http:\/\/csl.org\/wp-content\/uploads\/sites\/8\/2019\/05\/stage-people-400x225.jpg\" \/>\n<meta name=\"twitter:card\" content=\"summary_large_image\" \/>\n<meta name=\"twitter:label1\" content=\"Est. reading time\" \/>\n\t<meta name=\"twitter:data1\" content=\"5 minutes\" \/>\n<script type=\"application\/ld+json\" class=\"yoast-schema-graph\">{\"@context\":\"https:\/\/schema.org\",\"@graph\":[{\"@type\":\"WebPage\",\"@id\":\"https:\/\/csl.org\/global\/pt-pt\/comunidade\/eventos-globais\/\",\"url\":\"https:\/\/csl.org\/global\/pt-pt\/comunidade\/eventos-globais\/\",\"name\":\"Eventos Globais - Global Services - Centers for Spiritual Living\",\"isPartOf\":{\"@id\":\"https:\/\/csl.org\/global\/de\/#website\"},\"primaryImageOfPage\":{\"@id\":\"https:\/\/csl.org\/global\/pt-pt\/comunidade\/eventos-globais\/#primaryimage\"},\"image\":{\"@id\":\"https:\/\/csl.org\/global\/pt-pt\/comunidade\/eventos-globais\/#primaryimage\"},\"thumbnailUrl\":\"http:\/\/csl.org\/wp-content\/uploads\/sites\/8\/2019\/05\/stage-people-400x225.jpg\",\"datePublished\":\"2020-08-20T10:18:15+00:00\",\"dateModified\":\"2020-08-21T13:07:15+00:00\",\"breadcrumb\":{\"@id\":\"https:\/\/csl.org\/global\/pt-pt\/comunidade\/eventos-globais\/#breadcrumb\"},\"inLanguage\":\"en-US\",\"potentialAction\":[{\"@type\":\"ReadAction\",\"target\":[\"https:\/\/csl.org\/global\/pt-pt\/comunidade\/eventos-globais\/\"]}]},{\"@type\":\"ImageObject\",\"inLanguage\":\"en-US\",\"@id\":\"https:\/\/csl.org\/global\/pt-pt\/comunidade\/eventos-globais\/#primaryimage\",\"url\":\"http:\/\/csl.org\/wp-content\/uploads\/sites\/8\/2019\/05\/stage-people-400x225.jpg\",\"contentUrl\":\"http:\/\/csl.org\/wp-content\/uploads\/sites\/8\/2019\/05\/stage-people-400x225.jpg\"},{\"@type\":\"BreadcrumbList\",\"@id\":\"https:\/\/csl.org\/global\/pt-pt\/comunidade\/eventos-globais\/#breadcrumb\",\"itemListElement\":[{\"@type\":\"ListItem\",\"position\":1,\"name\":\"COMUNIDADE\",\"item\":\"https:\/\/csl.org\/global\/pt-pt\/comunidade\/\"},{\"@type\":\"ListItem\",\"position\":2,\"name\":\"Eventos Globais\"}]},{\"@type\":\"WebSite\",\"@id\":\"https:\/\/csl.org\/global\/de\/#website\",\"url\":\"https:\/\/csl.org\/global\/de\/\",\"name\":\"Global Services - Centers for Spiritual Living\",\"description\":\"\",\"potentialAction\":[{\"@type\":\"SearchAction\",\"target\":{\"@type\":\"EntryPoint\",\"urlTemplate\":\"https:\/\/csl.org\/global\/de\/?s={search_term_string}\"},\"query-input\":\"required name=search_term_string\"}],\"inLanguage\":\"en-US\"}]}<\/script>\n<!-- \/ Yoast SEO plugin. -->","yoast_head_json":{"title":"Eventos Globais - Global Services - Centers for Spiritual Living","robots":{"index":"index","follow":"follow","max-snippet":"max-snippet:-1","max-image-preview":"max-image-preview:large","max-video-preview":"max-video-preview:-1"},"canonical":"https:\/\/csl.org\/global\/pt-pt\/comunidade\/eventos-globais\/","og_locale":"en_US","og_type":"article","og_title":"Eventos Globais - Global Services - Centers for Spiritual Living","og_url":"https:\/\/csl.org\/global\/pt-pt\/comunidade\/eventos-globais\/","og_site_name":"Global Services - Centers for Spiritual Living","article_modified_time":"2020-08-21T13:07:15+00:00","og_image":[{"url":"http:\/\/csl.org\/wp-content\/uploads\/sites\/8\/2019\/05\/stage-people-400x225.jpg"}],"twitter_card":"summary_large_image","twitter_misc":{"Est. reading time":"5 minutes"},"schema":{"@context":"https:\/\/schema.org","@graph":[{"@type":"WebPage","@id":"https:\/\/csl.org\/global\/pt-pt\/comunidade\/eventos-globais\/","url":"https:\/\/csl.org\/global\/pt-pt\/comunidade\/eventos-globais\/","name":"Eventos Globais - Global Services - Centers for Spiritual Living","isPartOf":{"@id":"https:\/\/csl.org\/global\/de\/#website"},"primaryImageOfPage":{"@id":"https:\/\/csl.org\/global\/pt-pt\/comunidade\/eventos-globais\/#primaryimage"},"image":{"@id":"https:\/\/csl.org\/global\/pt-pt\/comunidade\/eventos-globais\/#primaryimage"},"thumbnailUrl":"http:\/\/csl.org\/wp-content\/uploads\/sites\/8\/2019\/05\/stage-people-400x225.jpg","datePublished":"2020-08-20T10:18:15+00:00","dateModified":"2020-08-21T13:07:15+00:00","breadcrumb":{"@id":"https:\/\/csl.org\/global\/pt-pt\/comunidade\/eventos-globais\/#breadcrumb"},"inLanguage":"en-US","potentialAction":[{"@type":"ReadAction","target":["https:\/\/csl.org\/global\/pt-pt\/comunidade\/eventos-globais\/"]}]},{"@type":"ImageObject","inLanguage":"en-US","@id":"https:\/\/csl.org\/global\/pt-pt\/comunidade\/eventos-globais\/#primaryimage","url":"http:\/\/csl.org\/wp-content\/uploads\/sites\/8\/2019\/05\/stage-people-400x225.jpg","contentUrl":"http:\/\/csl.org\/wp-content\/uploads\/sites\/8\/2019\/05\/stage-people-400x225.jpg"},{"@type":"BreadcrumbList","@id":"https:\/\/csl.org\/global\/pt-pt\/comunidade\/eventos-globais\/#breadcrumb","itemListElement":[{"@type":"ListItem","position":1,"name":"COMUNIDADE","item":"https:\/\/csl.org\/global\/pt-pt\/comunidade\/"},{"@type":"ListItem","position":2,"name":"Eventos Globais"}]},{"@type":"WebSite","@id":"https:\/\/csl.org\/global\/de\/#website","url":"https:\/\/csl.org\/global\/de\/","name":"Global Services - Centers for Spiritual Living","description":"","potentialAction":[{"@type":"SearchAction","target":{"@type":"EntryPoint","urlTemplate":"https:\/\/csl.org\/global\/de\/?s={search_term_string}"},"query-input":"required name=search_term_string"}],"inLanguage":"en-US"}]}},"_links":{"self":[{"href":"https:\/\/csl.org\/global\/wp-json\/wp\/v2\/pages\/8346"}],"collection":[{"href":"https:\/\/csl.org\/global\/wp-json\/wp\/v2\/pages"}],"about":[{"href":"https:\/\/csl.org\/global\/wp-json\/wp\/v2\/types\/page"}],"author":[{"embeddable":true,"href":"https:\/\/csl.org\/global\/wp-json\/wp\/v2\/users\/1"}],"replies":[{"embeddable":true,"href":"https:\/\/csl.org\/global\/wp-json\/wp\/v2\/comments?post=8346"}],"version-history":[{"count":10,"href":"https:\/\/csl.org\/global\/wp-json\/wp\/v2\/pages\/8346\/revisions"}],"predecessor-version":[{"id":8844,"href":"https:\/\/csl.org\/global\/wp-json\/wp\/v2\/pages\/8346\/revisions\/8844"}],"up":[{"embeddable":true,"href":"https:\/\/csl.org\/global\/wp-json\/wp\/v2\/pages\/8287"}],"wp:attachment":[{"href":"https:\/\/csl.org\/global\/wp-json\/wp\/v2\/media?parent=8346"}],"wp:term":[{"taxonomy":"category","embeddable":true,"href":"https:\/\/csl.org\/global\/wp-json\/wp\/v2\/categories?post=8346"},{"taxonomy":"post_tag","embeddable":true,"href":"https:\/\/csl.org\/global\/wp-json\/wp\/v2\/tags?post=8346"}],"curies":[{"name":"wp","href":"https:\/\/api.w.org\/{rel}","templated":true}]}}