{"id":8415,"date":"2020-08-20T10:34:36","date_gmt":"2020-08-20T10:34:36","guid":{"rendered":"https:\/\/csl.org\/global\/comunidade\/eventos-globais\/descricoes-de-comunidades-e-grupos\/"},"modified":"2020-08-20T10:48:48","modified_gmt":"2020-08-20T10:48:48","slug":"descricoes-de-comunidades-e-grupos","status":"publish","type":"page","link":"https:\/\/csl.org\/global\/comunidade\/eventos-globais\/descricoes-de-comunidades-e-grupos\/","title":{"rendered":"Descri\u00e7\u00f5es de Comunidades e Grupos"},"content":{"rendered":"<p><div class=\"fusion-fullwidth fullwidth-box fusion-builder-row-1 gradient-container-1 nonhundred-percent-fullwidth non-hundred-percent-height-scrolling\" style=\"--awb-border-radius-top-left:0px;--awb-border-radius-top-right:0px;--awb-border-radius-bottom-right:0px;--awb-border-radius-bottom-left:0px;--awb-background-color:#ffffff;--awb-flex-wrap:wrap;\" ><div class=\"fusion-builder-row fusion-row\"><div class=\"fusion-layout-column fusion_builder_column fusion-builder-column-0 fusion_builder_column_1_1 1_1 fusion-one-full fusion-column-first fusion-column-last fusion-animated\" style=\"--awb-padding-top:50px;--awb-padding-right:3%;--awb-padding-bottom:50px;--awb-padding-left:3%;--awb-bg-color:#ffffff;--awb-bg-color-hover:#ffffff;--awb-bg-size:cover;\" data-animationType=\"zoomIn\" data-animationDuration=\"0.3\" data-animationOffset=\"top-into-view\"><div class=\"fusion-column-wrapper fusion-column-has-shadow fusion-flex-column-wrapper-legacy\"><div class=\"fusion-text fusion-text-1\"><h1>Descri\u00e7\u00f5es de Comunidades e Grupos<\/h1>\n<h2 style=\"text-align: center;\"><img fetchpriority=\"high\" decoding=\"async\" class=\"alignnone size-400 wp-image-2297\" src=\"http:\/\/csl.org\/wp-content\/uploads\/sites\/8\/2019\/05\/earth-people-400x201.png\" alt=\"\" width=\"400\" height=\"201\" srcset=\"https:\/\/csl.org\/global\/wp-content\/uploads\/sites\/8\/2019\/05\/earth-people-200x101.png 200w, https:\/\/csl.org\/global\/wp-content\/uploads\/sites\/8\/2019\/05\/earth-people-300x151.png 300w, https:\/\/csl.org\/global\/wp-content\/uploads\/sites\/8\/2019\/05\/earth-people-400x201.png 400w, https:\/\/csl.org\/global\/wp-content\/uploads\/sites\/8\/2019\/05\/earth-people-540x272.png 540w, https:\/\/csl.org\/global\/wp-content\/uploads\/sites\/8\/2019\/05\/earth-people-600x302.png 600w, https:\/\/csl.org\/global\/wp-content\/uploads\/sites\/8\/2019\/05\/earth-people-768x386.png 768w, https:\/\/csl.org\/global\/wp-content\/uploads\/sites\/8\/2019\/05\/earth-people-800x403.png 800w, https:\/\/csl.org\/global\/wp-content\/uploads\/sites\/8\/2019\/05\/earth-people-1024x515.png 1024w, https:\/\/csl.org\/global\/wp-content\/uploads\/sites\/8\/2019\/05\/earth-people-1200x604.png 1200w, https:\/\/csl.org\/global\/wp-content\/uploads\/sites\/8\/2019\/05\/earth-people.png 1920w\" sizes=\"(max-width: 400px) 100vw, 400px\" \/><\/h2>\n<h2 style=\"text-align: center;\">Comunidades Membros<\/h2>\n<h2>Centros<\/h2>\n<p>&#8230;&#8230; s\u00e3o Comunidades Membros lideradas por ministros licenciados e podem oferecer uma gama completa de servi\u00e7os espirituais que incluem reuni\u00f5es dominicais, aulas de ensino e ofertas de workshops.<\/p>\n<h2>Cap\u00edtulos de Ensino<\/h2>\n<p>&#8230;. s\u00e3o dirigidas por um ministro licenciado ou por um praticante espiritual licenciado e realizam reuni\u00f5es semanais durante a semana, a menos que estejam fora dos EUA\/Canad\u00e1 e podem tamb\u00e9m realizar reuni\u00f5es aos domingos. O foco \u00e9 o ensino da Ci\u00eancia da Mente. S\u00e3o oferecidas aulas e workshops; a comunidade \u00e9 constru\u00edda, e \u00e0 medida que o cap\u00edtulo cresce em n\u00famero, eles podem mudar o seu estatuto para um Centro.<\/p>\n<h2>Minist\u00e9rios em foco<\/h2>\n<p>&#8230;.. s\u00e3o entidades membros, lideradas por um Ministro licenciado, com um foco espec\u00edfico destinado a trazer o ensino da Ci\u00eancia da Mente para o mundo de uma forma que ultrapassa as comunidades tradicionais.<\/p>\n<h2 style=\"text-align: center;\">Entidades n\u00e3o-membros<\/h2>\n<p style=\"text-align: center;\">(nota: grupos n\u00e3o membros podem apresentar peti\u00e7\u00f5es para se tornarem Entidades Membros)<\/p>\n<h2>Grupos de estudo<\/h2>\n<p>&#8230;.. s\u00e3o estabelecidos por indiv\u00edduos que foram aprovados pelos Centros para a Vida Espiritual e t\u00eam alguma forma\u00e7\u00e3o, conhecimento da Ci\u00eancia da Mente e est\u00e3o ansiosos por partilhar os seus conhecimentos com outros. Grupos de estudo re\u00fanem-se para ler, discutir e aprender num ambiente de grupo. Os grupos de estudo fora dos EUA\/Canad\u00e1 podem ser aprovados para realizar servi\u00e7os e dar aulas certificadas.<\/p>\n<p><img decoding=\"async\" class=\"alignnone size-full wp-image-2719\" src=\"http:\/\/csl.org\/wp-content\/uploads\/sites\/8\/2019\/05\/CSL-group2.jpg\" alt=\"\" width=\"417\" height=\"253\" srcset=\"https:\/\/csl.org\/global\/wp-content\/uploads\/sites\/8\/2019\/05\/CSL-group2-200x121.jpg 200w, https:\/\/csl.org\/global\/wp-content\/uploads\/sites\/8\/2019\/05\/CSL-group2-300x182.jpg 300w, https:\/\/csl.org\/global\/wp-content\/uploads\/sites\/8\/2019\/05\/CSL-group2-400x243.jpg 400w, https:\/\/csl.org\/global\/wp-content\/uploads\/sites\/8\/2019\/05\/CSL-group2.jpg 417w\" sizes=\"(max-width: 417px) 100vw, 417px\" \/><\/p>\n<h2>C\u00edrculos de Vida Espiritual<\/h2>\n<p>&#8230;um conceito simples! Convida-se um pequeno c\u00edrculo de amigos a juntarem-se para discutir as ideias sobre como viver uma vida espiritual, tal como descrito nas p\u00e1ginas da revista Science of Mind. Disponibilizamos-lhe material gratuito permanente atrav\u00e9s de correio electr\u00f3nico para apoiar as suas conversas! Para mais informa\u00e7\u00f5es, por favor visite <a href=\"https:\/\/csl.org\/en\/spiritual-community\/spiritual-living-circles\" target=\"_blank\" rel=\"noopener noreferrer\">aqui<\/a>.<\/p>\n<p><img decoding=\"async\" class=\"alignnone wp-image-2718\" src=\"http:\/\/csl.org\/wp-content\/uploads\/sites\/8\/2019\/05\/CSL-group1.jpg\" alt=\"\" width=\"413\" height=\"299\" srcset=\"https:\/\/csl.org\/global\/wp-content\/uploads\/sites\/8\/2019\/05\/CSL-group1-200x145.jpg 200w, https:\/\/csl.org\/global\/wp-content\/uploads\/sites\/8\/2019\/05\/CSL-group1-300x217.jpg 300w, https:\/\/csl.org\/global\/wp-content\/uploads\/sites\/8\/2019\/05\/CSL-group1-400x289.jpg 400w, https:\/\/csl.org\/global\/wp-content\/uploads\/sites\/8\/2019\/05\/CSL-group1.jpg 401w\" sizes=\"(max-width: 413px) 100vw, 413px\" \/><\/p>\n<p>Por favor note! Como os Centros para a Vida Espiritual continuam a trazer a Ci\u00eancia da Mente ao mundo, podem surgir no futuro novos tipos de comunidades para expandir os ensinamentos em todo o mundo.<\/p>\n<\/div><div class=\"fusion-clearfix\"><\/div><\/div><\/div><\/div><\/div><div class=\"fusion-bg-parallax\" data-bg-align=\"center center\" data-direction=\"left\" data-mute=\"false\" data-opacity=\"100\" data-velocity=\"-0.7\" data-mobile-enabled=\"true\" data-break_parents=\"0\" data-bg-image=\"http:\/\/csl.org\/wp-content\/uploads\/sites\/8\/2019\/05\/celebration-.jpg\" data-bg-repeat=\"false\" ><\/div><div class=\"fusion-fullwidth fullwidth-box fusion-builder-row-2 fusion-parallax-left gradient-container-2 nonhundred-percent-fullwidth non-hundred-percent-height-scrolling\" style=\"--awb-border-radius-top-left:0px;--awb-border-radius-top-right:0px;--awb-border-radius-bottom-right:0px;--awb-border-radius-bottom-left:0px;--awb-background-image:url(&quot;http:\/\/csl.org\/wp-content\/uploads\/sites\/8\/2019\/05\/celebration-.jpg&quot;);--awb-background-size:cover;--awb-flex-wrap:wrap;\" ><div class=\"fusion-builder-row fusion-row\"><div class=\"fusion-layout-column fusion_builder_column fusion-builder-column-1 fusion_builder_column_1_1 1_1 fusion-one-full fusion-column-first fusion-column-last\" style=\"--awb-padding-top:250px;--awb-padding-right:200px;--awb-padding-bottom:250px;--awb-padding-left:200px;--awb-bg-size:cover;\"><div class=\"fusion-column-wrapper fusion-column-has-shadow fusion-flex-column-wrapper-legacy\"><div class=\"fusion-clearfix\"><\/div><\/div><\/div><\/div><\/div><\/p>\n","protected":false},"excerpt":{"rendered":"","protected":false},"author":1,"featured_media":0,"parent":8346,"menu_order":81,"comment_status":"closed","ping_status":"closed","template":"100-width.php","meta":{"_exactmetrics_skip_tracking":false,"_exactmetrics_sitenote_active":false,"_exactmetrics_sitenote_note":"","_exactmetrics_sitenote_category":0,"footnotes":""},"categories":[127],"tags":[],"class_list":["post-8415","page","type-page","status-publish","hentry","category-comunidade"],"yoast_head":"<!-- This site is optimized with the Yoast SEO plugin v23.1 - https:\/\/yoast.com\/wordpress\/plugins\/seo\/ -->\n<title>Descri\u00e7\u00f5es de Comunidades e Grupos - Global Services - Centers for Spiritual Living<\/title>\n<meta name=\"robots\" content=\"index, follow, max-snippet:-1, max-image-preview:large, max-video-preview:-1\" \/>\n<link rel=\"canonical\" href=\"https:\/\/csl.org\/global\/pt-pt\/comunidade\/eventos-globais\/descricoes-de-comunidades-e-grupos\/\" \/>\n<meta property=\"og:locale\" content=\"en_US\" \/>\n<meta property=\"og:type\" content=\"article\" \/>\n<meta property=\"og:title\" content=\"Descri\u00e7\u00f5es de Comunidades e Grupos - Global Services - Centers for Spiritual Living\" \/>\n<meta property=\"og:url\" content=\"https:\/\/csl.org\/global\/pt-pt\/comunidade\/eventos-globais\/descricoes-de-comunidades-e-grupos\/\" \/>\n<meta property=\"og:site_name\" content=\"Global Services - Centers for Spiritual Living\" \/>\n<meta property=\"article:modified_time\" content=\"2020-08-20T10:48:48+00:00\" \/>\n<meta property=\"og:image\" content=\"http:\/\/csl.org\/wp-content\/uploads\/sites\/8\/2019\/05\/earth-people-400x201.png\" \/>\n<meta name=\"twitter:card\" content=\"summary_large_image\" \/>\n<meta name=\"twitter:label1\" content=\"Est. reading time\" \/>\n\t<meta name=\"twitter:data1\" content=\"5 minutes\" \/>\n<script type=\"application\/ld+json\" class=\"yoast-schema-graph\">{\"@context\":\"https:\/\/schema.org\",\"@graph\":[{\"@type\":\"WebPage\",\"@id\":\"https:\/\/csl.org\/global\/pt-pt\/comunidade\/eventos-globais\/descricoes-de-comunidades-e-grupos\/\",\"url\":\"https:\/\/csl.org\/global\/pt-pt\/comunidade\/eventos-globais\/descricoes-de-comunidades-e-grupos\/\",\"name\":\"Descri\u00e7\u00f5es de Comunidades e Grupos - Global Services - Centers for Spiritual Living\",\"isPartOf\":{\"@id\":\"https:\/\/csl.org\/global\/de\/#website\"},\"primaryImageOfPage\":{\"@id\":\"https:\/\/csl.org\/global\/pt-pt\/comunidade\/eventos-globais\/descricoes-de-comunidades-e-grupos\/#primaryimage\"},\"image\":{\"@id\":\"https:\/\/csl.org\/global\/pt-pt\/comunidade\/eventos-globais\/descricoes-de-comunidades-e-grupos\/#primaryimage\"},\"thumbnailUrl\":\"http:\/\/csl.org\/wp-content\/uploads\/sites\/8\/2019\/05\/earth-people-400x201.png\",\"datePublished\":\"2020-08-20T10:34:36+00:00\",\"dateModified\":\"2020-08-20T10:48:48+00:00\",\"breadcrumb\":{\"@id\":\"https:\/\/csl.org\/global\/pt-pt\/comunidade\/eventos-globais\/descricoes-de-comunidades-e-grupos\/#breadcrumb\"},\"inLanguage\":\"en-US\",\"potentialAction\":[{\"@type\":\"ReadAction\",\"target\":[\"https:\/\/csl.org\/global\/pt-pt\/comunidade\/eventos-globais\/descricoes-de-comunidades-e-grupos\/\"]}]},{\"@type\":\"ImageObject\",\"inLanguage\":\"en-US\",\"@id\":\"https:\/\/csl.org\/global\/pt-pt\/comunidade\/eventos-globais\/descricoes-de-comunidades-e-grupos\/#primaryimage\",\"url\":\"http:\/\/csl.org\/wp-content\/uploads\/sites\/8\/2019\/05\/earth-people-400x201.png\",\"contentUrl\":\"http:\/\/csl.org\/wp-content\/uploads\/sites\/8\/2019\/05\/earth-people-400x201.png\"},{\"@type\":\"BreadcrumbList\",\"@id\":\"https:\/\/csl.org\/global\/pt-pt\/comunidade\/eventos-globais\/descricoes-de-comunidades-e-grupos\/#breadcrumb\",\"itemListElement\":[{\"@type\":\"ListItem\",\"position\":1,\"name\":\"COMUNIDADE\",\"item\":\"https:\/\/csl.org\/global\/pt-pt\/comunidade\/\"},{\"@type\":\"ListItem\",\"position\":2,\"name\":\"Eventos Globais\",\"item\":\"https:\/\/csl.org\/global\/pt-pt\/comunidade\/eventos-globais\/\"},{\"@type\":\"ListItem\",\"position\":3,\"name\":\"Descri\u00e7\u00f5es de Comunidades e Grupos\"}]},{\"@type\":\"WebSite\",\"@id\":\"https:\/\/csl.org\/global\/de\/#website\",\"url\":\"https:\/\/csl.org\/global\/de\/\",\"name\":\"Global Services - Centers for Spiritual Living\",\"description\":\"\",\"potentialAction\":[{\"@type\":\"SearchAction\",\"target\":{\"@type\":\"EntryPoint\",\"urlTemplate\":\"https:\/\/csl.org\/global\/de\/?s={search_term_string}\"},\"query-input\":\"required name=search_term_string\"}],\"inLanguage\":\"en-US\"}]}<\/script>\n<!-- \/ Yoast SEO plugin. -->","yoast_head_json":{"title":"Descri\u00e7\u00f5es de Comunidades e Grupos - Global Services - Centers for Spiritual Living","robots":{"index":"index","follow":"follow","max-snippet":"max-snippet:-1","max-image-preview":"max-image-preview:large","max-video-preview":"max-video-preview:-1"},"canonical":"https:\/\/csl.org\/global\/pt-pt\/comunidade\/eventos-globais\/descricoes-de-comunidades-e-grupos\/","og_locale":"en_US","og_type":"article","og_title":"Descri\u00e7\u00f5es de Comunidades e Grupos - Global Services - Centers for Spiritual Living","og_url":"https:\/\/csl.org\/global\/pt-pt\/comunidade\/eventos-globais\/descricoes-de-comunidades-e-grupos\/","og_site_name":"Global Services - Centers for Spiritual Living","article_modified_time":"2020-08-20T10:48:48+00:00","og_image":[{"url":"http:\/\/csl.org\/wp-content\/uploads\/sites\/8\/2019\/05\/earth-people-400x201.png"}],"twitter_card":"summary_large_image","twitter_misc":{"Est. reading time":"5 minutes"},"schema":{"@context":"https:\/\/schema.org","@graph":[{"@type":"WebPage","@id":"https:\/\/csl.org\/global\/pt-pt\/comunidade\/eventos-globais\/descricoes-de-comunidades-e-grupos\/","url":"https:\/\/csl.org\/global\/pt-pt\/comunidade\/eventos-globais\/descricoes-de-comunidades-e-grupos\/","name":"Descri\u00e7\u00f5es de Comunidades e Grupos - Global Services - Centers for Spiritual Living","isPartOf":{"@id":"https:\/\/csl.org\/global\/de\/#website"},"primaryImageOfPage":{"@id":"https:\/\/csl.org\/global\/pt-pt\/comunidade\/eventos-globais\/descricoes-de-comunidades-e-grupos\/#primaryimage"},"image":{"@id":"https:\/\/csl.org\/global\/pt-pt\/comunidade\/eventos-globais\/descricoes-de-comunidades-e-grupos\/#primaryimage"},"thumbnailUrl":"http:\/\/csl.org\/wp-content\/uploads\/sites\/8\/2019\/05\/earth-people-400x201.png","datePublished":"2020-08-20T10:34:36+00:00","dateModified":"2020-08-20T10:48:48+00:00","breadcrumb":{"@id":"https:\/\/csl.org\/global\/pt-pt\/comunidade\/eventos-globais\/descricoes-de-comunidades-e-grupos\/#breadcrumb"},"inLanguage":"en-US","potentialAction":[{"@type":"ReadAction","target":["https:\/\/csl.org\/global\/pt-pt\/comunidade\/eventos-globais\/descricoes-de-comunidades-e-grupos\/"]}]},{"@type":"ImageObject","inLanguage":"en-US","@id":"https:\/\/csl.org\/global\/pt-pt\/comunidade\/eventos-globais\/descricoes-de-comunidades-e-grupos\/#primaryimage","url":"http:\/\/csl.org\/wp-content\/uploads\/sites\/8\/2019\/05\/earth-people-400x201.png","contentUrl":"http:\/\/csl.org\/wp-content\/uploads\/sites\/8\/2019\/05\/earth-people-400x201.png"},{"@type":"BreadcrumbList","@id":"https:\/\/csl.org\/global\/pt-pt\/comunidade\/eventos-globais\/descricoes-de-comunidades-e-grupos\/#breadcrumb","itemListElement":[{"@type":"ListItem","position":1,"name":"COMUNIDADE","item":"https:\/\/csl.org\/global\/pt-pt\/comunidade\/"},{"@type":"ListItem","position":2,"name":"Eventos Globais","item":"https:\/\/csl.org\/global\/pt-pt\/comunidade\/eventos-globais\/"},{"@type":"ListItem","position":3,"name":"Descri\u00e7\u00f5es de Comunidades e Grupos"}]},{"@type":"WebSite","@id":"https:\/\/csl.org\/global\/de\/#website","url":"https:\/\/csl.org\/global\/de\/","name":"Global Services - Centers for Spiritual Living","description":"","potentialAction":[{"@type":"SearchAction","target":{"@type":"EntryPoint","urlTemplate":"https:\/\/csl.org\/global\/de\/?s={search_term_string}"},"query-input":"required name=search_term_string"}],"inLanguage":"en-US"}]}},"_links":{"self":[{"href":"https:\/\/csl.org\/global\/wp-json\/wp\/v2\/pages\/8415"}],"collection":[{"href":"https:\/\/csl.org\/global\/wp-json\/wp\/v2\/pages"}],"about":[{"href":"https:\/\/csl.org\/global\/wp-json\/wp\/v2\/types\/page"}],"author":[{"embeddable":true,"href":"https:\/\/csl.org\/global\/wp-json\/wp\/v2\/users\/1"}],"replies":[{"embeddable":true,"href":"https:\/\/csl.org\/global\/wp-json\/wp\/v2\/comments?post=8415"}],"version-history":[{"count":9,"href":"https:\/\/csl.org\/global\/wp-json\/wp\/v2\/pages\/8415\/revisions"}],"predecessor-version":[{"id":8445,"href":"https:\/\/csl.org\/global\/wp-json\/wp\/v2\/pages\/8415\/revisions\/8445"}],"up":[{"embeddable":true,"href":"https:\/\/csl.org\/global\/wp-json\/wp\/v2\/pages\/8346"}],"wp:attachment":[{"href":"https:\/\/csl.org\/global\/wp-json\/wp\/v2\/media?parent=8415"}],"wp:term":[{"taxonomy":"category","embeddable":true,"href":"https:\/\/csl.org\/global\/wp-json\/wp\/v2\/categories?post=8415"},{"taxonomy":"post_tag","embeddable":true,"href":"https:\/\/csl.org\/global\/wp-json\/wp\/v2\/tags?post=8415"}],"curies":[{"name":"wp","href":"https:\/\/api.w.org\/{rel}","templated":true}]}}